{"id":35651,"date":"2024-05-31T10:30:03","date_gmt":"2024-05-31T10:30:03","guid":{"rendered":"https:\/\/easystar.ee\/toode\/calgodip-amadine-spray-20kg-udaradeso-piimahappe-baasil-kcaspray20\/"},"modified":"2025-10-30T01:45:00","modified_gmt":"2025-10-30T01:45:00","slug":"calgodip-amadine-spray-20kg-udaradeso-piimahappe-baasil-kcaspray20","status":"publish","type":"product","link":"https:\/\/easystar.ee\/ru\/toode\/calgodip-amadine-spray-20kg-udaradeso-piimahappe-baasil-kcaspray20\/","title":{"rendered":"Calgodip Amadine Spray 20kg udaradeso piimahappe baasil KCASPRAY20"},"content":{"rendered":"","protected":false},"excerpt":{"rendered":"<p>Calgodip Amadine Spray on uue p\u00f5lvkonna kasutusvalmis nisahoolduspreparaat kastmiseks ja pihustamiseks p\u00e4rast iga l\u00fcpsi. Calgodip Amadine Spray moodustab desinfitseeriva barj\u00e4\u00e4rikile nisa \u00fcmber, mis kaitseb udarat bakterite sissetungi eest. Calgodip Amadine Spray sisaldab nahka kaitsvaid komponente ja h\u00e4sti tasakaalustatud kogust bioloogilist piimhapet, mida iseloomustatakse kui eriti nahas\u00f5bralikku ja millel on samaaegselt suurep\u00e4rane desinfitseerimisv\u00f5ime. Kvaliteetsed hoolduskomponendid muudavad naha vastupidavaks ja elastseks. Calgodip Amadine Spray&#8217;d on testitud vastavalt Euroopa standardile EN 1656. Kanister 20kg T\u00fcnn 200kg IBC 1000kg<br \/>\n* Tagab udara tervise ja piima kvaliteedi<br \/>\n* Pihustatav<br \/>\n* Sobib ka l\u00fcpsirobotite jaoks<br \/>\n* Joodivaba<br \/>\npH 3,7<\/p>\n","protected":false},"featured_media":35640,"template":"","meta":{"_acf_changed":false},"product_brand":[],"product_cat":[1831,1867],"product_tag":[],"class_list":{"0":"post-35651","1":"product","2":"type-product","3":"status-publish","4":"has-post-thumbnail","6":"product_cat-himija","7":"product_cat-himija-dlja-fermerskih-hozjajstv","9":"first","10":"instock","11":"taxable","12":"shipping-taxable","13":"purchasable","14":"product-type-simple"},"acf":[],"yoast_head":"<!-- This site is optimized with the Yoast SEO plugin v27.3 - https:\/\/yoast.com\/product\/yoast-seo-wordpress\/ -->\n<title>Calgodip Amadine Spray 20kg udaradeso piimahappe baasil KCASPRAY20 &#8212; Easy Star O\u00dc<\/title>\n<meta name=\"robots\" content=\"index, follow, max-snippet:-1, max-image-preview:large, max-video-preview:-1\" \/>\n<link rel=\"canonical\" href=\"https:\/\/easystar.ee\/ru\/toode\/calgodip-amadine-spray-20kg-udaradeso-piimahappe-baasil-kcaspray20\/\" \/>\n<meta property=\"og:locale\" content=\"ru_RU\" \/>\n<meta property=\"og:type\" content=\"article\" \/>\n<meta property=\"og:title\" content=\"Calgodip Amadine Spray 20kg udaradeso piimahappe baasil KCASPRAY20 &#8212; Easy Star O\u00dc\" \/>\n<meta property=\"og:description\" content=\"Calgodip Amadine Spray on uue p\u00f5lvkonna kasutusvalmis nisahoolduspreparaat kastmiseks ja pihustamiseks p\u00e4rast iga l\u00fcpsi. Calgodip Amadine Spray moodustab desinfitseeriva barj\u00e4\u00e4rikile nisa \u00fcmber, mis kaitseb udarat bakterite sissetungi eest. Calgodip Amadine Spray sisaldab nahka kaitsvaid komponente ja h\u00e4sti tasakaalustatud kogust bioloogilist piimhapet, mida iseloomustatakse kui eriti nahas\u00f5bralikku ja millel on samaaegselt suurep\u00e4rane desinfitseerimisv\u00f5ime. Kvaliteetsed hoolduskomponendid muudavad naha vastupidavaks ja elastseks. Calgodip Amadine Spray&#039;d on testitud vastavalt Euroopa standardile EN 1656. Kanister 20kg T\u00fcnn 200kg IBC 1000kg * Tagab udara tervise ja piima kvaliteedi * Pihustatav * Sobib ka l\u00fcpsirobotite jaoks * Joodivaba pH 3,7\" \/>\n<meta property=\"og:url\" content=\"https:\/\/easystar.ee\/ru\/toode\/calgodip-amadine-spray-20kg-udaradeso-piimahappe-baasil-kcaspray20\/\" \/>\n<meta property=\"og:site_name\" content=\"Easy Star O\u00dc\" \/>\n<meta property=\"article:modified_time\" content=\"2025-10-30T01:45:00+00:00\" \/>\n<meta property=\"og:image\" content=\"https:\/\/easystar.ee\/wp-content\/uploads\/2024\/05\/102027.jpg\" \/>\n\t<meta property=\"og:image:width\" content=\"500\" \/>\n\t<meta property=\"og:image:height\" content=\"677\" \/>\n\t<meta property=\"og:image:type\" content=\"image\/jpeg\" \/>\n<meta name=\"twitter:card\" content=\"summary_large_image\" \/>\n<script type=\"application\/ld+json\" class=\"yoast-schema-graph\">{\"@context\":\"https:\\\/\\\/schema.org\",\"@graph\":[{\"@type\":\"WebPage\",\"@id\":\"https:\\\/\\\/easystar.ee\\\/ru\\\/toode\\\/calgodip-amadine-spray-20kg-udaradeso-piimahappe-baasil-kcaspray20\\\/\",\"url\":\"https:\\\/\\\/easystar.ee\\\/ru\\\/toode\\\/calgodip-amadine-spray-20kg-udaradeso-piimahappe-baasil-kcaspray20\\\/\",\"name\":\"Calgodip Amadine Spray 20kg udaradeso piimahappe baasil KCASPRAY20 &#8212; Easy Star O\u00dc\",\"isPartOf\":{\"@id\":\"https:\\\/\\\/easystar.ee\\\/#website\"},\"primaryImageOfPage\":{\"@id\":\"https:\\\/\\\/easystar.ee\\\/ru\\\/toode\\\/calgodip-amadine-spray-20kg-udaradeso-piimahappe-baasil-kcaspray20\\\/#primaryimage\"},\"image\":{\"@id\":\"https:\\\/\\\/easystar.ee\\\/ru\\\/toode\\\/calgodip-amadine-spray-20kg-udaradeso-piimahappe-baasil-kcaspray20\\\/#primaryimage\"},\"thumbnailUrl\":\"https:\\\/\\\/easystar.ee\\\/wp-content\\\/uploads\\\/2024\\\/05\\\/102027.jpg\",\"datePublished\":\"2024-05-31T10:30:03+00:00\",\"dateModified\":\"2025-10-30T01:45:00+00:00\",\"breadcrumb\":{\"@id\":\"https:\\\/\\\/easystar.ee\\\/ru\\\/toode\\\/calgodip-amadine-spray-20kg-udaradeso-piimahappe-baasil-kcaspray20\\\/#breadcrumb\"},\"inLanguage\":\"ru-RU\",\"potentialAction\":[{\"@type\":\"ReadAction\",\"target\":[\"https:\\\/\\\/easystar.ee\\\/ru\\\/toode\\\/calgodip-amadine-spray-20kg-udaradeso-piimahappe-baasil-kcaspray20\\\/\"]}]},{\"@type\":\"ImageObject\",\"inLanguage\":\"ru-RU\",\"@id\":\"https:\\\/\\\/easystar.ee\\\/ru\\\/toode\\\/calgodip-amadine-spray-20kg-udaradeso-piimahappe-baasil-kcaspray20\\\/#primaryimage\",\"url\":\"https:\\\/\\\/easystar.ee\\\/wp-content\\\/uploads\\\/2024\\\/05\\\/102027.jpg\",\"contentUrl\":\"https:\\\/\\\/easystar.ee\\\/wp-content\\\/uploads\\\/2024\\\/05\\\/102027.jpg\",\"width\":500,\"height\":677},{\"@type\":\"BreadcrumbList\",\"@id\":\"https:\\\/\\\/easystar.ee\\\/ru\\\/toode\\\/calgodip-amadine-spray-20kg-udaradeso-piimahappe-baasil-kcaspray20\\\/#breadcrumb\",\"itemListElement\":[{\"@type\":\"ListItem\",\"position\":1,\"name\":\"Home\",\"item\":\"https:\\\/\\\/easystar.ee\\\/ru\\\/\"},{\"@type\":\"ListItem\",\"position\":2,\"name\":\"\u0422\u043e\u0432\u0430\u0440\u044b\",\"item\":\"https:\\\/\\\/easystar.ee\\\/ru\\\/tovary\\\/\"},{\"@type\":\"ListItem\",\"position\":3,\"name\":\"Calgodip Amadine Spray 20kg udaradeso piimahappe baasil KCASPRAY20\"}]},{\"@type\":\"WebSite\",\"@id\":\"https:\\\/\\\/easystar.ee\\\/#website\",\"url\":\"https:\\\/\\\/easystar.ee\\\/\",\"name\":\"Easystar.ee\",\"description\":\"\",\"publisher\":{\"@id\":\"https:\\\/\\\/easystar.ee\\\/#organization\"},\"alternateName\":\"Keskkonnas\u00f5bralikud pehmepaberitooted teie kontorisse\",\"potentialAction\":[{\"@type\":\"SearchAction\",\"target\":{\"@type\":\"EntryPoint\",\"urlTemplate\":\"https:\\\/\\\/easystar.ee\\\/?s={search_term_string}\"},\"query-input\":{\"@type\":\"PropertyValueSpecification\",\"valueRequired\":true,\"valueName\":\"search_term_string\"}}],\"inLanguage\":\"ru-RU\"},{\"@type\":\"Organization\",\"@id\":\"https:\\\/\\\/easystar.ee\\\/#organization\",\"name\":\"Easy Star O\u00dc\",\"url\":\"https:\\\/\\\/easystar.ee\\\/\",\"logo\":{\"@type\":\"ImageObject\",\"inLanguage\":\"ru-RU\",\"@id\":\"https:\\\/\\\/easystar.ee\\\/#\\\/schema\\\/logo\\\/image\\\/\",\"url\":\"https:\\\/\\\/easystar.ee\\\/wp-content\\\/uploads\\\/2024\\\/03\\\/easystar-logo.svg\",\"contentUrl\":\"https:\\\/\\\/easystar.ee\\\/wp-content\\\/uploads\\\/2024\\\/03\\\/easystar-logo.svg\",\"width\":2000,\"height\":2000,\"caption\":\"Easy Star O\u00dc\"},\"image\":{\"@id\":\"https:\\\/\\\/easystar.ee\\\/#\\\/schema\\\/logo\\\/image\\\/\"}}]}<\/script>\n<!-- \/ Yoast SEO plugin. -->","yoast_head_json":{"title":"Calgodip Amadine Spray 20kg udaradeso piimahappe baasil KCASPRAY20 &#8212; Easy Star O\u00dc","robots":{"index":"index","follow":"follow","max-snippet":"max-snippet:-1","max-image-preview":"max-image-preview:large","max-video-preview":"max-video-preview:-1"},"canonical":"https:\/\/easystar.ee\/ru\/toode\/calgodip-amadine-spray-20kg-udaradeso-piimahappe-baasil-kcaspray20\/","og_locale":"ru_RU","og_type":"article","og_title":"Calgodip Amadine Spray 20kg udaradeso piimahappe baasil KCASPRAY20 &#8212; Easy Star O\u00dc","og_description":"Calgodip Amadine Spray on uue p\u00f5lvkonna kasutusvalmis nisahoolduspreparaat kastmiseks ja pihustamiseks p\u00e4rast iga l\u00fcpsi. Calgodip Amadine Spray moodustab desinfitseeriva barj\u00e4\u00e4rikile nisa \u00fcmber, mis kaitseb udarat bakterite sissetungi eest. Calgodip Amadine Spray sisaldab nahka kaitsvaid komponente ja h\u00e4sti tasakaalustatud kogust bioloogilist piimhapet, mida iseloomustatakse kui eriti nahas\u00f5bralikku ja millel on samaaegselt suurep\u00e4rane desinfitseerimisv\u00f5ime. Kvaliteetsed hoolduskomponendid muudavad naha vastupidavaks ja elastseks. Calgodip Amadine Spray'd on testitud vastavalt Euroopa standardile EN 1656. Kanister 20kg T\u00fcnn 200kg IBC 1000kg * Tagab udara tervise ja piima kvaliteedi * Pihustatav * Sobib ka l\u00fcpsirobotite jaoks * Joodivaba pH 3,7","og_url":"https:\/\/easystar.ee\/ru\/toode\/calgodip-amadine-spray-20kg-udaradeso-piimahappe-baasil-kcaspray20\/","og_site_name":"Easy Star O\u00dc","article_modified_time":"2025-10-30T01:45:00+00:00","og_image":[{"width":500,"height":677,"url":"https:\/\/easystar.ee\/wp-content\/uploads\/2024\/05\/102027.jpg","type":"image\/jpeg"}],"twitter_card":"summary_large_image","schema":{"@context":"https:\/\/schema.org","@graph":[{"@type":"WebPage","@id":"https:\/\/easystar.ee\/ru\/toode\/calgodip-amadine-spray-20kg-udaradeso-piimahappe-baasil-kcaspray20\/","url":"https:\/\/easystar.ee\/ru\/toode\/calgodip-amadine-spray-20kg-udaradeso-piimahappe-baasil-kcaspray20\/","name":"Calgodip Amadine Spray 20kg udaradeso piimahappe baasil KCASPRAY20 &#8212; Easy Star O\u00dc","isPartOf":{"@id":"https:\/\/easystar.ee\/#website"},"primaryImageOfPage":{"@id":"https:\/\/easystar.ee\/ru\/toode\/calgodip-amadine-spray-20kg-udaradeso-piimahappe-baasil-kcaspray20\/#primaryimage"},"image":{"@id":"https:\/\/easystar.ee\/ru\/toode\/calgodip-amadine-spray-20kg-udaradeso-piimahappe-baasil-kcaspray20\/#primaryimage"},"thumbnailUrl":"https:\/\/easystar.ee\/wp-content\/uploads\/2024\/05\/102027.jpg","datePublished":"2024-05-31T10:30:03+00:00","dateModified":"2025-10-30T01:45:00+00:00","breadcrumb":{"@id":"https:\/\/easystar.ee\/ru\/toode\/calgodip-amadine-spray-20kg-udaradeso-piimahappe-baasil-kcaspray20\/#breadcrumb"},"inLanguage":"ru-RU","potentialAction":[{"@type":"ReadAction","target":["https:\/\/easystar.ee\/ru\/toode\/calgodip-amadine-spray-20kg-udaradeso-piimahappe-baasil-kcaspray20\/"]}]},{"@type":"ImageObject","inLanguage":"ru-RU","@id":"https:\/\/easystar.ee\/ru\/toode\/calgodip-amadine-spray-20kg-udaradeso-piimahappe-baasil-kcaspray20\/#primaryimage","url":"https:\/\/easystar.ee\/wp-content\/uploads\/2024\/05\/102027.jpg","contentUrl":"https:\/\/easystar.ee\/wp-content\/uploads\/2024\/05\/102027.jpg","width":500,"height":677},{"@type":"BreadcrumbList","@id":"https:\/\/easystar.ee\/ru\/toode\/calgodip-amadine-spray-20kg-udaradeso-piimahappe-baasil-kcaspray20\/#breadcrumb","itemListElement":[{"@type":"ListItem","position":1,"name":"Home","item":"https:\/\/easystar.ee\/ru\/"},{"@type":"ListItem","position":2,"name":"\u0422\u043e\u0432\u0430\u0440\u044b","item":"https:\/\/easystar.ee\/ru\/tovary\/"},{"@type":"ListItem","position":3,"name":"Calgodip Amadine Spray 20kg udaradeso piimahappe baasil KCASPRAY20"}]},{"@type":"WebSite","@id":"https:\/\/easystar.ee\/#website","url":"https:\/\/easystar.ee\/","name":"Easystar.ee","description":"","publisher":{"@id":"https:\/\/easystar.ee\/#organization"},"alternateName":"Keskkonnas\u00f5bralikud pehmepaberitooted teie kontorisse","potentialAction":[{"@type":"SearchAction","target":{"@type":"EntryPoint","urlTemplate":"https:\/\/easystar.ee\/?s={search_term_string}"},"query-input":{"@type":"PropertyValueSpecification","valueRequired":true,"valueName":"search_term_string"}}],"inLanguage":"ru-RU"},{"@type":"Organization","@id":"https:\/\/easystar.ee\/#organization","name":"Easy Star O\u00dc","url":"https:\/\/easystar.ee\/","logo":{"@type":"ImageObject","inLanguage":"ru-RU","@id":"https:\/\/easystar.ee\/#\/schema\/logo\/image\/","url":"https:\/\/easystar.ee\/wp-content\/uploads\/2024\/03\/easystar-logo.svg","contentUrl":"https:\/\/easystar.ee\/wp-content\/uploads\/2024\/03\/easystar-logo.svg","width":2000,"height":2000,"caption":"Easy Star O\u00dc"},"image":{"@id":"https:\/\/easystar.ee\/#\/schema\/logo\/image\/"}}]}},"_links":{"self":[{"href":"https:\/\/easystar.ee\/ru\/wp-json\/wp\/v2\/product\/35651","targetHints":{"allow":["GET"]}}],"collection":[{"href":"https:\/\/easystar.ee\/ru\/wp-json\/wp\/v2\/product"}],"about":[{"href":"https:\/\/easystar.ee\/ru\/wp-json\/wp\/v2\/types\/product"}],"wp:featuredmedia":[{"embeddable":true,"href":"https:\/\/easystar.ee\/ru\/wp-json\/wp\/v2\/media\/35640"}],"wp:attachment":[{"href":"https:\/\/easystar.ee\/ru\/wp-json\/wp\/v2\/media?parent=35651"}],"wp:term":[{"taxonomy":"product_brand","embeddable":true,"href":"https:\/\/easystar.ee\/ru\/wp-json\/wp\/v2\/product_brand?post=35651"},{"taxonomy":"product_cat","embeddable":true,"href":"https:\/\/easystar.ee\/ru\/wp-json\/wp\/v2\/product_cat?post=35651"},{"taxonomy":"product_tag","embeddable":true,"href":"https:\/\/easystar.ee\/ru\/wp-json\/wp\/v2\/product_tag?post=35651"}],"curies":[{"name":"wp","href":"https:\/\/api.w.org\/{rel}","templated":true}]}}