{"id":35636,"date":"2024-05-31T10:29:54","date_gmt":"2024-05-31T10:29:54","guid":{"rendered":"https:\/\/easystar.ee\/toode\/tru-lit-va-star-5kg-rst-pindade-puhastus-ja-hooldusvahend-ktrulit5\/"},"modified":"2025-10-30T01:44:59","modified_gmt":"2025-10-30T01:44:59","slug":"tru-lit-va-star-43kg-rst-pindade-puhastus-ja-hooldusvahend-ktrulit5","status":"publish","type":"product","link":"https:\/\/easystar.ee\/ru\/toode\/tru-lit-va-star-43kg-rst-pindade-puhastus-ja-hooldusvahend-ktrulit5\/","title":{"rendered":"Tru-Lit VA Star 4,3kg RST pindade puhastus ja hooldusvahend KTRULIT5"},"content":{"rendered":"","protected":false},"excerpt":{"rendered":"<p>Tru-lit VA Star puhastab ja hooldab poleeritud pindu ja mis tahes roostevaba terast. Spetsiaalne rafineeritud valge\u00f5lide kombinatsioon k\u00f5rvaldab ja takistab nii s\u00f5rmej\u00e4lgede kui ka veeplekkide teket ning j\u00e4tab t\u00f6\u00f6deldud pindadele l\u00e4ikiva kaitsekile. Tru-lit VA Star on \u00f5huke kerega, lihtne k\u00e4sitseda ja t\u00f5hus. 1L kastis 12tk Kanister 5L (5kg)<br \/>\n* Moodustab sileda kaitsekile<br \/>\n* J\u00e4tab l\u00e4ikivad, punktideta pinnad<br \/>\n* \u00d6konoomne kasutamisel<br \/>\npH &#8212; neutral<\/p>\n","protected":false},"featured_media":38761,"template":"","meta":{"_acf_changed":false},"product_brand":[],"product_cat":[1831,1867],"product_tag":[],"class_list":{"0":"post-35636","1":"product","2":"type-product","3":"status-publish","4":"has-post-thumbnail","6":"product_cat-himija","7":"product_cat-himija-dlja-fermerskih-hozjajstv","9":"first","10":"onbackorder","11":"taxable","12":"shipping-taxable","13":"purchasable","14":"product-type-simple"},"acf":[],"yoast_head":"<!-- This site is optimized with the Yoast SEO plugin v27.5 - https:\/\/yoast.com\/product\/yoast-seo-wordpress\/ -->\n<title>Tru-Lit VA Star 4,3kg RST pindade puhastus ja hooldusvahend KTRULIT5 &#8212; Easy Star O\u00dc<\/title>\n<meta name=\"robots\" content=\"index, follow, max-snippet:-1, max-image-preview:large, max-video-preview:-1\" \/>\n<link rel=\"canonical\" href=\"https:\/\/easystar.ee\/ru\/toode\/tru-lit-va-star-43kg-rst-pindade-puhastus-ja-hooldusvahend-ktrulit5\/\" \/>\n<meta property=\"og:locale\" content=\"ru_RU\" \/>\n<meta property=\"og:type\" content=\"article\" \/>\n<meta property=\"og:title\" content=\"Tru-Lit VA Star 4,3kg RST pindade puhastus ja hooldusvahend KTRULIT5 &#8212; Easy Star O\u00dc\" \/>\n<meta property=\"og:description\" content=\"Tru-lit VA Star puhastab ja hooldab poleeritud pindu ja mis tahes roostevaba terast. Spetsiaalne rafineeritud valge\u00f5lide kombinatsioon k\u00f5rvaldab ja takistab nii s\u00f5rmej\u00e4lgede kui ka veeplekkide teket ning j\u00e4tab t\u00f6\u00f6deldud pindadele l\u00e4ikiva kaitsekile. Tru-lit VA Star on \u00f5huke kerega, lihtne k\u00e4sitseda ja t\u00f5hus. 1L kastis 12tk Kanister 5L (5kg) * Moodustab sileda kaitsekile * J\u00e4tab l\u00e4ikivad, punktideta pinnad * \u00d6konoomne kasutamisel pH - neutral\" \/>\n<meta property=\"og:url\" content=\"https:\/\/easystar.ee\/ru\/toode\/tru-lit-va-star-43kg-rst-pindade-puhastus-ja-hooldusvahend-ktrulit5\/\" \/>\n<meta property=\"og:site_name\" content=\"Easy Star O\u00dc\" \/>\n<meta property=\"article:modified_time\" content=\"2025-10-30T01:44:59+00:00\" \/>\n<meta property=\"og:image\" content=\"https:\/\/easystar.ee\/wp-content\/uploads\/2024\/06\/PastedGraphic-8.png\" \/>\n\t<meta property=\"og:image:width\" content=\"309\" \/>\n\t<meta property=\"og:image:height\" content=\"412\" \/>\n\t<meta property=\"og:image:type\" content=\"image\/png\" \/>\n<meta name=\"twitter:card\" content=\"summary_large_image\" \/>\n<script type=\"application\/ld+json\" class=\"yoast-schema-graph\">{\"@context\":\"https:\\\/\\\/schema.org\",\"@graph\":[{\"@type\":\"WebPage\",\"@id\":\"https:\\\/\\\/easystar.ee\\\/ru\\\/toode\\\/tru-lit-va-star-43kg-rst-pindade-puhastus-ja-hooldusvahend-ktrulit5\\\/\",\"url\":\"https:\\\/\\\/easystar.ee\\\/ru\\\/toode\\\/tru-lit-va-star-43kg-rst-pindade-puhastus-ja-hooldusvahend-ktrulit5\\\/\",\"name\":\"Tru-Lit VA Star 4,3kg RST pindade puhastus ja hooldusvahend KTRULIT5 &#8212; Easy Star O\u00dc\",\"isPartOf\":{\"@id\":\"https:\\\/\\\/easystar.ee\\\/#website\"},\"primaryImageOfPage\":{\"@id\":\"https:\\\/\\\/easystar.ee\\\/ru\\\/toode\\\/tru-lit-va-star-43kg-rst-pindade-puhastus-ja-hooldusvahend-ktrulit5\\\/#primaryimage\"},\"image\":{\"@id\":\"https:\\\/\\\/easystar.ee\\\/ru\\\/toode\\\/tru-lit-va-star-43kg-rst-pindade-puhastus-ja-hooldusvahend-ktrulit5\\\/#primaryimage\"},\"thumbnailUrl\":\"https:\\\/\\\/easystar.ee\\\/wp-content\\\/uploads\\\/2024\\\/06\\\/PastedGraphic-8.png\",\"datePublished\":\"2024-05-31T10:29:54+00:00\",\"dateModified\":\"2025-10-30T01:44:59+00:00\",\"breadcrumb\":{\"@id\":\"https:\\\/\\\/easystar.ee\\\/ru\\\/toode\\\/tru-lit-va-star-43kg-rst-pindade-puhastus-ja-hooldusvahend-ktrulit5\\\/#breadcrumb\"},\"inLanguage\":\"ru-RU\",\"potentialAction\":[{\"@type\":\"ReadAction\",\"target\":[\"https:\\\/\\\/easystar.ee\\\/ru\\\/toode\\\/tru-lit-va-star-43kg-rst-pindade-puhastus-ja-hooldusvahend-ktrulit5\\\/\"]}]},{\"@type\":\"ImageObject\",\"inLanguage\":\"ru-RU\",\"@id\":\"https:\\\/\\\/easystar.ee\\\/ru\\\/toode\\\/tru-lit-va-star-43kg-rst-pindade-puhastus-ja-hooldusvahend-ktrulit5\\\/#primaryimage\",\"url\":\"https:\\\/\\\/easystar.ee\\\/wp-content\\\/uploads\\\/2024\\\/06\\\/PastedGraphic-8.png\",\"contentUrl\":\"https:\\\/\\\/easystar.ee\\\/wp-content\\\/uploads\\\/2024\\\/06\\\/PastedGraphic-8.png\",\"width\":309,\"height\":412},{\"@type\":\"BreadcrumbList\",\"@id\":\"https:\\\/\\\/easystar.ee\\\/ru\\\/toode\\\/tru-lit-va-star-43kg-rst-pindade-puhastus-ja-hooldusvahend-ktrulit5\\\/#breadcrumb\",\"itemListElement\":[{\"@type\":\"ListItem\",\"position\":1,\"name\":\"Home\",\"item\":\"https:\\\/\\\/easystar.ee\\\/ru\\\/\"},{\"@type\":\"ListItem\",\"position\":2,\"name\":\"\u0422\u043e\u0432\u0430\u0440\u044b\",\"item\":\"https:\\\/\\\/easystar.ee\\\/ru\\\/tovary\\\/\"},{\"@type\":\"ListItem\",\"position\":3,\"name\":\"Tru-Lit VA Star 4,3kg RST pindade puhastus ja hooldusvahend KTRULIT5\"}]},{\"@type\":\"WebSite\",\"@id\":\"https:\\\/\\\/easystar.ee\\\/#website\",\"url\":\"https:\\\/\\\/easystar.ee\\\/\",\"name\":\"Easystar.ee\",\"description\":\"\",\"publisher\":{\"@id\":\"https:\\\/\\\/easystar.ee\\\/#organization\"},\"alternateName\":\"Keskkonnas\u00f5bralikud pehmepaberitooted teie kontorisse\",\"potentialAction\":[{\"@type\":\"SearchAction\",\"target\":{\"@type\":\"EntryPoint\",\"urlTemplate\":\"https:\\\/\\\/easystar.ee\\\/?s={search_term_string}\"},\"query-input\":{\"@type\":\"PropertyValueSpecification\",\"valueRequired\":true,\"valueName\":\"search_term_string\"}}],\"inLanguage\":\"ru-RU\"},{\"@type\":\"Organization\",\"@id\":\"https:\\\/\\\/easystar.ee\\\/#organization\",\"name\":\"Easy Star O\u00dc\",\"url\":\"https:\\\/\\\/easystar.ee\\\/\",\"logo\":{\"@type\":\"ImageObject\",\"inLanguage\":\"ru-RU\",\"@id\":\"https:\\\/\\\/easystar.ee\\\/#\\\/schema\\\/logo\\\/image\\\/\",\"url\":\"https:\\\/\\\/easystar.ee\\\/wp-content\\\/uploads\\\/2024\\\/03\\\/easystar-logo.svg\",\"contentUrl\":\"https:\\\/\\\/easystar.ee\\\/wp-content\\\/uploads\\\/2024\\\/03\\\/easystar-logo.svg\",\"width\":2000,\"height\":2000,\"caption\":\"Easy Star O\u00dc\"},\"image\":{\"@id\":\"https:\\\/\\\/easystar.ee\\\/#\\\/schema\\\/logo\\\/image\\\/\"}}]}<\/script>\n<!-- \/ Yoast SEO plugin. -->","yoast_head_json":{"title":"Tru-Lit VA Star 4,3kg RST pindade puhastus ja hooldusvahend KTRULIT5 &#8212; Easy Star O\u00dc","robots":{"index":"index","follow":"follow","max-snippet":"max-snippet:-1","max-image-preview":"max-image-preview:large","max-video-preview":"max-video-preview:-1"},"canonical":"https:\/\/easystar.ee\/ru\/toode\/tru-lit-va-star-43kg-rst-pindade-puhastus-ja-hooldusvahend-ktrulit5\/","og_locale":"ru_RU","og_type":"article","og_title":"Tru-Lit VA Star 4,3kg RST pindade puhastus ja hooldusvahend KTRULIT5 &#8212; Easy Star O\u00dc","og_description":"Tru-lit VA Star puhastab ja hooldab poleeritud pindu ja mis tahes roostevaba terast. Spetsiaalne rafineeritud valge\u00f5lide kombinatsioon k\u00f5rvaldab ja takistab nii s\u00f5rmej\u00e4lgede kui ka veeplekkide teket ning j\u00e4tab t\u00f6\u00f6deldud pindadele l\u00e4ikiva kaitsekile. Tru-lit VA Star on \u00f5huke kerega, lihtne k\u00e4sitseda ja t\u00f5hus. 1L kastis 12tk Kanister 5L (5kg) * Moodustab sileda kaitsekile * J\u00e4tab l\u00e4ikivad, punktideta pinnad * \u00d6konoomne kasutamisel pH - neutral","og_url":"https:\/\/easystar.ee\/ru\/toode\/tru-lit-va-star-43kg-rst-pindade-puhastus-ja-hooldusvahend-ktrulit5\/","og_site_name":"Easy Star O\u00dc","article_modified_time":"2025-10-30T01:44:59+00:00","og_image":[{"width":309,"height":412,"url":"https:\/\/easystar.ee\/wp-content\/uploads\/2024\/06\/PastedGraphic-8.png","type":"image\/png"}],"twitter_card":"summary_large_image","schema":{"@context":"https:\/\/schema.org","@graph":[{"@type":"WebPage","@id":"https:\/\/easystar.ee\/ru\/toode\/tru-lit-va-star-43kg-rst-pindade-puhastus-ja-hooldusvahend-ktrulit5\/","url":"https:\/\/easystar.ee\/ru\/toode\/tru-lit-va-star-43kg-rst-pindade-puhastus-ja-hooldusvahend-ktrulit5\/","name":"Tru-Lit VA Star 4,3kg RST pindade puhastus ja hooldusvahend KTRULIT5 &#8212; Easy Star O\u00dc","isPartOf":{"@id":"https:\/\/easystar.ee\/#website"},"primaryImageOfPage":{"@id":"https:\/\/easystar.ee\/ru\/toode\/tru-lit-va-star-43kg-rst-pindade-puhastus-ja-hooldusvahend-ktrulit5\/#primaryimage"},"image":{"@id":"https:\/\/easystar.ee\/ru\/toode\/tru-lit-va-star-43kg-rst-pindade-puhastus-ja-hooldusvahend-ktrulit5\/#primaryimage"},"thumbnailUrl":"https:\/\/easystar.ee\/wp-content\/uploads\/2024\/06\/PastedGraphic-8.png","datePublished":"2024-05-31T10:29:54+00:00","dateModified":"2025-10-30T01:44:59+00:00","breadcrumb":{"@id":"https:\/\/easystar.ee\/ru\/toode\/tru-lit-va-star-43kg-rst-pindade-puhastus-ja-hooldusvahend-ktrulit5\/#breadcrumb"},"inLanguage":"ru-RU","potentialAction":[{"@type":"ReadAction","target":["https:\/\/easystar.ee\/ru\/toode\/tru-lit-va-star-43kg-rst-pindade-puhastus-ja-hooldusvahend-ktrulit5\/"]}]},{"@type":"ImageObject","inLanguage":"ru-RU","@id":"https:\/\/easystar.ee\/ru\/toode\/tru-lit-va-star-43kg-rst-pindade-puhastus-ja-hooldusvahend-ktrulit5\/#primaryimage","url":"https:\/\/easystar.ee\/wp-content\/uploads\/2024\/06\/PastedGraphic-8.png","contentUrl":"https:\/\/easystar.ee\/wp-content\/uploads\/2024\/06\/PastedGraphic-8.png","width":309,"height":412},{"@type":"BreadcrumbList","@id":"https:\/\/easystar.ee\/ru\/toode\/tru-lit-va-star-43kg-rst-pindade-puhastus-ja-hooldusvahend-ktrulit5\/#breadcrumb","itemListElement":[{"@type":"ListItem","position":1,"name":"Home","item":"https:\/\/easystar.ee\/ru\/"},{"@type":"ListItem","position":2,"name":"\u0422\u043e\u0432\u0430\u0440\u044b","item":"https:\/\/easystar.ee\/ru\/tovary\/"},{"@type":"ListItem","position":3,"name":"Tru-Lit VA Star 4,3kg RST pindade puhastus ja hooldusvahend KTRULIT5"}]},{"@type":"WebSite","@id":"https:\/\/easystar.ee\/#website","url":"https:\/\/easystar.ee\/","name":"Easystar.ee","description":"","publisher":{"@id":"https:\/\/easystar.ee\/#organization"},"alternateName":"Keskkonnas\u00f5bralikud pehmepaberitooted teie kontorisse","potentialAction":[{"@type":"SearchAction","target":{"@type":"EntryPoint","urlTemplate":"https:\/\/easystar.ee\/?s={search_term_string}"},"query-input":{"@type":"PropertyValueSpecification","valueRequired":true,"valueName":"search_term_string"}}],"inLanguage":"ru-RU"},{"@type":"Organization","@id":"https:\/\/easystar.ee\/#organization","name":"Easy Star O\u00dc","url":"https:\/\/easystar.ee\/","logo":{"@type":"ImageObject","inLanguage":"ru-RU","@id":"https:\/\/easystar.ee\/#\/schema\/logo\/image\/","url":"https:\/\/easystar.ee\/wp-content\/uploads\/2024\/03\/easystar-logo.svg","contentUrl":"https:\/\/easystar.ee\/wp-content\/uploads\/2024\/03\/easystar-logo.svg","width":2000,"height":2000,"caption":"Easy Star O\u00dc"},"image":{"@id":"https:\/\/easystar.ee\/#\/schema\/logo\/image\/"}}]}},"_links":{"self":[{"href":"https:\/\/easystar.ee\/ru\/wp-json\/wp\/v2\/product\/35636","targetHints":{"allow":["GET"]}}],"collection":[{"href":"https:\/\/easystar.ee\/ru\/wp-json\/wp\/v2\/product"}],"about":[{"href":"https:\/\/easystar.ee\/ru\/wp-json\/wp\/v2\/types\/product"}],"wp:featuredmedia":[{"embeddable":true,"href":"https:\/\/easystar.ee\/ru\/wp-json\/wp\/v2\/media\/38761"}],"wp:attachment":[{"href":"https:\/\/easystar.ee\/ru\/wp-json\/wp\/v2\/media?parent=35636"}],"wp:term":[{"taxonomy":"product_brand","embeddable":true,"href":"https:\/\/easystar.ee\/ru\/wp-json\/wp\/v2\/product_brand?post=35636"},{"taxonomy":"product_cat","embeddable":true,"href":"https:\/\/easystar.ee\/ru\/wp-json\/wp\/v2\/product_cat?post=35636"},{"taxonomy":"product_tag","embeddable":true,"href":"https:\/\/easystar.ee\/ru\/wp-json\/wp\/v2\/product_tag?post=35636"}],"curies":[{"name":"wp","href":"https:\/\/api.w.org\/{rel}","templated":true}]}}