{"id":35350,"date":"2024-05-31T10:23:15","date_gmt":"2024-05-31T10:23:15","guid":{"rendered":"https:\/\/easystar.ee\/toode\/latekskindad-grip-puudrita-m-100tk-kt2675\/"},"modified":"2025-10-30T01:43:42","modified_gmt":"2025-10-30T01:43:42","slug":"latekskindad-grip-puudrita-m-100tk-kt2675","status":"publish","type":"product","link":"https:\/\/easystar.ee\/ru\/toode\/latekskindad-grip-puudrita-m-100tk-kt2675\/","title":{"rendered":"Latekskindad Grip puudrita M 100tk KT2675"},"content":{"rendered":"","protected":false},"excerpt":{"rendered":"<p>Struktureeritud s\u00f5rmeotsad -Sobivad kasutamiseks toiduainetet\u00f6\u00f6stuses ja meditsiinis -Kergemate lahustite- ja kemikaalidekindlad<br \/>\nNeed puudrita v\u00e4ga kvaliteetsed latekskindad on 24 cm pikad, rullitud servadega ja t\u00e4nu karestatud s\u00f5rmeotsadele on nendel suurep\u00e4rane haardumine. Kindad on rebimiskindlad, vastupidavad, elastsed ja k\u00e4es mugavad. Kummikindad sobivad kasutamiseks toiduainet\u00f6\u00f6stuses ja meditsiinis. Kaitsevad k\u00e4si kergemate lahuste ja kemikaalide eest. \u00dchekordsete isikukaitsevahendite sertifikaat, CAT III EN 374-4:2013 EN 374-5:2016 VIRUS EN 420:2003+A1:2009 EN ISO 374-1:2016 (Type B) \u00dchekordsete meditsiiniseadete sertifikaat, CAT I EN 455-1:2020 EN 455-2:2015+A1:2011 EN 455-3:2015 EN 455-4:2009 Toiduohutuse sertifikaat<\/p>\n","protected":false},"featured_media":35348,"template":"","meta":{"_acf_changed":false},"product_brand":[],"product_cat":[1950,1863],"product_tag":[],"class_list":{"0":"post-35350","1":"product","2":"type-product","3":"status-publish","4":"has-post-thumbnail","6":"product_cat-odnorazovye-perchatki","7":"product_cat-sredstva-individualnoj-zashhity-ik","9":"first","10":"instock","11":"taxable","12":"shipping-taxable","13":"purchasable","14":"product-type-simple"},"acf":[],"yoast_head":"<!-- This site is optimized with the Yoast SEO plugin v27.5 - https:\/\/yoast.com\/product\/yoast-seo-wordpress\/ -->\n<title>Latekskindad Grip puudrita M 100tk KT2675 &#8212; Easy Star O\u00dc<\/title>\n<meta name=\"robots\" content=\"index, follow, max-snippet:-1, max-image-preview:large, max-video-preview:-1\" \/>\n<link rel=\"canonical\" href=\"https:\/\/easystar.ee\/ru\/toode\/latekskindad-grip-puudrita-m-100tk-kt2675\/\" \/>\n<meta property=\"og:locale\" content=\"ru_RU\" \/>\n<meta property=\"og:type\" content=\"article\" \/>\n<meta property=\"og:title\" content=\"Latekskindad Grip puudrita M 100tk KT2675 &#8212; Easy Star O\u00dc\" \/>\n<meta property=\"og:description\" content=\"Struktureeritud s\u00f5rmeotsad -Sobivad kasutamiseks toiduainetet\u00f6\u00f6stuses ja meditsiinis -Kergemate lahustite- ja kemikaalidekindlad Need puudrita v\u00e4ga kvaliteetsed latekskindad on 24 cm pikad, rullitud servadega ja t\u00e4nu karestatud s\u00f5rmeotsadele on nendel suurep\u00e4rane haardumine. Kindad on rebimiskindlad, vastupidavad, elastsed ja k\u00e4es mugavad. Kummikindad sobivad kasutamiseks toiduainet\u00f6\u00f6stuses ja meditsiinis. Kaitsevad k\u00e4si kergemate lahuste ja kemikaalide eest. \u00dchekordsete isikukaitsevahendite sertifikaat, CAT III EN 374-4:2013 EN 374-5:2016 VIRUS EN 420:2003+A1:2009 EN ISO 374-1:2016 (Type B) \u00dchekordsete meditsiiniseadete sertifikaat, CAT I EN 455-1:2020 EN 455-2:2015+A1:2011 EN 455-3:2015 EN 455-4:2009 Toiduohutuse sertifikaat\" \/>\n<meta property=\"og:url\" content=\"https:\/\/easystar.ee\/ru\/toode\/latekskindad-grip-puudrita-m-100tk-kt2675\/\" \/>\n<meta property=\"og:site_name\" content=\"Easy Star O\u00dc\" \/>\n<meta property=\"article:modified_time\" content=\"2025-10-30T01:43:42+00:00\" \/>\n<meta property=\"og:image\" content=\"https:\/\/easystar.ee\/wp-content\/uploads\/2024\/05\/GRIPLIGHT__1__v1.jpg\" \/>\n\t<meta property=\"og:image:width\" content=\"480\" \/>\n\t<meta property=\"og:image:height\" content=\"480\" \/>\n\t<meta property=\"og:image:type\" content=\"image\/jpeg\" \/>\n<meta name=\"twitter:card\" content=\"summary_large_image\" \/>\n<script type=\"application\/ld+json\" class=\"yoast-schema-graph\">{\"@context\":\"https:\\\/\\\/schema.org\",\"@graph\":[{\"@type\":\"WebPage\",\"@id\":\"https:\\\/\\\/easystar.ee\\\/ru\\\/toode\\\/latekskindad-grip-puudrita-m-100tk-kt2675\\\/\",\"url\":\"https:\\\/\\\/easystar.ee\\\/ru\\\/toode\\\/latekskindad-grip-puudrita-m-100tk-kt2675\\\/\",\"name\":\"Latekskindad Grip puudrita M 100tk KT2675 &#8212; Easy Star O\u00dc\",\"isPartOf\":{\"@id\":\"https:\\\/\\\/easystar.ee\\\/#website\"},\"primaryImageOfPage\":{\"@id\":\"https:\\\/\\\/easystar.ee\\\/ru\\\/toode\\\/latekskindad-grip-puudrita-m-100tk-kt2675\\\/#primaryimage\"},\"image\":{\"@id\":\"https:\\\/\\\/easystar.ee\\\/ru\\\/toode\\\/latekskindad-grip-puudrita-m-100tk-kt2675\\\/#primaryimage\"},\"thumbnailUrl\":\"https:\\\/\\\/easystar.ee\\\/wp-content\\\/uploads\\\/2024\\\/05\\\/GRIPLIGHT__1__v1.jpg\",\"datePublished\":\"2024-05-31T10:23:15+00:00\",\"dateModified\":\"2025-10-30T01:43:42+00:00\",\"breadcrumb\":{\"@id\":\"https:\\\/\\\/easystar.ee\\\/ru\\\/toode\\\/latekskindad-grip-puudrita-m-100tk-kt2675\\\/#breadcrumb\"},\"inLanguage\":\"ru-RU\",\"potentialAction\":[{\"@type\":\"ReadAction\",\"target\":[\"https:\\\/\\\/easystar.ee\\\/ru\\\/toode\\\/latekskindad-grip-puudrita-m-100tk-kt2675\\\/\"]}]},{\"@type\":\"ImageObject\",\"inLanguage\":\"ru-RU\",\"@id\":\"https:\\\/\\\/easystar.ee\\\/ru\\\/toode\\\/latekskindad-grip-puudrita-m-100tk-kt2675\\\/#primaryimage\",\"url\":\"https:\\\/\\\/easystar.ee\\\/wp-content\\\/uploads\\\/2024\\\/05\\\/GRIPLIGHT__1__v1.jpg\",\"contentUrl\":\"https:\\\/\\\/easystar.ee\\\/wp-content\\\/uploads\\\/2024\\\/05\\\/GRIPLIGHT__1__v1.jpg\",\"width\":480,\"height\":480},{\"@type\":\"BreadcrumbList\",\"@id\":\"https:\\\/\\\/easystar.ee\\\/ru\\\/toode\\\/latekskindad-grip-puudrita-m-100tk-kt2675\\\/#breadcrumb\",\"itemListElement\":[{\"@type\":\"ListItem\",\"position\":1,\"name\":\"Home\",\"item\":\"https:\\\/\\\/easystar.ee\\\/ru\\\/\"},{\"@type\":\"ListItem\",\"position\":2,\"name\":\"\u0422\u043e\u0432\u0430\u0440\u044b\",\"item\":\"https:\\\/\\\/easystar.ee\\\/ru\\\/tovary\\\/\"},{\"@type\":\"ListItem\",\"position\":3,\"name\":\"Latekskindad Grip puudrita M 100tk KT2675\"}]},{\"@type\":\"WebSite\",\"@id\":\"https:\\\/\\\/easystar.ee\\\/#website\",\"url\":\"https:\\\/\\\/easystar.ee\\\/\",\"name\":\"Easystar.ee\",\"description\":\"\",\"publisher\":{\"@id\":\"https:\\\/\\\/easystar.ee\\\/#organization\"},\"alternateName\":\"Keskkonnas\u00f5bralikud pehmepaberitooted teie kontorisse\",\"potentialAction\":[{\"@type\":\"SearchAction\",\"target\":{\"@type\":\"EntryPoint\",\"urlTemplate\":\"https:\\\/\\\/easystar.ee\\\/?s={search_term_string}\"},\"query-input\":{\"@type\":\"PropertyValueSpecification\",\"valueRequired\":true,\"valueName\":\"search_term_string\"}}],\"inLanguage\":\"ru-RU\"},{\"@type\":\"Organization\",\"@id\":\"https:\\\/\\\/easystar.ee\\\/#organization\",\"name\":\"Easy Star O\u00dc\",\"url\":\"https:\\\/\\\/easystar.ee\\\/\",\"logo\":{\"@type\":\"ImageObject\",\"inLanguage\":\"ru-RU\",\"@id\":\"https:\\\/\\\/easystar.ee\\\/#\\\/schema\\\/logo\\\/image\\\/\",\"url\":\"https:\\\/\\\/easystar.ee\\\/wp-content\\\/uploads\\\/2024\\\/03\\\/easystar-logo.svg\",\"contentUrl\":\"https:\\\/\\\/easystar.ee\\\/wp-content\\\/uploads\\\/2024\\\/03\\\/easystar-logo.svg\",\"width\":2000,\"height\":2000,\"caption\":\"Easy Star O\u00dc\"},\"image\":{\"@id\":\"https:\\\/\\\/easystar.ee\\\/#\\\/schema\\\/logo\\\/image\\\/\"}}]}<\/script>\n<!-- \/ Yoast SEO plugin. -->","yoast_head_json":{"title":"Latekskindad Grip puudrita M 100tk KT2675 &#8212; Easy Star O\u00dc","robots":{"index":"index","follow":"follow","max-snippet":"max-snippet:-1","max-image-preview":"max-image-preview:large","max-video-preview":"max-video-preview:-1"},"canonical":"https:\/\/easystar.ee\/ru\/toode\/latekskindad-grip-puudrita-m-100tk-kt2675\/","og_locale":"ru_RU","og_type":"article","og_title":"Latekskindad Grip puudrita M 100tk KT2675 &#8212; Easy Star O\u00dc","og_description":"Struktureeritud s\u00f5rmeotsad -Sobivad kasutamiseks toiduainetet\u00f6\u00f6stuses ja meditsiinis -Kergemate lahustite- ja kemikaalidekindlad Need puudrita v\u00e4ga kvaliteetsed latekskindad on 24 cm pikad, rullitud servadega ja t\u00e4nu karestatud s\u00f5rmeotsadele on nendel suurep\u00e4rane haardumine. Kindad on rebimiskindlad, vastupidavad, elastsed ja k\u00e4es mugavad. Kummikindad sobivad kasutamiseks toiduainet\u00f6\u00f6stuses ja meditsiinis. Kaitsevad k\u00e4si kergemate lahuste ja kemikaalide eest. \u00dchekordsete isikukaitsevahendite sertifikaat, CAT III EN 374-4:2013 EN 374-5:2016 VIRUS EN 420:2003+A1:2009 EN ISO 374-1:2016 (Type B) \u00dchekordsete meditsiiniseadete sertifikaat, CAT I EN 455-1:2020 EN 455-2:2015+A1:2011 EN 455-3:2015 EN 455-4:2009 Toiduohutuse sertifikaat","og_url":"https:\/\/easystar.ee\/ru\/toode\/latekskindad-grip-puudrita-m-100tk-kt2675\/","og_site_name":"Easy Star O\u00dc","article_modified_time":"2025-10-30T01:43:42+00:00","og_image":[{"width":480,"height":480,"url":"https:\/\/easystar.ee\/wp-content\/uploads\/2024\/05\/GRIPLIGHT__1__v1.jpg","type":"image\/jpeg"}],"twitter_card":"summary_large_image","schema":{"@context":"https:\/\/schema.org","@graph":[{"@type":"WebPage","@id":"https:\/\/easystar.ee\/ru\/toode\/latekskindad-grip-puudrita-m-100tk-kt2675\/","url":"https:\/\/easystar.ee\/ru\/toode\/latekskindad-grip-puudrita-m-100tk-kt2675\/","name":"Latekskindad Grip puudrita M 100tk KT2675 &#8212; Easy Star O\u00dc","isPartOf":{"@id":"https:\/\/easystar.ee\/#website"},"primaryImageOfPage":{"@id":"https:\/\/easystar.ee\/ru\/toode\/latekskindad-grip-puudrita-m-100tk-kt2675\/#primaryimage"},"image":{"@id":"https:\/\/easystar.ee\/ru\/toode\/latekskindad-grip-puudrita-m-100tk-kt2675\/#primaryimage"},"thumbnailUrl":"https:\/\/easystar.ee\/wp-content\/uploads\/2024\/05\/GRIPLIGHT__1__v1.jpg","datePublished":"2024-05-31T10:23:15+00:00","dateModified":"2025-10-30T01:43:42+00:00","breadcrumb":{"@id":"https:\/\/easystar.ee\/ru\/toode\/latekskindad-grip-puudrita-m-100tk-kt2675\/#breadcrumb"},"inLanguage":"ru-RU","potentialAction":[{"@type":"ReadAction","target":["https:\/\/easystar.ee\/ru\/toode\/latekskindad-grip-puudrita-m-100tk-kt2675\/"]}]},{"@type":"ImageObject","inLanguage":"ru-RU","@id":"https:\/\/easystar.ee\/ru\/toode\/latekskindad-grip-puudrita-m-100tk-kt2675\/#primaryimage","url":"https:\/\/easystar.ee\/wp-content\/uploads\/2024\/05\/GRIPLIGHT__1__v1.jpg","contentUrl":"https:\/\/easystar.ee\/wp-content\/uploads\/2024\/05\/GRIPLIGHT__1__v1.jpg","width":480,"height":480},{"@type":"BreadcrumbList","@id":"https:\/\/easystar.ee\/ru\/toode\/latekskindad-grip-puudrita-m-100tk-kt2675\/#breadcrumb","itemListElement":[{"@type":"ListItem","position":1,"name":"Home","item":"https:\/\/easystar.ee\/ru\/"},{"@type":"ListItem","position":2,"name":"\u0422\u043e\u0432\u0430\u0440\u044b","item":"https:\/\/easystar.ee\/ru\/tovary\/"},{"@type":"ListItem","position":3,"name":"Latekskindad Grip puudrita M 100tk KT2675"}]},{"@type":"WebSite","@id":"https:\/\/easystar.ee\/#website","url":"https:\/\/easystar.ee\/","name":"Easystar.ee","description":"","publisher":{"@id":"https:\/\/easystar.ee\/#organization"},"alternateName":"Keskkonnas\u00f5bralikud pehmepaberitooted teie kontorisse","potentialAction":[{"@type":"SearchAction","target":{"@type":"EntryPoint","urlTemplate":"https:\/\/easystar.ee\/?s={search_term_string}"},"query-input":{"@type":"PropertyValueSpecification","valueRequired":true,"valueName":"search_term_string"}}],"inLanguage":"ru-RU"},{"@type":"Organization","@id":"https:\/\/easystar.ee\/#organization","name":"Easy Star O\u00dc","url":"https:\/\/easystar.ee\/","logo":{"@type":"ImageObject","inLanguage":"ru-RU","@id":"https:\/\/easystar.ee\/#\/schema\/logo\/image\/","url":"https:\/\/easystar.ee\/wp-content\/uploads\/2024\/03\/easystar-logo.svg","contentUrl":"https:\/\/easystar.ee\/wp-content\/uploads\/2024\/03\/easystar-logo.svg","width":2000,"height":2000,"caption":"Easy Star O\u00dc"},"image":{"@id":"https:\/\/easystar.ee\/#\/schema\/logo\/image\/"}}]}},"_links":{"self":[{"href":"https:\/\/easystar.ee\/ru\/wp-json\/wp\/v2\/product\/35350","targetHints":{"allow":["GET"]}}],"collection":[{"href":"https:\/\/easystar.ee\/ru\/wp-json\/wp\/v2\/product"}],"about":[{"href":"https:\/\/easystar.ee\/ru\/wp-json\/wp\/v2\/types\/product"}],"wp:featuredmedia":[{"embeddable":true,"href":"https:\/\/easystar.ee\/ru\/wp-json\/wp\/v2\/media\/35348"}],"wp:attachment":[{"href":"https:\/\/easystar.ee\/ru\/wp-json\/wp\/v2\/media?parent=35350"}],"wp:term":[{"taxonomy":"product_brand","embeddable":true,"href":"https:\/\/easystar.ee\/ru\/wp-json\/wp\/v2\/product_brand?post=35350"},{"taxonomy":"product_cat","embeddable":true,"href":"https:\/\/easystar.ee\/ru\/wp-json\/wp\/v2\/product_cat?post=35350"},{"taxonomy":"product_tag","embeddable":true,"href":"https:\/\/easystar.ee\/ru\/wp-json\/wp\/v2\/product_tag?post=35350"}],"curies":[{"name":"wp","href":"https:\/\/api.w.org\/{rel}","templated":true}]}}