{"id":35143,"date":"2024-05-31T10:21:01","date_gmt":"2024-05-31T10:21:01","guid":{"rendered":"https:\/\/easystar.ee\/toode\/tawip-vioclean-porandate-puhastus-ja-hooldus-1l-kd712484\/"},"modified":"2025-10-30T01:43:09","modified_gmt":"2025-10-30T01:43:09","slug":"tawip-vioclean-porandate-puhastus-ja-hooldus-1l-kd712484","status":"publish","type":"product","link":"https:\/\/easystar.ee\/ru\/toode\/tawip-vioclean-porandate-puhastus-ja-hooldus-1l-kd712484\/","title":{"rendered":"TAWIP Vioclean p\u00f5randate puhastus ja hooldus 1L KD712484"},"content":{"rendered":"","protected":false},"excerpt":{"rendered":"<p>&#171;Keskkonnas\u00f5bralik \u00fcli\u00f5rn hooldusvahend. Bioloogilisi ts\u00fckleid j\u00e4rgiv toode on ohutu inimestele ja puhastust\u00f6\u00f6tajatele. Koostisesse kuuluv looduslik kookosrasva seep kaitseb p\u00f5randaid kulutava m\u00f5ju eest ning j\u00e4tab neile antistaatilise kaitsekihi, mis v\u00e4hendab libisemisohtu vastavalt standardile DIN 18032-2. Sobib ideaalselt k\u00f5igi veekindlate p\u00f5randate mehaaniliseks ja k\u00e4sitsi hoolduspuhastuseks ruumides, kus on vajalik k\u00f5rgetasemeline p\u00f5randahooldus ja libisemiskindlus. Sobib ideaalselt kasutamiseks nii pol\u00fcvin\u00fc\u00fclkloriidist, linoleumist ja kivist p\u00f5randatel kui ka \u00f5litatud ja vahatatud puitp\u00f5randatel, n\u00e4iteks koolides, hooldekodudes, ametiasutustes ning spordisaalides. \u00c4ra kasuta lakkimata puitp\u00f5randatel. Ideaalne puhastusvahend suurtele pindadele, nt lennujaamad, metrood, kauplused,<br \/>\nsupermarketid, kaubanduskeskused v\u00f5i t\u00f6\u00f6riistapoed.&#187; pH 8<\/p>\n","protected":false},"featured_media":35135,"template":"","meta":{"_acf_changed":false},"product_brand":[],"product_cat":[1885,1831],"product_tag":[],"class_list":{"0":"post-35143","1":"product","2":"type-product","3":"status-publish","4":"has-post-thumbnail","6":"product_cat-himicheskie-sredstva-tana-bio","7":"product_cat-himija","9":"first","10":"instock","11":"taxable","12":"shipping-taxable","13":"purchasable","14":"product-type-simple"},"acf":[],"yoast_head":"<!-- This site is optimized with the Yoast SEO plugin v27.5 - https:\/\/yoast.com\/product\/yoast-seo-wordpress\/ -->\n<title>TAWIP Vioclean p\u00f5randate puhastus ja hooldus 1L KD712484 &#8212; Easy Star O\u00dc<\/title>\n<meta name=\"robots\" content=\"index, follow, max-snippet:-1, max-image-preview:large, max-video-preview:-1\" \/>\n<link rel=\"canonical\" href=\"https:\/\/easystar.ee\/ru\/toode\/tawip-vioclean-porandate-puhastus-ja-hooldus-1l-kd712484\/\" \/>\n<meta property=\"og:locale\" content=\"ru_RU\" \/>\n<meta property=\"og:type\" content=\"article\" \/>\n<meta property=\"og:title\" content=\"TAWIP Vioclean p\u00f5randate puhastus ja hooldus 1L KD712484 &#8212; Easy Star O\u00dc\" \/>\n<meta property=\"og:description\" content=\"&quot;Keskkonnas\u00f5bralik \u00fcli\u00f5rn hooldusvahend. Bioloogilisi ts\u00fckleid j\u00e4rgiv toode on ohutu inimestele ja puhastust\u00f6\u00f6tajatele. Koostisesse kuuluv looduslik kookosrasva seep kaitseb p\u00f5randaid kulutava m\u00f5ju eest ning j\u00e4tab neile antistaatilise kaitsekihi, mis v\u00e4hendab libisemisohtu vastavalt standardile DIN 18032-2. Sobib ideaalselt k\u00f5igi veekindlate p\u00f5randate mehaaniliseks ja k\u00e4sitsi hoolduspuhastuseks ruumides, kus on vajalik k\u00f5rgetasemeline p\u00f5randahooldus ja libisemiskindlus. Sobib ideaalselt kasutamiseks nii pol\u00fcvin\u00fc\u00fclkloriidist, linoleumist ja kivist p\u00f5randatel kui ka \u00f5litatud ja vahatatud puitp\u00f5randatel, n\u00e4iteks koolides, hooldekodudes, ametiasutustes ning spordisaalides. \u00c4ra kasuta lakkimata puitp\u00f5randatel. Ideaalne puhastusvahend suurtele pindadele, nt lennujaamad, metrood, kauplused, supermarketid, kaubanduskeskused v\u00f5i t\u00f6\u00f6riistapoed.&quot; pH 8\" \/>\n<meta property=\"og:url\" content=\"https:\/\/easystar.ee\/ru\/toode\/tawip-vioclean-porandate-puhastus-ja-hooldus-1l-kd712484\/\" \/>\n<meta property=\"og:site_name\" content=\"Easy Star O\u00dc\" \/>\n<meta property=\"article:modified_time\" content=\"2025-10-30T01:43:09+00:00\" \/>\n<meta property=\"og:image\" content=\"https:\/\/easystar.ee\/wp-content\/uploads\/2024\/05\/712484.png\" \/>\n\t<meta property=\"og:image:width\" content=\"243\" \/>\n\t<meta property=\"og:image:height\" content=\"300\" \/>\n\t<meta property=\"og:image:type\" content=\"image\/png\" \/>\n<meta name=\"twitter:card\" content=\"summary_large_image\" \/>\n<script type=\"application\/ld+json\" class=\"yoast-schema-graph\">{\"@context\":\"https:\\\/\\\/schema.org\",\"@graph\":[{\"@type\":\"WebPage\",\"@id\":\"https:\\\/\\\/easystar.ee\\\/ru\\\/toode\\\/tawip-vioclean-porandate-puhastus-ja-hooldus-1l-kd712484\\\/\",\"url\":\"https:\\\/\\\/easystar.ee\\\/ru\\\/toode\\\/tawip-vioclean-porandate-puhastus-ja-hooldus-1l-kd712484\\\/\",\"name\":\"TAWIP Vioclean p\u00f5randate puhastus ja hooldus 1L KD712484 &#8212; Easy Star O\u00dc\",\"isPartOf\":{\"@id\":\"https:\\\/\\\/easystar.ee\\\/#website\"},\"primaryImageOfPage\":{\"@id\":\"https:\\\/\\\/easystar.ee\\\/ru\\\/toode\\\/tawip-vioclean-porandate-puhastus-ja-hooldus-1l-kd712484\\\/#primaryimage\"},\"image\":{\"@id\":\"https:\\\/\\\/easystar.ee\\\/ru\\\/toode\\\/tawip-vioclean-porandate-puhastus-ja-hooldus-1l-kd712484\\\/#primaryimage\"},\"thumbnailUrl\":\"https:\\\/\\\/easystar.ee\\\/wp-content\\\/uploads\\\/2024\\\/05\\\/712484.png\",\"datePublished\":\"2024-05-31T10:21:01+00:00\",\"dateModified\":\"2025-10-30T01:43:09+00:00\",\"breadcrumb\":{\"@id\":\"https:\\\/\\\/easystar.ee\\\/ru\\\/toode\\\/tawip-vioclean-porandate-puhastus-ja-hooldus-1l-kd712484\\\/#breadcrumb\"},\"inLanguage\":\"ru-RU\",\"potentialAction\":[{\"@type\":\"ReadAction\",\"target\":[\"https:\\\/\\\/easystar.ee\\\/ru\\\/toode\\\/tawip-vioclean-porandate-puhastus-ja-hooldus-1l-kd712484\\\/\"]}]},{\"@type\":\"ImageObject\",\"inLanguage\":\"ru-RU\",\"@id\":\"https:\\\/\\\/easystar.ee\\\/ru\\\/toode\\\/tawip-vioclean-porandate-puhastus-ja-hooldus-1l-kd712484\\\/#primaryimage\",\"url\":\"https:\\\/\\\/easystar.ee\\\/wp-content\\\/uploads\\\/2024\\\/05\\\/712484.png\",\"contentUrl\":\"https:\\\/\\\/easystar.ee\\\/wp-content\\\/uploads\\\/2024\\\/05\\\/712484.png\",\"width\":243,\"height\":300},{\"@type\":\"BreadcrumbList\",\"@id\":\"https:\\\/\\\/easystar.ee\\\/ru\\\/toode\\\/tawip-vioclean-porandate-puhastus-ja-hooldus-1l-kd712484\\\/#breadcrumb\",\"itemListElement\":[{\"@type\":\"ListItem\",\"position\":1,\"name\":\"Home\",\"item\":\"https:\\\/\\\/easystar.ee\\\/ru\\\/\"},{\"@type\":\"ListItem\",\"position\":2,\"name\":\"\u0422\u043e\u0432\u0430\u0440\u044b\",\"item\":\"https:\\\/\\\/easystar.ee\\\/ru\\\/tovary\\\/\"},{\"@type\":\"ListItem\",\"position\":3,\"name\":\"TAWIP Vioclean p\u00f5randate puhastus ja hooldus 1L KD712484\"}]},{\"@type\":\"WebSite\",\"@id\":\"https:\\\/\\\/easystar.ee\\\/#website\",\"url\":\"https:\\\/\\\/easystar.ee\\\/\",\"name\":\"Easystar.ee\",\"description\":\"\",\"publisher\":{\"@id\":\"https:\\\/\\\/easystar.ee\\\/#organization\"},\"alternateName\":\"Keskkonnas\u00f5bralikud pehmepaberitooted teie kontorisse\",\"potentialAction\":[{\"@type\":\"SearchAction\",\"target\":{\"@type\":\"EntryPoint\",\"urlTemplate\":\"https:\\\/\\\/easystar.ee\\\/?s={search_term_string}\"},\"query-input\":{\"@type\":\"PropertyValueSpecification\",\"valueRequired\":true,\"valueName\":\"search_term_string\"}}],\"inLanguage\":\"ru-RU\"},{\"@type\":\"Organization\",\"@id\":\"https:\\\/\\\/easystar.ee\\\/#organization\",\"name\":\"Easy Star O\u00dc\",\"url\":\"https:\\\/\\\/easystar.ee\\\/\",\"logo\":{\"@type\":\"ImageObject\",\"inLanguage\":\"ru-RU\",\"@id\":\"https:\\\/\\\/easystar.ee\\\/#\\\/schema\\\/logo\\\/image\\\/\",\"url\":\"https:\\\/\\\/easystar.ee\\\/wp-content\\\/uploads\\\/2024\\\/03\\\/easystar-logo.svg\",\"contentUrl\":\"https:\\\/\\\/easystar.ee\\\/wp-content\\\/uploads\\\/2024\\\/03\\\/easystar-logo.svg\",\"width\":2000,\"height\":2000,\"caption\":\"Easy Star O\u00dc\"},\"image\":{\"@id\":\"https:\\\/\\\/easystar.ee\\\/#\\\/schema\\\/logo\\\/image\\\/\"}}]}<\/script>\n<!-- \/ Yoast SEO plugin. -->","yoast_head_json":{"title":"TAWIP Vioclean p\u00f5randate puhastus ja hooldus 1L KD712484 &#8212; Easy Star O\u00dc","robots":{"index":"index","follow":"follow","max-snippet":"max-snippet:-1","max-image-preview":"max-image-preview:large","max-video-preview":"max-video-preview:-1"},"canonical":"https:\/\/easystar.ee\/ru\/toode\/tawip-vioclean-porandate-puhastus-ja-hooldus-1l-kd712484\/","og_locale":"ru_RU","og_type":"article","og_title":"TAWIP Vioclean p\u00f5randate puhastus ja hooldus 1L KD712484 &#8212; Easy Star O\u00dc","og_description":"\"Keskkonnas\u00f5bralik \u00fcli\u00f5rn hooldusvahend. Bioloogilisi ts\u00fckleid j\u00e4rgiv toode on ohutu inimestele ja puhastust\u00f6\u00f6tajatele. Koostisesse kuuluv looduslik kookosrasva seep kaitseb p\u00f5randaid kulutava m\u00f5ju eest ning j\u00e4tab neile antistaatilise kaitsekihi, mis v\u00e4hendab libisemisohtu vastavalt standardile DIN 18032-2. Sobib ideaalselt k\u00f5igi veekindlate p\u00f5randate mehaaniliseks ja k\u00e4sitsi hoolduspuhastuseks ruumides, kus on vajalik k\u00f5rgetasemeline p\u00f5randahooldus ja libisemiskindlus. Sobib ideaalselt kasutamiseks nii pol\u00fcvin\u00fc\u00fclkloriidist, linoleumist ja kivist p\u00f5randatel kui ka \u00f5litatud ja vahatatud puitp\u00f5randatel, n\u00e4iteks koolides, hooldekodudes, ametiasutustes ning spordisaalides. \u00c4ra kasuta lakkimata puitp\u00f5randatel. Ideaalne puhastusvahend suurtele pindadele, nt lennujaamad, metrood, kauplused, supermarketid, kaubanduskeskused v\u00f5i t\u00f6\u00f6riistapoed.\" pH 8","og_url":"https:\/\/easystar.ee\/ru\/toode\/tawip-vioclean-porandate-puhastus-ja-hooldus-1l-kd712484\/","og_site_name":"Easy Star O\u00dc","article_modified_time":"2025-10-30T01:43:09+00:00","og_image":[{"width":243,"height":300,"url":"https:\/\/easystar.ee\/wp-content\/uploads\/2024\/05\/712484.png","type":"image\/png"}],"twitter_card":"summary_large_image","schema":{"@context":"https:\/\/schema.org","@graph":[{"@type":"WebPage","@id":"https:\/\/easystar.ee\/ru\/toode\/tawip-vioclean-porandate-puhastus-ja-hooldus-1l-kd712484\/","url":"https:\/\/easystar.ee\/ru\/toode\/tawip-vioclean-porandate-puhastus-ja-hooldus-1l-kd712484\/","name":"TAWIP Vioclean p\u00f5randate puhastus ja hooldus 1L KD712484 &#8212; Easy Star O\u00dc","isPartOf":{"@id":"https:\/\/easystar.ee\/#website"},"primaryImageOfPage":{"@id":"https:\/\/easystar.ee\/ru\/toode\/tawip-vioclean-porandate-puhastus-ja-hooldus-1l-kd712484\/#primaryimage"},"image":{"@id":"https:\/\/easystar.ee\/ru\/toode\/tawip-vioclean-porandate-puhastus-ja-hooldus-1l-kd712484\/#primaryimage"},"thumbnailUrl":"https:\/\/easystar.ee\/wp-content\/uploads\/2024\/05\/712484.png","datePublished":"2024-05-31T10:21:01+00:00","dateModified":"2025-10-30T01:43:09+00:00","breadcrumb":{"@id":"https:\/\/easystar.ee\/ru\/toode\/tawip-vioclean-porandate-puhastus-ja-hooldus-1l-kd712484\/#breadcrumb"},"inLanguage":"ru-RU","potentialAction":[{"@type":"ReadAction","target":["https:\/\/easystar.ee\/ru\/toode\/tawip-vioclean-porandate-puhastus-ja-hooldus-1l-kd712484\/"]}]},{"@type":"ImageObject","inLanguage":"ru-RU","@id":"https:\/\/easystar.ee\/ru\/toode\/tawip-vioclean-porandate-puhastus-ja-hooldus-1l-kd712484\/#primaryimage","url":"https:\/\/easystar.ee\/wp-content\/uploads\/2024\/05\/712484.png","contentUrl":"https:\/\/easystar.ee\/wp-content\/uploads\/2024\/05\/712484.png","width":243,"height":300},{"@type":"BreadcrumbList","@id":"https:\/\/easystar.ee\/ru\/toode\/tawip-vioclean-porandate-puhastus-ja-hooldus-1l-kd712484\/#breadcrumb","itemListElement":[{"@type":"ListItem","position":1,"name":"Home","item":"https:\/\/easystar.ee\/ru\/"},{"@type":"ListItem","position":2,"name":"\u0422\u043e\u0432\u0430\u0440\u044b","item":"https:\/\/easystar.ee\/ru\/tovary\/"},{"@type":"ListItem","position":3,"name":"TAWIP Vioclean p\u00f5randate puhastus ja hooldus 1L KD712484"}]},{"@type":"WebSite","@id":"https:\/\/easystar.ee\/#website","url":"https:\/\/easystar.ee\/","name":"Easystar.ee","description":"","publisher":{"@id":"https:\/\/easystar.ee\/#organization"},"alternateName":"Keskkonnas\u00f5bralikud pehmepaberitooted teie kontorisse","potentialAction":[{"@type":"SearchAction","target":{"@type":"EntryPoint","urlTemplate":"https:\/\/easystar.ee\/?s={search_term_string}"},"query-input":{"@type":"PropertyValueSpecification","valueRequired":true,"valueName":"search_term_string"}}],"inLanguage":"ru-RU"},{"@type":"Organization","@id":"https:\/\/easystar.ee\/#organization","name":"Easy Star O\u00dc","url":"https:\/\/easystar.ee\/","logo":{"@type":"ImageObject","inLanguage":"ru-RU","@id":"https:\/\/easystar.ee\/#\/schema\/logo\/image\/","url":"https:\/\/easystar.ee\/wp-content\/uploads\/2024\/03\/easystar-logo.svg","contentUrl":"https:\/\/easystar.ee\/wp-content\/uploads\/2024\/03\/easystar-logo.svg","width":2000,"height":2000,"caption":"Easy Star O\u00dc"},"image":{"@id":"https:\/\/easystar.ee\/#\/schema\/logo\/image\/"}}]}},"_links":{"self":[{"href":"https:\/\/easystar.ee\/ru\/wp-json\/wp\/v2\/product\/35143","targetHints":{"allow":["GET"]}}],"collection":[{"href":"https:\/\/easystar.ee\/ru\/wp-json\/wp\/v2\/product"}],"about":[{"href":"https:\/\/easystar.ee\/ru\/wp-json\/wp\/v2\/types\/product"}],"wp:featuredmedia":[{"embeddable":true,"href":"https:\/\/easystar.ee\/ru\/wp-json\/wp\/v2\/media\/35135"}],"wp:attachment":[{"href":"https:\/\/easystar.ee\/ru\/wp-json\/wp\/v2\/media?parent=35143"}],"wp:term":[{"taxonomy":"product_brand","embeddable":true,"href":"https:\/\/easystar.ee\/ru\/wp-json\/wp\/v2\/product_brand?post=35143"},{"taxonomy":"product_cat","embeddable":true,"href":"https:\/\/easystar.ee\/ru\/wp-json\/wp\/v2\/product_cat?post=35143"},{"taxonomy":"product_tag","embeddable":true,"href":"https:\/\/easystar.ee\/ru\/wp-json\/wp\/v2\/product_tag?post=35143"}],"curies":[{"name":"wp","href":"https:\/\/api.w.org\/{rel}","templated":true}]}}