{"id":35131,"date":"2024-05-31T10:20:56","date_gmt":"2024-05-31T10:20:56","guid":{"rendered":"https:\/\/easystar.ee\/toode\/tanex-az-70-tugev-universaalne-uldpuhastusvahend-5l-kd712871\/"},"modified":"2025-10-30T01:43:08","modified_gmt":"2025-10-30T01:43:08","slug":"tanex-az-70-tugev-universaalne-uldpuhastusvahend-5l-kd712871","status":"publish","type":"product","link":"https:\/\/easystar.ee\/ru\/toode\/tanex-az-70-tugev-universaalne-uldpuhastusvahend-5l-kd712871\/","title":{"rendered":"TANEX AZ 70 tugev, universaalne \u00fcldpuhastusvahend 5L KD712871"},"content":{"rendered":"","protected":false},"excerpt":{"rendered":"<p>TANEX AZ 70 eemaldab kiiresti ja usaldusv\u00e4\u00e4rselt igasuguse mustuse ning v\u00f5imaldab s\u00e4\u00e4sta aega ja raha. Selle suurep\u00e4rased \u00f5li ja rasva emulgeerivad omadused v\u00f5imaldavad saavutada head puhastusomadused ja veenvad tulemused. V\u00e4ga heade puhastusomadustega ka madalaimal kontsentratsioonil, mist\u00f5ttu on selle kasutamine soodne. Keskkonnas\u00f5bralik ja lahustivaba. Kasutamisel meeldiv ning tekitab p\u00e4rast kasutamist meeldiva v\u00e4rskustunde.<br \/>\nKasutusala: K\u00f5ik suured ruumid, kus h\u00fcgieen ja puhtus on suure t\u00e4htusega. Sobib ideaalselt ustele, klaasile ja plastpindadele, keraamilistele plaatidele, lakitud puidule, v\u00e4rvitud metallm\u00f6\u00f6blile jne. pH 11<\/p>\n","protected":false},"featured_media":35123,"template":"","meta":{"_acf_changed":false},"product_brand":[],"product_cat":[1885,1831],"product_tag":[],"class_list":{"0":"post-35131","1":"product","2":"type-product","3":"status-publish","4":"has-post-thumbnail","6":"product_cat-himicheskie-sredstva-tana-bio","7":"product_cat-himija","9":"first","10":"instock","11":"taxable","12":"shipping-taxable","13":"purchasable","14":"product-type-simple"},"acf":[],"yoast_head":"<!-- This site is optimized with the Yoast SEO plugin v27.5 - https:\/\/yoast.com\/product\/yoast-seo-wordpress\/ -->\n<title>TANEX AZ 70 tugev, universaalne \u00fcldpuhastusvahend 5L KD712871 &#8212; Easy Star O\u00dc<\/title>\n<meta name=\"robots\" content=\"index, follow, max-snippet:-1, max-image-preview:large, max-video-preview:-1\" \/>\n<link rel=\"canonical\" href=\"https:\/\/easystar.ee\/ru\/toode\/tanex-az-70-tugev-universaalne-uldpuhastusvahend-5l-kd712871\/\" \/>\n<meta property=\"og:locale\" content=\"ru_RU\" \/>\n<meta property=\"og:type\" content=\"article\" \/>\n<meta property=\"og:title\" content=\"TANEX AZ 70 tugev, universaalne \u00fcldpuhastusvahend 5L KD712871 &#8212; Easy Star O\u00dc\" \/>\n<meta property=\"og:description\" content=\"TANEX AZ 70 eemaldab kiiresti ja usaldusv\u00e4\u00e4rselt igasuguse mustuse ning v\u00f5imaldab s\u00e4\u00e4sta aega ja raha. Selle suurep\u00e4rased \u00f5li ja rasva emulgeerivad omadused v\u00f5imaldavad saavutada head puhastusomadused ja veenvad tulemused. V\u00e4ga heade puhastusomadustega ka madalaimal kontsentratsioonil, mist\u00f5ttu on selle kasutamine soodne. Keskkonnas\u00f5bralik ja lahustivaba. Kasutamisel meeldiv ning tekitab p\u00e4rast kasutamist meeldiva v\u00e4rskustunde. Kasutusala: K\u00f5ik suured ruumid, kus h\u00fcgieen ja puhtus on suure t\u00e4htusega. Sobib ideaalselt ustele, klaasile ja plastpindadele, keraamilistele plaatidele, lakitud puidule, v\u00e4rvitud metallm\u00f6\u00f6blile jne. pH 11\" \/>\n<meta property=\"og:url\" content=\"https:\/\/easystar.ee\/ru\/toode\/tanex-az-70-tugev-universaalne-uldpuhastusvahend-5l-kd712871\/\" \/>\n<meta property=\"og:site_name\" content=\"Easy Star O\u00dc\" \/>\n<meta property=\"article:modified_time\" content=\"2025-10-30T01:43:08+00:00\" \/>\n<meta property=\"og:image\" content=\"https:\/\/easystar.ee\/wp-content\/uploads\/2024\/05\/712871.png\" \/>\n\t<meta property=\"og:image:width\" content=\"243\" \/>\n\t<meta property=\"og:image:height\" content=\"300\" \/>\n\t<meta property=\"og:image:type\" content=\"image\/png\" \/>\n<meta name=\"twitter:card\" content=\"summary_large_image\" \/>\n<script type=\"application\/ld+json\" class=\"yoast-schema-graph\">{\"@context\":\"https:\\\/\\\/schema.org\",\"@graph\":[{\"@type\":\"WebPage\",\"@id\":\"https:\\\/\\\/easystar.ee\\\/ru\\\/toode\\\/tanex-az-70-tugev-universaalne-uldpuhastusvahend-5l-kd712871\\\/\",\"url\":\"https:\\\/\\\/easystar.ee\\\/ru\\\/toode\\\/tanex-az-70-tugev-universaalne-uldpuhastusvahend-5l-kd712871\\\/\",\"name\":\"TANEX AZ 70 tugev, universaalne \u00fcldpuhastusvahend 5L KD712871 &#8212; Easy Star O\u00dc\",\"isPartOf\":{\"@id\":\"https:\\\/\\\/easystar.ee\\\/#website\"},\"primaryImageOfPage\":{\"@id\":\"https:\\\/\\\/easystar.ee\\\/ru\\\/toode\\\/tanex-az-70-tugev-universaalne-uldpuhastusvahend-5l-kd712871\\\/#primaryimage\"},\"image\":{\"@id\":\"https:\\\/\\\/easystar.ee\\\/ru\\\/toode\\\/tanex-az-70-tugev-universaalne-uldpuhastusvahend-5l-kd712871\\\/#primaryimage\"},\"thumbnailUrl\":\"https:\\\/\\\/easystar.ee\\\/wp-content\\\/uploads\\\/2024\\\/05\\\/712871.png\",\"datePublished\":\"2024-05-31T10:20:56+00:00\",\"dateModified\":\"2025-10-30T01:43:08+00:00\",\"breadcrumb\":{\"@id\":\"https:\\\/\\\/easystar.ee\\\/ru\\\/toode\\\/tanex-az-70-tugev-universaalne-uldpuhastusvahend-5l-kd712871\\\/#breadcrumb\"},\"inLanguage\":\"ru-RU\",\"potentialAction\":[{\"@type\":\"ReadAction\",\"target\":[\"https:\\\/\\\/easystar.ee\\\/ru\\\/toode\\\/tanex-az-70-tugev-universaalne-uldpuhastusvahend-5l-kd712871\\\/\"]}]},{\"@type\":\"ImageObject\",\"inLanguage\":\"ru-RU\",\"@id\":\"https:\\\/\\\/easystar.ee\\\/ru\\\/toode\\\/tanex-az-70-tugev-universaalne-uldpuhastusvahend-5l-kd712871\\\/#primaryimage\",\"url\":\"https:\\\/\\\/easystar.ee\\\/wp-content\\\/uploads\\\/2024\\\/05\\\/712871.png\",\"contentUrl\":\"https:\\\/\\\/easystar.ee\\\/wp-content\\\/uploads\\\/2024\\\/05\\\/712871.png\",\"width\":243,\"height\":300},{\"@type\":\"BreadcrumbList\",\"@id\":\"https:\\\/\\\/easystar.ee\\\/ru\\\/toode\\\/tanex-az-70-tugev-universaalne-uldpuhastusvahend-5l-kd712871\\\/#breadcrumb\",\"itemListElement\":[{\"@type\":\"ListItem\",\"position\":1,\"name\":\"Home\",\"item\":\"https:\\\/\\\/easystar.ee\\\/ru\\\/\"},{\"@type\":\"ListItem\",\"position\":2,\"name\":\"\u0422\u043e\u0432\u0430\u0440\u044b\",\"item\":\"https:\\\/\\\/easystar.ee\\\/ru\\\/tovary\\\/\"},{\"@type\":\"ListItem\",\"position\":3,\"name\":\"TANEX AZ 70 tugev, universaalne \u00fcldpuhastusvahend 5L KD712871\"}]},{\"@type\":\"WebSite\",\"@id\":\"https:\\\/\\\/easystar.ee\\\/#website\",\"url\":\"https:\\\/\\\/easystar.ee\\\/\",\"name\":\"Easystar.ee\",\"description\":\"\",\"publisher\":{\"@id\":\"https:\\\/\\\/easystar.ee\\\/#organization\"},\"alternateName\":\"Keskkonnas\u00f5bralikud pehmepaberitooted teie kontorisse\",\"potentialAction\":[{\"@type\":\"SearchAction\",\"target\":{\"@type\":\"EntryPoint\",\"urlTemplate\":\"https:\\\/\\\/easystar.ee\\\/?s={search_term_string}\"},\"query-input\":{\"@type\":\"PropertyValueSpecification\",\"valueRequired\":true,\"valueName\":\"search_term_string\"}}],\"inLanguage\":\"ru-RU\"},{\"@type\":\"Organization\",\"@id\":\"https:\\\/\\\/easystar.ee\\\/#organization\",\"name\":\"Easy Star O\u00dc\",\"url\":\"https:\\\/\\\/easystar.ee\\\/\",\"logo\":{\"@type\":\"ImageObject\",\"inLanguage\":\"ru-RU\",\"@id\":\"https:\\\/\\\/easystar.ee\\\/#\\\/schema\\\/logo\\\/image\\\/\",\"url\":\"https:\\\/\\\/easystar.ee\\\/wp-content\\\/uploads\\\/2024\\\/03\\\/easystar-logo.svg\",\"contentUrl\":\"https:\\\/\\\/easystar.ee\\\/wp-content\\\/uploads\\\/2024\\\/03\\\/easystar-logo.svg\",\"width\":2000,\"height\":2000,\"caption\":\"Easy Star O\u00dc\"},\"image\":{\"@id\":\"https:\\\/\\\/easystar.ee\\\/#\\\/schema\\\/logo\\\/image\\\/\"}}]}<\/script>\n<!-- \/ Yoast SEO plugin. -->","yoast_head_json":{"title":"TANEX AZ 70 tugev, universaalne \u00fcldpuhastusvahend 5L KD712871 &#8212; Easy Star O\u00dc","robots":{"index":"index","follow":"follow","max-snippet":"max-snippet:-1","max-image-preview":"max-image-preview:large","max-video-preview":"max-video-preview:-1"},"canonical":"https:\/\/easystar.ee\/ru\/toode\/tanex-az-70-tugev-universaalne-uldpuhastusvahend-5l-kd712871\/","og_locale":"ru_RU","og_type":"article","og_title":"TANEX AZ 70 tugev, universaalne \u00fcldpuhastusvahend 5L KD712871 &#8212; Easy Star O\u00dc","og_description":"TANEX AZ 70 eemaldab kiiresti ja usaldusv\u00e4\u00e4rselt igasuguse mustuse ning v\u00f5imaldab s\u00e4\u00e4sta aega ja raha. Selle suurep\u00e4rased \u00f5li ja rasva emulgeerivad omadused v\u00f5imaldavad saavutada head puhastusomadused ja veenvad tulemused. V\u00e4ga heade puhastusomadustega ka madalaimal kontsentratsioonil, mist\u00f5ttu on selle kasutamine soodne. Keskkonnas\u00f5bralik ja lahustivaba. Kasutamisel meeldiv ning tekitab p\u00e4rast kasutamist meeldiva v\u00e4rskustunde. Kasutusala: K\u00f5ik suured ruumid, kus h\u00fcgieen ja puhtus on suure t\u00e4htusega. Sobib ideaalselt ustele, klaasile ja plastpindadele, keraamilistele plaatidele, lakitud puidule, v\u00e4rvitud metallm\u00f6\u00f6blile jne. pH 11","og_url":"https:\/\/easystar.ee\/ru\/toode\/tanex-az-70-tugev-universaalne-uldpuhastusvahend-5l-kd712871\/","og_site_name":"Easy Star O\u00dc","article_modified_time":"2025-10-30T01:43:08+00:00","og_image":[{"width":243,"height":300,"url":"https:\/\/easystar.ee\/wp-content\/uploads\/2024\/05\/712871.png","type":"image\/png"}],"twitter_card":"summary_large_image","schema":{"@context":"https:\/\/schema.org","@graph":[{"@type":"WebPage","@id":"https:\/\/easystar.ee\/ru\/toode\/tanex-az-70-tugev-universaalne-uldpuhastusvahend-5l-kd712871\/","url":"https:\/\/easystar.ee\/ru\/toode\/tanex-az-70-tugev-universaalne-uldpuhastusvahend-5l-kd712871\/","name":"TANEX AZ 70 tugev, universaalne \u00fcldpuhastusvahend 5L KD712871 &#8212; Easy Star O\u00dc","isPartOf":{"@id":"https:\/\/easystar.ee\/#website"},"primaryImageOfPage":{"@id":"https:\/\/easystar.ee\/ru\/toode\/tanex-az-70-tugev-universaalne-uldpuhastusvahend-5l-kd712871\/#primaryimage"},"image":{"@id":"https:\/\/easystar.ee\/ru\/toode\/tanex-az-70-tugev-universaalne-uldpuhastusvahend-5l-kd712871\/#primaryimage"},"thumbnailUrl":"https:\/\/easystar.ee\/wp-content\/uploads\/2024\/05\/712871.png","datePublished":"2024-05-31T10:20:56+00:00","dateModified":"2025-10-30T01:43:08+00:00","breadcrumb":{"@id":"https:\/\/easystar.ee\/ru\/toode\/tanex-az-70-tugev-universaalne-uldpuhastusvahend-5l-kd712871\/#breadcrumb"},"inLanguage":"ru-RU","potentialAction":[{"@type":"ReadAction","target":["https:\/\/easystar.ee\/ru\/toode\/tanex-az-70-tugev-universaalne-uldpuhastusvahend-5l-kd712871\/"]}]},{"@type":"ImageObject","inLanguage":"ru-RU","@id":"https:\/\/easystar.ee\/ru\/toode\/tanex-az-70-tugev-universaalne-uldpuhastusvahend-5l-kd712871\/#primaryimage","url":"https:\/\/easystar.ee\/wp-content\/uploads\/2024\/05\/712871.png","contentUrl":"https:\/\/easystar.ee\/wp-content\/uploads\/2024\/05\/712871.png","width":243,"height":300},{"@type":"BreadcrumbList","@id":"https:\/\/easystar.ee\/ru\/toode\/tanex-az-70-tugev-universaalne-uldpuhastusvahend-5l-kd712871\/#breadcrumb","itemListElement":[{"@type":"ListItem","position":1,"name":"Home","item":"https:\/\/easystar.ee\/ru\/"},{"@type":"ListItem","position":2,"name":"\u0422\u043e\u0432\u0430\u0440\u044b","item":"https:\/\/easystar.ee\/ru\/tovary\/"},{"@type":"ListItem","position":3,"name":"TANEX AZ 70 tugev, universaalne \u00fcldpuhastusvahend 5L KD712871"}]},{"@type":"WebSite","@id":"https:\/\/easystar.ee\/#website","url":"https:\/\/easystar.ee\/","name":"Easystar.ee","description":"","publisher":{"@id":"https:\/\/easystar.ee\/#organization"},"alternateName":"Keskkonnas\u00f5bralikud pehmepaberitooted teie kontorisse","potentialAction":[{"@type":"SearchAction","target":{"@type":"EntryPoint","urlTemplate":"https:\/\/easystar.ee\/?s={search_term_string}"},"query-input":{"@type":"PropertyValueSpecification","valueRequired":true,"valueName":"search_term_string"}}],"inLanguage":"ru-RU"},{"@type":"Organization","@id":"https:\/\/easystar.ee\/#organization","name":"Easy Star O\u00dc","url":"https:\/\/easystar.ee\/","logo":{"@type":"ImageObject","inLanguage":"ru-RU","@id":"https:\/\/easystar.ee\/#\/schema\/logo\/image\/","url":"https:\/\/easystar.ee\/wp-content\/uploads\/2024\/03\/easystar-logo.svg","contentUrl":"https:\/\/easystar.ee\/wp-content\/uploads\/2024\/03\/easystar-logo.svg","width":2000,"height":2000,"caption":"Easy Star O\u00dc"},"image":{"@id":"https:\/\/easystar.ee\/#\/schema\/logo\/image\/"}}]}},"_links":{"self":[{"href":"https:\/\/easystar.ee\/ru\/wp-json\/wp\/v2\/product\/35131","targetHints":{"allow":["GET"]}}],"collection":[{"href":"https:\/\/easystar.ee\/ru\/wp-json\/wp\/v2\/product"}],"about":[{"href":"https:\/\/easystar.ee\/ru\/wp-json\/wp\/v2\/types\/product"}],"wp:featuredmedia":[{"embeddable":true,"href":"https:\/\/easystar.ee\/ru\/wp-json\/wp\/v2\/media\/35123"}],"wp:attachment":[{"href":"https:\/\/easystar.ee\/ru\/wp-json\/wp\/v2\/media?parent=35131"}],"wp:term":[{"taxonomy":"product_brand","embeddable":true,"href":"https:\/\/easystar.ee\/ru\/wp-json\/wp\/v2\/product_brand?post=35131"},{"taxonomy":"product_cat","embeddable":true,"href":"https:\/\/easystar.ee\/ru\/wp-json\/wp\/v2\/product_cat?post=35131"},{"taxonomy":"product_tag","embeddable":true,"href":"https:\/\/easystar.ee\/ru\/wp-json\/wp\/v2\/product_tag?post=35131"}],"curies":[{"name":"wp","href":"https:\/\/api.w.org\/{rel}","templated":true}]}}