{"id":35026,"date":"2024-05-31T10:20:26","date_gmt":"2024-05-31T10:20:26","guid":{"rendered":"https:\/\/easystar.ee\/toode\/nailonsormik-pu-kattega-peopesa-valge-nr-7-s-ktkk33-7\/"},"modified":"2025-10-30T01:42:42","modified_gmt":"2025-10-30T01:42:42","slug":"nailonsormik-pu-kattega-peopesa-valge-nr-7-s-ktkk33-7","status":"publish","type":"product","link":"https:\/\/easystar.ee\/ru\/toode\/nailonsormik-pu-kattega-peopesa-valge-nr-7-s-ktkk33-7\/","title":{"rendered":"Nailons\u00f5rmik PU kattega peopesa valge nr 7\/S KTKK33-7"},"content":{"rendered":"","protected":false},"excerpt":{"rendered":"<p>-Materjal: pol\u00fcester, peopesa PU -Randmeosa kootud -Sobilikud kasutamiseks toiduainetet\u00f6\u00f6stuses<br \/>\nElastsed montaa\u017ei\/peenmehaanikat\u00f6\u00f6de kootud pol\u00fcestrist t\u00f6\u00f6kindad, peopesa ja s\u00f5rmeotsad kaetud pol\u00fcuretaaniga, mis tagavad hea haarde ja kaitsevad mehhaanilise kulumise eest. \u00d5mblusteta t\u00f6\u00f6kindad, tagavad hea s\u00f5rmeotste tundlikkuse. Katmata k\u00e4eselg tagab k\u00e4te hingamise ja mugavuse; Kindad on sobilikud kasutamiseks toiduainet\u00f6\u00f6stuses. Pakis 12 paari, kastis 240 paari. CE-m\u00e4rgis CAT II Toiduohutuse sertifikaat EN388: 3131X<\/p>\n","protected":false},"featured_media":35024,"template":"","meta":{"_acf_changed":false},"product_brand":[],"product_cat":[1864,1863],"product_tag":[],"class_list":{"0":"post-35026","1":"product","2":"type-product","3":"status-publish","4":"has-post-thumbnail","6":"product_cat-perchatki","7":"product_cat-sredstva-individualnoj-zashhity-ik","9":"first","10":"instock","11":"taxable","12":"shipping-taxable","13":"purchasable","14":"product-type-simple"},"acf":[],"yoast_head":"<!-- This site is optimized with the Yoast SEO plugin v27.5 - https:\/\/yoast.com\/product\/yoast-seo-wordpress\/ -->\n<title>Nailons\u00f5rmik PU kattega peopesa valge nr 7\/S KTKK33-7 &#8212; Easy Star O\u00dc<\/title>\n<meta name=\"robots\" content=\"index, follow, max-snippet:-1, max-image-preview:large, max-video-preview:-1\" \/>\n<link rel=\"canonical\" href=\"https:\/\/easystar.ee\/ru\/toode\/nailonsormik-pu-kattega-peopesa-valge-nr-7-s-ktkk33-7\/\" \/>\n<meta property=\"og:locale\" content=\"ru_RU\" \/>\n<meta property=\"og:type\" content=\"article\" \/>\n<meta property=\"og:title\" content=\"Nailons\u00f5rmik PU kattega peopesa valge nr 7\/S KTKK33-7 &#8212; Easy Star O\u00dc\" \/>\n<meta property=\"og:description\" content=\"-Materjal: pol\u00fcester, peopesa PU -Randmeosa kootud -Sobilikud kasutamiseks toiduainetet\u00f6\u00f6stuses Elastsed montaa\u017ei\/peenmehaanikat\u00f6\u00f6de kootud pol\u00fcestrist t\u00f6\u00f6kindad, peopesa ja s\u00f5rmeotsad kaetud pol\u00fcuretaaniga, mis tagavad hea haarde ja kaitsevad mehhaanilise kulumise eest. \u00d5mblusteta t\u00f6\u00f6kindad, tagavad hea s\u00f5rmeotste tundlikkuse. Katmata k\u00e4eselg tagab k\u00e4te hingamise ja mugavuse; Kindad on sobilikud kasutamiseks toiduainet\u00f6\u00f6stuses. Pakis 12 paari, kastis 240 paari. CE-m\u00e4rgis CAT II Toiduohutuse sertifikaat EN388: 3131X\" \/>\n<meta property=\"og:url\" content=\"https:\/\/easystar.ee\/ru\/toode\/nailonsormik-pu-kattega-peopesa-valge-nr-7-s-ktkk33-7\/\" \/>\n<meta property=\"og:site_name\" content=\"Easy Star O\u00dc\" \/>\n<meta property=\"article:modified_time\" content=\"2025-10-30T01:42:42+00:00\" \/>\n<meta property=\"og:image\" content=\"https:\/\/easystar.ee\/wp-content\/uploads\/2024\/05\/KT123-7.jpeg\" \/>\n\t<meta property=\"og:image:width\" content=\"400\" \/>\n\t<meta property=\"og:image:height\" content=\"400\" \/>\n\t<meta property=\"og:image:type\" content=\"image\/jpeg\" \/>\n<meta name=\"twitter:card\" content=\"summary_large_image\" \/>\n<script type=\"application\/ld+json\" class=\"yoast-schema-graph\">{\"@context\":\"https:\\\/\\\/schema.org\",\"@graph\":[{\"@type\":\"WebPage\",\"@id\":\"https:\\\/\\\/easystar.ee\\\/ru\\\/toode\\\/nailonsormik-pu-kattega-peopesa-valge-nr-7-s-ktkk33-7\\\/\",\"url\":\"https:\\\/\\\/easystar.ee\\\/ru\\\/toode\\\/nailonsormik-pu-kattega-peopesa-valge-nr-7-s-ktkk33-7\\\/\",\"name\":\"Nailons\u00f5rmik PU kattega peopesa valge nr 7\\\/S KTKK33-7 &#8212; Easy Star O\u00dc\",\"isPartOf\":{\"@id\":\"https:\\\/\\\/easystar.ee\\\/#website\"},\"primaryImageOfPage\":{\"@id\":\"https:\\\/\\\/easystar.ee\\\/ru\\\/toode\\\/nailonsormik-pu-kattega-peopesa-valge-nr-7-s-ktkk33-7\\\/#primaryimage\"},\"image\":{\"@id\":\"https:\\\/\\\/easystar.ee\\\/ru\\\/toode\\\/nailonsormik-pu-kattega-peopesa-valge-nr-7-s-ktkk33-7\\\/#primaryimage\"},\"thumbnailUrl\":\"https:\\\/\\\/easystar.ee\\\/wp-content\\\/uploads\\\/2024\\\/05\\\/KT123-7.jpeg\",\"datePublished\":\"2024-05-31T10:20:26+00:00\",\"dateModified\":\"2025-10-30T01:42:42+00:00\",\"breadcrumb\":{\"@id\":\"https:\\\/\\\/easystar.ee\\\/ru\\\/toode\\\/nailonsormik-pu-kattega-peopesa-valge-nr-7-s-ktkk33-7\\\/#breadcrumb\"},\"inLanguage\":\"ru-RU\",\"potentialAction\":[{\"@type\":\"ReadAction\",\"target\":[\"https:\\\/\\\/easystar.ee\\\/ru\\\/toode\\\/nailonsormik-pu-kattega-peopesa-valge-nr-7-s-ktkk33-7\\\/\"]}]},{\"@type\":\"ImageObject\",\"inLanguage\":\"ru-RU\",\"@id\":\"https:\\\/\\\/easystar.ee\\\/ru\\\/toode\\\/nailonsormik-pu-kattega-peopesa-valge-nr-7-s-ktkk33-7\\\/#primaryimage\",\"url\":\"https:\\\/\\\/easystar.ee\\\/wp-content\\\/uploads\\\/2024\\\/05\\\/KT123-7.jpeg\",\"contentUrl\":\"https:\\\/\\\/easystar.ee\\\/wp-content\\\/uploads\\\/2024\\\/05\\\/KT123-7.jpeg\",\"width\":400,\"height\":400},{\"@type\":\"BreadcrumbList\",\"@id\":\"https:\\\/\\\/easystar.ee\\\/ru\\\/toode\\\/nailonsormik-pu-kattega-peopesa-valge-nr-7-s-ktkk33-7\\\/#breadcrumb\",\"itemListElement\":[{\"@type\":\"ListItem\",\"position\":1,\"name\":\"Home\",\"item\":\"https:\\\/\\\/easystar.ee\\\/ru\\\/\"},{\"@type\":\"ListItem\",\"position\":2,\"name\":\"\u0422\u043e\u0432\u0430\u0440\u044b\",\"item\":\"https:\\\/\\\/easystar.ee\\\/ru\\\/tovary\\\/\"},{\"@type\":\"ListItem\",\"position\":3,\"name\":\"Nailons\u00f5rmik PU kattega peopesa valge nr 7\\\/S KTKK33-7\"}]},{\"@type\":\"WebSite\",\"@id\":\"https:\\\/\\\/easystar.ee\\\/#website\",\"url\":\"https:\\\/\\\/easystar.ee\\\/\",\"name\":\"Easystar.ee\",\"description\":\"\",\"publisher\":{\"@id\":\"https:\\\/\\\/easystar.ee\\\/#organization\"},\"alternateName\":\"Keskkonnas\u00f5bralikud pehmepaberitooted teie kontorisse\",\"potentialAction\":[{\"@type\":\"SearchAction\",\"target\":{\"@type\":\"EntryPoint\",\"urlTemplate\":\"https:\\\/\\\/easystar.ee\\\/?s={search_term_string}\"},\"query-input\":{\"@type\":\"PropertyValueSpecification\",\"valueRequired\":true,\"valueName\":\"search_term_string\"}}],\"inLanguage\":\"ru-RU\"},{\"@type\":\"Organization\",\"@id\":\"https:\\\/\\\/easystar.ee\\\/#organization\",\"name\":\"Easy Star O\u00dc\",\"url\":\"https:\\\/\\\/easystar.ee\\\/\",\"logo\":{\"@type\":\"ImageObject\",\"inLanguage\":\"ru-RU\",\"@id\":\"https:\\\/\\\/easystar.ee\\\/#\\\/schema\\\/logo\\\/image\\\/\",\"url\":\"https:\\\/\\\/easystar.ee\\\/wp-content\\\/uploads\\\/2024\\\/03\\\/easystar-logo.svg\",\"contentUrl\":\"https:\\\/\\\/easystar.ee\\\/wp-content\\\/uploads\\\/2024\\\/03\\\/easystar-logo.svg\",\"width\":2000,\"height\":2000,\"caption\":\"Easy Star O\u00dc\"},\"image\":{\"@id\":\"https:\\\/\\\/easystar.ee\\\/#\\\/schema\\\/logo\\\/image\\\/\"}}]}<\/script>\n<!-- \/ Yoast SEO plugin. -->","yoast_head_json":{"title":"Nailons\u00f5rmik PU kattega peopesa valge nr 7\/S KTKK33-7 &#8212; Easy Star O\u00dc","robots":{"index":"index","follow":"follow","max-snippet":"max-snippet:-1","max-image-preview":"max-image-preview:large","max-video-preview":"max-video-preview:-1"},"canonical":"https:\/\/easystar.ee\/ru\/toode\/nailonsormik-pu-kattega-peopesa-valge-nr-7-s-ktkk33-7\/","og_locale":"ru_RU","og_type":"article","og_title":"Nailons\u00f5rmik PU kattega peopesa valge nr 7\/S KTKK33-7 &#8212; Easy Star O\u00dc","og_description":"-Materjal: pol\u00fcester, peopesa PU -Randmeosa kootud -Sobilikud kasutamiseks toiduainetet\u00f6\u00f6stuses Elastsed montaa\u017ei\/peenmehaanikat\u00f6\u00f6de kootud pol\u00fcestrist t\u00f6\u00f6kindad, peopesa ja s\u00f5rmeotsad kaetud pol\u00fcuretaaniga, mis tagavad hea haarde ja kaitsevad mehhaanilise kulumise eest. \u00d5mblusteta t\u00f6\u00f6kindad, tagavad hea s\u00f5rmeotste tundlikkuse. Katmata k\u00e4eselg tagab k\u00e4te hingamise ja mugavuse; Kindad on sobilikud kasutamiseks toiduainet\u00f6\u00f6stuses. Pakis 12 paari, kastis 240 paari. CE-m\u00e4rgis CAT II Toiduohutuse sertifikaat EN388: 3131X","og_url":"https:\/\/easystar.ee\/ru\/toode\/nailonsormik-pu-kattega-peopesa-valge-nr-7-s-ktkk33-7\/","og_site_name":"Easy Star O\u00dc","article_modified_time":"2025-10-30T01:42:42+00:00","og_image":[{"width":400,"height":400,"url":"https:\/\/easystar.ee\/wp-content\/uploads\/2024\/05\/KT123-7.jpeg","type":"image\/jpeg"}],"twitter_card":"summary_large_image","schema":{"@context":"https:\/\/schema.org","@graph":[{"@type":"WebPage","@id":"https:\/\/easystar.ee\/ru\/toode\/nailonsormik-pu-kattega-peopesa-valge-nr-7-s-ktkk33-7\/","url":"https:\/\/easystar.ee\/ru\/toode\/nailonsormik-pu-kattega-peopesa-valge-nr-7-s-ktkk33-7\/","name":"Nailons\u00f5rmik PU kattega peopesa valge nr 7\/S KTKK33-7 &#8212; Easy Star O\u00dc","isPartOf":{"@id":"https:\/\/easystar.ee\/#website"},"primaryImageOfPage":{"@id":"https:\/\/easystar.ee\/ru\/toode\/nailonsormik-pu-kattega-peopesa-valge-nr-7-s-ktkk33-7\/#primaryimage"},"image":{"@id":"https:\/\/easystar.ee\/ru\/toode\/nailonsormik-pu-kattega-peopesa-valge-nr-7-s-ktkk33-7\/#primaryimage"},"thumbnailUrl":"https:\/\/easystar.ee\/wp-content\/uploads\/2024\/05\/KT123-7.jpeg","datePublished":"2024-05-31T10:20:26+00:00","dateModified":"2025-10-30T01:42:42+00:00","breadcrumb":{"@id":"https:\/\/easystar.ee\/ru\/toode\/nailonsormik-pu-kattega-peopesa-valge-nr-7-s-ktkk33-7\/#breadcrumb"},"inLanguage":"ru-RU","potentialAction":[{"@type":"ReadAction","target":["https:\/\/easystar.ee\/ru\/toode\/nailonsormik-pu-kattega-peopesa-valge-nr-7-s-ktkk33-7\/"]}]},{"@type":"ImageObject","inLanguage":"ru-RU","@id":"https:\/\/easystar.ee\/ru\/toode\/nailonsormik-pu-kattega-peopesa-valge-nr-7-s-ktkk33-7\/#primaryimage","url":"https:\/\/easystar.ee\/wp-content\/uploads\/2024\/05\/KT123-7.jpeg","contentUrl":"https:\/\/easystar.ee\/wp-content\/uploads\/2024\/05\/KT123-7.jpeg","width":400,"height":400},{"@type":"BreadcrumbList","@id":"https:\/\/easystar.ee\/ru\/toode\/nailonsormik-pu-kattega-peopesa-valge-nr-7-s-ktkk33-7\/#breadcrumb","itemListElement":[{"@type":"ListItem","position":1,"name":"Home","item":"https:\/\/easystar.ee\/ru\/"},{"@type":"ListItem","position":2,"name":"\u0422\u043e\u0432\u0430\u0440\u044b","item":"https:\/\/easystar.ee\/ru\/tovary\/"},{"@type":"ListItem","position":3,"name":"Nailons\u00f5rmik PU kattega peopesa valge nr 7\/S KTKK33-7"}]},{"@type":"WebSite","@id":"https:\/\/easystar.ee\/#website","url":"https:\/\/easystar.ee\/","name":"Easystar.ee","description":"","publisher":{"@id":"https:\/\/easystar.ee\/#organization"},"alternateName":"Keskkonnas\u00f5bralikud pehmepaberitooted teie kontorisse","potentialAction":[{"@type":"SearchAction","target":{"@type":"EntryPoint","urlTemplate":"https:\/\/easystar.ee\/?s={search_term_string}"},"query-input":{"@type":"PropertyValueSpecification","valueRequired":true,"valueName":"search_term_string"}}],"inLanguage":"ru-RU"},{"@type":"Organization","@id":"https:\/\/easystar.ee\/#organization","name":"Easy Star O\u00dc","url":"https:\/\/easystar.ee\/","logo":{"@type":"ImageObject","inLanguage":"ru-RU","@id":"https:\/\/easystar.ee\/#\/schema\/logo\/image\/","url":"https:\/\/easystar.ee\/wp-content\/uploads\/2024\/03\/easystar-logo.svg","contentUrl":"https:\/\/easystar.ee\/wp-content\/uploads\/2024\/03\/easystar-logo.svg","width":2000,"height":2000,"caption":"Easy Star O\u00dc"},"image":{"@id":"https:\/\/easystar.ee\/#\/schema\/logo\/image\/"}}]}},"_links":{"self":[{"href":"https:\/\/easystar.ee\/ru\/wp-json\/wp\/v2\/product\/35026","targetHints":{"allow":["GET"]}}],"collection":[{"href":"https:\/\/easystar.ee\/ru\/wp-json\/wp\/v2\/product"}],"about":[{"href":"https:\/\/easystar.ee\/ru\/wp-json\/wp\/v2\/types\/product"}],"wp:featuredmedia":[{"embeddable":true,"href":"https:\/\/easystar.ee\/ru\/wp-json\/wp\/v2\/media\/35024"}],"wp:attachment":[{"href":"https:\/\/easystar.ee\/ru\/wp-json\/wp\/v2\/media?parent=35026"}],"wp:term":[{"taxonomy":"product_brand","embeddable":true,"href":"https:\/\/easystar.ee\/ru\/wp-json\/wp\/v2\/product_brand?post=35026"},{"taxonomy":"product_cat","embeddable":true,"href":"https:\/\/easystar.ee\/ru\/wp-json\/wp\/v2\/product_cat?post=35026"},{"taxonomy":"product_tag","embeddable":true,"href":"https:\/\/easystar.ee\/ru\/wp-json\/wp\/v2\/product_tag?post=35026"}],"curies":[{"name":"wp","href":"https:\/\/api.w.org\/{rel}","templated":true}]}}