{"id":34755,"date":"2024-05-31T10:14:54","date_gmt":"2024-05-31T10:14:54","guid":{"rendered":"https:\/\/easystar.ee\/toode\/tanex-power-tugev-plastiku-puhastusaine-750ml-kd712746\/"},"modified":"2025-10-30T01:41:00","modified_gmt":"2025-10-30T01:41:00","slug":"tanex-power-tugev-plastiku-puhastusaine-750ml-kd712746","status":"publish","type":"product","link":"https:\/\/easystar.ee\/ru\/toode\/tanex-power-tugev-plastiku-puhastusaine-750ml-kd712746\/","title":{"rendered":"TANEX power tugev plastiku puhastusaine 750ml KD712746"},"content":{"rendered":"","protected":false},"excerpt":{"rendered":"<p>Kasutusvalmis puhastusaine ja rasvatustaja plastpindade puhastamiseks ning silmapaistev plekieemaldi igat t\u00fc\u00fcpi tugevasti kinniolevale mustusele. Tagab pindade esialgse v\u00e4ljan\u00e4gemise ja ligit\u00f5mbav l\u00f5hn muudab kasutamise meeldivaks. Sobib kasutamiseks k\u00f5igil mattidel, k\u00f5rgl\u00e4ikega ja struktureeritud plastpindadel ning plastiga kaetud pindadel nii sise kui ka v\u00e4listingimustes. V\u00f5ib kasutada (kooli-, t\u00f6\u00f6-, aia-) laudade, uste, kappide, riiulite, seinalaudiste, Formica-laminaadist valmistatud k\u00f6\u00f6gim\u00f6\u00f6bli ning koolide, lasteaedade, kontorihoonete, hotellide ja spordihoonete spordivarustuse puhastamiseks. \u00c4rge kasutage toodet pleksiklaasil ega v\u00e4rvitud materjalidel.<br \/>\npH 11<\/p>\n","protected":false},"featured_media":34747,"template":"","meta":{"_acf_changed":false},"product_brand":[],"product_cat":[1885,1831],"product_tag":[],"class_list":{"0":"post-34755","1":"product","2":"type-product","3":"status-publish","4":"has-post-thumbnail","6":"product_cat-himicheskie-sredstva-tana-bio","7":"product_cat-himija","9":"first","10":"instock","11":"taxable","12":"shipping-taxable","13":"purchasable","14":"product-type-simple"},"acf":[],"yoast_head":"<!-- This site is optimized with the Yoast SEO plugin v27.5 - https:\/\/yoast.com\/product\/yoast-seo-wordpress\/ -->\n<title>TANEX power tugev plastiku puhastusaine 750ml KD712746 &#8212; Easy Star O\u00dc<\/title>\n<meta name=\"robots\" content=\"index, follow, max-snippet:-1, max-image-preview:large, max-video-preview:-1\" \/>\n<link rel=\"canonical\" href=\"https:\/\/easystar.ee\/ru\/toode\/tanex-power-tugev-plastiku-puhastusaine-750ml-kd712746\/\" \/>\n<meta property=\"og:locale\" content=\"ru_RU\" \/>\n<meta property=\"og:type\" content=\"article\" \/>\n<meta property=\"og:title\" content=\"TANEX power tugev plastiku puhastusaine 750ml KD712746 &#8212; Easy Star O\u00dc\" \/>\n<meta property=\"og:description\" content=\"Kasutusvalmis puhastusaine ja rasvatustaja plastpindade puhastamiseks ning silmapaistev plekieemaldi igat t\u00fc\u00fcpi tugevasti kinniolevale mustusele. Tagab pindade esialgse v\u00e4ljan\u00e4gemise ja ligit\u00f5mbav l\u00f5hn muudab kasutamise meeldivaks. Sobib kasutamiseks k\u00f5igil mattidel, k\u00f5rgl\u00e4ikega ja struktureeritud plastpindadel ning plastiga kaetud pindadel nii sise kui ka v\u00e4listingimustes. V\u00f5ib kasutada (kooli-, t\u00f6\u00f6-, aia-) laudade, uste, kappide, riiulite, seinalaudiste, Formica-laminaadist valmistatud k\u00f6\u00f6gim\u00f6\u00f6bli ning koolide, lasteaedade, kontorihoonete, hotellide ja spordihoonete spordivarustuse puhastamiseks. \u00c4rge kasutage toodet pleksiklaasil ega v\u00e4rvitud materjalidel. pH 11\" \/>\n<meta property=\"og:url\" content=\"https:\/\/easystar.ee\/ru\/toode\/tanex-power-tugev-plastiku-puhastusaine-750ml-kd712746\/\" \/>\n<meta property=\"og:site_name\" content=\"Easy Star O\u00dc\" \/>\n<meta property=\"article:modified_time\" content=\"2025-10-30T01:41:00+00:00\" \/>\n<meta property=\"og:image\" content=\"https:\/\/easystar.ee\/wp-content\/uploads\/2024\/05\/712746.jpg\" \/>\n\t<meta property=\"og:image:width\" content=\"116\" \/>\n\t<meta property=\"og:image:height\" content=\"308\" \/>\n\t<meta property=\"og:image:type\" content=\"image\/jpeg\" \/>\n<meta name=\"twitter:card\" content=\"summary_large_image\" \/>\n<script type=\"application\/ld+json\" class=\"yoast-schema-graph\">{\"@context\":\"https:\\\/\\\/schema.org\",\"@graph\":[{\"@type\":\"WebPage\",\"@id\":\"https:\\\/\\\/easystar.ee\\\/ru\\\/toode\\\/tanex-power-tugev-plastiku-puhastusaine-750ml-kd712746\\\/\",\"url\":\"https:\\\/\\\/easystar.ee\\\/ru\\\/toode\\\/tanex-power-tugev-plastiku-puhastusaine-750ml-kd712746\\\/\",\"name\":\"TANEX power tugev plastiku puhastusaine 750ml KD712746 &#8212; Easy Star O\u00dc\",\"isPartOf\":{\"@id\":\"https:\\\/\\\/easystar.ee\\\/#website\"},\"primaryImageOfPage\":{\"@id\":\"https:\\\/\\\/easystar.ee\\\/ru\\\/toode\\\/tanex-power-tugev-plastiku-puhastusaine-750ml-kd712746\\\/#primaryimage\"},\"image\":{\"@id\":\"https:\\\/\\\/easystar.ee\\\/ru\\\/toode\\\/tanex-power-tugev-plastiku-puhastusaine-750ml-kd712746\\\/#primaryimage\"},\"thumbnailUrl\":\"https:\\\/\\\/easystar.ee\\\/wp-content\\\/uploads\\\/2024\\\/05\\\/712746.jpg\",\"datePublished\":\"2024-05-31T10:14:54+00:00\",\"dateModified\":\"2025-10-30T01:41:00+00:00\",\"breadcrumb\":{\"@id\":\"https:\\\/\\\/easystar.ee\\\/ru\\\/toode\\\/tanex-power-tugev-plastiku-puhastusaine-750ml-kd712746\\\/#breadcrumb\"},\"inLanguage\":\"ru-RU\",\"potentialAction\":[{\"@type\":\"ReadAction\",\"target\":[\"https:\\\/\\\/easystar.ee\\\/ru\\\/toode\\\/tanex-power-tugev-plastiku-puhastusaine-750ml-kd712746\\\/\"]}]},{\"@type\":\"ImageObject\",\"inLanguage\":\"ru-RU\",\"@id\":\"https:\\\/\\\/easystar.ee\\\/ru\\\/toode\\\/tanex-power-tugev-plastiku-puhastusaine-750ml-kd712746\\\/#primaryimage\",\"url\":\"https:\\\/\\\/easystar.ee\\\/wp-content\\\/uploads\\\/2024\\\/05\\\/712746.jpg\",\"contentUrl\":\"https:\\\/\\\/easystar.ee\\\/wp-content\\\/uploads\\\/2024\\\/05\\\/712746.jpg\",\"width\":116,\"height\":308},{\"@type\":\"BreadcrumbList\",\"@id\":\"https:\\\/\\\/easystar.ee\\\/ru\\\/toode\\\/tanex-power-tugev-plastiku-puhastusaine-750ml-kd712746\\\/#breadcrumb\",\"itemListElement\":[{\"@type\":\"ListItem\",\"position\":1,\"name\":\"Home\",\"item\":\"https:\\\/\\\/easystar.ee\\\/ru\\\/\"},{\"@type\":\"ListItem\",\"position\":2,\"name\":\"\u0422\u043e\u0432\u0430\u0440\u044b\",\"item\":\"https:\\\/\\\/easystar.ee\\\/ru\\\/tovary\\\/\"},{\"@type\":\"ListItem\",\"position\":3,\"name\":\"TANEX power tugev plastiku puhastusaine 750ml KD712746\"}]},{\"@type\":\"WebSite\",\"@id\":\"https:\\\/\\\/easystar.ee\\\/#website\",\"url\":\"https:\\\/\\\/easystar.ee\\\/\",\"name\":\"Easystar.ee\",\"description\":\"\",\"publisher\":{\"@id\":\"https:\\\/\\\/easystar.ee\\\/#organization\"},\"alternateName\":\"Keskkonnas\u00f5bralikud pehmepaberitooted teie kontorisse\",\"potentialAction\":[{\"@type\":\"SearchAction\",\"target\":{\"@type\":\"EntryPoint\",\"urlTemplate\":\"https:\\\/\\\/easystar.ee\\\/?s={search_term_string}\"},\"query-input\":{\"@type\":\"PropertyValueSpecification\",\"valueRequired\":true,\"valueName\":\"search_term_string\"}}],\"inLanguage\":\"ru-RU\"},{\"@type\":\"Organization\",\"@id\":\"https:\\\/\\\/easystar.ee\\\/#organization\",\"name\":\"Easy Star O\u00dc\",\"url\":\"https:\\\/\\\/easystar.ee\\\/\",\"logo\":{\"@type\":\"ImageObject\",\"inLanguage\":\"ru-RU\",\"@id\":\"https:\\\/\\\/easystar.ee\\\/#\\\/schema\\\/logo\\\/image\\\/\",\"url\":\"https:\\\/\\\/easystar.ee\\\/wp-content\\\/uploads\\\/2024\\\/03\\\/easystar-logo.svg\",\"contentUrl\":\"https:\\\/\\\/easystar.ee\\\/wp-content\\\/uploads\\\/2024\\\/03\\\/easystar-logo.svg\",\"width\":2000,\"height\":2000,\"caption\":\"Easy Star O\u00dc\"},\"image\":{\"@id\":\"https:\\\/\\\/easystar.ee\\\/#\\\/schema\\\/logo\\\/image\\\/\"}}]}<\/script>\n<!-- \/ Yoast SEO plugin. -->","yoast_head_json":{"title":"TANEX power tugev plastiku puhastusaine 750ml KD712746 &#8212; Easy Star O\u00dc","robots":{"index":"index","follow":"follow","max-snippet":"max-snippet:-1","max-image-preview":"max-image-preview:large","max-video-preview":"max-video-preview:-1"},"canonical":"https:\/\/easystar.ee\/ru\/toode\/tanex-power-tugev-plastiku-puhastusaine-750ml-kd712746\/","og_locale":"ru_RU","og_type":"article","og_title":"TANEX power tugev plastiku puhastusaine 750ml KD712746 &#8212; Easy Star O\u00dc","og_description":"Kasutusvalmis puhastusaine ja rasvatustaja plastpindade puhastamiseks ning silmapaistev plekieemaldi igat t\u00fc\u00fcpi tugevasti kinniolevale mustusele. Tagab pindade esialgse v\u00e4ljan\u00e4gemise ja ligit\u00f5mbav l\u00f5hn muudab kasutamise meeldivaks. Sobib kasutamiseks k\u00f5igil mattidel, k\u00f5rgl\u00e4ikega ja struktureeritud plastpindadel ning plastiga kaetud pindadel nii sise kui ka v\u00e4listingimustes. V\u00f5ib kasutada (kooli-, t\u00f6\u00f6-, aia-) laudade, uste, kappide, riiulite, seinalaudiste, Formica-laminaadist valmistatud k\u00f6\u00f6gim\u00f6\u00f6bli ning koolide, lasteaedade, kontorihoonete, hotellide ja spordihoonete spordivarustuse puhastamiseks. \u00c4rge kasutage toodet pleksiklaasil ega v\u00e4rvitud materjalidel. pH 11","og_url":"https:\/\/easystar.ee\/ru\/toode\/tanex-power-tugev-plastiku-puhastusaine-750ml-kd712746\/","og_site_name":"Easy Star O\u00dc","article_modified_time":"2025-10-30T01:41:00+00:00","og_image":[{"width":116,"height":308,"url":"https:\/\/easystar.ee\/wp-content\/uploads\/2024\/05\/712746.jpg","type":"image\/jpeg"}],"twitter_card":"summary_large_image","schema":{"@context":"https:\/\/schema.org","@graph":[{"@type":"WebPage","@id":"https:\/\/easystar.ee\/ru\/toode\/tanex-power-tugev-plastiku-puhastusaine-750ml-kd712746\/","url":"https:\/\/easystar.ee\/ru\/toode\/tanex-power-tugev-plastiku-puhastusaine-750ml-kd712746\/","name":"TANEX power tugev plastiku puhastusaine 750ml KD712746 &#8212; Easy Star O\u00dc","isPartOf":{"@id":"https:\/\/easystar.ee\/#website"},"primaryImageOfPage":{"@id":"https:\/\/easystar.ee\/ru\/toode\/tanex-power-tugev-plastiku-puhastusaine-750ml-kd712746\/#primaryimage"},"image":{"@id":"https:\/\/easystar.ee\/ru\/toode\/tanex-power-tugev-plastiku-puhastusaine-750ml-kd712746\/#primaryimage"},"thumbnailUrl":"https:\/\/easystar.ee\/wp-content\/uploads\/2024\/05\/712746.jpg","datePublished":"2024-05-31T10:14:54+00:00","dateModified":"2025-10-30T01:41:00+00:00","breadcrumb":{"@id":"https:\/\/easystar.ee\/ru\/toode\/tanex-power-tugev-plastiku-puhastusaine-750ml-kd712746\/#breadcrumb"},"inLanguage":"ru-RU","potentialAction":[{"@type":"ReadAction","target":["https:\/\/easystar.ee\/ru\/toode\/tanex-power-tugev-plastiku-puhastusaine-750ml-kd712746\/"]}]},{"@type":"ImageObject","inLanguage":"ru-RU","@id":"https:\/\/easystar.ee\/ru\/toode\/tanex-power-tugev-plastiku-puhastusaine-750ml-kd712746\/#primaryimage","url":"https:\/\/easystar.ee\/wp-content\/uploads\/2024\/05\/712746.jpg","contentUrl":"https:\/\/easystar.ee\/wp-content\/uploads\/2024\/05\/712746.jpg","width":116,"height":308},{"@type":"BreadcrumbList","@id":"https:\/\/easystar.ee\/ru\/toode\/tanex-power-tugev-plastiku-puhastusaine-750ml-kd712746\/#breadcrumb","itemListElement":[{"@type":"ListItem","position":1,"name":"Home","item":"https:\/\/easystar.ee\/ru\/"},{"@type":"ListItem","position":2,"name":"\u0422\u043e\u0432\u0430\u0440\u044b","item":"https:\/\/easystar.ee\/ru\/tovary\/"},{"@type":"ListItem","position":3,"name":"TANEX power tugev plastiku puhastusaine 750ml KD712746"}]},{"@type":"WebSite","@id":"https:\/\/easystar.ee\/#website","url":"https:\/\/easystar.ee\/","name":"Easystar.ee","description":"","publisher":{"@id":"https:\/\/easystar.ee\/#organization"},"alternateName":"Keskkonnas\u00f5bralikud pehmepaberitooted teie kontorisse","potentialAction":[{"@type":"SearchAction","target":{"@type":"EntryPoint","urlTemplate":"https:\/\/easystar.ee\/?s={search_term_string}"},"query-input":{"@type":"PropertyValueSpecification","valueRequired":true,"valueName":"search_term_string"}}],"inLanguage":"ru-RU"},{"@type":"Organization","@id":"https:\/\/easystar.ee\/#organization","name":"Easy Star O\u00dc","url":"https:\/\/easystar.ee\/","logo":{"@type":"ImageObject","inLanguage":"ru-RU","@id":"https:\/\/easystar.ee\/#\/schema\/logo\/image\/","url":"https:\/\/easystar.ee\/wp-content\/uploads\/2024\/03\/easystar-logo.svg","contentUrl":"https:\/\/easystar.ee\/wp-content\/uploads\/2024\/03\/easystar-logo.svg","width":2000,"height":2000,"caption":"Easy Star O\u00dc"},"image":{"@id":"https:\/\/easystar.ee\/#\/schema\/logo\/image\/"}}]}},"_links":{"self":[{"href":"https:\/\/easystar.ee\/ru\/wp-json\/wp\/v2\/product\/34755","targetHints":{"allow":["GET"]}}],"collection":[{"href":"https:\/\/easystar.ee\/ru\/wp-json\/wp\/v2\/product"}],"about":[{"href":"https:\/\/easystar.ee\/ru\/wp-json\/wp\/v2\/types\/product"}],"wp:featuredmedia":[{"embeddable":true,"href":"https:\/\/easystar.ee\/ru\/wp-json\/wp\/v2\/media\/34747"}],"wp:attachment":[{"href":"https:\/\/easystar.ee\/ru\/wp-json\/wp\/v2\/media?parent=34755"}],"wp:term":[{"taxonomy":"product_brand","embeddable":true,"href":"https:\/\/easystar.ee\/ru\/wp-json\/wp\/v2\/product_brand?post=34755"},{"taxonomy":"product_cat","embeddable":true,"href":"https:\/\/easystar.ee\/ru\/wp-json\/wp\/v2\/product_cat?post=34755"},{"taxonomy":"product_tag","embeddable":true,"href":"https:\/\/easystar.ee\/ru\/wp-json\/wp\/v2\/product_tag?post=34755"}],"curies":[{"name":"wp","href":"https:\/\/api.w.org\/{rel}","templated":true}]}}