{"id":34743,"date":"2024-05-31T10:14:50","date_gmt":"2024-05-31T10:14:50","guid":{"rendered":"https:\/\/easystar.ee\/toode\/tanet-sr15-tohus-porandate-ja-pindade-puhastusaine-1l-kd712479\/"},"modified":"2026-01-27T01:30:08","modified_gmt":"2026-01-27T01:30:08","slug":"tanet-sr15-tohus-porandate-ja-pindade-puhastusaine-1l-kd712479","status":"publish","type":"product","link":"https:\/\/easystar.ee\/ru\/toode\/tanet-sr15-tohus-porandate-ja-pindade-puhastusaine-1l-kd712479\/","title":{"rendered":"TANET SR15 T\u00f5hus p\u00f5randate ja pindade puhastusaine 1L KD712479"},"content":{"rendered":"","protected":false},"excerpt":{"rendered":"<p>TANET SR 15 on enneolematult keskkonnas\u00f5bralik v\u00f5imas p\u00f5randatele ja pindade puhastusvahend. Bioloogilisi ts\u00fckleid j\u00e4rgiv toode on ohutu inimestele ja puhastust\u00f6\u00f6tajatele. T\u00f6\u00f6ohutust parandav \u00fcliv\u00f5imas TANET SR 15 tagab isegi madalatel kontsentratsioonidel enneolematu puhtuse minimaalse vaeva ja kuluga. Head m\u00e4rgumisomadused tagavad lihtsa ja p\u00f5hjaliku mustuse ja m\u00e4\u00e4rete eemaldamise poorsetelt kivip\u00f5randatelt ja isegi h\u00fcdrofoobsetelt pindadelt nagu pol\u00fcuretaan, puhastusj\u00e4lgi ei j\u00e4\u00e4. Peamiselt taastuvatest ressurssidest valmistatud TANET SR 15 tunnistab oma vastutust tulevaste generatsioonide ees. Sobib k\u00f5ikidele veekindlatele p\u00f5randatele nagu kivi, kumm, linoleum, PVC, pol\u00fcuretaan jne. Eriti sobilik akr\u00fc\u00fcliga poleeritud p\u00f5randatele ja k\u00f5ikidele pestavatele pindadele nagu plast, klaas, keraamika, metall ja lakk. Sobib koristusmasinatess!  pH 9<\/p>\n","protected":false},"featured_media":34735,"template":"","meta":{"_acf_changed":false},"product_brand":[],"product_cat":[1885,1831],"product_tag":[],"class_list":{"0":"post-34743","1":"product","2":"type-product","3":"status-publish","4":"has-post-thumbnail","6":"product_cat-himicheskie-sredstva-tana-bio","7":"product_cat-himija","9":"first","10":"onbackorder","11":"taxable","12":"shipping-taxable","13":"purchasable","14":"product-type-simple"},"acf":[],"yoast_head":"<!-- This site is optimized with the Yoast SEO plugin v27.5 - https:\/\/yoast.com\/product\/yoast-seo-wordpress\/ -->\n<title>TANET SR15 T\u00f5hus p\u00f5randate ja pindade puhastusaine 1L KD712479 &#8212; Easy Star O\u00dc<\/title>\n<meta name=\"robots\" content=\"index, follow, max-snippet:-1, max-image-preview:large, max-video-preview:-1\" \/>\n<link rel=\"canonical\" href=\"https:\/\/easystar.ee\/toode\/tanet-sr15-tohus-porandate-ja-pindade-puhastusaine-1l-kd712479\/\" \/>\n<meta property=\"og:locale\" content=\"ru_RU\" \/>\n<meta property=\"og:type\" content=\"article\" \/>\n<meta property=\"og:title\" content=\"TANET SR15 T\u00f5hus p\u00f5randate ja pindade puhastusaine 1L KD712479 &#8212; Easy Star O\u00dc\" \/>\n<meta property=\"og:description\" content=\"TANET SR 15 on enneolematult keskkonnas\u00f5bralik v\u00f5imas p\u00f5randatele ja pindade puhastusvahend. Bioloogilisi ts\u00fckleid j\u00e4rgiv toode on ohutu inimestele ja puhastust\u00f6\u00f6tajatele. T\u00f6\u00f6ohutust parandav \u00fcliv\u00f5imas TANET SR 15 tagab isegi madalatel kontsentratsioonidel enneolematu puhtuse minimaalse vaeva ja kuluga. Head m\u00e4rgumisomadused tagavad lihtsa ja p\u00f5hjaliku mustuse ja m\u00e4\u00e4rete eemaldamise poorsetelt kivip\u00f5randatelt ja isegi h\u00fcdrofoobsetelt pindadelt nagu pol\u00fcuretaan, puhastusj\u00e4lgi ei j\u00e4\u00e4. Peamiselt taastuvatest ressurssidest valmistatud TANET SR 15 tunnistab oma vastutust tulevaste generatsioonide ees. Sobib k\u00f5ikidele veekindlatele p\u00f5randatele nagu kivi, kumm, linoleum, PVC, pol\u00fcuretaan jne. Eriti sobilik akr\u00fc\u00fcliga poleeritud p\u00f5randatele ja k\u00f5ikidele pestavatele pindadele nagu plast, klaas, keraamika, metall ja lakk. Sobib koristusmasinatess! pH 9\" \/>\n<meta property=\"og:url\" content=\"https:\/\/easystar.ee\/toode\/tanet-sr15-tohus-porandate-ja-pindade-puhastusaine-1l-kd712479\/\" \/>\n<meta property=\"og:site_name\" content=\"Easy Star O\u00dc\" \/>\n<meta property=\"article:modified_time\" content=\"2026-01-27T01:30:08+00:00\" \/>\n<meta property=\"og:image\" content=\"https:\/\/easystar.ee\/wp-content\/uploads\/2024\/05\/Tarnet_SR15_-_712479_712480.jpg\" \/>\n\t<meta property=\"og:image:width\" content=\"454\" \/>\n\t<meta property=\"og:image:height\" content=\"452\" \/>\n\t<meta property=\"og:image:type\" content=\"image\/jpeg\" \/>\n<meta name=\"twitter:card\" content=\"summary_large_image\" \/>\n<script type=\"application\/ld+json\" class=\"yoast-schema-graph\">{\"@context\":\"https:\\\/\\\/schema.org\",\"@graph\":[{\"@type\":\"WebPage\",\"@id\":\"https:\\\/\\\/easystar.ee\\\/toode\\\/tanet-sr15-tohus-porandate-ja-pindade-puhastusaine-1l-kd712479\\\/\",\"url\":\"https:\\\/\\\/easystar.ee\\\/toode\\\/tanet-sr15-tohus-porandate-ja-pindade-puhastusaine-1l-kd712479\\\/\",\"name\":\"TANET SR15 T\u00f5hus p\u00f5randate ja pindade puhastusaine 1L KD712479 &#8212; Easy Star O\u00dc\",\"isPartOf\":{\"@id\":\"https:\\\/\\\/easystar.ee\\\/#website\"},\"primaryImageOfPage\":{\"@id\":\"https:\\\/\\\/easystar.ee\\\/toode\\\/tanet-sr15-tohus-porandate-ja-pindade-puhastusaine-1l-kd712479\\\/#primaryimage\"},\"image\":{\"@id\":\"https:\\\/\\\/easystar.ee\\\/toode\\\/tanet-sr15-tohus-porandate-ja-pindade-puhastusaine-1l-kd712479\\\/#primaryimage\"},\"thumbnailUrl\":\"https:\\\/\\\/easystar.ee\\\/wp-content\\\/uploads\\\/2024\\\/05\\\/Tarnet_SR15_-_712479_712480.jpg\",\"datePublished\":\"2024-05-31T10:14:50+00:00\",\"dateModified\":\"2026-01-27T01:30:08+00:00\",\"breadcrumb\":{\"@id\":\"https:\\\/\\\/easystar.ee\\\/toode\\\/tanet-sr15-tohus-porandate-ja-pindade-puhastusaine-1l-kd712479\\\/#breadcrumb\"},\"inLanguage\":\"ru-RU\",\"potentialAction\":[{\"@type\":\"ReadAction\",\"target\":[\"https:\\\/\\\/easystar.ee\\\/toode\\\/tanet-sr15-tohus-porandate-ja-pindade-puhastusaine-1l-kd712479\\\/\"]}]},{\"@type\":\"ImageObject\",\"inLanguage\":\"ru-RU\",\"@id\":\"https:\\\/\\\/easystar.ee\\\/toode\\\/tanet-sr15-tohus-porandate-ja-pindade-puhastusaine-1l-kd712479\\\/#primaryimage\",\"url\":\"https:\\\/\\\/easystar.ee\\\/wp-content\\\/uploads\\\/2024\\\/05\\\/Tarnet_SR15_-_712479_712480.jpg\",\"contentUrl\":\"https:\\\/\\\/easystar.ee\\\/wp-content\\\/uploads\\\/2024\\\/05\\\/Tarnet_SR15_-_712479_712480.jpg\",\"width\":454,\"height\":452},{\"@type\":\"BreadcrumbList\",\"@id\":\"https:\\\/\\\/easystar.ee\\\/toode\\\/tanet-sr15-tohus-porandate-ja-pindade-puhastusaine-1l-kd712479\\\/#breadcrumb\",\"itemListElement\":[{\"@type\":\"ListItem\",\"position\":1,\"name\":\"Home\",\"item\":\"https:\\\/\\\/easystar.ee\\\/ru\\\/\"},{\"@type\":\"ListItem\",\"position\":2,\"name\":\"\u0422\u043e\u0432\u0430\u0440\u044b\",\"item\":\"https:\\\/\\\/easystar.ee\\\/ru\\\/tovary\\\/\"},{\"@type\":\"ListItem\",\"position\":3,\"name\":\"TANET SR15 T\u00f5hus p\u00f5randate ja pindade puhastusaine 1L KD712479\"}]},{\"@type\":\"WebSite\",\"@id\":\"https:\\\/\\\/easystar.ee\\\/#website\",\"url\":\"https:\\\/\\\/easystar.ee\\\/\",\"name\":\"Easystar.ee\",\"description\":\"\",\"publisher\":{\"@id\":\"https:\\\/\\\/easystar.ee\\\/#organization\"},\"alternateName\":\"Keskkonnas\u00f5bralikud pehmepaberitooted teie kontorisse\",\"potentialAction\":[{\"@type\":\"SearchAction\",\"target\":{\"@type\":\"EntryPoint\",\"urlTemplate\":\"https:\\\/\\\/easystar.ee\\\/?s={search_term_string}\"},\"query-input\":{\"@type\":\"PropertyValueSpecification\",\"valueRequired\":true,\"valueName\":\"search_term_string\"}}],\"inLanguage\":\"ru-RU\"},{\"@type\":\"Organization\",\"@id\":\"https:\\\/\\\/easystar.ee\\\/#organization\",\"name\":\"Easy Star O\u00dc\",\"url\":\"https:\\\/\\\/easystar.ee\\\/\",\"logo\":{\"@type\":\"ImageObject\",\"inLanguage\":\"ru-RU\",\"@id\":\"https:\\\/\\\/easystar.ee\\\/#\\\/schema\\\/logo\\\/image\\\/\",\"url\":\"https:\\\/\\\/easystar.ee\\\/wp-content\\\/uploads\\\/2024\\\/03\\\/easystar-logo.svg\",\"contentUrl\":\"https:\\\/\\\/easystar.ee\\\/wp-content\\\/uploads\\\/2024\\\/03\\\/easystar-logo.svg\",\"width\":2000,\"height\":2000,\"caption\":\"Easy Star O\u00dc\"},\"image\":{\"@id\":\"https:\\\/\\\/easystar.ee\\\/#\\\/schema\\\/logo\\\/image\\\/\"}}]}<\/script>\n<!-- \/ Yoast SEO plugin. -->","yoast_head_json":{"title":"TANET SR15 T\u00f5hus p\u00f5randate ja pindade puhastusaine 1L KD712479 &#8212; Easy Star O\u00dc","robots":{"index":"index","follow":"follow","max-snippet":"max-snippet:-1","max-image-preview":"max-image-preview:large","max-video-preview":"max-video-preview:-1"},"canonical":"https:\/\/easystar.ee\/toode\/tanet-sr15-tohus-porandate-ja-pindade-puhastusaine-1l-kd712479\/","og_locale":"ru_RU","og_type":"article","og_title":"TANET SR15 T\u00f5hus p\u00f5randate ja pindade puhastusaine 1L KD712479 &#8212; Easy Star O\u00dc","og_description":"TANET SR 15 on enneolematult keskkonnas\u00f5bralik v\u00f5imas p\u00f5randatele ja pindade puhastusvahend. Bioloogilisi ts\u00fckleid j\u00e4rgiv toode on ohutu inimestele ja puhastust\u00f6\u00f6tajatele. T\u00f6\u00f6ohutust parandav \u00fcliv\u00f5imas TANET SR 15 tagab isegi madalatel kontsentratsioonidel enneolematu puhtuse minimaalse vaeva ja kuluga. Head m\u00e4rgumisomadused tagavad lihtsa ja p\u00f5hjaliku mustuse ja m\u00e4\u00e4rete eemaldamise poorsetelt kivip\u00f5randatelt ja isegi h\u00fcdrofoobsetelt pindadelt nagu pol\u00fcuretaan, puhastusj\u00e4lgi ei j\u00e4\u00e4. Peamiselt taastuvatest ressurssidest valmistatud TANET SR 15 tunnistab oma vastutust tulevaste generatsioonide ees. Sobib k\u00f5ikidele veekindlatele p\u00f5randatele nagu kivi, kumm, linoleum, PVC, pol\u00fcuretaan jne. Eriti sobilik akr\u00fc\u00fcliga poleeritud p\u00f5randatele ja k\u00f5ikidele pestavatele pindadele nagu plast, klaas, keraamika, metall ja lakk. Sobib koristusmasinatess! pH 9","og_url":"https:\/\/easystar.ee\/toode\/tanet-sr15-tohus-porandate-ja-pindade-puhastusaine-1l-kd712479\/","og_site_name":"Easy Star O\u00dc","article_modified_time":"2026-01-27T01:30:08+00:00","og_image":[{"width":454,"height":452,"url":"https:\/\/easystar.ee\/wp-content\/uploads\/2024\/05\/Tarnet_SR15_-_712479_712480.jpg","type":"image\/jpeg"}],"twitter_card":"summary_large_image","schema":{"@context":"https:\/\/schema.org","@graph":[{"@type":"WebPage","@id":"https:\/\/easystar.ee\/toode\/tanet-sr15-tohus-porandate-ja-pindade-puhastusaine-1l-kd712479\/","url":"https:\/\/easystar.ee\/toode\/tanet-sr15-tohus-porandate-ja-pindade-puhastusaine-1l-kd712479\/","name":"TANET SR15 T\u00f5hus p\u00f5randate ja pindade puhastusaine 1L KD712479 &#8212; Easy Star O\u00dc","isPartOf":{"@id":"https:\/\/easystar.ee\/#website"},"primaryImageOfPage":{"@id":"https:\/\/easystar.ee\/toode\/tanet-sr15-tohus-porandate-ja-pindade-puhastusaine-1l-kd712479\/#primaryimage"},"image":{"@id":"https:\/\/easystar.ee\/toode\/tanet-sr15-tohus-porandate-ja-pindade-puhastusaine-1l-kd712479\/#primaryimage"},"thumbnailUrl":"https:\/\/easystar.ee\/wp-content\/uploads\/2024\/05\/Tarnet_SR15_-_712479_712480.jpg","datePublished":"2024-05-31T10:14:50+00:00","dateModified":"2026-01-27T01:30:08+00:00","breadcrumb":{"@id":"https:\/\/easystar.ee\/toode\/tanet-sr15-tohus-porandate-ja-pindade-puhastusaine-1l-kd712479\/#breadcrumb"},"inLanguage":"ru-RU","potentialAction":[{"@type":"ReadAction","target":["https:\/\/easystar.ee\/toode\/tanet-sr15-tohus-porandate-ja-pindade-puhastusaine-1l-kd712479\/"]}]},{"@type":"ImageObject","inLanguage":"ru-RU","@id":"https:\/\/easystar.ee\/toode\/tanet-sr15-tohus-porandate-ja-pindade-puhastusaine-1l-kd712479\/#primaryimage","url":"https:\/\/easystar.ee\/wp-content\/uploads\/2024\/05\/Tarnet_SR15_-_712479_712480.jpg","contentUrl":"https:\/\/easystar.ee\/wp-content\/uploads\/2024\/05\/Tarnet_SR15_-_712479_712480.jpg","width":454,"height":452},{"@type":"BreadcrumbList","@id":"https:\/\/easystar.ee\/toode\/tanet-sr15-tohus-porandate-ja-pindade-puhastusaine-1l-kd712479\/#breadcrumb","itemListElement":[{"@type":"ListItem","position":1,"name":"Home","item":"https:\/\/easystar.ee\/ru\/"},{"@type":"ListItem","position":2,"name":"\u0422\u043e\u0432\u0430\u0440\u044b","item":"https:\/\/easystar.ee\/ru\/tovary\/"},{"@type":"ListItem","position":3,"name":"TANET SR15 T\u00f5hus p\u00f5randate ja pindade puhastusaine 1L KD712479"}]},{"@type":"WebSite","@id":"https:\/\/easystar.ee\/#website","url":"https:\/\/easystar.ee\/","name":"Easystar.ee","description":"","publisher":{"@id":"https:\/\/easystar.ee\/#organization"},"alternateName":"Keskkonnas\u00f5bralikud pehmepaberitooted teie kontorisse","potentialAction":[{"@type":"SearchAction","target":{"@type":"EntryPoint","urlTemplate":"https:\/\/easystar.ee\/?s={search_term_string}"},"query-input":{"@type":"PropertyValueSpecification","valueRequired":true,"valueName":"search_term_string"}}],"inLanguage":"ru-RU"},{"@type":"Organization","@id":"https:\/\/easystar.ee\/#organization","name":"Easy Star O\u00dc","url":"https:\/\/easystar.ee\/","logo":{"@type":"ImageObject","inLanguage":"ru-RU","@id":"https:\/\/easystar.ee\/#\/schema\/logo\/image\/","url":"https:\/\/easystar.ee\/wp-content\/uploads\/2024\/03\/easystar-logo.svg","contentUrl":"https:\/\/easystar.ee\/wp-content\/uploads\/2024\/03\/easystar-logo.svg","width":2000,"height":2000,"caption":"Easy Star O\u00dc"},"image":{"@id":"https:\/\/easystar.ee\/#\/schema\/logo\/image\/"}}]}},"_links":{"self":[{"href":"https:\/\/easystar.ee\/ru\/wp-json\/wp\/v2\/product\/34743","targetHints":{"allow":["GET"]}}],"collection":[{"href":"https:\/\/easystar.ee\/ru\/wp-json\/wp\/v2\/product"}],"about":[{"href":"https:\/\/easystar.ee\/ru\/wp-json\/wp\/v2\/types\/product"}],"wp:featuredmedia":[{"embeddable":true,"href":"https:\/\/easystar.ee\/ru\/wp-json\/wp\/v2\/media\/34735"}],"wp:attachment":[{"href":"https:\/\/easystar.ee\/ru\/wp-json\/wp\/v2\/media?parent=34743"}],"wp:term":[{"taxonomy":"product_brand","embeddable":true,"href":"https:\/\/easystar.ee\/ru\/wp-json\/wp\/v2\/product_brand?post=34743"},{"taxonomy":"product_cat","embeddable":true,"href":"https:\/\/easystar.ee\/ru\/wp-json\/wp\/v2\/product_cat?post=34743"},{"taxonomy":"product_tag","embeddable":true,"href":"https:\/\/easystar.ee\/ru\/wp-json\/wp\/v2\/product_tag?post=34743"}],"curies":[{"name":"wp","href":"https:\/\/api.w.org\/{rel}","templated":true}]}}