{"id":34569,"date":"2024-05-31T10:13:32","date_gmt":"2024-05-31T10:13:32","guid":{"rendered":"https:\/\/easystar.ee\/toode\/biobact-clean-bioloogiline-puhastusaine-1l-kontsentraat-kd714707\/"},"modified":"2025-10-30T01:40:44","modified_gmt":"2025-10-30T01:40:44","slug":"biobact-clean-bioloogiline-puhastusaine-1l-kontsentraat-kd714707","status":"publish","type":"product","link":"https:\/\/easystar.ee\/ru\/toode\/biobact-clean-bioloogiline-puhastusaine-1l-kontsentraat-kd714707\/","title":{"rendered":"BioBact Clean bioloogiline puhastusaine 1L kontsentraat KD714707"},"content":{"rendered":"","protected":false},"excerpt":{"rendered":"<p>&#171;BIOBACT clean on pH suhtes neutraalne puhastusvahend, mis puhastab ja k\u00f5rvaldab halva l\u00f5hna \u00fches etapis. Selle asemel, et lihtsalt varjata halbu l\u00f5hnu, lagundab BIOBACT clean t\u00f5husalt orgaanilisi aineid, nagu uriin ja toiduj\u00e4\u00e4gid, mis on ebameeldiva l\u00f5hnaga keskkonna peamine p\u00f5hjus. Lisatud parf\u00fc\u00fcm j\u00e4tab tuppa m\u00f5nusa ja meeldiva l\u00f5hna. BIOBACT clean&#8217;i regulaarne kasutamine takistab isegi orgaanilise mustuse (n\u00e4iteks tselluloosi, rasva, valkude ja t\u00e4rklise) uut kogunemist. Loobudes ohtlikest koostisosadest, on BIOBACT clean materjalis\u00f5bralik universaalne puhastusvahend sageli kasutatavatele aladele, j\u00e4\u00e4tmek\u00e4itluseks, avalikeks tualettideks \/ hooneteks. 100% looduslikest mikroorganismidest valmistatud BIOBACT clean on kasutamisel ohutu ja keskkonnale ohutu. BIOBACT clean on \u00fclimalt s\u00e4\u00e4stlikus pudelis, mis on valmistatud 100% ringlussev\u00f5etud plastikust, mis on p\u00e4rit \u201eKollasest kotist\u201d (tarbija j\u00e4rgne taaskasutus). Kontsentraat, doseerimine 10-20ml\/L, pH 7 (https:\/\/wmprof.com\/en\/int\/products_7\/SI_EN_BIOBACT_clean_TA00001.html?cat=141&amp;subCat=137&amp;subSubCat=186)<\/p>\n","protected":false},"featured_media":34561,"template":"","meta":{"_acf_changed":false},"product_brand":[],"product_cat":[1885,1831],"product_tag":[],"class_list":{"0":"post-34569","1":"product","2":"type-product","3":"status-publish","4":"has-post-thumbnail","6":"product_cat-himicheskie-sredstva-tana-bio","7":"product_cat-himija","9":"first","10":"instock","11":"taxable","12":"shipping-taxable","13":"purchasable","14":"product-type-simple"},"acf":[],"yoast_head":"<!-- This site is optimized with the Yoast SEO plugin v27.3 - https:\/\/yoast.com\/product\/yoast-seo-wordpress\/ -->\n<title>BioBact Clean bioloogiline puhastusaine 1L kontsentraat KD714707 &#8212; Easy Star O\u00dc<\/title>\n<meta name=\"robots\" content=\"index, follow, max-snippet:-1, max-image-preview:large, max-video-preview:-1\" \/>\n<link rel=\"canonical\" href=\"https:\/\/easystar.ee\/ru\/toode\/biobact-clean-bioloogiline-puhastusaine-1l-kontsentraat-kd714707\/\" \/>\n<meta property=\"og:locale\" content=\"ru_RU\" \/>\n<meta property=\"og:type\" content=\"article\" \/>\n<meta property=\"og:title\" content=\"BioBact Clean bioloogiline puhastusaine 1L kontsentraat KD714707 &#8212; Easy Star O\u00dc\" \/>\n<meta property=\"og:description\" content=\"&quot;BIOBACT clean on pH suhtes neutraalne puhastusvahend, mis puhastab ja k\u00f5rvaldab halva l\u00f5hna \u00fches etapis. Selle asemel, et lihtsalt varjata halbu l\u00f5hnu, lagundab BIOBACT clean t\u00f5husalt orgaanilisi aineid, nagu uriin ja toiduj\u00e4\u00e4gid, mis on ebameeldiva l\u00f5hnaga keskkonna peamine p\u00f5hjus. Lisatud parf\u00fc\u00fcm j\u00e4tab tuppa m\u00f5nusa ja meeldiva l\u00f5hna. BIOBACT clean&#039;i regulaarne kasutamine takistab isegi orgaanilise mustuse (n\u00e4iteks tselluloosi, rasva, valkude ja t\u00e4rklise) uut kogunemist. Loobudes ohtlikest koostisosadest, on BIOBACT clean materjalis\u00f5bralik universaalne puhastusvahend sageli kasutatavatele aladele, j\u00e4\u00e4tmek\u00e4itluseks, avalikeks tualettideks \/ hooneteks. 100% looduslikest mikroorganismidest valmistatud BIOBACT clean on kasutamisel ohutu ja keskkonnale ohutu. BIOBACT clean on \u00fclimalt s\u00e4\u00e4stlikus pudelis, mis on valmistatud 100% ringlussev\u00f5etud plastikust, mis on p\u00e4rit \u201eKollasest kotist\u201d (tarbija j\u00e4rgne taaskasutus). Kontsentraat, doseerimine 10-20ml\/L, pH 7 (https:\/\/wmprof.com\/en\/int\/products_7\/SI_EN_BIOBACT_clean_TA00001.html?cat=141&amp;subCat=137&amp;subSubCat=186)\" \/>\n<meta property=\"og:url\" content=\"https:\/\/easystar.ee\/ru\/toode\/biobact-clean-bioloogiline-puhastusaine-1l-kontsentraat-kd714707\/\" \/>\n<meta property=\"og:site_name\" content=\"Easy Star O\u00dc\" \/>\n<meta property=\"article:modified_time\" content=\"2025-10-30T01:40:44+00:00\" \/>\n<meta property=\"og:image\" content=\"https:\/\/easystar.ee\/wp-content\/uploads\/2024\/05\/714707.jpg\" \/>\n\t<meta property=\"og:image:width\" content=\"115\" \/>\n\t<meta property=\"og:image:height\" content=\"344\" \/>\n\t<meta property=\"og:image:type\" content=\"image\/jpeg\" \/>\n<meta name=\"twitter:card\" content=\"summary_large_image\" \/>\n<script type=\"application\/ld+json\" class=\"yoast-schema-graph\">{\"@context\":\"https:\\\/\\\/schema.org\",\"@graph\":[{\"@type\":\"WebPage\",\"@id\":\"https:\\\/\\\/easystar.ee\\\/ru\\\/toode\\\/biobact-clean-bioloogiline-puhastusaine-1l-kontsentraat-kd714707\\\/\",\"url\":\"https:\\\/\\\/easystar.ee\\\/ru\\\/toode\\\/biobact-clean-bioloogiline-puhastusaine-1l-kontsentraat-kd714707\\\/\",\"name\":\"BioBact Clean bioloogiline puhastusaine 1L kontsentraat KD714707 &#8212; Easy Star O\u00dc\",\"isPartOf\":{\"@id\":\"https:\\\/\\\/easystar.ee\\\/#website\"},\"primaryImageOfPage\":{\"@id\":\"https:\\\/\\\/easystar.ee\\\/ru\\\/toode\\\/biobact-clean-bioloogiline-puhastusaine-1l-kontsentraat-kd714707\\\/#primaryimage\"},\"image\":{\"@id\":\"https:\\\/\\\/easystar.ee\\\/ru\\\/toode\\\/biobact-clean-bioloogiline-puhastusaine-1l-kontsentraat-kd714707\\\/#primaryimage\"},\"thumbnailUrl\":\"https:\\\/\\\/easystar.ee\\\/wp-content\\\/uploads\\\/2024\\\/05\\\/714707.jpg\",\"datePublished\":\"2024-05-31T10:13:32+00:00\",\"dateModified\":\"2025-10-30T01:40:44+00:00\",\"breadcrumb\":{\"@id\":\"https:\\\/\\\/easystar.ee\\\/ru\\\/toode\\\/biobact-clean-bioloogiline-puhastusaine-1l-kontsentraat-kd714707\\\/#breadcrumb\"},\"inLanguage\":\"ru-RU\",\"potentialAction\":[{\"@type\":\"ReadAction\",\"target\":[\"https:\\\/\\\/easystar.ee\\\/ru\\\/toode\\\/biobact-clean-bioloogiline-puhastusaine-1l-kontsentraat-kd714707\\\/\"]}]},{\"@type\":\"ImageObject\",\"inLanguage\":\"ru-RU\",\"@id\":\"https:\\\/\\\/easystar.ee\\\/ru\\\/toode\\\/biobact-clean-bioloogiline-puhastusaine-1l-kontsentraat-kd714707\\\/#primaryimage\",\"url\":\"https:\\\/\\\/easystar.ee\\\/wp-content\\\/uploads\\\/2024\\\/05\\\/714707.jpg\",\"contentUrl\":\"https:\\\/\\\/easystar.ee\\\/wp-content\\\/uploads\\\/2024\\\/05\\\/714707.jpg\",\"width\":115,\"height\":344},{\"@type\":\"BreadcrumbList\",\"@id\":\"https:\\\/\\\/easystar.ee\\\/ru\\\/toode\\\/biobact-clean-bioloogiline-puhastusaine-1l-kontsentraat-kd714707\\\/#breadcrumb\",\"itemListElement\":[{\"@type\":\"ListItem\",\"position\":1,\"name\":\"Home\",\"item\":\"https:\\\/\\\/easystar.ee\\\/ru\\\/\"},{\"@type\":\"ListItem\",\"position\":2,\"name\":\"\u0422\u043e\u0432\u0430\u0440\u044b\",\"item\":\"https:\\\/\\\/easystar.ee\\\/ru\\\/tovary\\\/\"},{\"@type\":\"ListItem\",\"position\":3,\"name\":\"BioBact Clean bioloogiline puhastusaine 1L kontsentraat KD714707\"}]},{\"@type\":\"WebSite\",\"@id\":\"https:\\\/\\\/easystar.ee\\\/#website\",\"url\":\"https:\\\/\\\/easystar.ee\\\/\",\"name\":\"Easystar.ee\",\"description\":\"\",\"publisher\":{\"@id\":\"https:\\\/\\\/easystar.ee\\\/#organization\"},\"alternateName\":\"Keskkonnas\u00f5bralikud pehmepaberitooted teie kontorisse\",\"potentialAction\":[{\"@type\":\"SearchAction\",\"target\":{\"@type\":\"EntryPoint\",\"urlTemplate\":\"https:\\\/\\\/easystar.ee\\\/?s={search_term_string}\"},\"query-input\":{\"@type\":\"PropertyValueSpecification\",\"valueRequired\":true,\"valueName\":\"search_term_string\"}}],\"inLanguage\":\"ru-RU\"},{\"@type\":\"Organization\",\"@id\":\"https:\\\/\\\/easystar.ee\\\/#organization\",\"name\":\"Easy Star O\u00dc\",\"url\":\"https:\\\/\\\/easystar.ee\\\/\",\"logo\":{\"@type\":\"ImageObject\",\"inLanguage\":\"ru-RU\",\"@id\":\"https:\\\/\\\/easystar.ee\\\/#\\\/schema\\\/logo\\\/image\\\/\",\"url\":\"https:\\\/\\\/easystar.ee\\\/wp-content\\\/uploads\\\/2024\\\/03\\\/easystar-logo.svg\",\"contentUrl\":\"https:\\\/\\\/easystar.ee\\\/wp-content\\\/uploads\\\/2024\\\/03\\\/easystar-logo.svg\",\"width\":2000,\"height\":2000,\"caption\":\"Easy Star O\u00dc\"},\"image\":{\"@id\":\"https:\\\/\\\/easystar.ee\\\/#\\\/schema\\\/logo\\\/image\\\/\"}}]}<\/script>\n<!-- \/ Yoast SEO plugin. -->","yoast_head_json":{"title":"BioBact Clean bioloogiline puhastusaine 1L kontsentraat KD714707 &#8212; Easy Star O\u00dc","robots":{"index":"index","follow":"follow","max-snippet":"max-snippet:-1","max-image-preview":"max-image-preview:large","max-video-preview":"max-video-preview:-1"},"canonical":"https:\/\/easystar.ee\/ru\/toode\/biobact-clean-bioloogiline-puhastusaine-1l-kontsentraat-kd714707\/","og_locale":"ru_RU","og_type":"article","og_title":"BioBact Clean bioloogiline puhastusaine 1L kontsentraat KD714707 &#8212; Easy Star O\u00dc","og_description":"\"BIOBACT clean on pH suhtes neutraalne puhastusvahend, mis puhastab ja k\u00f5rvaldab halva l\u00f5hna \u00fches etapis. Selle asemel, et lihtsalt varjata halbu l\u00f5hnu, lagundab BIOBACT clean t\u00f5husalt orgaanilisi aineid, nagu uriin ja toiduj\u00e4\u00e4gid, mis on ebameeldiva l\u00f5hnaga keskkonna peamine p\u00f5hjus. Lisatud parf\u00fc\u00fcm j\u00e4tab tuppa m\u00f5nusa ja meeldiva l\u00f5hna. BIOBACT clean'i regulaarne kasutamine takistab isegi orgaanilise mustuse (n\u00e4iteks tselluloosi, rasva, valkude ja t\u00e4rklise) uut kogunemist. Loobudes ohtlikest koostisosadest, on BIOBACT clean materjalis\u00f5bralik universaalne puhastusvahend sageli kasutatavatele aladele, j\u00e4\u00e4tmek\u00e4itluseks, avalikeks tualettideks \/ hooneteks. 100% looduslikest mikroorganismidest valmistatud BIOBACT clean on kasutamisel ohutu ja keskkonnale ohutu. BIOBACT clean on \u00fclimalt s\u00e4\u00e4stlikus pudelis, mis on valmistatud 100% ringlussev\u00f5etud plastikust, mis on p\u00e4rit \u201eKollasest kotist\u201d (tarbija j\u00e4rgne taaskasutus). Kontsentraat, doseerimine 10-20ml\/L, pH 7 (https:\/\/wmprof.com\/en\/int\/products_7\/SI_EN_BIOBACT_clean_TA00001.html?cat=141&amp;subCat=137&amp;subSubCat=186)","og_url":"https:\/\/easystar.ee\/ru\/toode\/biobact-clean-bioloogiline-puhastusaine-1l-kontsentraat-kd714707\/","og_site_name":"Easy Star O\u00dc","article_modified_time":"2025-10-30T01:40:44+00:00","og_image":[{"width":115,"height":344,"url":"https:\/\/easystar.ee\/wp-content\/uploads\/2024\/05\/714707.jpg","type":"image\/jpeg"}],"twitter_card":"summary_large_image","schema":{"@context":"https:\/\/schema.org","@graph":[{"@type":"WebPage","@id":"https:\/\/easystar.ee\/ru\/toode\/biobact-clean-bioloogiline-puhastusaine-1l-kontsentraat-kd714707\/","url":"https:\/\/easystar.ee\/ru\/toode\/biobact-clean-bioloogiline-puhastusaine-1l-kontsentraat-kd714707\/","name":"BioBact Clean bioloogiline puhastusaine 1L kontsentraat KD714707 &#8212; Easy Star O\u00dc","isPartOf":{"@id":"https:\/\/easystar.ee\/#website"},"primaryImageOfPage":{"@id":"https:\/\/easystar.ee\/ru\/toode\/biobact-clean-bioloogiline-puhastusaine-1l-kontsentraat-kd714707\/#primaryimage"},"image":{"@id":"https:\/\/easystar.ee\/ru\/toode\/biobact-clean-bioloogiline-puhastusaine-1l-kontsentraat-kd714707\/#primaryimage"},"thumbnailUrl":"https:\/\/easystar.ee\/wp-content\/uploads\/2024\/05\/714707.jpg","datePublished":"2024-05-31T10:13:32+00:00","dateModified":"2025-10-30T01:40:44+00:00","breadcrumb":{"@id":"https:\/\/easystar.ee\/ru\/toode\/biobact-clean-bioloogiline-puhastusaine-1l-kontsentraat-kd714707\/#breadcrumb"},"inLanguage":"ru-RU","potentialAction":[{"@type":"ReadAction","target":["https:\/\/easystar.ee\/ru\/toode\/biobact-clean-bioloogiline-puhastusaine-1l-kontsentraat-kd714707\/"]}]},{"@type":"ImageObject","inLanguage":"ru-RU","@id":"https:\/\/easystar.ee\/ru\/toode\/biobact-clean-bioloogiline-puhastusaine-1l-kontsentraat-kd714707\/#primaryimage","url":"https:\/\/easystar.ee\/wp-content\/uploads\/2024\/05\/714707.jpg","contentUrl":"https:\/\/easystar.ee\/wp-content\/uploads\/2024\/05\/714707.jpg","width":115,"height":344},{"@type":"BreadcrumbList","@id":"https:\/\/easystar.ee\/ru\/toode\/biobact-clean-bioloogiline-puhastusaine-1l-kontsentraat-kd714707\/#breadcrumb","itemListElement":[{"@type":"ListItem","position":1,"name":"Home","item":"https:\/\/easystar.ee\/ru\/"},{"@type":"ListItem","position":2,"name":"\u0422\u043e\u0432\u0430\u0440\u044b","item":"https:\/\/easystar.ee\/ru\/tovary\/"},{"@type":"ListItem","position":3,"name":"BioBact Clean bioloogiline puhastusaine 1L kontsentraat KD714707"}]},{"@type":"WebSite","@id":"https:\/\/easystar.ee\/#website","url":"https:\/\/easystar.ee\/","name":"Easystar.ee","description":"","publisher":{"@id":"https:\/\/easystar.ee\/#organization"},"alternateName":"Keskkonnas\u00f5bralikud pehmepaberitooted teie kontorisse","potentialAction":[{"@type":"SearchAction","target":{"@type":"EntryPoint","urlTemplate":"https:\/\/easystar.ee\/?s={search_term_string}"},"query-input":{"@type":"PropertyValueSpecification","valueRequired":true,"valueName":"search_term_string"}}],"inLanguage":"ru-RU"},{"@type":"Organization","@id":"https:\/\/easystar.ee\/#organization","name":"Easy Star O\u00dc","url":"https:\/\/easystar.ee\/","logo":{"@type":"ImageObject","inLanguage":"ru-RU","@id":"https:\/\/easystar.ee\/#\/schema\/logo\/image\/","url":"https:\/\/easystar.ee\/wp-content\/uploads\/2024\/03\/easystar-logo.svg","contentUrl":"https:\/\/easystar.ee\/wp-content\/uploads\/2024\/03\/easystar-logo.svg","width":2000,"height":2000,"caption":"Easy Star O\u00dc"},"image":{"@id":"https:\/\/easystar.ee\/#\/schema\/logo\/image\/"}}]}},"_links":{"self":[{"href":"https:\/\/easystar.ee\/ru\/wp-json\/wp\/v2\/product\/34569","targetHints":{"allow":["GET"]}}],"collection":[{"href":"https:\/\/easystar.ee\/ru\/wp-json\/wp\/v2\/product"}],"about":[{"href":"https:\/\/easystar.ee\/ru\/wp-json\/wp\/v2\/types\/product"}],"wp:featuredmedia":[{"embeddable":true,"href":"https:\/\/easystar.ee\/ru\/wp-json\/wp\/v2\/media\/34561"}],"wp:attachment":[{"href":"https:\/\/easystar.ee\/ru\/wp-json\/wp\/v2\/media?parent=34569"}],"wp:term":[{"taxonomy":"product_brand","embeddable":true,"href":"https:\/\/easystar.ee\/ru\/wp-json\/wp\/v2\/product_brand?post=34569"},{"taxonomy":"product_cat","embeddable":true,"href":"https:\/\/easystar.ee\/ru\/wp-json\/wp\/v2\/product_cat?post=34569"},{"taxonomy":"product_tag","embeddable":true,"href":"https:\/\/easystar.ee\/ru\/wp-json\/wp\/v2\/product_tag?post=34569"}],"curies":[{"name":"wp","href":"https:\/\/api.w.org\/{rel}","templated":true}]}}