{"id":34193,"date":"2024-05-31T10:02:41","date_gmt":"2024-05-31T10:02:41","guid":{"rendered":"https:\/\/easystar.ee\/toode\/vees-lahustuv-kott-pva-sm-660x840-25mic-25tkx4rll-kplh025\/"},"modified":"2025-10-30T01:39:30","modified_gmt":"2025-10-30T01:39:30","slug":"vees-lahustuv-kott-pva-sm-660x840-25mic-25tkx4rll-kplh025","status":"publish","type":"product","link":"https:\/\/easystar.ee\/ru\/toode\/vees-lahustuv-kott-pva-sm-660x840-25mic-25tkx4rll-kplh025\/","title":{"rendered":"Vees lahustuv kott PVA-SM 660X840\/25mic 25tkX4rll KPLH025"},"content":{"rendered":"","protected":false},"excerpt":{"rendered":"<p>Rullis on 25 kotti ja 4 rulli on kastis ehk kokku 100 kotti, maht 80L<br \/>\nTegemist on: 100% vees sulavad Pol\u00fcvin\u00fc\u00fclalkoholist (PVOH\/PVA) pesukottidega. Uued pesukotid on kilepaksusega 25 mikronit. See on hetkel soovituslikult minimaalne paksus kilele, silmas pidades Covid 19 viirusnakkust. Kotid on tavalisest v\u00e4rvimata kilest ja igal kotil on k\u00fcljes helepunane kinnituspael. Kott on t\u00e4ielikult lahustuv ja keskkonnaohutu pesukott. Lahustuvaid pesukotte kasutatakse laialdaselt kogu maailmas, eriti haiglates ja hoolduraviasutustes, kuna nende abil muudetakse personali kontakt nakkusohtliku ja ebameeldivalt m\u00e4\u00e4rdunud pesuga minimaalseks.<br \/>\nKott laguneb:  60*C juures 30sek; 65*C juures 20sek; 75*C juures 15 sekundit<br \/>\nKott lahustub t\u00e4ielikult: 60*C juures 300sek; 65*C juures 200sek; 75*C juures 180 sekundit<\/p>\n","protected":false},"featured_media":34182,"template":"","meta":{"_acf_changed":false},"product_brand":[],"product_cat":[1902,1908],"product_tag":[],"class_list":{"0":"post-34193","1":"product","2":"type-product","3":"status-publish","4":"has-post-thumbnail","6":"product_cat-pakety-dlja-musora-kp","7":"product_cat-pakety-dlja-musora-so-specialnoj-markirovkoj","9":"first","10":"instock","11":"taxable","12":"shipping-taxable","13":"purchasable","14":"product-type-simple"},"acf":[],"yoast_head":"<!-- This site is optimized with the Yoast SEO plugin v27.5 - https:\/\/yoast.com\/product\/yoast-seo-wordpress\/ -->\n<title>Vees lahustuv kott PVA-SM 660X840\/25mic 25tkX4rll KPLH025 &#8212; Easy Star O\u00dc<\/title>\n<meta name=\"robots\" content=\"index, follow, max-snippet:-1, max-image-preview:large, max-video-preview:-1\" \/>\n<link rel=\"canonical\" href=\"https:\/\/easystar.ee\/ru\/toode\/vees-lahustuv-kott-pva-sm-660x840-25mic-25tkx4rll-kplh025\/\" \/>\n<meta property=\"og:locale\" content=\"ru_RU\" \/>\n<meta property=\"og:type\" content=\"article\" \/>\n<meta property=\"og:title\" content=\"Vees lahustuv kott PVA-SM 660X840\/25mic 25tkX4rll KPLH025 &#8212; Easy Star O\u00dc\" \/>\n<meta property=\"og:description\" content=\"Rullis on 25 kotti ja 4 rulli on kastis ehk kokku 100 kotti, maht 80L Tegemist on: 100% vees sulavad Pol\u00fcvin\u00fc\u00fclalkoholist (PVOH\/PVA) pesukottidega. Uued pesukotid on kilepaksusega 25 mikronit. See on hetkel soovituslikult minimaalne paksus kilele, silmas pidades Covid 19 viirusnakkust. Kotid on tavalisest v\u00e4rvimata kilest ja igal kotil on k\u00fcljes helepunane kinnituspael. Kott on t\u00e4ielikult lahustuv ja keskkonnaohutu pesukott. Lahustuvaid pesukotte kasutatakse laialdaselt kogu maailmas, eriti haiglates ja hoolduraviasutustes, kuna nende abil muudetakse personali kontakt nakkusohtliku ja ebameeldivalt m\u00e4\u00e4rdunud pesuga minimaalseks.  Kott laguneb: 60*C juures 30sek; 65*C juures 20sek; 75*C juures 15 sekundit Kott lahustub t\u00e4ielikult: 60*C juures 300sek; 65*C juures 200sek; 75*C juures 180 sekundit\" \/>\n<meta property=\"og:url\" content=\"https:\/\/easystar.ee\/ru\/toode\/vees-lahustuv-kott-pva-sm-660x840-25mic-25tkx4rll-kplh025\/\" \/>\n<meta property=\"og:site_name\" content=\"Easy Star O\u00dc\" \/>\n<meta property=\"article:modified_time\" content=\"2025-10-30T01:39:30+00:00\" \/>\n<meta property=\"og:image\" content=\"https:\/\/easystar.ee\/wp-content\/uploads\/2024\/05\/KPLH025.jpg\" \/>\n\t<meta property=\"og:image:width\" content=\"174\" \/>\n\t<meta property=\"og:image:height\" content=\"320\" \/>\n\t<meta property=\"og:image:type\" content=\"image\/jpeg\" \/>\n<meta name=\"twitter:card\" content=\"summary_large_image\" \/>\n<script type=\"application\/ld+json\" class=\"yoast-schema-graph\">{\"@context\":\"https:\\\/\\\/schema.org\",\"@graph\":[{\"@type\":\"WebPage\",\"@id\":\"https:\\\/\\\/easystar.ee\\\/ru\\\/toode\\\/vees-lahustuv-kott-pva-sm-660x840-25mic-25tkx4rll-kplh025\\\/\",\"url\":\"https:\\\/\\\/easystar.ee\\\/ru\\\/toode\\\/vees-lahustuv-kott-pva-sm-660x840-25mic-25tkx4rll-kplh025\\\/\",\"name\":\"Vees lahustuv kott PVA-SM 660X840\\\/25mic 25tkX4rll KPLH025 &#8212; Easy Star O\u00dc\",\"isPartOf\":{\"@id\":\"https:\\\/\\\/easystar.ee\\\/#website\"},\"primaryImageOfPage\":{\"@id\":\"https:\\\/\\\/easystar.ee\\\/ru\\\/toode\\\/vees-lahustuv-kott-pva-sm-660x840-25mic-25tkx4rll-kplh025\\\/#primaryimage\"},\"image\":{\"@id\":\"https:\\\/\\\/easystar.ee\\\/ru\\\/toode\\\/vees-lahustuv-kott-pva-sm-660x840-25mic-25tkx4rll-kplh025\\\/#primaryimage\"},\"thumbnailUrl\":\"https:\\\/\\\/easystar.ee\\\/wp-content\\\/uploads\\\/2024\\\/05\\\/KPLH025.jpg\",\"datePublished\":\"2024-05-31T10:02:41+00:00\",\"dateModified\":\"2025-10-30T01:39:30+00:00\",\"breadcrumb\":{\"@id\":\"https:\\\/\\\/easystar.ee\\\/ru\\\/toode\\\/vees-lahustuv-kott-pva-sm-660x840-25mic-25tkx4rll-kplh025\\\/#breadcrumb\"},\"inLanguage\":\"ru-RU\",\"potentialAction\":[{\"@type\":\"ReadAction\",\"target\":[\"https:\\\/\\\/easystar.ee\\\/ru\\\/toode\\\/vees-lahustuv-kott-pva-sm-660x840-25mic-25tkx4rll-kplh025\\\/\"]}]},{\"@type\":\"ImageObject\",\"inLanguage\":\"ru-RU\",\"@id\":\"https:\\\/\\\/easystar.ee\\\/ru\\\/toode\\\/vees-lahustuv-kott-pva-sm-660x840-25mic-25tkx4rll-kplh025\\\/#primaryimage\",\"url\":\"https:\\\/\\\/easystar.ee\\\/wp-content\\\/uploads\\\/2024\\\/05\\\/KPLH025.jpg\",\"contentUrl\":\"https:\\\/\\\/easystar.ee\\\/wp-content\\\/uploads\\\/2024\\\/05\\\/KPLH025.jpg\",\"width\":174,\"height\":320},{\"@type\":\"BreadcrumbList\",\"@id\":\"https:\\\/\\\/easystar.ee\\\/ru\\\/toode\\\/vees-lahustuv-kott-pva-sm-660x840-25mic-25tkx4rll-kplh025\\\/#breadcrumb\",\"itemListElement\":[{\"@type\":\"ListItem\",\"position\":1,\"name\":\"Home\",\"item\":\"https:\\\/\\\/easystar.ee\\\/ru\\\/\"},{\"@type\":\"ListItem\",\"position\":2,\"name\":\"\u0422\u043e\u0432\u0430\u0440\u044b\",\"item\":\"https:\\\/\\\/easystar.ee\\\/ru\\\/tovary\\\/\"},{\"@type\":\"ListItem\",\"position\":3,\"name\":\"Vees lahustuv kott PVA-SM 660X840\\\/25mic 25tkX4rll KPLH025\"}]},{\"@type\":\"WebSite\",\"@id\":\"https:\\\/\\\/easystar.ee\\\/#website\",\"url\":\"https:\\\/\\\/easystar.ee\\\/\",\"name\":\"Easystar.ee\",\"description\":\"\",\"publisher\":{\"@id\":\"https:\\\/\\\/easystar.ee\\\/#organization\"},\"alternateName\":\"Keskkonnas\u00f5bralikud pehmepaberitooted teie kontorisse\",\"potentialAction\":[{\"@type\":\"SearchAction\",\"target\":{\"@type\":\"EntryPoint\",\"urlTemplate\":\"https:\\\/\\\/easystar.ee\\\/?s={search_term_string}\"},\"query-input\":{\"@type\":\"PropertyValueSpecification\",\"valueRequired\":true,\"valueName\":\"search_term_string\"}}],\"inLanguage\":\"ru-RU\"},{\"@type\":\"Organization\",\"@id\":\"https:\\\/\\\/easystar.ee\\\/#organization\",\"name\":\"Easy Star O\u00dc\",\"url\":\"https:\\\/\\\/easystar.ee\\\/\",\"logo\":{\"@type\":\"ImageObject\",\"inLanguage\":\"ru-RU\",\"@id\":\"https:\\\/\\\/easystar.ee\\\/#\\\/schema\\\/logo\\\/image\\\/\",\"url\":\"https:\\\/\\\/easystar.ee\\\/wp-content\\\/uploads\\\/2024\\\/03\\\/easystar-logo.svg\",\"contentUrl\":\"https:\\\/\\\/easystar.ee\\\/wp-content\\\/uploads\\\/2024\\\/03\\\/easystar-logo.svg\",\"width\":2000,\"height\":2000,\"caption\":\"Easy Star O\u00dc\"},\"image\":{\"@id\":\"https:\\\/\\\/easystar.ee\\\/#\\\/schema\\\/logo\\\/image\\\/\"}}]}<\/script>\n<!-- \/ Yoast SEO plugin. -->","yoast_head_json":{"title":"Vees lahustuv kott PVA-SM 660X840\/25mic 25tkX4rll KPLH025 &#8212; Easy Star O\u00dc","robots":{"index":"index","follow":"follow","max-snippet":"max-snippet:-1","max-image-preview":"max-image-preview:large","max-video-preview":"max-video-preview:-1"},"canonical":"https:\/\/easystar.ee\/ru\/toode\/vees-lahustuv-kott-pva-sm-660x840-25mic-25tkx4rll-kplh025\/","og_locale":"ru_RU","og_type":"article","og_title":"Vees lahustuv kott PVA-SM 660X840\/25mic 25tkX4rll KPLH025 &#8212; Easy Star O\u00dc","og_description":"Rullis on 25 kotti ja 4 rulli on kastis ehk kokku 100 kotti, maht 80L Tegemist on: 100% vees sulavad Pol\u00fcvin\u00fc\u00fclalkoholist (PVOH\/PVA) pesukottidega. Uued pesukotid on kilepaksusega 25 mikronit. See on hetkel soovituslikult minimaalne paksus kilele, silmas pidades Covid 19 viirusnakkust. Kotid on tavalisest v\u00e4rvimata kilest ja igal kotil on k\u00fcljes helepunane kinnituspael. Kott on t\u00e4ielikult lahustuv ja keskkonnaohutu pesukott. Lahustuvaid pesukotte kasutatakse laialdaselt kogu maailmas, eriti haiglates ja hoolduraviasutustes, kuna nende abil muudetakse personali kontakt nakkusohtliku ja ebameeldivalt m\u00e4\u00e4rdunud pesuga minimaalseks.  Kott laguneb: 60*C juures 30sek; 65*C juures 20sek; 75*C juures 15 sekundit Kott lahustub t\u00e4ielikult: 60*C juures 300sek; 65*C juures 200sek; 75*C juures 180 sekundit","og_url":"https:\/\/easystar.ee\/ru\/toode\/vees-lahustuv-kott-pva-sm-660x840-25mic-25tkx4rll-kplh025\/","og_site_name":"Easy Star O\u00dc","article_modified_time":"2025-10-30T01:39:30+00:00","og_image":[{"width":174,"height":320,"url":"https:\/\/easystar.ee\/wp-content\/uploads\/2024\/05\/KPLH025.jpg","type":"image\/jpeg"}],"twitter_card":"summary_large_image","schema":{"@context":"https:\/\/schema.org","@graph":[{"@type":"WebPage","@id":"https:\/\/easystar.ee\/ru\/toode\/vees-lahustuv-kott-pva-sm-660x840-25mic-25tkx4rll-kplh025\/","url":"https:\/\/easystar.ee\/ru\/toode\/vees-lahustuv-kott-pva-sm-660x840-25mic-25tkx4rll-kplh025\/","name":"Vees lahustuv kott PVA-SM 660X840\/25mic 25tkX4rll KPLH025 &#8212; Easy Star O\u00dc","isPartOf":{"@id":"https:\/\/easystar.ee\/#website"},"primaryImageOfPage":{"@id":"https:\/\/easystar.ee\/ru\/toode\/vees-lahustuv-kott-pva-sm-660x840-25mic-25tkx4rll-kplh025\/#primaryimage"},"image":{"@id":"https:\/\/easystar.ee\/ru\/toode\/vees-lahustuv-kott-pva-sm-660x840-25mic-25tkx4rll-kplh025\/#primaryimage"},"thumbnailUrl":"https:\/\/easystar.ee\/wp-content\/uploads\/2024\/05\/KPLH025.jpg","datePublished":"2024-05-31T10:02:41+00:00","dateModified":"2025-10-30T01:39:30+00:00","breadcrumb":{"@id":"https:\/\/easystar.ee\/ru\/toode\/vees-lahustuv-kott-pva-sm-660x840-25mic-25tkx4rll-kplh025\/#breadcrumb"},"inLanguage":"ru-RU","potentialAction":[{"@type":"ReadAction","target":["https:\/\/easystar.ee\/ru\/toode\/vees-lahustuv-kott-pva-sm-660x840-25mic-25tkx4rll-kplh025\/"]}]},{"@type":"ImageObject","inLanguage":"ru-RU","@id":"https:\/\/easystar.ee\/ru\/toode\/vees-lahustuv-kott-pva-sm-660x840-25mic-25tkx4rll-kplh025\/#primaryimage","url":"https:\/\/easystar.ee\/wp-content\/uploads\/2024\/05\/KPLH025.jpg","contentUrl":"https:\/\/easystar.ee\/wp-content\/uploads\/2024\/05\/KPLH025.jpg","width":174,"height":320},{"@type":"BreadcrumbList","@id":"https:\/\/easystar.ee\/ru\/toode\/vees-lahustuv-kott-pva-sm-660x840-25mic-25tkx4rll-kplh025\/#breadcrumb","itemListElement":[{"@type":"ListItem","position":1,"name":"Home","item":"https:\/\/easystar.ee\/ru\/"},{"@type":"ListItem","position":2,"name":"\u0422\u043e\u0432\u0430\u0440\u044b","item":"https:\/\/easystar.ee\/ru\/tovary\/"},{"@type":"ListItem","position":3,"name":"Vees lahustuv kott PVA-SM 660X840\/25mic 25tkX4rll KPLH025"}]},{"@type":"WebSite","@id":"https:\/\/easystar.ee\/#website","url":"https:\/\/easystar.ee\/","name":"Easystar.ee","description":"","publisher":{"@id":"https:\/\/easystar.ee\/#organization"},"alternateName":"Keskkonnas\u00f5bralikud pehmepaberitooted teie kontorisse","potentialAction":[{"@type":"SearchAction","target":{"@type":"EntryPoint","urlTemplate":"https:\/\/easystar.ee\/?s={search_term_string}"},"query-input":{"@type":"PropertyValueSpecification","valueRequired":true,"valueName":"search_term_string"}}],"inLanguage":"ru-RU"},{"@type":"Organization","@id":"https:\/\/easystar.ee\/#organization","name":"Easy Star O\u00dc","url":"https:\/\/easystar.ee\/","logo":{"@type":"ImageObject","inLanguage":"ru-RU","@id":"https:\/\/easystar.ee\/#\/schema\/logo\/image\/","url":"https:\/\/easystar.ee\/wp-content\/uploads\/2024\/03\/easystar-logo.svg","contentUrl":"https:\/\/easystar.ee\/wp-content\/uploads\/2024\/03\/easystar-logo.svg","width":2000,"height":2000,"caption":"Easy Star O\u00dc"},"image":{"@id":"https:\/\/easystar.ee\/#\/schema\/logo\/image\/"}}]}},"_links":{"self":[{"href":"https:\/\/easystar.ee\/ru\/wp-json\/wp\/v2\/product\/34193","targetHints":{"allow":["GET"]}}],"collection":[{"href":"https:\/\/easystar.ee\/ru\/wp-json\/wp\/v2\/product"}],"about":[{"href":"https:\/\/easystar.ee\/ru\/wp-json\/wp\/v2\/types\/product"}],"wp:featuredmedia":[{"embeddable":true,"href":"https:\/\/easystar.ee\/ru\/wp-json\/wp\/v2\/media\/34182"}],"wp:attachment":[{"href":"https:\/\/easystar.ee\/ru\/wp-json\/wp\/v2\/media?parent=34193"}],"wp:term":[{"taxonomy":"product_brand","embeddable":true,"href":"https:\/\/easystar.ee\/ru\/wp-json\/wp\/v2\/product_brand?post=34193"},{"taxonomy":"product_cat","embeddable":true,"href":"https:\/\/easystar.ee\/ru\/wp-json\/wp\/v2\/product_cat?post=34193"},{"taxonomy":"product_tag","embeddable":true,"href":"https:\/\/easystar.ee\/ru\/wp-json\/wp\/v2\/product_tag?post=34193"}],"curies":[{"name":"wp","href":"https:\/\/api.w.org\/{rel}","templated":true}]}}