{"id":34124,"date":"2024-05-31T10:02:04","date_gmt":"2024-05-31T10:02:04","guid":{"rendered":"https:\/\/easystar.ee\/toode\/nitriilkinnas-l-allfood-safe-puudrita-250tk-kt26114\/"},"modified":"2025-10-30T01:39:22","modified_gmt":"2025-10-30T01:39:22","slug":"nitriilkinnas-l-allfood-safe-puudrita-250tk-kt26114","status":"publish","type":"product","link":"https:\/\/easystar.ee\/ru\/toode\/nitriilkinnas-l-allfood-safe-puudrita-250tk-kt26114\/","title":{"rendered":"Nitriilkinnas L Allfood safe puudrita 250tk KT26114"},"content":{"rendered":"","protected":false},"excerpt":{"rendered":"<p>-Struktureeritud s\u00f5rmeotsad -Sobivad kasutamiseks toiduainetet\u00f6\u00f6stuses -V\u00e4ga hea tundlikkusega<br \/>\n\u00dchekordsed puudrivabad nitriilkindad Allfood Safe. Kummikindad on sobilikud eelk\u00f5ige toiduainet\u00f6\u00f6stuses kasutamiseks. Need sobituvad h\u00e4sti k\u00e4e kujuga, tehes toimetused k\u00f6\u00f6gis v\u00f5imalikult t\u00e4pseks ja mugavaks. Vastupidavad ja struktureeritud s\u00f5rmeotsad tagavad hea haardumise ka \u00f5liga t\u00f6\u00f6tades. Kinda pikkus on 24cm. Need kindad on m\u00f5lemat pidi kasutatavad. Valget kinnast v\u00f5imalik tellida. Vastavused: CE-t\u00e4his Toiduohutuse sertifikaat CAT I<\/p>\n","protected":false},"featured_media":34122,"template":"","meta":{"_acf_changed":false},"product_brand":[],"product_cat":[1950,1863],"product_tag":[],"class_list":{"0":"post-34124","1":"product","2":"type-product","3":"status-publish","4":"has-post-thumbnail","6":"product_cat-odnorazovye-perchatki","7":"product_cat-sredstva-individualnoj-zashhity-ik","9":"first","10":"instock","11":"taxable","12":"shipping-taxable","13":"purchasable","14":"product-type-simple"},"acf":[],"yoast_head":"<!-- This site is optimized with the Yoast SEO plugin v27.5 - https:\/\/yoast.com\/product\/yoast-seo-wordpress\/ -->\n<title>Nitriilkinnas L Allfood safe puudrita 250tk KT26114 &#8212; Easy Star O\u00dc<\/title>\n<meta name=\"robots\" content=\"index, follow, max-snippet:-1, max-image-preview:large, max-video-preview:-1\" \/>\n<link rel=\"canonical\" href=\"https:\/\/easystar.ee\/ru\/toode\/nitriilkinnas-l-allfood-safe-puudrita-250tk-kt26114\/\" \/>\n<meta property=\"og:locale\" content=\"ru_RU\" \/>\n<meta property=\"og:type\" content=\"article\" \/>\n<meta property=\"og:title\" content=\"Nitriilkinnas L Allfood safe puudrita 250tk KT26114 &#8212; Easy Star O\u00dc\" \/>\n<meta property=\"og:description\" content=\"-Struktureeritud s\u00f5rmeotsad -Sobivad kasutamiseks toiduainetet\u00f6\u00f6stuses -V\u00e4ga hea tundlikkusega \u00dchekordsed puudrivabad nitriilkindad Allfood Safe. Kummikindad on sobilikud eelk\u00f5ige toiduainet\u00f6\u00f6stuses kasutamiseks. Need sobituvad h\u00e4sti k\u00e4e kujuga, tehes toimetused k\u00f6\u00f6gis v\u00f5imalikult t\u00e4pseks ja mugavaks. Vastupidavad ja struktureeritud s\u00f5rmeotsad tagavad hea haardumise ka \u00f5liga t\u00f6\u00f6tades. Kinda pikkus on 24cm. Need kindad on m\u00f5lemat pidi kasutatavad. Valget kinnast v\u00f5imalik tellida. Vastavused: CE-t\u00e4his Toiduohutuse sertifikaat CAT I\" \/>\n<meta property=\"og:url\" content=\"https:\/\/easystar.ee\/ru\/toode\/nitriilkinnas-l-allfood-safe-puudrita-250tk-kt26114\/\" \/>\n<meta property=\"og:site_name\" content=\"Easy Star O\u00dc\" \/>\n<meta property=\"article:modified_time\" content=\"2025-10-30T01:39:22+00:00\" \/>\n<meta property=\"og:image\" content=\"https:\/\/easystar.ee\/wp-content\/uploads\/2024\/05\/26114.jpg\" \/>\n\t<meta property=\"og:image:width\" content=\"421\" \/>\n\t<meta property=\"og:image:height\" content=\"450\" \/>\n\t<meta property=\"og:image:type\" content=\"image\/jpeg\" \/>\n<meta name=\"twitter:card\" content=\"summary_large_image\" \/>\n<script type=\"application\/ld+json\" class=\"yoast-schema-graph\">{\"@context\":\"https:\\\/\\\/schema.org\",\"@graph\":[{\"@type\":\"WebPage\",\"@id\":\"https:\\\/\\\/easystar.ee\\\/ru\\\/toode\\\/nitriilkinnas-l-allfood-safe-puudrita-250tk-kt26114\\\/\",\"url\":\"https:\\\/\\\/easystar.ee\\\/ru\\\/toode\\\/nitriilkinnas-l-allfood-safe-puudrita-250tk-kt26114\\\/\",\"name\":\"Nitriilkinnas L Allfood safe puudrita 250tk KT26114 &#8212; Easy Star O\u00dc\",\"isPartOf\":{\"@id\":\"https:\\\/\\\/easystar.ee\\\/#website\"},\"primaryImageOfPage\":{\"@id\":\"https:\\\/\\\/easystar.ee\\\/ru\\\/toode\\\/nitriilkinnas-l-allfood-safe-puudrita-250tk-kt26114\\\/#primaryimage\"},\"image\":{\"@id\":\"https:\\\/\\\/easystar.ee\\\/ru\\\/toode\\\/nitriilkinnas-l-allfood-safe-puudrita-250tk-kt26114\\\/#primaryimage\"},\"thumbnailUrl\":\"https:\\\/\\\/easystar.ee\\\/wp-content\\\/uploads\\\/2024\\\/05\\\/26114.jpg\",\"datePublished\":\"2024-05-31T10:02:04+00:00\",\"dateModified\":\"2025-10-30T01:39:22+00:00\",\"breadcrumb\":{\"@id\":\"https:\\\/\\\/easystar.ee\\\/ru\\\/toode\\\/nitriilkinnas-l-allfood-safe-puudrita-250tk-kt26114\\\/#breadcrumb\"},\"inLanguage\":\"ru-RU\",\"potentialAction\":[{\"@type\":\"ReadAction\",\"target\":[\"https:\\\/\\\/easystar.ee\\\/ru\\\/toode\\\/nitriilkinnas-l-allfood-safe-puudrita-250tk-kt26114\\\/\"]}]},{\"@type\":\"ImageObject\",\"inLanguage\":\"ru-RU\",\"@id\":\"https:\\\/\\\/easystar.ee\\\/ru\\\/toode\\\/nitriilkinnas-l-allfood-safe-puudrita-250tk-kt26114\\\/#primaryimage\",\"url\":\"https:\\\/\\\/easystar.ee\\\/wp-content\\\/uploads\\\/2024\\\/05\\\/26114.jpg\",\"contentUrl\":\"https:\\\/\\\/easystar.ee\\\/wp-content\\\/uploads\\\/2024\\\/05\\\/26114.jpg\",\"width\":421,\"height\":450},{\"@type\":\"BreadcrumbList\",\"@id\":\"https:\\\/\\\/easystar.ee\\\/ru\\\/toode\\\/nitriilkinnas-l-allfood-safe-puudrita-250tk-kt26114\\\/#breadcrumb\",\"itemListElement\":[{\"@type\":\"ListItem\",\"position\":1,\"name\":\"Home\",\"item\":\"https:\\\/\\\/easystar.ee\\\/ru\\\/\"},{\"@type\":\"ListItem\",\"position\":2,\"name\":\"\u0422\u043e\u0432\u0430\u0440\u044b\",\"item\":\"https:\\\/\\\/easystar.ee\\\/ru\\\/tovary\\\/\"},{\"@type\":\"ListItem\",\"position\":3,\"name\":\"Nitriilkinnas L Allfood safe puudrita 250tk KT26114\"}]},{\"@type\":\"WebSite\",\"@id\":\"https:\\\/\\\/easystar.ee\\\/#website\",\"url\":\"https:\\\/\\\/easystar.ee\\\/\",\"name\":\"Easystar.ee\",\"description\":\"\",\"publisher\":{\"@id\":\"https:\\\/\\\/easystar.ee\\\/#organization\"},\"alternateName\":\"Keskkonnas\u00f5bralikud pehmepaberitooted teie kontorisse\",\"potentialAction\":[{\"@type\":\"SearchAction\",\"target\":{\"@type\":\"EntryPoint\",\"urlTemplate\":\"https:\\\/\\\/easystar.ee\\\/?s={search_term_string}\"},\"query-input\":{\"@type\":\"PropertyValueSpecification\",\"valueRequired\":true,\"valueName\":\"search_term_string\"}}],\"inLanguage\":\"ru-RU\"},{\"@type\":\"Organization\",\"@id\":\"https:\\\/\\\/easystar.ee\\\/#organization\",\"name\":\"Easy Star O\u00dc\",\"url\":\"https:\\\/\\\/easystar.ee\\\/\",\"logo\":{\"@type\":\"ImageObject\",\"inLanguage\":\"ru-RU\",\"@id\":\"https:\\\/\\\/easystar.ee\\\/#\\\/schema\\\/logo\\\/image\\\/\",\"url\":\"https:\\\/\\\/easystar.ee\\\/wp-content\\\/uploads\\\/2024\\\/03\\\/easystar-logo.svg\",\"contentUrl\":\"https:\\\/\\\/easystar.ee\\\/wp-content\\\/uploads\\\/2024\\\/03\\\/easystar-logo.svg\",\"width\":2000,\"height\":2000,\"caption\":\"Easy Star O\u00dc\"},\"image\":{\"@id\":\"https:\\\/\\\/easystar.ee\\\/#\\\/schema\\\/logo\\\/image\\\/\"}}]}<\/script>\n<!-- \/ Yoast SEO plugin. -->","yoast_head_json":{"title":"Nitriilkinnas L Allfood safe puudrita 250tk KT26114 &#8212; Easy Star O\u00dc","robots":{"index":"index","follow":"follow","max-snippet":"max-snippet:-1","max-image-preview":"max-image-preview:large","max-video-preview":"max-video-preview:-1"},"canonical":"https:\/\/easystar.ee\/ru\/toode\/nitriilkinnas-l-allfood-safe-puudrita-250tk-kt26114\/","og_locale":"ru_RU","og_type":"article","og_title":"Nitriilkinnas L Allfood safe puudrita 250tk KT26114 &#8212; Easy Star O\u00dc","og_description":"-Struktureeritud s\u00f5rmeotsad -Sobivad kasutamiseks toiduainetet\u00f6\u00f6stuses -V\u00e4ga hea tundlikkusega \u00dchekordsed puudrivabad nitriilkindad Allfood Safe. Kummikindad on sobilikud eelk\u00f5ige toiduainet\u00f6\u00f6stuses kasutamiseks. Need sobituvad h\u00e4sti k\u00e4e kujuga, tehes toimetused k\u00f6\u00f6gis v\u00f5imalikult t\u00e4pseks ja mugavaks. Vastupidavad ja struktureeritud s\u00f5rmeotsad tagavad hea haardumise ka \u00f5liga t\u00f6\u00f6tades. Kinda pikkus on 24cm. Need kindad on m\u00f5lemat pidi kasutatavad. Valget kinnast v\u00f5imalik tellida. Vastavused: CE-t\u00e4his Toiduohutuse sertifikaat CAT I","og_url":"https:\/\/easystar.ee\/ru\/toode\/nitriilkinnas-l-allfood-safe-puudrita-250tk-kt26114\/","og_site_name":"Easy Star O\u00dc","article_modified_time":"2025-10-30T01:39:22+00:00","og_image":[{"width":421,"height":450,"url":"https:\/\/easystar.ee\/wp-content\/uploads\/2024\/05\/26114.jpg","type":"image\/jpeg"}],"twitter_card":"summary_large_image","schema":{"@context":"https:\/\/schema.org","@graph":[{"@type":"WebPage","@id":"https:\/\/easystar.ee\/ru\/toode\/nitriilkinnas-l-allfood-safe-puudrita-250tk-kt26114\/","url":"https:\/\/easystar.ee\/ru\/toode\/nitriilkinnas-l-allfood-safe-puudrita-250tk-kt26114\/","name":"Nitriilkinnas L Allfood safe puudrita 250tk KT26114 &#8212; Easy Star O\u00dc","isPartOf":{"@id":"https:\/\/easystar.ee\/#website"},"primaryImageOfPage":{"@id":"https:\/\/easystar.ee\/ru\/toode\/nitriilkinnas-l-allfood-safe-puudrita-250tk-kt26114\/#primaryimage"},"image":{"@id":"https:\/\/easystar.ee\/ru\/toode\/nitriilkinnas-l-allfood-safe-puudrita-250tk-kt26114\/#primaryimage"},"thumbnailUrl":"https:\/\/easystar.ee\/wp-content\/uploads\/2024\/05\/26114.jpg","datePublished":"2024-05-31T10:02:04+00:00","dateModified":"2025-10-30T01:39:22+00:00","breadcrumb":{"@id":"https:\/\/easystar.ee\/ru\/toode\/nitriilkinnas-l-allfood-safe-puudrita-250tk-kt26114\/#breadcrumb"},"inLanguage":"ru-RU","potentialAction":[{"@type":"ReadAction","target":["https:\/\/easystar.ee\/ru\/toode\/nitriilkinnas-l-allfood-safe-puudrita-250tk-kt26114\/"]}]},{"@type":"ImageObject","inLanguage":"ru-RU","@id":"https:\/\/easystar.ee\/ru\/toode\/nitriilkinnas-l-allfood-safe-puudrita-250tk-kt26114\/#primaryimage","url":"https:\/\/easystar.ee\/wp-content\/uploads\/2024\/05\/26114.jpg","contentUrl":"https:\/\/easystar.ee\/wp-content\/uploads\/2024\/05\/26114.jpg","width":421,"height":450},{"@type":"BreadcrumbList","@id":"https:\/\/easystar.ee\/ru\/toode\/nitriilkinnas-l-allfood-safe-puudrita-250tk-kt26114\/#breadcrumb","itemListElement":[{"@type":"ListItem","position":1,"name":"Home","item":"https:\/\/easystar.ee\/ru\/"},{"@type":"ListItem","position":2,"name":"\u0422\u043e\u0432\u0430\u0440\u044b","item":"https:\/\/easystar.ee\/ru\/tovary\/"},{"@type":"ListItem","position":3,"name":"Nitriilkinnas L Allfood safe puudrita 250tk KT26114"}]},{"@type":"WebSite","@id":"https:\/\/easystar.ee\/#website","url":"https:\/\/easystar.ee\/","name":"Easystar.ee","description":"","publisher":{"@id":"https:\/\/easystar.ee\/#organization"},"alternateName":"Keskkonnas\u00f5bralikud pehmepaberitooted teie kontorisse","potentialAction":[{"@type":"SearchAction","target":{"@type":"EntryPoint","urlTemplate":"https:\/\/easystar.ee\/?s={search_term_string}"},"query-input":{"@type":"PropertyValueSpecification","valueRequired":true,"valueName":"search_term_string"}}],"inLanguage":"ru-RU"},{"@type":"Organization","@id":"https:\/\/easystar.ee\/#organization","name":"Easy Star O\u00dc","url":"https:\/\/easystar.ee\/","logo":{"@type":"ImageObject","inLanguage":"ru-RU","@id":"https:\/\/easystar.ee\/#\/schema\/logo\/image\/","url":"https:\/\/easystar.ee\/wp-content\/uploads\/2024\/03\/easystar-logo.svg","contentUrl":"https:\/\/easystar.ee\/wp-content\/uploads\/2024\/03\/easystar-logo.svg","width":2000,"height":2000,"caption":"Easy Star O\u00dc"},"image":{"@id":"https:\/\/easystar.ee\/#\/schema\/logo\/image\/"}}]}},"_links":{"self":[{"href":"https:\/\/easystar.ee\/ru\/wp-json\/wp\/v2\/product\/34124","targetHints":{"allow":["GET"]}}],"collection":[{"href":"https:\/\/easystar.ee\/ru\/wp-json\/wp\/v2\/product"}],"about":[{"href":"https:\/\/easystar.ee\/ru\/wp-json\/wp\/v2\/types\/product"}],"wp:featuredmedia":[{"embeddable":true,"href":"https:\/\/easystar.ee\/ru\/wp-json\/wp\/v2\/media\/34122"}],"wp:attachment":[{"href":"https:\/\/easystar.ee\/ru\/wp-json\/wp\/v2\/media?parent=34124"}],"wp:term":[{"taxonomy":"product_brand","embeddable":true,"href":"https:\/\/easystar.ee\/ru\/wp-json\/wp\/v2\/product_brand?post=34124"},{"taxonomy":"product_cat","embeddable":true,"href":"https:\/\/easystar.ee\/ru\/wp-json\/wp\/v2\/product_cat?post=34124"},{"taxonomy":"product_tag","embeddable":true,"href":"https:\/\/easystar.ee\/ru\/wp-json\/wp\/v2\/product_tag?post=34124"}],"curies":[{"name":"wp","href":"https:\/\/api.w.org\/{rel}","templated":true}]}}