{"id":34015,"date":"2024-05-31T10:01:08","date_gmt":"2024-05-31T10:01:08","guid":{"rendered":"https:\/\/easystar.ee\/toode\/katrin-puutevaba-vedel-ja-vahuseebidosaator-0-5l-valge-d44672\/"},"modified":"2026-03-14T01:30:05","modified_gmt":"2026-03-14T01:30:05","slug":"katrin-puutevaba-vedel-ja-vahuseebidosaator-0-5l-valge-d44672","status":"publish","type":"product","link":"https:\/\/easystar.ee\/ru\/toode\/katrin-puutevaba-vedel-ja-vahuseebidosaator-0-5l-valge-d44672\/","title":{"rendered":"Katrin puutevaba vedel-ja vahuseebidosaator 0.5L valge D44672"},"content":{"rendered":"","protected":false},"excerpt":{"rendered":"<p>sobiv toode: K48410 vahuseep<br \/>\nDosaatori t\u00e4helepanekud:<br \/>\n-pidev punane- kaas lahti<br \/>\n-roheline-valmiskasutuseks<br \/>\n-vilkuv punane- patarei t\u00fchjeneb<\/p>\n","protected":false},"featured_media":34004,"template":"","meta":{"_acf_changed":false},"product_brand":[],"product_cat":[1816,2000],"product_tag":[],"class_list":{"0":"post-34015","1":"product","2":"type-product","3":"status-publish","4":"has-post-thumbnail","6":"product_cat-dozatory","7":"product_cat-plastikovye","9":"first","10":"instock","11":"taxable","12":"shipping-taxable","13":"purchasable","14":"product-type-simple"},"acf":[],"yoast_head":"<!-- This site is optimized with the Yoast SEO plugin v27.3 - https:\/\/yoast.com\/product\/yoast-seo-wordpress\/ -->\n<title>Katrin puutevaba vedel-ja vahuseebidosaator 0.5L valge D44672 &#8212; Easy Star O\u00dc<\/title>\n<meta name=\"robots\" content=\"index, follow, max-snippet:-1, max-image-preview:large, max-video-preview:-1\" \/>\n<link rel=\"canonical\" href=\"https:\/\/easystar.ee\/toode\/katrin-puutevaba-vedel-ja-vahuseebidosaator-0-5l-valge-d44672\/\" \/>\n<meta property=\"og:locale\" content=\"ru_RU\" \/>\n<meta property=\"og:type\" content=\"article\" \/>\n<meta property=\"og:title\" content=\"Katrin puutevaba vedel-ja vahuseebidosaator 0.5L valge D44672 &#8212; Easy Star O\u00dc\" \/>\n<meta property=\"og:description\" content=\"sobiv toode: K48410 vahuseep Dosaatori t\u00e4helepanekud: -pidev punane- kaas lahti -roheline-valmiskasutuseks -vilkuv punane- patarei t\u00fchjeneb\" \/>\n<meta property=\"og:url\" content=\"https:\/\/easystar.ee\/toode\/katrin-puutevaba-vedel-ja-vahuseebidosaator-0-5l-valge-d44672\/\" \/>\n<meta property=\"og:site_name\" content=\"Easy Star O\u00dc\" \/>\n<meta property=\"article:modified_time\" content=\"2026-03-14T01:30:05+00:00\" \/>\n<meta property=\"og:image\" content=\"https:\/\/easystar.ee\/wp-content\/uploads\/2024\/05\/44672.jpg\" \/>\n\t<meta property=\"og:image:width\" content=\"144\" \/>\n\t<meta property=\"og:image:height\" content=\"291\" \/>\n\t<meta property=\"og:image:type\" content=\"image\/jpeg\" \/>\n<meta name=\"twitter:card\" content=\"summary_large_image\" \/>\n<script type=\"application\/ld+json\" class=\"yoast-schema-graph\">{\"@context\":\"https:\\\/\\\/schema.org\",\"@graph\":[{\"@type\":\"WebPage\",\"@id\":\"https:\\\/\\\/easystar.ee\\\/toode\\\/katrin-puutevaba-vedel-ja-vahuseebidosaator-0-5l-valge-d44672\\\/\",\"url\":\"https:\\\/\\\/easystar.ee\\\/toode\\\/katrin-puutevaba-vedel-ja-vahuseebidosaator-0-5l-valge-d44672\\\/\",\"name\":\"Katrin puutevaba vedel-ja vahuseebidosaator 0.5L valge D44672 &#8212; Easy Star O\u00dc\",\"isPartOf\":{\"@id\":\"https:\\\/\\\/easystar.ee\\\/#website\"},\"primaryImageOfPage\":{\"@id\":\"https:\\\/\\\/easystar.ee\\\/toode\\\/katrin-puutevaba-vedel-ja-vahuseebidosaator-0-5l-valge-d44672\\\/#primaryimage\"},\"image\":{\"@id\":\"https:\\\/\\\/easystar.ee\\\/toode\\\/katrin-puutevaba-vedel-ja-vahuseebidosaator-0-5l-valge-d44672\\\/#primaryimage\"},\"thumbnailUrl\":\"https:\\\/\\\/easystar.ee\\\/wp-content\\\/uploads\\\/2024\\\/05\\\/44672.jpg\",\"datePublished\":\"2024-05-31T10:01:08+00:00\",\"dateModified\":\"2026-03-14T01:30:05+00:00\",\"breadcrumb\":{\"@id\":\"https:\\\/\\\/easystar.ee\\\/toode\\\/katrin-puutevaba-vedel-ja-vahuseebidosaator-0-5l-valge-d44672\\\/#breadcrumb\"},\"inLanguage\":\"ru-RU\",\"potentialAction\":[{\"@type\":\"ReadAction\",\"target\":[\"https:\\\/\\\/easystar.ee\\\/toode\\\/katrin-puutevaba-vedel-ja-vahuseebidosaator-0-5l-valge-d44672\\\/\"]}]},{\"@type\":\"ImageObject\",\"inLanguage\":\"ru-RU\",\"@id\":\"https:\\\/\\\/easystar.ee\\\/toode\\\/katrin-puutevaba-vedel-ja-vahuseebidosaator-0-5l-valge-d44672\\\/#primaryimage\",\"url\":\"https:\\\/\\\/easystar.ee\\\/wp-content\\\/uploads\\\/2024\\\/05\\\/44672.jpg\",\"contentUrl\":\"https:\\\/\\\/easystar.ee\\\/wp-content\\\/uploads\\\/2024\\\/05\\\/44672.jpg\",\"width\":144,\"height\":291},{\"@type\":\"BreadcrumbList\",\"@id\":\"https:\\\/\\\/easystar.ee\\\/toode\\\/katrin-puutevaba-vedel-ja-vahuseebidosaator-0-5l-valge-d44672\\\/#breadcrumb\",\"itemListElement\":[{\"@type\":\"ListItem\",\"position\":1,\"name\":\"Home\",\"item\":\"https:\\\/\\\/easystar.ee\\\/ru\\\/\"},{\"@type\":\"ListItem\",\"position\":2,\"name\":\"\u0422\u043e\u0432\u0430\u0440\u044b\",\"item\":\"https:\\\/\\\/easystar.ee\\\/ru\\\/tovary\\\/\"},{\"@type\":\"ListItem\",\"position\":3,\"name\":\"Katrin puutevaba vedel-ja vahuseebidosaator 0.5L valge D44672\"}]},{\"@type\":\"WebSite\",\"@id\":\"https:\\\/\\\/easystar.ee\\\/#website\",\"url\":\"https:\\\/\\\/easystar.ee\\\/\",\"name\":\"Easystar.ee\",\"description\":\"\",\"publisher\":{\"@id\":\"https:\\\/\\\/easystar.ee\\\/#organization\"},\"alternateName\":\"Keskkonnas\u00f5bralikud pehmepaberitooted teie kontorisse\",\"potentialAction\":[{\"@type\":\"SearchAction\",\"target\":{\"@type\":\"EntryPoint\",\"urlTemplate\":\"https:\\\/\\\/easystar.ee\\\/?s={search_term_string}\"},\"query-input\":{\"@type\":\"PropertyValueSpecification\",\"valueRequired\":true,\"valueName\":\"search_term_string\"}}],\"inLanguage\":\"ru-RU\"},{\"@type\":\"Organization\",\"@id\":\"https:\\\/\\\/easystar.ee\\\/#organization\",\"name\":\"Easy Star O\u00dc\",\"url\":\"https:\\\/\\\/easystar.ee\\\/\",\"logo\":{\"@type\":\"ImageObject\",\"inLanguage\":\"ru-RU\",\"@id\":\"https:\\\/\\\/easystar.ee\\\/#\\\/schema\\\/logo\\\/image\\\/\",\"url\":\"https:\\\/\\\/easystar.ee\\\/wp-content\\\/uploads\\\/2024\\\/03\\\/easystar-logo.svg\",\"contentUrl\":\"https:\\\/\\\/easystar.ee\\\/wp-content\\\/uploads\\\/2024\\\/03\\\/easystar-logo.svg\",\"width\":2000,\"height\":2000,\"caption\":\"Easy Star O\u00dc\"},\"image\":{\"@id\":\"https:\\\/\\\/easystar.ee\\\/#\\\/schema\\\/logo\\\/image\\\/\"}}]}<\/script>\n<!-- \/ Yoast SEO plugin. -->","yoast_head_json":{"title":"Katrin puutevaba vedel-ja vahuseebidosaator 0.5L valge D44672 &#8212; Easy Star O\u00dc","robots":{"index":"index","follow":"follow","max-snippet":"max-snippet:-1","max-image-preview":"max-image-preview:large","max-video-preview":"max-video-preview:-1"},"canonical":"https:\/\/easystar.ee\/toode\/katrin-puutevaba-vedel-ja-vahuseebidosaator-0-5l-valge-d44672\/","og_locale":"ru_RU","og_type":"article","og_title":"Katrin puutevaba vedel-ja vahuseebidosaator 0.5L valge D44672 &#8212; Easy Star O\u00dc","og_description":"sobiv toode: K48410 vahuseep Dosaatori t\u00e4helepanekud: -pidev punane- kaas lahti -roheline-valmiskasutuseks -vilkuv punane- patarei t\u00fchjeneb","og_url":"https:\/\/easystar.ee\/toode\/katrin-puutevaba-vedel-ja-vahuseebidosaator-0-5l-valge-d44672\/","og_site_name":"Easy Star O\u00dc","article_modified_time":"2026-03-14T01:30:05+00:00","og_image":[{"width":144,"height":291,"url":"https:\/\/easystar.ee\/wp-content\/uploads\/2024\/05\/44672.jpg","type":"image\/jpeg"}],"twitter_card":"summary_large_image","schema":{"@context":"https:\/\/schema.org","@graph":[{"@type":"WebPage","@id":"https:\/\/easystar.ee\/toode\/katrin-puutevaba-vedel-ja-vahuseebidosaator-0-5l-valge-d44672\/","url":"https:\/\/easystar.ee\/toode\/katrin-puutevaba-vedel-ja-vahuseebidosaator-0-5l-valge-d44672\/","name":"Katrin puutevaba vedel-ja vahuseebidosaator 0.5L valge D44672 &#8212; Easy Star O\u00dc","isPartOf":{"@id":"https:\/\/easystar.ee\/#website"},"primaryImageOfPage":{"@id":"https:\/\/easystar.ee\/toode\/katrin-puutevaba-vedel-ja-vahuseebidosaator-0-5l-valge-d44672\/#primaryimage"},"image":{"@id":"https:\/\/easystar.ee\/toode\/katrin-puutevaba-vedel-ja-vahuseebidosaator-0-5l-valge-d44672\/#primaryimage"},"thumbnailUrl":"https:\/\/easystar.ee\/wp-content\/uploads\/2024\/05\/44672.jpg","datePublished":"2024-05-31T10:01:08+00:00","dateModified":"2026-03-14T01:30:05+00:00","breadcrumb":{"@id":"https:\/\/easystar.ee\/toode\/katrin-puutevaba-vedel-ja-vahuseebidosaator-0-5l-valge-d44672\/#breadcrumb"},"inLanguage":"ru-RU","potentialAction":[{"@type":"ReadAction","target":["https:\/\/easystar.ee\/toode\/katrin-puutevaba-vedel-ja-vahuseebidosaator-0-5l-valge-d44672\/"]}]},{"@type":"ImageObject","inLanguage":"ru-RU","@id":"https:\/\/easystar.ee\/toode\/katrin-puutevaba-vedel-ja-vahuseebidosaator-0-5l-valge-d44672\/#primaryimage","url":"https:\/\/easystar.ee\/wp-content\/uploads\/2024\/05\/44672.jpg","contentUrl":"https:\/\/easystar.ee\/wp-content\/uploads\/2024\/05\/44672.jpg","width":144,"height":291},{"@type":"BreadcrumbList","@id":"https:\/\/easystar.ee\/toode\/katrin-puutevaba-vedel-ja-vahuseebidosaator-0-5l-valge-d44672\/#breadcrumb","itemListElement":[{"@type":"ListItem","position":1,"name":"Home","item":"https:\/\/easystar.ee\/ru\/"},{"@type":"ListItem","position":2,"name":"\u0422\u043e\u0432\u0430\u0440\u044b","item":"https:\/\/easystar.ee\/ru\/tovary\/"},{"@type":"ListItem","position":3,"name":"Katrin puutevaba vedel-ja vahuseebidosaator 0.5L valge D44672"}]},{"@type":"WebSite","@id":"https:\/\/easystar.ee\/#website","url":"https:\/\/easystar.ee\/","name":"Easystar.ee","description":"","publisher":{"@id":"https:\/\/easystar.ee\/#organization"},"alternateName":"Keskkonnas\u00f5bralikud pehmepaberitooted teie kontorisse","potentialAction":[{"@type":"SearchAction","target":{"@type":"EntryPoint","urlTemplate":"https:\/\/easystar.ee\/?s={search_term_string}"},"query-input":{"@type":"PropertyValueSpecification","valueRequired":true,"valueName":"search_term_string"}}],"inLanguage":"ru-RU"},{"@type":"Organization","@id":"https:\/\/easystar.ee\/#organization","name":"Easy Star O\u00dc","url":"https:\/\/easystar.ee\/","logo":{"@type":"ImageObject","inLanguage":"ru-RU","@id":"https:\/\/easystar.ee\/#\/schema\/logo\/image\/","url":"https:\/\/easystar.ee\/wp-content\/uploads\/2024\/03\/easystar-logo.svg","contentUrl":"https:\/\/easystar.ee\/wp-content\/uploads\/2024\/03\/easystar-logo.svg","width":2000,"height":2000,"caption":"Easy Star O\u00dc"},"image":{"@id":"https:\/\/easystar.ee\/#\/schema\/logo\/image\/"}}]}},"_links":{"self":[{"href":"https:\/\/easystar.ee\/ru\/wp-json\/wp\/v2\/product\/34015","targetHints":{"allow":["GET"]}}],"collection":[{"href":"https:\/\/easystar.ee\/ru\/wp-json\/wp\/v2\/product"}],"about":[{"href":"https:\/\/easystar.ee\/ru\/wp-json\/wp\/v2\/types\/product"}],"wp:featuredmedia":[{"embeddable":true,"href":"https:\/\/easystar.ee\/ru\/wp-json\/wp\/v2\/media\/34004"}],"wp:attachment":[{"href":"https:\/\/easystar.ee\/ru\/wp-json\/wp\/v2\/media?parent=34015"}],"wp:term":[{"taxonomy":"product_brand","embeddable":true,"href":"https:\/\/easystar.ee\/ru\/wp-json\/wp\/v2\/product_brand?post=34015"},{"taxonomy":"product_cat","embeddable":true,"href":"https:\/\/easystar.ee\/ru\/wp-json\/wp\/v2\/product_cat?post=34015"},{"taxonomy":"product_tag","embeddable":true,"href":"https:\/\/easystar.ee\/ru\/wp-json\/wp\/v2\/product_tag?post=34015"}],"curies":[{"name":"wp","href":"https:\/\/api.w.org\/{rel}","templated":true}]}}