{"id":33979,"date":"2024-05-31T10:00:51","date_gmt":"2024-05-31T10:00:51","guid":{"rendered":"https:\/\/easystar.ee\/toode\/tuhatoos-scott-seinale-must-d126812\/"},"modified":"2025-10-30T01:39:06","modified_gmt":"2025-10-30T01:39:06","slug":"tuhatoos-scott-seinale-must-d126812","status":"publish","type":"product","link":"https:\/\/easystar.ee\/ru\/toode\/tuhatoos-scott-seinale-must-d126812\/","title":{"rendered":"Tuhatoos Scott seinale must D126812"},"content":{"rendered":"","protected":false},"excerpt":{"rendered":"<p>Ruumis\u00e4\u00e4stlik tuhatoos, mis on ideaalne kitsastesse oludesse. Nutikas disain v\u00f5imaldab tuhatoosi t\u00fchjandada seda ettepool kallutades ilma, et oleks vaja tuhatoos kinnitusest lahti v\u00f5tta. Lehtri kujuga kaas, milles on v\u00e4ike ava, l\u00e4mmatab h\u00f5\u00f5guva tuha. See v\u00e4hendab suitsu hulka ning summutav efekt ennetab ka tulekahju teket. Tuhatoos on valmistatud pulberv\u00e4rvitud lehtmetallist. Soovitame kinnitada tuhatoos katuse alla, et ennetada vihma ning lume sadamist anumasse. K\u00f5rgus:\t160 mm Diameeter:\t160 mm V\u00e4rv:\tMust Materjal:\tMetall Paigutus:\tSeainale monteeritav Kaal:\t1,16 kg Montaa\u017e:\tMonteeritud Garantii:\t3 aastat<br \/>\nV\u00e4ike ning nutikas disain T\u00fchjendamiseks ettepoole kallutatav Tulekindel kaas V\u00e4ike ning ohutu tuhatoos, mis on seinale kinnitatav. T\u00fchjendage tuhatoos seda ettepoole kallutades. Komplektis kinnitus ning kruvid seinale paigaldamiseks.<\/p>\n","protected":false},"featured_media":33977,"template":"","meta":{"_acf_changed":false},"product_brand":[],"product_cat":[2015,1816],"product_tag":[],"class_list":{"0":"post-33979","1":"product","2":"type-product","3":"status-publish","4":"has-post-thumbnail","6":"product_cat-prugikastid-ja-paberikorvid-ru","7":"product_cat-dozatory","9":"first","10":"onbackorder","11":"taxable","12":"shipping-taxable","13":"purchasable","14":"product-type-simple"},"acf":[],"yoast_head":"<!-- This site is optimized with the Yoast SEO plugin v27.5 - https:\/\/yoast.com\/product\/yoast-seo-wordpress\/ -->\n<title>Tuhatoos Scott seinale must D126812 &#8212; Easy Star O\u00dc<\/title>\n<meta name=\"robots\" content=\"index, follow, max-snippet:-1, max-image-preview:large, max-video-preview:-1\" \/>\n<link rel=\"canonical\" href=\"https:\/\/easystar.ee\/ru\/toode\/tuhatoos-scott-seinale-must-d126812\/\" \/>\n<meta property=\"og:locale\" content=\"ru_RU\" \/>\n<meta property=\"og:type\" content=\"article\" \/>\n<meta property=\"og:title\" content=\"Tuhatoos Scott seinale must D126812 &#8212; Easy Star O\u00dc\" \/>\n<meta property=\"og:description\" content=\"Ruumis\u00e4\u00e4stlik tuhatoos, mis on ideaalne kitsastesse oludesse. Nutikas disain v\u00f5imaldab tuhatoosi t\u00fchjandada seda ettepool kallutades ilma, et oleks vaja tuhatoos kinnitusest lahti v\u00f5tta. Lehtri kujuga kaas, milles on v\u00e4ike ava, l\u00e4mmatab h\u00f5\u00f5guva tuha. See v\u00e4hendab suitsu hulka ning summutav efekt ennetab ka tulekahju teket. Tuhatoos on valmistatud pulberv\u00e4rvitud lehtmetallist. Soovitame kinnitada tuhatoos katuse alla, et ennetada vihma ning lume sadamist anumasse. K\u00f5rgus: 160 mm Diameeter: 160 mm V\u00e4rv: Must Materjal: Metall Paigutus: Seainale monteeritav Kaal: 1,16 kg Montaa\u017e: Monteeritud Garantii: 3 aastat V\u00e4ike ning nutikas disain T\u00fchjendamiseks ettepoole kallutatav Tulekindel kaas V\u00e4ike ning ohutu tuhatoos, mis on seinale kinnitatav. T\u00fchjendage tuhatoos seda ettepoole kallutades. Komplektis kinnitus ning kruvid seinale paigaldamiseks.\" \/>\n<meta property=\"og:url\" content=\"https:\/\/easystar.ee\/ru\/toode\/tuhatoos-scott-seinale-must-d126812\/\" \/>\n<meta property=\"og:site_name\" content=\"Easy Star O\u00dc\" \/>\n<meta property=\"article:modified_time\" content=\"2025-10-30T01:39:06+00:00\" \/>\n<meta property=\"og:image\" content=\"https:\/\/easystar.ee\/wp-content\/uploads\/2024\/05\/Screenshot_2020-02-18_at_085130.png\" \/>\n\t<meta property=\"og:image:width\" content=\"426\" \/>\n\t<meta property=\"og:image:height\" content=\"405\" \/>\n\t<meta property=\"og:image:type\" content=\"image\/png\" \/>\n<meta name=\"twitter:card\" content=\"summary_large_image\" \/>\n<script type=\"application\/ld+json\" class=\"yoast-schema-graph\">{\"@context\":\"https:\\\/\\\/schema.org\",\"@graph\":[{\"@type\":\"WebPage\",\"@id\":\"https:\\\/\\\/easystar.ee\\\/ru\\\/toode\\\/tuhatoos-scott-seinale-must-d126812\\\/\",\"url\":\"https:\\\/\\\/easystar.ee\\\/ru\\\/toode\\\/tuhatoos-scott-seinale-must-d126812\\\/\",\"name\":\"Tuhatoos Scott seinale must D126812 &#8212; Easy Star O\u00dc\",\"isPartOf\":{\"@id\":\"https:\\\/\\\/easystar.ee\\\/#website\"},\"primaryImageOfPage\":{\"@id\":\"https:\\\/\\\/easystar.ee\\\/ru\\\/toode\\\/tuhatoos-scott-seinale-must-d126812\\\/#primaryimage\"},\"image\":{\"@id\":\"https:\\\/\\\/easystar.ee\\\/ru\\\/toode\\\/tuhatoos-scott-seinale-must-d126812\\\/#primaryimage\"},\"thumbnailUrl\":\"https:\\\/\\\/easystar.ee\\\/wp-content\\\/uploads\\\/2024\\\/05\\\/Screenshot_2020-02-18_at_085130.png\",\"datePublished\":\"2024-05-31T10:00:51+00:00\",\"dateModified\":\"2025-10-30T01:39:06+00:00\",\"breadcrumb\":{\"@id\":\"https:\\\/\\\/easystar.ee\\\/ru\\\/toode\\\/tuhatoos-scott-seinale-must-d126812\\\/#breadcrumb\"},\"inLanguage\":\"ru-RU\",\"potentialAction\":[{\"@type\":\"ReadAction\",\"target\":[\"https:\\\/\\\/easystar.ee\\\/ru\\\/toode\\\/tuhatoos-scott-seinale-must-d126812\\\/\"]}]},{\"@type\":\"ImageObject\",\"inLanguage\":\"ru-RU\",\"@id\":\"https:\\\/\\\/easystar.ee\\\/ru\\\/toode\\\/tuhatoos-scott-seinale-must-d126812\\\/#primaryimage\",\"url\":\"https:\\\/\\\/easystar.ee\\\/wp-content\\\/uploads\\\/2024\\\/05\\\/Screenshot_2020-02-18_at_085130.png\",\"contentUrl\":\"https:\\\/\\\/easystar.ee\\\/wp-content\\\/uploads\\\/2024\\\/05\\\/Screenshot_2020-02-18_at_085130.png\",\"width\":426,\"height\":405},{\"@type\":\"BreadcrumbList\",\"@id\":\"https:\\\/\\\/easystar.ee\\\/ru\\\/toode\\\/tuhatoos-scott-seinale-must-d126812\\\/#breadcrumb\",\"itemListElement\":[{\"@type\":\"ListItem\",\"position\":1,\"name\":\"Home\",\"item\":\"https:\\\/\\\/easystar.ee\\\/ru\\\/\"},{\"@type\":\"ListItem\",\"position\":2,\"name\":\"\u0422\u043e\u0432\u0430\u0440\u044b\",\"item\":\"https:\\\/\\\/easystar.ee\\\/ru\\\/tovary\\\/\"},{\"@type\":\"ListItem\",\"position\":3,\"name\":\"Tuhatoos Scott seinale must D126812\"}]},{\"@type\":\"WebSite\",\"@id\":\"https:\\\/\\\/easystar.ee\\\/#website\",\"url\":\"https:\\\/\\\/easystar.ee\\\/\",\"name\":\"Easystar.ee\",\"description\":\"\",\"publisher\":{\"@id\":\"https:\\\/\\\/easystar.ee\\\/#organization\"},\"alternateName\":\"Keskkonnas\u00f5bralikud pehmepaberitooted teie kontorisse\",\"potentialAction\":[{\"@type\":\"SearchAction\",\"target\":{\"@type\":\"EntryPoint\",\"urlTemplate\":\"https:\\\/\\\/easystar.ee\\\/?s={search_term_string}\"},\"query-input\":{\"@type\":\"PropertyValueSpecification\",\"valueRequired\":true,\"valueName\":\"search_term_string\"}}],\"inLanguage\":\"ru-RU\"},{\"@type\":\"Organization\",\"@id\":\"https:\\\/\\\/easystar.ee\\\/#organization\",\"name\":\"Easy Star O\u00dc\",\"url\":\"https:\\\/\\\/easystar.ee\\\/\",\"logo\":{\"@type\":\"ImageObject\",\"inLanguage\":\"ru-RU\",\"@id\":\"https:\\\/\\\/easystar.ee\\\/#\\\/schema\\\/logo\\\/image\\\/\",\"url\":\"https:\\\/\\\/easystar.ee\\\/wp-content\\\/uploads\\\/2024\\\/03\\\/easystar-logo.svg\",\"contentUrl\":\"https:\\\/\\\/easystar.ee\\\/wp-content\\\/uploads\\\/2024\\\/03\\\/easystar-logo.svg\",\"width\":2000,\"height\":2000,\"caption\":\"Easy Star O\u00dc\"},\"image\":{\"@id\":\"https:\\\/\\\/easystar.ee\\\/#\\\/schema\\\/logo\\\/image\\\/\"}}]}<\/script>\n<!-- \/ Yoast SEO plugin. -->","yoast_head_json":{"title":"Tuhatoos Scott seinale must D126812 &#8212; Easy Star O\u00dc","robots":{"index":"index","follow":"follow","max-snippet":"max-snippet:-1","max-image-preview":"max-image-preview:large","max-video-preview":"max-video-preview:-1"},"canonical":"https:\/\/easystar.ee\/ru\/toode\/tuhatoos-scott-seinale-must-d126812\/","og_locale":"ru_RU","og_type":"article","og_title":"Tuhatoos Scott seinale must D126812 &#8212; Easy Star O\u00dc","og_description":"Ruumis\u00e4\u00e4stlik tuhatoos, mis on ideaalne kitsastesse oludesse. Nutikas disain v\u00f5imaldab tuhatoosi t\u00fchjandada seda ettepool kallutades ilma, et oleks vaja tuhatoos kinnitusest lahti v\u00f5tta. Lehtri kujuga kaas, milles on v\u00e4ike ava, l\u00e4mmatab h\u00f5\u00f5guva tuha. See v\u00e4hendab suitsu hulka ning summutav efekt ennetab ka tulekahju teket. Tuhatoos on valmistatud pulberv\u00e4rvitud lehtmetallist. Soovitame kinnitada tuhatoos katuse alla, et ennetada vihma ning lume sadamist anumasse. K\u00f5rgus: 160 mm Diameeter: 160 mm V\u00e4rv: Must Materjal: Metall Paigutus: Seainale monteeritav Kaal: 1,16 kg Montaa\u017e: Monteeritud Garantii: 3 aastat V\u00e4ike ning nutikas disain T\u00fchjendamiseks ettepoole kallutatav Tulekindel kaas V\u00e4ike ning ohutu tuhatoos, mis on seinale kinnitatav. T\u00fchjendage tuhatoos seda ettepoole kallutades. Komplektis kinnitus ning kruvid seinale paigaldamiseks.","og_url":"https:\/\/easystar.ee\/ru\/toode\/tuhatoos-scott-seinale-must-d126812\/","og_site_name":"Easy Star O\u00dc","article_modified_time":"2025-10-30T01:39:06+00:00","og_image":[{"width":426,"height":405,"url":"https:\/\/easystar.ee\/wp-content\/uploads\/2024\/05\/Screenshot_2020-02-18_at_085130.png","type":"image\/png"}],"twitter_card":"summary_large_image","schema":{"@context":"https:\/\/schema.org","@graph":[{"@type":"WebPage","@id":"https:\/\/easystar.ee\/ru\/toode\/tuhatoos-scott-seinale-must-d126812\/","url":"https:\/\/easystar.ee\/ru\/toode\/tuhatoos-scott-seinale-must-d126812\/","name":"Tuhatoos Scott seinale must D126812 &#8212; Easy Star O\u00dc","isPartOf":{"@id":"https:\/\/easystar.ee\/#website"},"primaryImageOfPage":{"@id":"https:\/\/easystar.ee\/ru\/toode\/tuhatoos-scott-seinale-must-d126812\/#primaryimage"},"image":{"@id":"https:\/\/easystar.ee\/ru\/toode\/tuhatoos-scott-seinale-must-d126812\/#primaryimage"},"thumbnailUrl":"https:\/\/easystar.ee\/wp-content\/uploads\/2024\/05\/Screenshot_2020-02-18_at_085130.png","datePublished":"2024-05-31T10:00:51+00:00","dateModified":"2025-10-30T01:39:06+00:00","breadcrumb":{"@id":"https:\/\/easystar.ee\/ru\/toode\/tuhatoos-scott-seinale-must-d126812\/#breadcrumb"},"inLanguage":"ru-RU","potentialAction":[{"@type":"ReadAction","target":["https:\/\/easystar.ee\/ru\/toode\/tuhatoos-scott-seinale-must-d126812\/"]}]},{"@type":"ImageObject","inLanguage":"ru-RU","@id":"https:\/\/easystar.ee\/ru\/toode\/tuhatoos-scott-seinale-must-d126812\/#primaryimage","url":"https:\/\/easystar.ee\/wp-content\/uploads\/2024\/05\/Screenshot_2020-02-18_at_085130.png","contentUrl":"https:\/\/easystar.ee\/wp-content\/uploads\/2024\/05\/Screenshot_2020-02-18_at_085130.png","width":426,"height":405},{"@type":"BreadcrumbList","@id":"https:\/\/easystar.ee\/ru\/toode\/tuhatoos-scott-seinale-must-d126812\/#breadcrumb","itemListElement":[{"@type":"ListItem","position":1,"name":"Home","item":"https:\/\/easystar.ee\/ru\/"},{"@type":"ListItem","position":2,"name":"\u0422\u043e\u0432\u0430\u0440\u044b","item":"https:\/\/easystar.ee\/ru\/tovary\/"},{"@type":"ListItem","position":3,"name":"Tuhatoos Scott seinale must D126812"}]},{"@type":"WebSite","@id":"https:\/\/easystar.ee\/#website","url":"https:\/\/easystar.ee\/","name":"Easystar.ee","description":"","publisher":{"@id":"https:\/\/easystar.ee\/#organization"},"alternateName":"Keskkonnas\u00f5bralikud pehmepaberitooted teie kontorisse","potentialAction":[{"@type":"SearchAction","target":{"@type":"EntryPoint","urlTemplate":"https:\/\/easystar.ee\/?s={search_term_string}"},"query-input":{"@type":"PropertyValueSpecification","valueRequired":true,"valueName":"search_term_string"}}],"inLanguage":"ru-RU"},{"@type":"Organization","@id":"https:\/\/easystar.ee\/#organization","name":"Easy Star O\u00dc","url":"https:\/\/easystar.ee\/","logo":{"@type":"ImageObject","inLanguage":"ru-RU","@id":"https:\/\/easystar.ee\/#\/schema\/logo\/image\/","url":"https:\/\/easystar.ee\/wp-content\/uploads\/2024\/03\/easystar-logo.svg","contentUrl":"https:\/\/easystar.ee\/wp-content\/uploads\/2024\/03\/easystar-logo.svg","width":2000,"height":2000,"caption":"Easy Star O\u00dc"},"image":{"@id":"https:\/\/easystar.ee\/#\/schema\/logo\/image\/"}}]}},"_links":{"self":[{"href":"https:\/\/easystar.ee\/ru\/wp-json\/wp\/v2\/product\/33979","targetHints":{"allow":["GET"]}}],"collection":[{"href":"https:\/\/easystar.ee\/ru\/wp-json\/wp\/v2\/product"}],"about":[{"href":"https:\/\/easystar.ee\/ru\/wp-json\/wp\/v2\/types\/product"}],"wp:featuredmedia":[{"embeddable":true,"href":"https:\/\/easystar.ee\/ru\/wp-json\/wp\/v2\/media\/33977"}],"wp:attachment":[{"href":"https:\/\/easystar.ee\/ru\/wp-json\/wp\/v2\/media?parent=33979"}],"wp:term":[{"taxonomy":"product_brand","embeddable":true,"href":"https:\/\/easystar.ee\/ru\/wp-json\/wp\/v2\/product_brand?post=33979"},{"taxonomy":"product_cat","embeddable":true,"href":"https:\/\/easystar.ee\/ru\/wp-json\/wp\/v2\/product_cat?post=33979"},{"taxonomy":"product_tag","embeddable":true,"href":"https:\/\/easystar.ee\/ru\/wp-json\/wp\/v2\/product_tag?post=33979"}],"curies":[{"name":"wp","href":"https:\/\/api.w.org\/{rel}","templated":true}]}}