{"id":33928,"date":"2024-05-31T10:00:32","date_gmt":"2024-05-31T10:00:32","guid":{"rendered":"https:\/\/easystar.ee\/toode\/frosch-kuurimiskreem-sidrun-500ml-oko-k0104688\/"},"modified":"2026-03-28T01:31:21","modified_gmt":"2026-03-28T01:31:21","slug":"frosch-kuurimiskreem-sidrun-500ml-oko-k0104688","status":"publish","type":"product","link":"https:\/\/easystar.ee\/ru\/toode\/frosch-kuurimiskreem-sidrun-500ml-oko-k0104688\/","title":{"rendered":"Frosch k\u00fc\u00fcrimiskreem sidrun 500ml \u00f6ko K0104688"},"content":{"rendered":"","protected":false},"excerpt":{"rendered":"<p>Sidrunil\u00f5hnalise k\u00fc\u00fcrimiskreemi efektiivne puhastustoime p\u00f5hineb looduslikul marmorijahul ja sidrunikoorest saadava ekstrakti rasvaeemaldamisv\u00f5imel. Vahendi koostises olevad pindaktiivsed ained lagunevad looduses 98% ulatuses.<br \/>\nKasutamine: Niiske r\u00e4ti v\u00f5i svammi abil kanda vahend lahustamata kujul m\u00e4\u00e4rdunud pinnale, p\u00e4rast puhastamist loputada pind puhtaks. Sobib kasutada keraamika, emaili ja terase puhastamiseks. Mitte kasutada tugeva, kraapiva pinnaga abrasiivseid svamme.<br \/>\nHoiatused: Hoida lastele k\u00e4ttesaamatult. Hoida eemal toiduainetest, joogist ja loomas\u00f6\u00f6dast.<br \/>\nKasutamisk\u00f5lblik 2 aastat valmistamiskuup\u00e4evast, mis on m\u00e4rgitud pakendile. pH 10,4<\/p>\n","protected":false},"featured_media":33920,"template":"","meta":{"_acf_changed":false},"product_brand":[],"product_cat":[1831,1985],"product_tag":[],"class_list":{"0":"post-33928","1":"product","2":"type-product","3":"status-publish","4":"has-post-thumbnail","6":"product_cat-himija","7":"product_cat-shhelochnye-sredstva-kuhnya-tualet-truby","9":"first","10":"instock","11":"taxable","12":"shipping-taxable","13":"purchasable","14":"product-type-simple"},"acf":[],"yoast_head":"<!-- This site is optimized with the Yoast SEO plugin v27.3 - https:\/\/yoast.com\/product\/yoast-seo-wordpress\/ -->\n<title>Frosch k\u00fc\u00fcrimiskreem sidrun 500ml \u00f6ko K0104688 &#8212; Easy Star O\u00dc<\/title>\n<meta name=\"robots\" content=\"index, follow, max-snippet:-1, max-image-preview:large, max-video-preview:-1\" \/>\n<link rel=\"canonical\" href=\"https:\/\/easystar.ee\/toode\/frosch-kuurimiskreem-sidrun-500ml-oko-k0104688\/\" \/>\n<meta property=\"og:locale\" content=\"ru_RU\" \/>\n<meta property=\"og:type\" content=\"article\" \/>\n<meta property=\"og:title\" content=\"Frosch k\u00fc\u00fcrimiskreem sidrun 500ml \u00f6ko K0104688 &#8212; Easy Star O\u00dc\" \/>\n<meta property=\"og:description\" content=\"Sidrunil\u00f5hnalise k\u00fc\u00fcrimiskreemi efektiivne puhastustoime p\u00f5hineb looduslikul marmorijahul ja sidrunikoorest saadava ekstrakti rasvaeemaldamisv\u00f5imel. Vahendi koostises olevad pindaktiivsed ained lagunevad looduses 98% ulatuses. Kasutamine: Niiske r\u00e4ti v\u00f5i svammi abil kanda vahend lahustamata kujul m\u00e4\u00e4rdunud pinnale, p\u00e4rast puhastamist loputada pind puhtaks. Sobib kasutada keraamika, emaili ja terase puhastamiseks. Mitte kasutada tugeva, kraapiva pinnaga abrasiivseid svamme. Hoiatused: Hoida lastele k\u00e4ttesaamatult. Hoida eemal toiduainetest, joogist ja loomas\u00f6\u00f6dast. Kasutamisk\u00f5lblik 2 aastat valmistamiskuup\u00e4evast, mis on m\u00e4rgitud pakendile. pH 10,4\" \/>\n<meta property=\"og:url\" content=\"https:\/\/easystar.ee\/toode\/frosch-kuurimiskreem-sidrun-500ml-oko-k0104688\/\" \/>\n<meta property=\"og:site_name\" content=\"Easy Star O\u00dc\" \/>\n<meta property=\"article:modified_time\" content=\"2026-03-28T01:31:21+00:00\" \/>\n<meta property=\"og:image\" content=\"https:\/\/easystar.ee\/wp-content\/uploads\/2024\/05\/4001499139796.jpg\" \/>\n\t<meta property=\"og:image:width\" content=\"175\" \/>\n\t<meta property=\"og:image:height\" content=\"600\" \/>\n\t<meta property=\"og:image:type\" content=\"image\/jpeg\" \/>\n<meta name=\"twitter:card\" content=\"summary_large_image\" \/>\n<script type=\"application\/ld+json\" class=\"yoast-schema-graph\">{\"@context\":\"https:\\\/\\\/schema.org\",\"@graph\":[{\"@type\":\"WebPage\",\"@id\":\"https:\\\/\\\/easystar.ee\\\/toode\\\/frosch-kuurimiskreem-sidrun-500ml-oko-k0104688\\\/\",\"url\":\"https:\\\/\\\/easystar.ee\\\/toode\\\/frosch-kuurimiskreem-sidrun-500ml-oko-k0104688\\\/\",\"name\":\"Frosch k\u00fc\u00fcrimiskreem sidrun 500ml \u00f6ko K0104688 &#8212; Easy Star O\u00dc\",\"isPartOf\":{\"@id\":\"https:\\\/\\\/easystar.ee\\\/#website\"},\"primaryImageOfPage\":{\"@id\":\"https:\\\/\\\/easystar.ee\\\/toode\\\/frosch-kuurimiskreem-sidrun-500ml-oko-k0104688\\\/#primaryimage\"},\"image\":{\"@id\":\"https:\\\/\\\/easystar.ee\\\/toode\\\/frosch-kuurimiskreem-sidrun-500ml-oko-k0104688\\\/#primaryimage\"},\"thumbnailUrl\":\"https:\\\/\\\/easystar.ee\\\/wp-content\\\/uploads\\\/2024\\\/05\\\/4001499139796.jpg\",\"datePublished\":\"2024-05-31T10:00:32+00:00\",\"dateModified\":\"2026-03-28T01:31:21+00:00\",\"breadcrumb\":{\"@id\":\"https:\\\/\\\/easystar.ee\\\/toode\\\/frosch-kuurimiskreem-sidrun-500ml-oko-k0104688\\\/#breadcrumb\"},\"inLanguage\":\"ru-RU\",\"potentialAction\":[{\"@type\":\"ReadAction\",\"target\":[\"https:\\\/\\\/easystar.ee\\\/toode\\\/frosch-kuurimiskreem-sidrun-500ml-oko-k0104688\\\/\"]}]},{\"@type\":\"ImageObject\",\"inLanguage\":\"ru-RU\",\"@id\":\"https:\\\/\\\/easystar.ee\\\/toode\\\/frosch-kuurimiskreem-sidrun-500ml-oko-k0104688\\\/#primaryimage\",\"url\":\"https:\\\/\\\/easystar.ee\\\/wp-content\\\/uploads\\\/2024\\\/05\\\/4001499139796.jpg\",\"contentUrl\":\"https:\\\/\\\/easystar.ee\\\/wp-content\\\/uploads\\\/2024\\\/05\\\/4001499139796.jpg\",\"width\":175,\"height\":600},{\"@type\":\"BreadcrumbList\",\"@id\":\"https:\\\/\\\/easystar.ee\\\/toode\\\/frosch-kuurimiskreem-sidrun-500ml-oko-k0104688\\\/#breadcrumb\",\"itemListElement\":[{\"@type\":\"ListItem\",\"position\":1,\"name\":\"Home\",\"item\":\"https:\\\/\\\/easystar.ee\\\/ru\\\/\"},{\"@type\":\"ListItem\",\"position\":2,\"name\":\"\u0422\u043e\u0432\u0430\u0440\u044b\",\"item\":\"https:\\\/\\\/easystar.ee\\\/ru\\\/tovary\\\/\"},{\"@type\":\"ListItem\",\"position\":3,\"name\":\"Frosch k\u00fc\u00fcrimiskreem sidrun 500ml \u00f6ko K0104688\"}]},{\"@type\":\"WebSite\",\"@id\":\"https:\\\/\\\/easystar.ee\\\/#website\",\"url\":\"https:\\\/\\\/easystar.ee\\\/\",\"name\":\"Easystar.ee\",\"description\":\"\",\"publisher\":{\"@id\":\"https:\\\/\\\/easystar.ee\\\/#organization\"},\"alternateName\":\"Keskkonnas\u00f5bralikud pehmepaberitooted teie kontorisse\",\"potentialAction\":[{\"@type\":\"SearchAction\",\"target\":{\"@type\":\"EntryPoint\",\"urlTemplate\":\"https:\\\/\\\/easystar.ee\\\/?s={search_term_string}\"},\"query-input\":{\"@type\":\"PropertyValueSpecification\",\"valueRequired\":true,\"valueName\":\"search_term_string\"}}],\"inLanguage\":\"ru-RU\"},{\"@type\":\"Organization\",\"@id\":\"https:\\\/\\\/easystar.ee\\\/#organization\",\"name\":\"Easy Star O\u00dc\",\"url\":\"https:\\\/\\\/easystar.ee\\\/\",\"logo\":{\"@type\":\"ImageObject\",\"inLanguage\":\"ru-RU\",\"@id\":\"https:\\\/\\\/easystar.ee\\\/#\\\/schema\\\/logo\\\/image\\\/\",\"url\":\"https:\\\/\\\/easystar.ee\\\/wp-content\\\/uploads\\\/2024\\\/03\\\/easystar-logo.svg\",\"contentUrl\":\"https:\\\/\\\/easystar.ee\\\/wp-content\\\/uploads\\\/2024\\\/03\\\/easystar-logo.svg\",\"width\":2000,\"height\":2000,\"caption\":\"Easy Star O\u00dc\"},\"image\":{\"@id\":\"https:\\\/\\\/easystar.ee\\\/#\\\/schema\\\/logo\\\/image\\\/\"}}]}<\/script>\n<!-- \/ Yoast SEO plugin. -->","yoast_head_json":{"title":"Frosch k\u00fc\u00fcrimiskreem sidrun 500ml \u00f6ko K0104688 &#8212; Easy Star O\u00dc","robots":{"index":"index","follow":"follow","max-snippet":"max-snippet:-1","max-image-preview":"max-image-preview:large","max-video-preview":"max-video-preview:-1"},"canonical":"https:\/\/easystar.ee\/toode\/frosch-kuurimiskreem-sidrun-500ml-oko-k0104688\/","og_locale":"ru_RU","og_type":"article","og_title":"Frosch k\u00fc\u00fcrimiskreem sidrun 500ml \u00f6ko K0104688 &#8212; Easy Star O\u00dc","og_description":"Sidrunil\u00f5hnalise k\u00fc\u00fcrimiskreemi efektiivne puhastustoime p\u00f5hineb looduslikul marmorijahul ja sidrunikoorest saadava ekstrakti rasvaeemaldamisv\u00f5imel. Vahendi koostises olevad pindaktiivsed ained lagunevad looduses 98% ulatuses. Kasutamine: Niiske r\u00e4ti v\u00f5i svammi abil kanda vahend lahustamata kujul m\u00e4\u00e4rdunud pinnale, p\u00e4rast puhastamist loputada pind puhtaks. Sobib kasutada keraamika, emaili ja terase puhastamiseks. Mitte kasutada tugeva, kraapiva pinnaga abrasiivseid svamme. Hoiatused: Hoida lastele k\u00e4ttesaamatult. Hoida eemal toiduainetest, joogist ja loomas\u00f6\u00f6dast. Kasutamisk\u00f5lblik 2 aastat valmistamiskuup\u00e4evast, mis on m\u00e4rgitud pakendile. pH 10,4","og_url":"https:\/\/easystar.ee\/toode\/frosch-kuurimiskreem-sidrun-500ml-oko-k0104688\/","og_site_name":"Easy Star O\u00dc","article_modified_time":"2026-03-28T01:31:21+00:00","og_image":[{"width":175,"height":600,"url":"https:\/\/easystar.ee\/wp-content\/uploads\/2024\/05\/4001499139796.jpg","type":"image\/jpeg"}],"twitter_card":"summary_large_image","schema":{"@context":"https:\/\/schema.org","@graph":[{"@type":"WebPage","@id":"https:\/\/easystar.ee\/toode\/frosch-kuurimiskreem-sidrun-500ml-oko-k0104688\/","url":"https:\/\/easystar.ee\/toode\/frosch-kuurimiskreem-sidrun-500ml-oko-k0104688\/","name":"Frosch k\u00fc\u00fcrimiskreem sidrun 500ml \u00f6ko K0104688 &#8212; Easy Star O\u00dc","isPartOf":{"@id":"https:\/\/easystar.ee\/#website"},"primaryImageOfPage":{"@id":"https:\/\/easystar.ee\/toode\/frosch-kuurimiskreem-sidrun-500ml-oko-k0104688\/#primaryimage"},"image":{"@id":"https:\/\/easystar.ee\/toode\/frosch-kuurimiskreem-sidrun-500ml-oko-k0104688\/#primaryimage"},"thumbnailUrl":"https:\/\/easystar.ee\/wp-content\/uploads\/2024\/05\/4001499139796.jpg","datePublished":"2024-05-31T10:00:32+00:00","dateModified":"2026-03-28T01:31:21+00:00","breadcrumb":{"@id":"https:\/\/easystar.ee\/toode\/frosch-kuurimiskreem-sidrun-500ml-oko-k0104688\/#breadcrumb"},"inLanguage":"ru-RU","potentialAction":[{"@type":"ReadAction","target":["https:\/\/easystar.ee\/toode\/frosch-kuurimiskreem-sidrun-500ml-oko-k0104688\/"]}]},{"@type":"ImageObject","inLanguage":"ru-RU","@id":"https:\/\/easystar.ee\/toode\/frosch-kuurimiskreem-sidrun-500ml-oko-k0104688\/#primaryimage","url":"https:\/\/easystar.ee\/wp-content\/uploads\/2024\/05\/4001499139796.jpg","contentUrl":"https:\/\/easystar.ee\/wp-content\/uploads\/2024\/05\/4001499139796.jpg","width":175,"height":600},{"@type":"BreadcrumbList","@id":"https:\/\/easystar.ee\/toode\/frosch-kuurimiskreem-sidrun-500ml-oko-k0104688\/#breadcrumb","itemListElement":[{"@type":"ListItem","position":1,"name":"Home","item":"https:\/\/easystar.ee\/ru\/"},{"@type":"ListItem","position":2,"name":"\u0422\u043e\u0432\u0430\u0440\u044b","item":"https:\/\/easystar.ee\/ru\/tovary\/"},{"@type":"ListItem","position":3,"name":"Frosch k\u00fc\u00fcrimiskreem sidrun 500ml \u00f6ko K0104688"}]},{"@type":"WebSite","@id":"https:\/\/easystar.ee\/#website","url":"https:\/\/easystar.ee\/","name":"Easystar.ee","description":"","publisher":{"@id":"https:\/\/easystar.ee\/#organization"},"alternateName":"Keskkonnas\u00f5bralikud pehmepaberitooted teie kontorisse","potentialAction":[{"@type":"SearchAction","target":{"@type":"EntryPoint","urlTemplate":"https:\/\/easystar.ee\/?s={search_term_string}"},"query-input":{"@type":"PropertyValueSpecification","valueRequired":true,"valueName":"search_term_string"}}],"inLanguage":"ru-RU"},{"@type":"Organization","@id":"https:\/\/easystar.ee\/#organization","name":"Easy Star O\u00dc","url":"https:\/\/easystar.ee\/","logo":{"@type":"ImageObject","inLanguage":"ru-RU","@id":"https:\/\/easystar.ee\/#\/schema\/logo\/image\/","url":"https:\/\/easystar.ee\/wp-content\/uploads\/2024\/03\/easystar-logo.svg","contentUrl":"https:\/\/easystar.ee\/wp-content\/uploads\/2024\/03\/easystar-logo.svg","width":2000,"height":2000,"caption":"Easy Star O\u00dc"},"image":{"@id":"https:\/\/easystar.ee\/#\/schema\/logo\/image\/"}}]}},"_links":{"self":[{"href":"https:\/\/easystar.ee\/ru\/wp-json\/wp\/v2\/product\/33928","targetHints":{"allow":["GET"]}}],"collection":[{"href":"https:\/\/easystar.ee\/ru\/wp-json\/wp\/v2\/product"}],"about":[{"href":"https:\/\/easystar.ee\/ru\/wp-json\/wp\/v2\/types\/product"}],"wp:featuredmedia":[{"embeddable":true,"href":"https:\/\/easystar.ee\/ru\/wp-json\/wp\/v2\/media\/33920"}],"wp:attachment":[{"href":"https:\/\/easystar.ee\/ru\/wp-json\/wp\/v2\/media?parent=33928"}],"wp:term":[{"taxonomy":"product_brand","embeddable":true,"href":"https:\/\/easystar.ee\/ru\/wp-json\/wp\/v2\/product_brand?post=33928"},{"taxonomy":"product_cat","embeddable":true,"href":"https:\/\/easystar.ee\/ru\/wp-json\/wp\/v2\/product_cat?post=33928"},{"taxonomy":"product_tag","embeddable":true,"href":"https:\/\/easystar.ee\/ru\/wp-json\/wp\/v2\/product_tag?post=33928"}],"curies":[{"name":"wp","href":"https:\/\/api.w.org\/{rel}","templated":true}]}}