{"id":33868,"date":"2024-05-31T09:59:50","date_gmt":"2024-05-31T09:59:50","guid":{"rendered":"https:\/\/easystar.ee\/toode\/kreemseep-laguna-600ml-pumbata-k107166\/"},"modified":"2026-04-01T01:30:08","modified_gmt":"2026-04-01T01:30:08","slug":"kreemseep-laguna-600ml-pumbata-k107166","status":"publish","type":"product","link":"https:\/\/easystar.ee\/ru\/toode\/kreemseep-laguna-600ml-pumbata-k107166\/","title":{"rendered":"Kreemseep Laguna 600ml (pumbata) K107166"},"content":{"rendered":"","protected":false},"excerpt":{"rendered":"<p>Kirjeldus \u00d5rn, \u00f6kom\u00e4rgisega k\u00e4teseep meeldiva l\u00f5hnaga<br \/>\n\u00d5rn k\u00e4teseep meeldiva l\u00f5hnaga, mis puhastab nahka \u00f5rnalt ja kaitseb deh\u00fcdratsiooni eest. Sobib k\u00e4tepesuks n\u00e4iteks hotellides, restoranides, lasteaedades, kauplustes, kontorites, k\u00e4mpingutes ja muudes avalikes kohtades. K\u00e4tepesuks piisab \u00fchest vajutusest.<br \/>\nOmadused:<br \/>\nS\u00e4ilivusaeg: 2 aastat kindlaksm\u00e4\u00e4ratud tingimustel.<br \/>\nSisu: Alkoholid, C12-14, sulfoetoks\u00fclaattetra, naatriumsoolad, amiidid, rapsi\u00f5li, N-(h\u00fcdroks\u00fcet\u00fc\u00fcl), etoks\u00fcleeritud,<br \/>\npH: Kasutuslahuse v\u00e4\u00e4rtus umbes 5<br \/>\nOhutus: Toodet ei ole klassifitseeritud tervisele kahjulikuks<br \/>\nLisateabe saamiseks vaadake HSE andmelehte.<br \/>\nArtikli teave:<br \/>\nArtikli nr: 107166 Laguna k\u00e4teseep, \u00f6kom\u00e4rgisega P\u00f5hjamaade Luigem\u00e4rk, litsentsinumber 3090 0252.<br \/>\nNimi Pakend: Laguna l\u00f5hnastatud kreemseep<br \/>\nAllika sorteerimine: Puhastatud pakend sorteeritakse plastpakendina<\/p>\n","protected":false},"featured_media":33866,"template":"","meta":{"_acf_changed":false},"product_brand":[],"product_cat":[1832,1831],"product_tag":[],"class_list":{"0":"post-33868","1":"product","2":"type-product","3":"status-publish","4":"has-post-thumbnail","6":"product_cat-mylo","7":"product_cat-himija","9":"first","10":"instock","11":"taxable","12":"shipping-taxable","13":"purchasable","14":"product-type-simple"},"acf":[],"yoast_head":"<!-- This site is optimized with the Yoast SEO plugin v27.5 - https:\/\/yoast.com\/product\/yoast-seo-wordpress\/ -->\n<title>Kreemseep Laguna 600ml (pumbata) K107166 &#8212; Easy Star O\u00dc<\/title>\n<meta name=\"robots\" content=\"index, follow, max-snippet:-1, max-image-preview:large, max-video-preview:-1\" \/>\n<link rel=\"canonical\" href=\"https:\/\/easystar.ee\/toode\/kreemseep-laguna-600ml-pumbata-k107166\/\" \/>\n<meta property=\"og:locale\" content=\"ru_RU\" \/>\n<meta property=\"og:type\" content=\"article\" \/>\n<meta property=\"og:title\" content=\"Kreemseep Laguna 600ml (pumbata) K107166 &#8212; Easy Star O\u00dc\" \/>\n<meta property=\"og:description\" content=\"Kirjeldus \u00d5rn, \u00f6kom\u00e4rgisega k\u00e4teseep meeldiva l\u00f5hnaga \u00d5rn k\u00e4teseep meeldiva l\u00f5hnaga, mis puhastab nahka \u00f5rnalt ja kaitseb deh\u00fcdratsiooni eest. Sobib k\u00e4tepesuks n\u00e4iteks hotellides, restoranides, lasteaedades, kauplustes, kontorites, k\u00e4mpingutes ja muudes avalikes kohtades. K\u00e4tepesuks piisab \u00fchest vajutusest. Omadused: S\u00e4ilivusaeg: 2 aastat kindlaksm\u00e4\u00e4ratud tingimustel. Sisu: Alkoholid, C12-14, sulfoetoks\u00fclaattetra, naatriumsoolad, amiidid, rapsi\u00f5li, N-(h\u00fcdroks\u00fcet\u00fc\u00fcl), etoks\u00fcleeritud, pH: Kasutuslahuse v\u00e4\u00e4rtus umbes 5 Ohutus: Toodet ei ole klassifitseeritud tervisele kahjulikuks Lisateabe saamiseks vaadake HSE andmelehte. Artikli teave: Artikli nr: 107166 Laguna k\u00e4teseep, \u00f6kom\u00e4rgisega P\u00f5hjamaade Luigem\u00e4rk, litsentsinumber 3090 0252. Nimi Pakend: Laguna l\u00f5hnastatud kreemseep Allika sorteerimine: Puhastatud pakend sorteeritakse plastpakendina\" \/>\n<meta property=\"og:url\" content=\"https:\/\/easystar.ee\/toode\/kreemseep-laguna-600ml-pumbata-k107166\/\" \/>\n<meta property=\"og:site_name\" content=\"Easy Star O\u00dc\" \/>\n<meta property=\"article:modified_time\" content=\"2026-04-01T01:30:08+00:00\" \/>\n<meta property=\"og:image\" content=\"https:\/\/easystar.ee\/wp-content\/uploads\/2024\/05\/Laguna.jpg\" \/>\n\t<meta property=\"og:image:width\" content=\"138\" \/>\n\t<meta property=\"og:image:height\" content=\"325\" \/>\n\t<meta property=\"og:image:type\" content=\"image\/jpeg\" \/>\n<meta name=\"twitter:card\" content=\"summary_large_image\" \/>\n<script type=\"application\/ld+json\" class=\"yoast-schema-graph\">{\"@context\":\"https:\\\/\\\/schema.org\",\"@graph\":[{\"@type\":\"WebPage\",\"@id\":\"https:\\\/\\\/easystar.ee\\\/toode\\\/kreemseep-laguna-600ml-pumbata-k107166\\\/\",\"url\":\"https:\\\/\\\/easystar.ee\\\/toode\\\/kreemseep-laguna-600ml-pumbata-k107166\\\/\",\"name\":\"Kreemseep Laguna 600ml (pumbata) K107166 &#8212; Easy Star O\u00dc\",\"isPartOf\":{\"@id\":\"https:\\\/\\\/easystar.ee\\\/#website\"},\"primaryImageOfPage\":{\"@id\":\"https:\\\/\\\/easystar.ee\\\/toode\\\/kreemseep-laguna-600ml-pumbata-k107166\\\/#primaryimage\"},\"image\":{\"@id\":\"https:\\\/\\\/easystar.ee\\\/toode\\\/kreemseep-laguna-600ml-pumbata-k107166\\\/#primaryimage\"},\"thumbnailUrl\":\"https:\\\/\\\/easystar.ee\\\/wp-content\\\/uploads\\\/2024\\\/05\\\/Laguna.jpg\",\"datePublished\":\"2024-05-31T09:59:50+00:00\",\"dateModified\":\"2026-04-01T01:30:08+00:00\",\"breadcrumb\":{\"@id\":\"https:\\\/\\\/easystar.ee\\\/toode\\\/kreemseep-laguna-600ml-pumbata-k107166\\\/#breadcrumb\"},\"inLanguage\":\"ru-RU\",\"potentialAction\":[{\"@type\":\"ReadAction\",\"target\":[\"https:\\\/\\\/easystar.ee\\\/toode\\\/kreemseep-laguna-600ml-pumbata-k107166\\\/\"]}]},{\"@type\":\"ImageObject\",\"inLanguage\":\"ru-RU\",\"@id\":\"https:\\\/\\\/easystar.ee\\\/toode\\\/kreemseep-laguna-600ml-pumbata-k107166\\\/#primaryimage\",\"url\":\"https:\\\/\\\/easystar.ee\\\/wp-content\\\/uploads\\\/2024\\\/05\\\/Laguna.jpg\",\"contentUrl\":\"https:\\\/\\\/easystar.ee\\\/wp-content\\\/uploads\\\/2024\\\/05\\\/Laguna.jpg\",\"width\":138,\"height\":325},{\"@type\":\"BreadcrumbList\",\"@id\":\"https:\\\/\\\/easystar.ee\\\/toode\\\/kreemseep-laguna-600ml-pumbata-k107166\\\/#breadcrumb\",\"itemListElement\":[{\"@type\":\"ListItem\",\"position\":1,\"name\":\"Home\",\"item\":\"https:\\\/\\\/easystar.ee\\\/ru\\\/\"},{\"@type\":\"ListItem\",\"position\":2,\"name\":\"\u0422\u043e\u0432\u0430\u0440\u044b\",\"item\":\"https:\\\/\\\/easystar.ee\\\/ru\\\/tovary\\\/\"},{\"@type\":\"ListItem\",\"position\":3,\"name\":\"Kreemseep Laguna 600ml (pumbata) K107166\"}]},{\"@type\":\"WebSite\",\"@id\":\"https:\\\/\\\/easystar.ee\\\/#website\",\"url\":\"https:\\\/\\\/easystar.ee\\\/\",\"name\":\"Easystar.ee\",\"description\":\"\",\"publisher\":{\"@id\":\"https:\\\/\\\/easystar.ee\\\/#organization\"},\"alternateName\":\"Keskkonnas\u00f5bralikud pehmepaberitooted teie kontorisse\",\"potentialAction\":[{\"@type\":\"SearchAction\",\"target\":{\"@type\":\"EntryPoint\",\"urlTemplate\":\"https:\\\/\\\/easystar.ee\\\/?s={search_term_string}\"},\"query-input\":{\"@type\":\"PropertyValueSpecification\",\"valueRequired\":true,\"valueName\":\"search_term_string\"}}],\"inLanguage\":\"ru-RU\"},{\"@type\":\"Organization\",\"@id\":\"https:\\\/\\\/easystar.ee\\\/#organization\",\"name\":\"Easy Star O\u00dc\",\"url\":\"https:\\\/\\\/easystar.ee\\\/\",\"logo\":{\"@type\":\"ImageObject\",\"inLanguage\":\"ru-RU\",\"@id\":\"https:\\\/\\\/easystar.ee\\\/#\\\/schema\\\/logo\\\/image\\\/\",\"url\":\"https:\\\/\\\/easystar.ee\\\/wp-content\\\/uploads\\\/2024\\\/03\\\/easystar-logo.svg\",\"contentUrl\":\"https:\\\/\\\/easystar.ee\\\/wp-content\\\/uploads\\\/2024\\\/03\\\/easystar-logo.svg\",\"width\":2000,\"height\":2000,\"caption\":\"Easy Star O\u00dc\"},\"image\":{\"@id\":\"https:\\\/\\\/easystar.ee\\\/#\\\/schema\\\/logo\\\/image\\\/\"}}]}<\/script>\n<!-- \/ Yoast SEO plugin. -->","yoast_head_json":{"title":"Kreemseep Laguna 600ml (pumbata) K107166 &#8212; Easy Star O\u00dc","robots":{"index":"index","follow":"follow","max-snippet":"max-snippet:-1","max-image-preview":"max-image-preview:large","max-video-preview":"max-video-preview:-1"},"canonical":"https:\/\/easystar.ee\/toode\/kreemseep-laguna-600ml-pumbata-k107166\/","og_locale":"ru_RU","og_type":"article","og_title":"Kreemseep Laguna 600ml (pumbata) K107166 &#8212; Easy Star O\u00dc","og_description":"Kirjeldus \u00d5rn, \u00f6kom\u00e4rgisega k\u00e4teseep meeldiva l\u00f5hnaga \u00d5rn k\u00e4teseep meeldiva l\u00f5hnaga, mis puhastab nahka \u00f5rnalt ja kaitseb deh\u00fcdratsiooni eest. Sobib k\u00e4tepesuks n\u00e4iteks hotellides, restoranides, lasteaedades, kauplustes, kontorites, k\u00e4mpingutes ja muudes avalikes kohtades. K\u00e4tepesuks piisab \u00fchest vajutusest. Omadused: S\u00e4ilivusaeg: 2 aastat kindlaksm\u00e4\u00e4ratud tingimustel. Sisu: Alkoholid, C12-14, sulfoetoks\u00fclaattetra, naatriumsoolad, amiidid, rapsi\u00f5li, N-(h\u00fcdroks\u00fcet\u00fc\u00fcl), etoks\u00fcleeritud, pH: Kasutuslahuse v\u00e4\u00e4rtus umbes 5 Ohutus: Toodet ei ole klassifitseeritud tervisele kahjulikuks Lisateabe saamiseks vaadake HSE andmelehte. Artikli teave: Artikli nr: 107166 Laguna k\u00e4teseep, \u00f6kom\u00e4rgisega P\u00f5hjamaade Luigem\u00e4rk, litsentsinumber 3090 0252. Nimi Pakend: Laguna l\u00f5hnastatud kreemseep Allika sorteerimine: Puhastatud pakend sorteeritakse plastpakendina","og_url":"https:\/\/easystar.ee\/toode\/kreemseep-laguna-600ml-pumbata-k107166\/","og_site_name":"Easy Star O\u00dc","article_modified_time":"2026-04-01T01:30:08+00:00","og_image":[{"width":138,"height":325,"url":"https:\/\/easystar.ee\/wp-content\/uploads\/2024\/05\/Laguna.jpg","type":"image\/jpeg"}],"twitter_card":"summary_large_image","schema":{"@context":"https:\/\/schema.org","@graph":[{"@type":"WebPage","@id":"https:\/\/easystar.ee\/toode\/kreemseep-laguna-600ml-pumbata-k107166\/","url":"https:\/\/easystar.ee\/toode\/kreemseep-laguna-600ml-pumbata-k107166\/","name":"Kreemseep Laguna 600ml (pumbata) K107166 &#8212; Easy Star O\u00dc","isPartOf":{"@id":"https:\/\/easystar.ee\/#website"},"primaryImageOfPage":{"@id":"https:\/\/easystar.ee\/toode\/kreemseep-laguna-600ml-pumbata-k107166\/#primaryimage"},"image":{"@id":"https:\/\/easystar.ee\/toode\/kreemseep-laguna-600ml-pumbata-k107166\/#primaryimage"},"thumbnailUrl":"https:\/\/easystar.ee\/wp-content\/uploads\/2024\/05\/Laguna.jpg","datePublished":"2024-05-31T09:59:50+00:00","dateModified":"2026-04-01T01:30:08+00:00","breadcrumb":{"@id":"https:\/\/easystar.ee\/toode\/kreemseep-laguna-600ml-pumbata-k107166\/#breadcrumb"},"inLanguage":"ru-RU","potentialAction":[{"@type":"ReadAction","target":["https:\/\/easystar.ee\/toode\/kreemseep-laguna-600ml-pumbata-k107166\/"]}]},{"@type":"ImageObject","inLanguage":"ru-RU","@id":"https:\/\/easystar.ee\/toode\/kreemseep-laguna-600ml-pumbata-k107166\/#primaryimage","url":"https:\/\/easystar.ee\/wp-content\/uploads\/2024\/05\/Laguna.jpg","contentUrl":"https:\/\/easystar.ee\/wp-content\/uploads\/2024\/05\/Laguna.jpg","width":138,"height":325},{"@type":"BreadcrumbList","@id":"https:\/\/easystar.ee\/toode\/kreemseep-laguna-600ml-pumbata-k107166\/#breadcrumb","itemListElement":[{"@type":"ListItem","position":1,"name":"Home","item":"https:\/\/easystar.ee\/ru\/"},{"@type":"ListItem","position":2,"name":"\u0422\u043e\u0432\u0430\u0440\u044b","item":"https:\/\/easystar.ee\/ru\/tovary\/"},{"@type":"ListItem","position":3,"name":"Kreemseep Laguna 600ml (pumbata) K107166"}]},{"@type":"WebSite","@id":"https:\/\/easystar.ee\/#website","url":"https:\/\/easystar.ee\/","name":"Easystar.ee","description":"","publisher":{"@id":"https:\/\/easystar.ee\/#organization"},"alternateName":"Keskkonnas\u00f5bralikud pehmepaberitooted teie kontorisse","potentialAction":[{"@type":"SearchAction","target":{"@type":"EntryPoint","urlTemplate":"https:\/\/easystar.ee\/?s={search_term_string}"},"query-input":{"@type":"PropertyValueSpecification","valueRequired":true,"valueName":"search_term_string"}}],"inLanguage":"ru-RU"},{"@type":"Organization","@id":"https:\/\/easystar.ee\/#organization","name":"Easy Star O\u00dc","url":"https:\/\/easystar.ee\/","logo":{"@type":"ImageObject","inLanguage":"ru-RU","@id":"https:\/\/easystar.ee\/#\/schema\/logo\/image\/","url":"https:\/\/easystar.ee\/wp-content\/uploads\/2024\/03\/easystar-logo.svg","contentUrl":"https:\/\/easystar.ee\/wp-content\/uploads\/2024\/03\/easystar-logo.svg","width":2000,"height":2000,"caption":"Easy Star O\u00dc"},"image":{"@id":"https:\/\/easystar.ee\/#\/schema\/logo\/image\/"}}]}},"_links":{"self":[{"href":"https:\/\/easystar.ee\/ru\/wp-json\/wp\/v2\/product\/33868","targetHints":{"allow":["GET"]}}],"collection":[{"href":"https:\/\/easystar.ee\/ru\/wp-json\/wp\/v2\/product"}],"about":[{"href":"https:\/\/easystar.ee\/ru\/wp-json\/wp\/v2\/types\/product"}],"wp:featuredmedia":[{"embeddable":true,"href":"https:\/\/easystar.ee\/ru\/wp-json\/wp\/v2\/media\/33866"}],"wp:attachment":[{"href":"https:\/\/easystar.ee\/ru\/wp-json\/wp\/v2\/media?parent=33868"}],"wp:term":[{"taxonomy":"product_brand","embeddable":true,"href":"https:\/\/easystar.ee\/ru\/wp-json\/wp\/v2\/product_brand?post=33868"},{"taxonomy":"product_cat","embeddable":true,"href":"https:\/\/easystar.ee\/ru\/wp-json\/wp\/v2\/product_cat?post=33868"},{"taxonomy":"product_tag","embeddable":true,"href":"https:\/\/easystar.ee\/ru\/wp-json\/wp\/v2\/product_tag?post=33868"}],"curies":[{"name":"wp","href":"https:\/\/api.w.org\/{rel}","templated":true}]}}