{"id":33705,"date":"2024-05-31T09:54:41","date_gmt":"2024-05-31T09:54:41","guid":{"rendered":"https:\/\/easystar.ee\/toode\/bref-duo-cubes-wc-loputuskasti-tablett-2x50g-k7655731\/"},"modified":"2025-10-30T01:38:18","modified_gmt":"2025-10-30T01:38:18","slug":"bref-duo-cubes-wc-loputuskasti-tablett-2x50g-k7655731","status":"publish","type":"product","link":"https:\/\/easystar.ee\/ru\/toode\/bref-duo-cubes-wc-loputuskasti-tablett-2x50g-k7655731\/","title":{"rendered":"Bref Duo Cubes WC loputuskasti tablett 2x50g K7655731"},"content":{"rendered":"","protected":false},"excerpt":{"rendered":"<p>Bref loputuskasti duotabletid tagavad iga veet\u00f5mbe j\u00e4rel h\u00fcgieeniliselt puhta ja v\u00e4rske tualeti.Pilt on illustreeriv, toote tegelik v\u00e4limus v\u00f5ib erineda. Tootekirjeldus on \u00fcldise iseloomuga ning v\u00f5ib erineda tootepakendil olevast teabest.<br \/>\nS\u00e4ilitamistemperatuur: alates 5\u00b0C kuni 35\u00b0C.<br \/>\nToode on kasutusvalmis. Viska seep tualettpoti loputuskasti.<br \/>\nHoida lastele k\u00e4ttesaamatus kohas. V\u00e4ltige kokkupuudet silmade ja nahaga. V\u00f5ib esile kutsuda allergilise reaktsiooni. Vajadusel p\u00f6\u00f6rduge kohe arsti poole ja hoidke toote pakend v\u00f5i silt k\u00e4ep\u00e4rast.<\/p>\n","protected":false},"featured_media":33703,"template":"","meta":{"_acf_changed":false},"product_brand":[],"product_cat":[1832,1831],"product_tag":[],"class_list":{"0":"post-33705","1":"product","2":"type-product","3":"status-publish","4":"has-post-thumbnail","6":"product_cat-mylo","7":"product_cat-himija","9":"first","10":"instock","11":"taxable","12":"shipping-taxable","13":"purchasable","14":"product-type-simple"},"acf":[],"yoast_head":"<!-- This site is optimized with the Yoast SEO plugin v27.5 - https:\/\/yoast.com\/product\/yoast-seo-wordpress\/ -->\n<title>Bref Duo Cubes WC loputuskasti tablett 2x50g K7655731 &#8212; Easy Star O\u00dc<\/title>\n<meta name=\"robots\" content=\"index, follow, max-snippet:-1, max-image-preview:large, max-video-preview:-1\" \/>\n<link rel=\"canonical\" href=\"https:\/\/easystar.ee\/ru\/toode\/bref-duo-cubes-wc-loputuskasti-tablett-2x50g-k7655731\/\" \/>\n<meta property=\"og:locale\" content=\"ru_RU\" \/>\n<meta property=\"og:type\" content=\"article\" \/>\n<meta property=\"og:title\" content=\"Bref Duo Cubes WC loputuskasti tablett 2x50g K7655731 &#8212; Easy Star O\u00dc\" \/>\n<meta property=\"og:description\" content=\"Bref loputuskasti duotabletid tagavad iga veet\u00f5mbe j\u00e4rel h\u00fcgieeniliselt puhta ja v\u00e4rske tualeti.Pilt on illustreeriv, toote tegelik v\u00e4limus v\u00f5ib erineda. Tootekirjeldus on \u00fcldise iseloomuga ning v\u00f5ib erineda tootepakendil olevast teabest. S\u00e4ilitamistemperatuur: alates 5\u00b0C kuni 35\u00b0C. Toode on kasutusvalmis. Viska seep tualettpoti loputuskasti. Hoida lastele k\u00e4ttesaamatus kohas. V\u00e4ltige kokkupuudet silmade ja nahaga. V\u00f5ib esile kutsuda allergilise reaktsiooni. Vajadusel p\u00f6\u00f6rduge kohe arsti poole ja hoidke toote pakend v\u00f5i silt k\u00e4ep\u00e4rast.\" \/>\n<meta property=\"og:url\" content=\"https:\/\/easystar.ee\/ru\/toode\/bref-duo-cubes-wc-loputuskasti-tablett-2x50g-k7655731\/\" \/>\n<meta property=\"og:site_name\" content=\"Easy Star O\u00dc\" \/>\n<meta property=\"article:modified_time\" content=\"2025-10-30T01:38:18+00:00\" \/>\n<meta property=\"og:image\" content=\"https:\/\/easystar.ee\/wp-content\/uploads\/2024\/05\/9000100897242.jpg\" \/>\n\t<meta property=\"og:image:width\" content=\"572\" \/>\n\t<meta property=\"og:image:height\" content=\"733\" \/>\n\t<meta property=\"og:image:type\" content=\"image\/jpeg\" \/>\n<meta name=\"twitter:card\" content=\"summary_large_image\" \/>\n<script type=\"application\/ld+json\" class=\"yoast-schema-graph\">{\"@context\":\"https:\\\/\\\/schema.org\",\"@graph\":[{\"@type\":\"WebPage\",\"@id\":\"https:\\\/\\\/easystar.ee\\\/ru\\\/toode\\\/bref-duo-cubes-wc-loputuskasti-tablett-2x50g-k7655731\\\/\",\"url\":\"https:\\\/\\\/easystar.ee\\\/ru\\\/toode\\\/bref-duo-cubes-wc-loputuskasti-tablett-2x50g-k7655731\\\/\",\"name\":\"Bref Duo Cubes WC loputuskasti tablett 2x50g K7655731 &#8212; Easy Star O\u00dc\",\"isPartOf\":{\"@id\":\"https:\\\/\\\/easystar.ee\\\/#website\"},\"primaryImageOfPage\":{\"@id\":\"https:\\\/\\\/easystar.ee\\\/ru\\\/toode\\\/bref-duo-cubes-wc-loputuskasti-tablett-2x50g-k7655731\\\/#primaryimage\"},\"image\":{\"@id\":\"https:\\\/\\\/easystar.ee\\\/ru\\\/toode\\\/bref-duo-cubes-wc-loputuskasti-tablett-2x50g-k7655731\\\/#primaryimage\"},\"thumbnailUrl\":\"https:\\\/\\\/easystar.ee\\\/wp-content\\\/uploads\\\/2024\\\/05\\\/9000100897242.jpg\",\"datePublished\":\"2024-05-31T09:54:41+00:00\",\"dateModified\":\"2025-10-30T01:38:18+00:00\",\"breadcrumb\":{\"@id\":\"https:\\\/\\\/easystar.ee\\\/ru\\\/toode\\\/bref-duo-cubes-wc-loputuskasti-tablett-2x50g-k7655731\\\/#breadcrumb\"},\"inLanguage\":\"ru-RU\",\"potentialAction\":[{\"@type\":\"ReadAction\",\"target\":[\"https:\\\/\\\/easystar.ee\\\/ru\\\/toode\\\/bref-duo-cubes-wc-loputuskasti-tablett-2x50g-k7655731\\\/\"]}]},{\"@type\":\"ImageObject\",\"inLanguage\":\"ru-RU\",\"@id\":\"https:\\\/\\\/easystar.ee\\\/ru\\\/toode\\\/bref-duo-cubes-wc-loputuskasti-tablett-2x50g-k7655731\\\/#primaryimage\",\"url\":\"https:\\\/\\\/easystar.ee\\\/wp-content\\\/uploads\\\/2024\\\/05\\\/9000100897242.jpg\",\"contentUrl\":\"https:\\\/\\\/easystar.ee\\\/wp-content\\\/uploads\\\/2024\\\/05\\\/9000100897242.jpg\",\"width\":572,\"height\":733},{\"@type\":\"BreadcrumbList\",\"@id\":\"https:\\\/\\\/easystar.ee\\\/ru\\\/toode\\\/bref-duo-cubes-wc-loputuskasti-tablett-2x50g-k7655731\\\/#breadcrumb\",\"itemListElement\":[{\"@type\":\"ListItem\",\"position\":1,\"name\":\"Home\",\"item\":\"https:\\\/\\\/easystar.ee\\\/ru\\\/\"},{\"@type\":\"ListItem\",\"position\":2,\"name\":\"\u0422\u043e\u0432\u0430\u0440\u044b\",\"item\":\"https:\\\/\\\/easystar.ee\\\/ru\\\/tovary\\\/\"},{\"@type\":\"ListItem\",\"position\":3,\"name\":\"Bref Duo Cubes WC loputuskasti tablett 2x50g K7655731\"}]},{\"@type\":\"WebSite\",\"@id\":\"https:\\\/\\\/easystar.ee\\\/#website\",\"url\":\"https:\\\/\\\/easystar.ee\\\/\",\"name\":\"Easystar.ee\",\"description\":\"\",\"publisher\":{\"@id\":\"https:\\\/\\\/easystar.ee\\\/#organization\"},\"alternateName\":\"Keskkonnas\u00f5bralikud pehmepaberitooted teie kontorisse\",\"potentialAction\":[{\"@type\":\"SearchAction\",\"target\":{\"@type\":\"EntryPoint\",\"urlTemplate\":\"https:\\\/\\\/easystar.ee\\\/?s={search_term_string}\"},\"query-input\":{\"@type\":\"PropertyValueSpecification\",\"valueRequired\":true,\"valueName\":\"search_term_string\"}}],\"inLanguage\":\"ru-RU\"},{\"@type\":\"Organization\",\"@id\":\"https:\\\/\\\/easystar.ee\\\/#organization\",\"name\":\"Easy Star O\u00dc\",\"url\":\"https:\\\/\\\/easystar.ee\\\/\",\"logo\":{\"@type\":\"ImageObject\",\"inLanguage\":\"ru-RU\",\"@id\":\"https:\\\/\\\/easystar.ee\\\/#\\\/schema\\\/logo\\\/image\\\/\",\"url\":\"https:\\\/\\\/easystar.ee\\\/wp-content\\\/uploads\\\/2024\\\/03\\\/easystar-logo.svg\",\"contentUrl\":\"https:\\\/\\\/easystar.ee\\\/wp-content\\\/uploads\\\/2024\\\/03\\\/easystar-logo.svg\",\"width\":2000,\"height\":2000,\"caption\":\"Easy Star O\u00dc\"},\"image\":{\"@id\":\"https:\\\/\\\/easystar.ee\\\/#\\\/schema\\\/logo\\\/image\\\/\"}}]}<\/script>\n<!-- \/ Yoast SEO plugin. -->","yoast_head_json":{"title":"Bref Duo Cubes WC loputuskasti tablett 2x50g K7655731 &#8212; Easy Star O\u00dc","robots":{"index":"index","follow":"follow","max-snippet":"max-snippet:-1","max-image-preview":"max-image-preview:large","max-video-preview":"max-video-preview:-1"},"canonical":"https:\/\/easystar.ee\/ru\/toode\/bref-duo-cubes-wc-loputuskasti-tablett-2x50g-k7655731\/","og_locale":"ru_RU","og_type":"article","og_title":"Bref Duo Cubes WC loputuskasti tablett 2x50g K7655731 &#8212; Easy Star O\u00dc","og_description":"Bref loputuskasti duotabletid tagavad iga veet\u00f5mbe j\u00e4rel h\u00fcgieeniliselt puhta ja v\u00e4rske tualeti.Pilt on illustreeriv, toote tegelik v\u00e4limus v\u00f5ib erineda. Tootekirjeldus on \u00fcldise iseloomuga ning v\u00f5ib erineda tootepakendil olevast teabest. S\u00e4ilitamistemperatuur: alates 5\u00b0C kuni 35\u00b0C. Toode on kasutusvalmis. Viska seep tualettpoti loputuskasti. Hoida lastele k\u00e4ttesaamatus kohas. V\u00e4ltige kokkupuudet silmade ja nahaga. V\u00f5ib esile kutsuda allergilise reaktsiooni. Vajadusel p\u00f6\u00f6rduge kohe arsti poole ja hoidke toote pakend v\u00f5i silt k\u00e4ep\u00e4rast.","og_url":"https:\/\/easystar.ee\/ru\/toode\/bref-duo-cubes-wc-loputuskasti-tablett-2x50g-k7655731\/","og_site_name":"Easy Star O\u00dc","article_modified_time":"2025-10-30T01:38:18+00:00","og_image":[{"width":572,"height":733,"url":"https:\/\/easystar.ee\/wp-content\/uploads\/2024\/05\/9000100897242.jpg","type":"image\/jpeg"}],"twitter_card":"summary_large_image","schema":{"@context":"https:\/\/schema.org","@graph":[{"@type":"WebPage","@id":"https:\/\/easystar.ee\/ru\/toode\/bref-duo-cubes-wc-loputuskasti-tablett-2x50g-k7655731\/","url":"https:\/\/easystar.ee\/ru\/toode\/bref-duo-cubes-wc-loputuskasti-tablett-2x50g-k7655731\/","name":"Bref Duo Cubes WC loputuskasti tablett 2x50g K7655731 &#8212; Easy Star O\u00dc","isPartOf":{"@id":"https:\/\/easystar.ee\/#website"},"primaryImageOfPage":{"@id":"https:\/\/easystar.ee\/ru\/toode\/bref-duo-cubes-wc-loputuskasti-tablett-2x50g-k7655731\/#primaryimage"},"image":{"@id":"https:\/\/easystar.ee\/ru\/toode\/bref-duo-cubes-wc-loputuskasti-tablett-2x50g-k7655731\/#primaryimage"},"thumbnailUrl":"https:\/\/easystar.ee\/wp-content\/uploads\/2024\/05\/9000100897242.jpg","datePublished":"2024-05-31T09:54:41+00:00","dateModified":"2025-10-30T01:38:18+00:00","breadcrumb":{"@id":"https:\/\/easystar.ee\/ru\/toode\/bref-duo-cubes-wc-loputuskasti-tablett-2x50g-k7655731\/#breadcrumb"},"inLanguage":"ru-RU","potentialAction":[{"@type":"ReadAction","target":["https:\/\/easystar.ee\/ru\/toode\/bref-duo-cubes-wc-loputuskasti-tablett-2x50g-k7655731\/"]}]},{"@type":"ImageObject","inLanguage":"ru-RU","@id":"https:\/\/easystar.ee\/ru\/toode\/bref-duo-cubes-wc-loputuskasti-tablett-2x50g-k7655731\/#primaryimage","url":"https:\/\/easystar.ee\/wp-content\/uploads\/2024\/05\/9000100897242.jpg","contentUrl":"https:\/\/easystar.ee\/wp-content\/uploads\/2024\/05\/9000100897242.jpg","width":572,"height":733},{"@type":"BreadcrumbList","@id":"https:\/\/easystar.ee\/ru\/toode\/bref-duo-cubes-wc-loputuskasti-tablett-2x50g-k7655731\/#breadcrumb","itemListElement":[{"@type":"ListItem","position":1,"name":"Home","item":"https:\/\/easystar.ee\/ru\/"},{"@type":"ListItem","position":2,"name":"\u0422\u043e\u0432\u0430\u0440\u044b","item":"https:\/\/easystar.ee\/ru\/tovary\/"},{"@type":"ListItem","position":3,"name":"Bref Duo Cubes WC loputuskasti tablett 2x50g K7655731"}]},{"@type":"WebSite","@id":"https:\/\/easystar.ee\/#website","url":"https:\/\/easystar.ee\/","name":"Easystar.ee","description":"","publisher":{"@id":"https:\/\/easystar.ee\/#organization"},"alternateName":"Keskkonnas\u00f5bralikud pehmepaberitooted teie kontorisse","potentialAction":[{"@type":"SearchAction","target":{"@type":"EntryPoint","urlTemplate":"https:\/\/easystar.ee\/?s={search_term_string}"},"query-input":{"@type":"PropertyValueSpecification","valueRequired":true,"valueName":"search_term_string"}}],"inLanguage":"ru-RU"},{"@type":"Organization","@id":"https:\/\/easystar.ee\/#organization","name":"Easy Star O\u00dc","url":"https:\/\/easystar.ee\/","logo":{"@type":"ImageObject","inLanguage":"ru-RU","@id":"https:\/\/easystar.ee\/#\/schema\/logo\/image\/","url":"https:\/\/easystar.ee\/wp-content\/uploads\/2024\/03\/easystar-logo.svg","contentUrl":"https:\/\/easystar.ee\/wp-content\/uploads\/2024\/03\/easystar-logo.svg","width":2000,"height":2000,"caption":"Easy Star O\u00dc"},"image":{"@id":"https:\/\/easystar.ee\/#\/schema\/logo\/image\/"}}]}},"_links":{"self":[{"href":"https:\/\/easystar.ee\/ru\/wp-json\/wp\/v2\/product\/33705","targetHints":{"allow":["GET"]}}],"collection":[{"href":"https:\/\/easystar.ee\/ru\/wp-json\/wp\/v2\/product"}],"about":[{"href":"https:\/\/easystar.ee\/ru\/wp-json\/wp\/v2\/types\/product"}],"wp:featuredmedia":[{"embeddable":true,"href":"https:\/\/easystar.ee\/ru\/wp-json\/wp\/v2\/media\/33703"}],"wp:attachment":[{"href":"https:\/\/easystar.ee\/ru\/wp-json\/wp\/v2\/media?parent=33705"}],"wp:term":[{"taxonomy":"product_brand","embeddable":true,"href":"https:\/\/easystar.ee\/ru\/wp-json\/wp\/v2\/product_brand?post=33705"},{"taxonomy":"product_cat","embeddable":true,"href":"https:\/\/easystar.ee\/ru\/wp-json\/wp\/v2\/product_cat?post=33705"},{"taxonomy":"product_tag","embeddable":true,"href":"https:\/\/easystar.ee\/ru\/wp-json\/wp\/v2\/product_tag?post=33705"}],"curies":[{"name":"wp","href":"https:\/\/api.w.org\/{rel}","templated":true}]}}