{"id":33011,"date":"2024-05-31T09:44:36","date_gmt":"2024-05-31T09:44:36","guid":{"rendered":"https:\/\/easystar.ee\/toode\/domestos-puhastusvahend-cirtrus-fresh-uus-750ml-k79780\/"},"modified":"2025-10-30T01:36:16","modified_gmt":"2025-10-30T01:36:16","slug":"domestos-puhastusvahend-cirtrus-fresh-uus-750ml-k79780","status":"publish","type":"product","link":"https:\/\/easystar.ee\/ru\/toode\/domestos-puhastusvahend-cirtrus-fresh-uus-750ml-k79780\/","title":{"rendered":"Domestos Puhastusvahend Cirtrus Fresh UUS 750ml K79780"},"content":{"rendered":"","protected":false},"excerpt":{"rendered":"<p>&lt; 5%: kloori baasil valgendi (naatriumh\u00fcpoklorit), mitteioonsed pindaktiivsed ained, katioonsed pindaktiivsed ained, seep, l\u00f5hnaaine. Desinfektsioonivahend: naatriumh\u00fcpoklorit 4,5 g 100 g kohta.<br \/>\nKasutamine lahjendamata kujul &#8212; desinfitseerimine ja s\u00fcgavam bakterite h\u00e4vitamine. Pritsige joana WC poti serva alla (umbes 80 ml) ja j\u00e4tke 15 minutiks seisma. S\u00fcgavama bakterivastase toime ja puhastamise eesm\u00e4rgil j\u00e4tke toode seisma \u00fcle\u00f6\u00f6. K\u00f6\u00f6gi\/vannitoa kanalisatsioon: valage joana \u00e4ravoolu, et desinfitseerida ja eemaldada ebameeldivad l\u00f5hnad. Valamud: valage joana \u00e4ra- ja \u00fclevooluavasse, j\u00e4tke 5 minutiks seisma ning loputage p\u00f5hjalikult. \u00d5rnade pindade puhul (vannid, valamud) proovige toodet enne v\u00e4ikesel silmatorkamatul kohal. Kasutamine lahjendatud kujul \u2013 desinfitseerimine: P\u00f5randad ja t\u00f6\u00f6pinnad \u2013 120 ml Domestost 5 liitri vee kohta. Mitte kasutada lahjendamata toodet p\u00f5randatel. N\u00f5udepesulapid ja \u2013\u0161vammid \u2013 60 ml Domestost 2,5 l vee kohta leotamiseks. Seej\u00e4rel loputada p\u00f5hjalikult veega. Septikute puhul lisage 20 ml. Kasutage alati plastn\u00f5usid. Sobib kasutamiseks septiku-s\u00fcsteemides. 1 kork = 15 ml. Mitte kasutada email- v\u00f5i v\u00e4\u00e4rismetalliga (kroom\/kuld) kaetud pindadel.<\/p>\n","protected":false},"featured_media":33009,"template":"","meta":{"_acf_changed":false},"product_brand":[],"product_cat":[1831,1985],"product_tag":[],"class_list":{"0":"post-33011","1":"product","2":"type-product","3":"status-publish","4":"has-post-thumbnail","6":"product_cat-himija","7":"product_cat-shhelochnye-sredstva-kuhnya-tualet-truby","9":"first","10":"instock","11":"taxable","12":"shipping-taxable","13":"purchasable","14":"product-type-simple"},"acf":[],"yoast_head":"<!-- This site is optimized with the Yoast SEO plugin v27.3 - https:\/\/yoast.com\/product\/yoast-seo-wordpress\/ -->\n<title>Domestos Puhastusvahend Cirtrus Fresh UUS 750ml K79780 &#8212; Easy Star O\u00dc<\/title>\n<meta name=\"robots\" content=\"index, follow, max-snippet:-1, max-image-preview:large, max-video-preview:-1\" \/>\n<link rel=\"canonical\" href=\"https:\/\/easystar.ee\/ru\/toode\/domestos-puhastusvahend-cirtrus-fresh-uus-750ml-k79780\/\" \/>\n<meta property=\"og:locale\" content=\"ru_RU\" \/>\n<meta property=\"og:type\" content=\"article\" \/>\n<meta property=\"og:title\" content=\"Domestos Puhastusvahend Cirtrus Fresh UUS 750ml K79780 &#8212; Easy Star O\u00dc\" \/>\n<meta property=\"og:description\" content=\"&lt; 5%: kloori baasil valgendi (naatriumh\u00fcpoklorit), mitteioonsed pindaktiivsed ained, katioonsed pindaktiivsed ained, seep, l\u00f5hnaaine. Desinfektsioonivahend: naatriumh\u00fcpoklorit 4,5 g 100 g kohta. Kasutamine lahjendamata kujul - desinfitseerimine ja s\u00fcgavam bakterite h\u00e4vitamine. Pritsige joana WC poti serva alla (umbes 80 ml) ja j\u00e4tke 15 minutiks seisma. S\u00fcgavama bakterivastase toime ja puhastamise eesm\u00e4rgil j\u00e4tke toode seisma \u00fcle\u00f6\u00f6. K\u00f6\u00f6gi\/vannitoa kanalisatsioon: valage joana \u00e4ravoolu, et desinfitseerida ja eemaldada ebameeldivad l\u00f5hnad. Valamud: valage joana \u00e4ra- ja \u00fclevooluavasse, j\u00e4tke 5 minutiks seisma ning loputage p\u00f5hjalikult. \u00d5rnade pindade puhul (vannid, valamud) proovige toodet enne v\u00e4ikesel silmatorkamatul kohal. Kasutamine lahjendatud kujul \u2013 desinfitseerimine: P\u00f5randad ja t\u00f6\u00f6pinnad \u2013 120 ml Domestost 5 liitri vee kohta. Mitte kasutada lahjendamata toodet p\u00f5randatel. N\u00f5udepesulapid ja \u2013\u0161vammid \u2013 60 ml Domestost 2,5 l vee kohta leotamiseks. Seej\u00e4rel loputada p\u00f5hjalikult veega. Septikute puhul lisage 20 ml. Kasutage alati plastn\u00f5usid. Sobib kasutamiseks septiku-s\u00fcsteemides. 1 kork = 15 ml. Mitte kasutada email- v\u00f5i v\u00e4\u00e4rismetalliga (kroom\/kuld) kaetud pindadel.\" \/>\n<meta property=\"og:url\" content=\"https:\/\/easystar.ee\/ru\/toode\/domestos-puhastusvahend-cirtrus-fresh-uus-750ml-k79780\/\" \/>\n<meta property=\"og:site_name\" content=\"Easy Star O\u00dc\" \/>\n<meta property=\"article:modified_time\" content=\"2025-10-30T01:36:16+00:00\" \/>\n<meta property=\"og:image\" content=\"https:\/\/easystar.ee\/wp-content\/uploads\/2024\/05\/8720181377266.jpg\" \/>\n\t<meta property=\"og:image:width\" content=\"180\" \/>\n\t<meta property=\"og:image:height\" content=\"367\" \/>\n\t<meta property=\"og:image:type\" content=\"image\/jpeg\" \/>\n<meta name=\"twitter:card\" content=\"summary_large_image\" \/>\n<script type=\"application\/ld+json\" class=\"yoast-schema-graph\">{\"@context\":\"https:\\\/\\\/schema.org\",\"@graph\":[{\"@type\":\"WebPage\",\"@id\":\"https:\\\/\\\/easystar.ee\\\/ru\\\/toode\\\/domestos-puhastusvahend-cirtrus-fresh-uus-750ml-k79780\\\/\",\"url\":\"https:\\\/\\\/easystar.ee\\\/ru\\\/toode\\\/domestos-puhastusvahend-cirtrus-fresh-uus-750ml-k79780\\\/\",\"name\":\"Domestos Puhastusvahend Cirtrus Fresh UUS 750ml K79780 &#8212; Easy Star O\u00dc\",\"isPartOf\":{\"@id\":\"https:\\\/\\\/easystar.ee\\\/#website\"},\"primaryImageOfPage\":{\"@id\":\"https:\\\/\\\/easystar.ee\\\/ru\\\/toode\\\/domestos-puhastusvahend-cirtrus-fresh-uus-750ml-k79780\\\/#primaryimage\"},\"image\":{\"@id\":\"https:\\\/\\\/easystar.ee\\\/ru\\\/toode\\\/domestos-puhastusvahend-cirtrus-fresh-uus-750ml-k79780\\\/#primaryimage\"},\"thumbnailUrl\":\"https:\\\/\\\/easystar.ee\\\/wp-content\\\/uploads\\\/2024\\\/05\\\/8720181377266.jpg\",\"datePublished\":\"2024-05-31T09:44:36+00:00\",\"dateModified\":\"2025-10-30T01:36:16+00:00\",\"breadcrumb\":{\"@id\":\"https:\\\/\\\/easystar.ee\\\/ru\\\/toode\\\/domestos-puhastusvahend-cirtrus-fresh-uus-750ml-k79780\\\/#breadcrumb\"},\"inLanguage\":\"ru-RU\",\"potentialAction\":[{\"@type\":\"ReadAction\",\"target\":[\"https:\\\/\\\/easystar.ee\\\/ru\\\/toode\\\/domestos-puhastusvahend-cirtrus-fresh-uus-750ml-k79780\\\/\"]}]},{\"@type\":\"ImageObject\",\"inLanguage\":\"ru-RU\",\"@id\":\"https:\\\/\\\/easystar.ee\\\/ru\\\/toode\\\/domestos-puhastusvahend-cirtrus-fresh-uus-750ml-k79780\\\/#primaryimage\",\"url\":\"https:\\\/\\\/easystar.ee\\\/wp-content\\\/uploads\\\/2024\\\/05\\\/8720181377266.jpg\",\"contentUrl\":\"https:\\\/\\\/easystar.ee\\\/wp-content\\\/uploads\\\/2024\\\/05\\\/8720181377266.jpg\",\"width\":180,\"height\":367},{\"@type\":\"BreadcrumbList\",\"@id\":\"https:\\\/\\\/easystar.ee\\\/ru\\\/toode\\\/domestos-puhastusvahend-cirtrus-fresh-uus-750ml-k79780\\\/#breadcrumb\",\"itemListElement\":[{\"@type\":\"ListItem\",\"position\":1,\"name\":\"Home\",\"item\":\"https:\\\/\\\/easystar.ee\\\/ru\\\/\"},{\"@type\":\"ListItem\",\"position\":2,\"name\":\"\u0422\u043e\u0432\u0430\u0440\u044b\",\"item\":\"https:\\\/\\\/easystar.ee\\\/ru\\\/tovary\\\/\"},{\"@type\":\"ListItem\",\"position\":3,\"name\":\"Domestos Puhastusvahend Cirtrus Fresh UUS 750ml K79780\"}]},{\"@type\":\"WebSite\",\"@id\":\"https:\\\/\\\/easystar.ee\\\/#website\",\"url\":\"https:\\\/\\\/easystar.ee\\\/\",\"name\":\"Easystar.ee\",\"description\":\"\",\"publisher\":{\"@id\":\"https:\\\/\\\/easystar.ee\\\/#organization\"},\"alternateName\":\"Keskkonnas\u00f5bralikud pehmepaberitooted teie kontorisse\",\"potentialAction\":[{\"@type\":\"SearchAction\",\"target\":{\"@type\":\"EntryPoint\",\"urlTemplate\":\"https:\\\/\\\/easystar.ee\\\/?s={search_term_string}\"},\"query-input\":{\"@type\":\"PropertyValueSpecification\",\"valueRequired\":true,\"valueName\":\"search_term_string\"}}],\"inLanguage\":\"ru-RU\"},{\"@type\":\"Organization\",\"@id\":\"https:\\\/\\\/easystar.ee\\\/#organization\",\"name\":\"Easy Star O\u00dc\",\"url\":\"https:\\\/\\\/easystar.ee\\\/\",\"logo\":{\"@type\":\"ImageObject\",\"inLanguage\":\"ru-RU\",\"@id\":\"https:\\\/\\\/easystar.ee\\\/#\\\/schema\\\/logo\\\/image\\\/\",\"url\":\"https:\\\/\\\/easystar.ee\\\/wp-content\\\/uploads\\\/2024\\\/03\\\/easystar-logo.svg\",\"contentUrl\":\"https:\\\/\\\/easystar.ee\\\/wp-content\\\/uploads\\\/2024\\\/03\\\/easystar-logo.svg\",\"width\":2000,\"height\":2000,\"caption\":\"Easy Star O\u00dc\"},\"image\":{\"@id\":\"https:\\\/\\\/easystar.ee\\\/#\\\/schema\\\/logo\\\/image\\\/\"}}]}<\/script>\n<!-- \/ Yoast SEO plugin. -->","yoast_head_json":{"title":"Domestos Puhastusvahend Cirtrus Fresh UUS 750ml K79780 &#8212; Easy Star O\u00dc","robots":{"index":"index","follow":"follow","max-snippet":"max-snippet:-1","max-image-preview":"max-image-preview:large","max-video-preview":"max-video-preview:-1"},"canonical":"https:\/\/easystar.ee\/ru\/toode\/domestos-puhastusvahend-cirtrus-fresh-uus-750ml-k79780\/","og_locale":"ru_RU","og_type":"article","og_title":"Domestos Puhastusvahend Cirtrus Fresh UUS 750ml K79780 &#8212; Easy Star O\u00dc","og_description":"&lt; 5%: kloori baasil valgendi (naatriumh\u00fcpoklorit), mitteioonsed pindaktiivsed ained, katioonsed pindaktiivsed ained, seep, l\u00f5hnaaine. Desinfektsioonivahend: naatriumh\u00fcpoklorit 4,5 g 100 g kohta. Kasutamine lahjendamata kujul - desinfitseerimine ja s\u00fcgavam bakterite h\u00e4vitamine. Pritsige joana WC poti serva alla (umbes 80 ml) ja j\u00e4tke 15 minutiks seisma. S\u00fcgavama bakterivastase toime ja puhastamise eesm\u00e4rgil j\u00e4tke toode seisma \u00fcle\u00f6\u00f6. K\u00f6\u00f6gi\/vannitoa kanalisatsioon: valage joana \u00e4ravoolu, et desinfitseerida ja eemaldada ebameeldivad l\u00f5hnad. Valamud: valage joana \u00e4ra- ja \u00fclevooluavasse, j\u00e4tke 5 minutiks seisma ning loputage p\u00f5hjalikult. \u00d5rnade pindade puhul (vannid, valamud) proovige toodet enne v\u00e4ikesel silmatorkamatul kohal. Kasutamine lahjendatud kujul \u2013 desinfitseerimine: P\u00f5randad ja t\u00f6\u00f6pinnad \u2013 120 ml Domestost 5 liitri vee kohta. Mitte kasutada lahjendamata toodet p\u00f5randatel. N\u00f5udepesulapid ja \u2013\u0161vammid \u2013 60 ml Domestost 2,5 l vee kohta leotamiseks. Seej\u00e4rel loputada p\u00f5hjalikult veega. Septikute puhul lisage 20 ml. Kasutage alati plastn\u00f5usid. Sobib kasutamiseks septiku-s\u00fcsteemides. 1 kork = 15 ml. Mitte kasutada email- v\u00f5i v\u00e4\u00e4rismetalliga (kroom\/kuld) kaetud pindadel.","og_url":"https:\/\/easystar.ee\/ru\/toode\/domestos-puhastusvahend-cirtrus-fresh-uus-750ml-k79780\/","og_site_name":"Easy Star O\u00dc","article_modified_time":"2025-10-30T01:36:16+00:00","og_image":[{"width":180,"height":367,"url":"https:\/\/easystar.ee\/wp-content\/uploads\/2024\/05\/8720181377266.jpg","type":"image\/jpeg"}],"twitter_card":"summary_large_image","schema":{"@context":"https:\/\/schema.org","@graph":[{"@type":"WebPage","@id":"https:\/\/easystar.ee\/ru\/toode\/domestos-puhastusvahend-cirtrus-fresh-uus-750ml-k79780\/","url":"https:\/\/easystar.ee\/ru\/toode\/domestos-puhastusvahend-cirtrus-fresh-uus-750ml-k79780\/","name":"Domestos Puhastusvahend Cirtrus Fresh UUS 750ml K79780 &#8212; Easy Star O\u00dc","isPartOf":{"@id":"https:\/\/easystar.ee\/#website"},"primaryImageOfPage":{"@id":"https:\/\/easystar.ee\/ru\/toode\/domestos-puhastusvahend-cirtrus-fresh-uus-750ml-k79780\/#primaryimage"},"image":{"@id":"https:\/\/easystar.ee\/ru\/toode\/domestos-puhastusvahend-cirtrus-fresh-uus-750ml-k79780\/#primaryimage"},"thumbnailUrl":"https:\/\/easystar.ee\/wp-content\/uploads\/2024\/05\/8720181377266.jpg","datePublished":"2024-05-31T09:44:36+00:00","dateModified":"2025-10-30T01:36:16+00:00","breadcrumb":{"@id":"https:\/\/easystar.ee\/ru\/toode\/domestos-puhastusvahend-cirtrus-fresh-uus-750ml-k79780\/#breadcrumb"},"inLanguage":"ru-RU","potentialAction":[{"@type":"ReadAction","target":["https:\/\/easystar.ee\/ru\/toode\/domestos-puhastusvahend-cirtrus-fresh-uus-750ml-k79780\/"]}]},{"@type":"ImageObject","inLanguage":"ru-RU","@id":"https:\/\/easystar.ee\/ru\/toode\/domestos-puhastusvahend-cirtrus-fresh-uus-750ml-k79780\/#primaryimage","url":"https:\/\/easystar.ee\/wp-content\/uploads\/2024\/05\/8720181377266.jpg","contentUrl":"https:\/\/easystar.ee\/wp-content\/uploads\/2024\/05\/8720181377266.jpg","width":180,"height":367},{"@type":"BreadcrumbList","@id":"https:\/\/easystar.ee\/ru\/toode\/domestos-puhastusvahend-cirtrus-fresh-uus-750ml-k79780\/#breadcrumb","itemListElement":[{"@type":"ListItem","position":1,"name":"Home","item":"https:\/\/easystar.ee\/ru\/"},{"@type":"ListItem","position":2,"name":"\u0422\u043e\u0432\u0430\u0440\u044b","item":"https:\/\/easystar.ee\/ru\/tovary\/"},{"@type":"ListItem","position":3,"name":"Domestos Puhastusvahend Cirtrus Fresh UUS 750ml K79780"}]},{"@type":"WebSite","@id":"https:\/\/easystar.ee\/#website","url":"https:\/\/easystar.ee\/","name":"Easystar.ee","description":"","publisher":{"@id":"https:\/\/easystar.ee\/#organization"},"alternateName":"Keskkonnas\u00f5bralikud pehmepaberitooted teie kontorisse","potentialAction":[{"@type":"SearchAction","target":{"@type":"EntryPoint","urlTemplate":"https:\/\/easystar.ee\/?s={search_term_string}"},"query-input":{"@type":"PropertyValueSpecification","valueRequired":true,"valueName":"search_term_string"}}],"inLanguage":"ru-RU"},{"@type":"Organization","@id":"https:\/\/easystar.ee\/#organization","name":"Easy Star O\u00dc","url":"https:\/\/easystar.ee\/","logo":{"@type":"ImageObject","inLanguage":"ru-RU","@id":"https:\/\/easystar.ee\/#\/schema\/logo\/image\/","url":"https:\/\/easystar.ee\/wp-content\/uploads\/2024\/03\/easystar-logo.svg","contentUrl":"https:\/\/easystar.ee\/wp-content\/uploads\/2024\/03\/easystar-logo.svg","width":2000,"height":2000,"caption":"Easy Star O\u00dc"},"image":{"@id":"https:\/\/easystar.ee\/#\/schema\/logo\/image\/"}}]}},"_links":{"self":[{"href":"https:\/\/easystar.ee\/ru\/wp-json\/wp\/v2\/product\/33011","targetHints":{"allow":["GET"]}}],"collection":[{"href":"https:\/\/easystar.ee\/ru\/wp-json\/wp\/v2\/product"}],"about":[{"href":"https:\/\/easystar.ee\/ru\/wp-json\/wp\/v2\/types\/product"}],"wp:featuredmedia":[{"embeddable":true,"href":"https:\/\/easystar.ee\/ru\/wp-json\/wp\/v2\/media\/33009"}],"wp:attachment":[{"href":"https:\/\/easystar.ee\/ru\/wp-json\/wp\/v2\/media?parent=33011"}],"wp:term":[{"taxonomy":"product_brand","embeddable":true,"href":"https:\/\/easystar.ee\/ru\/wp-json\/wp\/v2\/product_brand?post=33011"},{"taxonomy":"product_cat","embeddable":true,"href":"https:\/\/easystar.ee\/ru\/wp-json\/wp\/v2\/product_cat?post=33011"},{"taxonomy":"product_tag","embeddable":true,"href":"https:\/\/easystar.ee\/ru\/wp-json\/wp\/v2\/product_tag?post=33011"}],"curies":[{"name":"wp","href":"https:\/\/api.w.org\/{rel}","templated":true}]}}