{"id":32861,"date":"2024-05-31T09:43:31","date_gmt":"2024-05-31T09:43:31","guid":{"rendered":"https:\/\/easystar.ee\/toode\/sormik-sunteetiline-nahk-riie-nr-9-fliisvoodriga-kt35009\/"},"modified":"2025-10-30T01:36:06","modified_gmt":"2025-10-30T01:36:06","slug":"sormik-sunteetiline-nahk-riie-nr-9-fliisvoodriga-kt35009","status":"publish","type":"product","link":"https:\/\/easystar.ee\/ru\/toode\/sormik-sunteetiline-nahk-riie-nr-9-fliisvoodriga-kt35009\/","title":{"rendered":"S\u00f5rmik s\u00fcnteetiline nahk\/riie nr 9 fliisvoodriga KT35009"},"content":{"rendered":"","protected":false},"excerpt":{"rendered":"<p>350 S\u00dcNTEETILISED T\u00d6\u00d6KINDAD MONTAA\u017bIT\u00d6\u00d6DEKS FLIISVOODRIGA<br \/>\nV\u00e4ga head t\u00f6\u00f6kindad montaa\u017eit\u00f6\u00f6deks. T\u00f6\u00f6kindad toodetud \u00f5hukesest ja elastsest AMARA s\u00fcnteetilisest nahast, mis tagab hea s\u00f5rmeotstetundlikkuse. T\u00f6\u00f6kinnastel s\u00fcnteetikast peopesa ja nimetiss\u00f5rm. T\u00f6\u00f6kinnastel nailonriidest k\u00e4eselg, millele sisse\u00f5mmeldud elastne kummiriba. Fliisvoodriga t\u00f6\u00f6kindad.<br \/>\nSuurused: 8, 9, 10, 11<br \/>\n12 pr pakis, 120 pr kastis<br \/>\nV\u00e4ga mugavad t\u00f6\u00f6kindad. T\u00f6\u00f6kinnastel hea s\u00f5rmeotsatundlikkus. T\u00f6\u00f6kinnastel mustust ja vetth\u00fclgav nailonriidest k\u00e4eselg. T\u00f6\u00f6kindad vastupidavad mitmekordsetele pesule. T\u00f6\u00f6kinnastel suur kulumiskindlus.<\/p>\n","protected":false},"featured_media":32859,"template":"","meta":{"_acf_changed":false},"product_brand":[],"product_cat":[1864,1863],"product_tag":[],"class_list":{"0":"post-32861","1":"product","2":"type-product","3":"status-publish","4":"has-post-thumbnail","6":"product_cat-perchatki","7":"product_cat-sredstva-individualnoj-zashhity-ik","9":"first","10":"instock","11":"taxable","12":"shipping-taxable","13":"purchasable","14":"product-type-simple"},"acf":[],"yoast_head":"<!-- This site is optimized with the Yoast SEO plugin v27.5 - https:\/\/yoast.com\/product\/yoast-seo-wordpress\/ -->\n<title>S\u00f5rmik s\u00fcnteetiline nahk\/riie nr 9 fliisvoodriga KT35009 &#8212; Easy Star O\u00dc<\/title>\n<meta name=\"robots\" content=\"index, follow, max-snippet:-1, max-image-preview:large, max-video-preview:-1\" \/>\n<link rel=\"canonical\" href=\"https:\/\/easystar.ee\/ru\/toode\/sormik-sunteetiline-nahk-riie-nr-9-fliisvoodriga-kt35009\/\" \/>\n<meta property=\"og:locale\" content=\"ru_RU\" \/>\n<meta property=\"og:type\" content=\"article\" \/>\n<meta property=\"og:title\" content=\"S\u00f5rmik s\u00fcnteetiline nahk\/riie nr 9 fliisvoodriga KT35009 &#8212; Easy Star O\u00dc\" \/>\n<meta property=\"og:description\" content=\"350 S\u00dcNTEETILISED T\u00d6\u00d6KINDAD MONTAA\u017bIT\u00d6\u00d6DEKS FLIISVOODRIGA V\u00e4ga head t\u00f6\u00f6kindad montaa\u017eit\u00f6\u00f6deks. T\u00f6\u00f6kindad toodetud \u00f5hukesest ja elastsest AMARA s\u00fcnteetilisest nahast, mis tagab hea s\u00f5rmeotstetundlikkuse. T\u00f6\u00f6kinnastel s\u00fcnteetikast peopesa ja nimetiss\u00f5rm. T\u00f6\u00f6kinnastel nailonriidest k\u00e4eselg, millele sisse\u00f5mmeldud elastne kummiriba. Fliisvoodriga t\u00f6\u00f6kindad. Suurused: 8, 9, 10, 11 12 pr pakis, 120 pr kastis V\u00e4ga mugavad t\u00f6\u00f6kindad. T\u00f6\u00f6kinnastel hea s\u00f5rmeotsatundlikkus. T\u00f6\u00f6kinnastel mustust ja vetth\u00fclgav nailonriidest k\u00e4eselg. T\u00f6\u00f6kindad vastupidavad mitmekordsetele pesule. T\u00f6\u00f6kinnastel suur kulumiskindlus.\" \/>\n<meta property=\"og:url\" content=\"https:\/\/easystar.ee\/ru\/toode\/sormik-sunteetiline-nahk-riie-nr-9-fliisvoodriga-kt35009\/\" \/>\n<meta property=\"og:site_name\" content=\"Easy Star O\u00dc\" \/>\n<meta property=\"article:modified_time\" content=\"2025-10-30T01:36:06+00:00\" \/>\n<meta property=\"og:image\" content=\"https:\/\/easystar.ee\/wp-content\/uploads\/2024\/05\/350_fliisvoodriga.jpg\" \/>\n\t<meta property=\"og:image:width\" content=\"286\" \/>\n\t<meta property=\"og:image:height\" content=\"246\" \/>\n\t<meta property=\"og:image:type\" content=\"image\/jpeg\" \/>\n<meta name=\"twitter:card\" content=\"summary_large_image\" \/>\n<script type=\"application\/ld+json\" class=\"yoast-schema-graph\">{\"@context\":\"https:\\\/\\\/schema.org\",\"@graph\":[{\"@type\":\"WebPage\",\"@id\":\"https:\\\/\\\/easystar.ee\\\/ru\\\/toode\\\/sormik-sunteetiline-nahk-riie-nr-9-fliisvoodriga-kt35009\\\/\",\"url\":\"https:\\\/\\\/easystar.ee\\\/ru\\\/toode\\\/sormik-sunteetiline-nahk-riie-nr-9-fliisvoodriga-kt35009\\\/\",\"name\":\"S\u00f5rmik s\u00fcnteetiline nahk\\\/riie nr 9 fliisvoodriga KT35009 &#8212; Easy Star O\u00dc\",\"isPartOf\":{\"@id\":\"https:\\\/\\\/easystar.ee\\\/#website\"},\"primaryImageOfPage\":{\"@id\":\"https:\\\/\\\/easystar.ee\\\/ru\\\/toode\\\/sormik-sunteetiline-nahk-riie-nr-9-fliisvoodriga-kt35009\\\/#primaryimage\"},\"image\":{\"@id\":\"https:\\\/\\\/easystar.ee\\\/ru\\\/toode\\\/sormik-sunteetiline-nahk-riie-nr-9-fliisvoodriga-kt35009\\\/#primaryimage\"},\"thumbnailUrl\":\"https:\\\/\\\/easystar.ee\\\/wp-content\\\/uploads\\\/2024\\\/05\\\/350_fliisvoodriga.jpg\",\"datePublished\":\"2024-05-31T09:43:31+00:00\",\"dateModified\":\"2025-10-30T01:36:06+00:00\",\"breadcrumb\":{\"@id\":\"https:\\\/\\\/easystar.ee\\\/ru\\\/toode\\\/sormik-sunteetiline-nahk-riie-nr-9-fliisvoodriga-kt35009\\\/#breadcrumb\"},\"inLanguage\":\"ru-RU\",\"potentialAction\":[{\"@type\":\"ReadAction\",\"target\":[\"https:\\\/\\\/easystar.ee\\\/ru\\\/toode\\\/sormik-sunteetiline-nahk-riie-nr-9-fliisvoodriga-kt35009\\\/\"]}]},{\"@type\":\"ImageObject\",\"inLanguage\":\"ru-RU\",\"@id\":\"https:\\\/\\\/easystar.ee\\\/ru\\\/toode\\\/sormik-sunteetiline-nahk-riie-nr-9-fliisvoodriga-kt35009\\\/#primaryimage\",\"url\":\"https:\\\/\\\/easystar.ee\\\/wp-content\\\/uploads\\\/2024\\\/05\\\/350_fliisvoodriga.jpg\",\"contentUrl\":\"https:\\\/\\\/easystar.ee\\\/wp-content\\\/uploads\\\/2024\\\/05\\\/350_fliisvoodriga.jpg\",\"width\":286,\"height\":246},{\"@type\":\"BreadcrumbList\",\"@id\":\"https:\\\/\\\/easystar.ee\\\/ru\\\/toode\\\/sormik-sunteetiline-nahk-riie-nr-9-fliisvoodriga-kt35009\\\/#breadcrumb\",\"itemListElement\":[{\"@type\":\"ListItem\",\"position\":1,\"name\":\"Home\",\"item\":\"https:\\\/\\\/easystar.ee\\\/ru\\\/\"},{\"@type\":\"ListItem\",\"position\":2,\"name\":\"\u0422\u043e\u0432\u0430\u0440\u044b\",\"item\":\"https:\\\/\\\/easystar.ee\\\/ru\\\/tovary\\\/\"},{\"@type\":\"ListItem\",\"position\":3,\"name\":\"S\u00f5rmik s\u00fcnteetiline nahk\\\/riie nr 9 fliisvoodriga KT35009\"}]},{\"@type\":\"WebSite\",\"@id\":\"https:\\\/\\\/easystar.ee\\\/#website\",\"url\":\"https:\\\/\\\/easystar.ee\\\/\",\"name\":\"Easystar.ee\",\"description\":\"\",\"publisher\":{\"@id\":\"https:\\\/\\\/easystar.ee\\\/#organization\"},\"alternateName\":\"Keskkonnas\u00f5bralikud pehmepaberitooted teie kontorisse\",\"potentialAction\":[{\"@type\":\"SearchAction\",\"target\":{\"@type\":\"EntryPoint\",\"urlTemplate\":\"https:\\\/\\\/easystar.ee\\\/?s={search_term_string}\"},\"query-input\":{\"@type\":\"PropertyValueSpecification\",\"valueRequired\":true,\"valueName\":\"search_term_string\"}}],\"inLanguage\":\"ru-RU\"},{\"@type\":\"Organization\",\"@id\":\"https:\\\/\\\/easystar.ee\\\/#organization\",\"name\":\"Easy Star O\u00dc\",\"url\":\"https:\\\/\\\/easystar.ee\\\/\",\"logo\":{\"@type\":\"ImageObject\",\"inLanguage\":\"ru-RU\",\"@id\":\"https:\\\/\\\/easystar.ee\\\/#\\\/schema\\\/logo\\\/image\\\/\",\"url\":\"https:\\\/\\\/easystar.ee\\\/wp-content\\\/uploads\\\/2024\\\/03\\\/easystar-logo.svg\",\"contentUrl\":\"https:\\\/\\\/easystar.ee\\\/wp-content\\\/uploads\\\/2024\\\/03\\\/easystar-logo.svg\",\"width\":2000,\"height\":2000,\"caption\":\"Easy Star O\u00dc\"},\"image\":{\"@id\":\"https:\\\/\\\/easystar.ee\\\/#\\\/schema\\\/logo\\\/image\\\/\"}}]}<\/script>\n<!-- \/ Yoast SEO plugin. -->","yoast_head_json":{"title":"S\u00f5rmik s\u00fcnteetiline nahk\/riie nr 9 fliisvoodriga KT35009 &#8212; Easy Star O\u00dc","robots":{"index":"index","follow":"follow","max-snippet":"max-snippet:-1","max-image-preview":"max-image-preview:large","max-video-preview":"max-video-preview:-1"},"canonical":"https:\/\/easystar.ee\/ru\/toode\/sormik-sunteetiline-nahk-riie-nr-9-fliisvoodriga-kt35009\/","og_locale":"ru_RU","og_type":"article","og_title":"S\u00f5rmik s\u00fcnteetiline nahk\/riie nr 9 fliisvoodriga KT35009 &#8212; Easy Star O\u00dc","og_description":"350 S\u00dcNTEETILISED T\u00d6\u00d6KINDAD MONTAA\u017bIT\u00d6\u00d6DEKS FLIISVOODRIGA V\u00e4ga head t\u00f6\u00f6kindad montaa\u017eit\u00f6\u00f6deks. T\u00f6\u00f6kindad toodetud \u00f5hukesest ja elastsest AMARA s\u00fcnteetilisest nahast, mis tagab hea s\u00f5rmeotstetundlikkuse. T\u00f6\u00f6kinnastel s\u00fcnteetikast peopesa ja nimetiss\u00f5rm. T\u00f6\u00f6kinnastel nailonriidest k\u00e4eselg, millele sisse\u00f5mmeldud elastne kummiriba. Fliisvoodriga t\u00f6\u00f6kindad. Suurused: 8, 9, 10, 11 12 pr pakis, 120 pr kastis V\u00e4ga mugavad t\u00f6\u00f6kindad. T\u00f6\u00f6kinnastel hea s\u00f5rmeotsatundlikkus. T\u00f6\u00f6kinnastel mustust ja vetth\u00fclgav nailonriidest k\u00e4eselg. T\u00f6\u00f6kindad vastupidavad mitmekordsetele pesule. T\u00f6\u00f6kinnastel suur kulumiskindlus.","og_url":"https:\/\/easystar.ee\/ru\/toode\/sormik-sunteetiline-nahk-riie-nr-9-fliisvoodriga-kt35009\/","og_site_name":"Easy Star O\u00dc","article_modified_time":"2025-10-30T01:36:06+00:00","og_image":[{"width":286,"height":246,"url":"https:\/\/easystar.ee\/wp-content\/uploads\/2024\/05\/350_fliisvoodriga.jpg","type":"image\/jpeg"}],"twitter_card":"summary_large_image","schema":{"@context":"https:\/\/schema.org","@graph":[{"@type":"WebPage","@id":"https:\/\/easystar.ee\/ru\/toode\/sormik-sunteetiline-nahk-riie-nr-9-fliisvoodriga-kt35009\/","url":"https:\/\/easystar.ee\/ru\/toode\/sormik-sunteetiline-nahk-riie-nr-9-fliisvoodriga-kt35009\/","name":"S\u00f5rmik s\u00fcnteetiline nahk\/riie nr 9 fliisvoodriga KT35009 &#8212; Easy Star O\u00dc","isPartOf":{"@id":"https:\/\/easystar.ee\/#website"},"primaryImageOfPage":{"@id":"https:\/\/easystar.ee\/ru\/toode\/sormik-sunteetiline-nahk-riie-nr-9-fliisvoodriga-kt35009\/#primaryimage"},"image":{"@id":"https:\/\/easystar.ee\/ru\/toode\/sormik-sunteetiline-nahk-riie-nr-9-fliisvoodriga-kt35009\/#primaryimage"},"thumbnailUrl":"https:\/\/easystar.ee\/wp-content\/uploads\/2024\/05\/350_fliisvoodriga.jpg","datePublished":"2024-05-31T09:43:31+00:00","dateModified":"2025-10-30T01:36:06+00:00","breadcrumb":{"@id":"https:\/\/easystar.ee\/ru\/toode\/sormik-sunteetiline-nahk-riie-nr-9-fliisvoodriga-kt35009\/#breadcrumb"},"inLanguage":"ru-RU","potentialAction":[{"@type":"ReadAction","target":["https:\/\/easystar.ee\/ru\/toode\/sormik-sunteetiline-nahk-riie-nr-9-fliisvoodriga-kt35009\/"]}]},{"@type":"ImageObject","inLanguage":"ru-RU","@id":"https:\/\/easystar.ee\/ru\/toode\/sormik-sunteetiline-nahk-riie-nr-9-fliisvoodriga-kt35009\/#primaryimage","url":"https:\/\/easystar.ee\/wp-content\/uploads\/2024\/05\/350_fliisvoodriga.jpg","contentUrl":"https:\/\/easystar.ee\/wp-content\/uploads\/2024\/05\/350_fliisvoodriga.jpg","width":286,"height":246},{"@type":"BreadcrumbList","@id":"https:\/\/easystar.ee\/ru\/toode\/sormik-sunteetiline-nahk-riie-nr-9-fliisvoodriga-kt35009\/#breadcrumb","itemListElement":[{"@type":"ListItem","position":1,"name":"Home","item":"https:\/\/easystar.ee\/ru\/"},{"@type":"ListItem","position":2,"name":"\u0422\u043e\u0432\u0430\u0440\u044b","item":"https:\/\/easystar.ee\/ru\/tovary\/"},{"@type":"ListItem","position":3,"name":"S\u00f5rmik s\u00fcnteetiline nahk\/riie nr 9 fliisvoodriga KT35009"}]},{"@type":"WebSite","@id":"https:\/\/easystar.ee\/#website","url":"https:\/\/easystar.ee\/","name":"Easystar.ee","description":"","publisher":{"@id":"https:\/\/easystar.ee\/#organization"},"alternateName":"Keskkonnas\u00f5bralikud pehmepaberitooted teie kontorisse","potentialAction":[{"@type":"SearchAction","target":{"@type":"EntryPoint","urlTemplate":"https:\/\/easystar.ee\/?s={search_term_string}"},"query-input":{"@type":"PropertyValueSpecification","valueRequired":true,"valueName":"search_term_string"}}],"inLanguage":"ru-RU"},{"@type":"Organization","@id":"https:\/\/easystar.ee\/#organization","name":"Easy Star O\u00dc","url":"https:\/\/easystar.ee\/","logo":{"@type":"ImageObject","inLanguage":"ru-RU","@id":"https:\/\/easystar.ee\/#\/schema\/logo\/image\/","url":"https:\/\/easystar.ee\/wp-content\/uploads\/2024\/03\/easystar-logo.svg","contentUrl":"https:\/\/easystar.ee\/wp-content\/uploads\/2024\/03\/easystar-logo.svg","width":2000,"height":2000,"caption":"Easy Star O\u00dc"},"image":{"@id":"https:\/\/easystar.ee\/#\/schema\/logo\/image\/"}}]}},"_links":{"self":[{"href":"https:\/\/easystar.ee\/ru\/wp-json\/wp\/v2\/product\/32861","targetHints":{"allow":["GET"]}}],"collection":[{"href":"https:\/\/easystar.ee\/ru\/wp-json\/wp\/v2\/product"}],"about":[{"href":"https:\/\/easystar.ee\/ru\/wp-json\/wp\/v2\/types\/product"}],"wp:featuredmedia":[{"embeddable":true,"href":"https:\/\/easystar.ee\/ru\/wp-json\/wp\/v2\/media\/32859"}],"wp:attachment":[{"href":"https:\/\/easystar.ee\/ru\/wp-json\/wp\/v2\/media?parent=32861"}],"wp:term":[{"taxonomy":"product_brand","embeddable":true,"href":"https:\/\/easystar.ee\/ru\/wp-json\/wp\/v2\/product_brand?post=32861"},{"taxonomy":"product_cat","embeddable":true,"href":"https:\/\/easystar.ee\/ru\/wp-json\/wp\/v2\/product_cat?post=32861"},{"taxonomy":"product_tag","embeddable":true,"href":"https:\/\/easystar.ee\/ru\/wp-json\/wp\/v2\/product_tag?post=32861"}],"curies":[{"name":"wp","href":"https:\/\/api.w.org\/{rel}","templated":true}]}}