{"id":32735,"date":"2024-05-31T09:42:39","date_gmt":"2024-05-31T09:42:39","guid":{"rendered":"https:\/\/easystar.ee\/toode\/kilepoll-poluetuleen-60my-140x75cm-valge-25tk-pakk-kt2351\/"},"modified":"2025-10-30T01:35:53","modified_gmt":"2025-10-30T01:35:53","slug":"kilepoll-poluetuleen-60my-140x75cm-valge-25tk-pakk-kt2351","status":"publish","type":"product","link":"https:\/\/easystar.ee\/ru\/toode\/kilepoll-poluetuleen-60my-140x75cm-valge-25tk-pakk-kt2351\/","title":{"rendered":"Kilep\u00f5ll pol\u00fcet\u00fcleen 60my 140x75cm valge 25tk\/pakk KT2351"},"content":{"rendered":"","protected":false},"excerpt":{"rendered":"<p>\u00dchekordsed kilep\u00f5lled PE 60my 140x75cm 25tk valge<br \/>\nMaterjal: pol\u00fcet\u00fcleen -M\u00f5\u00f5dud: 140 x 75 cm -Materjali paksus: 60 my<br \/>\nPaksem veekindel kilep\u00f5ll m\u00f5\u00f5tudega 140 x 75 cm, paksus ca 60 my. Valmistatud pol\u00fcet\u00fcleenist. Pakis 25 t\u00fckki, kastis 10 pakki. CAT I Toiduohutuse sertifikaat<\/p>\n","protected":false},"featured_media":32733,"template":"","meta":{"_acf_changed":false},"product_brand":[],"product_cat":[1935,1863],"product_tag":[],"class_list":{"0":"post-32735","1":"product","2":"type-product","3":"status-publish","4":"has-post-thumbnail","6":"product_cat-odnorazovye-tovary","7":"product_cat-sredstva-individualnoj-zashhity-ik","9":"first","10":"instock","11":"taxable","12":"shipping-taxable","13":"purchasable","14":"product-type-simple"},"acf":[],"yoast_head":"<!-- This site is optimized with the Yoast SEO plugin v27.5 - https:\/\/yoast.com\/product\/yoast-seo-wordpress\/ -->\n<title>Kilep\u00f5ll pol\u00fcet\u00fcleen 60my 140x75cm valge 25tk\/pakk KT2351 &#8212; Easy Star O\u00dc<\/title>\n<meta name=\"robots\" content=\"index, follow, max-snippet:-1, max-image-preview:large, max-video-preview:-1\" \/>\n<link rel=\"canonical\" href=\"https:\/\/easystar.ee\/ru\/toode\/kilepoll-poluetuleen-60my-140x75cm-valge-25tk-pakk-kt2351\/\" \/>\n<meta property=\"og:locale\" content=\"ru_RU\" \/>\n<meta property=\"og:type\" content=\"article\" \/>\n<meta property=\"og:title\" content=\"Kilep\u00f5ll pol\u00fcet\u00fcleen 60my 140x75cm valge 25tk\/pakk KT2351 &#8212; Easy Star O\u00dc\" \/>\n<meta property=\"og:description\" content=\"\u00dchekordsed kilep\u00f5lled PE 60my 140x75cm 25tk valge Materjal: pol\u00fcet\u00fcleen -M\u00f5\u00f5dud: 140 x 75 cm -Materjali paksus: 60 my Paksem veekindel kilep\u00f5ll m\u00f5\u00f5tudega 140 x 75 cm, paksus ca 60 my. Valmistatud pol\u00fcet\u00fcleenist. Pakis 25 t\u00fckki, kastis 10 pakki. CAT I Toiduohutuse sertifikaat\" \/>\n<meta property=\"og:url\" content=\"https:\/\/easystar.ee\/ru\/toode\/kilepoll-poluetuleen-60my-140x75cm-valge-25tk-pakk-kt2351\/\" \/>\n<meta property=\"og:site_name\" content=\"Easy Star O\u00dc\" \/>\n<meta property=\"article:modified_time\" content=\"2025-10-30T01:35:53+00:00\" \/>\n<meta property=\"og:image\" content=\"https:\/\/easystar.ee\/wp-content\/uploads\/2024\/05\/KT2351.jpg\" \/>\n\t<meta property=\"og:image:width\" content=\"198\" \/>\n\t<meta property=\"og:image:height\" content=\"506\" \/>\n\t<meta property=\"og:image:type\" content=\"image\/jpeg\" \/>\n<meta name=\"twitter:card\" content=\"summary_large_image\" \/>\n<script type=\"application\/ld+json\" class=\"yoast-schema-graph\">{\"@context\":\"https:\\\/\\\/schema.org\",\"@graph\":[{\"@type\":\"WebPage\",\"@id\":\"https:\\\/\\\/easystar.ee\\\/ru\\\/toode\\\/kilepoll-poluetuleen-60my-140x75cm-valge-25tk-pakk-kt2351\\\/\",\"url\":\"https:\\\/\\\/easystar.ee\\\/ru\\\/toode\\\/kilepoll-poluetuleen-60my-140x75cm-valge-25tk-pakk-kt2351\\\/\",\"name\":\"Kilep\u00f5ll pol\u00fcet\u00fcleen 60my 140x75cm valge 25tk\\\/pakk KT2351 &#8212; Easy Star O\u00dc\",\"isPartOf\":{\"@id\":\"https:\\\/\\\/easystar.ee\\\/#website\"},\"primaryImageOfPage\":{\"@id\":\"https:\\\/\\\/easystar.ee\\\/ru\\\/toode\\\/kilepoll-poluetuleen-60my-140x75cm-valge-25tk-pakk-kt2351\\\/#primaryimage\"},\"image\":{\"@id\":\"https:\\\/\\\/easystar.ee\\\/ru\\\/toode\\\/kilepoll-poluetuleen-60my-140x75cm-valge-25tk-pakk-kt2351\\\/#primaryimage\"},\"thumbnailUrl\":\"https:\\\/\\\/easystar.ee\\\/wp-content\\\/uploads\\\/2024\\\/05\\\/KT2351.jpg\",\"datePublished\":\"2024-05-31T09:42:39+00:00\",\"dateModified\":\"2025-10-30T01:35:53+00:00\",\"breadcrumb\":{\"@id\":\"https:\\\/\\\/easystar.ee\\\/ru\\\/toode\\\/kilepoll-poluetuleen-60my-140x75cm-valge-25tk-pakk-kt2351\\\/#breadcrumb\"},\"inLanguage\":\"ru-RU\",\"potentialAction\":[{\"@type\":\"ReadAction\",\"target\":[\"https:\\\/\\\/easystar.ee\\\/ru\\\/toode\\\/kilepoll-poluetuleen-60my-140x75cm-valge-25tk-pakk-kt2351\\\/\"]}]},{\"@type\":\"ImageObject\",\"inLanguage\":\"ru-RU\",\"@id\":\"https:\\\/\\\/easystar.ee\\\/ru\\\/toode\\\/kilepoll-poluetuleen-60my-140x75cm-valge-25tk-pakk-kt2351\\\/#primaryimage\",\"url\":\"https:\\\/\\\/easystar.ee\\\/wp-content\\\/uploads\\\/2024\\\/05\\\/KT2351.jpg\",\"contentUrl\":\"https:\\\/\\\/easystar.ee\\\/wp-content\\\/uploads\\\/2024\\\/05\\\/KT2351.jpg\",\"width\":198,\"height\":506},{\"@type\":\"BreadcrumbList\",\"@id\":\"https:\\\/\\\/easystar.ee\\\/ru\\\/toode\\\/kilepoll-poluetuleen-60my-140x75cm-valge-25tk-pakk-kt2351\\\/#breadcrumb\",\"itemListElement\":[{\"@type\":\"ListItem\",\"position\":1,\"name\":\"Home\",\"item\":\"https:\\\/\\\/easystar.ee\\\/ru\\\/\"},{\"@type\":\"ListItem\",\"position\":2,\"name\":\"\u0422\u043e\u0432\u0430\u0440\u044b\",\"item\":\"https:\\\/\\\/easystar.ee\\\/ru\\\/tovary\\\/\"},{\"@type\":\"ListItem\",\"position\":3,\"name\":\"Kilep\u00f5ll pol\u00fcet\u00fcleen 60my 140x75cm valge 25tk\\\/pakk KT2351\"}]},{\"@type\":\"WebSite\",\"@id\":\"https:\\\/\\\/easystar.ee\\\/#website\",\"url\":\"https:\\\/\\\/easystar.ee\\\/\",\"name\":\"Easystar.ee\",\"description\":\"\",\"publisher\":{\"@id\":\"https:\\\/\\\/easystar.ee\\\/#organization\"},\"alternateName\":\"Keskkonnas\u00f5bralikud pehmepaberitooted teie kontorisse\",\"potentialAction\":[{\"@type\":\"SearchAction\",\"target\":{\"@type\":\"EntryPoint\",\"urlTemplate\":\"https:\\\/\\\/easystar.ee\\\/?s={search_term_string}\"},\"query-input\":{\"@type\":\"PropertyValueSpecification\",\"valueRequired\":true,\"valueName\":\"search_term_string\"}}],\"inLanguage\":\"ru-RU\"},{\"@type\":\"Organization\",\"@id\":\"https:\\\/\\\/easystar.ee\\\/#organization\",\"name\":\"Easy Star O\u00dc\",\"url\":\"https:\\\/\\\/easystar.ee\\\/\",\"logo\":{\"@type\":\"ImageObject\",\"inLanguage\":\"ru-RU\",\"@id\":\"https:\\\/\\\/easystar.ee\\\/#\\\/schema\\\/logo\\\/image\\\/\",\"url\":\"https:\\\/\\\/easystar.ee\\\/wp-content\\\/uploads\\\/2024\\\/03\\\/easystar-logo.svg\",\"contentUrl\":\"https:\\\/\\\/easystar.ee\\\/wp-content\\\/uploads\\\/2024\\\/03\\\/easystar-logo.svg\",\"width\":2000,\"height\":2000,\"caption\":\"Easy Star O\u00dc\"},\"image\":{\"@id\":\"https:\\\/\\\/easystar.ee\\\/#\\\/schema\\\/logo\\\/image\\\/\"}}]}<\/script>\n<!-- \/ Yoast SEO plugin. -->","yoast_head_json":{"title":"Kilep\u00f5ll pol\u00fcet\u00fcleen 60my 140x75cm valge 25tk\/pakk KT2351 &#8212; Easy Star O\u00dc","robots":{"index":"index","follow":"follow","max-snippet":"max-snippet:-1","max-image-preview":"max-image-preview:large","max-video-preview":"max-video-preview:-1"},"canonical":"https:\/\/easystar.ee\/ru\/toode\/kilepoll-poluetuleen-60my-140x75cm-valge-25tk-pakk-kt2351\/","og_locale":"ru_RU","og_type":"article","og_title":"Kilep\u00f5ll pol\u00fcet\u00fcleen 60my 140x75cm valge 25tk\/pakk KT2351 &#8212; Easy Star O\u00dc","og_description":"\u00dchekordsed kilep\u00f5lled PE 60my 140x75cm 25tk valge Materjal: pol\u00fcet\u00fcleen -M\u00f5\u00f5dud: 140 x 75 cm -Materjali paksus: 60 my Paksem veekindel kilep\u00f5ll m\u00f5\u00f5tudega 140 x 75 cm, paksus ca 60 my. Valmistatud pol\u00fcet\u00fcleenist. Pakis 25 t\u00fckki, kastis 10 pakki. CAT I Toiduohutuse sertifikaat","og_url":"https:\/\/easystar.ee\/ru\/toode\/kilepoll-poluetuleen-60my-140x75cm-valge-25tk-pakk-kt2351\/","og_site_name":"Easy Star O\u00dc","article_modified_time":"2025-10-30T01:35:53+00:00","og_image":[{"width":198,"height":506,"url":"https:\/\/easystar.ee\/wp-content\/uploads\/2024\/05\/KT2351.jpg","type":"image\/jpeg"}],"twitter_card":"summary_large_image","schema":{"@context":"https:\/\/schema.org","@graph":[{"@type":"WebPage","@id":"https:\/\/easystar.ee\/ru\/toode\/kilepoll-poluetuleen-60my-140x75cm-valge-25tk-pakk-kt2351\/","url":"https:\/\/easystar.ee\/ru\/toode\/kilepoll-poluetuleen-60my-140x75cm-valge-25tk-pakk-kt2351\/","name":"Kilep\u00f5ll pol\u00fcet\u00fcleen 60my 140x75cm valge 25tk\/pakk KT2351 &#8212; Easy Star O\u00dc","isPartOf":{"@id":"https:\/\/easystar.ee\/#website"},"primaryImageOfPage":{"@id":"https:\/\/easystar.ee\/ru\/toode\/kilepoll-poluetuleen-60my-140x75cm-valge-25tk-pakk-kt2351\/#primaryimage"},"image":{"@id":"https:\/\/easystar.ee\/ru\/toode\/kilepoll-poluetuleen-60my-140x75cm-valge-25tk-pakk-kt2351\/#primaryimage"},"thumbnailUrl":"https:\/\/easystar.ee\/wp-content\/uploads\/2024\/05\/KT2351.jpg","datePublished":"2024-05-31T09:42:39+00:00","dateModified":"2025-10-30T01:35:53+00:00","breadcrumb":{"@id":"https:\/\/easystar.ee\/ru\/toode\/kilepoll-poluetuleen-60my-140x75cm-valge-25tk-pakk-kt2351\/#breadcrumb"},"inLanguage":"ru-RU","potentialAction":[{"@type":"ReadAction","target":["https:\/\/easystar.ee\/ru\/toode\/kilepoll-poluetuleen-60my-140x75cm-valge-25tk-pakk-kt2351\/"]}]},{"@type":"ImageObject","inLanguage":"ru-RU","@id":"https:\/\/easystar.ee\/ru\/toode\/kilepoll-poluetuleen-60my-140x75cm-valge-25tk-pakk-kt2351\/#primaryimage","url":"https:\/\/easystar.ee\/wp-content\/uploads\/2024\/05\/KT2351.jpg","contentUrl":"https:\/\/easystar.ee\/wp-content\/uploads\/2024\/05\/KT2351.jpg","width":198,"height":506},{"@type":"BreadcrumbList","@id":"https:\/\/easystar.ee\/ru\/toode\/kilepoll-poluetuleen-60my-140x75cm-valge-25tk-pakk-kt2351\/#breadcrumb","itemListElement":[{"@type":"ListItem","position":1,"name":"Home","item":"https:\/\/easystar.ee\/ru\/"},{"@type":"ListItem","position":2,"name":"\u0422\u043e\u0432\u0430\u0440\u044b","item":"https:\/\/easystar.ee\/ru\/tovary\/"},{"@type":"ListItem","position":3,"name":"Kilep\u00f5ll pol\u00fcet\u00fcleen 60my 140x75cm valge 25tk\/pakk KT2351"}]},{"@type":"WebSite","@id":"https:\/\/easystar.ee\/#website","url":"https:\/\/easystar.ee\/","name":"Easystar.ee","description":"","publisher":{"@id":"https:\/\/easystar.ee\/#organization"},"alternateName":"Keskkonnas\u00f5bralikud pehmepaberitooted teie kontorisse","potentialAction":[{"@type":"SearchAction","target":{"@type":"EntryPoint","urlTemplate":"https:\/\/easystar.ee\/?s={search_term_string}"},"query-input":{"@type":"PropertyValueSpecification","valueRequired":true,"valueName":"search_term_string"}}],"inLanguage":"ru-RU"},{"@type":"Organization","@id":"https:\/\/easystar.ee\/#organization","name":"Easy Star O\u00dc","url":"https:\/\/easystar.ee\/","logo":{"@type":"ImageObject","inLanguage":"ru-RU","@id":"https:\/\/easystar.ee\/#\/schema\/logo\/image\/","url":"https:\/\/easystar.ee\/wp-content\/uploads\/2024\/03\/easystar-logo.svg","contentUrl":"https:\/\/easystar.ee\/wp-content\/uploads\/2024\/03\/easystar-logo.svg","width":2000,"height":2000,"caption":"Easy Star O\u00dc"},"image":{"@id":"https:\/\/easystar.ee\/#\/schema\/logo\/image\/"}}]}},"_links":{"self":[{"href":"https:\/\/easystar.ee\/ru\/wp-json\/wp\/v2\/product\/32735","targetHints":{"allow":["GET"]}}],"collection":[{"href":"https:\/\/easystar.ee\/ru\/wp-json\/wp\/v2\/product"}],"about":[{"href":"https:\/\/easystar.ee\/ru\/wp-json\/wp\/v2\/types\/product"}],"wp:featuredmedia":[{"embeddable":true,"href":"https:\/\/easystar.ee\/ru\/wp-json\/wp\/v2\/media\/32733"}],"wp:attachment":[{"href":"https:\/\/easystar.ee\/ru\/wp-json\/wp\/v2\/media?parent=32735"}],"wp:term":[{"taxonomy":"product_brand","embeddable":true,"href":"https:\/\/easystar.ee\/ru\/wp-json\/wp\/v2\/product_brand?post=32735"},{"taxonomy":"product_cat","embeddable":true,"href":"https:\/\/easystar.ee\/ru\/wp-json\/wp\/v2\/product_cat?post=32735"},{"taxonomy":"product_tag","embeddable":true,"href":"https:\/\/easystar.ee\/ru\/wp-json\/wp\/v2\/product_tag?post=32735"}],"curies":[{"name":"wp","href":"https:\/\/api.w.org\/{rel}","templated":true}]}}