{"id":32465,"date":"2024-05-31T09:40:49","date_gmt":"2024-05-31T09:40:49","guid":{"rendered":"https:\/\/easystar.ee\/toode\/pvc-majapidamiskinnas-valge-10-ktsh70010\/"},"modified":"2025-10-30T01:35:21","modified_gmt":"2025-10-30T01:35:21","slug":"pvc-majapidamiskinnas-valge-10-ktsh70010","status":"publish","type":"product","link":"https:\/\/easystar.ee\/ru\/toode\/pvc-majapidamiskinnas-valge-10-ktsh70010\/","title":{"rendered":"PVC majapidamiskinnas valge 10 KTSH70010"},"content":{"rendered":"","protected":false},"excerpt":{"rendered":"<p>Materjal: PVC -Kaitsevad kemikaalide eest -Paksus 0,3 mm -Pikkus 30 cm<br \/>\nShowa 700 PVC kummikinnastel on parema haarde tagamiseks reljeefne peopesa ja s\u00f5rmeotsad. Need kummikindad tunduvad k\u00e4es nagu teine nahk &#8212; v\u00e4ga hea istuvusega. Kummikinnastel suurep\u00e4rane haarduvus kuivades ja niisketes oludes. Ilma puudrita. Anatoomilise kujuga. Kaitse kemikaalide eest. Allergiavabad. Pakis 10 paari, kastis 240 paari. Vastavused: Kategooria III EN420: 2003+A1: 2009 EN 388: 2003 EN 374-2-3: 2003 <\/p>\n","protected":false},"featured_media":32463,"template":"","meta":{"_acf_changed":false},"product_brand":[],"product_cat":[2012,1863],"product_tag":[],"class_list":{"0":"post-32465","1":"product","2":"type-product","3":"status-publish","4":"has-post-thumbnail","6":"product_cat-majapidamiskindad-ru","7":"product_cat-sredstva-individualnoj-zashhity-ik","9":"first","10":"instock","11":"taxable","12":"shipping-taxable","13":"purchasable","14":"product-type-simple"},"acf":[],"yoast_head":"<!-- This site is optimized with the Yoast SEO plugin v27.5 - https:\/\/yoast.com\/product\/yoast-seo-wordpress\/ -->\n<title>PVC majapidamiskinnas valge 10 KTSH70010 &#8212; Easy Star O\u00dc<\/title>\n<meta name=\"robots\" content=\"index, follow, max-snippet:-1, max-image-preview:large, max-video-preview:-1\" \/>\n<link rel=\"canonical\" href=\"https:\/\/easystar.ee\/ru\/toode\/pvc-majapidamiskinnas-valge-10-ktsh70010\/\" \/>\n<meta property=\"og:locale\" content=\"ru_RU\" \/>\n<meta property=\"og:type\" content=\"article\" \/>\n<meta property=\"og:title\" content=\"PVC majapidamiskinnas valge 10 KTSH70010 &#8212; Easy Star O\u00dc\" \/>\n<meta property=\"og:description\" content=\"Materjal: PVC -Kaitsevad kemikaalide eest -Paksus 0,3 mm -Pikkus 30 cm Showa 700 PVC kummikinnastel on parema haarde tagamiseks reljeefne peopesa ja s\u00f5rmeotsad. Need kummikindad tunduvad k\u00e4es nagu teine nahk - v\u00e4ga hea istuvusega. Kummikinnastel suurep\u00e4rane haarduvus kuivades ja niisketes oludes. Ilma puudrita. Anatoomilise kujuga. Kaitse kemikaalide eest. Allergiavabad. Pakis 10 paari, kastis 240 paari. Vastavused: Kategooria III EN420: 2003+A1: 2009 EN 388: 2003 EN 374-2-3: 2003\" \/>\n<meta property=\"og:url\" content=\"https:\/\/easystar.ee\/ru\/toode\/pvc-majapidamiskinnas-valge-10-ktsh70010\/\" \/>\n<meta property=\"og:site_name\" content=\"Easy Star O\u00dc\" \/>\n<meta property=\"article:modified_time\" content=\"2025-10-30T01:35:21+00:00\" \/>\n<meta property=\"og:image\" content=\"https:\/\/easystar.ee\/wp-content\/uploads\/2024\/05\/PVC_tookindad_valged__3_.jpg\" \/>\n\t<meta property=\"og:image:width\" content=\"166\" \/>\n\t<meta property=\"og:image:height\" content=\"305\" \/>\n\t<meta property=\"og:image:type\" content=\"image\/jpeg\" \/>\n<meta name=\"twitter:card\" content=\"summary_large_image\" \/>\n<script type=\"application\/ld+json\" class=\"yoast-schema-graph\">{\"@context\":\"https:\\\/\\\/schema.org\",\"@graph\":[{\"@type\":\"WebPage\",\"@id\":\"https:\\\/\\\/easystar.ee\\\/ru\\\/toode\\\/pvc-majapidamiskinnas-valge-10-ktsh70010\\\/\",\"url\":\"https:\\\/\\\/easystar.ee\\\/ru\\\/toode\\\/pvc-majapidamiskinnas-valge-10-ktsh70010\\\/\",\"name\":\"PVC majapidamiskinnas valge 10 KTSH70010 &#8212; Easy Star O\u00dc\",\"isPartOf\":{\"@id\":\"https:\\\/\\\/easystar.ee\\\/#website\"},\"primaryImageOfPage\":{\"@id\":\"https:\\\/\\\/easystar.ee\\\/ru\\\/toode\\\/pvc-majapidamiskinnas-valge-10-ktsh70010\\\/#primaryimage\"},\"image\":{\"@id\":\"https:\\\/\\\/easystar.ee\\\/ru\\\/toode\\\/pvc-majapidamiskinnas-valge-10-ktsh70010\\\/#primaryimage\"},\"thumbnailUrl\":\"https:\\\/\\\/easystar.ee\\\/wp-content\\\/uploads\\\/2024\\\/05\\\/PVC_tookindad_valged__3_.jpg\",\"datePublished\":\"2024-05-31T09:40:49+00:00\",\"dateModified\":\"2025-10-30T01:35:21+00:00\",\"breadcrumb\":{\"@id\":\"https:\\\/\\\/easystar.ee\\\/ru\\\/toode\\\/pvc-majapidamiskinnas-valge-10-ktsh70010\\\/#breadcrumb\"},\"inLanguage\":\"ru-RU\",\"potentialAction\":[{\"@type\":\"ReadAction\",\"target\":[\"https:\\\/\\\/easystar.ee\\\/ru\\\/toode\\\/pvc-majapidamiskinnas-valge-10-ktsh70010\\\/\"]}]},{\"@type\":\"ImageObject\",\"inLanguage\":\"ru-RU\",\"@id\":\"https:\\\/\\\/easystar.ee\\\/ru\\\/toode\\\/pvc-majapidamiskinnas-valge-10-ktsh70010\\\/#primaryimage\",\"url\":\"https:\\\/\\\/easystar.ee\\\/wp-content\\\/uploads\\\/2024\\\/05\\\/PVC_tookindad_valged__3_.jpg\",\"contentUrl\":\"https:\\\/\\\/easystar.ee\\\/wp-content\\\/uploads\\\/2024\\\/05\\\/PVC_tookindad_valged__3_.jpg\",\"width\":166,\"height\":305},{\"@type\":\"BreadcrumbList\",\"@id\":\"https:\\\/\\\/easystar.ee\\\/ru\\\/toode\\\/pvc-majapidamiskinnas-valge-10-ktsh70010\\\/#breadcrumb\",\"itemListElement\":[{\"@type\":\"ListItem\",\"position\":1,\"name\":\"Home\",\"item\":\"https:\\\/\\\/easystar.ee\\\/ru\\\/\"},{\"@type\":\"ListItem\",\"position\":2,\"name\":\"\u0422\u043e\u0432\u0430\u0440\u044b\",\"item\":\"https:\\\/\\\/easystar.ee\\\/ru\\\/tovary\\\/\"},{\"@type\":\"ListItem\",\"position\":3,\"name\":\"PVC majapidamiskinnas valge 10 KTSH70010\"}]},{\"@type\":\"WebSite\",\"@id\":\"https:\\\/\\\/easystar.ee\\\/#website\",\"url\":\"https:\\\/\\\/easystar.ee\\\/\",\"name\":\"Easystar.ee\",\"description\":\"\",\"publisher\":{\"@id\":\"https:\\\/\\\/easystar.ee\\\/#organization\"},\"alternateName\":\"Keskkonnas\u00f5bralikud pehmepaberitooted teie kontorisse\",\"potentialAction\":[{\"@type\":\"SearchAction\",\"target\":{\"@type\":\"EntryPoint\",\"urlTemplate\":\"https:\\\/\\\/easystar.ee\\\/?s={search_term_string}\"},\"query-input\":{\"@type\":\"PropertyValueSpecification\",\"valueRequired\":true,\"valueName\":\"search_term_string\"}}],\"inLanguage\":\"ru-RU\"},{\"@type\":\"Organization\",\"@id\":\"https:\\\/\\\/easystar.ee\\\/#organization\",\"name\":\"Easy Star O\u00dc\",\"url\":\"https:\\\/\\\/easystar.ee\\\/\",\"logo\":{\"@type\":\"ImageObject\",\"inLanguage\":\"ru-RU\",\"@id\":\"https:\\\/\\\/easystar.ee\\\/#\\\/schema\\\/logo\\\/image\\\/\",\"url\":\"https:\\\/\\\/easystar.ee\\\/wp-content\\\/uploads\\\/2024\\\/03\\\/easystar-logo.svg\",\"contentUrl\":\"https:\\\/\\\/easystar.ee\\\/wp-content\\\/uploads\\\/2024\\\/03\\\/easystar-logo.svg\",\"width\":2000,\"height\":2000,\"caption\":\"Easy Star O\u00dc\"},\"image\":{\"@id\":\"https:\\\/\\\/easystar.ee\\\/#\\\/schema\\\/logo\\\/image\\\/\"}}]}<\/script>\n<!-- \/ Yoast SEO plugin. -->","yoast_head_json":{"title":"PVC majapidamiskinnas valge 10 KTSH70010 &#8212; Easy Star O\u00dc","robots":{"index":"index","follow":"follow","max-snippet":"max-snippet:-1","max-image-preview":"max-image-preview:large","max-video-preview":"max-video-preview:-1"},"canonical":"https:\/\/easystar.ee\/ru\/toode\/pvc-majapidamiskinnas-valge-10-ktsh70010\/","og_locale":"ru_RU","og_type":"article","og_title":"PVC majapidamiskinnas valge 10 KTSH70010 &#8212; Easy Star O\u00dc","og_description":"Materjal: PVC -Kaitsevad kemikaalide eest -Paksus 0,3 mm -Pikkus 30 cm Showa 700 PVC kummikinnastel on parema haarde tagamiseks reljeefne peopesa ja s\u00f5rmeotsad. Need kummikindad tunduvad k\u00e4es nagu teine nahk - v\u00e4ga hea istuvusega. Kummikinnastel suurep\u00e4rane haarduvus kuivades ja niisketes oludes. Ilma puudrita. Anatoomilise kujuga. Kaitse kemikaalide eest. Allergiavabad. Pakis 10 paari, kastis 240 paari. Vastavused: Kategooria III EN420: 2003+A1: 2009 EN 388: 2003 EN 374-2-3: 2003","og_url":"https:\/\/easystar.ee\/ru\/toode\/pvc-majapidamiskinnas-valge-10-ktsh70010\/","og_site_name":"Easy Star O\u00dc","article_modified_time":"2025-10-30T01:35:21+00:00","og_image":[{"width":166,"height":305,"url":"https:\/\/easystar.ee\/wp-content\/uploads\/2024\/05\/PVC_tookindad_valged__3_.jpg","type":"image\/jpeg"}],"twitter_card":"summary_large_image","schema":{"@context":"https:\/\/schema.org","@graph":[{"@type":"WebPage","@id":"https:\/\/easystar.ee\/ru\/toode\/pvc-majapidamiskinnas-valge-10-ktsh70010\/","url":"https:\/\/easystar.ee\/ru\/toode\/pvc-majapidamiskinnas-valge-10-ktsh70010\/","name":"PVC majapidamiskinnas valge 10 KTSH70010 &#8212; Easy Star O\u00dc","isPartOf":{"@id":"https:\/\/easystar.ee\/#website"},"primaryImageOfPage":{"@id":"https:\/\/easystar.ee\/ru\/toode\/pvc-majapidamiskinnas-valge-10-ktsh70010\/#primaryimage"},"image":{"@id":"https:\/\/easystar.ee\/ru\/toode\/pvc-majapidamiskinnas-valge-10-ktsh70010\/#primaryimage"},"thumbnailUrl":"https:\/\/easystar.ee\/wp-content\/uploads\/2024\/05\/PVC_tookindad_valged__3_.jpg","datePublished":"2024-05-31T09:40:49+00:00","dateModified":"2025-10-30T01:35:21+00:00","breadcrumb":{"@id":"https:\/\/easystar.ee\/ru\/toode\/pvc-majapidamiskinnas-valge-10-ktsh70010\/#breadcrumb"},"inLanguage":"ru-RU","potentialAction":[{"@type":"ReadAction","target":["https:\/\/easystar.ee\/ru\/toode\/pvc-majapidamiskinnas-valge-10-ktsh70010\/"]}]},{"@type":"ImageObject","inLanguage":"ru-RU","@id":"https:\/\/easystar.ee\/ru\/toode\/pvc-majapidamiskinnas-valge-10-ktsh70010\/#primaryimage","url":"https:\/\/easystar.ee\/wp-content\/uploads\/2024\/05\/PVC_tookindad_valged__3_.jpg","contentUrl":"https:\/\/easystar.ee\/wp-content\/uploads\/2024\/05\/PVC_tookindad_valged__3_.jpg","width":166,"height":305},{"@type":"BreadcrumbList","@id":"https:\/\/easystar.ee\/ru\/toode\/pvc-majapidamiskinnas-valge-10-ktsh70010\/#breadcrumb","itemListElement":[{"@type":"ListItem","position":1,"name":"Home","item":"https:\/\/easystar.ee\/ru\/"},{"@type":"ListItem","position":2,"name":"\u0422\u043e\u0432\u0430\u0440\u044b","item":"https:\/\/easystar.ee\/ru\/tovary\/"},{"@type":"ListItem","position":3,"name":"PVC majapidamiskinnas valge 10 KTSH70010"}]},{"@type":"WebSite","@id":"https:\/\/easystar.ee\/#website","url":"https:\/\/easystar.ee\/","name":"Easystar.ee","description":"","publisher":{"@id":"https:\/\/easystar.ee\/#organization"},"alternateName":"Keskkonnas\u00f5bralikud pehmepaberitooted teie kontorisse","potentialAction":[{"@type":"SearchAction","target":{"@type":"EntryPoint","urlTemplate":"https:\/\/easystar.ee\/?s={search_term_string}"},"query-input":{"@type":"PropertyValueSpecification","valueRequired":true,"valueName":"search_term_string"}}],"inLanguage":"ru-RU"},{"@type":"Organization","@id":"https:\/\/easystar.ee\/#organization","name":"Easy Star O\u00dc","url":"https:\/\/easystar.ee\/","logo":{"@type":"ImageObject","inLanguage":"ru-RU","@id":"https:\/\/easystar.ee\/#\/schema\/logo\/image\/","url":"https:\/\/easystar.ee\/wp-content\/uploads\/2024\/03\/easystar-logo.svg","contentUrl":"https:\/\/easystar.ee\/wp-content\/uploads\/2024\/03\/easystar-logo.svg","width":2000,"height":2000,"caption":"Easy Star O\u00dc"},"image":{"@id":"https:\/\/easystar.ee\/#\/schema\/logo\/image\/"}}]}},"_links":{"self":[{"href":"https:\/\/easystar.ee\/ru\/wp-json\/wp\/v2\/product\/32465","targetHints":{"allow":["GET"]}}],"collection":[{"href":"https:\/\/easystar.ee\/ru\/wp-json\/wp\/v2\/product"}],"about":[{"href":"https:\/\/easystar.ee\/ru\/wp-json\/wp\/v2\/types\/product"}],"wp:featuredmedia":[{"embeddable":true,"href":"https:\/\/easystar.ee\/ru\/wp-json\/wp\/v2\/media\/32463"}],"wp:attachment":[{"href":"https:\/\/easystar.ee\/ru\/wp-json\/wp\/v2\/media?parent=32465"}],"wp:term":[{"taxonomy":"product_brand","embeddable":true,"href":"https:\/\/easystar.ee\/ru\/wp-json\/wp\/v2\/product_brand?post=32465"},{"taxonomy":"product_cat","embeddable":true,"href":"https:\/\/easystar.ee\/ru\/wp-json\/wp\/v2\/product_cat?post=32465"},{"taxonomy":"product_tag","embeddable":true,"href":"https:\/\/easystar.ee\/ru\/wp-json\/wp\/v2\/product_tag?post=32465"}],"curies":[{"name":"wp","href":"https:\/\/api.w.org\/{rel}","templated":true}]}}