{"id":31805,"date":"2024-05-31T09:32:47","date_gmt":"2024-05-31T09:32:47","guid":{"rendered":"https:\/\/easystar.ee\/toode\/majapidamiskinnas-xl-kthhmwxl\/"},"modified":"2025-10-30T01:34:04","modified_gmt":"2025-10-30T01:34:04","slug":"majapidamiskinnas-xl-kthhmwxl","status":"publish","type":"product","link":"https:\/\/easystar.ee\/ru\/toode\/majapidamiskinnas-xl-kthhmwxl\/","title":{"rendered":"Majapidamiskinnas XL KTHHMWXL"},"content":{"rendered":"","protected":false},"excerpt":{"rendered":"<p>Kummikindad lateks Bettina kollane<br \/>\nMaterjal: lateks, puuvillapuru vooder -Materjali paksus 0,45 mm -Sobib toiduainete k\u00e4itlemiseks<br \/>\nNaturaalsest lateksist majapidamiss\u00f5rmik puuvillapurust voodril. Sobib ka toiduainete k\u00e4itlemiseks. Peopesa ja n\u00e4puotsad reljeefsed. Majapidamiskinnas annab hea kaitse puhastusvahendite, leeliste ja niiskuse vastu. V\u00e4ga vastupidavad ja korduvkasutatavad kummikindad. Puuvillapurust vooder lisab kandmismugavust. Suur lateksi sisaldus annab hea elastsuse. Pakis 12 paari, kastis 144 paari.Vastavused: CE-tootem\u00e4rgis Toiduohutuse sertifikaat CAT I<\/p>\n","protected":false},"featured_media":31803,"template":"","meta":{"_acf_changed":false},"product_brand":[],"product_cat":[2012,1863],"product_tag":[],"class_list":{"0":"post-31805","1":"product","2":"type-product","3":"status-publish","4":"has-post-thumbnail","6":"product_cat-majapidamiskindad-ru","7":"product_cat-sredstva-individualnoj-zashhity-ik","9":"first","10":"instock","11":"taxable","12":"shipping-taxable","13":"purchasable","14":"product-type-simple"},"acf":[],"yoast_head":"<!-- This site is optimized with the Yoast SEO plugin v27.5 - https:\/\/yoast.com\/product\/yoast-seo-wordpress\/ -->\n<title>Majapidamiskinnas XL KTHHMWXL &#8212; Easy Star O\u00dc<\/title>\n<meta name=\"robots\" content=\"index, follow, max-snippet:-1, max-image-preview:large, max-video-preview:-1\" \/>\n<link rel=\"canonical\" href=\"https:\/\/easystar.ee\/ru\/toode\/majapidamiskinnas-xl-kthhmwxl\/\" \/>\n<meta property=\"og:locale\" content=\"ru_RU\" \/>\n<meta property=\"og:type\" content=\"article\" \/>\n<meta property=\"og:title\" content=\"Majapidamiskinnas XL KTHHMWXL &#8212; Easy Star O\u00dc\" \/>\n<meta property=\"og:description\" content=\"Kummikindad lateks Bettina kollane Materjal: lateks, puuvillapuru vooder -Materjali paksus 0,45 mm -Sobib toiduainete k\u00e4itlemiseks Naturaalsest lateksist majapidamiss\u00f5rmik puuvillapurust voodril. Sobib ka toiduainete k\u00e4itlemiseks. Peopesa ja n\u00e4puotsad reljeefsed. Majapidamiskinnas annab hea kaitse puhastusvahendite, leeliste ja niiskuse vastu. V\u00e4ga vastupidavad ja korduvkasutatavad kummikindad. Puuvillapurust vooder lisab kandmismugavust. Suur lateksi sisaldus annab hea elastsuse. Pakis 12 paari, kastis 144 paari.Vastavused: CE-tootem\u00e4rgis Toiduohutuse sertifikaat CAT I\" \/>\n<meta property=\"og:url\" content=\"https:\/\/easystar.ee\/ru\/toode\/majapidamiskinnas-xl-kthhmwxl\/\" \/>\n<meta property=\"og:site_name\" content=\"Easy Star O\u00dc\" \/>\n<meta property=\"article:modified_time\" content=\"2025-10-30T01:34:04+00:00\" \/>\n<meta property=\"og:image\" content=\"https:\/\/easystar.ee\/wp-content\/uploads\/2024\/05\/Majapidamiskinnas_v3_v1.png\" \/>\n\t<meta property=\"og:image:width\" content=\"307\" \/>\n\t<meta property=\"og:image:height\" content=\"231\" \/>\n\t<meta property=\"og:image:type\" content=\"image\/png\" \/>\n<meta name=\"twitter:card\" content=\"summary_large_image\" \/>\n<script type=\"application\/ld+json\" class=\"yoast-schema-graph\">{\"@context\":\"https:\\\/\\\/schema.org\",\"@graph\":[{\"@type\":\"WebPage\",\"@id\":\"https:\\\/\\\/easystar.ee\\\/ru\\\/toode\\\/majapidamiskinnas-xl-kthhmwxl\\\/\",\"url\":\"https:\\\/\\\/easystar.ee\\\/ru\\\/toode\\\/majapidamiskinnas-xl-kthhmwxl\\\/\",\"name\":\"Majapidamiskinnas XL KTHHMWXL &#8212; Easy Star O\u00dc\",\"isPartOf\":{\"@id\":\"https:\\\/\\\/easystar.ee\\\/#website\"},\"primaryImageOfPage\":{\"@id\":\"https:\\\/\\\/easystar.ee\\\/ru\\\/toode\\\/majapidamiskinnas-xl-kthhmwxl\\\/#primaryimage\"},\"image\":{\"@id\":\"https:\\\/\\\/easystar.ee\\\/ru\\\/toode\\\/majapidamiskinnas-xl-kthhmwxl\\\/#primaryimage\"},\"thumbnailUrl\":\"https:\\\/\\\/easystar.ee\\\/wp-content\\\/uploads\\\/2024\\\/05\\\/Majapidamiskinnas_v3_v1.png\",\"datePublished\":\"2024-05-31T09:32:47+00:00\",\"dateModified\":\"2025-10-30T01:34:04+00:00\",\"breadcrumb\":{\"@id\":\"https:\\\/\\\/easystar.ee\\\/ru\\\/toode\\\/majapidamiskinnas-xl-kthhmwxl\\\/#breadcrumb\"},\"inLanguage\":\"ru-RU\",\"potentialAction\":[{\"@type\":\"ReadAction\",\"target\":[\"https:\\\/\\\/easystar.ee\\\/ru\\\/toode\\\/majapidamiskinnas-xl-kthhmwxl\\\/\"]}]},{\"@type\":\"ImageObject\",\"inLanguage\":\"ru-RU\",\"@id\":\"https:\\\/\\\/easystar.ee\\\/ru\\\/toode\\\/majapidamiskinnas-xl-kthhmwxl\\\/#primaryimage\",\"url\":\"https:\\\/\\\/easystar.ee\\\/wp-content\\\/uploads\\\/2024\\\/05\\\/Majapidamiskinnas_v3_v1.png\",\"contentUrl\":\"https:\\\/\\\/easystar.ee\\\/wp-content\\\/uploads\\\/2024\\\/05\\\/Majapidamiskinnas_v3_v1.png\",\"width\":307,\"height\":231},{\"@type\":\"BreadcrumbList\",\"@id\":\"https:\\\/\\\/easystar.ee\\\/ru\\\/toode\\\/majapidamiskinnas-xl-kthhmwxl\\\/#breadcrumb\",\"itemListElement\":[{\"@type\":\"ListItem\",\"position\":1,\"name\":\"Home\",\"item\":\"https:\\\/\\\/easystar.ee\\\/ru\\\/\"},{\"@type\":\"ListItem\",\"position\":2,\"name\":\"\u0422\u043e\u0432\u0430\u0440\u044b\",\"item\":\"https:\\\/\\\/easystar.ee\\\/ru\\\/tovary\\\/\"},{\"@type\":\"ListItem\",\"position\":3,\"name\":\"Majapidamiskinnas XL KTHHMWXL\"}]},{\"@type\":\"WebSite\",\"@id\":\"https:\\\/\\\/easystar.ee\\\/#website\",\"url\":\"https:\\\/\\\/easystar.ee\\\/\",\"name\":\"Easystar.ee\",\"description\":\"\",\"publisher\":{\"@id\":\"https:\\\/\\\/easystar.ee\\\/#organization\"},\"alternateName\":\"Keskkonnas\u00f5bralikud pehmepaberitooted teie kontorisse\",\"potentialAction\":[{\"@type\":\"SearchAction\",\"target\":{\"@type\":\"EntryPoint\",\"urlTemplate\":\"https:\\\/\\\/easystar.ee\\\/?s={search_term_string}\"},\"query-input\":{\"@type\":\"PropertyValueSpecification\",\"valueRequired\":true,\"valueName\":\"search_term_string\"}}],\"inLanguage\":\"ru-RU\"},{\"@type\":\"Organization\",\"@id\":\"https:\\\/\\\/easystar.ee\\\/#organization\",\"name\":\"Easy Star O\u00dc\",\"url\":\"https:\\\/\\\/easystar.ee\\\/\",\"logo\":{\"@type\":\"ImageObject\",\"inLanguage\":\"ru-RU\",\"@id\":\"https:\\\/\\\/easystar.ee\\\/#\\\/schema\\\/logo\\\/image\\\/\",\"url\":\"https:\\\/\\\/easystar.ee\\\/wp-content\\\/uploads\\\/2024\\\/03\\\/easystar-logo.svg\",\"contentUrl\":\"https:\\\/\\\/easystar.ee\\\/wp-content\\\/uploads\\\/2024\\\/03\\\/easystar-logo.svg\",\"width\":2000,\"height\":2000,\"caption\":\"Easy Star O\u00dc\"},\"image\":{\"@id\":\"https:\\\/\\\/easystar.ee\\\/#\\\/schema\\\/logo\\\/image\\\/\"}}]}<\/script>\n<!-- \/ Yoast SEO plugin. -->","yoast_head_json":{"title":"Majapidamiskinnas XL KTHHMWXL &#8212; Easy Star O\u00dc","robots":{"index":"index","follow":"follow","max-snippet":"max-snippet:-1","max-image-preview":"max-image-preview:large","max-video-preview":"max-video-preview:-1"},"canonical":"https:\/\/easystar.ee\/ru\/toode\/majapidamiskinnas-xl-kthhmwxl\/","og_locale":"ru_RU","og_type":"article","og_title":"Majapidamiskinnas XL KTHHMWXL &#8212; Easy Star O\u00dc","og_description":"Kummikindad lateks Bettina kollane Materjal: lateks, puuvillapuru vooder -Materjali paksus 0,45 mm -Sobib toiduainete k\u00e4itlemiseks Naturaalsest lateksist majapidamiss\u00f5rmik puuvillapurust voodril. Sobib ka toiduainete k\u00e4itlemiseks. Peopesa ja n\u00e4puotsad reljeefsed. Majapidamiskinnas annab hea kaitse puhastusvahendite, leeliste ja niiskuse vastu. V\u00e4ga vastupidavad ja korduvkasutatavad kummikindad. Puuvillapurust vooder lisab kandmismugavust. Suur lateksi sisaldus annab hea elastsuse. Pakis 12 paari, kastis 144 paari.Vastavused: CE-tootem\u00e4rgis Toiduohutuse sertifikaat CAT I","og_url":"https:\/\/easystar.ee\/ru\/toode\/majapidamiskinnas-xl-kthhmwxl\/","og_site_name":"Easy Star O\u00dc","article_modified_time":"2025-10-30T01:34:04+00:00","og_image":[{"width":307,"height":231,"url":"https:\/\/easystar.ee\/wp-content\/uploads\/2024\/05\/Majapidamiskinnas_v3_v1.png","type":"image\/png"}],"twitter_card":"summary_large_image","schema":{"@context":"https:\/\/schema.org","@graph":[{"@type":"WebPage","@id":"https:\/\/easystar.ee\/ru\/toode\/majapidamiskinnas-xl-kthhmwxl\/","url":"https:\/\/easystar.ee\/ru\/toode\/majapidamiskinnas-xl-kthhmwxl\/","name":"Majapidamiskinnas XL KTHHMWXL &#8212; Easy Star O\u00dc","isPartOf":{"@id":"https:\/\/easystar.ee\/#website"},"primaryImageOfPage":{"@id":"https:\/\/easystar.ee\/ru\/toode\/majapidamiskinnas-xl-kthhmwxl\/#primaryimage"},"image":{"@id":"https:\/\/easystar.ee\/ru\/toode\/majapidamiskinnas-xl-kthhmwxl\/#primaryimage"},"thumbnailUrl":"https:\/\/easystar.ee\/wp-content\/uploads\/2024\/05\/Majapidamiskinnas_v3_v1.png","datePublished":"2024-05-31T09:32:47+00:00","dateModified":"2025-10-30T01:34:04+00:00","breadcrumb":{"@id":"https:\/\/easystar.ee\/ru\/toode\/majapidamiskinnas-xl-kthhmwxl\/#breadcrumb"},"inLanguage":"ru-RU","potentialAction":[{"@type":"ReadAction","target":["https:\/\/easystar.ee\/ru\/toode\/majapidamiskinnas-xl-kthhmwxl\/"]}]},{"@type":"ImageObject","inLanguage":"ru-RU","@id":"https:\/\/easystar.ee\/ru\/toode\/majapidamiskinnas-xl-kthhmwxl\/#primaryimage","url":"https:\/\/easystar.ee\/wp-content\/uploads\/2024\/05\/Majapidamiskinnas_v3_v1.png","contentUrl":"https:\/\/easystar.ee\/wp-content\/uploads\/2024\/05\/Majapidamiskinnas_v3_v1.png","width":307,"height":231},{"@type":"BreadcrumbList","@id":"https:\/\/easystar.ee\/ru\/toode\/majapidamiskinnas-xl-kthhmwxl\/#breadcrumb","itemListElement":[{"@type":"ListItem","position":1,"name":"Home","item":"https:\/\/easystar.ee\/ru\/"},{"@type":"ListItem","position":2,"name":"\u0422\u043e\u0432\u0430\u0440\u044b","item":"https:\/\/easystar.ee\/ru\/tovary\/"},{"@type":"ListItem","position":3,"name":"Majapidamiskinnas XL KTHHMWXL"}]},{"@type":"WebSite","@id":"https:\/\/easystar.ee\/#website","url":"https:\/\/easystar.ee\/","name":"Easystar.ee","description":"","publisher":{"@id":"https:\/\/easystar.ee\/#organization"},"alternateName":"Keskkonnas\u00f5bralikud pehmepaberitooted teie kontorisse","potentialAction":[{"@type":"SearchAction","target":{"@type":"EntryPoint","urlTemplate":"https:\/\/easystar.ee\/?s={search_term_string}"},"query-input":{"@type":"PropertyValueSpecification","valueRequired":true,"valueName":"search_term_string"}}],"inLanguage":"ru-RU"},{"@type":"Organization","@id":"https:\/\/easystar.ee\/#organization","name":"Easy Star O\u00dc","url":"https:\/\/easystar.ee\/","logo":{"@type":"ImageObject","inLanguage":"ru-RU","@id":"https:\/\/easystar.ee\/#\/schema\/logo\/image\/","url":"https:\/\/easystar.ee\/wp-content\/uploads\/2024\/03\/easystar-logo.svg","contentUrl":"https:\/\/easystar.ee\/wp-content\/uploads\/2024\/03\/easystar-logo.svg","width":2000,"height":2000,"caption":"Easy Star O\u00dc"},"image":{"@id":"https:\/\/easystar.ee\/#\/schema\/logo\/image\/"}}]}},"_links":{"self":[{"href":"https:\/\/easystar.ee\/ru\/wp-json\/wp\/v2\/product\/31805","targetHints":{"allow":["GET"]}}],"collection":[{"href":"https:\/\/easystar.ee\/ru\/wp-json\/wp\/v2\/product"}],"about":[{"href":"https:\/\/easystar.ee\/ru\/wp-json\/wp\/v2\/types\/product"}],"wp:featuredmedia":[{"embeddable":true,"href":"https:\/\/easystar.ee\/ru\/wp-json\/wp\/v2\/media\/31803"}],"wp:attachment":[{"href":"https:\/\/easystar.ee\/ru\/wp-json\/wp\/v2\/media?parent=31805"}],"wp:term":[{"taxonomy":"product_brand","embeddable":true,"href":"https:\/\/easystar.ee\/ru\/wp-json\/wp\/v2\/product_brand?post=31805"},{"taxonomy":"product_cat","embeddable":true,"href":"https:\/\/easystar.ee\/ru\/wp-json\/wp\/v2\/product_cat?post=31805"},{"taxonomy":"product_tag","embeddable":true,"href":"https:\/\/easystar.ee\/ru\/wp-json\/wp\/v2\/product_tag?post=31805"}],"curies":[{"name":"wp","href":"https:\/\/api.w.org\/{rel}","templated":true}]}}