{"id":31730,"date":"2024-05-31T09:32:06","date_gmt":"2024-05-31T09:32:06","guid":{"rendered":"https:\/\/easystar.ee\/toode\/nailonsormik-kare-nitriilkate-peopesas-must-hall-8-kt12608\/"},"modified":"2025-10-30T01:33:59","modified_gmt":"2025-10-30T01:33:59","slug":"nailonsormik-kare-nitriilkate-peopesas-must-hall-8-kt12608","status":"publish","type":"product","link":"https:\/\/easystar.ee\/ru\/toode\/nailonsormik-kare-nitriilkate-peopesas-must-hall-8-kt12608\/","title":{"rendered":"Nailons\u00f5rmik kare nitriilkate peopesas must\/hall 8 KT12608"},"content":{"rendered":"","protected":false},"excerpt":{"rendered":"<p>-Materjal: nailon, peopesa ja s\u00f5rmeotsad nitriil -Randmeosa elastne -\u00d5likindlad<br \/>\nElastsed montaa\u017ei\/peenmehaanikat\u00f6\u00f6de kootud nailonist t\u00f6\u00f6kindad, kareda liivakarva nitriiliga kaetud peopesa ja s\u00f5rmeotsad, mis tagavad hea haarde nii kuiva kui ka \u00f5liste ja m\u00e4rgade esemete korral. Ei lase \u00f5li l\u00e4bi kinda pinna. Kaitsevad mehhaanilise kulumise eest. \u00d5mblusteta t\u00f6\u00f6kindad, tagavad hea s\u00f5rmeotste tundlikkuse. Katmata k\u00e4eselg tagab k\u00e4te hingamise ja mugavuse. Pakis 12 paari, kastis 120 paari.CE-tootem\u00e4rgis CAT II EN 388:2016 &#8212; 4121X<\/p>\n","protected":false},"featured_media":31728,"template":"","meta":{"_acf_changed":false},"product_brand":[],"product_cat":[1864,1863],"product_tag":[],"class_list":{"0":"post-31730","1":"product","2":"type-product","3":"status-publish","4":"has-post-thumbnail","6":"product_cat-perchatki","7":"product_cat-sredstva-individualnoj-zashhity-ik","9":"first","10":"instock","11":"taxable","12":"shipping-taxable","13":"purchasable","14":"product-type-simple"},"acf":[],"yoast_head":"<!-- This site is optimized with the Yoast SEO plugin v27.5 - https:\/\/yoast.com\/product\/yoast-seo-wordpress\/ -->\n<title>Nailons\u00f5rmik kare nitriilkate peopesas must\/hall 8 KT12608 &#8212; Easy Star O\u00dc<\/title>\n<meta name=\"robots\" content=\"index, follow, max-snippet:-1, max-image-preview:large, max-video-preview:-1\" \/>\n<link rel=\"canonical\" href=\"https:\/\/easystar.ee\/ru\/toode\/nailonsormik-kare-nitriilkate-peopesas-must-hall-8-kt12608\/\" \/>\n<meta property=\"og:locale\" content=\"ru_RU\" \/>\n<meta property=\"og:type\" content=\"article\" \/>\n<meta property=\"og:title\" content=\"Nailons\u00f5rmik kare nitriilkate peopesas must\/hall 8 KT12608 &#8212; Easy Star O\u00dc\" \/>\n<meta property=\"og:description\" content=\"-Materjal: nailon, peopesa ja s\u00f5rmeotsad nitriil -Randmeosa elastne -\u00d5likindlad Elastsed montaa\u017ei\/peenmehaanikat\u00f6\u00f6de kootud nailonist t\u00f6\u00f6kindad, kareda liivakarva nitriiliga kaetud peopesa ja s\u00f5rmeotsad, mis tagavad hea haarde nii kuiva kui ka \u00f5liste ja m\u00e4rgade esemete korral. Ei lase \u00f5li l\u00e4bi kinda pinna. Kaitsevad mehhaanilise kulumise eest. \u00d5mblusteta t\u00f6\u00f6kindad, tagavad hea s\u00f5rmeotste tundlikkuse. Katmata k\u00e4eselg tagab k\u00e4te hingamise ja mugavuse. Pakis 12 paari, kastis 120 paari.CE-tootem\u00e4rgis CAT II EN 388:2016 - 4121X\" \/>\n<meta property=\"og:url\" content=\"https:\/\/easystar.ee\/ru\/toode\/nailonsormik-kare-nitriilkate-peopesas-must-hall-8-kt12608\/\" \/>\n<meta property=\"og:site_name\" content=\"Easy Star O\u00dc\" \/>\n<meta property=\"article:modified_time\" content=\"2025-10-30T01:33:59+00:00\" \/>\n<meta property=\"og:image\" content=\"https:\/\/easystar.ee\/wp-content\/uploads\/2024\/05\/126_must_sormik_nailon_nitriil.jpg\" \/>\n\t<meta property=\"og:image:width\" content=\"952\" \/>\n\t<meta property=\"og:image:height\" content=\"950\" \/>\n\t<meta property=\"og:image:type\" content=\"image\/jpeg\" \/>\n<meta name=\"twitter:card\" content=\"summary_large_image\" \/>\n<script type=\"application\/ld+json\" class=\"yoast-schema-graph\">{\"@context\":\"https:\\\/\\\/schema.org\",\"@graph\":[{\"@type\":\"WebPage\",\"@id\":\"https:\\\/\\\/easystar.ee\\\/ru\\\/toode\\\/nailonsormik-kare-nitriilkate-peopesas-must-hall-8-kt12608\\\/\",\"url\":\"https:\\\/\\\/easystar.ee\\\/ru\\\/toode\\\/nailonsormik-kare-nitriilkate-peopesas-must-hall-8-kt12608\\\/\",\"name\":\"Nailons\u00f5rmik kare nitriilkate peopesas must\\\/hall 8 KT12608 &#8212; Easy Star O\u00dc\",\"isPartOf\":{\"@id\":\"https:\\\/\\\/easystar.ee\\\/#website\"},\"primaryImageOfPage\":{\"@id\":\"https:\\\/\\\/easystar.ee\\\/ru\\\/toode\\\/nailonsormik-kare-nitriilkate-peopesas-must-hall-8-kt12608\\\/#primaryimage\"},\"image\":{\"@id\":\"https:\\\/\\\/easystar.ee\\\/ru\\\/toode\\\/nailonsormik-kare-nitriilkate-peopesas-must-hall-8-kt12608\\\/#primaryimage\"},\"thumbnailUrl\":\"https:\\\/\\\/easystar.ee\\\/wp-content\\\/uploads\\\/2024\\\/05\\\/126_must_sormik_nailon_nitriil.jpg\",\"datePublished\":\"2024-05-31T09:32:06+00:00\",\"dateModified\":\"2025-10-30T01:33:59+00:00\",\"breadcrumb\":{\"@id\":\"https:\\\/\\\/easystar.ee\\\/ru\\\/toode\\\/nailonsormik-kare-nitriilkate-peopesas-must-hall-8-kt12608\\\/#breadcrumb\"},\"inLanguage\":\"ru-RU\",\"potentialAction\":[{\"@type\":\"ReadAction\",\"target\":[\"https:\\\/\\\/easystar.ee\\\/ru\\\/toode\\\/nailonsormik-kare-nitriilkate-peopesas-must-hall-8-kt12608\\\/\"]}]},{\"@type\":\"ImageObject\",\"inLanguage\":\"ru-RU\",\"@id\":\"https:\\\/\\\/easystar.ee\\\/ru\\\/toode\\\/nailonsormik-kare-nitriilkate-peopesas-must-hall-8-kt12608\\\/#primaryimage\",\"url\":\"https:\\\/\\\/easystar.ee\\\/wp-content\\\/uploads\\\/2024\\\/05\\\/126_must_sormik_nailon_nitriil.jpg\",\"contentUrl\":\"https:\\\/\\\/easystar.ee\\\/wp-content\\\/uploads\\\/2024\\\/05\\\/126_must_sormik_nailon_nitriil.jpg\",\"width\":952,\"height\":950},{\"@type\":\"BreadcrumbList\",\"@id\":\"https:\\\/\\\/easystar.ee\\\/ru\\\/toode\\\/nailonsormik-kare-nitriilkate-peopesas-must-hall-8-kt12608\\\/#breadcrumb\",\"itemListElement\":[{\"@type\":\"ListItem\",\"position\":1,\"name\":\"Home\",\"item\":\"https:\\\/\\\/easystar.ee\\\/ru\\\/\"},{\"@type\":\"ListItem\",\"position\":2,\"name\":\"\u0422\u043e\u0432\u0430\u0440\u044b\",\"item\":\"https:\\\/\\\/easystar.ee\\\/ru\\\/tovary\\\/\"},{\"@type\":\"ListItem\",\"position\":3,\"name\":\"Nailons\u00f5rmik kare nitriilkate peopesas must\\\/hall 8 KT12608\"}]},{\"@type\":\"WebSite\",\"@id\":\"https:\\\/\\\/easystar.ee\\\/#website\",\"url\":\"https:\\\/\\\/easystar.ee\\\/\",\"name\":\"Easystar.ee\",\"description\":\"\",\"publisher\":{\"@id\":\"https:\\\/\\\/easystar.ee\\\/#organization\"},\"alternateName\":\"Keskkonnas\u00f5bralikud pehmepaberitooted teie kontorisse\",\"potentialAction\":[{\"@type\":\"SearchAction\",\"target\":{\"@type\":\"EntryPoint\",\"urlTemplate\":\"https:\\\/\\\/easystar.ee\\\/?s={search_term_string}\"},\"query-input\":{\"@type\":\"PropertyValueSpecification\",\"valueRequired\":true,\"valueName\":\"search_term_string\"}}],\"inLanguage\":\"ru-RU\"},{\"@type\":\"Organization\",\"@id\":\"https:\\\/\\\/easystar.ee\\\/#organization\",\"name\":\"Easy Star O\u00dc\",\"url\":\"https:\\\/\\\/easystar.ee\\\/\",\"logo\":{\"@type\":\"ImageObject\",\"inLanguage\":\"ru-RU\",\"@id\":\"https:\\\/\\\/easystar.ee\\\/#\\\/schema\\\/logo\\\/image\\\/\",\"url\":\"https:\\\/\\\/easystar.ee\\\/wp-content\\\/uploads\\\/2024\\\/03\\\/easystar-logo.svg\",\"contentUrl\":\"https:\\\/\\\/easystar.ee\\\/wp-content\\\/uploads\\\/2024\\\/03\\\/easystar-logo.svg\",\"width\":2000,\"height\":2000,\"caption\":\"Easy Star O\u00dc\"},\"image\":{\"@id\":\"https:\\\/\\\/easystar.ee\\\/#\\\/schema\\\/logo\\\/image\\\/\"}}]}<\/script>\n<!-- \/ Yoast SEO plugin. -->","yoast_head_json":{"title":"Nailons\u00f5rmik kare nitriilkate peopesas must\/hall 8 KT12608 &#8212; Easy Star O\u00dc","robots":{"index":"index","follow":"follow","max-snippet":"max-snippet:-1","max-image-preview":"max-image-preview:large","max-video-preview":"max-video-preview:-1"},"canonical":"https:\/\/easystar.ee\/ru\/toode\/nailonsormik-kare-nitriilkate-peopesas-must-hall-8-kt12608\/","og_locale":"ru_RU","og_type":"article","og_title":"Nailons\u00f5rmik kare nitriilkate peopesas must\/hall 8 KT12608 &#8212; Easy Star O\u00dc","og_description":"-Materjal: nailon, peopesa ja s\u00f5rmeotsad nitriil -Randmeosa elastne -\u00d5likindlad Elastsed montaa\u017ei\/peenmehaanikat\u00f6\u00f6de kootud nailonist t\u00f6\u00f6kindad, kareda liivakarva nitriiliga kaetud peopesa ja s\u00f5rmeotsad, mis tagavad hea haarde nii kuiva kui ka \u00f5liste ja m\u00e4rgade esemete korral. Ei lase \u00f5li l\u00e4bi kinda pinna. Kaitsevad mehhaanilise kulumise eest. \u00d5mblusteta t\u00f6\u00f6kindad, tagavad hea s\u00f5rmeotste tundlikkuse. Katmata k\u00e4eselg tagab k\u00e4te hingamise ja mugavuse. Pakis 12 paari, kastis 120 paari.CE-tootem\u00e4rgis CAT II EN 388:2016 - 4121X","og_url":"https:\/\/easystar.ee\/ru\/toode\/nailonsormik-kare-nitriilkate-peopesas-must-hall-8-kt12608\/","og_site_name":"Easy Star O\u00dc","article_modified_time":"2025-10-30T01:33:59+00:00","og_image":[{"width":952,"height":950,"url":"https:\/\/easystar.ee\/wp-content\/uploads\/2024\/05\/126_must_sormik_nailon_nitriil.jpg","type":"image\/jpeg"}],"twitter_card":"summary_large_image","schema":{"@context":"https:\/\/schema.org","@graph":[{"@type":"WebPage","@id":"https:\/\/easystar.ee\/ru\/toode\/nailonsormik-kare-nitriilkate-peopesas-must-hall-8-kt12608\/","url":"https:\/\/easystar.ee\/ru\/toode\/nailonsormik-kare-nitriilkate-peopesas-must-hall-8-kt12608\/","name":"Nailons\u00f5rmik kare nitriilkate peopesas must\/hall 8 KT12608 &#8212; Easy Star O\u00dc","isPartOf":{"@id":"https:\/\/easystar.ee\/#website"},"primaryImageOfPage":{"@id":"https:\/\/easystar.ee\/ru\/toode\/nailonsormik-kare-nitriilkate-peopesas-must-hall-8-kt12608\/#primaryimage"},"image":{"@id":"https:\/\/easystar.ee\/ru\/toode\/nailonsormik-kare-nitriilkate-peopesas-must-hall-8-kt12608\/#primaryimage"},"thumbnailUrl":"https:\/\/easystar.ee\/wp-content\/uploads\/2024\/05\/126_must_sormik_nailon_nitriil.jpg","datePublished":"2024-05-31T09:32:06+00:00","dateModified":"2025-10-30T01:33:59+00:00","breadcrumb":{"@id":"https:\/\/easystar.ee\/ru\/toode\/nailonsormik-kare-nitriilkate-peopesas-must-hall-8-kt12608\/#breadcrumb"},"inLanguage":"ru-RU","potentialAction":[{"@type":"ReadAction","target":["https:\/\/easystar.ee\/ru\/toode\/nailonsormik-kare-nitriilkate-peopesas-must-hall-8-kt12608\/"]}]},{"@type":"ImageObject","inLanguage":"ru-RU","@id":"https:\/\/easystar.ee\/ru\/toode\/nailonsormik-kare-nitriilkate-peopesas-must-hall-8-kt12608\/#primaryimage","url":"https:\/\/easystar.ee\/wp-content\/uploads\/2024\/05\/126_must_sormik_nailon_nitriil.jpg","contentUrl":"https:\/\/easystar.ee\/wp-content\/uploads\/2024\/05\/126_must_sormik_nailon_nitriil.jpg","width":952,"height":950},{"@type":"BreadcrumbList","@id":"https:\/\/easystar.ee\/ru\/toode\/nailonsormik-kare-nitriilkate-peopesas-must-hall-8-kt12608\/#breadcrumb","itemListElement":[{"@type":"ListItem","position":1,"name":"Home","item":"https:\/\/easystar.ee\/ru\/"},{"@type":"ListItem","position":2,"name":"\u0422\u043e\u0432\u0430\u0440\u044b","item":"https:\/\/easystar.ee\/ru\/tovary\/"},{"@type":"ListItem","position":3,"name":"Nailons\u00f5rmik kare nitriilkate peopesas must\/hall 8 KT12608"}]},{"@type":"WebSite","@id":"https:\/\/easystar.ee\/#website","url":"https:\/\/easystar.ee\/","name":"Easystar.ee","description":"","publisher":{"@id":"https:\/\/easystar.ee\/#organization"},"alternateName":"Keskkonnas\u00f5bralikud pehmepaberitooted teie kontorisse","potentialAction":[{"@type":"SearchAction","target":{"@type":"EntryPoint","urlTemplate":"https:\/\/easystar.ee\/?s={search_term_string}"},"query-input":{"@type":"PropertyValueSpecification","valueRequired":true,"valueName":"search_term_string"}}],"inLanguage":"ru-RU"},{"@type":"Organization","@id":"https:\/\/easystar.ee\/#organization","name":"Easy Star O\u00dc","url":"https:\/\/easystar.ee\/","logo":{"@type":"ImageObject","inLanguage":"ru-RU","@id":"https:\/\/easystar.ee\/#\/schema\/logo\/image\/","url":"https:\/\/easystar.ee\/wp-content\/uploads\/2024\/03\/easystar-logo.svg","contentUrl":"https:\/\/easystar.ee\/wp-content\/uploads\/2024\/03\/easystar-logo.svg","width":2000,"height":2000,"caption":"Easy Star O\u00dc"},"image":{"@id":"https:\/\/easystar.ee\/#\/schema\/logo\/image\/"}}]}},"_links":{"self":[{"href":"https:\/\/easystar.ee\/ru\/wp-json\/wp\/v2\/product\/31730","targetHints":{"allow":["GET"]}}],"collection":[{"href":"https:\/\/easystar.ee\/ru\/wp-json\/wp\/v2\/product"}],"about":[{"href":"https:\/\/easystar.ee\/ru\/wp-json\/wp\/v2\/types\/product"}],"wp:featuredmedia":[{"embeddable":true,"href":"https:\/\/easystar.ee\/ru\/wp-json\/wp\/v2\/media\/31728"}],"wp:attachment":[{"href":"https:\/\/easystar.ee\/ru\/wp-json\/wp\/v2\/media?parent=31730"}],"wp:term":[{"taxonomy":"product_brand","embeddable":true,"href":"https:\/\/easystar.ee\/ru\/wp-json\/wp\/v2\/product_brand?post=31730"},{"taxonomy":"product_cat","embeddable":true,"href":"https:\/\/easystar.ee\/ru\/wp-json\/wp\/v2\/product_cat?post=31730"},{"taxonomy":"product_tag","embeddable":true,"href":"https:\/\/easystar.ee\/ru\/wp-json\/wp\/v2\/product_tag?post=31730"}],"curies":[{"name":"wp","href":"https:\/\/api.w.org\/{rel}","templated":true}]}}