{"id":31519,"date":"2024-05-31T08:12:59","date_gmt":"2024-05-31T08:12:59","guid":{"rendered":"https:\/\/easystar.ee\/toode\/ohuvarskendi-magic-mist-ocean-breeze-425g-vee-baasil-l1516\/"},"modified":"2025-10-30T01:33:41","modified_gmt":"2025-10-30T01:33:41","slug":"ohuvarskendi-magic-mist-ocean-breeze-425g-vee-baasil-l1516","status":"publish","type":"product","link":"https:\/\/easystar.ee\/ru\/toode\/ohuvarskendi-magic-mist-ocean-breeze-425g-vee-baasil-l1516\/","title":{"rendered":"\u00d5huv\u00e4rskendi Magic Mist ocean breeze 425g (vee baasil) L1516"},"content":{"rendered":"","protected":false},"excerpt":{"rendered":"<p>Tootel puudb ohum\u00e4rk. Ei kvalifitseeru ohtlikuks.<br \/>\nT\u00e4nu gaasivabale pihustile eraldab  Magic Mist loomulikumal viisil Brait Magic Mist ocean breeze essentse \u2013 imeliselt v\u00e4rskendavaid aroome, mis on inspireeritud veetaimedest. Aitab neutraliseerida ebameeldivaid l\u00f5hnu ning niisutada ja v\u00e4rskendada \u00f5hku. Naturaalne valem v\u00f5imaldab teil kasutada v\u00e4rskendajat ka otse kangal. V\u00f5ite pihustada Brait Magic Mist&#8217;i oma riietele, kardinatele, salvr\u00e4tikutele v\u00f5i polsterdatud m\u00f6\u00f6blile, pole vaja muretseda m\u00e4rgade v\u00f5i m\u00e4\u00e4rdunud plekkide p\u00e4rast.<br \/>\nHoida lastele ja lemmikloomadele k\u00e4ttesaamatus kohas. Enne kasutamist tutvuda etiketil oleva infoga. Arsti poole p\u00f6\u00f6rdudes v\u00f5tta kaasa toote pakend v\u00f5i etikett.<br \/>\nSILMA SATTUMISE KORRAL: loputada mitme minuti jooksul ettevaatlikult veega. Eemaldada kontaktl\u00e4\u00e4tsed, kui neid kasutatakse ja kui neid on kerge eemaldada. Loputada veel kord.<br \/>\nALLANEELAMISE KORRAL: v\u00f5tta viivitamata \u00fchendust M\u00dcRGISTUSTEABEKESKUSE v\u00f5i arstiga. Sisaldab Benzisothiazolinone, Chloromethylisothiazolinone. V\u00f5ib esile kutsuda allergilise reaktsiooni. L\u00f5hnade suhtes tundlikud inimesed peavad olema selle toote kasutamisel ettevaatlikud. \u00d5huv\u00e4rskendid ei asenda h\u00e4id h\u00fcgieeniharjumusi.<br \/>\n1. Eemaldage kaitsekork, et vabastada pihusti.<br \/>\n2. Suunake pihusti n\u00e4ost eemale ja vajutage v\u00e4hemalt kolm korda p\u00e4\u00e4stikule, et toode hakkaks pihustama.<br \/>\n3. Igal kasutuskorral t\u00e4iusliku pihuse saamiseks hoidke p\u00fcstises asendis ja vajutage tugevalt p\u00e4\u00e4stikule.<br \/>\n4. Mida rohkem pihustate, seda kauem v\u00e4rskus p\u00fcsib.<br \/>\n5. Hoida jahedas kohas ja eemal otsesest p\u00e4ikesevalgusest.<br \/>\nHOIATUS: toode sisaldab osi, mis v\u00f5ivad p\u00f5hjustada l\u00e4mbumisohtu. Kasutada h\u00e4stiventileeritavas alas. Mitte pihustada toidule, lemmikloomadele v\u00f5i nende magamisasemetele. Pihustamisel v\u00f5ivad m\u00f5ned k\u00f5vad pinnad muutuda niiskeks ja libedaks. V\u00e4ltida libisemist v\u00f5i kukkumist.<\/p>\n","protected":false},"featured_media":31514,"template":"","meta":{"_acf_changed":false},"product_brand":[],"product_cat":[1852,1851],"product_tag":[],"class_list":{"0":"post-31519","1":"product","2":"type-product","3":"status-publish","4":"has-post-thumbnail","6":"product_cat-aromatiziruyushhie-sredstva","7":"product_cat-aromaty","9":"first","10":"instock","11":"taxable","12":"shipping-taxable","13":"purchasable","14":"product-type-simple"},"acf":[],"yoast_head":"<!-- This site is optimized with the Yoast SEO plugin v27.3 - https:\/\/yoast.com\/product\/yoast-seo-wordpress\/ -->\n<title>\u00d5huv\u00e4rskendi Magic Mist ocean breeze 425g (vee baasil) L1516 &#8212; Easy Star O\u00dc<\/title>\n<meta name=\"robots\" content=\"index, follow, max-snippet:-1, max-image-preview:large, max-video-preview:-1\" \/>\n<link rel=\"canonical\" href=\"https:\/\/easystar.ee\/ru\/toode\/ohuvarskendi-magic-mist-ocean-breeze-425g-vee-baasil-l1516\/\" \/>\n<meta property=\"og:locale\" content=\"ru_RU\" \/>\n<meta property=\"og:type\" content=\"article\" \/>\n<meta property=\"og:title\" content=\"\u00d5huv\u00e4rskendi Magic Mist ocean breeze 425g (vee baasil) L1516 &#8212; Easy Star O\u00dc\" \/>\n<meta property=\"og:description\" content=\"Tootel puudb ohum\u00e4rk. Ei kvalifitseeru ohtlikuks. T\u00e4nu gaasivabale pihustile eraldab Magic Mist loomulikumal viisil Brait Magic Mist ocean breeze essentse \u2013 imeliselt v\u00e4rskendavaid aroome, mis on inspireeritud veetaimedest. Aitab neutraliseerida ebameeldivaid l\u00f5hnu ning niisutada ja v\u00e4rskendada \u00f5hku. Naturaalne valem v\u00f5imaldab teil kasutada v\u00e4rskendajat ka otse kangal. V\u00f5ite pihustada Brait Magic Mist&#039;i oma riietele, kardinatele, salvr\u00e4tikutele v\u00f5i polsterdatud m\u00f6\u00f6blile, pole vaja muretseda m\u00e4rgade v\u00f5i m\u00e4\u00e4rdunud plekkide p\u00e4rast. Hoida lastele ja lemmikloomadele k\u00e4ttesaamatus kohas. Enne kasutamist tutvuda etiketil oleva infoga. Arsti poole p\u00f6\u00f6rdudes v\u00f5tta kaasa toote pakend v\u00f5i etikett. SILMA SATTUMISE KORRAL: loputada mitme minuti jooksul ettevaatlikult veega. Eemaldada kontaktl\u00e4\u00e4tsed, kui neid kasutatakse ja kui neid on kerge eemaldada. Loputada veel kord. ALLANEELAMISE KORRAL: v\u00f5tta viivitamata \u00fchendust M\u00dcRGISTUSTEABEKESKUSE v\u00f5i arstiga. Sisaldab Benzisothiazolinone, Chloromethylisothiazolinone. V\u00f5ib esile kutsuda allergilise reaktsiooni. L\u00f5hnade suhtes tundlikud inimesed peavad olema selle toote kasutamisel ettevaatlikud. \u00d5huv\u00e4rskendid ei asenda h\u00e4id h\u00fcgieeniharjumusi. 1. Eemaldage kaitsekork, et vabastada pihusti.  2. Suunake pihusti n\u00e4ost eemale ja vajutage v\u00e4hemalt kolm korda p\u00e4\u00e4stikule, et toode hakkaks pihustama.  3. Igal kasutuskorral t\u00e4iusliku pihuse saamiseks hoidke p\u00fcstises asendis ja vajutage tugevalt p\u00e4\u00e4stikule.  4. Mida rohkem pihustate, seda kauem v\u00e4rskus p\u00fcsib.  5. Hoida jahedas kohas ja eemal otsesest p\u00e4ikesevalgusest.  HOIATUS: toode sisaldab osi, mis v\u00f5ivad p\u00f5hjustada l\u00e4mbumisohtu. Kasutada h\u00e4stiventileeritavas alas. Mitte pihustada toidule, lemmikloomadele v\u00f5i nende magamisasemetele. Pihustamisel v\u00f5ivad m\u00f5ned k\u00f5vad pinnad muutuda niiskeks ja libedaks. V\u00e4ltida libisemist v\u00f5i kukkumist.\" \/>\n<meta property=\"og:url\" content=\"https:\/\/easystar.ee\/ru\/toode\/ohuvarskendi-magic-mist-ocean-breeze-425g-vee-baasil-l1516\/\" \/>\n<meta property=\"og:site_name\" content=\"Easy Star O\u00dc\" \/>\n<meta property=\"article:modified_time\" content=\"2025-10-30T01:33:41+00:00\" \/>\n<meta property=\"og:image\" content=\"https:\/\/easystar.ee\/wp-content\/uploads\/2024\/05\/Magic_Mist_ocean_breeze_425g.jpg\" \/>\n\t<meta property=\"og:image:width\" content=\"216\" \/>\n\t<meta property=\"og:image:height\" content=\"592\" \/>\n\t<meta property=\"og:image:type\" content=\"image\/jpeg\" \/>\n<meta name=\"twitter:card\" content=\"summary_large_image\" \/>\n<script type=\"application\/ld+json\" class=\"yoast-schema-graph\">{\"@context\":\"https:\\\/\\\/schema.org\",\"@graph\":[{\"@type\":\"WebPage\",\"@id\":\"https:\\\/\\\/easystar.ee\\\/ru\\\/toode\\\/ohuvarskendi-magic-mist-ocean-breeze-425g-vee-baasil-l1516\\\/\",\"url\":\"https:\\\/\\\/easystar.ee\\\/ru\\\/toode\\\/ohuvarskendi-magic-mist-ocean-breeze-425g-vee-baasil-l1516\\\/\",\"name\":\"\u00d5huv\u00e4rskendi Magic Mist ocean breeze 425g (vee baasil) L1516 &#8212; Easy Star O\u00dc\",\"isPartOf\":{\"@id\":\"https:\\\/\\\/easystar.ee\\\/#website\"},\"primaryImageOfPage\":{\"@id\":\"https:\\\/\\\/easystar.ee\\\/ru\\\/toode\\\/ohuvarskendi-magic-mist-ocean-breeze-425g-vee-baasil-l1516\\\/#primaryimage\"},\"image\":{\"@id\":\"https:\\\/\\\/easystar.ee\\\/ru\\\/toode\\\/ohuvarskendi-magic-mist-ocean-breeze-425g-vee-baasil-l1516\\\/#primaryimage\"},\"thumbnailUrl\":\"https:\\\/\\\/easystar.ee\\\/wp-content\\\/uploads\\\/2024\\\/05\\\/Magic_Mist_ocean_breeze_425g.jpg\",\"datePublished\":\"2024-05-31T08:12:59+00:00\",\"dateModified\":\"2025-10-30T01:33:41+00:00\",\"breadcrumb\":{\"@id\":\"https:\\\/\\\/easystar.ee\\\/ru\\\/toode\\\/ohuvarskendi-magic-mist-ocean-breeze-425g-vee-baasil-l1516\\\/#breadcrumb\"},\"inLanguage\":\"ru-RU\",\"potentialAction\":[{\"@type\":\"ReadAction\",\"target\":[\"https:\\\/\\\/easystar.ee\\\/ru\\\/toode\\\/ohuvarskendi-magic-mist-ocean-breeze-425g-vee-baasil-l1516\\\/\"]}]},{\"@type\":\"ImageObject\",\"inLanguage\":\"ru-RU\",\"@id\":\"https:\\\/\\\/easystar.ee\\\/ru\\\/toode\\\/ohuvarskendi-magic-mist-ocean-breeze-425g-vee-baasil-l1516\\\/#primaryimage\",\"url\":\"https:\\\/\\\/easystar.ee\\\/wp-content\\\/uploads\\\/2024\\\/05\\\/Magic_Mist_ocean_breeze_425g.jpg\",\"contentUrl\":\"https:\\\/\\\/easystar.ee\\\/wp-content\\\/uploads\\\/2024\\\/05\\\/Magic_Mist_ocean_breeze_425g.jpg\",\"width\":216,\"height\":592},{\"@type\":\"BreadcrumbList\",\"@id\":\"https:\\\/\\\/easystar.ee\\\/ru\\\/toode\\\/ohuvarskendi-magic-mist-ocean-breeze-425g-vee-baasil-l1516\\\/#breadcrumb\",\"itemListElement\":[{\"@type\":\"ListItem\",\"position\":1,\"name\":\"Home\",\"item\":\"https:\\\/\\\/easystar.ee\\\/ru\\\/\"},{\"@type\":\"ListItem\",\"position\":2,\"name\":\"\u0422\u043e\u0432\u0430\u0440\u044b\",\"item\":\"https:\\\/\\\/easystar.ee\\\/ru\\\/tovary\\\/\"},{\"@type\":\"ListItem\",\"position\":3,\"name\":\"\u00d5huv\u00e4rskendi Magic Mist ocean breeze 425g (vee baasil) L1516\"}]},{\"@type\":\"WebSite\",\"@id\":\"https:\\\/\\\/easystar.ee\\\/#website\",\"url\":\"https:\\\/\\\/easystar.ee\\\/\",\"name\":\"Easystar.ee\",\"description\":\"\",\"publisher\":{\"@id\":\"https:\\\/\\\/easystar.ee\\\/#organization\"},\"alternateName\":\"Keskkonnas\u00f5bralikud pehmepaberitooted teie kontorisse\",\"potentialAction\":[{\"@type\":\"SearchAction\",\"target\":{\"@type\":\"EntryPoint\",\"urlTemplate\":\"https:\\\/\\\/easystar.ee\\\/?s={search_term_string}\"},\"query-input\":{\"@type\":\"PropertyValueSpecification\",\"valueRequired\":true,\"valueName\":\"search_term_string\"}}],\"inLanguage\":\"ru-RU\"},{\"@type\":\"Organization\",\"@id\":\"https:\\\/\\\/easystar.ee\\\/#organization\",\"name\":\"Easy Star O\u00dc\",\"url\":\"https:\\\/\\\/easystar.ee\\\/\",\"logo\":{\"@type\":\"ImageObject\",\"inLanguage\":\"ru-RU\",\"@id\":\"https:\\\/\\\/easystar.ee\\\/#\\\/schema\\\/logo\\\/image\\\/\",\"url\":\"https:\\\/\\\/easystar.ee\\\/wp-content\\\/uploads\\\/2024\\\/03\\\/easystar-logo.svg\",\"contentUrl\":\"https:\\\/\\\/easystar.ee\\\/wp-content\\\/uploads\\\/2024\\\/03\\\/easystar-logo.svg\",\"width\":2000,\"height\":2000,\"caption\":\"Easy Star O\u00dc\"},\"image\":{\"@id\":\"https:\\\/\\\/easystar.ee\\\/#\\\/schema\\\/logo\\\/image\\\/\"}}]}<\/script>\n<!-- \/ Yoast SEO plugin. -->","yoast_head_json":{"title":"\u00d5huv\u00e4rskendi Magic Mist ocean breeze 425g (vee baasil) L1516 &#8212; Easy Star O\u00dc","robots":{"index":"index","follow":"follow","max-snippet":"max-snippet:-1","max-image-preview":"max-image-preview:large","max-video-preview":"max-video-preview:-1"},"canonical":"https:\/\/easystar.ee\/ru\/toode\/ohuvarskendi-magic-mist-ocean-breeze-425g-vee-baasil-l1516\/","og_locale":"ru_RU","og_type":"article","og_title":"\u00d5huv\u00e4rskendi Magic Mist ocean breeze 425g (vee baasil) L1516 &#8212; Easy Star O\u00dc","og_description":"Tootel puudb ohum\u00e4rk. Ei kvalifitseeru ohtlikuks. T\u00e4nu gaasivabale pihustile eraldab Magic Mist loomulikumal viisil Brait Magic Mist ocean breeze essentse \u2013 imeliselt v\u00e4rskendavaid aroome, mis on inspireeritud veetaimedest. Aitab neutraliseerida ebameeldivaid l\u00f5hnu ning niisutada ja v\u00e4rskendada \u00f5hku. Naturaalne valem v\u00f5imaldab teil kasutada v\u00e4rskendajat ka otse kangal. V\u00f5ite pihustada Brait Magic Mist'i oma riietele, kardinatele, salvr\u00e4tikutele v\u00f5i polsterdatud m\u00f6\u00f6blile, pole vaja muretseda m\u00e4rgade v\u00f5i m\u00e4\u00e4rdunud plekkide p\u00e4rast. Hoida lastele ja lemmikloomadele k\u00e4ttesaamatus kohas. Enne kasutamist tutvuda etiketil oleva infoga. Arsti poole p\u00f6\u00f6rdudes v\u00f5tta kaasa toote pakend v\u00f5i etikett. SILMA SATTUMISE KORRAL: loputada mitme minuti jooksul ettevaatlikult veega. Eemaldada kontaktl\u00e4\u00e4tsed, kui neid kasutatakse ja kui neid on kerge eemaldada. Loputada veel kord. ALLANEELAMISE KORRAL: v\u00f5tta viivitamata \u00fchendust M\u00dcRGISTUSTEABEKESKUSE v\u00f5i arstiga. Sisaldab Benzisothiazolinone, Chloromethylisothiazolinone. V\u00f5ib esile kutsuda allergilise reaktsiooni. L\u00f5hnade suhtes tundlikud inimesed peavad olema selle toote kasutamisel ettevaatlikud. \u00d5huv\u00e4rskendid ei asenda h\u00e4id h\u00fcgieeniharjumusi. 1. Eemaldage kaitsekork, et vabastada pihusti.  2. Suunake pihusti n\u00e4ost eemale ja vajutage v\u00e4hemalt kolm korda p\u00e4\u00e4stikule, et toode hakkaks pihustama.  3. Igal kasutuskorral t\u00e4iusliku pihuse saamiseks hoidke p\u00fcstises asendis ja vajutage tugevalt p\u00e4\u00e4stikule.  4. Mida rohkem pihustate, seda kauem v\u00e4rskus p\u00fcsib.  5. Hoida jahedas kohas ja eemal otsesest p\u00e4ikesevalgusest.  HOIATUS: toode sisaldab osi, mis v\u00f5ivad p\u00f5hjustada l\u00e4mbumisohtu. Kasutada h\u00e4stiventileeritavas alas. Mitte pihustada toidule, lemmikloomadele v\u00f5i nende magamisasemetele. Pihustamisel v\u00f5ivad m\u00f5ned k\u00f5vad pinnad muutuda niiskeks ja libedaks. V\u00e4ltida libisemist v\u00f5i kukkumist.","og_url":"https:\/\/easystar.ee\/ru\/toode\/ohuvarskendi-magic-mist-ocean-breeze-425g-vee-baasil-l1516\/","og_site_name":"Easy Star O\u00dc","article_modified_time":"2025-10-30T01:33:41+00:00","og_image":[{"width":216,"height":592,"url":"https:\/\/easystar.ee\/wp-content\/uploads\/2024\/05\/Magic_Mist_ocean_breeze_425g.jpg","type":"image\/jpeg"}],"twitter_card":"summary_large_image","schema":{"@context":"https:\/\/schema.org","@graph":[{"@type":"WebPage","@id":"https:\/\/easystar.ee\/ru\/toode\/ohuvarskendi-magic-mist-ocean-breeze-425g-vee-baasil-l1516\/","url":"https:\/\/easystar.ee\/ru\/toode\/ohuvarskendi-magic-mist-ocean-breeze-425g-vee-baasil-l1516\/","name":"\u00d5huv\u00e4rskendi Magic Mist ocean breeze 425g (vee baasil) L1516 &#8212; Easy Star O\u00dc","isPartOf":{"@id":"https:\/\/easystar.ee\/#website"},"primaryImageOfPage":{"@id":"https:\/\/easystar.ee\/ru\/toode\/ohuvarskendi-magic-mist-ocean-breeze-425g-vee-baasil-l1516\/#primaryimage"},"image":{"@id":"https:\/\/easystar.ee\/ru\/toode\/ohuvarskendi-magic-mist-ocean-breeze-425g-vee-baasil-l1516\/#primaryimage"},"thumbnailUrl":"https:\/\/easystar.ee\/wp-content\/uploads\/2024\/05\/Magic_Mist_ocean_breeze_425g.jpg","datePublished":"2024-05-31T08:12:59+00:00","dateModified":"2025-10-30T01:33:41+00:00","breadcrumb":{"@id":"https:\/\/easystar.ee\/ru\/toode\/ohuvarskendi-magic-mist-ocean-breeze-425g-vee-baasil-l1516\/#breadcrumb"},"inLanguage":"ru-RU","potentialAction":[{"@type":"ReadAction","target":["https:\/\/easystar.ee\/ru\/toode\/ohuvarskendi-magic-mist-ocean-breeze-425g-vee-baasil-l1516\/"]}]},{"@type":"ImageObject","inLanguage":"ru-RU","@id":"https:\/\/easystar.ee\/ru\/toode\/ohuvarskendi-magic-mist-ocean-breeze-425g-vee-baasil-l1516\/#primaryimage","url":"https:\/\/easystar.ee\/wp-content\/uploads\/2024\/05\/Magic_Mist_ocean_breeze_425g.jpg","contentUrl":"https:\/\/easystar.ee\/wp-content\/uploads\/2024\/05\/Magic_Mist_ocean_breeze_425g.jpg","width":216,"height":592},{"@type":"BreadcrumbList","@id":"https:\/\/easystar.ee\/ru\/toode\/ohuvarskendi-magic-mist-ocean-breeze-425g-vee-baasil-l1516\/#breadcrumb","itemListElement":[{"@type":"ListItem","position":1,"name":"Home","item":"https:\/\/easystar.ee\/ru\/"},{"@type":"ListItem","position":2,"name":"\u0422\u043e\u0432\u0430\u0440\u044b","item":"https:\/\/easystar.ee\/ru\/tovary\/"},{"@type":"ListItem","position":3,"name":"\u00d5huv\u00e4rskendi Magic Mist ocean breeze 425g (vee baasil) L1516"}]},{"@type":"WebSite","@id":"https:\/\/easystar.ee\/#website","url":"https:\/\/easystar.ee\/","name":"Easystar.ee","description":"","publisher":{"@id":"https:\/\/easystar.ee\/#organization"},"alternateName":"Keskkonnas\u00f5bralikud pehmepaberitooted teie kontorisse","potentialAction":[{"@type":"SearchAction","target":{"@type":"EntryPoint","urlTemplate":"https:\/\/easystar.ee\/?s={search_term_string}"},"query-input":{"@type":"PropertyValueSpecification","valueRequired":true,"valueName":"search_term_string"}}],"inLanguage":"ru-RU"},{"@type":"Organization","@id":"https:\/\/easystar.ee\/#organization","name":"Easy Star O\u00dc","url":"https:\/\/easystar.ee\/","logo":{"@type":"ImageObject","inLanguage":"ru-RU","@id":"https:\/\/easystar.ee\/#\/schema\/logo\/image\/","url":"https:\/\/easystar.ee\/wp-content\/uploads\/2024\/03\/easystar-logo.svg","contentUrl":"https:\/\/easystar.ee\/wp-content\/uploads\/2024\/03\/easystar-logo.svg","width":2000,"height":2000,"caption":"Easy Star O\u00dc"},"image":{"@id":"https:\/\/easystar.ee\/#\/schema\/logo\/image\/"}}]}},"_links":{"self":[{"href":"https:\/\/easystar.ee\/ru\/wp-json\/wp\/v2\/product\/31519","targetHints":{"allow":["GET"]}}],"collection":[{"href":"https:\/\/easystar.ee\/ru\/wp-json\/wp\/v2\/product"}],"about":[{"href":"https:\/\/easystar.ee\/ru\/wp-json\/wp\/v2\/types\/product"}],"wp:featuredmedia":[{"embeddable":true,"href":"https:\/\/easystar.ee\/ru\/wp-json\/wp\/v2\/media\/31514"}],"wp:attachment":[{"href":"https:\/\/easystar.ee\/ru\/wp-json\/wp\/v2\/media?parent=31519"}],"wp:term":[{"taxonomy":"product_brand","embeddable":true,"href":"https:\/\/easystar.ee\/ru\/wp-json\/wp\/v2\/product_brand?post=31519"},{"taxonomy":"product_cat","embeddable":true,"href":"https:\/\/easystar.ee\/ru\/wp-json\/wp\/v2\/product_cat?post=31519"},{"taxonomy":"product_tag","embeddable":true,"href":"https:\/\/easystar.ee\/ru\/wp-json\/wp\/v2\/product_tag?post=31519"}],"curies":[{"name":"wp","href":"https:\/\/api.w.org\/{rel}","templated":true}]}}