{"id":31477,"date":"2024-05-31T08:12:48","date_gmt":"2024-05-31T08:12:48","guid":{"rendered":"https:\/\/easystar.ee\/toode\/tualettseep-smile-aloe-vera-90g-k320085\/"},"modified":"2025-10-30T01:33:37","modified_gmt":"2025-10-30T01:33:37","slug":"tualettseep-smile-aloe-vera-90g-k320085","status":"publish","type":"product","link":"https:\/\/easystar.ee\/ru\/toode\/tualettseep-smile-aloe-vera-90g-k320085\/","title":{"rendered":"Tualettseep Smile aloe vera 90g K320085"},"content":{"rendered":"","protected":false},"excerpt":{"rendered":"<p>* S\u00e4ilimisaeg 2 aastat tootmise kuup\u00e4evast.<br \/>\n* Puhas k\u00f6\u00f6giviljaseep SMIL\u0116 aaloega. Valmistatud k\u00f5rgekvaliteedilisest palmi ja palmi nukleiini\u00f5list, rikastatud magusa mandli\u00f5li ja aloe vera ekstraktiga. Magus mandli\u00f5li on rikastatud oluliste rasvhapete ning vitamiinidega A, B1, B2, B6 ja E. Lisaks sellele, et mandli\u00f5li on niisutaja, v\u00f5ib see rahustada igat t\u00fc\u00fcpi nahka &#8212; isegi k\u00f5ige \u00e4rritatavamat. Aaloe ekstraktil on antibakteriaalsed omadused, see kaitseb p\u00f5letiku eest, toniseerib ei kuivata ega \u00e4rrita tundlikku nahka. Teiste Smile seepide koostis on sama, ainult nimetuses \u00f6eldud taimne ekstrakt (lavendel, piibeleht, sirel) on teine.<\/p>\n<p>&#8212; Pure vegetable soap SMIL\u0116 with aloe. Made from highest quality palm and palm nucleil oil, enriched with sweet almond oil and aloe vera extract. Sweet almond oil is rich in essential fatty acids and vitamins A, B1, B2, B6 and E. Besides being a moisturizer, almond oil can calm all types of skin \u2013 even the most irritable. Aloe extract has antibacterial properties, protects against inflammation, tones and does not dry or irritate sensitive skin.<\/p>\n<p>&#8212; Ingredients: Sodium Palmate, Sodium Palm Kernelate,  Aqua, Parfum, Glycerin, Sweet Almond (Prunus Amygdalus Dulcis) Oil, Palm Acid, Palm Kernel Acid, Aloe Vera (Aloe Barbadensis) Gel, Titanium Dioxide, Sodium Chloride, Tetrasodium EDTA, Tetrasodium Etidronate, Buthylphenyl Methylpropional, Hydroxyisohexyl 3 &#8212; Cyclohexene Carboxaldehyde.<\/p>\n","protected":false},"featured_media":31472,"template":"","meta":{"_acf_changed":false},"product_brand":[],"product_cat":[1832,1831],"product_tag":[],"class_list":{"0":"post-31477","1":"product","2":"type-product","3":"status-publish","4":"has-post-thumbnail","6":"product_cat-mylo","7":"product_cat-himija","9":"first","10":"instock","11":"taxable","12":"shipping-taxable","13":"purchasable","14":"product-type-simple"},"acf":[],"yoast_head":"<!-- This site is optimized with the Yoast SEO plugin v27.5 - https:\/\/yoast.com\/product\/yoast-seo-wordpress\/ -->\n<title>Tualettseep Smile aloe vera 90g K320085 &#8212; Easy Star O\u00dc<\/title>\n<meta name=\"robots\" content=\"index, follow, max-snippet:-1, max-image-preview:large, max-video-preview:-1\" \/>\n<link rel=\"canonical\" href=\"https:\/\/easystar.ee\/ru\/toode\/tualettseep-smile-aloe-vera-90g-k320085\/\" \/>\n<meta property=\"og:locale\" content=\"ru_RU\" \/>\n<meta property=\"og:type\" content=\"article\" \/>\n<meta property=\"og:title\" content=\"Tualettseep Smile aloe vera 90g K320085 &#8212; Easy Star O\u00dc\" \/>\n<meta property=\"og:description\" content=\"* S\u00e4ilimisaeg 2 aastat tootmise kuup\u00e4evast. * Puhas k\u00f6\u00f6giviljaseep SMIL\u0116 aaloega. Valmistatud k\u00f5rgekvaliteedilisest palmi ja palmi nukleiini\u00f5list, rikastatud magusa mandli\u00f5li ja aloe vera ekstraktiga. Magus mandli\u00f5li on rikastatud oluliste rasvhapete ning vitamiinidega A, B1, B2, B6 ja E. Lisaks sellele, et mandli\u00f5li on niisutaja, v\u00f5ib see rahustada igat t\u00fc\u00fcpi nahka - isegi k\u00f5ige \u00e4rritatavamat. Aaloe ekstraktil on antibakteriaalsed omadused, see kaitseb p\u00f5letiku eest, toniseerib ei kuivata ega \u00e4rrita tundlikku nahka. Teiste Smile seepide koostis on sama, ainult nimetuses \u00f6eldud taimne ekstrakt (lavendel, piibeleht, sirel) on teine.  - Pure vegetable soap SMIL\u0116 with aloe. Made from highest quality palm and palm nucleil oil, enriched with sweet almond oil and aloe vera extract. Sweet almond oil is rich in essential fatty acids and vitamins A, B1, B2, B6 and E. Besides being a moisturizer, almond oil can calm all types of skin \u2013 even the most irritable. Aloe extract has antibacterial properties, protects against inflammation, tones and does not dry or irritate sensitive skin.  - Ingredients: Sodium Palmate, Sodium Palm Kernelate, Aqua, Parfum, Glycerin, Sweet Almond (Prunus Amygdalus Dulcis) Oil, Palm Acid, Palm Kernel Acid, Aloe Vera (Aloe Barbadensis) Gel, Titanium Dioxide, Sodium Chloride, Tetrasodium EDTA, Tetrasodium Etidronate, Buthylphenyl Methylpropional, Hydroxyisohexyl 3 - Cyclohexene Carboxaldehyde.\" \/>\n<meta property=\"og:url\" content=\"https:\/\/easystar.ee\/ru\/toode\/tualettseep-smile-aloe-vera-90g-k320085\/\" \/>\n<meta property=\"og:site_name\" content=\"Easy Star O\u00dc\" \/>\n<meta property=\"article:modified_time\" content=\"2025-10-30T01:33:37+00:00\" \/>\n<meta property=\"og:image\" content=\"https:\/\/easystar.ee\/wp-content\/uploads\/2024\/05\/320085.jpg\" \/>\n\t<meta property=\"og:image:width\" content=\"889\" \/>\n\t<meta property=\"og:image:height\" content=\"515\" \/>\n\t<meta property=\"og:image:type\" content=\"image\/jpeg\" \/>\n<meta name=\"twitter:card\" content=\"summary_large_image\" \/>\n<script type=\"application\/ld+json\" class=\"yoast-schema-graph\">{\"@context\":\"https:\\\/\\\/schema.org\",\"@graph\":[{\"@type\":\"WebPage\",\"@id\":\"https:\\\/\\\/easystar.ee\\\/ru\\\/toode\\\/tualettseep-smile-aloe-vera-90g-k320085\\\/\",\"url\":\"https:\\\/\\\/easystar.ee\\\/ru\\\/toode\\\/tualettseep-smile-aloe-vera-90g-k320085\\\/\",\"name\":\"Tualettseep Smile aloe vera 90g K320085 &#8212; Easy Star O\u00dc\",\"isPartOf\":{\"@id\":\"https:\\\/\\\/easystar.ee\\\/#website\"},\"primaryImageOfPage\":{\"@id\":\"https:\\\/\\\/easystar.ee\\\/ru\\\/toode\\\/tualettseep-smile-aloe-vera-90g-k320085\\\/#primaryimage\"},\"image\":{\"@id\":\"https:\\\/\\\/easystar.ee\\\/ru\\\/toode\\\/tualettseep-smile-aloe-vera-90g-k320085\\\/#primaryimage\"},\"thumbnailUrl\":\"https:\\\/\\\/easystar.ee\\\/wp-content\\\/uploads\\\/2024\\\/05\\\/320085.jpg\",\"datePublished\":\"2024-05-31T08:12:48+00:00\",\"dateModified\":\"2025-10-30T01:33:37+00:00\",\"breadcrumb\":{\"@id\":\"https:\\\/\\\/easystar.ee\\\/ru\\\/toode\\\/tualettseep-smile-aloe-vera-90g-k320085\\\/#breadcrumb\"},\"inLanguage\":\"ru-RU\",\"potentialAction\":[{\"@type\":\"ReadAction\",\"target\":[\"https:\\\/\\\/easystar.ee\\\/ru\\\/toode\\\/tualettseep-smile-aloe-vera-90g-k320085\\\/\"]}]},{\"@type\":\"ImageObject\",\"inLanguage\":\"ru-RU\",\"@id\":\"https:\\\/\\\/easystar.ee\\\/ru\\\/toode\\\/tualettseep-smile-aloe-vera-90g-k320085\\\/#primaryimage\",\"url\":\"https:\\\/\\\/easystar.ee\\\/wp-content\\\/uploads\\\/2024\\\/05\\\/320085.jpg\",\"contentUrl\":\"https:\\\/\\\/easystar.ee\\\/wp-content\\\/uploads\\\/2024\\\/05\\\/320085.jpg\",\"width\":889,\"height\":515},{\"@type\":\"BreadcrumbList\",\"@id\":\"https:\\\/\\\/easystar.ee\\\/ru\\\/toode\\\/tualettseep-smile-aloe-vera-90g-k320085\\\/#breadcrumb\",\"itemListElement\":[{\"@type\":\"ListItem\",\"position\":1,\"name\":\"Home\",\"item\":\"https:\\\/\\\/easystar.ee\\\/ru\\\/\"},{\"@type\":\"ListItem\",\"position\":2,\"name\":\"\u0422\u043e\u0432\u0430\u0440\u044b\",\"item\":\"https:\\\/\\\/easystar.ee\\\/ru\\\/tovary\\\/\"},{\"@type\":\"ListItem\",\"position\":3,\"name\":\"Tualettseep Smile aloe vera 90g K320085\"}]},{\"@type\":\"WebSite\",\"@id\":\"https:\\\/\\\/easystar.ee\\\/#website\",\"url\":\"https:\\\/\\\/easystar.ee\\\/\",\"name\":\"Easystar.ee\",\"description\":\"\",\"publisher\":{\"@id\":\"https:\\\/\\\/easystar.ee\\\/#organization\"},\"alternateName\":\"Keskkonnas\u00f5bralikud pehmepaberitooted teie kontorisse\",\"potentialAction\":[{\"@type\":\"SearchAction\",\"target\":{\"@type\":\"EntryPoint\",\"urlTemplate\":\"https:\\\/\\\/easystar.ee\\\/?s={search_term_string}\"},\"query-input\":{\"@type\":\"PropertyValueSpecification\",\"valueRequired\":true,\"valueName\":\"search_term_string\"}}],\"inLanguage\":\"ru-RU\"},{\"@type\":\"Organization\",\"@id\":\"https:\\\/\\\/easystar.ee\\\/#organization\",\"name\":\"Easy Star O\u00dc\",\"url\":\"https:\\\/\\\/easystar.ee\\\/\",\"logo\":{\"@type\":\"ImageObject\",\"inLanguage\":\"ru-RU\",\"@id\":\"https:\\\/\\\/easystar.ee\\\/#\\\/schema\\\/logo\\\/image\\\/\",\"url\":\"https:\\\/\\\/easystar.ee\\\/wp-content\\\/uploads\\\/2024\\\/03\\\/easystar-logo.svg\",\"contentUrl\":\"https:\\\/\\\/easystar.ee\\\/wp-content\\\/uploads\\\/2024\\\/03\\\/easystar-logo.svg\",\"width\":2000,\"height\":2000,\"caption\":\"Easy Star O\u00dc\"},\"image\":{\"@id\":\"https:\\\/\\\/easystar.ee\\\/#\\\/schema\\\/logo\\\/image\\\/\"}}]}<\/script>\n<!-- \/ Yoast SEO plugin. -->","yoast_head_json":{"title":"Tualettseep Smile aloe vera 90g K320085 &#8212; Easy Star O\u00dc","robots":{"index":"index","follow":"follow","max-snippet":"max-snippet:-1","max-image-preview":"max-image-preview:large","max-video-preview":"max-video-preview:-1"},"canonical":"https:\/\/easystar.ee\/ru\/toode\/tualettseep-smile-aloe-vera-90g-k320085\/","og_locale":"ru_RU","og_type":"article","og_title":"Tualettseep Smile aloe vera 90g K320085 &#8212; Easy Star O\u00dc","og_description":"* S\u00e4ilimisaeg 2 aastat tootmise kuup\u00e4evast. * Puhas k\u00f6\u00f6giviljaseep SMIL\u0116 aaloega. Valmistatud k\u00f5rgekvaliteedilisest palmi ja palmi nukleiini\u00f5list, rikastatud magusa mandli\u00f5li ja aloe vera ekstraktiga. Magus mandli\u00f5li on rikastatud oluliste rasvhapete ning vitamiinidega A, B1, B2, B6 ja E. Lisaks sellele, et mandli\u00f5li on niisutaja, v\u00f5ib see rahustada igat t\u00fc\u00fcpi nahka - isegi k\u00f5ige \u00e4rritatavamat. Aaloe ekstraktil on antibakteriaalsed omadused, see kaitseb p\u00f5letiku eest, toniseerib ei kuivata ega \u00e4rrita tundlikku nahka. Teiste Smile seepide koostis on sama, ainult nimetuses \u00f6eldud taimne ekstrakt (lavendel, piibeleht, sirel) on teine.  - Pure vegetable soap SMIL\u0116 with aloe. Made from highest quality palm and palm nucleil oil, enriched with sweet almond oil and aloe vera extract. Sweet almond oil is rich in essential fatty acids and vitamins A, B1, B2, B6 and E. Besides being a moisturizer, almond oil can calm all types of skin \u2013 even the most irritable. Aloe extract has antibacterial properties, protects against inflammation, tones and does not dry or irritate sensitive skin.  - Ingredients: Sodium Palmate, Sodium Palm Kernelate, Aqua, Parfum, Glycerin, Sweet Almond (Prunus Amygdalus Dulcis) Oil, Palm Acid, Palm Kernel Acid, Aloe Vera (Aloe Barbadensis) Gel, Titanium Dioxide, Sodium Chloride, Tetrasodium EDTA, Tetrasodium Etidronate, Buthylphenyl Methylpropional, Hydroxyisohexyl 3 - Cyclohexene Carboxaldehyde.","og_url":"https:\/\/easystar.ee\/ru\/toode\/tualettseep-smile-aloe-vera-90g-k320085\/","og_site_name":"Easy Star O\u00dc","article_modified_time":"2025-10-30T01:33:37+00:00","og_image":[{"width":889,"height":515,"url":"https:\/\/easystar.ee\/wp-content\/uploads\/2024\/05\/320085.jpg","type":"image\/jpeg"}],"twitter_card":"summary_large_image","schema":{"@context":"https:\/\/schema.org","@graph":[{"@type":"WebPage","@id":"https:\/\/easystar.ee\/ru\/toode\/tualettseep-smile-aloe-vera-90g-k320085\/","url":"https:\/\/easystar.ee\/ru\/toode\/tualettseep-smile-aloe-vera-90g-k320085\/","name":"Tualettseep Smile aloe vera 90g K320085 &#8212; Easy Star O\u00dc","isPartOf":{"@id":"https:\/\/easystar.ee\/#website"},"primaryImageOfPage":{"@id":"https:\/\/easystar.ee\/ru\/toode\/tualettseep-smile-aloe-vera-90g-k320085\/#primaryimage"},"image":{"@id":"https:\/\/easystar.ee\/ru\/toode\/tualettseep-smile-aloe-vera-90g-k320085\/#primaryimage"},"thumbnailUrl":"https:\/\/easystar.ee\/wp-content\/uploads\/2024\/05\/320085.jpg","datePublished":"2024-05-31T08:12:48+00:00","dateModified":"2025-10-30T01:33:37+00:00","breadcrumb":{"@id":"https:\/\/easystar.ee\/ru\/toode\/tualettseep-smile-aloe-vera-90g-k320085\/#breadcrumb"},"inLanguage":"ru-RU","potentialAction":[{"@type":"ReadAction","target":["https:\/\/easystar.ee\/ru\/toode\/tualettseep-smile-aloe-vera-90g-k320085\/"]}]},{"@type":"ImageObject","inLanguage":"ru-RU","@id":"https:\/\/easystar.ee\/ru\/toode\/tualettseep-smile-aloe-vera-90g-k320085\/#primaryimage","url":"https:\/\/easystar.ee\/wp-content\/uploads\/2024\/05\/320085.jpg","contentUrl":"https:\/\/easystar.ee\/wp-content\/uploads\/2024\/05\/320085.jpg","width":889,"height":515},{"@type":"BreadcrumbList","@id":"https:\/\/easystar.ee\/ru\/toode\/tualettseep-smile-aloe-vera-90g-k320085\/#breadcrumb","itemListElement":[{"@type":"ListItem","position":1,"name":"Home","item":"https:\/\/easystar.ee\/ru\/"},{"@type":"ListItem","position":2,"name":"\u0422\u043e\u0432\u0430\u0440\u044b","item":"https:\/\/easystar.ee\/ru\/tovary\/"},{"@type":"ListItem","position":3,"name":"Tualettseep Smile aloe vera 90g K320085"}]},{"@type":"WebSite","@id":"https:\/\/easystar.ee\/#website","url":"https:\/\/easystar.ee\/","name":"Easystar.ee","description":"","publisher":{"@id":"https:\/\/easystar.ee\/#organization"},"alternateName":"Keskkonnas\u00f5bralikud pehmepaberitooted teie kontorisse","potentialAction":[{"@type":"SearchAction","target":{"@type":"EntryPoint","urlTemplate":"https:\/\/easystar.ee\/?s={search_term_string}"},"query-input":{"@type":"PropertyValueSpecification","valueRequired":true,"valueName":"search_term_string"}}],"inLanguage":"ru-RU"},{"@type":"Organization","@id":"https:\/\/easystar.ee\/#organization","name":"Easy Star O\u00dc","url":"https:\/\/easystar.ee\/","logo":{"@type":"ImageObject","inLanguage":"ru-RU","@id":"https:\/\/easystar.ee\/#\/schema\/logo\/image\/","url":"https:\/\/easystar.ee\/wp-content\/uploads\/2024\/03\/easystar-logo.svg","contentUrl":"https:\/\/easystar.ee\/wp-content\/uploads\/2024\/03\/easystar-logo.svg","width":2000,"height":2000,"caption":"Easy Star O\u00dc"},"image":{"@id":"https:\/\/easystar.ee\/#\/schema\/logo\/image\/"}}]}},"_links":{"self":[{"href":"https:\/\/easystar.ee\/ru\/wp-json\/wp\/v2\/product\/31477","targetHints":{"allow":["GET"]}}],"collection":[{"href":"https:\/\/easystar.ee\/ru\/wp-json\/wp\/v2\/product"}],"about":[{"href":"https:\/\/easystar.ee\/ru\/wp-json\/wp\/v2\/types\/product"}],"wp:featuredmedia":[{"embeddable":true,"href":"https:\/\/easystar.ee\/ru\/wp-json\/wp\/v2\/media\/31472"}],"wp:attachment":[{"href":"https:\/\/easystar.ee\/ru\/wp-json\/wp\/v2\/media?parent=31477"}],"wp:term":[{"taxonomy":"product_brand","embeddable":true,"href":"https:\/\/easystar.ee\/ru\/wp-json\/wp\/v2\/product_brand?post=31477"},{"taxonomy":"product_cat","embeddable":true,"href":"https:\/\/easystar.ee\/ru\/wp-json\/wp\/v2\/product_cat?post=31477"},{"taxonomy":"product_tag","embeddable":true,"href":"https:\/\/easystar.ee\/ru\/wp-json\/wp\/v2\/product_tag?post=31477"}],"curies":[{"name":"wp","href":"https:\/\/api.w.org\/{rel}","templated":true}]}}