{"id":31180,"date":"2024-05-31T08:10:41","date_gmt":"2024-05-31T08:10:41","guid":{"rendered":"https:\/\/easystar.ee\/toode\/hand-cleaner-white-5l-k2015\/"},"modified":"2025-10-30T01:33:15","modified_gmt":"2025-10-30T01:33:15","slug":"hand-cleaner-white-5l-k2015","status":"publish","type":"product","link":"https:\/\/easystar.ee\/ru\/toode\/hand-cleaner-white-5l-k2015\/","title":{"rendered":"Hand Cleaner white 5L K2015"},"content":{"rendered":"","protected":false},"excerpt":{"rendered":"<p>Abrasiivne seep on sobib igale nahale toote pH on neutraalne.<br \/>\nKasutamine: h\u00f5\u00f5ruda k\u00e4si kokku seebiga seej\u00e4rel loputa v\u00f5i eemalda kuiva lapiga<br \/>\nSeep on v\u00e4ljat\u00f6\u00f6tatud spetsiaalselt selleks, et eemaldada t\u00f6\u00f6stuslikku mustust (\u00f5li, rasv, v\u00e4rv, tint, bituumen jne).<br \/>\nM\u00c4RKS\u00d5NAD:<br \/>\n* Roosa emulsioon<br \/>\n* Ei sisalda abrasiive ega lahusteid<br \/>\n* Ei vaja lahjendamist<br \/>\n* Lillel\u00f5hnaline<\/p>\n<p>EELISED:<br \/>\n* Eemaldab kiirelt ja t\u00f5husalt mustuse<br \/>\n* Aitab v\u00e4ltida l\u00f6\u00f6vet ja naha \u00e4rritust<br \/>\n* Sisaldab nahka pehmendavaid aineid, mis ravivad l\u00f5henenud nahka<br \/>\n* On nahale \u00f5rn, kuna ei sisalda abrasiive ega lahusteid<\/p>\n<p>KASUTAMINE:<br \/>\n1. Kanna v\u00e4ike kogus emulsiooni k\u00e4elabadele ja k\u00e4sivartele.<br \/>\n2. H\u00f5\u00f5ru hoolikalt nahasse (\u00e4ra unusta s\u00f5rmevahesid).<br \/>\n3. P\u00fchi \u00fcleliigne emulsioon puhta lapiga v\u00f5i loputa puhta veega ja kuivata r\u00e4tikuga.<\/p>\n<p>* Et mustus ei j\u00e4\u00e4ks naha sisse, h\u00f5\u00f5ru k\u00e4sivarsi ja k\u00e4elabasid enne t\u00f6\u00f6 alustamist emulsiooniga<br \/>\n* T\u00e4ieliku ohutusalase info saamiseks tutvu Ohutusn\u00f5uete Lehega<\/p>\n","protected":false},"featured_media":0,"template":"","meta":{"_acf_changed":false},"product_brand":[],"product_cat":[1832,1831],"product_tag":[],"class_list":{"0":"post-31180","1":"product","2":"type-product","3":"status-publish","5":"product_cat-mylo","6":"product_cat-himija","8":"first","9":"instock","10":"taxable","11":"shipping-taxable","12":"purchasable","13":"product-type-simple"},"acf":[],"yoast_head":"<!-- This site is optimized with the Yoast SEO plugin v27.5 - https:\/\/yoast.com\/product\/yoast-seo-wordpress\/ -->\n<title>Hand Cleaner white 5L K2015 &#8212; Easy Star O\u00dc<\/title>\n<meta name=\"robots\" content=\"index, follow, max-snippet:-1, max-image-preview:large, max-video-preview:-1\" \/>\n<link rel=\"canonical\" href=\"https:\/\/easystar.ee\/ru\/toode\/hand-cleaner-white-5l-k2015\/\" \/>\n<meta property=\"og:locale\" content=\"ru_RU\" \/>\n<meta property=\"og:type\" content=\"article\" \/>\n<meta property=\"og:title\" content=\"Hand Cleaner white 5L K2015 &#8212; Easy Star O\u00dc\" \/>\n<meta property=\"og:description\" content=\"Abrasiivne seep on sobib igale nahale toote pH on neutraalne. Kasutamine: h\u00f5\u00f5ruda k\u00e4si kokku seebiga seej\u00e4rel loputa v\u00f5i eemalda kuiva lapiga Seep on v\u00e4ljat\u00f6\u00f6tatud spetsiaalselt selleks, et eemaldada t\u00f6\u00f6stuslikku mustust (\u00f5li, rasv, v\u00e4rv, tint, bituumen jne). M\u00c4RKS\u00d5NAD: * Roosa emulsioon * Ei sisalda abrasiive ega lahusteid * Ei vaja lahjendamist * Lillel\u00f5hnaline  EELISED: * Eemaldab kiirelt ja t\u00f5husalt mustuse * Aitab v\u00e4ltida l\u00f6\u00f6vet ja naha \u00e4rritust * Sisaldab nahka pehmendavaid aineid, mis ravivad l\u00f5henenud nahka * On nahale \u00f5rn, kuna ei sisalda abrasiive ega lahusteid  KASUTAMINE: 1. Kanna v\u00e4ike kogus emulsiooni k\u00e4elabadele ja k\u00e4sivartele. 2. H\u00f5\u00f5ru hoolikalt nahasse (\u00e4ra unusta s\u00f5rmevahesid). 3. P\u00fchi \u00fcleliigne emulsioon puhta lapiga v\u00f5i loputa puhta veega ja kuivata r\u00e4tikuga.  * Et mustus ei j\u00e4\u00e4ks naha sisse, h\u00f5\u00f5ru k\u00e4sivarsi ja k\u00e4elabasid enne t\u00f6\u00f6 alustamist emulsiooniga * T\u00e4ieliku ohutusalase info saamiseks tutvu Ohutusn\u00f5uete Lehega\" \/>\n<meta property=\"og:url\" content=\"https:\/\/easystar.ee\/ru\/toode\/hand-cleaner-white-5l-k2015\/\" \/>\n<meta property=\"og:site_name\" content=\"Easy Star O\u00dc\" \/>\n<meta property=\"article:modified_time\" content=\"2025-10-30T01:33:15+00:00\" \/>\n<meta property=\"og:image\" content=\"https:\/\/easystar.ee\/wp-content\/uploads\/2024\/03\/easystar-hero-image.png\" \/>\n\t<meta property=\"og:image:width\" content=\"1056\" \/>\n\t<meta property=\"og:image:height\" content=\"880\" \/>\n\t<meta property=\"og:image:type\" content=\"image\/png\" \/>\n<meta name=\"twitter:card\" content=\"summary_large_image\" \/>\n<script type=\"application\/ld+json\" class=\"yoast-schema-graph\">{\"@context\":\"https:\\\/\\\/schema.org\",\"@graph\":[{\"@type\":\"WebPage\",\"@id\":\"https:\\\/\\\/easystar.ee\\\/ru\\\/toode\\\/hand-cleaner-white-5l-k2015\\\/\",\"url\":\"https:\\\/\\\/easystar.ee\\\/ru\\\/toode\\\/hand-cleaner-white-5l-k2015\\\/\",\"name\":\"Hand Cleaner white 5L K2015 &#8212; Easy Star O\u00dc\",\"isPartOf\":{\"@id\":\"https:\\\/\\\/easystar.ee\\\/#website\"},\"datePublished\":\"2024-05-31T08:10:41+00:00\",\"dateModified\":\"2025-10-30T01:33:15+00:00\",\"breadcrumb\":{\"@id\":\"https:\\\/\\\/easystar.ee\\\/ru\\\/toode\\\/hand-cleaner-white-5l-k2015\\\/#breadcrumb\"},\"inLanguage\":\"ru-RU\",\"potentialAction\":[{\"@type\":\"ReadAction\",\"target\":[\"https:\\\/\\\/easystar.ee\\\/ru\\\/toode\\\/hand-cleaner-white-5l-k2015\\\/\"]}]},{\"@type\":\"BreadcrumbList\",\"@id\":\"https:\\\/\\\/easystar.ee\\\/ru\\\/toode\\\/hand-cleaner-white-5l-k2015\\\/#breadcrumb\",\"itemListElement\":[{\"@type\":\"ListItem\",\"position\":1,\"name\":\"Home\",\"item\":\"https:\\\/\\\/easystar.ee\\\/ru\\\/\"},{\"@type\":\"ListItem\",\"position\":2,\"name\":\"\u0422\u043e\u0432\u0430\u0440\u044b\",\"item\":\"https:\\\/\\\/easystar.ee\\\/ru\\\/tovary\\\/\"},{\"@type\":\"ListItem\",\"position\":3,\"name\":\"Hand Cleaner white 5L K2015\"}]},{\"@type\":\"WebSite\",\"@id\":\"https:\\\/\\\/easystar.ee\\\/#website\",\"url\":\"https:\\\/\\\/easystar.ee\\\/\",\"name\":\"Easystar.ee\",\"description\":\"\",\"publisher\":{\"@id\":\"https:\\\/\\\/easystar.ee\\\/#organization\"},\"alternateName\":\"Keskkonnas\u00f5bralikud pehmepaberitooted teie kontorisse\",\"potentialAction\":[{\"@type\":\"SearchAction\",\"target\":{\"@type\":\"EntryPoint\",\"urlTemplate\":\"https:\\\/\\\/easystar.ee\\\/?s={search_term_string}\"},\"query-input\":{\"@type\":\"PropertyValueSpecification\",\"valueRequired\":true,\"valueName\":\"search_term_string\"}}],\"inLanguage\":\"ru-RU\"},{\"@type\":\"Organization\",\"@id\":\"https:\\\/\\\/easystar.ee\\\/#organization\",\"name\":\"Easy Star O\u00dc\",\"url\":\"https:\\\/\\\/easystar.ee\\\/\",\"logo\":{\"@type\":\"ImageObject\",\"inLanguage\":\"ru-RU\",\"@id\":\"https:\\\/\\\/easystar.ee\\\/#\\\/schema\\\/logo\\\/image\\\/\",\"url\":\"https:\\\/\\\/easystar.ee\\\/wp-content\\\/uploads\\\/2024\\\/03\\\/easystar-logo.svg\",\"contentUrl\":\"https:\\\/\\\/easystar.ee\\\/wp-content\\\/uploads\\\/2024\\\/03\\\/easystar-logo.svg\",\"width\":2000,\"height\":2000,\"caption\":\"Easy Star O\u00dc\"},\"image\":{\"@id\":\"https:\\\/\\\/easystar.ee\\\/#\\\/schema\\\/logo\\\/image\\\/\"}}]}<\/script>\n<!-- \/ Yoast SEO plugin. -->","yoast_head_json":{"title":"Hand Cleaner white 5L K2015 &#8212; Easy Star O\u00dc","robots":{"index":"index","follow":"follow","max-snippet":"max-snippet:-1","max-image-preview":"max-image-preview:large","max-video-preview":"max-video-preview:-1"},"canonical":"https:\/\/easystar.ee\/ru\/toode\/hand-cleaner-white-5l-k2015\/","og_locale":"ru_RU","og_type":"article","og_title":"Hand Cleaner white 5L K2015 &#8212; Easy Star O\u00dc","og_description":"Abrasiivne seep on sobib igale nahale toote pH on neutraalne. Kasutamine: h\u00f5\u00f5ruda k\u00e4si kokku seebiga seej\u00e4rel loputa v\u00f5i eemalda kuiva lapiga Seep on v\u00e4ljat\u00f6\u00f6tatud spetsiaalselt selleks, et eemaldada t\u00f6\u00f6stuslikku mustust (\u00f5li, rasv, v\u00e4rv, tint, bituumen jne). M\u00c4RKS\u00d5NAD: * Roosa emulsioon * Ei sisalda abrasiive ega lahusteid * Ei vaja lahjendamist * Lillel\u00f5hnaline  EELISED: * Eemaldab kiirelt ja t\u00f5husalt mustuse * Aitab v\u00e4ltida l\u00f6\u00f6vet ja naha \u00e4rritust * Sisaldab nahka pehmendavaid aineid, mis ravivad l\u00f5henenud nahka * On nahale \u00f5rn, kuna ei sisalda abrasiive ega lahusteid  KASUTAMINE: 1. Kanna v\u00e4ike kogus emulsiooni k\u00e4elabadele ja k\u00e4sivartele. 2. H\u00f5\u00f5ru hoolikalt nahasse (\u00e4ra unusta s\u00f5rmevahesid). 3. P\u00fchi \u00fcleliigne emulsioon puhta lapiga v\u00f5i loputa puhta veega ja kuivata r\u00e4tikuga.  * Et mustus ei j\u00e4\u00e4ks naha sisse, h\u00f5\u00f5ru k\u00e4sivarsi ja k\u00e4elabasid enne t\u00f6\u00f6 alustamist emulsiooniga * T\u00e4ieliku ohutusalase info saamiseks tutvu Ohutusn\u00f5uete Lehega","og_url":"https:\/\/easystar.ee\/ru\/toode\/hand-cleaner-white-5l-k2015\/","og_site_name":"Easy Star O\u00dc","article_modified_time":"2025-10-30T01:33:15+00:00","og_image":[{"width":1056,"height":880,"url":"https:\/\/easystar.ee\/wp-content\/uploads\/2024\/03\/easystar-hero-image.png","type":"image\/png"}],"twitter_card":"summary_large_image","schema":{"@context":"https:\/\/schema.org","@graph":[{"@type":"WebPage","@id":"https:\/\/easystar.ee\/ru\/toode\/hand-cleaner-white-5l-k2015\/","url":"https:\/\/easystar.ee\/ru\/toode\/hand-cleaner-white-5l-k2015\/","name":"Hand Cleaner white 5L K2015 &#8212; Easy Star O\u00dc","isPartOf":{"@id":"https:\/\/easystar.ee\/#website"},"datePublished":"2024-05-31T08:10:41+00:00","dateModified":"2025-10-30T01:33:15+00:00","breadcrumb":{"@id":"https:\/\/easystar.ee\/ru\/toode\/hand-cleaner-white-5l-k2015\/#breadcrumb"},"inLanguage":"ru-RU","potentialAction":[{"@type":"ReadAction","target":["https:\/\/easystar.ee\/ru\/toode\/hand-cleaner-white-5l-k2015\/"]}]},{"@type":"BreadcrumbList","@id":"https:\/\/easystar.ee\/ru\/toode\/hand-cleaner-white-5l-k2015\/#breadcrumb","itemListElement":[{"@type":"ListItem","position":1,"name":"Home","item":"https:\/\/easystar.ee\/ru\/"},{"@type":"ListItem","position":2,"name":"\u0422\u043e\u0432\u0430\u0440\u044b","item":"https:\/\/easystar.ee\/ru\/tovary\/"},{"@type":"ListItem","position":3,"name":"Hand Cleaner white 5L K2015"}]},{"@type":"WebSite","@id":"https:\/\/easystar.ee\/#website","url":"https:\/\/easystar.ee\/","name":"Easystar.ee","description":"","publisher":{"@id":"https:\/\/easystar.ee\/#organization"},"alternateName":"Keskkonnas\u00f5bralikud pehmepaberitooted teie kontorisse","potentialAction":[{"@type":"SearchAction","target":{"@type":"EntryPoint","urlTemplate":"https:\/\/easystar.ee\/?s={search_term_string}"},"query-input":{"@type":"PropertyValueSpecification","valueRequired":true,"valueName":"search_term_string"}}],"inLanguage":"ru-RU"},{"@type":"Organization","@id":"https:\/\/easystar.ee\/#organization","name":"Easy Star O\u00dc","url":"https:\/\/easystar.ee\/","logo":{"@type":"ImageObject","inLanguage":"ru-RU","@id":"https:\/\/easystar.ee\/#\/schema\/logo\/image\/","url":"https:\/\/easystar.ee\/wp-content\/uploads\/2024\/03\/easystar-logo.svg","contentUrl":"https:\/\/easystar.ee\/wp-content\/uploads\/2024\/03\/easystar-logo.svg","width":2000,"height":2000,"caption":"Easy Star O\u00dc"},"image":{"@id":"https:\/\/easystar.ee\/#\/schema\/logo\/image\/"}}]}},"_links":{"self":[{"href":"https:\/\/easystar.ee\/ru\/wp-json\/wp\/v2\/product\/31180","targetHints":{"allow":["GET"]}}],"collection":[{"href":"https:\/\/easystar.ee\/ru\/wp-json\/wp\/v2\/product"}],"about":[{"href":"https:\/\/easystar.ee\/ru\/wp-json\/wp\/v2\/types\/product"}],"wp:attachment":[{"href":"https:\/\/easystar.ee\/ru\/wp-json\/wp\/v2\/media?parent=31180"}],"wp:term":[{"taxonomy":"product_brand","embeddable":true,"href":"https:\/\/easystar.ee\/ru\/wp-json\/wp\/v2\/product_brand?post=31180"},{"taxonomy":"product_cat","embeddable":true,"href":"https:\/\/easystar.ee\/ru\/wp-json\/wp\/v2\/product_cat?post=31180"},{"taxonomy":"product_tag","embeddable":true,"href":"https:\/\/easystar.ee\/ru\/wp-json\/wp\/v2\/product_tag?post=31180"}],"curies":[{"name":"wp","href":"https:\/\/api.w.org\/{rel}","templated":true}]}}