{"id":31024,"date":"2024-05-31T07:36:09","date_gmt":"2024-05-31T07:36:09","guid":{"rendered":"https:\/\/easystar.ee\/toode\/rapssapa-universaalne-puhastusvahend-seep-k101905\/"},"modified":"2025-10-30T01:33:05","modified_gmt":"2025-10-30T01:33:05","slug":"rapssapa-universaalne-puhastusvahend-seep-k101905","status":"publish","type":"product","link":"https:\/\/easystar.ee\/ru\/toode\/rapssapa-universaalne-puhastusvahend-seep-k101905\/","title":{"rendered":"Rapss\u00e5pa universaalne puhastusvahend &#8212; seep K101905"},"content":{"rendered":"","protected":false},"excerpt":{"rendered":"<p>Rapss\u00e5pa\u00a0on vedel \u00fcldotstarbeline puhastusvahend, mis eemaldab t\u00f5husalt k\u00f5ik mustuse ja rasva. Toodet v\u00f5ib kasutada v\u00e4rvitud pindade, sanitaartehnika puhastamiseks ja on v\u00e4ga sobilik ka kivi ja puitp\u00f5randate puhul, kuna vahend on k\u00f5rge \u00f5lisisaldusega, mis kaitseb p\u00f5randat. Toimib h\u00e4sti ka k\u00f5rvaldamaks l\u00e4bip\u00f5lenud mustust ahjudest ja muudelt pindadelt, mis kuumust ja vett taluvad, sealhulgad pannid.<br \/>\n Doseering: \u00dcldpuhastuseks 1dl 10l soojale veele. Raske mustuse korral suurendada doseeringut. Kasutada kontsentraati rasva, \u00f5li-, \u0161okolaadiplekkide jne eemaldamiseks. Kanna seep puhastatavatele pindadele v\u00f5i ahju puhastamisel kuumuta 100-125*C kuni hakkab mullitama, laske jahtuda ja p\u00fchkige puhtaks lapiga\/svammiga ja rohke veega.<br \/>\nToote eelised: Valmistatud looduslikust toorainest.Annab kaitsekihin\u00e4iteks Toode ei ole klassifitseeritud ohtlikuks.* pH: kontsentraat ca 10 ja 1% lahus ca 9* \u00d6kom\u00e4rgistatud t\u00e4hisega Bra Milj\u00f6val<\/p>\n","protected":false},"featured_media":31016,"template":"","meta":{"_acf_changed":false},"product_brand":[],"product_cat":[1831,1985],"product_tag":[],"class_list":{"0":"post-31024","1":"product","2":"type-product","3":"status-publish","4":"has-post-thumbnail","6":"product_cat-himija","7":"product_cat-shhelochnye-sredstva-kuhnya-tualet-truby","9":"first","10":"instock","11":"taxable","12":"shipping-taxable","13":"purchasable","14":"product-type-simple"},"acf":[],"yoast_head":"<!-- This site is optimized with the Yoast SEO plugin v27.3 - https:\/\/yoast.com\/product\/yoast-seo-wordpress\/ -->\n<title>Rapss\u00e5pa universaalne puhastusvahend - seep K101905 &#8212; Easy Star O\u00dc<\/title>\n<meta name=\"robots\" content=\"index, follow, max-snippet:-1, max-image-preview:large, max-video-preview:-1\" \/>\n<link rel=\"canonical\" href=\"https:\/\/easystar.ee\/ru\/toode\/rapssapa-universaalne-puhastusvahend-seep-k101905\/\" \/>\n<meta property=\"og:locale\" content=\"ru_RU\" \/>\n<meta property=\"og:type\" content=\"article\" \/>\n<meta property=\"og:title\" content=\"Rapss\u00e5pa universaalne puhastusvahend - seep K101905 &#8212; Easy Star O\u00dc\" \/>\n<meta property=\"og:description\" content=\"Rapss\u00e5pa\u00a0on vedel \u00fcldotstarbeline puhastusvahend, mis eemaldab t\u00f5husalt k\u00f5ik mustuse ja rasva. Toodet v\u00f5ib kasutada v\u00e4rvitud pindade, sanitaartehnika puhastamiseks ja on v\u00e4ga sobilik ka kivi ja puitp\u00f5randate puhul, kuna vahend on k\u00f5rge \u00f5lisisaldusega, mis kaitseb p\u00f5randat. Toimib h\u00e4sti ka k\u00f5rvaldamaks l\u00e4bip\u00f5lenud mustust ahjudest ja muudelt pindadelt, mis kuumust ja vett taluvad, sealhulgad pannid.  Doseering: \u00dcldpuhastuseks 1dl 10l soojale veele. Raske mustuse korral suurendada doseeringut. Kasutada kontsentraati rasva, \u00f5li-, \u0161okolaadiplekkide jne eemaldamiseks. Kanna seep puhastatavatele pindadele v\u00f5i ahju puhastamisel kuumuta 100-125*C kuni hakkab mullitama, laske jahtuda ja p\u00fchkige puhtaks lapiga\/svammiga ja rohke veega. Toote eelised: Valmistatud looduslikust toorainest.Annab kaitsekihin\u00e4iteks Toode ei ole klassifitseeritud ohtlikuks.* pH: kontsentraat ca 10 ja 1% lahus ca 9* \u00d6kom\u00e4rgistatud t\u00e4hisega Bra Milj\u00f6val\" \/>\n<meta property=\"og:url\" content=\"https:\/\/easystar.ee\/ru\/toode\/rapssapa-universaalne-puhastusvahend-seep-k101905\/\" \/>\n<meta property=\"og:site_name\" content=\"Easy Star O\u00dc\" \/>\n<meta property=\"article:modified_time\" content=\"2025-10-30T01:33:05+00:00\" \/>\n<meta property=\"og:image\" content=\"https:\/\/easystar.ee\/wp-content\/uploads\/2024\/05\/Rapssapa.jpg\" \/>\n\t<meta property=\"og:image:width\" content=\"268\" \/>\n\t<meta property=\"og:image:height\" content=\"360\" \/>\n\t<meta property=\"og:image:type\" content=\"image\/jpeg\" \/>\n<meta name=\"twitter:card\" content=\"summary_large_image\" \/>\n<script type=\"application\/ld+json\" class=\"yoast-schema-graph\">{\"@context\":\"https:\\\/\\\/schema.org\",\"@graph\":[{\"@type\":\"WebPage\",\"@id\":\"https:\\\/\\\/easystar.ee\\\/ru\\\/toode\\\/rapssapa-universaalne-puhastusvahend-seep-k101905\\\/\",\"url\":\"https:\\\/\\\/easystar.ee\\\/ru\\\/toode\\\/rapssapa-universaalne-puhastusvahend-seep-k101905\\\/\",\"name\":\"Rapss\u00e5pa universaalne puhastusvahend - seep K101905 &#8212; Easy Star O\u00dc\",\"isPartOf\":{\"@id\":\"https:\\\/\\\/easystar.ee\\\/#website\"},\"primaryImageOfPage\":{\"@id\":\"https:\\\/\\\/easystar.ee\\\/ru\\\/toode\\\/rapssapa-universaalne-puhastusvahend-seep-k101905\\\/#primaryimage\"},\"image\":{\"@id\":\"https:\\\/\\\/easystar.ee\\\/ru\\\/toode\\\/rapssapa-universaalne-puhastusvahend-seep-k101905\\\/#primaryimage\"},\"thumbnailUrl\":\"https:\\\/\\\/easystar.ee\\\/wp-content\\\/uploads\\\/2024\\\/05\\\/Rapssapa.jpg\",\"datePublished\":\"2024-05-31T07:36:09+00:00\",\"dateModified\":\"2025-10-30T01:33:05+00:00\",\"breadcrumb\":{\"@id\":\"https:\\\/\\\/easystar.ee\\\/ru\\\/toode\\\/rapssapa-universaalne-puhastusvahend-seep-k101905\\\/#breadcrumb\"},\"inLanguage\":\"ru-RU\",\"potentialAction\":[{\"@type\":\"ReadAction\",\"target\":[\"https:\\\/\\\/easystar.ee\\\/ru\\\/toode\\\/rapssapa-universaalne-puhastusvahend-seep-k101905\\\/\"]}]},{\"@type\":\"ImageObject\",\"inLanguage\":\"ru-RU\",\"@id\":\"https:\\\/\\\/easystar.ee\\\/ru\\\/toode\\\/rapssapa-universaalne-puhastusvahend-seep-k101905\\\/#primaryimage\",\"url\":\"https:\\\/\\\/easystar.ee\\\/wp-content\\\/uploads\\\/2024\\\/05\\\/Rapssapa.jpg\",\"contentUrl\":\"https:\\\/\\\/easystar.ee\\\/wp-content\\\/uploads\\\/2024\\\/05\\\/Rapssapa.jpg\",\"width\":268,\"height\":360},{\"@type\":\"BreadcrumbList\",\"@id\":\"https:\\\/\\\/easystar.ee\\\/ru\\\/toode\\\/rapssapa-universaalne-puhastusvahend-seep-k101905\\\/#breadcrumb\",\"itemListElement\":[{\"@type\":\"ListItem\",\"position\":1,\"name\":\"Home\",\"item\":\"https:\\\/\\\/easystar.ee\\\/ru\\\/\"},{\"@type\":\"ListItem\",\"position\":2,\"name\":\"\u0422\u043e\u0432\u0430\u0440\u044b\",\"item\":\"https:\\\/\\\/easystar.ee\\\/ru\\\/tovary\\\/\"},{\"@type\":\"ListItem\",\"position\":3,\"name\":\"Rapss\u00e5pa universaalne puhastusvahend &#8211; seep K101905\"}]},{\"@type\":\"WebSite\",\"@id\":\"https:\\\/\\\/easystar.ee\\\/#website\",\"url\":\"https:\\\/\\\/easystar.ee\\\/\",\"name\":\"Easystar.ee\",\"description\":\"\",\"publisher\":{\"@id\":\"https:\\\/\\\/easystar.ee\\\/#organization\"},\"alternateName\":\"Keskkonnas\u00f5bralikud pehmepaberitooted teie kontorisse\",\"potentialAction\":[{\"@type\":\"SearchAction\",\"target\":{\"@type\":\"EntryPoint\",\"urlTemplate\":\"https:\\\/\\\/easystar.ee\\\/?s={search_term_string}\"},\"query-input\":{\"@type\":\"PropertyValueSpecification\",\"valueRequired\":true,\"valueName\":\"search_term_string\"}}],\"inLanguage\":\"ru-RU\"},{\"@type\":\"Organization\",\"@id\":\"https:\\\/\\\/easystar.ee\\\/#organization\",\"name\":\"Easy Star O\u00dc\",\"url\":\"https:\\\/\\\/easystar.ee\\\/\",\"logo\":{\"@type\":\"ImageObject\",\"inLanguage\":\"ru-RU\",\"@id\":\"https:\\\/\\\/easystar.ee\\\/#\\\/schema\\\/logo\\\/image\\\/\",\"url\":\"https:\\\/\\\/easystar.ee\\\/wp-content\\\/uploads\\\/2024\\\/03\\\/easystar-logo.svg\",\"contentUrl\":\"https:\\\/\\\/easystar.ee\\\/wp-content\\\/uploads\\\/2024\\\/03\\\/easystar-logo.svg\",\"width\":2000,\"height\":2000,\"caption\":\"Easy Star O\u00dc\"},\"image\":{\"@id\":\"https:\\\/\\\/easystar.ee\\\/#\\\/schema\\\/logo\\\/image\\\/\"}}]}<\/script>\n<!-- \/ Yoast SEO plugin. -->","yoast_head_json":{"title":"Rapss\u00e5pa universaalne puhastusvahend - seep K101905 &#8212; Easy Star O\u00dc","robots":{"index":"index","follow":"follow","max-snippet":"max-snippet:-1","max-image-preview":"max-image-preview:large","max-video-preview":"max-video-preview:-1"},"canonical":"https:\/\/easystar.ee\/ru\/toode\/rapssapa-universaalne-puhastusvahend-seep-k101905\/","og_locale":"ru_RU","og_type":"article","og_title":"Rapss\u00e5pa universaalne puhastusvahend - seep K101905 &#8212; Easy Star O\u00dc","og_description":"Rapss\u00e5pa\u00a0on vedel \u00fcldotstarbeline puhastusvahend, mis eemaldab t\u00f5husalt k\u00f5ik mustuse ja rasva. Toodet v\u00f5ib kasutada v\u00e4rvitud pindade, sanitaartehnika puhastamiseks ja on v\u00e4ga sobilik ka kivi ja puitp\u00f5randate puhul, kuna vahend on k\u00f5rge \u00f5lisisaldusega, mis kaitseb p\u00f5randat. Toimib h\u00e4sti ka k\u00f5rvaldamaks l\u00e4bip\u00f5lenud mustust ahjudest ja muudelt pindadelt, mis kuumust ja vett taluvad, sealhulgad pannid.  Doseering: \u00dcldpuhastuseks 1dl 10l soojale veele. Raske mustuse korral suurendada doseeringut. Kasutada kontsentraati rasva, \u00f5li-, \u0161okolaadiplekkide jne eemaldamiseks. Kanna seep puhastatavatele pindadele v\u00f5i ahju puhastamisel kuumuta 100-125*C kuni hakkab mullitama, laske jahtuda ja p\u00fchkige puhtaks lapiga\/svammiga ja rohke veega. Toote eelised: Valmistatud looduslikust toorainest.Annab kaitsekihin\u00e4iteks Toode ei ole klassifitseeritud ohtlikuks.* pH: kontsentraat ca 10 ja 1% lahus ca 9* \u00d6kom\u00e4rgistatud t\u00e4hisega Bra Milj\u00f6val","og_url":"https:\/\/easystar.ee\/ru\/toode\/rapssapa-universaalne-puhastusvahend-seep-k101905\/","og_site_name":"Easy Star O\u00dc","article_modified_time":"2025-10-30T01:33:05+00:00","og_image":[{"width":268,"height":360,"url":"https:\/\/easystar.ee\/wp-content\/uploads\/2024\/05\/Rapssapa.jpg","type":"image\/jpeg"}],"twitter_card":"summary_large_image","schema":{"@context":"https:\/\/schema.org","@graph":[{"@type":"WebPage","@id":"https:\/\/easystar.ee\/ru\/toode\/rapssapa-universaalne-puhastusvahend-seep-k101905\/","url":"https:\/\/easystar.ee\/ru\/toode\/rapssapa-universaalne-puhastusvahend-seep-k101905\/","name":"Rapss\u00e5pa universaalne puhastusvahend - seep K101905 &#8212; Easy Star O\u00dc","isPartOf":{"@id":"https:\/\/easystar.ee\/#website"},"primaryImageOfPage":{"@id":"https:\/\/easystar.ee\/ru\/toode\/rapssapa-universaalne-puhastusvahend-seep-k101905\/#primaryimage"},"image":{"@id":"https:\/\/easystar.ee\/ru\/toode\/rapssapa-universaalne-puhastusvahend-seep-k101905\/#primaryimage"},"thumbnailUrl":"https:\/\/easystar.ee\/wp-content\/uploads\/2024\/05\/Rapssapa.jpg","datePublished":"2024-05-31T07:36:09+00:00","dateModified":"2025-10-30T01:33:05+00:00","breadcrumb":{"@id":"https:\/\/easystar.ee\/ru\/toode\/rapssapa-universaalne-puhastusvahend-seep-k101905\/#breadcrumb"},"inLanguage":"ru-RU","potentialAction":[{"@type":"ReadAction","target":["https:\/\/easystar.ee\/ru\/toode\/rapssapa-universaalne-puhastusvahend-seep-k101905\/"]}]},{"@type":"ImageObject","inLanguage":"ru-RU","@id":"https:\/\/easystar.ee\/ru\/toode\/rapssapa-universaalne-puhastusvahend-seep-k101905\/#primaryimage","url":"https:\/\/easystar.ee\/wp-content\/uploads\/2024\/05\/Rapssapa.jpg","contentUrl":"https:\/\/easystar.ee\/wp-content\/uploads\/2024\/05\/Rapssapa.jpg","width":268,"height":360},{"@type":"BreadcrumbList","@id":"https:\/\/easystar.ee\/ru\/toode\/rapssapa-universaalne-puhastusvahend-seep-k101905\/#breadcrumb","itemListElement":[{"@type":"ListItem","position":1,"name":"Home","item":"https:\/\/easystar.ee\/ru\/"},{"@type":"ListItem","position":2,"name":"\u0422\u043e\u0432\u0430\u0440\u044b","item":"https:\/\/easystar.ee\/ru\/tovary\/"},{"@type":"ListItem","position":3,"name":"Rapss\u00e5pa universaalne puhastusvahend &#8211; seep K101905"}]},{"@type":"WebSite","@id":"https:\/\/easystar.ee\/#website","url":"https:\/\/easystar.ee\/","name":"Easystar.ee","description":"","publisher":{"@id":"https:\/\/easystar.ee\/#organization"},"alternateName":"Keskkonnas\u00f5bralikud pehmepaberitooted teie kontorisse","potentialAction":[{"@type":"SearchAction","target":{"@type":"EntryPoint","urlTemplate":"https:\/\/easystar.ee\/?s={search_term_string}"},"query-input":{"@type":"PropertyValueSpecification","valueRequired":true,"valueName":"search_term_string"}}],"inLanguage":"ru-RU"},{"@type":"Organization","@id":"https:\/\/easystar.ee\/#organization","name":"Easy Star O\u00dc","url":"https:\/\/easystar.ee\/","logo":{"@type":"ImageObject","inLanguage":"ru-RU","@id":"https:\/\/easystar.ee\/#\/schema\/logo\/image\/","url":"https:\/\/easystar.ee\/wp-content\/uploads\/2024\/03\/easystar-logo.svg","contentUrl":"https:\/\/easystar.ee\/wp-content\/uploads\/2024\/03\/easystar-logo.svg","width":2000,"height":2000,"caption":"Easy Star O\u00dc"},"image":{"@id":"https:\/\/easystar.ee\/#\/schema\/logo\/image\/"}}]}},"_links":{"self":[{"href":"https:\/\/easystar.ee\/ru\/wp-json\/wp\/v2\/product\/31024","targetHints":{"allow":["GET"]}}],"collection":[{"href":"https:\/\/easystar.ee\/ru\/wp-json\/wp\/v2\/product"}],"about":[{"href":"https:\/\/easystar.ee\/ru\/wp-json\/wp\/v2\/types\/product"}],"wp:featuredmedia":[{"embeddable":true,"href":"https:\/\/easystar.ee\/ru\/wp-json\/wp\/v2\/media\/31016"}],"wp:attachment":[{"href":"https:\/\/easystar.ee\/ru\/wp-json\/wp\/v2\/media?parent=31024"}],"wp:term":[{"taxonomy":"product_brand","embeddable":true,"href":"https:\/\/easystar.ee\/ru\/wp-json\/wp\/v2\/product_brand?post=31024"},{"taxonomy":"product_cat","embeddable":true,"href":"https:\/\/easystar.ee\/ru\/wp-json\/wp\/v2\/product_cat?post=31024"},{"taxonomy":"product_tag","embeddable":true,"href":"https:\/\/easystar.ee\/ru\/wp-json\/wp\/v2\/product_tag?post=31024"}],"curies":[{"name":"wp","href":"https:\/\/api.w.org\/{rel}","templated":true}]}}