{"id":31000,"date":"2024-05-31T07:36:03","date_gmt":"2024-05-31T07:36:03","guid":{"rendered":"https:\/\/easystar.ee\/toode\/easy-bath-refill-10-l-k101525\/"},"modified":"2025-10-30T01:33:03","modified_gmt":"2025-10-30T01:33:03","slug":"easy-bath-refill-10-l-k101525","status":"publish","type":"product","link":"https:\/\/easystar.ee\/ru\/toode\/easy-bath-refill-10-l-k101525\/","title":{"rendered":"Easy Bath Refill 1,0 L K101525"},"content":{"rendered":"","protected":false},"excerpt":{"rendered":"<p>Easy Bath refill on vedel happeline kontsentreeritud universaalne vedelik Easy Bath pudelite taast\u00e4itmiseks. \u00dchest pudelist saab 10 pudelit Easy Bathi valmislahust.<br \/>\nKasutus\u00f5petus: T\u00e4ida m\u00f5\u00f5teseadme plomm ja vala spray pudelisse. 100 ml Easy Bath Refillile lisa ca 400ml vett, et saada 500 ml Easy Bath lahust. N\u00fc\u00fcd on toode kasutamiseks valmis. Spray toodet tuleb pihastada pinnale. P\u00fchkida niiske lapiga. V\u00e4ga m\u00e4\u00e4rdunud pindadel lase enne p\u00fchkimist hetkeks toimida. V\u00e4ldi pikaajalist kokkupuudet puidu, alumiiniumi ja poorsete pindadega. V\u00e4ldi \u00fcle doseerimist.<br \/>\nS\u00e4ilitamine: Ei tohi k\u00fclmutada. Sulatades muutub toode h\u00e4guseks, kui see peaks juhtuma, siis loksuta. S\u00e4ilivusaeg on 2 aastat, kui seda s\u00e4ilitatakse \u00f5igesti.<br \/>\npH lahusel ca 2<\/p>\n","protected":false},"featured_media":30995,"template":"","meta":{"_acf_changed":false},"product_brand":[],"product_cat":[1988,1831],"product_tag":[],"class_list":{"0":"post-31000","1":"product","2":"type-product","3":"status-publish","4":"has-post-thumbnail","6":"product_cat-kislotnye-sredstva-dlya-udaleniya-nakipi-s-santehniki-rst","7":"product_cat-himija","9":"first","10":"instock","11":"taxable","12":"shipping-taxable","13":"purchasable","14":"product-type-simple"},"acf":[],"yoast_head":"<!-- This site is optimized with the Yoast SEO plugin v27.3 - https:\/\/yoast.com\/product\/yoast-seo-wordpress\/ -->\n<title>Easy Bath Refill 1,0 L K101525 &#8212; Easy Star O\u00dc<\/title>\n<meta name=\"robots\" content=\"index, follow, max-snippet:-1, max-image-preview:large, max-video-preview:-1\" \/>\n<link rel=\"canonical\" href=\"https:\/\/easystar.ee\/ru\/toode\/easy-bath-refill-10-l-k101525\/\" \/>\n<meta property=\"og:locale\" content=\"ru_RU\" \/>\n<meta property=\"og:type\" content=\"article\" \/>\n<meta property=\"og:title\" content=\"Easy Bath Refill 1,0 L K101525 &#8212; Easy Star O\u00dc\" \/>\n<meta property=\"og:description\" content=\"Easy Bath refill on vedel happeline kontsentreeritud universaalne vedelik Easy Bath pudelite taast\u00e4itmiseks. \u00dchest pudelist saab 10 pudelit Easy Bathi valmislahust. Kasutus\u00f5petus: T\u00e4ida m\u00f5\u00f5teseadme plomm ja vala spray pudelisse. 100 ml Easy Bath Refillile lisa ca 400ml vett, et saada 500 ml Easy Bath lahust. N\u00fc\u00fcd on toode kasutamiseks valmis. Spray toodet tuleb pihastada pinnale. P\u00fchkida niiske lapiga. V\u00e4ga m\u00e4\u00e4rdunud pindadel lase enne p\u00fchkimist hetkeks toimida. V\u00e4ldi pikaajalist kokkupuudet puidu, alumiiniumi ja poorsete pindadega. V\u00e4ldi \u00fcle doseerimist. S\u00e4ilitamine: Ei tohi k\u00fclmutada. Sulatades muutub toode h\u00e4guseks, kui see peaks juhtuma, siis loksuta. S\u00e4ilivusaeg on 2 aastat, kui seda s\u00e4ilitatakse \u00f5igesti. pH lahusel ca 2\" \/>\n<meta property=\"og:url\" content=\"https:\/\/easystar.ee\/ru\/toode\/easy-bath-refill-10-l-k101525\/\" \/>\n<meta property=\"og:site_name\" content=\"Easy Star O\u00dc\" \/>\n<meta property=\"article:modified_time\" content=\"2025-10-30T01:33:03+00:00\" \/>\n<meta property=\"og:image\" content=\"https:\/\/easystar.ee\/wp-content\/uploads\/2024\/05\/EASY_BATH_REFILL_10_L.jpg\" \/>\n\t<meta property=\"og:image:width\" content=\"200\" \/>\n\t<meta property=\"og:image:height\" content=\"327\" \/>\n\t<meta property=\"og:image:type\" content=\"image\/jpeg\" \/>\n<meta name=\"twitter:card\" content=\"summary_large_image\" \/>\n<script type=\"application\/ld+json\" class=\"yoast-schema-graph\">{\"@context\":\"https:\\\/\\\/schema.org\",\"@graph\":[{\"@type\":\"WebPage\",\"@id\":\"https:\\\/\\\/easystar.ee\\\/ru\\\/toode\\\/easy-bath-refill-10-l-k101525\\\/\",\"url\":\"https:\\\/\\\/easystar.ee\\\/ru\\\/toode\\\/easy-bath-refill-10-l-k101525\\\/\",\"name\":\"Easy Bath Refill 1,0 L K101525 &#8212; Easy Star O\u00dc\",\"isPartOf\":{\"@id\":\"https:\\\/\\\/easystar.ee\\\/#website\"},\"primaryImageOfPage\":{\"@id\":\"https:\\\/\\\/easystar.ee\\\/ru\\\/toode\\\/easy-bath-refill-10-l-k101525\\\/#primaryimage\"},\"image\":{\"@id\":\"https:\\\/\\\/easystar.ee\\\/ru\\\/toode\\\/easy-bath-refill-10-l-k101525\\\/#primaryimage\"},\"thumbnailUrl\":\"https:\\\/\\\/easystar.ee\\\/wp-content\\\/uploads\\\/2024\\\/05\\\/EASY_BATH_REFILL_10_L.jpg\",\"datePublished\":\"2024-05-31T07:36:03+00:00\",\"dateModified\":\"2025-10-30T01:33:03+00:00\",\"breadcrumb\":{\"@id\":\"https:\\\/\\\/easystar.ee\\\/ru\\\/toode\\\/easy-bath-refill-10-l-k101525\\\/#breadcrumb\"},\"inLanguage\":\"ru-RU\",\"potentialAction\":[{\"@type\":\"ReadAction\",\"target\":[\"https:\\\/\\\/easystar.ee\\\/ru\\\/toode\\\/easy-bath-refill-10-l-k101525\\\/\"]}]},{\"@type\":\"ImageObject\",\"inLanguage\":\"ru-RU\",\"@id\":\"https:\\\/\\\/easystar.ee\\\/ru\\\/toode\\\/easy-bath-refill-10-l-k101525\\\/#primaryimage\",\"url\":\"https:\\\/\\\/easystar.ee\\\/wp-content\\\/uploads\\\/2024\\\/05\\\/EASY_BATH_REFILL_10_L.jpg\",\"contentUrl\":\"https:\\\/\\\/easystar.ee\\\/wp-content\\\/uploads\\\/2024\\\/05\\\/EASY_BATH_REFILL_10_L.jpg\",\"width\":200,\"height\":327},{\"@type\":\"BreadcrumbList\",\"@id\":\"https:\\\/\\\/easystar.ee\\\/ru\\\/toode\\\/easy-bath-refill-10-l-k101525\\\/#breadcrumb\",\"itemListElement\":[{\"@type\":\"ListItem\",\"position\":1,\"name\":\"Home\",\"item\":\"https:\\\/\\\/easystar.ee\\\/ru\\\/\"},{\"@type\":\"ListItem\",\"position\":2,\"name\":\"\u0422\u043e\u0432\u0430\u0440\u044b\",\"item\":\"https:\\\/\\\/easystar.ee\\\/ru\\\/tovary\\\/\"},{\"@type\":\"ListItem\",\"position\":3,\"name\":\"Easy Bath Refill 1,0 L K101525\"}]},{\"@type\":\"WebSite\",\"@id\":\"https:\\\/\\\/easystar.ee\\\/#website\",\"url\":\"https:\\\/\\\/easystar.ee\\\/\",\"name\":\"Easystar.ee\",\"description\":\"\",\"publisher\":{\"@id\":\"https:\\\/\\\/easystar.ee\\\/#organization\"},\"alternateName\":\"Keskkonnas\u00f5bralikud pehmepaberitooted teie kontorisse\",\"potentialAction\":[{\"@type\":\"SearchAction\",\"target\":{\"@type\":\"EntryPoint\",\"urlTemplate\":\"https:\\\/\\\/easystar.ee\\\/?s={search_term_string}\"},\"query-input\":{\"@type\":\"PropertyValueSpecification\",\"valueRequired\":true,\"valueName\":\"search_term_string\"}}],\"inLanguage\":\"ru-RU\"},{\"@type\":\"Organization\",\"@id\":\"https:\\\/\\\/easystar.ee\\\/#organization\",\"name\":\"Easy Star O\u00dc\",\"url\":\"https:\\\/\\\/easystar.ee\\\/\",\"logo\":{\"@type\":\"ImageObject\",\"inLanguage\":\"ru-RU\",\"@id\":\"https:\\\/\\\/easystar.ee\\\/#\\\/schema\\\/logo\\\/image\\\/\",\"url\":\"https:\\\/\\\/easystar.ee\\\/wp-content\\\/uploads\\\/2024\\\/03\\\/easystar-logo.svg\",\"contentUrl\":\"https:\\\/\\\/easystar.ee\\\/wp-content\\\/uploads\\\/2024\\\/03\\\/easystar-logo.svg\",\"width\":2000,\"height\":2000,\"caption\":\"Easy Star O\u00dc\"},\"image\":{\"@id\":\"https:\\\/\\\/easystar.ee\\\/#\\\/schema\\\/logo\\\/image\\\/\"}}]}<\/script>\n<!-- \/ Yoast SEO plugin. -->","yoast_head_json":{"title":"Easy Bath Refill 1,0 L K101525 &#8212; Easy Star O\u00dc","robots":{"index":"index","follow":"follow","max-snippet":"max-snippet:-1","max-image-preview":"max-image-preview:large","max-video-preview":"max-video-preview:-1"},"canonical":"https:\/\/easystar.ee\/ru\/toode\/easy-bath-refill-10-l-k101525\/","og_locale":"ru_RU","og_type":"article","og_title":"Easy Bath Refill 1,0 L K101525 &#8212; Easy Star O\u00dc","og_description":"Easy Bath refill on vedel happeline kontsentreeritud universaalne vedelik Easy Bath pudelite taast\u00e4itmiseks. \u00dchest pudelist saab 10 pudelit Easy Bathi valmislahust. Kasutus\u00f5petus: T\u00e4ida m\u00f5\u00f5teseadme plomm ja vala spray pudelisse. 100 ml Easy Bath Refillile lisa ca 400ml vett, et saada 500 ml Easy Bath lahust. N\u00fc\u00fcd on toode kasutamiseks valmis. Spray toodet tuleb pihastada pinnale. P\u00fchkida niiske lapiga. V\u00e4ga m\u00e4\u00e4rdunud pindadel lase enne p\u00fchkimist hetkeks toimida. V\u00e4ldi pikaajalist kokkupuudet puidu, alumiiniumi ja poorsete pindadega. V\u00e4ldi \u00fcle doseerimist. S\u00e4ilitamine: Ei tohi k\u00fclmutada. Sulatades muutub toode h\u00e4guseks, kui see peaks juhtuma, siis loksuta. S\u00e4ilivusaeg on 2 aastat, kui seda s\u00e4ilitatakse \u00f5igesti. pH lahusel ca 2","og_url":"https:\/\/easystar.ee\/ru\/toode\/easy-bath-refill-10-l-k101525\/","og_site_name":"Easy Star O\u00dc","article_modified_time":"2025-10-30T01:33:03+00:00","og_image":[{"width":200,"height":327,"url":"https:\/\/easystar.ee\/wp-content\/uploads\/2024\/05\/EASY_BATH_REFILL_10_L.jpg","type":"image\/jpeg"}],"twitter_card":"summary_large_image","schema":{"@context":"https:\/\/schema.org","@graph":[{"@type":"WebPage","@id":"https:\/\/easystar.ee\/ru\/toode\/easy-bath-refill-10-l-k101525\/","url":"https:\/\/easystar.ee\/ru\/toode\/easy-bath-refill-10-l-k101525\/","name":"Easy Bath Refill 1,0 L K101525 &#8212; Easy Star O\u00dc","isPartOf":{"@id":"https:\/\/easystar.ee\/#website"},"primaryImageOfPage":{"@id":"https:\/\/easystar.ee\/ru\/toode\/easy-bath-refill-10-l-k101525\/#primaryimage"},"image":{"@id":"https:\/\/easystar.ee\/ru\/toode\/easy-bath-refill-10-l-k101525\/#primaryimage"},"thumbnailUrl":"https:\/\/easystar.ee\/wp-content\/uploads\/2024\/05\/EASY_BATH_REFILL_10_L.jpg","datePublished":"2024-05-31T07:36:03+00:00","dateModified":"2025-10-30T01:33:03+00:00","breadcrumb":{"@id":"https:\/\/easystar.ee\/ru\/toode\/easy-bath-refill-10-l-k101525\/#breadcrumb"},"inLanguage":"ru-RU","potentialAction":[{"@type":"ReadAction","target":["https:\/\/easystar.ee\/ru\/toode\/easy-bath-refill-10-l-k101525\/"]}]},{"@type":"ImageObject","inLanguage":"ru-RU","@id":"https:\/\/easystar.ee\/ru\/toode\/easy-bath-refill-10-l-k101525\/#primaryimage","url":"https:\/\/easystar.ee\/wp-content\/uploads\/2024\/05\/EASY_BATH_REFILL_10_L.jpg","contentUrl":"https:\/\/easystar.ee\/wp-content\/uploads\/2024\/05\/EASY_BATH_REFILL_10_L.jpg","width":200,"height":327},{"@type":"BreadcrumbList","@id":"https:\/\/easystar.ee\/ru\/toode\/easy-bath-refill-10-l-k101525\/#breadcrumb","itemListElement":[{"@type":"ListItem","position":1,"name":"Home","item":"https:\/\/easystar.ee\/ru\/"},{"@type":"ListItem","position":2,"name":"\u0422\u043e\u0432\u0430\u0440\u044b","item":"https:\/\/easystar.ee\/ru\/tovary\/"},{"@type":"ListItem","position":3,"name":"Easy Bath Refill 1,0 L K101525"}]},{"@type":"WebSite","@id":"https:\/\/easystar.ee\/#website","url":"https:\/\/easystar.ee\/","name":"Easystar.ee","description":"","publisher":{"@id":"https:\/\/easystar.ee\/#organization"},"alternateName":"Keskkonnas\u00f5bralikud pehmepaberitooted teie kontorisse","potentialAction":[{"@type":"SearchAction","target":{"@type":"EntryPoint","urlTemplate":"https:\/\/easystar.ee\/?s={search_term_string}"},"query-input":{"@type":"PropertyValueSpecification","valueRequired":true,"valueName":"search_term_string"}}],"inLanguage":"ru-RU"},{"@type":"Organization","@id":"https:\/\/easystar.ee\/#organization","name":"Easy Star O\u00dc","url":"https:\/\/easystar.ee\/","logo":{"@type":"ImageObject","inLanguage":"ru-RU","@id":"https:\/\/easystar.ee\/#\/schema\/logo\/image\/","url":"https:\/\/easystar.ee\/wp-content\/uploads\/2024\/03\/easystar-logo.svg","contentUrl":"https:\/\/easystar.ee\/wp-content\/uploads\/2024\/03\/easystar-logo.svg","width":2000,"height":2000,"caption":"Easy Star O\u00dc"},"image":{"@id":"https:\/\/easystar.ee\/#\/schema\/logo\/image\/"}}]}},"_links":{"self":[{"href":"https:\/\/easystar.ee\/ru\/wp-json\/wp\/v2\/product\/31000","targetHints":{"allow":["GET"]}}],"collection":[{"href":"https:\/\/easystar.ee\/ru\/wp-json\/wp\/v2\/product"}],"about":[{"href":"https:\/\/easystar.ee\/ru\/wp-json\/wp\/v2\/types\/product"}],"wp:featuredmedia":[{"embeddable":true,"href":"https:\/\/easystar.ee\/ru\/wp-json\/wp\/v2\/media\/30995"}],"wp:attachment":[{"href":"https:\/\/easystar.ee\/ru\/wp-json\/wp\/v2\/media?parent=31000"}],"wp:term":[{"taxonomy":"product_brand","embeddable":true,"href":"https:\/\/easystar.ee\/ru\/wp-json\/wp\/v2\/product_brand?post=31000"},{"taxonomy":"product_cat","embeddable":true,"href":"https:\/\/easystar.ee\/ru\/wp-json\/wp\/v2\/product_cat?post=31000"},{"taxonomy":"product_tag","embeddable":true,"href":"https:\/\/easystar.ee\/ru\/wp-json\/wp\/v2\/product_tag?post=31000"}],"curies":[{"name":"wp","href":"https:\/\/api.w.org\/{rel}","templated":true}]}}