{"id":30722,"date":"2024-05-30T16:55:13","date_gmt":"2024-05-30T16:55:13","guid":{"rendered":"https:\/\/easystar.ee\/toode\/majapidamiskinnas-nitriil-nitrex-33cm-m-roheline-ktve80208\/"},"modified":"2026-05-13T01:30:14","modified_gmt":"2026-05-13T01:30:14","slug":"majapidamiskinnas-nitriil-nitrex-34cm-m-roheline-ktve80208","status":"publish","type":"product","link":"https:\/\/easystar.ee\/ru\/toode\/majapidamiskinnas-nitriil-nitrex-34cm-m-roheline-ktve80208\/","title":{"rendered":"Majapidamiskinnas nitriil NITREX 34cm M roheline KTVE80208"},"content":{"rendered":"","protected":false},"excerpt":{"rendered":"<p>Keemiakaitsekindad nitriil Professional 34cm roheline<br \/>\n-Materjal: nitriil, puuvillane vooder<br \/>\n-Materjali paksus 0,4mm<br \/>\n-Sobivad toidu k\u00e4sitlemiseks<br \/>\nV\u00e4ga hea kulumiskindlusega nitriilist kemikaalikindlad kummikindad. Kindad pakuvad v\u00e4ga t\u00f5husat kaitset bioloogiliste ohtude ja kemikaalide eest. Kindal on reljeefne peopesa ja s\u00f5rmeotsad. Kummikindad on hea painduvusega, elastsusega ja puutetundlikkusega. Majapidamiskinnastel on suurep\u00e4rane haare kuivades ja niisketes oludes, isegi madalatel temperatuuridel. Sobivad ka toiduainete k\u00e4itlemiseks. Puuvillavooder. Pikkus 34 cm, paksus 0,4mm.<br \/>\nVastavused:<br \/>\nCE-tootem\u00e4rgis<br \/>\nCAT III<br \/>\nToiduohutuse sertifikaat<br \/>\nEN 388:2016 &#8212; 3101X<br \/>\nEN 374-5:2016<br \/>\nEN 374-1:2016 T\u00fc\u00fcp A, AJKLPOT<br \/>\nEN 420:2003<\/p>\n","protected":false},"featured_media":68737,"template":"","meta":{"_acf_changed":false},"product_brand":[],"product_cat":[2012,1863],"product_tag":[],"class_list":{"0":"post-30722","1":"product","2":"type-product","3":"status-publish","4":"has-post-thumbnail","6":"product_cat-majapidamiskindad-ru","7":"product_cat-sredstva-individualnoj-zashhity-ik","9":"first","10":"instock","11":"taxable","12":"shipping-taxable","13":"purchasable","14":"product-type-simple"},"acf":[],"yoast_head":"<!-- This site is optimized with the Yoast SEO plugin v27.5 - https:\/\/yoast.com\/product\/yoast-seo-wordpress\/ -->\n<title>Majapidamiskinnas nitriil NITREX 34cm M roheline KTVE80208 &#8212; Easy Star O\u00dc<\/title>\n<meta name=\"robots\" content=\"index, follow, max-snippet:-1, max-image-preview:large, max-video-preview:-1\" \/>\n<link rel=\"canonical\" href=\"https:\/\/easystar.ee\/toode\/majapidamiskinnas-nitriil-nitrex-34cm-m-roheline-ktve80208\/\" \/>\n<meta property=\"og:locale\" content=\"ru_RU\" \/>\n<meta property=\"og:type\" content=\"article\" \/>\n<meta property=\"og:title\" content=\"Majapidamiskinnas nitriil NITREX 34cm M roheline KTVE80208 &#8212; Easy Star O\u00dc\" \/>\n<meta property=\"og:description\" content=\"Keemiakaitsekindad nitriil Professional 34cm roheline -Materjal: nitriil, puuvillane vooder -Materjali paksus 0,4mm -Sobivad toidu k\u00e4sitlemiseks V\u00e4ga hea kulumiskindlusega nitriilist kemikaalikindlad kummikindad. Kindad pakuvad v\u00e4ga t\u00f5husat kaitset bioloogiliste ohtude ja kemikaalide eest. Kindal on reljeefne peopesa ja s\u00f5rmeotsad. Kummikindad on hea painduvusega, elastsusega ja puutetundlikkusega. Majapidamiskinnastel on suurep\u00e4rane haare kuivades ja niisketes oludes, isegi madalatel temperatuuridel. Sobivad ka toiduainete k\u00e4itlemiseks. Puuvillavooder. Pikkus 34 cm, paksus 0,4mm. Vastavused: CE-tootem\u00e4rgis CAT III Toiduohutuse sertifikaat EN 388:2016 - 3101X EN 374-5:2016 EN 374-1:2016 T\u00fc\u00fcp A, AJKLPOT EN 420:2003\" \/>\n<meta property=\"og:url\" content=\"https:\/\/easystar.ee\/toode\/majapidamiskinnas-nitriil-nitrex-34cm-m-roheline-ktve80208\/\" \/>\n<meta property=\"og:site_name\" content=\"Easy Star O\u00dc\" \/>\n<meta property=\"article:modified_time\" content=\"2026-05-13T01:30:14+00:00\" \/>\n<meta property=\"og:image\" content=\"https:\/\/easystar.ee\/wp-content\/uploads\/2026\/05\/4015544266504.jpg\" \/>\n\t<meta property=\"og:image:width\" content=\"435\" \/>\n\t<meta property=\"og:image:height\" content=\"493\" \/>\n\t<meta property=\"og:image:type\" content=\"image\/jpeg\" \/>\n<meta name=\"twitter:card\" content=\"summary_large_image\" \/>\n<script type=\"application\/ld+json\" class=\"yoast-schema-graph\">{\"@context\":\"https:\\\/\\\/schema.org\",\"@graph\":[{\"@type\":\"WebPage\",\"@id\":\"https:\\\/\\\/easystar.ee\\\/toode\\\/majapidamiskinnas-nitriil-nitrex-34cm-m-roheline-ktve80208\\\/\",\"url\":\"https:\\\/\\\/easystar.ee\\\/toode\\\/majapidamiskinnas-nitriil-nitrex-34cm-m-roheline-ktve80208\\\/\",\"name\":\"Majapidamiskinnas nitriil NITREX 34cm M roheline KTVE80208 &#8212; Easy Star O\u00dc\",\"isPartOf\":{\"@id\":\"https:\\\/\\\/easystar.ee\\\/#website\"},\"primaryImageOfPage\":{\"@id\":\"https:\\\/\\\/easystar.ee\\\/toode\\\/majapidamiskinnas-nitriil-nitrex-34cm-m-roheline-ktve80208\\\/#primaryimage\"},\"image\":{\"@id\":\"https:\\\/\\\/easystar.ee\\\/toode\\\/majapidamiskinnas-nitriil-nitrex-34cm-m-roheline-ktve80208\\\/#primaryimage\"},\"thumbnailUrl\":\"https:\\\/\\\/easystar.ee\\\/wp-content\\\/uploads\\\/2026\\\/05\\\/4015544266504.jpg\",\"datePublished\":\"2024-05-30T16:55:13+00:00\",\"dateModified\":\"2026-05-13T01:30:14+00:00\",\"breadcrumb\":{\"@id\":\"https:\\\/\\\/easystar.ee\\\/toode\\\/majapidamiskinnas-nitriil-nitrex-34cm-m-roheline-ktve80208\\\/#breadcrumb\"},\"inLanguage\":\"ru-RU\",\"potentialAction\":[{\"@type\":\"ReadAction\",\"target\":[\"https:\\\/\\\/easystar.ee\\\/toode\\\/majapidamiskinnas-nitriil-nitrex-34cm-m-roheline-ktve80208\\\/\"]}]},{\"@type\":\"ImageObject\",\"inLanguage\":\"ru-RU\",\"@id\":\"https:\\\/\\\/easystar.ee\\\/toode\\\/majapidamiskinnas-nitriil-nitrex-34cm-m-roheline-ktve80208\\\/#primaryimage\",\"url\":\"https:\\\/\\\/easystar.ee\\\/wp-content\\\/uploads\\\/2026\\\/05\\\/4015544266504.jpg\",\"contentUrl\":\"https:\\\/\\\/easystar.ee\\\/wp-content\\\/uploads\\\/2026\\\/05\\\/4015544266504.jpg\",\"width\":435,\"height\":493},{\"@type\":\"BreadcrumbList\",\"@id\":\"https:\\\/\\\/easystar.ee\\\/toode\\\/majapidamiskinnas-nitriil-nitrex-34cm-m-roheline-ktve80208\\\/#breadcrumb\",\"itemListElement\":[{\"@type\":\"ListItem\",\"position\":1,\"name\":\"Home\",\"item\":\"https:\\\/\\\/easystar.ee\\\/ru\\\/\"},{\"@type\":\"ListItem\",\"position\":2,\"name\":\"\u0422\u043e\u0432\u0430\u0440\u044b\",\"item\":\"https:\\\/\\\/easystar.ee\\\/ru\\\/tovary\\\/\"},{\"@type\":\"ListItem\",\"position\":3,\"name\":\"Majapidamiskinnas nitriil NITREX 34cm M roheline KTVE80208\"}]},{\"@type\":\"WebSite\",\"@id\":\"https:\\\/\\\/easystar.ee\\\/#website\",\"url\":\"https:\\\/\\\/easystar.ee\\\/\",\"name\":\"Easystar.ee\",\"description\":\"\",\"publisher\":{\"@id\":\"https:\\\/\\\/easystar.ee\\\/#organization\"},\"alternateName\":\"Keskkonnas\u00f5bralikud pehmepaberitooted teie kontorisse\",\"potentialAction\":[{\"@type\":\"SearchAction\",\"target\":{\"@type\":\"EntryPoint\",\"urlTemplate\":\"https:\\\/\\\/easystar.ee\\\/?s={search_term_string}\"},\"query-input\":{\"@type\":\"PropertyValueSpecification\",\"valueRequired\":true,\"valueName\":\"search_term_string\"}}],\"inLanguage\":\"ru-RU\"},{\"@type\":\"Organization\",\"@id\":\"https:\\\/\\\/easystar.ee\\\/#organization\",\"name\":\"Easy Star O\u00dc\",\"url\":\"https:\\\/\\\/easystar.ee\\\/\",\"logo\":{\"@type\":\"ImageObject\",\"inLanguage\":\"ru-RU\",\"@id\":\"https:\\\/\\\/easystar.ee\\\/#\\\/schema\\\/logo\\\/image\\\/\",\"url\":\"https:\\\/\\\/easystar.ee\\\/wp-content\\\/uploads\\\/2024\\\/03\\\/easystar-logo.svg\",\"contentUrl\":\"https:\\\/\\\/easystar.ee\\\/wp-content\\\/uploads\\\/2024\\\/03\\\/easystar-logo.svg\",\"width\":2000,\"height\":2000,\"caption\":\"Easy Star O\u00dc\"},\"image\":{\"@id\":\"https:\\\/\\\/easystar.ee\\\/#\\\/schema\\\/logo\\\/image\\\/\"}}]}<\/script>\n<!-- \/ Yoast SEO plugin. -->","yoast_head_json":{"title":"Majapidamiskinnas nitriil NITREX 34cm M roheline KTVE80208 &#8212; Easy Star O\u00dc","robots":{"index":"index","follow":"follow","max-snippet":"max-snippet:-1","max-image-preview":"max-image-preview:large","max-video-preview":"max-video-preview:-1"},"canonical":"https:\/\/easystar.ee\/toode\/majapidamiskinnas-nitriil-nitrex-34cm-m-roheline-ktve80208\/","og_locale":"ru_RU","og_type":"article","og_title":"Majapidamiskinnas nitriil NITREX 34cm M roheline KTVE80208 &#8212; Easy Star O\u00dc","og_description":"Keemiakaitsekindad nitriil Professional 34cm roheline -Materjal: nitriil, puuvillane vooder -Materjali paksus 0,4mm -Sobivad toidu k\u00e4sitlemiseks V\u00e4ga hea kulumiskindlusega nitriilist kemikaalikindlad kummikindad. Kindad pakuvad v\u00e4ga t\u00f5husat kaitset bioloogiliste ohtude ja kemikaalide eest. Kindal on reljeefne peopesa ja s\u00f5rmeotsad. Kummikindad on hea painduvusega, elastsusega ja puutetundlikkusega. Majapidamiskinnastel on suurep\u00e4rane haare kuivades ja niisketes oludes, isegi madalatel temperatuuridel. Sobivad ka toiduainete k\u00e4itlemiseks. Puuvillavooder. Pikkus 34 cm, paksus 0,4mm. Vastavused: CE-tootem\u00e4rgis CAT III Toiduohutuse sertifikaat EN 388:2016 - 3101X EN 374-5:2016 EN 374-1:2016 T\u00fc\u00fcp A, AJKLPOT EN 420:2003","og_url":"https:\/\/easystar.ee\/toode\/majapidamiskinnas-nitriil-nitrex-34cm-m-roheline-ktve80208\/","og_site_name":"Easy Star O\u00dc","article_modified_time":"2026-05-13T01:30:14+00:00","og_image":[{"width":435,"height":493,"url":"https:\/\/easystar.ee\/wp-content\/uploads\/2026\/05\/4015544266504.jpg","type":"image\/jpeg"}],"twitter_card":"summary_large_image","schema":{"@context":"https:\/\/schema.org","@graph":[{"@type":"WebPage","@id":"https:\/\/easystar.ee\/toode\/majapidamiskinnas-nitriil-nitrex-34cm-m-roheline-ktve80208\/","url":"https:\/\/easystar.ee\/toode\/majapidamiskinnas-nitriil-nitrex-34cm-m-roheline-ktve80208\/","name":"Majapidamiskinnas nitriil NITREX 34cm M roheline KTVE80208 &#8212; Easy Star O\u00dc","isPartOf":{"@id":"https:\/\/easystar.ee\/#website"},"primaryImageOfPage":{"@id":"https:\/\/easystar.ee\/toode\/majapidamiskinnas-nitriil-nitrex-34cm-m-roheline-ktve80208\/#primaryimage"},"image":{"@id":"https:\/\/easystar.ee\/toode\/majapidamiskinnas-nitriil-nitrex-34cm-m-roheline-ktve80208\/#primaryimage"},"thumbnailUrl":"https:\/\/easystar.ee\/wp-content\/uploads\/2026\/05\/4015544266504.jpg","datePublished":"2024-05-30T16:55:13+00:00","dateModified":"2026-05-13T01:30:14+00:00","breadcrumb":{"@id":"https:\/\/easystar.ee\/toode\/majapidamiskinnas-nitriil-nitrex-34cm-m-roheline-ktve80208\/#breadcrumb"},"inLanguage":"ru-RU","potentialAction":[{"@type":"ReadAction","target":["https:\/\/easystar.ee\/toode\/majapidamiskinnas-nitriil-nitrex-34cm-m-roheline-ktve80208\/"]}]},{"@type":"ImageObject","inLanguage":"ru-RU","@id":"https:\/\/easystar.ee\/toode\/majapidamiskinnas-nitriil-nitrex-34cm-m-roheline-ktve80208\/#primaryimage","url":"https:\/\/easystar.ee\/wp-content\/uploads\/2026\/05\/4015544266504.jpg","contentUrl":"https:\/\/easystar.ee\/wp-content\/uploads\/2026\/05\/4015544266504.jpg","width":435,"height":493},{"@type":"BreadcrumbList","@id":"https:\/\/easystar.ee\/toode\/majapidamiskinnas-nitriil-nitrex-34cm-m-roheline-ktve80208\/#breadcrumb","itemListElement":[{"@type":"ListItem","position":1,"name":"Home","item":"https:\/\/easystar.ee\/ru\/"},{"@type":"ListItem","position":2,"name":"\u0422\u043e\u0432\u0430\u0440\u044b","item":"https:\/\/easystar.ee\/ru\/tovary\/"},{"@type":"ListItem","position":3,"name":"Majapidamiskinnas nitriil NITREX 34cm M roheline KTVE80208"}]},{"@type":"WebSite","@id":"https:\/\/easystar.ee\/#website","url":"https:\/\/easystar.ee\/","name":"Easystar.ee","description":"","publisher":{"@id":"https:\/\/easystar.ee\/#organization"},"alternateName":"Keskkonnas\u00f5bralikud pehmepaberitooted teie kontorisse","potentialAction":[{"@type":"SearchAction","target":{"@type":"EntryPoint","urlTemplate":"https:\/\/easystar.ee\/?s={search_term_string}"},"query-input":{"@type":"PropertyValueSpecification","valueRequired":true,"valueName":"search_term_string"}}],"inLanguage":"ru-RU"},{"@type":"Organization","@id":"https:\/\/easystar.ee\/#organization","name":"Easy Star O\u00dc","url":"https:\/\/easystar.ee\/","logo":{"@type":"ImageObject","inLanguage":"ru-RU","@id":"https:\/\/easystar.ee\/#\/schema\/logo\/image\/","url":"https:\/\/easystar.ee\/wp-content\/uploads\/2024\/03\/easystar-logo.svg","contentUrl":"https:\/\/easystar.ee\/wp-content\/uploads\/2024\/03\/easystar-logo.svg","width":2000,"height":2000,"caption":"Easy Star O\u00dc"},"image":{"@id":"https:\/\/easystar.ee\/#\/schema\/logo\/image\/"}}]}},"_links":{"self":[{"href":"https:\/\/easystar.ee\/ru\/wp-json\/wp\/v2\/product\/30722","targetHints":{"allow":["GET"]}}],"collection":[{"href":"https:\/\/easystar.ee\/ru\/wp-json\/wp\/v2\/product"}],"about":[{"href":"https:\/\/easystar.ee\/ru\/wp-json\/wp\/v2\/types\/product"}],"wp:featuredmedia":[{"embeddable":true,"href":"https:\/\/easystar.ee\/ru\/wp-json\/wp\/v2\/media\/68737"}],"wp:attachment":[{"href":"https:\/\/easystar.ee\/ru\/wp-json\/wp\/v2\/media?parent=30722"}],"wp:term":[{"taxonomy":"product_brand","embeddable":true,"href":"https:\/\/easystar.ee\/ru\/wp-json\/wp\/v2\/product_brand?post=30722"},{"taxonomy":"product_cat","embeddable":true,"href":"https:\/\/easystar.ee\/ru\/wp-json\/wp\/v2\/product_cat?post=30722"},{"taxonomy":"product_tag","embeddable":true,"href":"https:\/\/easystar.ee\/ru\/wp-json\/wp\/v2\/product_tag?post=30722"}],"curies":[{"name":"wp","href":"https:\/\/api.w.org\/{rel}","templated":true}]}}