{"id":30689,"date":"2024-05-30T16:55:05","date_gmt":"2024-05-30T16:55:05","guid":{"rendered":"https:\/\/easystar.ee\/toode\/cillit-bang-uldpuhastusvahend-bleachhygiene-750ml-k42542\/"},"modified":"2026-02-05T01:30:07","modified_gmt":"2026-02-05T01:30:07","slug":"cillit-bang-uldpuhastusvahend-bleachhygiene-750ml-k42542","status":"publish","type":"product","link":"https:\/\/easystar.ee\/ru\/toode\/cillit-bang-uldpuhastusvahend-bleachhygiene-750ml-k42542\/","title":{"rendered":"Cillit Bang \u00fcldpuhastusvahend bleach&#038;hygiene 750ml K42542"},"content":{"rendered":"","protected":false},"excerpt":{"rendered":"<p>Cillit Bang Power Cleaner Bleach &amp; Hygiene&#8217;i v\u00f5imsa puhastusj\u00f5uga h\u00e4vitate rasked plekid ja v\u00e4ldite pisikute levikut oma kodus! Elu v\u00f5ib olla kiire ja sageli pole Teil raskete plekkide n\u00fchkimiseks aega v\u00f5i energiat. Niisiis, n\u00fc\u00fcd ei peagi Te seda tegema. Meie unikaalse ja \u00fclis\u00e4rava vormeliga v\u00f5ite vaid j\u00e4lgida, kuidas rasked plekid lahustuvad otse teie silme all ja lisatud valgendaja tagab, et Teie keraamilised pinnad muutuvad s\u00e4ravvalgeks. See sobib meile peaaegu k\u00f5ikjal, maja sees ja sellest v\u00e4ljaspool &#8212; keraamilistest p\u00f5randaplaatidest ja t\u00f6\u00f6tasapindadest sise\u00f5u ja aiam\u00f6\u00f6blini. Koostis: alla 5%-i klooril p\u00f5hinevat pleegitusainet, alla 5%-i anioonseid ja mitteioonseid (minu arust on need \u00fcks ja sama?) pindaktiivseid aineid. L\u00f5hnaained, 100g kohta sisaldab 2.8g naatriumh\u00fcpokloritit Allergia alased soovitused: info allergeenide kohta on koostisosade loetelus rasvaselt tr\u00fckitud. P\u00f5hjustab tugevat silmade \u00e4rritust. P\u00f5hjustab naha \u00e4rritust. Hoiatus! Mitte kasutada koos teiste toodetega. V\u00f5ib vallandada ohtlike gaase (kloriini). Arsti poole p\u00f6\u00f6rdudes v\u00f5tta kaasa toote pakend v\u00f5i etikett. Hoida lastele k\u00e4ttesaamatus kohas.<br \/>\nHoiutingimused 5\u00b0C-30\u00b0C pH 12.2 kuni 13.2<\/p>\n","protected":false},"featured_media":30684,"template":"","meta":{"_acf_changed":false},"product_brand":[],"product_cat":[1831,1985],"product_tag":[],"class_list":{"0":"post-30689","1":"product","2":"type-product","3":"status-publish","4":"has-post-thumbnail","6":"product_cat-himija","7":"product_cat-shhelochnye-sredstva-kuhnya-tualet-truby","9":"first","10":"instock","11":"taxable","12":"shipping-taxable","13":"purchasable","14":"product-type-simple"},"acf":[],"yoast_head":"<!-- This site is optimized with the Yoast SEO plugin v27.3 - https:\/\/yoast.com\/product\/yoast-seo-wordpress\/ -->\n<title>Cillit Bang \u00fcldpuhastusvahend bleach&amp;hygiene 750ml K42542 &#8212; Easy Star O\u00dc<\/title>\n<meta name=\"robots\" content=\"index, follow, max-snippet:-1, max-image-preview:large, max-video-preview:-1\" \/>\n<link rel=\"canonical\" href=\"https:\/\/easystar.ee\/toode\/cillit-bang-uldpuhastusvahend-bleachhygiene-750ml-k42542\/\" \/>\n<meta property=\"og:locale\" content=\"ru_RU\" \/>\n<meta property=\"og:type\" content=\"article\" \/>\n<meta property=\"og:title\" content=\"Cillit Bang \u00fcldpuhastusvahend bleach&amp;hygiene 750ml K42542 &#8212; Easy Star O\u00dc\" \/>\n<meta property=\"og:description\" content=\"Cillit Bang Power Cleaner Bleach &amp; Hygiene&#039;i v\u00f5imsa puhastusj\u00f5uga h\u00e4vitate rasked plekid ja v\u00e4ldite pisikute levikut oma kodus! Elu v\u00f5ib olla kiire ja sageli pole Teil raskete plekkide n\u00fchkimiseks aega v\u00f5i energiat. Niisiis, n\u00fc\u00fcd ei peagi Te seda tegema. Meie unikaalse ja \u00fclis\u00e4rava vormeliga v\u00f5ite vaid j\u00e4lgida, kuidas rasked plekid lahustuvad otse teie silme all ja lisatud valgendaja tagab, et Teie keraamilised pinnad muutuvad s\u00e4ravvalgeks. See sobib meile peaaegu k\u00f5ikjal, maja sees ja sellest v\u00e4ljaspool - keraamilistest p\u00f5randaplaatidest ja t\u00f6\u00f6tasapindadest sise\u00f5u ja aiam\u00f6\u00f6blini. Koostis: alla 5%-i klooril p\u00f5hinevat pleegitusainet, alla 5%-i anioonseid ja mitteioonseid (minu arust on need \u00fcks ja sama?) pindaktiivseid aineid. L\u00f5hnaained, 100g kohta sisaldab 2.8g naatriumh\u00fcpokloritit Allergia alased soovitused: info allergeenide kohta on koostisosade loetelus rasvaselt tr\u00fckitud. P\u00f5hjustab tugevat silmade \u00e4rritust. P\u00f5hjustab naha \u00e4rritust. Hoiatus! Mitte kasutada koos teiste toodetega. V\u00f5ib vallandada ohtlike gaase (kloriini). Arsti poole p\u00f6\u00f6rdudes v\u00f5tta kaasa toote pakend v\u00f5i etikett. Hoida lastele k\u00e4ttesaamatus kohas. Hoiutingimused 5\u00b0C-30\u00b0C pH 12.2 kuni 13.2\" \/>\n<meta property=\"og:url\" content=\"https:\/\/easystar.ee\/toode\/cillit-bang-uldpuhastusvahend-bleachhygiene-750ml-k42542\/\" \/>\n<meta property=\"og:site_name\" content=\"Easy Star O\u00dc\" \/>\n<meta property=\"article:modified_time\" content=\"2026-02-05T01:30:07+00:00\" \/>\n<meta property=\"og:image\" content=\"https:\/\/easystar.ee\/wp-content\/uploads\/2024\/05\/15900627056638.jpg\" \/>\n\t<meta property=\"og:image:width\" content=\"254\" \/>\n\t<meta property=\"og:image:height\" content=\"545\" \/>\n\t<meta property=\"og:image:type\" content=\"image\/jpeg\" \/>\n<meta name=\"twitter:card\" content=\"summary_large_image\" \/>\n<script type=\"application\/ld+json\" class=\"yoast-schema-graph\">{\"@context\":\"https:\\\/\\\/schema.org\",\"@graph\":[{\"@type\":\"WebPage\",\"@id\":\"https:\\\/\\\/easystar.ee\\\/toode\\\/cillit-bang-uldpuhastusvahend-bleachhygiene-750ml-k42542\\\/\",\"url\":\"https:\\\/\\\/easystar.ee\\\/toode\\\/cillit-bang-uldpuhastusvahend-bleachhygiene-750ml-k42542\\\/\",\"name\":\"Cillit Bang \u00fcldpuhastusvahend bleach&hygiene 750ml K42542 &#8212; Easy Star O\u00dc\",\"isPartOf\":{\"@id\":\"https:\\\/\\\/easystar.ee\\\/#website\"},\"primaryImageOfPage\":{\"@id\":\"https:\\\/\\\/easystar.ee\\\/toode\\\/cillit-bang-uldpuhastusvahend-bleachhygiene-750ml-k42542\\\/#primaryimage\"},\"image\":{\"@id\":\"https:\\\/\\\/easystar.ee\\\/toode\\\/cillit-bang-uldpuhastusvahend-bleachhygiene-750ml-k42542\\\/#primaryimage\"},\"thumbnailUrl\":\"https:\\\/\\\/easystar.ee\\\/wp-content\\\/uploads\\\/2024\\\/05\\\/15900627056638.jpg\",\"datePublished\":\"2024-05-30T16:55:05+00:00\",\"dateModified\":\"2026-02-05T01:30:07+00:00\",\"breadcrumb\":{\"@id\":\"https:\\\/\\\/easystar.ee\\\/toode\\\/cillit-bang-uldpuhastusvahend-bleachhygiene-750ml-k42542\\\/#breadcrumb\"},\"inLanguage\":\"ru-RU\",\"potentialAction\":[{\"@type\":\"ReadAction\",\"target\":[\"https:\\\/\\\/easystar.ee\\\/toode\\\/cillit-bang-uldpuhastusvahend-bleachhygiene-750ml-k42542\\\/\"]}]},{\"@type\":\"ImageObject\",\"inLanguage\":\"ru-RU\",\"@id\":\"https:\\\/\\\/easystar.ee\\\/toode\\\/cillit-bang-uldpuhastusvahend-bleachhygiene-750ml-k42542\\\/#primaryimage\",\"url\":\"https:\\\/\\\/easystar.ee\\\/wp-content\\\/uploads\\\/2024\\\/05\\\/15900627056638.jpg\",\"contentUrl\":\"https:\\\/\\\/easystar.ee\\\/wp-content\\\/uploads\\\/2024\\\/05\\\/15900627056638.jpg\",\"width\":254,\"height\":545},{\"@type\":\"BreadcrumbList\",\"@id\":\"https:\\\/\\\/easystar.ee\\\/toode\\\/cillit-bang-uldpuhastusvahend-bleachhygiene-750ml-k42542\\\/#breadcrumb\",\"itemListElement\":[{\"@type\":\"ListItem\",\"position\":1,\"name\":\"Home\",\"item\":\"https:\\\/\\\/easystar.ee\\\/ru\\\/\"},{\"@type\":\"ListItem\",\"position\":2,\"name\":\"\u0422\u043e\u0432\u0430\u0440\u044b\",\"item\":\"https:\\\/\\\/easystar.ee\\\/ru\\\/tovary\\\/\"},{\"@type\":\"ListItem\",\"position\":3,\"name\":\"Cillit Bang \u00fcldpuhastusvahend bleach&#038;hygiene 750ml K42542\"}]},{\"@type\":\"WebSite\",\"@id\":\"https:\\\/\\\/easystar.ee\\\/#website\",\"url\":\"https:\\\/\\\/easystar.ee\\\/\",\"name\":\"Easystar.ee\",\"description\":\"\",\"publisher\":{\"@id\":\"https:\\\/\\\/easystar.ee\\\/#organization\"},\"alternateName\":\"Keskkonnas\u00f5bralikud pehmepaberitooted teie kontorisse\",\"potentialAction\":[{\"@type\":\"SearchAction\",\"target\":{\"@type\":\"EntryPoint\",\"urlTemplate\":\"https:\\\/\\\/easystar.ee\\\/?s={search_term_string}\"},\"query-input\":{\"@type\":\"PropertyValueSpecification\",\"valueRequired\":true,\"valueName\":\"search_term_string\"}}],\"inLanguage\":\"ru-RU\"},{\"@type\":\"Organization\",\"@id\":\"https:\\\/\\\/easystar.ee\\\/#organization\",\"name\":\"Easy Star O\u00dc\",\"url\":\"https:\\\/\\\/easystar.ee\\\/\",\"logo\":{\"@type\":\"ImageObject\",\"inLanguage\":\"ru-RU\",\"@id\":\"https:\\\/\\\/easystar.ee\\\/#\\\/schema\\\/logo\\\/image\\\/\",\"url\":\"https:\\\/\\\/easystar.ee\\\/wp-content\\\/uploads\\\/2024\\\/03\\\/easystar-logo.svg\",\"contentUrl\":\"https:\\\/\\\/easystar.ee\\\/wp-content\\\/uploads\\\/2024\\\/03\\\/easystar-logo.svg\",\"width\":2000,\"height\":2000,\"caption\":\"Easy Star O\u00dc\"},\"image\":{\"@id\":\"https:\\\/\\\/easystar.ee\\\/#\\\/schema\\\/logo\\\/image\\\/\"}}]}<\/script>\n<!-- \/ Yoast SEO plugin. -->","yoast_head_json":{"title":"Cillit Bang \u00fcldpuhastusvahend bleach&hygiene 750ml K42542 &#8212; Easy Star O\u00dc","robots":{"index":"index","follow":"follow","max-snippet":"max-snippet:-1","max-image-preview":"max-image-preview:large","max-video-preview":"max-video-preview:-1"},"canonical":"https:\/\/easystar.ee\/toode\/cillit-bang-uldpuhastusvahend-bleachhygiene-750ml-k42542\/","og_locale":"ru_RU","og_type":"article","og_title":"Cillit Bang \u00fcldpuhastusvahend bleach&hygiene 750ml K42542 &#8212; Easy Star O\u00dc","og_description":"Cillit Bang Power Cleaner Bleach &amp; Hygiene'i v\u00f5imsa puhastusj\u00f5uga h\u00e4vitate rasked plekid ja v\u00e4ldite pisikute levikut oma kodus! Elu v\u00f5ib olla kiire ja sageli pole Teil raskete plekkide n\u00fchkimiseks aega v\u00f5i energiat. Niisiis, n\u00fc\u00fcd ei peagi Te seda tegema. Meie unikaalse ja \u00fclis\u00e4rava vormeliga v\u00f5ite vaid j\u00e4lgida, kuidas rasked plekid lahustuvad otse teie silme all ja lisatud valgendaja tagab, et Teie keraamilised pinnad muutuvad s\u00e4ravvalgeks. See sobib meile peaaegu k\u00f5ikjal, maja sees ja sellest v\u00e4ljaspool - keraamilistest p\u00f5randaplaatidest ja t\u00f6\u00f6tasapindadest sise\u00f5u ja aiam\u00f6\u00f6blini. Koostis: alla 5%-i klooril p\u00f5hinevat pleegitusainet, alla 5%-i anioonseid ja mitteioonseid (minu arust on need \u00fcks ja sama?) pindaktiivseid aineid. L\u00f5hnaained, 100g kohta sisaldab 2.8g naatriumh\u00fcpokloritit Allergia alased soovitused: info allergeenide kohta on koostisosade loetelus rasvaselt tr\u00fckitud. P\u00f5hjustab tugevat silmade \u00e4rritust. P\u00f5hjustab naha \u00e4rritust. Hoiatus! Mitte kasutada koos teiste toodetega. V\u00f5ib vallandada ohtlike gaase (kloriini). Arsti poole p\u00f6\u00f6rdudes v\u00f5tta kaasa toote pakend v\u00f5i etikett. Hoida lastele k\u00e4ttesaamatus kohas. Hoiutingimused 5\u00b0C-30\u00b0C pH 12.2 kuni 13.2","og_url":"https:\/\/easystar.ee\/toode\/cillit-bang-uldpuhastusvahend-bleachhygiene-750ml-k42542\/","og_site_name":"Easy Star O\u00dc","article_modified_time":"2026-02-05T01:30:07+00:00","og_image":[{"width":254,"height":545,"url":"https:\/\/easystar.ee\/wp-content\/uploads\/2024\/05\/15900627056638.jpg","type":"image\/jpeg"}],"twitter_card":"summary_large_image","schema":{"@context":"https:\/\/schema.org","@graph":[{"@type":"WebPage","@id":"https:\/\/easystar.ee\/toode\/cillit-bang-uldpuhastusvahend-bleachhygiene-750ml-k42542\/","url":"https:\/\/easystar.ee\/toode\/cillit-bang-uldpuhastusvahend-bleachhygiene-750ml-k42542\/","name":"Cillit Bang \u00fcldpuhastusvahend bleach&hygiene 750ml K42542 &#8212; Easy Star O\u00dc","isPartOf":{"@id":"https:\/\/easystar.ee\/#website"},"primaryImageOfPage":{"@id":"https:\/\/easystar.ee\/toode\/cillit-bang-uldpuhastusvahend-bleachhygiene-750ml-k42542\/#primaryimage"},"image":{"@id":"https:\/\/easystar.ee\/toode\/cillit-bang-uldpuhastusvahend-bleachhygiene-750ml-k42542\/#primaryimage"},"thumbnailUrl":"https:\/\/easystar.ee\/wp-content\/uploads\/2024\/05\/15900627056638.jpg","datePublished":"2024-05-30T16:55:05+00:00","dateModified":"2026-02-05T01:30:07+00:00","breadcrumb":{"@id":"https:\/\/easystar.ee\/toode\/cillit-bang-uldpuhastusvahend-bleachhygiene-750ml-k42542\/#breadcrumb"},"inLanguage":"ru-RU","potentialAction":[{"@type":"ReadAction","target":["https:\/\/easystar.ee\/toode\/cillit-bang-uldpuhastusvahend-bleachhygiene-750ml-k42542\/"]}]},{"@type":"ImageObject","inLanguage":"ru-RU","@id":"https:\/\/easystar.ee\/toode\/cillit-bang-uldpuhastusvahend-bleachhygiene-750ml-k42542\/#primaryimage","url":"https:\/\/easystar.ee\/wp-content\/uploads\/2024\/05\/15900627056638.jpg","contentUrl":"https:\/\/easystar.ee\/wp-content\/uploads\/2024\/05\/15900627056638.jpg","width":254,"height":545},{"@type":"BreadcrumbList","@id":"https:\/\/easystar.ee\/toode\/cillit-bang-uldpuhastusvahend-bleachhygiene-750ml-k42542\/#breadcrumb","itemListElement":[{"@type":"ListItem","position":1,"name":"Home","item":"https:\/\/easystar.ee\/ru\/"},{"@type":"ListItem","position":2,"name":"\u0422\u043e\u0432\u0430\u0440\u044b","item":"https:\/\/easystar.ee\/ru\/tovary\/"},{"@type":"ListItem","position":3,"name":"Cillit Bang \u00fcldpuhastusvahend bleach&#038;hygiene 750ml K42542"}]},{"@type":"WebSite","@id":"https:\/\/easystar.ee\/#website","url":"https:\/\/easystar.ee\/","name":"Easystar.ee","description":"","publisher":{"@id":"https:\/\/easystar.ee\/#organization"},"alternateName":"Keskkonnas\u00f5bralikud pehmepaberitooted teie kontorisse","potentialAction":[{"@type":"SearchAction","target":{"@type":"EntryPoint","urlTemplate":"https:\/\/easystar.ee\/?s={search_term_string}"},"query-input":{"@type":"PropertyValueSpecification","valueRequired":true,"valueName":"search_term_string"}}],"inLanguage":"ru-RU"},{"@type":"Organization","@id":"https:\/\/easystar.ee\/#organization","name":"Easy Star O\u00dc","url":"https:\/\/easystar.ee\/","logo":{"@type":"ImageObject","inLanguage":"ru-RU","@id":"https:\/\/easystar.ee\/#\/schema\/logo\/image\/","url":"https:\/\/easystar.ee\/wp-content\/uploads\/2024\/03\/easystar-logo.svg","contentUrl":"https:\/\/easystar.ee\/wp-content\/uploads\/2024\/03\/easystar-logo.svg","width":2000,"height":2000,"caption":"Easy Star O\u00dc"},"image":{"@id":"https:\/\/easystar.ee\/#\/schema\/logo\/image\/"}}]}},"_links":{"self":[{"href":"https:\/\/easystar.ee\/ru\/wp-json\/wp\/v2\/product\/30689","targetHints":{"allow":["GET"]}}],"collection":[{"href":"https:\/\/easystar.ee\/ru\/wp-json\/wp\/v2\/product"}],"about":[{"href":"https:\/\/easystar.ee\/ru\/wp-json\/wp\/v2\/types\/product"}],"wp:featuredmedia":[{"embeddable":true,"href":"https:\/\/easystar.ee\/ru\/wp-json\/wp\/v2\/media\/30684"}],"wp:attachment":[{"href":"https:\/\/easystar.ee\/ru\/wp-json\/wp\/v2\/media?parent=30689"}],"wp:term":[{"taxonomy":"product_brand","embeddable":true,"href":"https:\/\/easystar.ee\/ru\/wp-json\/wp\/v2\/product_brand?post=30689"},{"taxonomy":"product_cat","embeddable":true,"href":"https:\/\/easystar.ee\/ru\/wp-json\/wp\/v2\/product_cat?post=30689"},{"taxonomy":"product_tag","embeddable":true,"href":"https:\/\/easystar.ee\/ru\/wp-json\/wp\/v2\/product_tag?post=30689"}],"curies":[{"name":"wp","href":"https:\/\/api.w.org\/{rel}","templated":true}]}}