{"id":30614,"date":"2024-05-30T16:54:39","date_gmt":"2024-05-30T16:54:39","guid":{"rendered":"https:\/\/easystar.ee\/toode\/speedy-mopp-40cm-mikro-poluester-puuvill-narmastega-kt3286\/"},"modified":"2025-10-30T01:32:36","modified_gmt":"2025-10-30T01:32:36","slug":"speedy-mopp-40cm-mikro-poluester-puuvill-narmastega-kt3286","status":"publish","type":"product","link":"https:\/\/easystar.ee\/ru\/toode\/speedy-mopp-40cm-mikro-poluester-puuvill-narmastega-kt3286\/","title":{"rendered":"Speedy mopp 40cm mikro-pol\u00fcester-puuvill narmastega KT3286"},"content":{"rendered":"","protected":false},"excerpt":{"rendered":"<p>Kombineeritud materjalidega aasaline mopp. M\u00e4rjaks ja niiskeks pesuks. Sobib pressida l\u00f5ugpressi, rullpressi ja plaatpressiga. Mopp kinnitub klambritega aluse k\u00fclge. Ideaalne mis tahes pinnale ja igasuguse mustuse jaoks t\u00e4nu kolme kiu kombinatsioonile: puuvill selle imavuse jaoks, mikrokiud mustuse kogumisj\u00f5u jaoks ja pol\u00fcester rasvase mustuse ja v\u00e4hese h\u00f5\u00f5rdev\u00f5imega.<\/p>\n","protected":false},"featured_media":30612,"template":"","meta":{"_acf_changed":false},"product_brand":[],"product_cat":[1879,1840],"product_tag":[],"class_list":{"0":"post-30614","1":"product","2":"type-product","3":"status-publish","4":"has-post-thumbnail","6":"product_cat-mopy","7":"product_cat-prinadlezhnosti-dlya-uborki-kt","9":"first","10":"instock","11":"taxable","12":"shipping-taxable","13":"purchasable","14":"product-type-simple"},"acf":[],"yoast_head":"<!-- This site is optimized with the Yoast SEO plugin v27.5 - https:\/\/yoast.com\/product\/yoast-seo-wordpress\/ -->\n<title>Speedy mopp 40cm mikro-pol\u00fcester-puuvill narmastega KT3286 &#8212; Easy Star O\u00dc<\/title>\n<meta name=\"robots\" content=\"index, follow, max-snippet:-1, max-image-preview:large, max-video-preview:-1\" \/>\n<link rel=\"canonical\" href=\"https:\/\/easystar.ee\/ru\/toode\/speedy-mopp-40cm-mikro-poluester-puuvill-narmastega-kt3286\/\" \/>\n<meta property=\"og:locale\" content=\"ru_RU\" \/>\n<meta property=\"og:type\" content=\"article\" \/>\n<meta property=\"og:title\" content=\"Speedy mopp 40cm mikro-pol\u00fcester-puuvill narmastega KT3286 &#8212; Easy Star O\u00dc\" \/>\n<meta property=\"og:description\" content=\"Kombineeritud materjalidega aasaline mopp. M\u00e4rjaks ja niiskeks pesuks. Sobib pressida l\u00f5ugpressi, rullpressi ja plaatpressiga. Mopp kinnitub klambritega aluse k\u00fclge. Ideaalne mis tahes pinnale ja igasuguse mustuse jaoks t\u00e4nu kolme kiu kombinatsioonile: puuvill selle imavuse jaoks, mikrokiud mustuse kogumisj\u00f5u jaoks ja pol\u00fcester rasvase mustuse ja v\u00e4hese h\u00f5\u00f5rdev\u00f5imega.\" \/>\n<meta property=\"og:url\" content=\"https:\/\/easystar.ee\/ru\/toode\/speedy-mopp-40cm-mikro-poluester-puuvill-narmastega-kt3286\/\" \/>\n<meta property=\"og:site_name\" content=\"Easy Star O\u00dc\" \/>\n<meta property=\"article:modified_time\" content=\"2025-10-30T01:32:36+00:00\" \/>\n<meta property=\"og:image\" content=\"https:\/\/easystar.ee\/wp-content\/uploads\/2024\/05\/3286.jpg\" \/>\n\t<meta property=\"og:image:width\" content=\"500\" \/>\n\t<meta property=\"og:image:height\" content=\"500\" \/>\n\t<meta property=\"og:image:type\" content=\"image\/jpeg\" \/>\n<meta name=\"twitter:card\" content=\"summary_large_image\" \/>\n<script type=\"application\/ld+json\" class=\"yoast-schema-graph\">{\"@context\":\"https:\\\/\\\/schema.org\",\"@graph\":[{\"@type\":\"WebPage\",\"@id\":\"https:\\\/\\\/easystar.ee\\\/ru\\\/toode\\\/speedy-mopp-40cm-mikro-poluester-puuvill-narmastega-kt3286\\\/\",\"url\":\"https:\\\/\\\/easystar.ee\\\/ru\\\/toode\\\/speedy-mopp-40cm-mikro-poluester-puuvill-narmastega-kt3286\\\/\",\"name\":\"Speedy mopp 40cm mikro-pol\u00fcester-puuvill narmastega KT3286 &#8212; Easy Star O\u00dc\",\"isPartOf\":{\"@id\":\"https:\\\/\\\/easystar.ee\\\/#website\"},\"primaryImageOfPage\":{\"@id\":\"https:\\\/\\\/easystar.ee\\\/ru\\\/toode\\\/speedy-mopp-40cm-mikro-poluester-puuvill-narmastega-kt3286\\\/#primaryimage\"},\"image\":{\"@id\":\"https:\\\/\\\/easystar.ee\\\/ru\\\/toode\\\/speedy-mopp-40cm-mikro-poluester-puuvill-narmastega-kt3286\\\/#primaryimage\"},\"thumbnailUrl\":\"https:\\\/\\\/easystar.ee\\\/wp-content\\\/uploads\\\/2024\\\/05\\\/3286.jpg\",\"datePublished\":\"2024-05-30T16:54:39+00:00\",\"dateModified\":\"2025-10-30T01:32:36+00:00\",\"breadcrumb\":{\"@id\":\"https:\\\/\\\/easystar.ee\\\/ru\\\/toode\\\/speedy-mopp-40cm-mikro-poluester-puuvill-narmastega-kt3286\\\/#breadcrumb\"},\"inLanguage\":\"ru-RU\",\"potentialAction\":[{\"@type\":\"ReadAction\",\"target\":[\"https:\\\/\\\/easystar.ee\\\/ru\\\/toode\\\/speedy-mopp-40cm-mikro-poluester-puuvill-narmastega-kt3286\\\/\"]}]},{\"@type\":\"ImageObject\",\"inLanguage\":\"ru-RU\",\"@id\":\"https:\\\/\\\/easystar.ee\\\/ru\\\/toode\\\/speedy-mopp-40cm-mikro-poluester-puuvill-narmastega-kt3286\\\/#primaryimage\",\"url\":\"https:\\\/\\\/easystar.ee\\\/wp-content\\\/uploads\\\/2024\\\/05\\\/3286.jpg\",\"contentUrl\":\"https:\\\/\\\/easystar.ee\\\/wp-content\\\/uploads\\\/2024\\\/05\\\/3286.jpg\",\"width\":500,\"height\":500},{\"@type\":\"BreadcrumbList\",\"@id\":\"https:\\\/\\\/easystar.ee\\\/ru\\\/toode\\\/speedy-mopp-40cm-mikro-poluester-puuvill-narmastega-kt3286\\\/#breadcrumb\",\"itemListElement\":[{\"@type\":\"ListItem\",\"position\":1,\"name\":\"Home\",\"item\":\"https:\\\/\\\/easystar.ee\\\/ru\\\/\"},{\"@type\":\"ListItem\",\"position\":2,\"name\":\"\u0422\u043e\u0432\u0430\u0440\u044b\",\"item\":\"https:\\\/\\\/easystar.ee\\\/ru\\\/tovary\\\/\"},{\"@type\":\"ListItem\",\"position\":3,\"name\":\"Speedy mopp 40cm mikro-pol\u00fcester-puuvill narmastega KT3286\"}]},{\"@type\":\"WebSite\",\"@id\":\"https:\\\/\\\/easystar.ee\\\/#website\",\"url\":\"https:\\\/\\\/easystar.ee\\\/\",\"name\":\"Easystar.ee\",\"description\":\"\",\"publisher\":{\"@id\":\"https:\\\/\\\/easystar.ee\\\/#organization\"},\"alternateName\":\"Keskkonnas\u00f5bralikud pehmepaberitooted teie kontorisse\",\"potentialAction\":[{\"@type\":\"SearchAction\",\"target\":{\"@type\":\"EntryPoint\",\"urlTemplate\":\"https:\\\/\\\/easystar.ee\\\/?s={search_term_string}\"},\"query-input\":{\"@type\":\"PropertyValueSpecification\",\"valueRequired\":true,\"valueName\":\"search_term_string\"}}],\"inLanguage\":\"ru-RU\"},{\"@type\":\"Organization\",\"@id\":\"https:\\\/\\\/easystar.ee\\\/#organization\",\"name\":\"Easy Star O\u00dc\",\"url\":\"https:\\\/\\\/easystar.ee\\\/\",\"logo\":{\"@type\":\"ImageObject\",\"inLanguage\":\"ru-RU\",\"@id\":\"https:\\\/\\\/easystar.ee\\\/#\\\/schema\\\/logo\\\/image\\\/\",\"url\":\"https:\\\/\\\/easystar.ee\\\/wp-content\\\/uploads\\\/2024\\\/03\\\/easystar-logo.svg\",\"contentUrl\":\"https:\\\/\\\/easystar.ee\\\/wp-content\\\/uploads\\\/2024\\\/03\\\/easystar-logo.svg\",\"width\":2000,\"height\":2000,\"caption\":\"Easy Star O\u00dc\"},\"image\":{\"@id\":\"https:\\\/\\\/easystar.ee\\\/#\\\/schema\\\/logo\\\/image\\\/\"}}]}<\/script>\n<!-- \/ Yoast SEO plugin. -->","yoast_head_json":{"title":"Speedy mopp 40cm mikro-pol\u00fcester-puuvill narmastega KT3286 &#8212; Easy Star O\u00dc","robots":{"index":"index","follow":"follow","max-snippet":"max-snippet:-1","max-image-preview":"max-image-preview:large","max-video-preview":"max-video-preview:-1"},"canonical":"https:\/\/easystar.ee\/ru\/toode\/speedy-mopp-40cm-mikro-poluester-puuvill-narmastega-kt3286\/","og_locale":"ru_RU","og_type":"article","og_title":"Speedy mopp 40cm mikro-pol\u00fcester-puuvill narmastega KT3286 &#8212; Easy Star O\u00dc","og_description":"Kombineeritud materjalidega aasaline mopp. M\u00e4rjaks ja niiskeks pesuks. Sobib pressida l\u00f5ugpressi, rullpressi ja plaatpressiga. Mopp kinnitub klambritega aluse k\u00fclge. Ideaalne mis tahes pinnale ja igasuguse mustuse jaoks t\u00e4nu kolme kiu kombinatsioonile: puuvill selle imavuse jaoks, mikrokiud mustuse kogumisj\u00f5u jaoks ja pol\u00fcester rasvase mustuse ja v\u00e4hese h\u00f5\u00f5rdev\u00f5imega.","og_url":"https:\/\/easystar.ee\/ru\/toode\/speedy-mopp-40cm-mikro-poluester-puuvill-narmastega-kt3286\/","og_site_name":"Easy Star O\u00dc","article_modified_time":"2025-10-30T01:32:36+00:00","og_image":[{"width":500,"height":500,"url":"https:\/\/easystar.ee\/wp-content\/uploads\/2024\/05\/3286.jpg","type":"image\/jpeg"}],"twitter_card":"summary_large_image","schema":{"@context":"https:\/\/schema.org","@graph":[{"@type":"WebPage","@id":"https:\/\/easystar.ee\/ru\/toode\/speedy-mopp-40cm-mikro-poluester-puuvill-narmastega-kt3286\/","url":"https:\/\/easystar.ee\/ru\/toode\/speedy-mopp-40cm-mikro-poluester-puuvill-narmastega-kt3286\/","name":"Speedy mopp 40cm mikro-pol\u00fcester-puuvill narmastega KT3286 &#8212; Easy Star O\u00dc","isPartOf":{"@id":"https:\/\/easystar.ee\/#website"},"primaryImageOfPage":{"@id":"https:\/\/easystar.ee\/ru\/toode\/speedy-mopp-40cm-mikro-poluester-puuvill-narmastega-kt3286\/#primaryimage"},"image":{"@id":"https:\/\/easystar.ee\/ru\/toode\/speedy-mopp-40cm-mikro-poluester-puuvill-narmastega-kt3286\/#primaryimage"},"thumbnailUrl":"https:\/\/easystar.ee\/wp-content\/uploads\/2024\/05\/3286.jpg","datePublished":"2024-05-30T16:54:39+00:00","dateModified":"2025-10-30T01:32:36+00:00","breadcrumb":{"@id":"https:\/\/easystar.ee\/ru\/toode\/speedy-mopp-40cm-mikro-poluester-puuvill-narmastega-kt3286\/#breadcrumb"},"inLanguage":"ru-RU","potentialAction":[{"@type":"ReadAction","target":["https:\/\/easystar.ee\/ru\/toode\/speedy-mopp-40cm-mikro-poluester-puuvill-narmastega-kt3286\/"]}]},{"@type":"ImageObject","inLanguage":"ru-RU","@id":"https:\/\/easystar.ee\/ru\/toode\/speedy-mopp-40cm-mikro-poluester-puuvill-narmastega-kt3286\/#primaryimage","url":"https:\/\/easystar.ee\/wp-content\/uploads\/2024\/05\/3286.jpg","contentUrl":"https:\/\/easystar.ee\/wp-content\/uploads\/2024\/05\/3286.jpg","width":500,"height":500},{"@type":"BreadcrumbList","@id":"https:\/\/easystar.ee\/ru\/toode\/speedy-mopp-40cm-mikro-poluester-puuvill-narmastega-kt3286\/#breadcrumb","itemListElement":[{"@type":"ListItem","position":1,"name":"Home","item":"https:\/\/easystar.ee\/ru\/"},{"@type":"ListItem","position":2,"name":"\u0422\u043e\u0432\u0430\u0440\u044b","item":"https:\/\/easystar.ee\/ru\/tovary\/"},{"@type":"ListItem","position":3,"name":"Speedy mopp 40cm mikro-pol\u00fcester-puuvill narmastega KT3286"}]},{"@type":"WebSite","@id":"https:\/\/easystar.ee\/#website","url":"https:\/\/easystar.ee\/","name":"Easystar.ee","description":"","publisher":{"@id":"https:\/\/easystar.ee\/#organization"},"alternateName":"Keskkonnas\u00f5bralikud pehmepaberitooted teie kontorisse","potentialAction":[{"@type":"SearchAction","target":{"@type":"EntryPoint","urlTemplate":"https:\/\/easystar.ee\/?s={search_term_string}"},"query-input":{"@type":"PropertyValueSpecification","valueRequired":true,"valueName":"search_term_string"}}],"inLanguage":"ru-RU"},{"@type":"Organization","@id":"https:\/\/easystar.ee\/#organization","name":"Easy Star O\u00dc","url":"https:\/\/easystar.ee\/","logo":{"@type":"ImageObject","inLanguage":"ru-RU","@id":"https:\/\/easystar.ee\/#\/schema\/logo\/image\/","url":"https:\/\/easystar.ee\/wp-content\/uploads\/2024\/03\/easystar-logo.svg","contentUrl":"https:\/\/easystar.ee\/wp-content\/uploads\/2024\/03\/easystar-logo.svg","width":2000,"height":2000,"caption":"Easy Star O\u00dc"},"image":{"@id":"https:\/\/easystar.ee\/#\/schema\/logo\/image\/"}}]}},"_links":{"self":[{"href":"https:\/\/easystar.ee\/ru\/wp-json\/wp\/v2\/product\/30614","targetHints":{"allow":["GET"]}}],"collection":[{"href":"https:\/\/easystar.ee\/ru\/wp-json\/wp\/v2\/product"}],"about":[{"href":"https:\/\/easystar.ee\/ru\/wp-json\/wp\/v2\/types\/product"}],"wp:featuredmedia":[{"embeddable":true,"href":"https:\/\/easystar.ee\/ru\/wp-json\/wp\/v2\/media\/30612"}],"wp:attachment":[{"href":"https:\/\/easystar.ee\/ru\/wp-json\/wp\/v2\/media?parent=30614"}],"wp:term":[{"taxonomy":"product_brand","embeddable":true,"href":"https:\/\/easystar.ee\/ru\/wp-json\/wp\/v2\/product_brand?post=30614"},{"taxonomy":"product_cat","embeddable":true,"href":"https:\/\/easystar.ee\/ru\/wp-json\/wp\/v2\/product_cat?post=30614"},{"taxonomy":"product_tag","embeddable":true,"href":"https:\/\/easystar.ee\/ru\/wp-json\/wp\/v2\/product_tag?post=30614"}],"curies":[{"name":"wp","href":"https:\/\/api.w.org\/{rel}","templated":true}]}}