{"id":29951,"date":"2024-05-30T16:47:30","date_gmt":"2024-05-30T16:47:30","guid":{"rendered":"https:\/\/easystar.ee\/toode\/oliste-kate-puh-vahend-0-5l-pumbaga-kf192\/"},"modified":"2026-02-17T01:30:20","modified_gmt":"2026-02-17T01:30:20","slug":"oliste-kate-puh-vahend-0-5l-pumbaga-o13407-kf192","status":"publish","type":"product","link":"https:\/\/easystar.ee\/ru\/toode\/oliste-kate-puh-vahend-0-5l-pumbaga-o13407-kf192\/","title":{"rendered":"\u00d5liste k\u00e4te puh.vahend 0.5L pumbaga (O13407) KF192"},"content":{"rendered":"","protected":false},"excerpt":{"rendered":"<p>\u00d5liste k\u00e4te puhastusvahend pH 7-8<br \/>\nTugevasti m\u00e4\u00e4rdunud k\u00e4te puhastamiseks. Eemaldab \u00f5li, rasva jm. mustuse. Sisaldab 5-15% mitteionogeenseid pindaktiivseis aineid, 5-15% katioonseid pindaktiivseid aineid, prop\u00fcleengl\u00fckooli, konservanti, l\u00f5hna- ja v\u00e4rvainet. Kasutamine: vahend h\u00f5\u00f5ruda k\u00e4tele ja seej\u00e4rel loputada veega.<br \/>\nPakend: 0,5l pumbaga pudel ja 5l kanister.<br \/>\nKoostisosad: Aqua, Sodium Laureth Sulfate, Glycerin, C9-11 pareth 8, Cocamide DEA, Sodium Chloride, -2.2\u00b4-iminodiethanol, Citric acid, 2-bromo-2- nitropropane-1.3-diol, Methylchloroisothiazolinone, Methylisothiazolinone, d-limonene, Citral, Hexyl cinnamal, V\u00e4rvaine E-102\/E124<\/p>\n","protected":false},"featured_media":39476,"template":"","meta":{"_acf_changed":false},"product_brand":[],"product_cat":[1832,1831],"product_tag":[],"class_list":{"0":"post-29951","1":"product","2":"type-product","3":"status-publish","4":"has-post-thumbnail","6":"product_cat-mylo","7":"product_cat-himija","9":"first","10":"instock","11":"taxable","12":"shipping-taxable","13":"purchasable","14":"product-type-simple"},"acf":[],"yoast_head":"<!-- This site is optimized with the Yoast SEO plugin v27.3 - https:\/\/yoast.com\/product\/yoast-seo-wordpress\/ -->\n<title>\u00d5liste k\u00e4te puh.vahend 0.5L pumbaga (O13407) KF192 &#8212; Easy Star O\u00dc<\/title>\n<meta name=\"robots\" content=\"index, follow, max-snippet:-1, max-image-preview:large, max-video-preview:-1\" \/>\n<link rel=\"canonical\" href=\"https:\/\/easystar.ee\/toode\/oliste-kate-puh-vahend-0-5l-pumbaga-o13407-kf192\/\" \/>\n<meta property=\"og:locale\" content=\"ru_RU\" \/>\n<meta property=\"og:type\" content=\"article\" \/>\n<meta property=\"og:title\" content=\"\u00d5liste k\u00e4te puh.vahend 0.5L pumbaga (O13407) KF192 &#8212; Easy Star O\u00dc\" \/>\n<meta property=\"og:description\" content=\"\u00d5liste k\u00e4te puhastusvahend pH 7-8 Tugevasti m\u00e4\u00e4rdunud k\u00e4te puhastamiseks. Eemaldab \u00f5li, rasva jm. mustuse. Sisaldab 5-15% mitteionogeenseid pindaktiivseis aineid, 5-15% katioonseid pindaktiivseid aineid, prop\u00fcleengl\u00fckooli, konservanti, l\u00f5hna- ja v\u00e4rvainet. Kasutamine: vahend h\u00f5\u00f5ruda k\u00e4tele ja seej\u00e4rel loputada veega. Pakend: 0,5l pumbaga pudel ja 5l kanister. Koostisosad: Aqua, Sodium Laureth Sulfate, Glycerin, C9-11 pareth 8, Cocamide DEA, Sodium Chloride, -2.2\u00b4-iminodiethanol, Citric acid, 2-bromo-2- nitropropane-1.3-diol, Methylchloroisothiazolinone, Methylisothiazolinone, d-limonene, Citral, Hexyl cinnamal, V\u00e4rvaine E-102\/E124\" \/>\n<meta property=\"og:url\" content=\"https:\/\/easystar.ee\/toode\/oliste-kate-puh-vahend-0-5l-pumbaga-o13407-kf192\/\" \/>\n<meta property=\"og:site_name\" content=\"Easy Star O\u00dc\" \/>\n<meta property=\"article:modified_time\" content=\"2026-02-17T01:30:20+00:00\" \/>\n<meta property=\"og:image\" content=\"https:\/\/easystar.ee\/wp-content\/uploads\/2024\/06\/4740244011726.jpg\" \/>\n\t<meta property=\"og:image:width\" content=\"295\" \/>\n\t<meta property=\"og:image:height\" content=\"509\" \/>\n\t<meta property=\"og:image:type\" content=\"image\/jpeg\" \/>\n<meta name=\"twitter:card\" content=\"summary_large_image\" \/>\n<script type=\"application\/ld+json\" class=\"yoast-schema-graph\">{\"@context\":\"https:\\\/\\\/schema.org\",\"@graph\":[{\"@type\":\"WebPage\",\"@id\":\"https:\\\/\\\/easystar.ee\\\/toode\\\/oliste-kate-puh-vahend-0-5l-pumbaga-o13407-kf192\\\/\",\"url\":\"https:\\\/\\\/easystar.ee\\\/toode\\\/oliste-kate-puh-vahend-0-5l-pumbaga-o13407-kf192\\\/\",\"name\":\"\u00d5liste k\u00e4te puh.vahend 0.5L pumbaga (O13407) KF192 &#8212; Easy Star O\u00dc\",\"isPartOf\":{\"@id\":\"https:\\\/\\\/easystar.ee\\\/#website\"},\"primaryImageOfPage\":{\"@id\":\"https:\\\/\\\/easystar.ee\\\/toode\\\/oliste-kate-puh-vahend-0-5l-pumbaga-o13407-kf192\\\/#primaryimage\"},\"image\":{\"@id\":\"https:\\\/\\\/easystar.ee\\\/toode\\\/oliste-kate-puh-vahend-0-5l-pumbaga-o13407-kf192\\\/#primaryimage\"},\"thumbnailUrl\":\"https:\\\/\\\/easystar.ee\\\/wp-content\\\/uploads\\\/2024\\\/06\\\/4740244011726.jpg\",\"datePublished\":\"2024-05-30T16:47:30+00:00\",\"dateModified\":\"2026-02-17T01:30:20+00:00\",\"breadcrumb\":{\"@id\":\"https:\\\/\\\/easystar.ee\\\/toode\\\/oliste-kate-puh-vahend-0-5l-pumbaga-o13407-kf192\\\/#breadcrumb\"},\"inLanguage\":\"ru-RU\",\"potentialAction\":[{\"@type\":\"ReadAction\",\"target\":[\"https:\\\/\\\/easystar.ee\\\/toode\\\/oliste-kate-puh-vahend-0-5l-pumbaga-o13407-kf192\\\/\"]}]},{\"@type\":\"ImageObject\",\"inLanguage\":\"ru-RU\",\"@id\":\"https:\\\/\\\/easystar.ee\\\/toode\\\/oliste-kate-puh-vahend-0-5l-pumbaga-o13407-kf192\\\/#primaryimage\",\"url\":\"https:\\\/\\\/easystar.ee\\\/wp-content\\\/uploads\\\/2024\\\/06\\\/4740244011726.jpg\",\"contentUrl\":\"https:\\\/\\\/easystar.ee\\\/wp-content\\\/uploads\\\/2024\\\/06\\\/4740244011726.jpg\",\"width\":295,\"height\":509},{\"@type\":\"BreadcrumbList\",\"@id\":\"https:\\\/\\\/easystar.ee\\\/toode\\\/oliste-kate-puh-vahend-0-5l-pumbaga-o13407-kf192\\\/#breadcrumb\",\"itemListElement\":[{\"@type\":\"ListItem\",\"position\":1,\"name\":\"Home\",\"item\":\"https:\\\/\\\/easystar.ee\\\/ru\\\/\"},{\"@type\":\"ListItem\",\"position\":2,\"name\":\"\u0422\u043e\u0432\u0430\u0440\u044b\",\"item\":\"https:\\\/\\\/easystar.ee\\\/ru\\\/tovary\\\/\"},{\"@type\":\"ListItem\",\"position\":3,\"name\":\"\u00d5liste k\u00e4te puh.vahend 0.5L pumbaga (O13407) KF192\"}]},{\"@type\":\"WebSite\",\"@id\":\"https:\\\/\\\/easystar.ee\\\/#website\",\"url\":\"https:\\\/\\\/easystar.ee\\\/\",\"name\":\"Easystar.ee\",\"description\":\"\",\"publisher\":{\"@id\":\"https:\\\/\\\/easystar.ee\\\/#organization\"},\"alternateName\":\"Keskkonnas\u00f5bralikud pehmepaberitooted teie kontorisse\",\"potentialAction\":[{\"@type\":\"SearchAction\",\"target\":{\"@type\":\"EntryPoint\",\"urlTemplate\":\"https:\\\/\\\/easystar.ee\\\/?s={search_term_string}\"},\"query-input\":{\"@type\":\"PropertyValueSpecification\",\"valueRequired\":true,\"valueName\":\"search_term_string\"}}],\"inLanguage\":\"ru-RU\"},{\"@type\":\"Organization\",\"@id\":\"https:\\\/\\\/easystar.ee\\\/#organization\",\"name\":\"Easy Star O\u00dc\",\"url\":\"https:\\\/\\\/easystar.ee\\\/\",\"logo\":{\"@type\":\"ImageObject\",\"inLanguage\":\"ru-RU\",\"@id\":\"https:\\\/\\\/easystar.ee\\\/#\\\/schema\\\/logo\\\/image\\\/\",\"url\":\"https:\\\/\\\/easystar.ee\\\/wp-content\\\/uploads\\\/2024\\\/03\\\/easystar-logo.svg\",\"contentUrl\":\"https:\\\/\\\/easystar.ee\\\/wp-content\\\/uploads\\\/2024\\\/03\\\/easystar-logo.svg\",\"width\":2000,\"height\":2000,\"caption\":\"Easy Star O\u00dc\"},\"image\":{\"@id\":\"https:\\\/\\\/easystar.ee\\\/#\\\/schema\\\/logo\\\/image\\\/\"}}]}<\/script>\n<!-- \/ Yoast SEO plugin. -->","yoast_head_json":{"title":"\u00d5liste k\u00e4te puh.vahend 0.5L pumbaga (O13407) KF192 &#8212; Easy Star O\u00dc","robots":{"index":"index","follow":"follow","max-snippet":"max-snippet:-1","max-image-preview":"max-image-preview:large","max-video-preview":"max-video-preview:-1"},"canonical":"https:\/\/easystar.ee\/toode\/oliste-kate-puh-vahend-0-5l-pumbaga-o13407-kf192\/","og_locale":"ru_RU","og_type":"article","og_title":"\u00d5liste k\u00e4te puh.vahend 0.5L pumbaga (O13407) KF192 &#8212; Easy Star O\u00dc","og_description":"\u00d5liste k\u00e4te puhastusvahend pH 7-8 Tugevasti m\u00e4\u00e4rdunud k\u00e4te puhastamiseks. Eemaldab \u00f5li, rasva jm. mustuse. Sisaldab 5-15% mitteionogeenseid pindaktiivseis aineid, 5-15% katioonseid pindaktiivseid aineid, prop\u00fcleengl\u00fckooli, konservanti, l\u00f5hna- ja v\u00e4rvainet. Kasutamine: vahend h\u00f5\u00f5ruda k\u00e4tele ja seej\u00e4rel loputada veega. Pakend: 0,5l pumbaga pudel ja 5l kanister. Koostisosad: Aqua, Sodium Laureth Sulfate, Glycerin, C9-11 pareth 8, Cocamide DEA, Sodium Chloride, -2.2\u00b4-iminodiethanol, Citric acid, 2-bromo-2- nitropropane-1.3-diol, Methylchloroisothiazolinone, Methylisothiazolinone, d-limonene, Citral, Hexyl cinnamal, V\u00e4rvaine E-102\/E124","og_url":"https:\/\/easystar.ee\/toode\/oliste-kate-puh-vahend-0-5l-pumbaga-o13407-kf192\/","og_site_name":"Easy Star O\u00dc","article_modified_time":"2026-02-17T01:30:20+00:00","og_image":[{"width":295,"height":509,"url":"https:\/\/easystar.ee\/wp-content\/uploads\/2024\/06\/4740244011726.jpg","type":"image\/jpeg"}],"twitter_card":"summary_large_image","schema":{"@context":"https:\/\/schema.org","@graph":[{"@type":"WebPage","@id":"https:\/\/easystar.ee\/toode\/oliste-kate-puh-vahend-0-5l-pumbaga-o13407-kf192\/","url":"https:\/\/easystar.ee\/toode\/oliste-kate-puh-vahend-0-5l-pumbaga-o13407-kf192\/","name":"\u00d5liste k\u00e4te puh.vahend 0.5L pumbaga (O13407) KF192 &#8212; Easy Star O\u00dc","isPartOf":{"@id":"https:\/\/easystar.ee\/#website"},"primaryImageOfPage":{"@id":"https:\/\/easystar.ee\/toode\/oliste-kate-puh-vahend-0-5l-pumbaga-o13407-kf192\/#primaryimage"},"image":{"@id":"https:\/\/easystar.ee\/toode\/oliste-kate-puh-vahend-0-5l-pumbaga-o13407-kf192\/#primaryimage"},"thumbnailUrl":"https:\/\/easystar.ee\/wp-content\/uploads\/2024\/06\/4740244011726.jpg","datePublished":"2024-05-30T16:47:30+00:00","dateModified":"2026-02-17T01:30:20+00:00","breadcrumb":{"@id":"https:\/\/easystar.ee\/toode\/oliste-kate-puh-vahend-0-5l-pumbaga-o13407-kf192\/#breadcrumb"},"inLanguage":"ru-RU","potentialAction":[{"@type":"ReadAction","target":["https:\/\/easystar.ee\/toode\/oliste-kate-puh-vahend-0-5l-pumbaga-o13407-kf192\/"]}]},{"@type":"ImageObject","inLanguage":"ru-RU","@id":"https:\/\/easystar.ee\/toode\/oliste-kate-puh-vahend-0-5l-pumbaga-o13407-kf192\/#primaryimage","url":"https:\/\/easystar.ee\/wp-content\/uploads\/2024\/06\/4740244011726.jpg","contentUrl":"https:\/\/easystar.ee\/wp-content\/uploads\/2024\/06\/4740244011726.jpg","width":295,"height":509},{"@type":"BreadcrumbList","@id":"https:\/\/easystar.ee\/toode\/oliste-kate-puh-vahend-0-5l-pumbaga-o13407-kf192\/#breadcrumb","itemListElement":[{"@type":"ListItem","position":1,"name":"Home","item":"https:\/\/easystar.ee\/ru\/"},{"@type":"ListItem","position":2,"name":"\u0422\u043e\u0432\u0430\u0440\u044b","item":"https:\/\/easystar.ee\/ru\/tovary\/"},{"@type":"ListItem","position":3,"name":"\u00d5liste k\u00e4te puh.vahend 0.5L pumbaga (O13407) KF192"}]},{"@type":"WebSite","@id":"https:\/\/easystar.ee\/#website","url":"https:\/\/easystar.ee\/","name":"Easystar.ee","description":"","publisher":{"@id":"https:\/\/easystar.ee\/#organization"},"alternateName":"Keskkonnas\u00f5bralikud pehmepaberitooted teie kontorisse","potentialAction":[{"@type":"SearchAction","target":{"@type":"EntryPoint","urlTemplate":"https:\/\/easystar.ee\/?s={search_term_string}"},"query-input":{"@type":"PropertyValueSpecification","valueRequired":true,"valueName":"search_term_string"}}],"inLanguage":"ru-RU"},{"@type":"Organization","@id":"https:\/\/easystar.ee\/#organization","name":"Easy Star O\u00dc","url":"https:\/\/easystar.ee\/","logo":{"@type":"ImageObject","inLanguage":"ru-RU","@id":"https:\/\/easystar.ee\/#\/schema\/logo\/image\/","url":"https:\/\/easystar.ee\/wp-content\/uploads\/2024\/03\/easystar-logo.svg","contentUrl":"https:\/\/easystar.ee\/wp-content\/uploads\/2024\/03\/easystar-logo.svg","width":2000,"height":2000,"caption":"Easy Star O\u00dc"},"image":{"@id":"https:\/\/easystar.ee\/#\/schema\/logo\/image\/"}}]}},"_links":{"self":[{"href":"https:\/\/easystar.ee\/ru\/wp-json\/wp\/v2\/product\/29951","targetHints":{"allow":["GET"]}}],"collection":[{"href":"https:\/\/easystar.ee\/ru\/wp-json\/wp\/v2\/product"}],"about":[{"href":"https:\/\/easystar.ee\/ru\/wp-json\/wp\/v2\/types\/product"}],"wp:featuredmedia":[{"embeddable":true,"href":"https:\/\/easystar.ee\/ru\/wp-json\/wp\/v2\/media\/39476"}],"wp:attachment":[{"href":"https:\/\/easystar.ee\/ru\/wp-json\/wp\/v2\/media?parent=29951"}],"wp:term":[{"taxonomy":"product_brand","embeddable":true,"href":"https:\/\/easystar.ee\/ru\/wp-json\/wp\/v2\/product_brand?post=29951"},{"taxonomy":"product_cat","embeddable":true,"href":"https:\/\/easystar.ee\/ru\/wp-json\/wp\/v2\/product_cat?post=29951"},{"taxonomy":"product_tag","embeddable":true,"href":"https:\/\/easystar.ee\/ru\/wp-json\/wp\/v2\/product_tag?post=29951"}],"curies":[{"name":"wp","href":"https:\/\/api.w.org\/{rel}","templated":true}]}}