{"id":29399,"date":"2024-05-30T16:43:07","date_gmt":"2024-05-30T16:43:07","guid":{"rendered":"https:\/\/easystar.ee\/toode\/pesupulber-mikrofiiber-10kg-kp729\/"},"modified":"2025-10-30T01:30:45","modified_gmt":"2025-10-30T01:30:45","slug":"pesupulber-mikrofiiber-10kg-kp729","status":"publish","type":"product","link":"https:\/\/easystar.ee\/ru\/toode\/pesupulber-mikrofiiber-10kg-kp729\/","title":{"rendered":"Pesupulber Mikrofiiber 10kg KP729"},"content":{"rendered":"","protected":false},"excerpt":{"rendered":"<p>Kasutuskohad: Tugevatoimeline pesupulber mikrofiiberkanga leotamiseks ja pesemiseks k\u00e4sitsi ja masinaga. Toodet v\u00f5ib kasutada nii pehmes kui ka karedas vees pesemiseks temperatuuridel 40\u00b0C- 60\u00b0C. Omadused: Sisaldab veepehmedajat, mis kaitseb pesumasinat katlakivi tekke eest ja suurendab pesuainete toimet. Koostises on pesumasinat s\u00e4\u00e4stev korrosiooniinhibiitor. Eemaldab mustuse efektiivselt nii leige kui kuuma veega pestes. Ei sisalda optilist valgendajat ega kangast pehmendavaid lisandeid, mis v\u00f5ivad mikrofiiberpinda kahjustada. Kasutamine \/ doseerimine: Masinpesu: 1 kg kuiva pesu kohta 40-55 g (45-60 ml) pulbrit K\u00e4sipesu: 10 L vee kohta 25-40 g (30-45 ml) pulbrit, pH 10-11<br \/>\n**Mikrofiiber pesupulbril puudub Ecolabel sertifikaat!<\/p>\n","protected":false},"featured_media":1545,"template":"","meta":{"_acf_changed":false},"product_brand":[],"product_cat":[1944,1831],"product_tag":[],"class_list":{"0":"post-29399","1":"product","2":"type-product","3":"status-publish","4":"has-post-thumbnail","6":"product_cat-sredstva-dlya-stirki","7":"product_cat-himija","9":"first","10":"instock","11":"taxable","12":"shipping-taxable","13":"purchasable","14":"product-type-simple"},"acf":[],"yoast_head":"<!-- This site is optimized with the Yoast SEO plugin v27.3 - https:\/\/yoast.com\/product\/yoast-seo-wordpress\/ -->\n<title>Pesupulber Mikrofiiber 10kg KP729 &#8212; Easy Star O\u00dc<\/title>\n<meta name=\"robots\" content=\"index, follow, max-snippet:-1, max-image-preview:large, max-video-preview:-1\" \/>\n<link rel=\"canonical\" href=\"https:\/\/easystar.ee\/ru\/toode\/pesupulber-mikrofiiber-10kg-kp729\/\" \/>\n<meta property=\"og:locale\" content=\"ru_RU\" \/>\n<meta property=\"og:type\" content=\"article\" \/>\n<meta property=\"og:title\" content=\"Pesupulber Mikrofiiber 10kg KP729 &#8212; Easy Star O\u00dc\" \/>\n<meta property=\"og:description\" content=\"Kasutuskohad: Tugevatoimeline pesupulber mikrofiiberkanga leotamiseks ja pesemiseks k\u00e4sitsi ja masinaga. Toodet v\u00f5ib kasutada nii pehmes kui ka karedas vees pesemiseks temperatuuridel 40\u00b0C- 60\u00b0C. Omadused: Sisaldab veepehmedajat, mis kaitseb pesumasinat katlakivi tekke eest ja suurendab pesuainete toimet. Koostises on pesumasinat s\u00e4\u00e4stev korrosiooniinhibiitor. Eemaldab mustuse efektiivselt nii leige kui kuuma veega pestes. Ei sisalda optilist valgendajat ega kangast pehmendavaid lisandeid, mis v\u00f5ivad mikrofiiberpinda kahjustada. Kasutamine \/ doseerimine: Masinpesu: 1 kg kuiva pesu kohta 40-55 g (45-60 ml) pulbrit K\u00e4sipesu: 10 L vee kohta 25-40 g (30-45 ml) pulbrit, pH 10-11 **Mikrofiiber pesupulbril puudub Ecolabel sertifikaat!\" \/>\n<meta property=\"og:url\" content=\"https:\/\/easystar.ee\/ru\/toode\/pesupulber-mikrofiiber-10kg-kp729\/\" \/>\n<meta property=\"og:site_name\" content=\"Easy Star O\u00dc\" \/>\n<meta property=\"article:modified_time\" content=\"2025-10-30T01:30:45+00:00\" \/>\n<meta property=\"og:image\" content=\"https:\/\/easystar.ee\/wp-content\/uploads\/2024\/04\/microfiber.jpg\" \/>\n\t<meta property=\"og:image:width\" content=\"215\" \/>\n\t<meta property=\"og:image:height\" content=\"238\" \/>\n\t<meta property=\"og:image:type\" content=\"image\/jpeg\" \/>\n<meta name=\"twitter:card\" content=\"summary_large_image\" \/>\n<script type=\"application\/ld+json\" class=\"yoast-schema-graph\">{\"@context\":\"https:\\\/\\\/schema.org\",\"@graph\":[{\"@type\":\"WebPage\",\"@id\":\"https:\\\/\\\/easystar.ee\\\/ru\\\/toode\\\/pesupulber-mikrofiiber-10kg-kp729\\\/\",\"url\":\"https:\\\/\\\/easystar.ee\\\/ru\\\/toode\\\/pesupulber-mikrofiiber-10kg-kp729\\\/\",\"name\":\"Pesupulber Mikrofiiber 10kg KP729 &#8212; Easy Star O\u00dc\",\"isPartOf\":{\"@id\":\"https:\\\/\\\/easystar.ee\\\/#website\"},\"primaryImageOfPage\":{\"@id\":\"https:\\\/\\\/easystar.ee\\\/ru\\\/toode\\\/pesupulber-mikrofiiber-10kg-kp729\\\/#primaryimage\"},\"image\":{\"@id\":\"https:\\\/\\\/easystar.ee\\\/ru\\\/toode\\\/pesupulber-mikrofiiber-10kg-kp729\\\/#primaryimage\"},\"thumbnailUrl\":\"https:\\\/\\\/easystar.ee\\\/wp-content\\\/uploads\\\/2024\\\/04\\\/microfiber.jpg\",\"datePublished\":\"2024-05-30T16:43:07+00:00\",\"dateModified\":\"2025-10-30T01:30:45+00:00\",\"breadcrumb\":{\"@id\":\"https:\\\/\\\/easystar.ee\\\/ru\\\/toode\\\/pesupulber-mikrofiiber-10kg-kp729\\\/#breadcrumb\"},\"inLanguage\":\"ru-RU\",\"potentialAction\":[{\"@type\":\"ReadAction\",\"target\":[\"https:\\\/\\\/easystar.ee\\\/ru\\\/toode\\\/pesupulber-mikrofiiber-10kg-kp729\\\/\"]}]},{\"@type\":\"ImageObject\",\"inLanguage\":\"ru-RU\",\"@id\":\"https:\\\/\\\/easystar.ee\\\/ru\\\/toode\\\/pesupulber-mikrofiiber-10kg-kp729\\\/#primaryimage\",\"url\":\"https:\\\/\\\/easystar.ee\\\/wp-content\\\/uploads\\\/2024\\\/04\\\/microfiber.jpg\",\"contentUrl\":\"https:\\\/\\\/easystar.ee\\\/wp-content\\\/uploads\\\/2024\\\/04\\\/microfiber.jpg\",\"width\":215,\"height\":238},{\"@type\":\"BreadcrumbList\",\"@id\":\"https:\\\/\\\/easystar.ee\\\/ru\\\/toode\\\/pesupulber-mikrofiiber-10kg-kp729\\\/#breadcrumb\",\"itemListElement\":[{\"@type\":\"ListItem\",\"position\":1,\"name\":\"Home\",\"item\":\"https:\\\/\\\/easystar.ee\\\/ru\\\/\"},{\"@type\":\"ListItem\",\"position\":2,\"name\":\"\u0422\u043e\u0432\u0430\u0440\u044b\",\"item\":\"https:\\\/\\\/easystar.ee\\\/ru\\\/tovary\\\/\"},{\"@type\":\"ListItem\",\"position\":3,\"name\":\"Pesupulber Mikrofiiber 10kg KP729\"}]},{\"@type\":\"WebSite\",\"@id\":\"https:\\\/\\\/easystar.ee\\\/#website\",\"url\":\"https:\\\/\\\/easystar.ee\\\/\",\"name\":\"Easystar.ee\",\"description\":\"\",\"publisher\":{\"@id\":\"https:\\\/\\\/easystar.ee\\\/#organization\"},\"alternateName\":\"Keskkonnas\u00f5bralikud pehmepaberitooted teie kontorisse\",\"potentialAction\":[{\"@type\":\"SearchAction\",\"target\":{\"@type\":\"EntryPoint\",\"urlTemplate\":\"https:\\\/\\\/easystar.ee\\\/?s={search_term_string}\"},\"query-input\":{\"@type\":\"PropertyValueSpecification\",\"valueRequired\":true,\"valueName\":\"search_term_string\"}}],\"inLanguage\":\"ru-RU\"},{\"@type\":\"Organization\",\"@id\":\"https:\\\/\\\/easystar.ee\\\/#organization\",\"name\":\"Easy Star O\u00dc\",\"url\":\"https:\\\/\\\/easystar.ee\\\/\",\"logo\":{\"@type\":\"ImageObject\",\"inLanguage\":\"ru-RU\",\"@id\":\"https:\\\/\\\/easystar.ee\\\/#\\\/schema\\\/logo\\\/image\\\/\",\"url\":\"https:\\\/\\\/easystar.ee\\\/wp-content\\\/uploads\\\/2024\\\/03\\\/easystar-logo.svg\",\"contentUrl\":\"https:\\\/\\\/easystar.ee\\\/wp-content\\\/uploads\\\/2024\\\/03\\\/easystar-logo.svg\",\"width\":2000,\"height\":2000,\"caption\":\"Easy Star O\u00dc\"},\"image\":{\"@id\":\"https:\\\/\\\/easystar.ee\\\/#\\\/schema\\\/logo\\\/image\\\/\"}}]}<\/script>\n<!-- \/ Yoast SEO plugin. -->","yoast_head_json":{"title":"Pesupulber Mikrofiiber 10kg KP729 &#8212; Easy Star O\u00dc","robots":{"index":"index","follow":"follow","max-snippet":"max-snippet:-1","max-image-preview":"max-image-preview:large","max-video-preview":"max-video-preview:-1"},"canonical":"https:\/\/easystar.ee\/ru\/toode\/pesupulber-mikrofiiber-10kg-kp729\/","og_locale":"ru_RU","og_type":"article","og_title":"Pesupulber Mikrofiiber 10kg KP729 &#8212; Easy Star O\u00dc","og_description":"Kasutuskohad: Tugevatoimeline pesupulber mikrofiiberkanga leotamiseks ja pesemiseks k\u00e4sitsi ja masinaga. Toodet v\u00f5ib kasutada nii pehmes kui ka karedas vees pesemiseks temperatuuridel 40\u00b0C- 60\u00b0C. Omadused: Sisaldab veepehmedajat, mis kaitseb pesumasinat katlakivi tekke eest ja suurendab pesuainete toimet. Koostises on pesumasinat s\u00e4\u00e4stev korrosiooniinhibiitor. Eemaldab mustuse efektiivselt nii leige kui kuuma veega pestes. Ei sisalda optilist valgendajat ega kangast pehmendavaid lisandeid, mis v\u00f5ivad mikrofiiberpinda kahjustada. Kasutamine \/ doseerimine: Masinpesu: 1 kg kuiva pesu kohta 40-55 g (45-60 ml) pulbrit K\u00e4sipesu: 10 L vee kohta 25-40 g (30-45 ml) pulbrit, pH 10-11 **Mikrofiiber pesupulbril puudub Ecolabel sertifikaat!","og_url":"https:\/\/easystar.ee\/ru\/toode\/pesupulber-mikrofiiber-10kg-kp729\/","og_site_name":"Easy Star O\u00dc","article_modified_time":"2025-10-30T01:30:45+00:00","og_image":[{"width":215,"height":238,"url":"https:\/\/easystar.ee\/wp-content\/uploads\/2024\/04\/microfiber.jpg","type":"image\/jpeg"}],"twitter_card":"summary_large_image","schema":{"@context":"https:\/\/schema.org","@graph":[{"@type":"WebPage","@id":"https:\/\/easystar.ee\/ru\/toode\/pesupulber-mikrofiiber-10kg-kp729\/","url":"https:\/\/easystar.ee\/ru\/toode\/pesupulber-mikrofiiber-10kg-kp729\/","name":"Pesupulber Mikrofiiber 10kg KP729 &#8212; Easy Star O\u00dc","isPartOf":{"@id":"https:\/\/easystar.ee\/#website"},"primaryImageOfPage":{"@id":"https:\/\/easystar.ee\/ru\/toode\/pesupulber-mikrofiiber-10kg-kp729\/#primaryimage"},"image":{"@id":"https:\/\/easystar.ee\/ru\/toode\/pesupulber-mikrofiiber-10kg-kp729\/#primaryimage"},"thumbnailUrl":"https:\/\/easystar.ee\/wp-content\/uploads\/2024\/04\/microfiber.jpg","datePublished":"2024-05-30T16:43:07+00:00","dateModified":"2025-10-30T01:30:45+00:00","breadcrumb":{"@id":"https:\/\/easystar.ee\/ru\/toode\/pesupulber-mikrofiiber-10kg-kp729\/#breadcrumb"},"inLanguage":"ru-RU","potentialAction":[{"@type":"ReadAction","target":["https:\/\/easystar.ee\/ru\/toode\/pesupulber-mikrofiiber-10kg-kp729\/"]}]},{"@type":"ImageObject","inLanguage":"ru-RU","@id":"https:\/\/easystar.ee\/ru\/toode\/pesupulber-mikrofiiber-10kg-kp729\/#primaryimage","url":"https:\/\/easystar.ee\/wp-content\/uploads\/2024\/04\/microfiber.jpg","contentUrl":"https:\/\/easystar.ee\/wp-content\/uploads\/2024\/04\/microfiber.jpg","width":215,"height":238},{"@type":"BreadcrumbList","@id":"https:\/\/easystar.ee\/ru\/toode\/pesupulber-mikrofiiber-10kg-kp729\/#breadcrumb","itemListElement":[{"@type":"ListItem","position":1,"name":"Home","item":"https:\/\/easystar.ee\/ru\/"},{"@type":"ListItem","position":2,"name":"\u0422\u043e\u0432\u0430\u0440\u044b","item":"https:\/\/easystar.ee\/ru\/tovary\/"},{"@type":"ListItem","position":3,"name":"Pesupulber Mikrofiiber 10kg KP729"}]},{"@type":"WebSite","@id":"https:\/\/easystar.ee\/#website","url":"https:\/\/easystar.ee\/","name":"Easystar.ee","description":"","publisher":{"@id":"https:\/\/easystar.ee\/#organization"},"alternateName":"Keskkonnas\u00f5bralikud pehmepaberitooted teie kontorisse","potentialAction":[{"@type":"SearchAction","target":{"@type":"EntryPoint","urlTemplate":"https:\/\/easystar.ee\/?s={search_term_string}"},"query-input":{"@type":"PropertyValueSpecification","valueRequired":true,"valueName":"search_term_string"}}],"inLanguage":"ru-RU"},{"@type":"Organization","@id":"https:\/\/easystar.ee\/#organization","name":"Easy Star O\u00dc","url":"https:\/\/easystar.ee\/","logo":{"@type":"ImageObject","inLanguage":"ru-RU","@id":"https:\/\/easystar.ee\/#\/schema\/logo\/image\/","url":"https:\/\/easystar.ee\/wp-content\/uploads\/2024\/03\/easystar-logo.svg","contentUrl":"https:\/\/easystar.ee\/wp-content\/uploads\/2024\/03\/easystar-logo.svg","width":2000,"height":2000,"caption":"Easy Star O\u00dc"},"image":{"@id":"https:\/\/easystar.ee\/#\/schema\/logo\/image\/"}}]}},"_links":{"self":[{"href":"https:\/\/easystar.ee\/ru\/wp-json\/wp\/v2\/product\/29399","targetHints":{"allow":["GET"]}}],"collection":[{"href":"https:\/\/easystar.ee\/ru\/wp-json\/wp\/v2\/product"}],"about":[{"href":"https:\/\/easystar.ee\/ru\/wp-json\/wp\/v2\/types\/product"}],"wp:featuredmedia":[{"embeddable":true,"href":"https:\/\/easystar.ee\/ru\/wp-json\/wp\/v2\/media\/1545"}],"wp:attachment":[{"href":"https:\/\/easystar.ee\/ru\/wp-json\/wp\/v2\/media?parent=29399"}],"wp:term":[{"taxonomy":"product_brand","embeddable":true,"href":"https:\/\/easystar.ee\/ru\/wp-json\/wp\/v2\/product_brand?post=29399"},{"taxonomy":"product_cat","embeddable":true,"href":"https:\/\/easystar.ee\/ru\/wp-json\/wp\/v2\/product_cat?post=29399"},{"taxonomy":"product_tag","embeddable":true,"href":"https:\/\/easystar.ee\/ru\/wp-json\/wp\/v2\/product_tag?post=29399"}],"curies":[{"name":"wp","href":"https:\/\/api.w.org\/{rel}","templated":true}]}}