{"id":29384,"date":"2024-05-30T16:43:02","date_gmt":"2024-05-30T16:43:02","guid":{"rendered":"https:\/\/easystar.ee\/toode\/katlakivieemaldi-4l-kf85\/"},"modified":"2026-02-17T01:30:17","modified_gmt":"2026-02-17T01:30:17","slug":"katlakivieemaldi-4l-o13344-kf85","status":"publish","type":"product","link":"https:\/\/easystar.ee\/ru\/toode\/katlakivieemaldi-4l-o13344-kf85\/","title":{"rendered":"Katlakivieemaldi 4L (O13344) KF85"},"content":{"rendered":"","protected":false},"excerpt":{"rendered":"<p>Vahend kohviautomaatide, veekeedun\u00f5ude, n\u00f5udepesu- ja pesumasinate puhastamiseks. Pikendab seadme eluiga ja hoiab kokku elektrienergiat. Kohvimasinad: lahjendada veega 1:10, valada masinasse ja keeta vedelik v\u00e4lja. Vajadusel pesemist korrata. Loputamiseks keeta 2-3 korda puhta veega. Veekeedun\u00f5ud: lahjendada veega 1:10, v\u00e4ga paksu katlakivi korral 1:5, kuumutada 20 minutit ja seej\u00e4rel lasta seista 15-20 minutit ning loputada. N\u00f5ude ja pesumasinad: valada masinasse 500ml vahendit ja pesta kuuma programmiga l\u00f5puni. Vajadusel menetlust korrata. Soovitus: toimida n\u00f5nda kord kuus. ETTEVAATUST! happeline lahus! Sisaldab sidrun- ja fosforhapet. \u00c4rritab silmi ja nahka. Hoida lastele k\u00e4ttesaamatult. Silma sattudes pesta rohke veega ja p\u00f6\u00f6rduda arsti poole. \u00d5nnetusjuhtumi v\u00f5i halva enesetunde korral p\u00f6\u00f6rduda aesti poole (v\u00f5imalusel n\u00e4idata etiketti). S\u00e4ilivusaega ei piirata. (pH 0,9-1,2)<br \/>\nPakend: 1l pudel, 4l kanister<\/p>\n","protected":false},"featured_media":1521,"template":"","meta":{"_acf_changed":false},"product_brand":[],"product_cat":[1988,1831],"product_tag":[],"class_list":{"0":"post-29384","1":"product","2":"type-product","3":"status-publish","4":"has-post-thumbnail","6":"product_cat-kislotnye-sredstva-dlya-udaleniya-nakipi-s-santehniki-rst","7":"product_cat-himija","9":"first","10":"instock","11":"taxable","12":"shipping-taxable","13":"purchasable","14":"product-type-simple"},"acf":[],"yoast_head":"<!-- This site is optimized with the Yoast SEO plugin v27.3 - https:\/\/yoast.com\/product\/yoast-seo-wordpress\/ -->\n<title>Katlakivieemaldi 4L (O13344) KF85 &#8212; Easy Star O\u00dc<\/title>\n<meta name=\"robots\" content=\"index, follow, max-snippet:-1, max-image-preview:large, max-video-preview:-1\" \/>\n<link rel=\"canonical\" href=\"https:\/\/easystar.ee\/toode\/katlakivieemaldi-4l-o13344-kf85\/\" \/>\n<meta property=\"og:locale\" content=\"ru_RU\" \/>\n<meta property=\"og:type\" content=\"article\" \/>\n<meta property=\"og:title\" content=\"Katlakivieemaldi 4L (O13344) KF85 &#8212; Easy Star O\u00dc\" \/>\n<meta property=\"og:description\" content=\"Vahend kohviautomaatide, veekeedun\u00f5ude, n\u00f5udepesu- ja pesumasinate puhastamiseks. Pikendab seadme eluiga ja hoiab kokku elektrienergiat. Kohvimasinad: lahjendada veega 1:10, valada masinasse ja keeta vedelik v\u00e4lja. Vajadusel pesemist korrata. Loputamiseks keeta 2-3 korda puhta veega. Veekeedun\u00f5ud: lahjendada veega 1:10, v\u00e4ga paksu katlakivi korral 1:5, kuumutada 20 minutit ja seej\u00e4rel lasta seista 15-20 minutit ning loputada. N\u00f5ude ja pesumasinad: valada masinasse 500ml vahendit ja pesta kuuma programmiga l\u00f5puni. Vajadusel menetlust korrata. Soovitus: toimida n\u00f5nda kord kuus. ETTEVAATUST! happeline lahus! Sisaldab sidrun- ja fosforhapet. \u00c4rritab silmi ja nahka. Hoida lastele k\u00e4ttesaamatult. Silma sattudes pesta rohke veega ja p\u00f6\u00f6rduda arsti poole. \u00d5nnetusjuhtumi v\u00f5i halva enesetunde korral p\u00f6\u00f6rduda aesti poole (v\u00f5imalusel n\u00e4idata etiketti). S\u00e4ilivusaega ei piirata. (pH 0,9-1,2) Pakend: 1l pudel, 4l kanister\" \/>\n<meta property=\"og:url\" content=\"https:\/\/easystar.ee\/toode\/katlakivieemaldi-4l-o13344-kf85\/\" \/>\n<meta property=\"og:site_name\" content=\"Easy Star O\u00dc\" \/>\n<meta property=\"article:modified_time\" content=\"2026-02-17T01:30:17+00:00\" \/>\n<meta property=\"og:image\" content=\"https:\/\/easystar.ee\/wp-content\/uploads\/2024\/04\/4740244012785.jpg\" \/>\n\t<meta property=\"og:image:width\" content=\"587\" \/>\n\t<meta property=\"og:image:height\" content=\"685\" \/>\n\t<meta property=\"og:image:type\" content=\"image\/jpeg\" \/>\n<meta name=\"twitter:card\" content=\"summary_large_image\" \/>\n<script type=\"application\/ld+json\" class=\"yoast-schema-graph\">{\"@context\":\"https:\\\/\\\/schema.org\",\"@graph\":[{\"@type\":\"WebPage\",\"@id\":\"https:\\\/\\\/easystar.ee\\\/toode\\\/katlakivieemaldi-4l-o13344-kf85\\\/\",\"url\":\"https:\\\/\\\/easystar.ee\\\/toode\\\/katlakivieemaldi-4l-o13344-kf85\\\/\",\"name\":\"Katlakivieemaldi 4L (O13344) KF85 &#8212; Easy Star O\u00dc\",\"isPartOf\":{\"@id\":\"https:\\\/\\\/easystar.ee\\\/#website\"},\"primaryImageOfPage\":{\"@id\":\"https:\\\/\\\/easystar.ee\\\/toode\\\/katlakivieemaldi-4l-o13344-kf85\\\/#primaryimage\"},\"image\":{\"@id\":\"https:\\\/\\\/easystar.ee\\\/toode\\\/katlakivieemaldi-4l-o13344-kf85\\\/#primaryimage\"},\"thumbnailUrl\":\"https:\\\/\\\/easystar.ee\\\/wp-content\\\/uploads\\\/2024\\\/04\\\/4740244012785.jpg\",\"datePublished\":\"2024-05-30T16:43:02+00:00\",\"dateModified\":\"2026-02-17T01:30:17+00:00\",\"breadcrumb\":{\"@id\":\"https:\\\/\\\/easystar.ee\\\/toode\\\/katlakivieemaldi-4l-o13344-kf85\\\/#breadcrumb\"},\"inLanguage\":\"ru-RU\",\"potentialAction\":[{\"@type\":\"ReadAction\",\"target\":[\"https:\\\/\\\/easystar.ee\\\/toode\\\/katlakivieemaldi-4l-o13344-kf85\\\/\"]}]},{\"@type\":\"ImageObject\",\"inLanguage\":\"ru-RU\",\"@id\":\"https:\\\/\\\/easystar.ee\\\/toode\\\/katlakivieemaldi-4l-o13344-kf85\\\/#primaryimage\",\"url\":\"https:\\\/\\\/easystar.ee\\\/wp-content\\\/uploads\\\/2024\\\/04\\\/4740244012785.jpg\",\"contentUrl\":\"https:\\\/\\\/easystar.ee\\\/wp-content\\\/uploads\\\/2024\\\/04\\\/4740244012785.jpg\",\"width\":587,\"height\":685},{\"@type\":\"BreadcrumbList\",\"@id\":\"https:\\\/\\\/easystar.ee\\\/toode\\\/katlakivieemaldi-4l-o13344-kf85\\\/#breadcrumb\",\"itemListElement\":[{\"@type\":\"ListItem\",\"position\":1,\"name\":\"Home\",\"item\":\"https:\\\/\\\/easystar.ee\\\/ru\\\/\"},{\"@type\":\"ListItem\",\"position\":2,\"name\":\"\u0422\u043e\u0432\u0430\u0440\u044b\",\"item\":\"https:\\\/\\\/easystar.ee\\\/ru\\\/tovary\\\/\"},{\"@type\":\"ListItem\",\"position\":3,\"name\":\"Katlakivieemaldi 4L (O13344) KF85\"}]},{\"@type\":\"WebSite\",\"@id\":\"https:\\\/\\\/easystar.ee\\\/#website\",\"url\":\"https:\\\/\\\/easystar.ee\\\/\",\"name\":\"Easystar.ee\",\"description\":\"\",\"publisher\":{\"@id\":\"https:\\\/\\\/easystar.ee\\\/#organization\"},\"alternateName\":\"Keskkonnas\u00f5bralikud pehmepaberitooted teie kontorisse\",\"potentialAction\":[{\"@type\":\"SearchAction\",\"target\":{\"@type\":\"EntryPoint\",\"urlTemplate\":\"https:\\\/\\\/easystar.ee\\\/?s={search_term_string}\"},\"query-input\":{\"@type\":\"PropertyValueSpecification\",\"valueRequired\":true,\"valueName\":\"search_term_string\"}}],\"inLanguage\":\"ru-RU\"},{\"@type\":\"Organization\",\"@id\":\"https:\\\/\\\/easystar.ee\\\/#organization\",\"name\":\"Easy Star O\u00dc\",\"url\":\"https:\\\/\\\/easystar.ee\\\/\",\"logo\":{\"@type\":\"ImageObject\",\"inLanguage\":\"ru-RU\",\"@id\":\"https:\\\/\\\/easystar.ee\\\/#\\\/schema\\\/logo\\\/image\\\/\",\"url\":\"https:\\\/\\\/easystar.ee\\\/wp-content\\\/uploads\\\/2024\\\/03\\\/easystar-logo.svg\",\"contentUrl\":\"https:\\\/\\\/easystar.ee\\\/wp-content\\\/uploads\\\/2024\\\/03\\\/easystar-logo.svg\",\"width\":2000,\"height\":2000,\"caption\":\"Easy Star O\u00dc\"},\"image\":{\"@id\":\"https:\\\/\\\/easystar.ee\\\/#\\\/schema\\\/logo\\\/image\\\/\"}}]}<\/script>\n<!-- \/ Yoast SEO plugin. -->","yoast_head_json":{"title":"Katlakivieemaldi 4L (O13344) KF85 &#8212; Easy Star O\u00dc","robots":{"index":"index","follow":"follow","max-snippet":"max-snippet:-1","max-image-preview":"max-image-preview:large","max-video-preview":"max-video-preview:-1"},"canonical":"https:\/\/easystar.ee\/toode\/katlakivieemaldi-4l-o13344-kf85\/","og_locale":"ru_RU","og_type":"article","og_title":"Katlakivieemaldi 4L (O13344) KF85 &#8212; Easy Star O\u00dc","og_description":"Vahend kohviautomaatide, veekeedun\u00f5ude, n\u00f5udepesu- ja pesumasinate puhastamiseks. Pikendab seadme eluiga ja hoiab kokku elektrienergiat. Kohvimasinad: lahjendada veega 1:10, valada masinasse ja keeta vedelik v\u00e4lja. Vajadusel pesemist korrata. Loputamiseks keeta 2-3 korda puhta veega. Veekeedun\u00f5ud: lahjendada veega 1:10, v\u00e4ga paksu katlakivi korral 1:5, kuumutada 20 minutit ja seej\u00e4rel lasta seista 15-20 minutit ning loputada. N\u00f5ude ja pesumasinad: valada masinasse 500ml vahendit ja pesta kuuma programmiga l\u00f5puni. Vajadusel menetlust korrata. Soovitus: toimida n\u00f5nda kord kuus. ETTEVAATUST! happeline lahus! Sisaldab sidrun- ja fosforhapet. \u00c4rritab silmi ja nahka. Hoida lastele k\u00e4ttesaamatult. Silma sattudes pesta rohke veega ja p\u00f6\u00f6rduda arsti poole. \u00d5nnetusjuhtumi v\u00f5i halva enesetunde korral p\u00f6\u00f6rduda aesti poole (v\u00f5imalusel n\u00e4idata etiketti). S\u00e4ilivusaega ei piirata. (pH 0,9-1,2) Pakend: 1l pudel, 4l kanister","og_url":"https:\/\/easystar.ee\/toode\/katlakivieemaldi-4l-o13344-kf85\/","og_site_name":"Easy Star O\u00dc","article_modified_time":"2026-02-17T01:30:17+00:00","og_image":[{"width":587,"height":685,"url":"https:\/\/easystar.ee\/wp-content\/uploads\/2024\/04\/4740244012785.jpg","type":"image\/jpeg"}],"twitter_card":"summary_large_image","schema":{"@context":"https:\/\/schema.org","@graph":[{"@type":"WebPage","@id":"https:\/\/easystar.ee\/toode\/katlakivieemaldi-4l-o13344-kf85\/","url":"https:\/\/easystar.ee\/toode\/katlakivieemaldi-4l-o13344-kf85\/","name":"Katlakivieemaldi 4L (O13344) KF85 &#8212; Easy Star O\u00dc","isPartOf":{"@id":"https:\/\/easystar.ee\/#website"},"primaryImageOfPage":{"@id":"https:\/\/easystar.ee\/toode\/katlakivieemaldi-4l-o13344-kf85\/#primaryimage"},"image":{"@id":"https:\/\/easystar.ee\/toode\/katlakivieemaldi-4l-o13344-kf85\/#primaryimage"},"thumbnailUrl":"https:\/\/easystar.ee\/wp-content\/uploads\/2024\/04\/4740244012785.jpg","datePublished":"2024-05-30T16:43:02+00:00","dateModified":"2026-02-17T01:30:17+00:00","breadcrumb":{"@id":"https:\/\/easystar.ee\/toode\/katlakivieemaldi-4l-o13344-kf85\/#breadcrumb"},"inLanguage":"ru-RU","potentialAction":[{"@type":"ReadAction","target":["https:\/\/easystar.ee\/toode\/katlakivieemaldi-4l-o13344-kf85\/"]}]},{"@type":"ImageObject","inLanguage":"ru-RU","@id":"https:\/\/easystar.ee\/toode\/katlakivieemaldi-4l-o13344-kf85\/#primaryimage","url":"https:\/\/easystar.ee\/wp-content\/uploads\/2024\/04\/4740244012785.jpg","contentUrl":"https:\/\/easystar.ee\/wp-content\/uploads\/2024\/04\/4740244012785.jpg","width":587,"height":685},{"@type":"BreadcrumbList","@id":"https:\/\/easystar.ee\/toode\/katlakivieemaldi-4l-o13344-kf85\/#breadcrumb","itemListElement":[{"@type":"ListItem","position":1,"name":"Home","item":"https:\/\/easystar.ee\/ru\/"},{"@type":"ListItem","position":2,"name":"\u0422\u043e\u0432\u0430\u0440\u044b","item":"https:\/\/easystar.ee\/ru\/tovary\/"},{"@type":"ListItem","position":3,"name":"Katlakivieemaldi 4L (O13344) KF85"}]},{"@type":"WebSite","@id":"https:\/\/easystar.ee\/#website","url":"https:\/\/easystar.ee\/","name":"Easystar.ee","description":"","publisher":{"@id":"https:\/\/easystar.ee\/#organization"},"alternateName":"Keskkonnas\u00f5bralikud pehmepaberitooted teie kontorisse","potentialAction":[{"@type":"SearchAction","target":{"@type":"EntryPoint","urlTemplate":"https:\/\/easystar.ee\/?s={search_term_string}"},"query-input":{"@type":"PropertyValueSpecification","valueRequired":true,"valueName":"search_term_string"}}],"inLanguage":"ru-RU"},{"@type":"Organization","@id":"https:\/\/easystar.ee\/#organization","name":"Easy Star O\u00dc","url":"https:\/\/easystar.ee\/","logo":{"@type":"ImageObject","inLanguage":"ru-RU","@id":"https:\/\/easystar.ee\/#\/schema\/logo\/image\/","url":"https:\/\/easystar.ee\/wp-content\/uploads\/2024\/03\/easystar-logo.svg","contentUrl":"https:\/\/easystar.ee\/wp-content\/uploads\/2024\/03\/easystar-logo.svg","width":2000,"height":2000,"caption":"Easy Star O\u00dc"},"image":{"@id":"https:\/\/easystar.ee\/#\/schema\/logo\/image\/"}}]}},"_links":{"self":[{"href":"https:\/\/easystar.ee\/ru\/wp-json\/wp\/v2\/product\/29384","targetHints":{"allow":["GET"]}}],"collection":[{"href":"https:\/\/easystar.ee\/ru\/wp-json\/wp\/v2\/product"}],"about":[{"href":"https:\/\/easystar.ee\/ru\/wp-json\/wp\/v2\/types\/product"}],"wp:featuredmedia":[{"embeddable":true,"href":"https:\/\/easystar.ee\/ru\/wp-json\/wp\/v2\/media\/1521"}],"wp:attachment":[{"href":"https:\/\/easystar.ee\/ru\/wp-json\/wp\/v2\/media?parent=29384"}],"wp:term":[{"taxonomy":"product_brand","embeddable":true,"href":"https:\/\/easystar.ee\/ru\/wp-json\/wp\/v2\/product_brand?post=29384"},{"taxonomy":"product_cat","embeddable":true,"href":"https:\/\/easystar.ee\/ru\/wp-json\/wp\/v2\/product_cat?post=29384"},{"taxonomy":"product_tag","embeddable":true,"href":"https:\/\/easystar.ee\/ru\/wp-json\/wp\/v2\/product_tag?post=29384"}],"curies":[{"name":"wp","href":"https:\/\/api.w.org\/{rel}","templated":true}]}}