{"id":29357,"date":"2024-05-30T16:42:49","date_gmt":"2024-05-30T16:42:49","guid":{"rendered":"https:\/\/easystar.ee\/toode\/torupuhasti-1l-k501\/"},"modified":"2026-02-17T01:30:10","modified_gmt":"2026-02-17T01:30:10","slug":"torupuhasti-1l-o13331-k501","status":"publish","type":"product","link":"https:\/\/easystar.ee\/ru\/toode\/torupuhasti-1l-o13331-k501\/","title":{"rendered":"Torupuhasti 1L (O13331) K501"},"content":{"rendered":"","protected":false},"excerpt":{"rendered":"<p>Vahend kanalisatsiooni ummistuste k\u00f5rvaldamiseks ja ennetamiseks. Ummistuse korral valada torustikku 300-500 ml vahendit, lasta toimida 1,5-2 tundi. Vajadusel kauem. Seej\u00e4rel uhta kuuma veega. Ummistuste ennetamiseks toimida samuti ca 200ml vahendiga kuus. Ettevaatust leelis! Sisaldab naatriumh\u00fcdroksiidi. P\u00f5hjustab tugevat s\u00f6\u00f6vitust. Hoida lastele k\u00e4ttesaamatult! Silma sattudes loputada rohke veega ja p\u00f6\u00f6rduda arsti poole. Kanda sobivaid kaitsekindaid ja kaitseprille. \u00d5nnetusjuhtumi korral p\u00f6\u00f6rduda arsti poole, v\u00f5imalusel n\u00e4idata etiketti. S\u00e4ilivusaega ei piirata.<br \/>\nPakend: 1l pudel, 3l kanister ja 5l kanister. pH 12,5<\/p>\n","protected":false},"featured_media":1467,"template":"","meta":{"_acf_changed":false},"product_brand":[],"product_cat":[1831,1985],"product_tag":[],"class_list":{"0":"post-29357","1":"product","2":"type-product","3":"status-publish","4":"has-post-thumbnail","6":"product_cat-himija","7":"product_cat-shhelochnye-sredstva-kuhnya-tualet-truby","9":"first","10":"instock","11":"taxable","12":"shipping-taxable","13":"purchasable","14":"product-type-simple"},"acf":[],"yoast_head":"<!-- This site is optimized with the Yoast SEO plugin v27.3 - https:\/\/yoast.com\/product\/yoast-seo-wordpress\/ -->\n<title>Torupuhasti 1L (O13331) K501 &#8212; Easy Star O\u00dc<\/title>\n<meta name=\"robots\" content=\"index, follow, max-snippet:-1, max-image-preview:large, max-video-preview:-1\" \/>\n<link rel=\"canonical\" href=\"https:\/\/easystar.ee\/toode\/torupuhasti-1l-o13331-k501\/\" \/>\n<meta property=\"og:locale\" content=\"ru_RU\" \/>\n<meta property=\"og:type\" content=\"article\" \/>\n<meta property=\"og:title\" content=\"Torupuhasti 1L (O13331) K501 &#8212; Easy Star O\u00dc\" \/>\n<meta property=\"og:description\" content=\"Vahend kanalisatsiooni ummistuste k\u00f5rvaldamiseks ja ennetamiseks. Ummistuse korral valada torustikku 300-500 ml vahendit, lasta toimida 1,5-2 tundi. Vajadusel kauem. Seej\u00e4rel uhta kuuma veega. Ummistuste ennetamiseks toimida samuti ca 200ml vahendiga kuus. Ettevaatust leelis! Sisaldab naatriumh\u00fcdroksiidi. P\u00f5hjustab tugevat s\u00f6\u00f6vitust. Hoida lastele k\u00e4ttesaamatult! Silma sattudes loputada rohke veega ja p\u00f6\u00f6rduda arsti poole. Kanda sobivaid kaitsekindaid ja kaitseprille. \u00d5nnetusjuhtumi korral p\u00f6\u00f6rduda arsti poole, v\u00f5imalusel n\u00e4idata etiketti. S\u00e4ilivusaega ei piirata. Pakend: 1l pudel, 3l kanister ja 5l kanister. pH 12,5\" \/>\n<meta property=\"og:url\" content=\"https:\/\/easystar.ee\/toode\/torupuhasti-1l-o13331-k501\/\" \/>\n<meta property=\"og:site_name\" content=\"Easy Star O\u00dc\" \/>\n<meta property=\"article:modified_time\" content=\"2026-02-17T01:30:10+00:00\" \/>\n<meta property=\"og:image\" content=\"https:\/\/easystar.ee\/wp-content\/uploads\/2024\/04\/4740244012853.jpg\" \/>\n\t<meta property=\"og:image:width\" content=\"160\" \/>\n\t<meta property=\"og:image:height\" content=\"452\" \/>\n\t<meta property=\"og:image:type\" content=\"image\/jpeg\" \/>\n<meta name=\"twitter:card\" content=\"summary_large_image\" \/>\n<script type=\"application\/ld+json\" class=\"yoast-schema-graph\">{\"@context\":\"https:\\\/\\\/schema.org\",\"@graph\":[{\"@type\":\"WebPage\",\"@id\":\"https:\\\/\\\/easystar.ee\\\/toode\\\/torupuhasti-1l-o13331-k501\\\/\",\"url\":\"https:\\\/\\\/easystar.ee\\\/toode\\\/torupuhasti-1l-o13331-k501\\\/\",\"name\":\"Torupuhasti 1L (O13331) K501 &#8212; Easy Star O\u00dc\",\"isPartOf\":{\"@id\":\"https:\\\/\\\/easystar.ee\\\/#website\"},\"primaryImageOfPage\":{\"@id\":\"https:\\\/\\\/easystar.ee\\\/toode\\\/torupuhasti-1l-o13331-k501\\\/#primaryimage\"},\"image\":{\"@id\":\"https:\\\/\\\/easystar.ee\\\/toode\\\/torupuhasti-1l-o13331-k501\\\/#primaryimage\"},\"thumbnailUrl\":\"https:\\\/\\\/easystar.ee\\\/wp-content\\\/uploads\\\/2024\\\/04\\\/4740244012853.jpg\",\"datePublished\":\"2024-05-30T16:42:49+00:00\",\"dateModified\":\"2026-02-17T01:30:10+00:00\",\"breadcrumb\":{\"@id\":\"https:\\\/\\\/easystar.ee\\\/toode\\\/torupuhasti-1l-o13331-k501\\\/#breadcrumb\"},\"inLanguage\":\"ru-RU\",\"potentialAction\":[{\"@type\":\"ReadAction\",\"target\":[\"https:\\\/\\\/easystar.ee\\\/toode\\\/torupuhasti-1l-o13331-k501\\\/\"]}]},{\"@type\":\"ImageObject\",\"inLanguage\":\"ru-RU\",\"@id\":\"https:\\\/\\\/easystar.ee\\\/toode\\\/torupuhasti-1l-o13331-k501\\\/#primaryimage\",\"url\":\"https:\\\/\\\/easystar.ee\\\/wp-content\\\/uploads\\\/2024\\\/04\\\/4740244012853.jpg\",\"contentUrl\":\"https:\\\/\\\/easystar.ee\\\/wp-content\\\/uploads\\\/2024\\\/04\\\/4740244012853.jpg\",\"width\":160,\"height\":452},{\"@type\":\"BreadcrumbList\",\"@id\":\"https:\\\/\\\/easystar.ee\\\/toode\\\/torupuhasti-1l-o13331-k501\\\/#breadcrumb\",\"itemListElement\":[{\"@type\":\"ListItem\",\"position\":1,\"name\":\"Home\",\"item\":\"https:\\\/\\\/easystar.ee\\\/ru\\\/\"},{\"@type\":\"ListItem\",\"position\":2,\"name\":\"\u0422\u043e\u0432\u0430\u0440\u044b\",\"item\":\"https:\\\/\\\/easystar.ee\\\/ru\\\/tovary\\\/\"},{\"@type\":\"ListItem\",\"position\":3,\"name\":\"Torupuhasti 1L (O13331) K501\"}]},{\"@type\":\"WebSite\",\"@id\":\"https:\\\/\\\/easystar.ee\\\/#website\",\"url\":\"https:\\\/\\\/easystar.ee\\\/\",\"name\":\"Easystar.ee\",\"description\":\"\",\"publisher\":{\"@id\":\"https:\\\/\\\/easystar.ee\\\/#organization\"},\"alternateName\":\"Keskkonnas\u00f5bralikud pehmepaberitooted teie kontorisse\",\"potentialAction\":[{\"@type\":\"SearchAction\",\"target\":{\"@type\":\"EntryPoint\",\"urlTemplate\":\"https:\\\/\\\/easystar.ee\\\/?s={search_term_string}\"},\"query-input\":{\"@type\":\"PropertyValueSpecification\",\"valueRequired\":true,\"valueName\":\"search_term_string\"}}],\"inLanguage\":\"ru-RU\"},{\"@type\":\"Organization\",\"@id\":\"https:\\\/\\\/easystar.ee\\\/#organization\",\"name\":\"Easy Star O\u00dc\",\"url\":\"https:\\\/\\\/easystar.ee\\\/\",\"logo\":{\"@type\":\"ImageObject\",\"inLanguage\":\"ru-RU\",\"@id\":\"https:\\\/\\\/easystar.ee\\\/#\\\/schema\\\/logo\\\/image\\\/\",\"url\":\"https:\\\/\\\/easystar.ee\\\/wp-content\\\/uploads\\\/2024\\\/03\\\/easystar-logo.svg\",\"contentUrl\":\"https:\\\/\\\/easystar.ee\\\/wp-content\\\/uploads\\\/2024\\\/03\\\/easystar-logo.svg\",\"width\":2000,\"height\":2000,\"caption\":\"Easy Star O\u00dc\"},\"image\":{\"@id\":\"https:\\\/\\\/easystar.ee\\\/#\\\/schema\\\/logo\\\/image\\\/\"}}]}<\/script>\n<!-- \/ Yoast SEO plugin. -->","yoast_head_json":{"title":"Torupuhasti 1L (O13331) K501 &#8212; Easy Star O\u00dc","robots":{"index":"index","follow":"follow","max-snippet":"max-snippet:-1","max-image-preview":"max-image-preview:large","max-video-preview":"max-video-preview:-1"},"canonical":"https:\/\/easystar.ee\/toode\/torupuhasti-1l-o13331-k501\/","og_locale":"ru_RU","og_type":"article","og_title":"Torupuhasti 1L (O13331) K501 &#8212; Easy Star O\u00dc","og_description":"Vahend kanalisatsiooni ummistuste k\u00f5rvaldamiseks ja ennetamiseks. Ummistuse korral valada torustikku 300-500 ml vahendit, lasta toimida 1,5-2 tundi. Vajadusel kauem. Seej\u00e4rel uhta kuuma veega. Ummistuste ennetamiseks toimida samuti ca 200ml vahendiga kuus. Ettevaatust leelis! Sisaldab naatriumh\u00fcdroksiidi. P\u00f5hjustab tugevat s\u00f6\u00f6vitust. Hoida lastele k\u00e4ttesaamatult! Silma sattudes loputada rohke veega ja p\u00f6\u00f6rduda arsti poole. Kanda sobivaid kaitsekindaid ja kaitseprille. \u00d5nnetusjuhtumi korral p\u00f6\u00f6rduda arsti poole, v\u00f5imalusel n\u00e4idata etiketti. S\u00e4ilivusaega ei piirata. Pakend: 1l pudel, 3l kanister ja 5l kanister. pH 12,5","og_url":"https:\/\/easystar.ee\/toode\/torupuhasti-1l-o13331-k501\/","og_site_name":"Easy Star O\u00dc","article_modified_time":"2026-02-17T01:30:10+00:00","og_image":[{"width":160,"height":452,"url":"https:\/\/easystar.ee\/wp-content\/uploads\/2024\/04\/4740244012853.jpg","type":"image\/jpeg"}],"twitter_card":"summary_large_image","schema":{"@context":"https:\/\/schema.org","@graph":[{"@type":"WebPage","@id":"https:\/\/easystar.ee\/toode\/torupuhasti-1l-o13331-k501\/","url":"https:\/\/easystar.ee\/toode\/torupuhasti-1l-o13331-k501\/","name":"Torupuhasti 1L (O13331) K501 &#8212; Easy Star O\u00dc","isPartOf":{"@id":"https:\/\/easystar.ee\/#website"},"primaryImageOfPage":{"@id":"https:\/\/easystar.ee\/toode\/torupuhasti-1l-o13331-k501\/#primaryimage"},"image":{"@id":"https:\/\/easystar.ee\/toode\/torupuhasti-1l-o13331-k501\/#primaryimage"},"thumbnailUrl":"https:\/\/easystar.ee\/wp-content\/uploads\/2024\/04\/4740244012853.jpg","datePublished":"2024-05-30T16:42:49+00:00","dateModified":"2026-02-17T01:30:10+00:00","breadcrumb":{"@id":"https:\/\/easystar.ee\/toode\/torupuhasti-1l-o13331-k501\/#breadcrumb"},"inLanguage":"ru-RU","potentialAction":[{"@type":"ReadAction","target":["https:\/\/easystar.ee\/toode\/torupuhasti-1l-o13331-k501\/"]}]},{"@type":"ImageObject","inLanguage":"ru-RU","@id":"https:\/\/easystar.ee\/toode\/torupuhasti-1l-o13331-k501\/#primaryimage","url":"https:\/\/easystar.ee\/wp-content\/uploads\/2024\/04\/4740244012853.jpg","contentUrl":"https:\/\/easystar.ee\/wp-content\/uploads\/2024\/04\/4740244012853.jpg","width":160,"height":452},{"@type":"BreadcrumbList","@id":"https:\/\/easystar.ee\/toode\/torupuhasti-1l-o13331-k501\/#breadcrumb","itemListElement":[{"@type":"ListItem","position":1,"name":"Home","item":"https:\/\/easystar.ee\/ru\/"},{"@type":"ListItem","position":2,"name":"\u0422\u043e\u0432\u0430\u0440\u044b","item":"https:\/\/easystar.ee\/ru\/tovary\/"},{"@type":"ListItem","position":3,"name":"Torupuhasti 1L (O13331) K501"}]},{"@type":"WebSite","@id":"https:\/\/easystar.ee\/#website","url":"https:\/\/easystar.ee\/","name":"Easystar.ee","description":"","publisher":{"@id":"https:\/\/easystar.ee\/#organization"},"alternateName":"Keskkonnas\u00f5bralikud pehmepaberitooted teie kontorisse","potentialAction":[{"@type":"SearchAction","target":{"@type":"EntryPoint","urlTemplate":"https:\/\/easystar.ee\/?s={search_term_string}"},"query-input":{"@type":"PropertyValueSpecification","valueRequired":true,"valueName":"search_term_string"}}],"inLanguage":"ru-RU"},{"@type":"Organization","@id":"https:\/\/easystar.ee\/#organization","name":"Easy Star O\u00dc","url":"https:\/\/easystar.ee\/","logo":{"@type":"ImageObject","inLanguage":"ru-RU","@id":"https:\/\/easystar.ee\/#\/schema\/logo\/image\/","url":"https:\/\/easystar.ee\/wp-content\/uploads\/2024\/03\/easystar-logo.svg","contentUrl":"https:\/\/easystar.ee\/wp-content\/uploads\/2024\/03\/easystar-logo.svg","width":2000,"height":2000,"caption":"Easy Star O\u00dc"},"image":{"@id":"https:\/\/easystar.ee\/#\/schema\/logo\/image\/"}}]}},"_links":{"self":[{"href":"https:\/\/easystar.ee\/ru\/wp-json\/wp\/v2\/product\/29357","targetHints":{"allow":["GET"]}}],"collection":[{"href":"https:\/\/easystar.ee\/ru\/wp-json\/wp\/v2\/product"}],"about":[{"href":"https:\/\/easystar.ee\/ru\/wp-json\/wp\/v2\/types\/product"}],"wp:featuredmedia":[{"embeddable":true,"href":"https:\/\/easystar.ee\/ru\/wp-json\/wp\/v2\/media\/1467"}],"wp:attachment":[{"href":"https:\/\/easystar.ee\/ru\/wp-json\/wp\/v2\/media?parent=29357"}],"wp:term":[{"taxonomy":"product_brand","embeddable":true,"href":"https:\/\/easystar.ee\/ru\/wp-json\/wp\/v2\/product_brand?post=29357"},{"taxonomy":"product_cat","embeddable":true,"href":"https:\/\/easystar.ee\/ru\/wp-json\/wp\/v2\/product_cat?post=29357"},{"taxonomy":"product_tag","embeddable":true,"href":"https:\/\/easystar.ee\/ru\/wp-json\/wp\/v2\/product_tag?post=29357"}],"curies":[{"name":"wp","href":"https:\/\/api.w.org\/{rel}","templated":true}]}}