{"id":68678,"date":"2026-05-08T01:30:05","date_gmt":"2026-05-08T01:30:05","guid":{"rendered":"https:\/\/easystar.ee\/toode\/majapidamiskinnas-nitriil-nitrex-34cm-s-roheline-kt2666\/"},"modified":"2026-05-08T01:30:05","modified_gmt":"2026-05-08T01:30:05","slug":"majapidamiskinnas-nitriil-nitrex-34cm-s-roheline-kt2666","status":"publish","type":"product","link":"https:\/\/easystar.ee\/en\/toode\/majapidamiskinnas-nitriil-nitrex-34cm-s-roheline-kt2666\/","title":{"rendered":"Majapidamiskinnas nitriil NITREX 34cm S roheline KT2666"},"content":{"rendered":"","protected":false},"excerpt":{"rendered":"<p>V\u00e4ga hea kulumiskindlusega nitriilist kemikaalikindlad kummikindad. Kindad pakuvad v\u00e4ga t\u00f5husat kaitset bioloogiliste ohtude ja kemikaalide eest. Kindal on reljeefne peopesa ja s\u00f5rmeotsad. Kummikindad on hea painduvusega, elastsusega ja puutetundlikkusega. Majapidamiskinnastel on suurep\u00e4rane haare kuivades ja niisketes oludes, isegi madalatel temperatuuridel. Sobivad ka toiduainete k\u00e4itlemiseks. Puuvillavooder. Pikkus 34 cm, paksus 0,4mm. Pakis 12 paari, kastis 144 paari.<br \/>\nVastavused: CE-tootem\u00e4rgis CAT III<br \/>\nToiduohutuse sertifikaat<br \/>\nEN 388:2016 &#8211; 3101X<br \/>\nEN 374-5:2016<br \/>\nEN 374-1:2016 T\u00fc\u00fcp A, AJKLPOT<br \/>\nEN 420:2003<\/p>\n","protected":false},"featured_media":68675,"template":"","meta":{"_acf_changed":false},"product_brand":[],"product_cat":[2011,1861],"product_tag":[],"class_list":{"0":"post-68678","1":"product","2":"type-product","3":"status-publish","4":"has-post-thumbnail","6":"product_cat-majapidamiskindad-en","7":"product_cat-ppe-personal-protective-equipment","9":"first","10":"outofstock","11":"taxable","12":"shipping-taxable","13":"purchasable","14":"product-type-simple"},"acf":[],"yoast_head":"<!-- This site is optimized with the Yoast SEO plugin v27.5 - https:\/\/yoast.com\/product\/yoast-seo-wordpress\/ -->\n<title>Majapidamiskinnas nitriil NITREX 34cm S roheline KT2666 &#8212; Easy Star O\u00dc<\/title>\n<meta name=\"robots\" content=\"index, follow, max-snippet:-1, max-image-preview:large, max-video-preview:-1\" \/>\n<link rel=\"canonical\" href=\"https:\/\/easystar.ee\/en\/toode\/majapidamiskinnas-nitriil-nitrex-34cm-s-roheline-kt2666\/\" \/>\n<meta property=\"og:locale\" content=\"en_US\" \/>\n<meta property=\"og:type\" content=\"article\" \/>\n<meta property=\"og:title\" content=\"Majapidamiskinnas nitriil NITREX 34cm S roheline KT2666 &#8212; Easy Star O\u00dc\" \/>\n<meta property=\"og:description\" content=\"V\u00e4ga hea kulumiskindlusega nitriilist kemikaalikindlad kummikindad. Kindad pakuvad v\u00e4ga t\u00f5husat kaitset bioloogiliste ohtude ja kemikaalide eest. Kindal on reljeefne peopesa ja s\u00f5rmeotsad. Kummikindad on hea painduvusega, elastsusega ja puutetundlikkusega. Majapidamiskinnastel on suurep\u00e4rane haare kuivades ja niisketes oludes, isegi madalatel temperatuuridel. Sobivad ka toiduainete k\u00e4itlemiseks. Puuvillavooder. Pikkus 34 cm, paksus 0,4mm. Pakis 12 paari, kastis 144 paari. Vastavused: CE-tootem\u00e4rgis CAT III Toiduohutuse sertifikaat EN 388:2016 - 3101X EN 374-5:2016 EN 374-1:2016 T\u00fc\u00fcp A, AJKLPOT EN 420:2003\" \/>\n<meta property=\"og:url\" content=\"https:\/\/easystar.ee\/en\/toode\/majapidamiskinnas-nitriil-nitrex-34cm-s-roheline-kt2666\/\" \/>\n<meta property=\"og:site_name\" content=\"Easy Star O\u00dc\" \/>\n<meta property=\"og:image\" content=\"https:\/\/easystar.ee\/wp-content\/uploads\/2024\/03\/easystar-hero-image.png\" \/>\n\t<meta property=\"og:image:width\" content=\"1056\" \/>\n\t<meta property=\"og:image:height\" content=\"880\" \/>\n\t<meta property=\"og:image:type\" content=\"image\/png\" \/>\n<meta name=\"twitter:card\" content=\"summary_large_image\" \/>\n<script type=\"application\/ld+json\" class=\"yoast-schema-graph\">{\"@context\":\"https:\\\/\\\/schema.org\",\"@graph\":[{\"@type\":\"WebPage\",\"@id\":\"https:\\\/\\\/easystar.ee\\\/en\\\/toode\\\/majapidamiskinnas-nitriil-nitrex-34cm-s-roheline-kt2666\\\/\",\"url\":\"https:\\\/\\\/easystar.ee\\\/en\\\/toode\\\/majapidamiskinnas-nitriil-nitrex-34cm-s-roheline-kt2666\\\/\",\"name\":\"Majapidamiskinnas nitriil NITREX 34cm S roheline KT2666 &#8212; Easy Star O\u00dc\",\"isPartOf\":{\"@id\":\"https:\\\/\\\/easystar.ee\\\/#website\"},\"primaryImageOfPage\":{\"@id\":\"https:\\\/\\\/easystar.ee\\\/en\\\/toode\\\/majapidamiskinnas-nitriil-nitrex-34cm-s-roheline-kt2666\\\/#primaryimage\"},\"image\":{\"@id\":\"https:\\\/\\\/easystar.ee\\\/en\\\/toode\\\/majapidamiskinnas-nitriil-nitrex-34cm-s-roheline-kt2666\\\/#primaryimage\"},\"thumbnailUrl\":\"https:\\\/\\\/easystar.ee\\\/wp-content\\\/uploads\\\/2026\\\/05\\\/2666-65.jpg\",\"datePublished\":\"2026-05-08T01:30:05+00:00\",\"breadcrumb\":{\"@id\":\"https:\\\/\\\/easystar.ee\\\/en\\\/toode\\\/majapidamiskinnas-nitriil-nitrex-34cm-s-roheline-kt2666\\\/#breadcrumb\"},\"inLanguage\":\"en-US\",\"potentialAction\":[{\"@type\":\"ReadAction\",\"target\":[\"https:\\\/\\\/easystar.ee\\\/en\\\/toode\\\/majapidamiskinnas-nitriil-nitrex-34cm-s-roheline-kt2666\\\/\"]}]},{\"@type\":\"ImageObject\",\"inLanguage\":\"en-US\",\"@id\":\"https:\\\/\\\/easystar.ee\\\/en\\\/toode\\\/majapidamiskinnas-nitriil-nitrex-34cm-s-roheline-kt2666\\\/#primaryimage\",\"url\":\"https:\\\/\\\/easystar.ee\\\/wp-content\\\/uploads\\\/2026\\\/05\\\/2666-65.jpg\",\"contentUrl\":\"https:\\\/\\\/easystar.ee\\\/wp-content\\\/uploads\\\/2026\\\/05\\\/2666-65.jpg\",\"width\":474,\"height\":501},{\"@type\":\"BreadcrumbList\",\"@id\":\"https:\\\/\\\/easystar.ee\\\/en\\\/toode\\\/majapidamiskinnas-nitriil-nitrex-34cm-s-roheline-kt2666\\\/#breadcrumb\",\"itemListElement\":[{\"@type\":\"ListItem\",\"position\":1,\"name\":\"Home\",\"item\":\"https:\\\/\\\/easystar.ee\\\/ru\\\/\"},{\"@type\":\"ListItem\",\"position\":2,\"name\":\"Shop\",\"item\":\"https:\\\/\\\/easystar.ee\\\/tooted\\\/\"},{\"@type\":\"ListItem\",\"position\":3,\"name\":\"Majapidamiskinnas nitriil NITREX 34cm S roheline KT2666\"}]},{\"@type\":\"WebSite\",\"@id\":\"https:\\\/\\\/easystar.ee\\\/#website\",\"url\":\"https:\\\/\\\/easystar.ee\\\/\",\"name\":\"Easystar.ee\",\"description\":\"\",\"publisher\":{\"@id\":\"https:\\\/\\\/easystar.ee\\\/#organization\"},\"alternateName\":\"Keskkonnas\u00f5bralikud pehmepaberitooted teie kontorisse\",\"potentialAction\":[{\"@type\":\"SearchAction\",\"target\":{\"@type\":\"EntryPoint\",\"urlTemplate\":\"https:\\\/\\\/easystar.ee\\\/?s={search_term_string}\"},\"query-input\":{\"@type\":\"PropertyValueSpecification\",\"valueRequired\":true,\"valueName\":\"search_term_string\"}}],\"inLanguage\":\"en-US\"},{\"@type\":\"Organization\",\"@id\":\"https:\\\/\\\/easystar.ee\\\/#organization\",\"name\":\"Easy Star O\u00dc\",\"url\":\"https:\\\/\\\/easystar.ee\\\/\",\"logo\":{\"@type\":\"ImageObject\",\"inLanguage\":\"en-US\",\"@id\":\"https:\\\/\\\/easystar.ee\\\/#\\\/schema\\\/logo\\\/image\\\/\",\"url\":\"https:\\\/\\\/easystar.ee\\\/wp-content\\\/uploads\\\/2024\\\/03\\\/easystar-logo.svg\",\"contentUrl\":\"https:\\\/\\\/easystar.ee\\\/wp-content\\\/uploads\\\/2024\\\/03\\\/easystar-logo.svg\",\"width\":2000,\"height\":2000,\"caption\":\"Easy Star O\u00dc\"},\"image\":{\"@id\":\"https:\\\/\\\/easystar.ee\\\/#\\\/schema\\\/logo\\\/image\\\/\"}}]}<\/script>\n<!-- \/ Yoast SEO plugin. -->","yoast_head_json":{"title":"Majapidamiskinnas nitriil NITREX 34cm S roheline KT2666 &#8212; Easy Star O\u00dc","robots":{"index":"index","follow":"follow","max-snippet":"max-snippet:-1","max-image-preview":"max-image-preview:large","max-video-preview":"max-video-preview:-1"},"canonical":"https:\/\/easystar.ee\/en\/toode\/majapidamiskinnas-nitriil-nitrex-34cm-s-roheline-kt2666\/","og_locale":"en_US","og_type":"article","og_title":"Majapidamiskinnas nitriil NITREX 34cm S roheline KT2666 &#8212; Easy Star O\u00dc","og_description":"V\u00e4ga hea kulumiskindlusega nitriilist kemikaalikindlad kummikindad. Kindad pakuvad v\u00e4ga t\u00f5husat kaitset bioloogiliste ohtude ja kemikaalide eest. Kindal on reljeefne peopesa ja s\u00f5rmeotsad. Kummikindad on hea painduvusega, elastsusega ja puutetundlikkusega. Majapidamiskinnastel on suurep\u00e4rane haare kuivades ja niisketes oludes, isegi madalatel temperatuuridel. Sobivad ka toiduainete k\u00e4itlemiseks. Puuvillavooder. Pikkus 34 cm, paksus 0,4mm. Pakis 12 paari, kastis 144 paari. Vastavused: CE-tootem\u00e4rgis CAT III Toiduohutuse sertifikaat EN 388:2016 - 3101X EN 374-5:2016 EN 374-1:2016 T\u00fc\u00fcp A, AJKLPOT EN 420:2003","og_url":"https:\/\/easystar.ee\/en\/toode\/majapidamiskinnas-nitriil-nitrex-34cm-s-roheline-kt2666\/","og_site_name":"Easy Star O\u00dc","og_image":[{"width":1056,"height":880,"url":"https:\/\/easystar.ee\/wp-content\/uploads\/2024\/03\/easystar-hero-image.png","type":"image\/png"}],"twitter_card":"summary_large_image","schema":{"@context":"https:\/\/schema.org","@graph":[{"@type":"WebPage","@id":"https:\/\/easystar.ee\/en\/toode\/majapidamiskinnas-nitriil-nitrex-34cm-s-roheline-kt2666\/","url":"https:\/\/easystar.ee\/en\/toode\/majapidamiskinnas-nitriil-nitrex-34cm-s-roheline-kt2666\/","name":"Majapidamiskinnas nitriil NITREX 34cm S roheline KT2666 &#8212; Easy Star O\u00dc","isPartOf":{"@id":"https:\/\/easystar.ee\/#website"},"primaryImageOfPage":{"@id":"https:\/\/easystar.ee\/en\/toode\/majapidamiskinnas-nitriil-nitrex-34cm-s-roheline-kt2666\/#primaryimage"},"image":{"@id":"https:\/\/easystar.ee\/en\/toode\/majapidamiskinnas-nitriil-nitrex-34cm-s-roheline-kt2666\/#primaryimage"},"thumbnailUrl":"https:\/\/easystar.ee\/wp-content\/uploads\/2026\/05\/2666-65.jpg","datePublished":"2026-05-08T01:30:05+00:00","breadcrumb":{"@id":"https:\/\/easystar.ee\/en\/toode\/majapidamiskinnas-nitriil-nitrex-34cm-s-roheline-kt2666\/#breadcrumb"},"inLanguage":"en-US","potentialAction":[{"@type":"ReadAction","target":["https:\/\/easystar.ee\/en\/toode\/majapidamiskinnas-nitriil-nitrex-34cm-s-roheline-kt2666\/"]}]},{"@type":"ImageObject","inLanguage":"en-US","@id":"https:\/\/easystar.ee\/en\/toode\/majapidamiskinnas-nitriil-nitrex-34cm-s-roheline-kt2666\/#primaryimage","url":"https:\/\/easystar.ee\/wp-content\/uploads\/2026\/05\/2666-65.jpg","contentUrl":"https:\/\/easystar.ee\/wp-content\/uploads\/2026\/05\/2666-65.jpg","width":474,"height":501},{"@type":"BreadcrumbList","@id":"https:\/\/easystar.ee\/en\/toode\/majapidamiskinnas-nitriil-nitrex-34cm-s-roheline-kt2666\/#breadcrumb","itemListElement":[{"@type":"ListItem","position":1,"name":"Home","item":"https:\/\/easystar.ee\/ru\/"},{"@type":"ListItem","position":2,"name":"Shop","item":"https:\/\/easystar.ee\/tooted\/"},{"@type":"ListItem","position":3,"name":"Majapidamiskinnas nitriil NITREX 34cm S roheline KT2666"}]},{"@type":"WebSite","@id":"https:\/\/easystar.ee\/#website","url":"https:\/\/easystar.ee\/","name":"Easystar.ee","description":"","publisher":{"@id":"https:\/\/easystar.ee\/#organization"},"alternateName":"Keskkonnas\u00f5bralikud pehmepaberitooted teie kontorisse","potentialAction":[{"@type":"SearchAction","target":{"@type":"EntryPoint","urlTemplate":"https:\/\/easystar.ee\/?s={search_term_string}"},"query-input":{"@type":"PropertyValueSpecification","valueRequired":true,"valueName":"search_term_string"}}],"inLanguage":"en-US"},{"@type":"Organization","@id":"https:\/\/easystar.ee\/#organization","name":"Easy Star O\u00dc","url":"https:\/\/easystar.ee\/","logo":{"@type":"ImageObject","inLanguage":"en-US","@id":"https:\/\/easystar.ee\/#\/schema\/logo\/image\/","url":"https:\/\/easystar.ee\/wp-content\/uploads\/2024\/03\/easystar-logo.svg","contentUrl":"https:\/\/easystar.ee\/wp-content\/uploads\/2024\/03\/easystar-logo.svg","width":2000,"height":2000,"caption":"Easy Star O\u00dc"},"image":{"@id":"https:\/\/easystar.ee\/#\/schema\/logo\/image\/"}}]}},"_links":{"self":[{"href":"https:\/\/easystar.ee\/en\/wp-json\/wp\/v2\/product\/68678","targetHints":{"allow":["GET"]}}],"collection":[{"href":"https:\/\/easystar.ee\/en\/wp-json\/wp\/v2\/product"}],"about":[{"href":"https:\/\/easystar.ee\/en\/wp-json\/wp\/v2\/types\/product"}],"wp:featuredmedia":[{"embeddable":true,"href":"https:\/\/easystar.ee\/en\/wp-json\/wp\/v2\/media\/68675"}],"wp:attachment":[{"href":"https:\/\/easystar.ee\/en\/wp-json\/wp\/v2\/media?parent=68678"}],"wp:term":[{"taxonomy":"product_brand","embeddable":true,"href":"https:\/\/easystar.ee\/en\/wp-json\/wp\/v2\/product_brand?post=68678"},{"taxonomy":"product_cat","embeddable":true,"href":"https:\/\/easystar.ee\/en\/wp-json\/wp\/v2\/product_cat?post=68678"},{"taxonomy":"product_tag","embeddable":true,"href":"https:\/\/easystar.ee\/en\/wp-json\/wp\/v2\/product_tag?post=68678"}],"curies":[{"name":"wp","href":"https:\/\/api.w.org\/{rel}","templated":true}]}}