{"id":68556,"date":"2026-04-24T01:30:07","date_gmt":"2026-04-24T01:30:07","guid":{"rendered":"https:\/\/easystar.ee\/toode\/tork-s4-alkoholiga-extra-desinfitseeriv-kategeel-1l-k424205\/"},"modified":"2026-04-24T01:30:07","modified_gmt":"2026-04-24T01:30:07","slug":"tork-s4-alkoholiga-extra-desinfitseeriv-kategeel-1l-k424205","status":"publish","type":"product","link":"https:\/\/easystar.ee\/en\/toode\/tork-s4-alkoholiga-extra-desinfitseeriv-kategeel-1l-k424205\/","title":{"rendered":"Tork S4 Alkoholiga Extra desinfitseeriv k\u00e4tegeel 1L K424205"},"content":{"rendered":"","protected":false},"excerpt":{"rendered":"<p>Tork Extra desinfitseeriv alkoholiga geel k\u00e4tele h\u00e4vitab t\u00f5husalt mikroorganisme, et ennetada nakkuste levikut. K\u00f5ige t\u00f5husam geel Tork tootevalikus, millel on bakterite, p\u00e4rmseente ja k\u00f5igi viiruste vastane toime. Ideaalne igap\u00e4evaseks k\u00e4teh\u00fcgieeniks. Sobib kasutamiseks tervishoiu valdkonnas. Kerge ja v\u00e4rskendav geel ei j\u00e4ta k\u00e4tele kleepuvat tunnet ja on dermatoloogiliselt testitud. Sobib k\u00f5igile Tork seebi ja desinfektandi jaoturitele (S4). pH 6.4<br \/>\nT\u00f5hus erinevate probleemsete organismide vastu \u2013 vastab standarditele EN 1500, EN 12791 ja EN 14476 (t\u00e4ielikult viirusevastane &#8212; h\u00f5lmates muu hulgas k\u00f5iki \u00fcmbrisega viirusi, nt HIV, koroonaviirus, gripp, rotaviirus ja noroviirus)***<br \/>\nDermatoloogiliselt testitud, sobib sagedaseks kasutuseks<br \/>\nV\u00e4hendage puhastust\u00f6\u00f6tajate ajakulu: t\u00f5endatud vaevatu taast\u00e4itmine *** v\u00e4hem kui 10 sekundiga ****<br \/>\nAitab tagada hea k\u00e4teh\u00fcgieeni: Tehases \u00f5hukindlalt suletud pudel uue pumbaga iga taast\u00e4itmise jaoks aitab v\u00e4hendada saastumisriski ja kaitsta koostist kuni k\u00e4tele kandmiseni.<br \/>\nV\u00e4hendage j\u00e4\u00e4tmeid: t\u00e4nu kokkupressitavale pudelile v\u00e4heneb j\u00e4\u00e4tmekogus 70%\u200b<\/p>\n","protected":false},"featured_media":68553,"template":"","meta":{"_acf_changed":false},"product_brand":[],"product_cat":[1829,1875],"product_tag":[],"class_list":{"0":"post-68556","1":"product","2":"type-product","3":"status-publish","4":"has-post-thumbnail","6":"product_cat-cleaning-chemicals","7":"product_cat-medical-products","9":"first","10":"outofstock","11":"taxable","12":"shipping-taxable","13":"purchasable","14":"product-type-simple"},"acf":[],"yoast_head":"<!-- This site is optimized with the Yoast SEO plugin v27.5 - https:\/\/yoast.com\/product\/yoast-seo-wordpress\/ -->\n<title>Tork S4 Alkoholiga Extra desinfitseeriv k\u00e4tegeel 1L K424205 &#8212; Easy Star O\u00dc<\/title>\n<meta name=\"robots\" content=\"index, follow, max-snippet:-1, max-image-preview:large, max-video-preview:-1\" \/>\n<link rel=\"canonical\" href=\"https:\/\/easystar.ee\/en\/toode\/tork-s4-alkoholiga-extra-desinfitseeriv-kategeel-1l-k424205\/\" \/>\n<meta property=\"og:locale\" content=\"en_US\" \/>\n<meta property=\"og:type\" content=\"article\" \/>\n<meta property=\"og:title\" content=\"Tork S4 Alkoholiga Extra desinfitseeriv k\u00e4tegeel 1L K424205 &#8212; Easy Star O\u00dc\" \/>\n<meta property=\"og:description\" content=\"Tork Extra desinfitseeriv alkoholiga geel k\u00e4tele h\u00e4vitab t\u00f5husalt mikroorganisme, et ennetada nakkuste levikut. K\u00f5ige t\u00f5husam geel Tork tootevalikus, millel on bakterite, p\u00e4rmseente ja k\u00f5igi viiruste vastane toime. Ideaalne igap\u00e4evaseks k\u00e4teh\u00fcgieeniks. Sobib kasutamiseks tervishoiu valdkonnas. Kerge ja v\u00e4rskendav geel ei j\u00e4ta k\u00e4tele kleepuvat tunnet ja on dermatoloogiliselt testitud. Sobib k\u00f5igile Tork seebi ja desinfektandi jaoturitele (S4). pH 6.4 T\u00f5hus erinevate probleemsete organismide vastu \u2013 vastab standarditele EN 1500, EN 12791 ja EN 14476 (t\u00e4ielikult viirusevastane -- h\u00f5lmates muu hulgas k\u00f5iki \u00fcmbrisega viirusi, nt HIV, koroonaviirus, gripp, rotaviirus ja noroviirus)*** Dermatoloogiliselt testitud, sobib sagedaseks kasutuseks V\u00e4hendage puhastust\u00f6\u00f6tajate ajakulu: t\u00f5endatud vaevatu taast\u00e4itmine *** v\u00e4hem kui 10 sekundiga **** Aitab tagada hea k\u00e4teh\u00fcgieeni: Tehases \u00f5hukindlalt suletud pudel uue pumbaga iga taast\u00e4itmise jaoks aitab v\u00e4hendada saastumisriski ja kaitsta koostist kuni k\u00e4tele kandmiseni. V\u00e4hendage j\u00e4\u00e4tmeid: t\u00e4nu kokkupressitavale pudelile v\u00e4heneb j\u00e4\u00e4tmekogus 70%\u200b\" \/>\n<meta property=\"og:url\" content=\"https:\/\/easystar.ee\/en\/toode\/tork-s4-alkoholiga-extra-desinfitseeriv-kategeel-1l-k424205\/\" \/>\n<meta property=\"og:site_name\" content=\"Easy Star O\u00dc\" \/>\n<meta property=\"og:image\" content=\"https:\/\/easystar.ee\/wp-content\/uploads\/2024\/03\/easystar-hero-image.png\" \/>\n\t<meta property=\"og:image:width\" content=\"1056\" \/>\n\t<meta property=\"og:image:height\" content=\"880\" \/>\n\t<meta property=\"og:image:type\" content=\"image\/png\" \/>\n<meta name=\"twitter:card\" content=\"summary_large_image\" \/>\n<script type=\"application\/ld+json\" class=\"yoast-schema-graph\">{\"@context\":\"https:\\\/\\\/schema.org\",\"@graph\":[{\"@type\":\"WebPage\",\"@id\":\"https:\\\/\\\/easystar.ee\\\/en\\\/toode\\\/tork-s4-alkoholiga-extra-desinfitseeriv-kategeel-1l-k424205\\\/\",\"url\":\"https:\\\/\\\/easystar.ee\\\/en\\\/toode\\\/tork-s4-alkoholiga-extra-desinfitseeriv-kategeel-1l-k424205\\\/\",\"name\":\"Tork S4 Alkoholiga Extra desinfitseeriv k\u00e4tegeel 1L K424205 &#8212; Easy Star O\u00dc\",\"isPartOf\":{\"@id\":\"https:\\\/\\\/easystar.ee\\\/#website\"},\"primaryImageOfPage\":{\"@id\":\"https:\\\/\\\/easystar.ee\\\/en\\\/toode\\\/tork-s4-alkoholiga-extra-desinfitseeriv-kategeel-1l-k424205\\\/#primaryimage\"},\"image\":{\"@id\":\"https:\\\/\\\/easystar.ee\\\/en\\\/toode\\\/tork-s4-alkoholiga-extra-desinfitseeriv-kategeel-1l-k424205\\\/#primaryimage\"},\"thumbnailUrl\":\"https:\\\/\\\/easystar.ee\\\/wp-content\\\/uploads\\\/2026\\\/04\\\/424205-tork.jpg\",\"datePublished\":\"2026-04-24T01:30:07+00:00\",\"breadcrumb\":{\"@id\":\"https:\\\/\\\/easystar.ee\\\/en\\\/toode\\\/tork-s4-alkoholiga-extra-desinfitseeriv-kategeel-1l-k424205\\\/#breadcrumb\"},\"inLanguage\":\"en-US\",\"potentialAction\":[{\"@type\":\"ReadAction\",\"target\":[\"https:\\\/\\\/easystar.ee\\\/en\\\/toode\\\/tork-s4-alkoholiga-extra-desinfitseeriv-kategeel-1l-k424205\\\/\"]}]},{\"@type\":\"ImageObject\",\"inLanguage\":\"en-US\",\"@id\":\"https:\\\/\\\/easystar.ee\\\/en\\\/toode\\\/tork-s4-alkoholiga-extra-desinfitseeriv-kategeel-1l-k424205\\\/#primaryimage\",\"url\":\"https:\\\/\\\/easystar.ee\\\/wp-content\\\/uploads\\\/2026\\\/04\\\/424205-tork.jpg\",\"contentUrl\":\"https:\\\/\\\/easystar.ee\\\/wp-content\\\/uploads\\\/2026\\\/04\\\/424205-tork.jpg\",\"width\":800,\"height\":800},{\"@type\":\"BreadcrumbList\",\"@id\":\"https:\\\/\\\/easystar.ee\\\/en\\\/toode\\\/tork-s4-alkoholiga-extra-desinfitseeriv-kategeel-1l-k424205\\\/#breadcrumb\",\"itemListElement\":[{\"@type\":\"ListItem\",\"position\":1,\"name\":\"Home\",\"item\":\"https:\\\/\\\/easystar.ee\\\/ru\\\/\"},{\"@type\":\"ListItem\",\"position\":2,\"name\":\"Shop\",\"item\":\"https:\\\/\\\/easystar.ee\\\/tooted\\\/\"},{\"@type\":\"ListItem\",\"position\":3,\"name\":\"Tork S4 Alkoholiga Extra desinfitseeriv k\u00e4tegeel 1L K424205\"}]},{\"@type\":\"WebSite\",\"@id\":\"https:\\\/\\\/easystar.ee\\\/#website\",\"url\":\"https:\\\/\\\/easystar.ee\\\/\",\"name\":\"Easystar.ee\",\"description\":\"\",\"publisher\":{\"@id\":\"https:\\\/\\\/easystar.ee\\\/#organization\"},\"alternateName\":\"Keskkonnas\u00f5bralikud pehmepaberitooted teie kontorisse\",\"potentialAction\":[{\"@type\":\"SearchAction\",\"target\":{\"@type\":\"EntryPoint\",\"urlTemplate\":\"https:\\\/\\\/easystar.ee\\\/?s={search_term_string}\"},\"query-input\":{\"@type\":\"PropertyValueSpecification\",\"valueRequired\":true,\"valueName\":\"search_term_string\"}}],\"inLanguage\":\"en-US\"},{\"@type\":\"Organization\",\"@id\":\"https:\\\/\\\/easystar.ee\\\/#organization\",\"name\":\"Easy Star O\u00dc\",\"url\":\"https:\\\/\\\/easystar.ee\\\/\",\"logo\":{\"@type\":\"ImageObject\",\"inLanguage\":\"en-US\",\"@id\":\"https:\\\/\\\/easystar.ee\\\/#\\\/schema\\\/logo\\\/image\\\/\",\"url\":\"https:\\\/\\\/easystar.ee\\\/wp-content\\\/uploads\\\/2024\\\/03\\\/easystar-logo.svg\",\"contentUrl\":\"https:\\\/\\\/easystar.ee\\\/wp-content\\\/uploads\\\/2024\\\/03\\\/easystar-logo.svg\",\"width\":2000,\"height\":2000,\"caption\":\"Easy Star O\u00dc\"},\"image\":{\"@id\":\"https:\\\/\\\/easystar.ee\\\/#\\\/schema\\\/logo\\\/image\\\/\"}}]}<\/script>\n<!-- \/ Yoast SEO plugin. -->","yoast_head_json":{"title":"Tork S4 Alkoholiga Extra desinfitseeriv k\u00e4tegeel 1L K424205 &#8212; Easy Star O\u00dc","robots":{"index":"index","follow":"follow","max-snippet":"max-snippet:-1","max-image-preview":"max-image-preview:large","max-video-preview":"max-video-preview:-1"},"canonical":"https:\/\/easystar.ee\/en\/toode\/tork-s4-alkoholiga-extra-desinfitseeriv-kategeel-1l-k424205\/","og_locale":"en_US","og_type":"article","og_title":"Tork S4 Alkoholiga Extra desinfitseeriv k\u00e4tegeel 1L K424205 &#8212; Easy Star O\u00dc","og_description":"Tork Extra desinfitseeriv alkoholiga geel k\u00e4tele h\u00e4vitab t\u00f5husalt mikroorganisme, et ennetada nakkuste levikut. K\u00f5ige t\u00f5husam geel Tork tootevalikus, millel on bakterite, p\u00e4rmseente ja k\u00f5igi viiruste vastane toime. Ideaalne igap\u00e4evaseks k\u00e4teh\u00fcgieeniks. Sobib kasutamiseks tervishoiu valdkonnas. Kerge ja v\u00e4rskendav geel ei j\u00e4ta k\u00e4tele kleepuvat tunnet ja on dermatoloogiliselt testitud. Sobib k\u00f5igile Tork seebi ja desinfektandi jaoturitele (S4). pH 6.4 T\u00f5hus erinevate probleemsete organismide vastu \u2013 vastab standarditele EN 1500, EN 12791 ja EN 14476 (t\u00e4ielikult viirusevastane -- h\u00f5lmates muu hulgas k\u00f5iki \u00fcmbrisega viirusi, nt HIV, koroonaviirus, gripp, rotaviirus ja noroviirus)*** Dermatoloogiliselt testitud, sobib sagedaseks kasutuseks V\u00e4hendage puhastust\u00f6\u00f6tajate ajakulu: t\u00f5endatud vaevatu taast\u00e4itmine *** v\u00e4hem kui 10 sekundiga **** Aitab tagada hea k\u00e4teh\u00fcgieeni: Tehases \u00f5hukindlalt suletud pudel uue pumbaga iga taast\u00e4itmise jaoks aitab v\u00e4hendada saastumisriski ja kaitsta koostist kuni k\u00e4tele kandmiseni. V\u00e4hendage j\u00e4\u00e4tmeid: t\u00e4nu kokkupressitavale pudelile v\u00e4heneb j\u00e4\u00e4tmekogus 70%\u200b","og_url":"https:\/\/easystar.ee\/en\/toode\/tork-s4-alkoholiga-extra-desinfitseeriv-kategeel-1l-k424205\/","og_site_name":"Easy Star O\u00dc","og_image":[{"width":1056,"height":880,"url":"https:\/\/easystar.ee\/wp-content\/uploads\/2024\/03\/easystar-hero-image.png","type":"image\/png"}],"twitter_card":"summary_large_image","schema":{"@context":"https:\/\/schema.org","@graph":[{"@type":"WebPage","@id":"https:\/\/easystar.ee\/en\/toode\/tork-s4-alkoholiga-extra-desinfitseeriv-kategeel-1l-k424205\/","url":"https:\/\/easystar.ee\/en\/toode\/tork-s4-alkoholiga-extra-desinfitseeriv-kategeel-1l-k424205\/","name":"Tork S4 Alkoholiga Extra desinfitseeriv k\u00e4tegeel 1L K424205 &#8212; Easy Star O\u00dc","isPartOf":{"@id":"https:\/\/easystar.ee\/#website"},"primaryImageOfPage":{"@id":"https:\/\/easystar.ee\/en\/toode\/tork-s4-alkoholiga-extra-desinfitseeriv-kategeel-1l-k424205\/#primaryimage"},"image":{"@id":"https:\/\/easystar.ee\/en\/toode\/tork-s4-alkoholiga-extra-desinfitseeriv-kategeel-1l-k424205\/#primaryimage"},"thumbnailUrl":"https:\/\/easystar.ee\/wp-content\/uploads\/2026\/04\/424205-tork.jpg","datePublished":"2026-04-24T01:30:07+00:00","breadcrumb":{"@id":"https:\/\/easystar.ee\/en\/toode\/tork-s4-alkoholiga-extra-desinfitseeriv-kategeel-1l-k424205\/#breadcrumb"},"inLanguage":"en-US","potentialAction":[{"@type":"ReadAction","target":["https:\/\/easystar.ee\/en\/toode\/tork-s4-alkoholiga-extra-desinfitseeriv-kategeel-1l-k424205\/"]}]},{"@type":"ImageObject","inLanguage":"en-US","@id":"https:\/\/easystar.ee\/en\/toode\/tork-s4-alkoholiga-extra-desinfitseeriv-kategeel-1l-k424205\/#primaryimage","url":"https:\/\/easystar.ee\/wp-content\/uploads\/2026\/04\/424205-tork.jpg","contentUrl":"https:\/\/easystar.ee\/wp-content\/uploads\/2026\/04\/424205-tork.jpg","width":800,"height":800},{"@type":"BreadcrumbList","@id":"https:\/\/easystar.ee\/en\/toode\/tork-s4-alkoholiga-extra-desinfitseeriv-kategeel-1l-k424205\/#breadcrumb","itemListElement":[{"@type":"ListItem","position":1,"name":"Home","item":"https:\/\/easystar.ee\/ru\/"},{"@type":"ListItem","position":2,"name":"Shop","item":"https:\/\/easystar.ee\/tooted\/"},{"@type":"ListItem","position":3,"name":"Tork S4 Alkoholiga Extra desinfitseeriv k\u00e4tegeel 1L K424205"}]},{"@type":"WebSite","@id":"https:\/\/easystar.ee\/#website","url":"https:\/\/easystar.ee\/","name":"Easystar.ee","description":"","publisher":{"@id":"https:\/\/easystar.ee\/#organization"},"alternateName":"Keskkonnas\u00f5bralikud pehmepaberitooted teie kontorisse","potentialAction":[{"@type":"SearchAction","target":{"@type":"EntryPoint","urlTemplate":"https:\/\/easystar.ee\/?s={search_term_string}"},"query-input":{"@type":"PropertyValueSpecification","valueRequired":true,"valueName":"search_term_string"}}],"inLanguage":"en-US"},{"@type":"Organization","@id":"https:\/\/easystar.ee\/#organization","name":"Easy Star O\u00dc","url":"https:\/\/easystar.ee\/","logo":{"@type":"ImageObject","inLanguage":"en-US","@id":"https:\/\/easystar.ee\/#\/schema\/logo\/image\/","url":"https:\/\/easystar.ee\/wp-content\/uploads\/2024\/03\/easystar-logo.svg","contentUrl":"https:\/\/easystar.ee\/wp-content\/uploads\/2024\/03\/easystar-logo.svg","width":2000,"height":2000,"caption":"Easy Star O\u00dc"},"image":{"@id":"https:\/\/easystar.ee\/#\/schema\/logo\/image\/"}}]}},"_links":{"self":[{"href":"https:\/\/easystar.ee\/en\/wp-json\/wp\/v2\/product\/68556","targetHints":{"allow":["GET"]}}],"collection":[{"href":"https:\/\/easystar.ee\/en\/wp-json\/wp\/v2\/product"}],"about":[{"href":"https:\/\/easystar.ee\/en\/wp-json\/wp\/v2\/types\/product"}],"wp:featuredmedia":[{"embeddable":true,"href":"https:\/\/easystar.ee\/en\/wp-json\/wp\/v2\/media\/68553"}],"wp:attachment":[{"href":"https:\/\/easystar.ee\/en\/wp-json\/wp\/v2\/media?parent=68556"}],"wp:term":[{"taxonomy":"product_brand","embeddable":true,"href":"https:\/\/easystar.ee\/en\/wp-json\/wp\/v2\/product_brand?post=68556"},{"taxonomy":"product_cat","embeddable":true,"href":"https:\/\/easystar.ee\/en\/wp-json\/wp\/v2\/product_cat?post=68556"},{"taxonomy":"product_tag","embeddable":true,"href":"https:\/\/easystar.ee\/en\/wp-json\/wp\/v2\/product_tag?post=68556"}],"curies":[{"name":"wp","href":"https:\/\/api.w.org\/{rel}","templated":true}]}}