{"id":68353,"date":"2026-04-08T01:30:06","date_gmt":"2026-04-08T01:30:06","guid":{"rendered":"https:\/\/easystar.ee\/toode\/erisan-pro-hydra-niisutav-katekreem-500ml-pumbaga-k8303\/"},"modified":"2026-04-08T01:30:06","modified_gmt":"2026-04-08T01:30:06","slug":"erisan-pro-hydra-niisutav-katekreem-500ml-pumbaga-k8303","status":"publish","type":"product","link":"https:\/\/easystar.ee\/en\/toode\/erisan-pro-hydra-niisutav-katekreem-500ml-pumbaga-k8303\/","title":{"rendered":"Erisan Pro Hydra niisutav k\u00e4tekreem 500ml pumbaga K8303"},"content":{"rendered":"","protected":false},"excerpt":{"rendered":"<p>Erisan Pro Hydra kreem on l\u00f5hnavaba niisutaja k\u00f5ikidele nahat\u00fc\u00fcpidele, sealhulgas kuivale ja tundlikule nahale. Sobib igap\u00e4evaseks kasutamiseks. Allergiakood, Luigem\u00e4rk.<br \/>\nEriomadused: pH: 5. L\u00f5hnavaba niisutaja. K\u00f5igile nahat\u00fc\u00fcpidele, eriti tundlikule nahale. Kerge ja plekivaba, sobib igap\u00e4evaseks kasutamiseks. Allergia kood<br \/>\nV\u00f5imas niisutaja k\u00f5ikidele nahat\u00fc\u00fcpidele, igap\u00e4evaseks kasutamiseks. Pehmendab, niisutab ja hooldab nahka. Kergesti peale kantav, kerge ja plekke mitte tekitav nahka kaitsev niisutaja, mis sobib suurep\u00e4raselt professionaalseks kasutamiseks.<br \/>\nIsoprop\u00fc\u00fclm\u00fcristaat (IPM), sheav\u00f5i ja looduslik suhkruderivaat kaitsevad ja niisutavad nahka kauakestva toimega, j\u00e4ttes naha pehmeks, elastseks ja hoolitsetud.<br \/>\nErisan Pro Hydra Cream k\u00e4tekreemina niisutab ja kaitseb nahka pikka aega. Kreem sobib gap\u00e4evaseks nahahoolduseks nii k\u00e4tele, kehale kui ka n\u00e4ole.<br \/>\nKasutamine: Kandke kreem \u00f5rnalt masseerides puhtale nahale.<\/p>\n","protected":false},"featured_media":68350,"template":"","meta":{"_acf_changed":false},"product_brand":[],"product_cat":[1829,1875],"product_tag":[],"class_list":{"0":"post-68353","1":"product","2":"type-product","3":"status-publish","4":"has-post-thumbnail","6":"product_cat-cleaning-chemicals","7":"product_cat-medical-products","9":"first","10":"outofstock","11":"taxable","12":"shipping-taxable","13":"purchasable","14":"product-type-simple"},"acf":[],"yoast_head":"<!-- This site is optimized with the Yoast SEO plugin v27.3 - https:\/\/yoast.com\/product\/yoast-seo-wordpress\/ -->\n<title>Erisan Pro Hydra niisutav k\u00e4tekreem 500ml pumbaga K8303 &#8212; Easy Star O\u00dc<\/title>\n<meta name=\"robots\" content=\"index, follow, max-snippet:-1, max-image-preview:large, max-video-preview:-1\" \/>\n<link rel=\"canonical\" href=\"https:\/\/easystar.ee\/en\/toode\/erisan-pro-hydra-niisutav-katekreem-500ml-pumbaga-k8303\/\" \/>\n<meta property=\"og:locale\" content=\"en_US\" \/>\n<meta property=\"og:type\" content=\"article\" \/>\n<meta property=\"og:title\" content=\"Erisan Pro Hydra niisutav k\u00e4tekreem 500ml pumbaga K8303 &#8212; Easy Star O\u00dc\" \/>\n<meta property=\"og:description\" content=\"Erisan Pro Hydra kreem on l\u00f5hnavaba niisutaja k\u00f5ikidele nahat\u00fc\u00fcpidele, sealhulgas kuivale ja tundlikule nahale. Sobib igap\u00e4evaseks kasutamiseks. Allergiakood, Luigem\u00e4rk. Eriomadused: pH: 5. L\u00f5hnavaba niisutaja. K\u00f5igile nahat\u00fc\u00fcpidele, eriti tundlikule nahale. Kerge ja plekivaba, sobib igap\u00e4evaseks kasutamiseks. Allergia kood V\u00f5imas niisutaja k\u00f5ikidele nahat\u00fc\u00fcpidele, igap\u00e4evaseks kasutamiseks. Pehmendab, niisutab ja hooldab nahka. Kergesti peale kantav, kerge ja plekke mitte tekitav nahka kaitsev niisutaja, mis sobib suurep\u00e4raselt professionaalseks kasutamiseks. Isoprop\u00fc\u00fclm\u00fcristaat (IPM), sheav\u00f5i ja looduslik suhkruderivaat kaitsevad ja niisutavad nahka kauakestva toimega, j\u00e4ttes naha pehmeks, elastseks ja hoolitsetud. Erisan Pro Hydra Cream k\u00e4tekreemina niisutab ja kaitseb nahka pikka aega. Kreem sobib gap\u00e4evaseks nahahoolduseks nii k\u00e4tele, kehale kui ka n\u00e4ole. Kasutamine: Kandke kreem \u00f5rnalt masseerides puhtale nahale.\" \/>\n<meta property=\"og:url\" content=\"https:\/\/easystar.ee\/en\/toode\/erisan-pro-hydra-niisutav-katekreem-500ml-pumbaga-k8303\/\" \/>\n<meta property=\"og:site_name\" content=\"Easy Star O\u00dc\" \/>\n<meta property=\"og:image\" content=\"https:\/\/easystar.ee\/wp-content\/uploads\/2024\/03\/easystar-hero-image.png\" \/>\n\t<meta property=\"og:image:width\" content=\"1056\" \/>\n\t<meta property=\"og:image:height\" content=\"880\" \/>\n\t<meta property=\"og:image:type\" content=\"image\/png\" \/>\n<meta name=\"twitter:card\" content=\"summary_large_image\" \/>\n<script type=\"application\/ld+json\" class=\"yoast-schema-graph\">{\"@context\":\"https:\\\/\\\/schema.org\",\"@graph\":[{\"@type\":\"WebPage\",\"@id\":\"https:\\\/\\\/easystar.ee\\\/en\\\/toode\\\/erisan-pro-hydra-niisutav-katekreem-500ml-pumbaga-k8303\\\/\",\"url\":\"https:\\\/\\\/easystar.ee\\\/en\\\/toode\\\/erisan-pro-hydra-niisutav-katekreem-500ml-pumbaga-k8303\\\/\",\"name\":\"Erisan Pro Hydra niisutav k\u00e4tekreem 500ml pumbaga K8303 &#8212; Easy Star O\u00dc\",\"isPartOf\":{\"@id\":\"https:\\\/\\\/easystar.ee\\\/#website\"},\"primaryImageOfPage\":{\"@id\":\"https:\\\/\\\/easystar.ee\\\/en\\\/toode\\\/erisan-pro-hydra-niisutav-katekreem-500ml-pumbaga-k8303\\\/#primaryimage\"},\"image\":{\"@id\":\"https:\\\/\\\/easystar.ee\\\/en\\\/toode\\\/erisan-pro-hydra-niisutav-katekreem-500ml-pumbaga-k8303\\\/#primaryimage\"},\"thumbnailUrl\":\"https:\\\/\\\/easystar.ee\\\/wp-content\\\/uploads\\\/2026\\\/04\\\/6417964083033-42rq-he4kooafajz8fbbtq-3.png\",\"datePublished\":\"2026-04-08T01:30:06+00:00\",\"breadcrumb\":{\"@id\":\"https:\\\/\\\/easystar.ee\\\/en\\\/toode\\\/erisan-pro-hydra-niisutav-katekreem-500ml-pumbaga-k8303\\\/#breadcrumb\"},\"inLanguage\":\"en-US\",\"potentialAction\":[{\"@type\":\"ReadAction\",\"target\":[\"https:\\\/\\\/easystar.ee\\\/en\\\/toode\\\/erisan-pro-hydra-niisutav-katekreem-500ml-pumbaga-k8303\\\/\"]}]},{\"@type\":\"ImageObject\",\"inLanguage\":\"en-US\",\"@id\":\"https:\\\/\\\/easystar.ee\\\/en\\\/toode\\\/erisan-pro-hydra-niisutav-katekreem-500ml-pumbaga-k8303\\\/#primaryimage\",\"url\":\"https:\\\/\\\/easystar.ee\\\/wp-content\\\/uploads\\\/2026\\\/04\\\/6417964083033-42rq-he4kooafajz8fbbtq-3.png\",\"contentUrl\":\"https:\\\/\\\/easystar.ee\\\/wp-content\\\/uploads\\\/2026\\\/04\\\/6417964083033-42rq-he4kooafajz8fbbtq-3.png\",\"width\":506,\"height\":1440},{\"@type\":\"BreadcrumbList\",\"@id\":\"https:\\\/\\\/easystar.ee\\\/en\\\/toode\\\/erisan-pro-hydra-niisutav-katekreem-500ml-pumbaga-k8303\\\/#breadcrumb\",\"itemListElement\":[{\"@type\":\"ListItem\",\"position\":1,\"name\":\"Home\",\"item\":\"https:\\\/\\\/easystar.ee\\\/ru\\\/\"},{\"@type\":\"ListItem\",\"position\":2,\"name\":\"Shop\",\"item\":\"https:\\\/\\\/easystar.ee\\\/tooted\\\/\"},{\"@type\":\"ListItem\",\"position\":3,\"name\":\"Erisan Pro Hydra niisutav k\u00e4tekreem 500ml pumbaga K8303\"}]},{\"@type\":\"WebSite\",\"@id\":\"https:\\\/\\\/easystar.ee\\\/#website\",\"url\":\"https:\\\/\\\/easystar.ee\\\/\",\"name\":\"Easystar.ee\",\"description\":\"\",\"publisher\":{\"@id\":\"https:\\\/\\\/easystar.ee\\\/#organization\"},\"alternateName\":\"Keskkonnas\u00f5bralikud pehmepaberitooted teie kontorisse\",\"potentialAction\":[{\"@type\":\"SearchAction\",\"target\":{\"@type\":\"EntryPoint\",\"urlTemplate\":\"https:\\\/\\\/easystar.ee\\\/?s={search_term_string}\"},\"query-input\":{\"@type\":\"PropertyValueSpecification\",\"valueRequired\":true,\"valueName\":\"search_term_string\"}}],\"inLanguage\":\"en-US\"},{\"@type\":\"Organization\",\"@id\":\"https:\\\/\\\/easystar.ee\\\/#organization\",\"name\":\"Easy Star O\u00dc\",\"url\":\"https:\\\/\\\/easystar.ee\\\/\",\"logo\":{\"@type\":\"ImageObject\",\"inLanguage\":\"en-US\",\"@id\":\"https:\\\/\\\/easystar.ee\\\/#\\\/schema\\\/logo\\\/image\\\/\",\"url\":\"https:\\\/\\\/easystar.ee\\\/wp-content\\\/uploads\\\/2024\\\/03\\\/easystar-logo.svg\",\"contentUrl\":\"https:\\\/\\\/easystar.ee\\\/wp-content\\\/uploads\\\/2024\\\/03\\\/easystar-logo.svg\",\"width\":2000,\"height\":2000,\"caption\":\"Easy Star O\u00dc\"},\"image\":{\"@id\":\"https:\\\/\\\/easystar.ee\\\/#\\\/schema\\\/logo\\\/image\\\/\"}}]}<\/script>\n<!-- \/ Yoast SEO plugin. -->","yoast_head_json":{"title":"Erisan Pro Hydra niisutav k\u00e4tekreem 500ml pumbaga K8303 &#8212; Easy Star O\u00dc","robots":{"index":"index","follow":"follow","max-snippet":"max-snippet:-1","max-image-preview":"max-image-preview:large","max-video-preview":"max-video-preview:-1"},"canonical":"https:\/\/easystar.ee\/en\/toode\/erisan-pro-hydra-niisutav-katekreem-500ml-pumbaga-k8303\/","og_locale":"en_US","og_type":"article","og_title":"Erisan Pro Hydra niisutav k\u00e4tekreem 500ml pumbaga K8303 &#8212; Easy Star O\u00dc","og_description":"Erisan Pro Hydra kreem on l\u00f5hnavaba niisutaja k\u00f5ikidele nahat\u00fc\u00fcpidele, sealhulgas kuivale ja tundlikule nahale. Sobib igap\u00e4evaseks kasutamiseks. Allergiakood, Luigem\u00e4rk. Eriomadused: pH: 5. L\u00f5hnavaba niisutaja. K\u00f5igile nahat\u00fc\u00fcpidele, eriti tundlikule nahale. Kerge ja plekivaba, sobib igap\u00e4evaseks kasutamiseks. Allergia kood V\u00f5imas niisutaja k\u00f5ikidele nahat\u00fc\u00fcpidele, igap\u00e4evaseks kasutamiseks. Pehmendab, niisutab ja hooldab nahka. Kergesti peale kantav, kerge ja plekke mitte tekitav nahka kaitsev niisutaja, mis sobib suurep\u00e4raselt professionaalseks kasutamiseks. Isoprop\u00fc\u00fclm\u00fcristaat (IPM), sheav\u00f5i ja looduslik suhkruderivaat kaitsevad ja niisutavad nahka kauakestva toimega, j\u00e4ttes naha pehmeks, elastseks ja hoolitsetud. Erisan Pro Hydra Cream k\u00e4tekreemina niisutab ja kaitseb nahka pikka aega. Kreem sobib gap\u00e4evaseks nahahoolduseks nii k\u00e4tele, kehale kui ka n\u00e4ole. Kasutamine: Kandke kreem \u00f5rnalt masseerides puhtale nahale.","og_url":"https:\/\/easystar.ee\/en\/toode\/erisan-pro-hydra-niisutav-katekreem-500ml-pumbaga-k8303\/","og_site_name":"Easy Star O\u00dc","og_image":[{"width":1056,"height":880,"url":"https:\/\/easystar.ee\/wp-content\/uploads\/2024\/03\/easystar-hero-image.png","type":"image\/png"}],"twitter_card":"summary_large_image","schema":{"@context":"https:\/\/schema.org","@graph":[{"@type":"WebPage","@id":"https:\/\/easystar.ee\/en\/toode\/erisan-pro-hydra-niisutav-katekreem-500ml-pumbaga-k8303\/","url":"https:\/\/easystar.ee\/en\/toode\/erisan-pro-hydra-niisutav-katekreem-500ml-pumbaga-k8303\/","name":"Erisan Pro Hydra niisutav k\u00e4tekreem 500ml pumbaga K8303 &#8212; Easy Star O\u00dc","isPartOf":{"@id":"https:\/\/easystar.ee\/#website"},"primaryImageOfPage":{"@id":"https:\/\/easystar.ee\/en\/toode\/erisan-pro-hydra-niisutav-katekreem-500ml-pumbaga-k8303\/#primaryimage"},"image":{"@id":"https:\/\/easystar.ee\/en\/toode\/erisan-pro-hydra-niisutav-katekreem-500ml-pumbaga-k8303\/#primaryimage"},"thumbnailUrl":"https:\/\/easystar.ee\/wp-content\/uploads\/2026\/04\/6417964083033-42rq-he4kooafajz8fbbtq-3.png","datePublished":"2026-04-08T01:30:06+00:00","breadcrumb":{"@id":"https:\/\/easystar.ee\/en\/toode\/erisan-pro-hydra-niisutav-katekreem-500ml-pumbaga-k8303\/#breadcrumb"},"inLanguage":"en-US","potentialAction":[{"@type":"ReadAction","target":["https:\/\/easystar.ee\/en\/toode\/erisan-pro-hydra-niisutav-katekreem-500ml-pumbaga-k8303\/"]}]},{"@type":"ImageObject","inLanguage":"en-US","@id":"https:\/\/easystar.ee\/en\/toode\/erisan-pro-hydra-niisutav-katekreem-500ml-pumbaga-k8303\/#primaryimage","url":"https:\/\/easystar.ee\/wp-content\/uploads\/2026\/04\/6417964083033-42rq-he4kooafajz8fbbtq-3.png","contentUrl":"https:\/\/easystar.ee\/wp-content\/uploads\/2026\/04\/6417964083033-42rq-he4kooafajz8fbbtq-3.png","width":506,"height":1440},{"@type":"BreadcrumbList","@id":"https:\/\/easystar.ee\/en\/toode\/erisan-pro-hydra-niisutav-katekreem-500ml-pumbaga-k8303\/#breadcrumb","itemListElement":[{"@type":"ListItem","position":1,"name":"Home","item":"https:\/\/easystar.ee\/ru\/"},{"@type":"ListItem","position":2,"name":"Shop","item":"https:\/\/easystar.ee\/tooted\/"},{"@type":"ListItem","position":3,"name":"Erisan Pro Hydra niisutav k\u00e4tekreem 500ml pumbaga K8303"}]},{"@type":"WebSite","@id":"https:\/\/easystar.ee\/#website","url":"https:\/\/easystar.ee\/","name":"Easystar.ee","description":"","publisher":{"@id":"https:\/\/easystar.ee\/#organization"},"alternateName":"Keskkonnas\u00f5bralikud pehmepaberitooted teie kontorisse","potentialAction":[{"@type":"SearchAction","target":{"@type":"EntryPoint","urlTemplate":"https:\/\/easystar.ee\/?s={search_term_string}"},"query-input":{"@type":"PropertyValueSpecification","valueRequired":true,"valueName":"search_term_string"}}],"inLanguage":"en-US"},{"@type":"Organization","@id":"https:\/\/easystar.ee\/#organization","name":"Easy Star O\u00dc","url":"https:\/\/easystar.ee\/","logo":{"@type":"ImageObject","inLanguage":"en-US","@id":"https:\/\/easystar.ee\/#\/schema\/logo\/image\/","url":"https:\/\/easystar.ee\/wp-content\/uploads\/2024\/03\/easystar-logo.svg","contentUrl":"https:\/\/easystar.ee\/wp-content\/uploads\/2024\/03\/easystar-logo.svg","width":2000,"height":2000,"caption":"Easy Star O\u00dc"},"image":{"@id":"https:\/\/easystar.ee\/#\/schema\/logo\/image\/"}}]}},"_links":{"self":[{"href":"https:\/\/easystar.ee\/en\/wp-json\/wp\/v2\/product\/68353","targetHints":{"allow":["GET"]}}],"collection":[{"href":"https:\/\/easystar.ee\/en\/wp-json\/wp\/v2\/product"}],"about":[{"href":"https:\/\/easystar.ee\/en\/wp-json\/wp\/v2\/types\/product"}],"wp:featuredmedia":[{"embeddable":true,"href":"https:\/\/easystar.ee\/en\/wp-json\/wp\/v2\/media\/68350"}],"wp:attachment":[{"href":"https:\/\/easystar.ee\/en\/wp-json\/wp\/v2\/media?parent=68353"}],"wp:term":[{"taxonomy":"product_brand","embeddable":true,"href":"https:\/\/easystar.ee\/en\/wp-json\/wp\/v2\/product_brand?post=68353"},{"taxonomy":"product_cat","embeddable":true,"href":"https:\/\/easystar.ee\/en\/wp-json\/wp\/v2\/product_cat?post=68353"},{"taxonomy":"product_tag","embeddable":true,"href":"https:\/\/easystar.ee\/en\/wp-json\/wp\/v2\/product_tag?post=68353"}],"curies":[{"name":"wp","href":"https:\/\/api.w.org\/{rel}","templated":true}]}}