{"id":67612,"date":"2026-02-13T01:30:06","date_gmt":"2026-02-13T01:30:06","guid":{"rendered":"https:\/\/easystar.ee\/toode\/lehtratikuhoidja-hit-peegli-taha-rst-harjatud-dpz800sjb\/"},"modified":"2026-02-13T01:30:06","modified_gmt":"2026-02-13T01:30:06","slug":"lehtratikuhoidja-hit-peegli-taha-rst-harjatud-dpz800sjb","status":"publish","type":"product","link":"https:\/\/easystar.ee\/en\/toode\/lehtratikuhoidja-hit-peegli-taha-rst-harjatud-dpz800sjb\/","title":{"rendered":"Lehtr\u00e4tikuhoidja HIT peegli taha RST harjatud DPZ800SJB"},"content":{"rendered":"","protected":false},"excerpt":{"rendered":"<p>Peeglitagune HIT lehtr\u00e4tikuhoidja ZZ paberr\u00e4tikute<br \/>\nMaterjal: Harjatud roostevaba teras 430<br \/>\nViimistlus: Matt<br \/>\nTerase paksus: 0,8 mm<br \/>\nMahutavus: 800 lehte<br \/>\nLukustus: Lukustamata, r\u00e4tikute laadimine altpoolt<br \/>\nKinnitusmeetod: Peidetud seina, eest v\u00f5i peegli taha<br \/>\nDosaatori m\u00f5\u00f5tmed: K\u00f5rgus 455 mm, laius 340 mm, s\u00fcgavus 105 mm<br \/>\n\u00dcksiku karbi m\u00f5\u00f5tmed: K\u00f5rgus 470 mm, laius 370 mm, s\u00fcgavus 140 mm<br \/>\nDosaatori kaal: 3 kg<br \/>\n\u00dcksiku karbi kaal: 3,5 kg<br \/>\nKogus lahtise karbi m\u00f5\u00f5tmed: 4 tk<br \/>\nLahtise karbi m\u00f5\u00f5tmed: K\u00f5rgus 480 mm, laius 390 mm, s\u00fcgavus 780 mm<br \/>\nLahtise karbi kaal: 14 kg<br \/>\nLahtise karbi maht: 0,146 m\u00b3<\/p>\n","protected":false},"featured_media":67610,"template":"","meta":{"_acf_changed":false},"product_brand":[],"product_cat":[1814,2002],"product_tag":[],"class_list":{"0":"post-67612","1":"product","2":"type-product","3":"status-publish","4":"has-post-thumbnail","6":"product_cat-dispensers","7":"product_cat-metal","9":"first","10":"outofstock","11":"taxable","12":"shipping-taxable","13":"purchasable","14":"product-type-simple"},"acf":[],"yoast_head":"<!-- This site is optimized with the Yoast SEO plugin v27.5 - https:\/\/yoast.com\/product\/yoast-seo-wordpress\/ -->\n<title>Lehtr\u00e4tikuhoidja HIT peegli taha RST harjatud DPZ800SJB &#8212; Easy Star O\u00dc<\/title>\n<meta name=\"robots\" content=\"index, follow, max-snippet:-1, max-image-preview:large, max-video-preview:-1\" \/>\n<link rel=\"canonical\" href=\"https:\/\/easystar.ee\/en\/toode\/lehtratikuhoidja-hit-peegli-taha-rst-harjatud-dpz800sjb\/\" \/>\n<meta property=\"og:locale\" content=\"en_US\" \/>\n<meta property=\"og:type\" content=\"article\" \/>\n<meta property=\"og:title\" content=\"Lehtr\u00e4tikuhoidja HIT peegli taha RST harjatud DPZ800SJB &#8212; Easy Star O\u00dc\" \/>\n<meta property=\"og:description\" content=\"Peeglitagune HIT lehtr\u00e4tikuhoidja ZZ paberr\u00e4tikute Materjal: Harjatud roostevaba teras 430 Viimistlus: Matt Terase paksus: 0,8 mm Mahutavus: 800 lehte Lukustus: Lukustamata, r\u00e4tikute laadimine altpoolt Kinnitusmeetod: Peidetud seina, eest v\u00f5i peegli taha Dosaatori m\u00f5\u00f5tmed: K\u00f5rgus 455 mm, laius 340 mm, s\u00fcgavus 105 mm \u00dcksiku karbi m\u00f5\u00f5tmed: K\u00f5rgus 470 mm, laius 370 mm, s\u00fcgavus 140 mm Dosaatori kaal: 3 kg \u00dcksiku karbi kaal: 3,5 kg Kogus lahtise karbi m\u00f5\u00f5tmed: 4 tk Lahtise karbi m\u00f5\u00f5tmed: K\u00f5rgus 480 mm, laius 390 mm, s\u00fcgavus 780 mm Lahtise karbi kaal: 14 kg Lahtise karbi maht: 0,146 m\u00b3\" \/>\n<meta property=\"og:url\" content=\"https:\/\/easystar.ee\/en\/toode\/lehtratikuhoidja-hit-peegli-taha-rst-harjatud-dpz800sjb\/\" \/>\n<meta property=\"og:site_name\" content=\"Easy Star O\u00dc\" \/>\n<meta property=\"og:image\" content=\"https:\/\/easystar.ee\/wp-content\/uploads\/2024\/03\/easystar-hero-image.png\" \/>\n\t<meta property=\"og:image:width\" content=\"1056\" \/>\n\t<meta property=\"og:image:height\" content=\"880\" \/>\n\t<meta property=\"og:image:type\" content=\"image\/png\" \/>\n<meta name=\"twitter:card\" content=\"summary_large_image\" \/>\n<script type=\"application\/ld+json\" class=\"yoast-schema-graph\">{\"@context\":\"https:\\\/\\\/schema.org\",\"@graph\":[{\"@type\":\"WebPage\",\"@id\":\"https:\\\/\\\/easystar.ee\\\/en\\\/toode\\\/lehtratikuhoidja-hit-peegli-taha-rst-harjatud-dpz800sjb\\\/\",\"url\":\"https:\\\/\\\/easystar.ee\\\/en\\\/toode\\\/lehtratikuhoidja-hit-peegli-taha-rst-harjatud-dpz800sjb\\\/\",\"name\":\"Lehtr\u00e4tikuhoidja HIT peegli taha RST harjatud DPZ800SJB &#8212; Easy Star O\u00dc\",\"isPartOf\":{\"@id\":\"https:\\\/\\\/easystar.ee\\\/#website\"},\"primaryImageOfPage\":{\"@id\":\"https:\\\/\\\/easystar.ee\\\/en\\\/toode\\\/lehtratikuhoidja-hit-peegli-taha-rst-harjatud-dpz800sjb\\\/#primaryimage\"},\"image\":{\"@id\":\"https:\\\/\\\/easystar.ee\\\/en\\\/toode\\\/lehtratikuhoidja-hit-peegli-taha-rst-harjatud-dpz800sjb\\\/#primaryimage\"},\"thumbnailUrl\":\"https:\\\/\\\/easystar.ee\\\/wp-content\\\/uploads\\\/2026\\\/02\\\/pz800sjb.jpg\",\"datePublished\":\"2026-02-13T01:30:06+00:00\",\"breadcrumb\":{\"@id\":\"https:\\\/\\\/easystar.ee\\\/en\\\/toode\\\/lehtratikuhoidja-hit-peegli-taha-rst-harjatud-dpz800sjb\\\/#breadcrumb\"},\"inLanguage\":\"en-US\",\"potentialAction\":[{\"@type\":\"ReadAction\",\"target\":[\"https:\\\/\\\/easystar.ee\\\/en\\\/toode\\\/lehtratikuhoidja-hit-peegli-taha-rst-harjatud-dpz800sjb\\\/\"]}]},{\"@type\":\"ImageObject\",\"inLanguage\":\"en-US\",\"@id\":\"https:\\\/\\\/easystar.ee\\\/en\\\/toode\\\/lehtratikuhoidja-hit-peegli-taha-rst-harjatud-dpz800sjb\\\/#primaryimage\",\"url\":\"https:\\\/\\\/easystar.ee\\\/wp-content\\\/uploads\\\/2026\\\/02\\\/pz800sjb.jpg\",\"contentUrl\":\"https:\\\/\\\/easystar.ee\\\/wp-content\\\/uploads\\\/2026\\\/02\\\/pz800sjb.jpg\",\"width\":477,\"height\":640},{\"@type\":\"BreadcrumbList\",\"@id\":\"https:\\\/\\\/easystar.ee\\\/en\\\/toode\\\/lehtratikuhoidja-hit-peegli-taha-rst-harjatud-dpz800sjb\\\/#breadcrumb\",\"itemListElement\":[{\"@type\":\"ListItem\",\"position\":1,\"name\":\"Home\",\"item\":\"https:\\\/\\\/easystar.ee\\\/ru\\\/\"},{\"@type\":\"ListItem\",\"position\":2,\"name\":\"Shop\",\"item\":\"https:\\\/\\\/easystar.ee\\\/tooted\\\/\"},{\"@type\":\"ListItem\",\"position\":3,\"name\":\"Lehtr\u00e4tikuhoidja HIT peegli taha RST harjatud DPZ800SJB\"}]},{\"@type\":\"WebSite\",\"@id\":\"https:\\\/\\\/easystar.ee\\\/#website\",\"url\":\"https:\\\/\\\/easystar.ee\\\/\",\"name\":\"Easystar.ee\",\"description\":\"\",\"publisher\":{\"@id\":\"https:\\\/\\\/easystar.ee\\\/#organization\"},\"alternateName\":\"Keskkonnas\u00f5bralikud pehmepaberitooted teie kontorisse\",\"potentialAction\":[{\"@type\":\"SearchAction\",\"target\":{\"@type\":\"EntryPoint\",\"urlTemplate\":\"https:\\\/\\\/easystar.ee\\\/?s={search_term_string}\"},\"query-input\":{\"@type\":\"PropertyValueSpecification\",\"valueRequired\":true,\"valueName\":\"search_term_string\"}}],\"inLanguage\":\"en-US\"},{\"@type\":\"Organization\",\"@id\":\"https:\\\/\\\/easystar.ee\\\/#organization\",\"name\":\"Easy Star O\u00dc\",\"url\":\"https:\\\/\\\/easystar.ee\\\/\",\"logo\":{\"@type\":\"ImageObject\",\"inLanguage\":\"en-US\",\"@id\":\"https:\\\/\\\/easystar.ee\\\/#\\\/schema\\\/logo\\\/image\\\/\",\"url\":\"https:\\\/\\\/easystar.ee\\\/wp-content\\\/uploads\\\/2024\\\/03\\\/easystar-logo.svg\",\"contentUrl\":\"https:\\\/\\\/easystar.ee\\\/wp-content\\\/uploads\\\/2024\\\/03\\\/easystar-logo.svg\",\"width\":2000,\"height\":2000,\"caption\":\"Easy Star O\u00dc\"},\"image\":{\"@id\":\"https:\\\/\\\/easystar.ee\\\/#\\\/schema\\\/logo\\\/image\\\/\"}}]}<\/script>\n<!-- \/ Yoast SEO plugin. -->","yoast_head_json":{"title":"Lehtr\u00e4tikuhoidja HIT peegli taha RST harjatud DPZ800SJB &#8212; Easy Star O\u00dc","robots":{"index":"index","follow":"follow","max-snippet":"max-snippet:-1","max-image-preview":"max-image-preview:large","max-video-preview":"max-video-preview:-1"},"canonical":"https:\/\/easystar.ee\/en\/toode\/lehtratikuhoidja-hit-peegli-taha-rst-harjatud-dpz800sjb\/","og_locale":"en_US","og_type":"article","og_title":"Lehtr\u00e4tikuhoidja HIT peegli taha RST harjatud DPZ800SJB &#8212; Easy Star O\u00dc","og_description":"Peeglitagune HIT lehtr\u00e4tikuhoidja ZZ paberr\u00e4tikute Materjal: Harjatud roostevaba teras 430 Viimistlus: Matt Terase paksus: 0,8 mm Mahutavus: 800 lehte Lukustus: Lukustamata, r\u00e4tikute laadimine altpoolt Kinnitusmeetod: Peidetud seina, eest v\u00f5i peegli taha Dosaatori m\u00f5\u00f5tmed: K\u00f5rgus 455 mm, laius 340 mm, s\u00fcgavus 105 mm \u00dcksiku karbi m\u00f5\u00f5tmed: K\u00f5rgus 470 mm, laius 370 mm, s\u00fcgavus 140 mm Dosaatori kaal: 3 kg \u00dcksiku karbi kaal: 3,5 kg Kogus lahtise karbi m\u00f5\u00f5tmed: 4 tk Lahtise karbi m\u00f5\u00f5tmed: K\u00f5rgus 480 mm, laius 390 mm, s\u00fcgavus 780 mm Lahtise karbi kaal: 14 kg Lahtise karbi maht: 0,146 m\u00b3","og_url":"https:\/\/easystar.ee\/en\/toode\/lehtratikuhoidja-hit-peegli-taha-rst-harjatud-dpz800sjb\/","og_site_name":"Easy Star O\u00dc","og_image":[{"width":1056,"height":880,"url":"https:\/\/easystar.ee\/wp-content\/uploads\/2024\/03\/easystar-hero-image.png","type":"image\/png"}],"twitter_card":"summary_large_image","schema":{"@context":"https:\/\/schema.org","@graph":[{"@type":"WebPage","@id":"https:\/\/easystar.ee\/en\/toode\/lehtratikuhoidja-hit-peegli-taha-rst-harjatud-dpz800sjb\/","url":"https:\/\/easystar.ee\/en\/toode\/lehtratikuhoidja-hit-peegli-taha-rst-harjatud-dpz800sjb\/","name":"Lehtr\u00e4tikuhoidja HIT peegli taha RST harjatud DPZ800SJB &#8212; Easy Star O\u00dc","isPartOf":{"@id":"https:\/\/easystar.ee\/#website"},"primaryImageOfPage":{"@id":"https:\/\/easystar.ee\/en\/toode\/lehtratikuhoidja-hit-peegli-taha-rst-harjatud-dpz800sjb\/#primaryimage"},"image":{"@id":"https:\/\/easystar.ee\/en\/toode\/lehtratikuhoidja-hit-peegli-taha-rst-harjatud-dpz800sjb\/#primaryimage"},"thumbnailUrl":"https:\/\/easystar.ee\/wp-content\/uploads\/2026\/02\/pz800sjb.jpg","datePublished":"2026-02-13T01:30:06+00:00","breadcrumb":{"@id":"https:\/\/easystar.ee\/en\/toode\/lehtratikuhoidja-hit-peegli-taha-rst-harjatud-dpz800sjb\/#breadcrumb"},"inLanguage":"en-US","potentialAction":[{"@type":"ReadAction","target":["https:\/\/easystar.ee\/en\/toode\/lehtratikuhoidja-hit-peegli-taha-rst-harjatud-dpz800sjb\/"]}]},{"@type":"ImageObject","inLanguage":"en-US","@id":"https:\/\/easystar.ee\/en\/toode\/lehtratikuhoidja-hit-peegli-taha-rst-harjatud-dpz800sjb\/#primaryimage","url":"https:\/\/easystar.ee\/wp-content\/uploads\/2026\/02\/pz800sjb.jpg","contentUrl":"https:\/\/easystar.ee\/wp-content\/uploads\/2026\/02\/pz800sjb.jpg","width":477,"height":640},{"@type":"BreadcrumbList","@id":"https:\/\/easystar.ee\/en\/toode\/lehtratikuhoidja-hit-peegli-taha-rst-harjatud-dpz800sjb\/#breadcrumb","itemListElement":[{"@type":"ListItem","position":1,"name":"Home","item":"https:\/\/easystar.ee\/ru\/"},{"@type":"ListItem","position":2,"name":"Shop","item":"https:\/\/easystar.ee\/tooted\/"},{"@type":"ListItem","position":3,"name":"Lehtr\u00e4tikuhoidja HIT peegli taha RST harjatud DPZ800SJB"}]},{"@type":"WebSite","@id":"https:\/\/easystar.ee\/#website","url":"https:\/\/easystar.ee\/","name":"Easystar.ee","description":"","publisher":{"@id":"https:\/\/easystar.ee\/#organization"},"alternateName":"Keskkonnas\u00f5bralikud pehmepaberitooted teie kontorisse","potentialAction":[{"@type":"SearchAction","target":{"@type":"EntryPoint","urlTemplate":"https:\/\/easystar.ee\/?s={search_term_string}"},"query-input":{"@type":"PropertyValueSpecification","valueRequired":true,"valueName":"search_term_string"}}],"inLanguage":"en-US"},{"@type":"Organization","@id":"https:\/\/easystar.ee\/#organization","name":"Easy Star O\u00dc","url":"https:\/\/easystar.ee\/","logo":{"@type":"ImageObject","inLanguage":"en-US","@id":"https:\/\/easystar.ee\/#\/schema\/logo\/image\/","url":"https:\/\/easystar.ee\/wp-content\/uploads\/2024\/03\/easystar-logo.svg","contentUrl":"https:\/\/easystar.ee\/wp-content\/uploads\/2024\/03\/easystar-logo.svg","width":2000,"height":2000,"caption":"Easy Star O\u00dc"},"image":{"@id":"https:\/\/easystar.ee\/#\/schema\/logo\/image\/"}}]}},"_links":{"self":[{"href":"https:\/\/easystar.ee\/en\/wp-json\/wp\/v2\/product\/67612","targetHints":{"allow":["GET"]}}],"collection":[{"href":"https:\/\/easystar.ee\/en\/wp-json\/wp\/v2\/product"}],"about":[{"href":"https:\/\/easystar.ee\/en\/wp-json\/wp\/v2\/types\/product"}],"wp:featuredmedia":[{"embeddable":true,"href":"https:\/\/easystar.ee\/en\/wp-json\/wp\/v2\/media\/67610"}],"wp:attachment":[{"href":"https:\/\/easystar.ee\/en\/wp-json\/wp\/v2\/media?parent=67612"}],"wp:term":[{"taxonomy":"product_brand","embeddable":true,"href":"https:\/\/easystar.ee\/en\/wp-json\/wp\/v2\/product_brand?post=67612"},{"taxonomy":"product_cat","embeddable":true,"href":"https:\/\/easystar.ee\/en\/wp-json\/wp\/v2\/product_cat?post=67612"},{"taxonomy":"product_tag","embeddable":true,"href":"https:\/\/easystar.ee\/en\/wp-json\/wp\/v2\/product_tag?post=67612"}],"curies":[{"name":"wp","href":"https:\/\/api.w.org\/{rel}","templated":true}]}}