{"id":66976,"date":"2025-12-16T01:31:32","date_gmt":"2025-12-16T01:31:32","guid":{"rendered":"https:\/\/easystar.ee\/toode\/katekuivati-loki-4004-must-dan4004\/"},"modified":"2025-12-18T01:30:04","modified_gmt":"2025-12-18T01:30:04","slug":"katekuivati-loki-4004-must-dan4004","status":"publish","type":"product","link":"https:\/\/easystar.ee\/en\/toode\/katekuivati-loki-4004-must-dan4004\/","title":{"rendered":"K\u00e4tekuivati LOKI 4004 must DAN4004"},"content":{"rendered":"","protected":false},"excerpt":{"rendered":"<p>LOKI tootesarja loomisel on meie visiooniks olnud luua elegantsete ja funktsionaalsete toodete sari, mis sobib \u00fcmbritseva arhitektuuriga.<br \/>\nLOKI k\u00e4tekuivati \u200b\u200bon kiire ja elegantse disainiga masin. Seda iseloomustavad puhtad jooned ja vastupidav esiplaat k\u00f5rge ja kitsa valgusjuhiga. Visuaalselt puhas, kergelt \u00fcleulatuv esipaneel annab seadmele h\u00f5ljuva mulje, mis suurendab veelgi disaini elegantsi.<br \/>\nH: 330, W: 173, D: 102 mm<br \/>\nkaal: 5 kg<\/p>\n","protected":false},"featured_media":67035,"template":"","meta":{"_acf_changed":false},"product_brand":[],"product_cat":[1814,1815],"product_tag":[],"class_list":{"0":"post-66976","1":"product","2":"type-product","3":"status-publish","4":"has-post-thumbnail","6":"product_cat-dispensers","7":"product_cat-hand-and-hair-dryers","9":"first","10":"outofstock","11":"taxable","12":"shipping-taxable","13":"purchasable","14":"product-type-simple"},"acf":[],"yoast_head":"<!-- This site is optimized with the Yoast SEO plugin v27.3 - https:\/\/yoast.com\/product\/yoast-seo-wordpress\/ -->\n<title>K\u00e4tekuivati LOKI 4004 must DAN4004 &#8212; Easy Star O\u00dc<\/title>\n<meta name=\"robots\" content=\"index, follow, max-snippet:-1, max-image-preview:large, max-video-preview:-1\" \/>\n<link rel=\"canonical\" href=\"https:\/\/easystar.ee\/toode\/katekuivati-loki-4004-must-dan4004\/\" \/>\n<meta property=\"og:locale\" content=\"en_US\" \/>\n<meta property=\"og:type\" content=\"article\" \/>\n<meta property=\"og:title\" content=\"K\u00e4tekuivati LOKI 4004 must DAN4004 &#8212; Easy Star O\u00dc\" \/>\n<meta property=\"og:description\" content=\"LOKI tootesarja loomisel on meie visiooniks olnud luua elegantsete ja funktsionaalsete toodete sari, mis sobib \u00fcmbritseva arhitektuuriga. LOKI k\u00e4tekuivati \u200b\u200bon kiire ja elegantse disainiga masin. Seda iseloomustavad puhtad jooned ja vastupidav esiplaat k\u00f5rge ja kitsa valgusjuhiga. Visuaalselt puhas, kergelt \u00fcleulatuv esipaneel annab seadmele h\u00f5ljuva mulje, mis suurendab veelgi disaini elegantsi. H: 330, W: 173, D: 102 mm kaal: 5 kg\" \/>\n<meta property=\"og:url\" content=\"https:\/\/easystar.ee\/toode\/katekuivati-loki-4004-must-dan4004\/\" \/>\n<meta property=\"og:site_name\" content=\"Easy Star O\u00dc\" \/>\n<meta property=\"article:modified_time\" content=\"2025-12-18T01:30:04+00:00\" \/>\n<meta property=\"og:image\" content=\"https:\/\/easystar.ee\/wp-content\/uploads\/2025\/12\/dan4004-ka-tekuivati-loki-4004-must.jpg\" \/>\n\t<meta property=\"og:image:width\" content=\"280\" \/>\n\t<meta property=\"og:image:height\" content=\"414\" \/>\n\t<meta property=\"og:image:type\" content=\"image\/jpeg\" \/>\n<meta name=\"twitter:card\" content=\"summary_large_image\" \/>\n<script type=\"application\/ld+json\" class=\"yoast-schema-graph\">{\"@context\":\"https:\\\/\\\/schema.org\",\"@graph\":[{\"@type\":\"WebPage\",\"@id\":\"https:\\\/\\\/easystar.ee\\\/toode\\\/katekuivati-loki-4004-must-dan4004\\\/\",\"url\":\"https:\\\/\\\/easystar.ee\\\/toode\\\/katekuivati-loki-4004-must-dan4004\\\/\",\"name\":\"K\u00e4tekuivati LOKI 4004 must DAN4004 &#8212; Easy Star O\u00dc\",\"isPartOf\":{\"@id\":\"https:\\\/\\\/easystar.ee\\\/#website\"},\"primaryImageOfPage\":{\"@id\":\"https:\\\/\\\/easystar.ee\\\/toode\\\/katekuivati-loki-4004-must-dan4004\\\/#primaryimage\"},\"image\":{\"@id\":\"https:\\\/\\\/easystar.ee\\\/toode\\\/katekuivati-loki-4004-must-dan4004\\\/#primaryimage\"},\"thumbnailUrl\":\"https:\\\/\\\/easystar.ee\\\/wp-content\\\/uploads\\\/2025\\\/12\\\/dan4004-ka-tekuivati-loki-4004-must.jpg\",\"datePublished\":\"2025-12-16T01:31:32+00:00\",\"dateModified\":\"2025-12-18T01:30:04+00:00\",\"breadcrumb\":{\"@id\":\"https:\\\/\\\/easystar.ee\\\/toode\\\/katekuivati-loki-4004-must-dan4004\\\/#breadcrumb\"},\"inLanguage\":\"en-US\",\"potentialAction\":[{\"@type\":\"ReadAction\",\"target\":[\"https:\\\/\\\/easystar.ee\\\/toode\\\/katekuivati-loki-4004-must-dan4004\\\/\"]}]},{\"@type\":\"ImageObject\",\"inLanguage\":\"en-US\",\"@id\":\"https:\\\/\\\/easystar.ee\\\/toode\\\/katekuivati-loki-4004-must-dan4004\\\/#primaryimage\",\"url\":\"https:\\\/\\\/easystar.ee\\\/wp-content\\\/uploads\\\/2025\\\/12\\\/dan4004-ka-tekuivati-loki-4004-must.jpg\",\"contentUrl\":\"https:\\\/\\\/easystar.ee\\\/wp-content\\\/uploads\\\/2025\\\/12\\\/dan4004-ka-tekuivati-loki-4004-must.jpg\",\"width\":280,\"height\":414},{\"@type\":\"BreadcrumbList\",\"@id\":\"https:\\\/\\\/easystar.ee\\\/toode\\\/katekuivati-loki-4004-must-dan4004\\\/#breadcrumb\",\"itemListElement\":[{\"@type\":\"ListItem\",\"position\":1,\"name\":\"Home\",\"item\":\"https:\\\/\\\/easystar.ee\\\/ru\\\/\"},{\"@type\":\"ListItem\",\"position\":2,\"name\":\"Shop\",\"item\":\"https:\\\/\\\/easystar.ee\\\/tooted\\\/\"},{\"@type\":\"ListItem\",\"position\":3,\"name\":\"K\u00e4tekuivati LOKI 4004 must DAN4004\"}]},{\"@type\":\"WebSite\",\"@id\":\"https:\\\/\\\/easystar.ee\\\/#website\",\"url\":\"https:\\\/\\\/easystar.ee\\\/\",\"name\":\"Easystar.ee\",\"description\":\"\",\"publisher\":{\"@id\":\"https:\\\/\\\/easystar.ee\\\/#organization\"},\"alternateName\":\"Keskkonnas\u00f5bralikud pehmepaberitooted teie kontorisse\",\"potentialAction\":[{\"@type\":\"SearchAction\",\"target\":{\"@type\":\"EntryPoint\",\"urlTemplate\":\"https:\\\/\\\/easystar.ee\\\/?s={search_term_string}\"},\"query-input\":{\"@type\":\"PropertyValueSpecification\",\"valueRequired\":true,\"valueName\":\"search_term_string\"}}],\"inLanguage\":\"en-US\"},{\"@type\":\"Organization\",\"@id\":\"https:\\\/\\\/easystar.ee\\\/#organization\",\"name\":\"Easy Star O\u00dc\",\"url\":\"https:\\\/\\\/easystar.ee\\\/\",\"logo\":{\"@type\":\"ImageObject\",\"inLanguage\":\"en-US\",\"@id\":\"https:\\\/\\\/easystar.ee\\\/#\\\/schema\\\/logo\\\/image\\\/\",\"url\":\"https:\\\/\\\/easystar.ee\\\/wp-content\\\/uploads\\\/2024\\\/03\\\/easystar-logo.svg\",\"contentUrl\":\"https:\\\/\\\/easystar.ee\\\/wp-content\\\/uploads\\\/2024\\\/03\\\/easystar-logo.svg\",\"width\":2000,\"height\":2000,\"caption\":\"Easy Star O\u00dc\"},\"image\":{\"@id\":\"https:\\\/\\\/easystar.ee\\\/#\\\/schema\\\/logo\\\/image\\\/\"}}]}<\/script>\n<!-- \/ Yoast SEO plugin. -->","yoast_head_json":{"title":"K\u00e4tekuivati LOKI 4004 must DAN4004 &#8212; Easy Star O\u00dc","robots":{"index":"index","follow":"follow","max-snippet":"max-snippet:-1","max-image-preview":"max-image-preview:large","max-video-preview":"max-video-preview:-1"},"canonical":"https:\/\/easystar.ee\/toode\/katekuivati-loki-4004-must-dan4004\/","og_locale":"en_US","og_type":"article","og_title":"K\u00e4tekuivati LOKI 4004 must DAN4004 &#8212; Easy Star O\u00dc","og_description":"LOKI tootesarja loomisel on meie visiooniks olnud luua elegantsete ja funktsionaalsete toodete sari, mis sobib \u00fcmbritseva arhitektuuriga. LOKI k\u00e4tekuivati \u200b\u200bon kiire ja elegantse disainiga masin. Seda iseloomustavad puhtad jooned ja vastupidav esiplaat k\u00f5rge ja kitsa valgusjuhiga. Visuaalselt puhas, kergelt \u00fcleulatuv esipaneel annab seadmele h\u00f5ljuva mulje, mis suurendab veelgi disaini elegantsi. H: 330, W: 173, D: 102 mm kaal: 5 kg","og_url":"https:\/\/easystar.ee\/toode\/katekuivati-loki-4004-must-dan4004\/","og_site_name":"Easy Star O\u00dc","article_modified_time":"2025-12-18T01:30:04+00:00","og_image":[{"width":280,"height":414,"url":"https:\/\/easystar.ee\/wp-content\/uploads\/2025\/12\/dan4004-ka-tekuivati-loki-4004-must.jpg","type":"image\/jpeg"}],"twitter_card":"summary_large_image","schema":{"@context":"https:\/\/schema.org","@graph":[{"@type":"WebPage","@id":"https:\/\/easystar.ee\/toode\/katekuivati-loki-4004-must-dan4004\/","url":"https:\/\/easystar.ee\/toode\/katekuivati-loki-4004-must-dan4004\/","name":"K\u00e4tekuivati LOKI 4004 must DAN4004 &#8212; Easy Star O\u00dc","isPartOf":{"@id":"https:\/\/easystar.ee\/#website"},"primaryImageOfPage":{"@id":"https:\/\/easystar.ee\/toode\/katekuivati-loki-4004-must-dan4004\/#primaryimage"},"image":{"@id":"https:\/\/easystar.ee\/toode\/katekuivati-loki-4004-must-dan4004\/#primaryimage"},"thumbnailUrl":"https:\/\/easystar.ee\/wp-content\/uploads\/2025\/12\/dan4004-ka-tekuivati-loki-4004-must.jpg","datePublished":"2025-12-16T01:31:32+00:00","dateModified":"2025-12-18T01:30:04+00:00","breadcrumb":{"@id":"https:\/\/easystar.ee\/toode\/katekuivati-loki-4004-must-dan4004\/#breadcrumb"},"inLanguage":"en-US","potentialAction":[{"@type":"ReadAction","target":["https:\/\/easystar.ee\/toode\/katekuivati-loki-4004-must-dan4004\/"]}]},{"@type":"ImageObject","inLanguage":"en-US","@id":"https:\/\/easystar.ee\/toode\/katekuivati-loki-4004-must-dan4004\/#primaryimage","url":"https:\/\/easystar.ee\/wp-content\/uploads\/2025\/12\/dan4004-ka-tekuivati-loki-4004-must.jpg","contentUrl":"https:\/\/easystar.ee\/wp-content\/uploads\/2025\/12\/dan4004-ka-tekuivati-loki-4004-must.jpg","width":280,"height":414},{"@type":"BreadcrumbList","@id":"https:\/\/easystar.ee\/toode\/katekuivati-loki-4004-must-dan4004\/#breadcrumb","itemListElement":[{"@type":"ListItem","position":1,"name":"Home","item":"https:\/\/easystar.ee\/ru\/"},{"@type":"ListItem","position":2,"name":"Shop","item":"https:\/\/easystar.ee\/tooted\/"},{"@type":"ListItem","position":3,"name":"K\u00e4tekuivati LOKI 4004 must DAN4004"}]},{"@type":"WebSite","@id":"https:\/\/easystar.ee\/#website","url":"https:\/\/easystar.ee\/","name":"Easystar.ee","description":"","publisher":{"@id":"https:\/\/easystar.ee\/#organization"},"alternateName":"Keskkonnas\u00f5bralikud pehmepaberitooted teie kontorisse","potentialAction":[{"@type":"SearchAction","target":{"@type":"EntryPoint","urlTemplate":"https:\/\/easystar.ee\/?s={search_term_string}"},"query-input":{"@type":"PropertyValueSpecification","valueRequired":true,"valueName":"search_term_string"}}],"inLanguage":"en-US"},{"@type":"Organization","@id":"https:\/\/easystar.ee\/#organization","name":"Easy Star O\u00dc","url":"https:\/\/easystar.ee\/","logo":{"@type":"ImageObject","inLanguage":"en-US","@id":"https:\/\/easystar.ee\/#\/schema\/logo\/image\/","url":"https:\/\/easystar.ee\/wp-content\/uploads\/2024\/03\/easystar-logo.svg","contentUrl":"https:\/\/easystar.ee\/wp-content\/uploads\/2024\/03\/easystar-logo.svg","width":2000,"height":2000,"caption":"Easy Star O\u00dc"},"image":{"@id":"https:\/\/easystar.ee\/#\/schema\/logo\/image\/"}}]}},"_links":{"self":[{"href":"https:\/\/easystar.ee\/en\/wp-json\/wp\/v2\/product\/66976","targetHints":{"allow":["GET"]}}],"collection":[{"href":"https:\/\/easystar.ee\/en\/wp-json\/wp\/v2\/product"}],"about":[{"href":"https:\/\/easystar.ee\/en\/wp-json\/wp\/v2\/types\/product"}],"wp:featuredmedia":[{"embeddable":true,"href":"https:\/\/easystar.ee\/en\/wp-json\/wp\/v2\/media\/67035"}],"wp:attachment":[{"href":"https:\/\/easystar.ee\/en\/wp-json\/wp\/v2\/media?parent=66976"}],"wp:term":[{"taxonomy":"product_brand","embeddable":true,"href":"https:\/\/easystar.ee\/en\/wp-json\/wp\/v2\/product_brand?post=66976"},{"taxonomy":"product_cat","embeddable":true,"href":"https:\/\/easystar.ee\/en\/wp-json\/wp\/v2\/product_cat?post=66976"},{"taxonomy":"product_tag","embeddable":true,"href":"https:\/\/easystar.ee\/en\/wp-json\/wp\/v2\/product_tag?post=66976"}],"curies":[{"name":"wp","href":"https:\/\/api.w.org\/{rel}","templated":true}]}}