{"id":66925,"date":"2025-12-12T01:30:18","date_gmt":"2025-12-12T01:30:18","guid":{"rendered":"https:\/\/easystar.ee\/toode\/tork-s4-luksuslik-dusikreem-juustele-ja-kehale-1l-k424661\/"},"modified":"2025-12-13T01:30:06","modified_gmt":"2025-12-13T01:30:06","slug":"tork-s4-luksuslik-dusikreem-juustele-ja-kehale-1l-k424661","status":"publish","type":"product","link":"https:\/\/easystar.ee\/en\/toode\/tork-s4-luksuslik-dusikreem-juustele-ja-kehale-1l-k424661\/","title":{"rendered":"Tork S4 luksuslik du\u0161ikreem juustele ja kehale 1L K424661"},"content":{"rendered":"","protected":false},"excerpt":{"rendered":"<p>Tork luksuslik du\u0161ikreem juustele ja kehale tagab luksusliku kolm \u00fches du\u0161ikogemuse ning on ideaalne hotellidele, spaadele ja spordirajatistele. Sisaldab argaania\u00f5li ja palsamit ning annab kolmekordse eelise v\u00e4rskendava \u0161ampooni, palsami ja niisutava du\u0161ikreemi n\u00e4ol. Lisaks juuste ja keha \u00f5rnatoimelisele puhastamisele toidab \u0161ampoon juukseid, j\u00e4ttes need pehmeks ja kohevaks. Sobib kasutamiseks Tork vedelseebi jaoturites, mida on t\u00f5endatult lihtne kasutada ja mis tagavad k\u00f5igile kasutajatele hea h\u00fcgieeni.<br \/>\nLihtne kasutada (SRA) Tehke h\u00fcgieen k\u00f5igile k\u00e4ttesaadavaks: paljusid Tork<br \/>\nh\u00fcgieenis\u00fcsteeme on Rootsi Reumaliidu kinnitusel t\u00f5endatult lihtne kasutada.<br \/>\nV\u00e4rskendav kolm \u00fches \u0161ampoon, palsam ja niisutav du\u0161ikogemus<br \/>\n94% koostisainetest on loodusliku p\u00e4ritoluga 1<br \/>\nRikastatud naturaalse argaania\u00f5liga, mis annab juustele ja nahale pehme ning hoolitsetud<br \/>\ntunde<br \/>\nEriti hooldavate koostisainete ja elegantse l\u00f5hnaga, et pakkuda luksuslikku du\u0161ikogemust<br \/>\nDermatoloogiliselt testitud<br \/>\nNahas\u00f5bralik pH-tase<br \/>\nV\u00e4hendage puhastust\u00f6\u00f6tajate ajakulu: t\u00f5endatud vaevatu taast\u00e4itmine  v\u00e4hem kui 2<br \/>\n10 sekundiga 3<br \/>\nAitab tagada head h\u00fcgieeni: tehases \u00f5hukindlalt suletud pudel uue pumbaga iga<br \/>\ntaast\u00e4itmise jaoks aitab v\u00e4hendada saastumisriski ja kaitsta koostist kuni kasutamiseni.<br \/>\nV\u00e4hendage j\u00e4\u00e4tmeid: T\u00e4nu kokkupressitavale pudelile v\u00e4heneb j\u00e4\u00e4tmekogus 70%4<br \/>\nLuksuslik kogemus<\/p>\n","protected":false},"featured_media":66943,"template":"","meta":{"_acf_changed":false},"product_brand":[],"product_cat":[1829,1830],"product_tag":[],"class_list":{"0":"post-66925","1":"product","2":"type-product","3":"status-publish","4":"has-post-thumbnail","6":"product_cat-cleaning-chemicals","7":"product_cat-soap","9":"first","10":"outofstock","11":"taxable","12":"shipping-taxable","13":"purchasable","14":"product-type-simple"},"acf":[],"yoast_head":"<!-- This site is optimized with the Yoast SEO plugin v27.5 - https:\/\/yoast.com\/product\/yoast-seo-wordpress\/ -->\n<title>Tork S4 luksuslik du\u0161ikreem juustele ja kehale 1L K424661 &#8212; Easy Star O\u00dc<\/title>\n<meta name=\"robots\" content=\"index, follow, max-snippet:-1, max-image-preview:large, max-video-preview:-1\" \/>\n<link rel=\"canonical\" href=\"https:\/\/easystar.ee\/toode\/tork-s4-luksuslik-dusikreem-juustele-ja-kehale-1l-k424661\/\" \/>\n<meta property=\"og:locale\" content=\"en_US\" \/>\n<meta property=\"og:type\" content=\"article\" \/>\n<meta property=\"og:title\" content=\"Tork S4 luksuslik du\u0161ikreem juustele ja kehale 1L K424661 &#8212; Easy Star O\u00dc\" \/>\n<meta property=\"og:description\" content=\"Tork luksuslik du\u0161ikreem juustele ja kehale tagab luksusliku kolm \u00fches du\u0161ikogemuse ning on ideaalne hotellidele, spaadele ja spordirajatistele. Sisaldab argaania\u00f5li ja palsamit ning annab kolmekordse eelise v\u00e4rskendava \u0161ampooni, palsami ja niisutava du\u0161ikreemi n\u00e4ol. Lisaks juuste ja keha \u00f5rnatoimelisele puhastamisele toidab \u0161ampoon juukseid, j\u00e4ttes need pehmeks ja kohevaks. Sobib kasutamiseks Tork vedelseebi jaoturites, mida on t\u00f5endatult lihtne kasutada ja mis tagavad k\u00f5igile kasutajatele hea h\u00fcgieeni. Lihtne kasutada (SRA) Tehke h\u00fcgieen k\u00f5igile k\u00e4ttesaadavaks: paljusid Tork h\u00fcgieenis\u00fcsteeme on Rootsi Reumaliidu kinnitusel t\u00f5endatult lihtne kasutada. V\u00e4rskendav kolm \u00fches \u0161ampoon, palsam ja niisutav du\u0161ikogemus 94% koostisainetest on loodusliku p\u00e4ritoluga 1 Rikastatud naturaalse argaania\u00f5liga, mis annab juustele ja nahale pehme ning hoolitsetud tunde Eriti hooldavate koostisainete ja elegantse l\u00f5hnaga, et pakkuda luksuslikku du\u0161ikogemust Dermatoloogiliselt testitud Nahas\u00f5bralik pH-tase V\u00e4hendage puhastust\u00f6\u00f6tajate ajakulu: t\u00f5endatud vaevatu taast\u00e4itmine v\u00e4hem kui 2 10 sekundiga 3 Aitab tagada head h\u00fcgieeni: tehases \u00f5hukindlalt suletud pudel uue pumbaga iga taast\u00e4itmise jaoks aitab v\u00e4hendada saastumisriski ja kaitsta koostist kuni kasutamiseni. V\u00e4hendage j\u00e4\u00e4tmeid: T\u00e4nu kokkupressitavale pudelile v\u00e4heneb j\u00e4\u00e4tmekogus 70%4 Luksuslik kogemus\" \/>\n<meta property=\"og:url\" content=\"https:\/\/easystar.ee\/toode\/tork-s4-luksuslik-dusikreem-juustele-ja-kehale-1l-k424661\/\" \/>\n<meta property=\"og:site_name\" content=\"Easy Star O\u00dc\" \/>\n<meta property=\"article:modified_time\" content=\"2025-12-13T01:30:06+00:00\" \/>\n<meta property=\"og:image\" content=\"https:\/\/easystar.ee\/wp-content\/uploads\/2025\/12\/k424661.jpg\" \/>\n\t<meta property=\"og:image:width\" content=\"357\" \/>\n\t<meta property=\"og:image:height\" content=\"548\" \/>\n\t<meta property=\"og:image:type\" content=\"image\/jpeg\" \/>\n<meta name=\"twitter:card\" content=\"summary_large_image\" \/>\n<script type=\"application\/ld+json\" class=\"yoast-schema-graph\">{\"@context\":\"https:\\\/\\\/schema.org\",\"@graph\":[{\"@type\":\"WebPage\",\"@id\":\"https:\\\/\\\/easystar.ee\\\/toode\\\/tork-s4-luksuslik-dusikreem-juustele-ja-kehale-1l-k424661\\\/\",\"url\":\"https:\\\/\\\/easystar.ee\\\/toode\\\/tork-s4-luksuslik-dusikreem-juustele-ja-kehale-1l-k424661\\\/\",\"name\":\"Tork S4 luksuslik du\u0161ikreem juustele ja kehale 1L K424661 &#8212; Easy Star O\u00dc\",\"isPartOf\":{\"@id\":\"https:\\\/\\\/easystar.ee\\\/#website\"},\"primaryImageOfPage\":{\"@id\":\"https:\\\/\\\/easystar.ee\\\/toode\\\/tork-s4-luksuslik-dusikreem-juustele-ja-kehale-1l-k424661\\\/#primaryimage\"},\"image\":{\"@id\":\"https:\\\/\\\/easystar.ee\\\/toode\\\/tork-s4-luksuslik-dusikreem-juustele-ja-kehale-1l-k424661\\\/#primaryimage\"},\"thumbnailUrl\":\"https:\\\/\\\/easystar.ee\\\/wp-content\\\/uploads\\\/2025\\\/12\\\/k424661.jpg\",\"datePublished\":\"2025-12-12T01:30:18+00:00\",\"dateModified\":\"2025-12-13T01:30:06+00:00\",\"breadcrumb\":{\"@id\":\"https:\\\/\\\/easystar.ee\\\/toode\\\/tork-s4-luksuslik-dusikreem-juustele-ja-kehale-1l-k424661\\\/#breadcrumb\"},\"inLanguage\":\"en-US\",\"potentialAction\":[{\"@type\":\"ReadAction\",\"target\":[\"https:\\\/\\\/easystar.ee\\\/toode\\\/tork-s4-luksuslik-dusikreem-juustele-ja-kehale-1l-k424661\\\/\"]}]},{\"@type\":\"ImageObject\",\"inLanguage\":\"en-US\",\"@id\":\"https:\\\/\\\/easystar.ee\\\/toode\\\/tork-s4-luksuslik-dusikreem-juustele-ja-kehale-1l-k424661\\\/#primaryimage\",\"url\":\"https:\\\/\\\/easystar.ee\\\/wp-content\\\/uploads\\\/2025\\\/12\\\/k424661.jpg\",\"contentUrl\":\"https:\\\/\\\/easystar.ee\\\/wp-content\\\/uploads\\\/2025\\\/12\\\/k424661.jpg\",\"width\":357,\"height\":548},{\"@type\":\"BreadcrumbList\",\"@id\":\"https:\\\/\\\/easystar.ee\\\/toode\\\/tork-s4-luksuslik-dusikreem-juustele-ja-kehale-1l-k424661\\\/#breadcrumb\",\"itemListElement\":[{\"@type\":\"ListItem\",\"position\":1,\"name\":\"Home\",\"item\":\"https:\\\/\\\/easystar.ee\\\/ru\\\/\"},{\"@type\":\"ListItem\",\"position\":2,\"name\":\"Shop\",\"item\":\"https:\\\/\\\/easystar.ee\\\/tooted\\\/\"},{\"@type\":\"ListItem\",\"position\":3,\"name\":\"Tork S4 luksuslik du\u0161ikreem juustele ja kehale 1L K424661\"}]},{\"@type\":\"WebSite\",\"@id\":\"https:\\\/\\\/easystar.ee\\\/#website\",\"url\":\"https:\\\/\\\/easystar.ee\\\/\",\"name\":\"Easystar.ee\",\"description\":\"\",\"publisher\":{\"@id\":\"https:\\\/\\\/easystar.ee\\\/#organization\"},\"alternateName\":\"Keskkonnas\u00f5bralikud pehmepaberitooted teie kontorisse\",\"potentialAction\":[{\"@type\":\"SearchAction\",\"target\":{\"@type\":\"EntryPoint\",\"urlTemplate\":\"https:\\\/\\\/easystar.ee\\\/?s={search_term_string}\"},\"query-input\":{\"@type\":\"PropertyValueSpecification\",\"valueRequired\":true,\"valueName\":\"search_term_string\"}}],\"inLanguage\":\"en-US\"},{\"@type\":\"Organization\",\"@id\":\"https:\\\/\\\/easystar.ee\\\/#organization\",\"name\":\"Easy Star O\u00dc\",\"url\":\"https:\\\/\\\/easystar.ee\\\/\",\"logo\":{\"@type\":\"ImageObject\",\"inLanguage\":\"en-US\",\"@id\":\"https:\\\/\\\/easystar.ee\\\/#\\\/schema\\\/logo\\\/image\\\/\",\"url\":\"https:\\\/\\\/easystar.ee\\\/wp-content\\\/uploads\\\/2024\\\/03\\\/easystar-logo.svg\",\"contentUrl\":\"https:\\\/\\\/easystar.ee\\\/wp-content\\\/uploads\\\/2024\\\/03\\\/easystar-logo.svg\",\"width\":2000,\"height\":2000,\"caption\":\"Easy Star O\u00dc\"},\"image\":{\"@id\":\"https:\\\/\\\/easystar.ee\\\/#\\\/schema\\\/logo\\\/image\\\/\"}}]}<\/script>\n<!-- \/ Yoast SEO plugin. -->","yoast_head_json":{"title":"Tork S4 luksuslik du\u0161ikreem juustele ja kehale 1L K424661 &#8212; Easy Star O\u00dc","robots":{"index":"index","follow":"follow","max-snippet":"max-snippet:-1","max-image-preview":"max-image-preview:large","max-video-preview":"max-video-preview:-1"},"canonical":"https:\/\/easystar.ee\/toode\/tork-s4-luksuslik-dusikreem-juustele-ja-kehale-1l-k424661\/","og_locale":"en_US","og_type":"article","og_title":"Tork S4 luksuslik du\u0161ikreem juustele ja kehale 1L K424661 &#8212; Easy Star O\u00dc","og_description":"Tork luksuslik du\u0161ikreem juustele ja kehale tagab luksusliku kolm \u00fches du\u0161ikogemuse ning on ideaalne hotellidele, spaadele ja spordirajatistele. Sisaldab argaania\u00f5li ja palsamit ning annab kolmekordse eelise v\u00e4rskendava \u0161ampooni, palsami ja niisutava du\u0161ikreemi n\u00e4ol. Lisaks juuste ja keha \u00f5rnatoimelisele puhastamisele toidab \u0161ampoon juukseid, j\u00e4ttes need pehmeks ja kohevaks. Sobib kasutamiseks Tork vedelseebi jaoturites, mida on t\u00f5endatult lihtne kasutada ja mis tagavad k\u00f5igile kasutajatele hea h\u00fcgieeni. Lihtne kasutada (SRA) Tehke h\u00fcgieen k\u00f5igile k\u00e4ttesaadavaks: paljusid Tork h\u00fcgieenis\u00fcsteeme on Rootsi Reumaliidu kinnitusel t\u00f5endatult lihtne kasutada. V\u00e4rskendav kolm \u00fches \u0161ampoon, palsam ja niisutav du\u0161ikogemus 94% koostisainetest on loodusliku p\u00e4ritoluga 1 Rikastatud naturaalse argaania\u00f5liga, mis annab juustele ja nahale pehme ning hoolitsetud tunde Eriti hooldavate koostisainete ja elegantse l\u00f5hnaga, et pakkuda luksuslikku du\u0161ikogemust Dermatoloogiliselt testitud Nahas\u00f5bralik pH-tase V\u00e4hendage puhastust\u00f6\u00f6tajate ajakulu: t\u00f5endatud vaevatu taast\u00e4itmine v\u00e4hem kui 2 10 sekundiga 3 Aitab tagada head h\u00fcgieeni: tehases \u00f5hukindlalt suletud pudel uue pumbaga iga taast\u00e4itmise jaoks aitab v\u00e4hendada saastumisriski ja kaitsta koostist kuni kasutamiseni. V\u00e4hendage j\u00e4\u00e4tmeid: T\u00e4nu kokkupressitavale pudelile v\u00e4heneb j\u00e4\u00e4tmekogus 70%4 Luksuslik kogemus","og_url":"https:\/\/easystar.ee\/toode\/tork-s4-luksuslik-dusikreem-juustele-ja-kehale-1l-k424661\/","og_site_name":"Easy Star O\u00dc","article_modified_time":"2025-12-13T01:30:06+00:00","og_image":[{"width":357,"height":548,"url":"https:\/\/easystar.ee\/wp-content\/uploads\/2025\/12\/k424661.jpg","type":"image\/jpeg"}],"twitter_card":"summary_large_image","schema":{"@context":"https:\/\/schema.org","@graph":[{"@type":"WebPage","@id":"https:\/\/easystar.ee\/toode\/tork-s4-luksuslik-dusikreem-juustele-ja-kehale-1l-k424661\/","url":"https:\/\/easystar.ee\/toode\/tork-s4-luksuslik-dusikreem-juustele-ja-kehale-1l-k424661\/","name":"Tork S4 luksuslik du\u0161ikreem juustele ja kehale 1L K424661 &#8212; Easy Star O\u00dc","isPartOf":{"@id":"https:\/\/easystar.ee\/#website"},"primaryImageOfPage":{"@id":"https:\/\/easystar.ee\/toode\/tork-s4-luksuslik-dusikreem-juustele-ja-kehale-1l-k424661\/#primaryimage"},"image":{"@id":"https:\/\/easystar.ee\/toode\/tork-s4-luksuslik-dusikreem-juustele-ja-kehale-1l-k424661\/#primaryimage"},"thumbnailUrl":"https:\/\/easystar.ee\/wp-content\/uploads\/2025\/12\/k424661.jpg","datePublished":"2025-12-12T01:30:18+00:00","dateModified":"2025-12-13T01:30:06+00:00","breadcrumb":{"@id":"https:\/\/easystar.ee\/toode\/tork-s4-luksuslik-dusikreem-juustele-ja-kehale-1l-k424661\/#breadcrumb"},"inLanguage":"en-US","potentialAction":[{"@type":"ReadAction","target":["https:\/\/easystar.ee\/toode\/tork-s4-luksuslik-dusikreem-juustele-ja-kehale-1l-k424661\/"]}]},{"@type":"ImageObject","inLanguage":"en-US","@id":"https:\/\/easystar.ee\/toode\/tork-s4-luksuslik-dusikreem-juustele-ja-kehale-1l-k424661\/#primaryimage","url":"https:\/\/easystar.ee\/wp-content\/uploads\/2025\/12\/k424661.jpg","contentUrl":"https:\/\/easystar.ee\/wp-content\/uploads\/2025\/12\/k424661.jpg","width":357,"height":548},{"@type":"BreadcrumbList","@id":"https:\/\/easystar.ee\/toode\/tork-s4-luksuslik-dusikreem-juustele-ja-kehale-1l-k424661\/#breadcrumb","itemListElement":[{"@type":"ListItem","position":1,"name":"Home","item":"https:\/\/easystar.ee\/ru\/"},{"@type":"ListItem","position":2,"name":"Shop","item":"https:\/\/easystar.ee\/tooted\/"},{"@type":"ListItem","position":3,"name":"Tork S4 luksuslik du\u0161ikreem juustele ja kehale 1L K424661"}]},{"@type":"WebSite","@id":"https:\/\/easystar.ee\/#website","url":"https:\/\/easystar.ee\/","name":"Easystar.ee","description":"","publisher":{"@id":"https:\/\/easystar.ee\/#organization"},"alternateName":"Keskkonnas\u00f5bralikud pehmepaberitooted teie kontorisse","potentialAction":[{"@type":"SearchAction","target":{"@type":"EntryPoint","urlTemplate":"https:\/\/easystar.ee\/?s={search_term_string}"},"query-input":{"@type":"PropertyValueSpecification","valueRequired":true,"valueName":"search_term_string"}}],"inLanguage":"en-US"},{"@type":"Organization","@id":"https:\/\/easystar.ee\/#organization","name":"Easy Star O\u00dc","url":"https:\/\/easystar.ee\/","logo":{"@type":"ImageObject","inLanguage":"en-US","@id":"https:\/\/easystar.ee\/#\/schema\/logo\/image\/","url":"https:\/\/easystar.ee\/wp-content\/uploads\/2024\/03\/easystar-logo.svg","contentUrl":"https:\/\/easystar.ee\/wp-content\/uploads\/2024\/03\/easystar-logo.svg","width":2000,"height":2000,"caption":"Easy Star O\u00dc"},"image":{"@id":"https:\/\/easystar.ee\/#\/schema\/logo\/image\/"}}]}},"_links":{"self":[{"href":"https:\/\/easystar.ee\/en\/wp-json\/wp\/v2\/product\/66925","targetHints":{"allow":["GET"]}}],"collection":[{"href":"https:\/\/easystar.ee\/en\/wp-json\/wp\/v2\/product"}],"about":[{"href":"https:\/\/easystar.ee\/en\/wp-json\/wp\/v2\/types\/product"}],"wp:featuredmedia":[{"embeddable":true,"href":"https:\/\/easystar.ee\/en\/wp-json\/wp\/v2\/media\/66943"}],"wp:attachment":[{"href":"https:\/\/easystar.ee\/en\/wp-json\/wp\/v2\/media?parent=66925"}],"wp:term":[{"taxonomy":"product_brand","embeddable":true,"href":"https:\/\/easystar.ee\/en\/wp-json\/wp\/v2\/product_brand?post=66925"},{"taxonomy":"product_cat","embeddable":true,"href":"https:\/\/easystar.ee\/en\/wp-json\/wp\/v2\/product_cat?post=66925"},{"taxonomy":"product_tag","embeddable":true,"href":"https:\/\/easystar.ee\/en\/wp-json\/wp\/v2\/product_tag?post=66925"}],"curies":[{"name":"wp","href":"https:\/\/api.w.org\/{rel}","templated":true}]}}