{"id":66915,"date":"2025-12-12T01:30:04","date_gmt":"2025-12-12T01:30:04","guid":{"rendered":"https:\/\/easystar.ee\/toode\/tork-s5-mini-wc-istme-puhastaja-525ml-k425302\/"},"modified":"2026-02-04T01:30:05","modified_gmt":"2026-02-04T01:30:05","slug":"tork-s5-mini-wc-istme-puhastaja-525ml-k425302","status":"publish","type":"product","link":"https:\/\/easystar.ee\/en\/toode\/tork-s5-mini-wc-istme-puhastaja-525ml-k425302\/","title":{"rendered":"Tork S5 mini WC-istme puhastaja 525ml K425302"},"content":{"rendered":"","protected":false},"excerpt":{"rendered":"<p>Tork WC-istme puhastaja annab k\u00fclastajatele t\u00e4iendava kindlustunde. WC-iste saab puhtamaks vaid \u00fche, tualettpaberi t\u00fckile lastud WC-istme puhastaja annusega. Sobib t\u00f5estatult lihtsa kasutusega Tork mini seebi ja desinfektandi jaoturitele.<br \/>\nLihtne kasutada (SRA) Tehke h\u00fcgieen k\u00f5igile k\u00e4ttesaadavaks: paljusid Tork<br \/>\nh\u00fcgieenis\u00fcsteeme on Rootsi Reumaliidu kinnitusel t\u00f5endatult lihtne kasutada.<br \/>\nKiire taast\u00e4itmine v\u00e4hem kui 10 sekundiga<br \/>\nH\u00fcgieeniline taast\u00e4itmine \u2013 tehases \u00f5hukindlalt suletud pudel uue pumbaga iga<br \/>\ntaast\u00e4itmise jaoks aitab v\u00e4hendada saastumisriski<br \/>\nV\u00e4hendage j\u00e4\u00e4tmeid: T\u00e4nu kokkupressitavale pudelile v\u00e4heneb j\u00e4\u00e4tmekogus 70%1<br \/>\nOhu- ja ettevaatusabin\u00f5ude teavet vt kemikaali ohutuskaardilt<br \/>\nT\u00f5hus<br \/>\nLihtne kasutada<br \/>\nTehases \u00f5hukindlalt suletud pudel<\/p>\n","protected":false},"featured_media":66935,"template":"","meta":{"_acf_changed":false},"product_brand":[],"product_cat":[1829,1875],"product_tag":[],"class_list":{"0":"post-66915","1":"product","2":"type-product","3":"status-publish","4":"has-post-thumbnail","6":"product_cat-cleaning-chemicals","7":"product_cat-medical-products","9":"first","10":"outofstock","11":"taxable","12":"shipping-taxable","13":"purchasable","14":"product-type-simple"},"acf":[],"yoast_head":"<!-- This site is optimized with the Yoast SEO plugin v27.5 - https:\/\/yoast.com\/product\/yoast-seo-wordpress\/ -->\n<title>Tork S5 mini WC-istme puhastaja 525ml K425302 &#8212; Easy Star O\u00dc<\/title>\n<meta name=\"robots\" content=\"index, follow, max-snippet:-1, max-image-preview:large, max-video-preview:-1\" \/>\n<link rel=\"canonical\" href=\"https:\/\/easystar.ee\/toode\/tork-s5-mini-wc-istme-puhastaja-525ml-k425302\/\" \/>\n<meta property=\"og:locale\" content=\"en_US\" \/>\n<meta property=\"og:type\" content=\"article\" \/>\n<meta property=\"og:title\" content=\"Tork S5 mini WC-istme puhastaja 525ml K425302 &#8212; Easy Star O\u00dc\" \/>\n<meta property=\"og:description\" content=\"Tork WC-istme puhastaja annab k\u00fclastajatele t\u00e4iendava kindlustunde. WC-iste saab puhtamaks vaid \u00fche, tualettpaberi t\u00fckile lastud WC-istme puhastaja annusega. Sobib t\u00f5estatult lihtsa kasutusega Tork mini seebi ja desinfektandi jaoturitele. Lihtne kasutada (SRA) Tehke h\u00fcgieen k\u00f5igile k\u00e4ttesaadavaks: paljusid Tork h\u00fcgieenis\u00fcsteeme on Rootsi Reumaliidu kinnitusel t\u00f5endatult lihtne kasutada. Kiire taast\u00e4itmine v\u00e4hem kui 10 sekundiga H\u00fcgieeniline taast\u00e4itmine \u2013 tehases \u00f5hukindlalt suletud pudel uue pumbaga iga taast\u00e4itmise jaoks aitab v\u00e4hendada saastumisriski V\u00e4hendage j\u00e4\u00e4tmeid: T\u00e4nu kokkupressitavale pudelile v\u00e4heneb j\u00e4\u00e4tmekogus 70%1 Ohu- ja ettevaatusabin\u00f5ude teavet vt kemikaali ohutuskaardilt T\u00f5hus Lihtne kasutada Tehases \u00f5hukindlalt suletud pudel\" \/>\n<meta property=\"og:url\" content=\"https:\/\/easystar.ee\/toode\/tork-s5-mini-wc-istme-puhastaja-525ml-k425302\/\" \/>\n<meta property=\"og:site_name\" content=\"Easy Star O\u00dc\" \/>\n<meta property=\"article:modified_time\" content=\"2026-02-04T01:30:05+00:00\" \/>\n<meta property=\"og:image\" content=\"https:\/\/easystar.ee\/wp-content\/uploads\/2025\/12\/425302-5.jpg\" \/>\n\t<meta property=\"og:image:width\" content=\"347\" \/>\n\t<meta property=\"og:image:height\" content=\"678\" \/>\n\t<meta property=\"og:image:type\" content=\"image\/jpeg\" \/>\n<meta name=\"twitter:card\" content=\"summary_large_image\" \/>\n<script type=\"application\/ld+json\" class=\"yoast-schema-graph\">{\"@context\":\"https:\\\/\\\/schema.org\",\"@graph\":[{\"@type\":\"WebPage\",\"@id\":\"https:\\\/\\\/easystar.ee\\\/toode\\\/tork-s5-mini-wc-istme-puhastaja-525ml-k425302\\\/\",\"url\":\"https:\\\/\\\/easystar.ee\\\/toode\\\/tork-s5-mini-wc-istme-puhastaja-525ml-k425302\\\/\",\"name\":\"Tork S5 mini WC-istme puhastaja 525ml K425302 &#8212; Easy Star O\u00dc\",\"isPartOf\":{\"@id\":\"https:\\\/\\\/easystar.ee\\\/#website\"},\"primaryImageOfPage\":{\"@id\":\"https:\\\/\\\/easystar.ee\\\/toode\\\/tork-s5-mini-wc-istme-puhastaja-525ml-k425302\\\/#primaryimage\"},\"image\":{\"@id\":\"https:\\\/\\\/easystar.ee\\\/toode\\\/tork-s5-mini-wc-istme-puhastaja-525ml-k425302\\\/#primaryimage\"},\"thumbnailUrl\":\"https:\\\/\\\/easystar.ee\\\/wp-content\\\/uploads\\\/2025\\\/12\\\/425302-5.jpg\",\"datePublished\":\"2025-12-12T01:30:04+00:00\",\"dateModified\":\"2026-02-04T01:30:05+00:00\",\"breadcrumb\":{\"@id\":\"https:\\\/\\\/easystar.ee\\\/toode\\\/tork-s5-mini-wc-istme-puhastaja-525ml-k425302\\\/#breadcrumb\"},\"inLanguage\":\"en-US\",\"potentialAction\":[{\"@type\":\"ReadAction\",\"target\":[\"https:\\\/\\\/easystar.ee\\\/toode\\\/tork-s5-mini-wc-istme-puhastaja-525ml-k425302\\\/\"]}]},{\"@type\":\"ImageObject\",\"inLanguage\":\"en-US\",\"@id\":\"https:\\\/\\\/easystar.ee\\\/toode\\\/tork-s5-mini-wc-istme-puhastaja-525ml-k425302\\\/#primaryimage\",\"url\":\"https:\\\/\\\/easystar.ee\\\/wp-content\\\/uploads\\\/2025\\\/12\\\/425302-5.jpg\",\"contentUrl\":\"https:\\\/\\\/easystar.ee\\\/wp-content\\\/uploads\\\/2025\\\/12\\\/425302-5.jpg\",\"width\":347,\"height\":678},{\"@type\":\"BreadcrumbList\",\"@id\":\"https:\\\/\\\/easystar.ee\\\/toode\\\/tork-s5-mini-wc-istme-puhastaja-525ml-k425302\\\/#breadcrumb\",\"itemListElement\":[{\"@type\":\"ListItem\",\"position\":1,\"name\":\"Home\",\"item\":\"https:\\\/\\\/easystar.ee\\\/ru\\\/\"},{\"@type\":\"ListItem\",\"position\":2,\"name\":\"Shop\",\"item\":\"https:\\\/\\\/easystar.ee\\\/tooted\\\/\"},{\"@type\":\"ListItem\",\"position\":3,\"name\":\"Tork S5 mini WC-istme puhastaja 525ml K425302\"}]},{\"@type\":\"WebSite\",\"@id\":\"https:\\\/\\\/easystar.ee\\\/#website\",\"url\":\"https:\\\/\\\/easystar.ee\\\/\",\"name\":\"Easystar.ee\",\"description\":\"\",\"publisher\":{\"@id\":\"https:\\\/\\\/easystar.ee\\\/#organization\"},\"alternateName\":\"Keskkonnas\u00f5bralikud pehmepaberitooted teie kontorisse\",\"potentialAction\":[{\"@type\":\"SearchAction\",\"target\":{\"@type\":\"EntryPoint\",\"urlTemplate\":\"https:\\\/\\\/easystar.ee\\\/?s={search_term_string}\"},\"query-input\":{\"@type\":\"PropertyValueSpecification\",\"valueRequired\":true,\"valueName\":\"search_term_string\"}}],\"inLanguage\":\"en-US\"},{\"@type\":\"Organization\",\"@id\":\"https:\\\/\\\/easystar.ee\\\/#organization\",\"name\":\"Easy Star O\u00dc\",\"url\":\"https:\\\/\\\/easystar.ee\\\/\",\"logo\":{\"@type\":\"ImageObject\",\"inLanguage\":\"en-US\",\"@id\":\"https:\\\/\\\/easystar.ee\\\/#\\\/schema\\\/logo\\\/image\\\/\",\"url\":\"https:\\\/\\\/easystar.ee\\\/wp-content\\\/uploads\\\/2024\\\/03\\\/easystar-logo.svg\",\"contentUrl\":\"https:\\\/\\\/easystar.ee\\\/wp-content\\\/uploads\\\/2024\\\/03\\\/easystar-logo.svg\",\"width\":2000,\"height\":2000,\"caption\":\"Easy Star O\u00dc\"},\"image\":{\"@id\":\"https:\\\/\\\/easystar.ee\\\/#\\\/schema\\\/logo\\\/image\\\/\"}}]}<\/script>\n<!-- \/ Yoast SEO plugin. -->","yoast_head_json":{"title":"Tork S5 mini WC-istme puhastaja 525ml K425302 &#8212; Easy Star O\u00dc","robots":{"index":"index","follow":"follow","max-snippet":"max-snippet:-1","max-image-preview":"max-image-preview:large","max-video-preview":"max-video-preview:-1"},"canonical":"https:\/\/easystar.ee\/toode\/tork-s5-mini-wc-istme-puhastaja-525ml-k425302\/","og_locale":"en_US","og_type":"article","og_title":"Tork S5 mini WC-istme puhastaja 525ml K425302 &#8212; Easy Star O\u00dc","og_description":"Tork WC-istme puhastaja annab k\u00fclastajatele t\u00e4iendava kindlustunde. WC-iste saab puhtamaks vaid \u00fche, tualettpaberi t\u00fckile lastud WC-istme puhastaja annusega. Sobib t\u00f5estatult lihtsa kasutusega Tork mini seebi ja desinfektandi jaoturitele. Lihtne kasutada (SRA) Tehke h\u00fcgieen k\u00f5igile k\u00e4ttesaadavaks: paljusid Tork h\u00fcgieenis\u00fcsteeme on Rootsi Reumaliidu kinnitusel t\u00f5endatult lihtne kasutada. Kiire taast\u00e4itmine v\u00e4hem kui 10 sekundiga H\u00fcgieeniline taast\u00e4itmine \u2013 tehases \u00f5hukindlalt suletud pudel uue pumbaga iga taast\u00e4itmise jaoks aitab v\u00e4hendada saastumisriski V\u00e4hendage j\u00e4\u00e4tmeid: T\u00e4nu kokkupressitavale pudelile v\u00e4heneb j\u00e4\u00e4tmekogus 70%1 Ohu- ja ettevaatusabin\u00f5ude teavet vt kemikaali ohutuskaardilt T\u00f5hus Lihtne kasutada Tehases \u00f5hukindlalt suletud pudel","og_url":"https:\/\/easystar.ee\/toode\/tork-s5-mini-wc-istme-puhastaja-525ml-k425302\/","og_site_name":"Easy Star O\u00dc","article_modified_time":"2026-02-04T01:30:05+00:00","og_image":[{"width":347,"height":678,"url":"https:\/\/easystar.ee\/wp-content\/uploads\/2025\/12\/425302-5.jpg","type":"image\/jpeg"}],"twitter_card":"summary_large_image","schema":{"@context":"https:\/\/schema.org","@graph":[{"@type":"WebPage","@id":"https:\/\/easystar.ee\/toode\/tork-s5-mini-wc-istme-puhastaja-525ml-k425302\/","url":"https:\/\/easystar.ee\/toode\/tork-s5-mini-wc-istme-puhastaja-525ml-k425302\/","name":"Tork S5 mini WC-istme puhastaja 525ml K425302 &#8212; Easy Star O\u00dc","isPartOf":{"@id":"https:\/\/easystar.ee\/#website"},"primaryImageOfPage":{"@id":"https:\/\/easystar.ee\/toode\/tork-s5-mini-wc-istme-puhastaja-525ml-k425302\/#primaryimage"},"image":{"@id":"https:\/\/easystar.ee\/toode\/tork-s5-mini-wc-istme-puhastaja-525ml-k425302\/#primaryimage"},"thumbnailUrl":"https:\/\/easystar.ee\/wp-content\/uploads\/2025\/12\/425302-5.jpg","datePublished":"2025-12-12T01:30:04+00:00","dateModified":"2026-02-04T01:30:05+00:00","breadcrumb":{"@id":"https:\/\/easystar.ee\/toode\/tork-s5-mini-wc-istme-puhastaja-525ml-k425302\/#breadcrumb"},"inLanguage":"en-US","potentialAction":[{"@type":"ReadAction","target":["https:\/\/easystar.ee\/toode\/tork-s5-mini-wc-istme-puhastaja-525ml-k425302\/"]}]},{"@type":"ImageObject","inLanguage":"en-US","@id":"https:\/\/easystar.ee\/toode\/tork-s5-mini-wc-istme-puhastaja-525ml-k425302\/#primaryimage","url":"https:\/\/easystar.ee\/wp-content\/uploads\/2025\/12\/425302-5.jpg","contentUrl":"https:\/\/easystar.ee\/wp-content\/uploads\/2025\/12\/425302-5.jpg","width":347,"height":678},{"@type":"BreadcrumbList","@id":"https:\/\/easystar.ee\/toode\/tork-s5-mini-wc-istme-puhastaja-525ml-k425302\/#breadcrumb","itemListElement":[{"@type":"ListItem","position":1,"name":"Home","item":"https:\/\/easystar.ee\/ru\/"},{"@type":"ListItem","position":2,"name":"Shop","item":"https:\/\/easystar.ee\/tooted\/"},{"@type":"ListItem","position":3,"name":"Tork S5 mini WC-istme puhastaja 525ml K425302"}]},{"@type":"WebSite","@id":"https:\/\/easystar.ee\/#website","url":"https:\/\/easystar.ee\/","name":"Easystar.ee","description":"","publisher":{"@id":"https:\/\/easystar.ee\/#organization"},"alternateName":"Keskkonnas\u00f5bralikud pehmepaberitooted teie kontorisse","potentialAction":[{"@type":"SearchAction","target":{"@type":"EntryPoint","urlTemplate":"https:\/\/easystar.ee\/?s={search_term_string}"},"query-input":{"@type":"PropertyValueSpecification","valueRequired":true,"valueName":"search_term_string"}}],"inLanguage":"en-US"},{"@type":"Organization","@id":"https:\/\/easystar.ee\/#organization","name":"Easy Star O\u00dc","url":"https:\/\/easystar.ee\/","logo":{"@type":"ImageObject","inLanguage":"en-US","@id":"https:\/\/easystar.ee\/#\/schema\/logo\/image\/","url":"https:\/\/easystar.ee\/wp-content\/uploads\/2024\/03\/easystar-logo.svg","contentUrl":"https:\/\/easystar.ee\/wp-content\/uploads\/2024\/03\/easystar-logo.svg","width":2000,"height":2000,"caption":"Easy Star O\u00dc"},"image":{"@id":"https:\/\/easystar.ee\/#\/schema\/logo\/image\/"}}]}},"_links":{"self":[{"href":"https:\/\/easystar.ee\/en\/wp-json\/wp\/v2\/product\/66915","targetHints":{"allow":["GET"]}}],"collection":[{"href":"https:\/\/easystar.ee\/en\/wp-json\/wp\/v2\/product"}],"about":[{"href":"https:\/\/easystar.ee\/en\/wp-json\/wp\/v2\/types\/product"}],"wp:featuredmedia":[{"embeddable":true,"href":"https:\/\/easystar.ee\/en\/wp-json\/wp\/v2\/media\/66935"}],"wp:attachment":[{"href":"https:\/\/easystar.ee\/en\/wp-json\/wp\/v2\/media?parent=66915"}],"wp:term":[{"taxonomy":"product_brand","embeddable":true,"href":"https:\/\/easystar.ee\/en\/wp-json\/wp\/v2\/product_brand?post=66915"},{"taxonomy":"product_cat","embeddable":true,"href":"https:\/\/easystar.ee\/en\/wp-json\/wp\/v2\/product_cat?post=66915"},{"taxonomy":"product_tag","embeddable":true,"href":"https:\/\/easystar.ee\/en\/wp-json\/wp\/v2\/product_tag?post=66915"}],"curies":[{"name":"wp","href":"https:\/\/api.w.org\/{rel}","templated":true}]}}