{"id":66834,"date":"2025-12-05T01:30:11","date_gmt":"2025-12-05T01:30:11","guid":{"rendered":"https:\/\/easystar.ee\/toode\/hotelli-foon-1800-w-excel-tf-must-d55610176\/"},"modified":"2025-12-09T01:30:07","modified_gmt":"2025-12-09T01:30:07","slug":"hotelli-foon-1800-w-excel-tf-must-d55610176","status":"publish","type":"product","link":"https:\/\/easystar.ee\/en\/toode\/hotelli-foon-1800-w-excel-tf-must-d55610176\/","title":{"rendered":"Hotelli f\u00f6\u00f6n 1800 W EXCEL TF must D55610176"},"content":{"rendered":"","protected":false},"excerpt":{"rendered":"<p>Korpuse materjal: ABS-plastik<br \/>\nV\u00e4rvus: Must<br \/>\nMaksimaalne v\u00f5imsus: 1800 W<br \/>\nAktiveerimismeetod: Nupp<br \/>\nJuhtme pikkus: Kuni 190 cm<br \/>\nToitepinge: 220 &#8211; 240 V Voolusagedus<br \/>\n: 50 &#8211; 60 Hz<br \/>\n\u00dchendus elektriv\u00f5rguga: Pistikuga juhtme kaudu<br \/>\nKinnitusviis: Seinale kinnitatav, seinale kinnitatava kronsteini abil<br \/>\nLisafunktsioonid:<br \/>\n\u00d5huvoolu juhtl\u00fcliti (2 seadistust); \u00f5hutemperatuuri juhtl\u00fcliti (3 seadistust)<br \/>\nF\u00f6\u00f6ni m\u00f5\u00f5tmed: K\u00f5rgus 240 mm, laius 88 mm, s\u00fcgavus 260 mm<br \/>\nF\u00f6\u00f6ni kaal: 0,354 kg (ilma toitejuhtme kaaluta)<br \/>\n1 karbi kaal: 0,71 kg<br \/>\nKogus lahtiselt karbis: 6 tk<br \/>\nLahtiselt karbi kaal: 4,9 kg<br \/>\nLahtiselt karbi maht: 0,042 m3<br \/>\nSertifikaat: CE<br \/>\nKaitseklass: IP20<br \/>\nOhutusfunktsioonid: Termokaitsel\u00fcliti<\/p>\n","protected":false},"featured_media":66875,"template":"","meta":{"_acf_changed":false},"product_brand":[],"product_cat":[1814,1815],"product_tag":[],"class_list":{"0":"post-66834","1":"product","2":"type-product","3":"status-publish","4":"has-post-thumbnail","6":"product_cat-dispensers","7":"product_cat-hand-and-hair-dryers","9":"first","10":"outofstock","11":"taxable","12":"shipping-taxable","13":"purchasable","14":"product-type-simple"},"acf":[],"yoast_head":"<!-- This site is optimized with the Yoast SEO plugin v27.3 - https:\/\/yoast.com\/product\/yoast-seo-wordpress\/ -->\n<title>Hotelli f\u00f6\u00f6n 1800 W EXCEL TF must D55610176 &#8212; Easy Star O\u00dc<\/title>\n<meta name=\"robots\" content=\"index, follow, max-snippet:-1, max-image-preview:large, max-video-preview:-1\" \/>\n<link rel=\"canonical\" href=\"https:\/\/easystar.ee\/toode\/hotelli-foon-1800-w-excel-tf-must-d55610176\/\" \/>\n<meta property=\"og:locale\" content=\"en_US\" \/>\n<meta property=\"og:type\" content=\"article\" \/>\n<meta property=\"og:title\" content=\"Hotelli f\u00f6\u00f6n 1800 W EXCEL TF must D55610176 &#8212; Easy Star O\u00dc\" \/>\n<meta property=\"og:description\" content=\"Korpuse materjal: ABS-plastik V\u00e4rvus: Must Maksimaalne v\u00f5imsus: 1800 W Aktiveerimismeetod: Nupp Juhtme pikkus: Kuni 190 cm Toitepinge: 220 - 240 V Voolusagedus : 50 - 60 Hz \u00dchendus elektriv\u00f5rguga: Pistikuga juhtme kaudu Kinnitusviis: Seinale kinnitatav, seinale kinnitatava kronsteini abil Lisafunktsioonid: \u00d5huvoolu juhtl\u00fcliti (2 seadistust); \u00f5hutemperatuuri juhtl\u00fcliti (3 seadistust) F\u00f6\u00f6ni m\u00f5\u00f5tmed: K\u00f5rgus 240 mm, laius 88 mm, s\u00fcgavus 260 mm F\u00f6\u00f6ni kaal: 0,354 kg (ilma toitejuhtme kaaluta) 1 karbi kaal: 0,71 kg Kogus lahtiselt karbis: 6 tk Lahtiselt karbi kaal: 4,9 kg Lahtiselt karbi maht: 0,042 m3 Sertifikaat: CE Kaitseklass: IP20 Ohutusfunktsioonid: Termokaitsel\u00fcliti\" \/>\n<meta property=\"og:url\" content=\"https:\/\/easystar.ee\/toode\/hotelli-foon-1800-w-excel-tf-must-d55610176\/\" \/>\n<meta property=\"og:site_name\" content=\"Easy Star O\u00dc\" \/>\n<meta property=\"article:modified_time\" content=\"2025-12-09T01:30:07+00:00\" \/>\n<meta property=\"og:image\" content=\"https:\/\/easystar.ee\/wp-content\/uploads\/2025\/12\/d55610176.jpg\" \/>\n\t<meta property=\"og:image:width\" content=\"604\" \/>\n\t<meta property=\"og:image:height\" content=\"611\" \/>\n\t<meta property=\"og:image:type\" content=\"image\/jpeg\" \/>\n<meta name=\"twitter:card\" content=\"summary_large_image\" \/>\n<script type=\"application\/ld+json\" class=\"yoast-schema-graph\">{\"@context\":\"https:\\\/\\\/schema.org\",\"@graph\":[{\"@type\":\"WebPage\",\"@id\":\"https:\\\/\\\/easystar.ee\\\/toode\\\/hotelli-foon-1800-w-excel-tf-must-d55610176\\\/\",\"url\":\"https:\\\/\\\/easystar.ee\\\/toode\\\/hotelli-foon-1800-w-excel-tf-must-d55610176\\\/\",\"name\":\"Hotelli f\u00f6\u00f6n 1800 W EXCEL TF must D55610176 &#8212; Easy Star O\u00dc\",\"isPartOf\":{\"@id\":\"https:\\\/\\\/easystar.ee\\\/#website\"},\"primaryImageOfPage\":{\"@id\":\"https:\\\/\\\/easystar.ee\\\/toode\\\/hotelli-foon-1800-w-excel-tf-must-d55610176\\\/#primaryimage\"},\"image\":{\"@id\":\"https:\\\/\\\/easystar.ee\\\/toode\\\/hotelli-foon-1800-w-excel-tf-must-d55610176\\\/#primaryimage\"},\"thumbnailUrl\":\"https:\\\/\\\/easystar.ee\\\/wp-content\\\/uploads\\\/2025\\\/12\\\/d55610176.jpg\",\"datePublished\":\"2025-12-05T01:30:11+00:00\",\"dateModified\":\"2025-12-09T01:30:07+00:00\",\"breadcrumb\":{\"@id\":\"https:\\\/\\\/easystar.ee\\\/toode\\\/hotelli-foon-1800-w-excel-tf-must-d55610176\\\/#breadcrumb\"},\"inLanguage\":\"en-US\",\"potentialAction\":[{\"@type\":\"ReadAction\",\"target\":[\"https:\\\/\\\/easystar.ee\\\/toode\\\/hotelli-foon-1800-w-excel-tf-must-d55610176\\\/\"]}]},{\"@type\":\"ImageObject\",\"inLanguage\":\"en-US\",\"@id\":\"https:\\\/\\\/easystar.ee\\\/toode\\\/hotelli-foon-1800-w-excel-tf-must-d55610176\\\/#primaryimage\",\"url\":\"https:\\\/\\\/easystar.ee\\\/wp-content\\\/uploads\\\/2025\\\/12\\\/d55610176.jpg\",\"contentUrl\":\"https:\\\/\\\/easystar.ee\\\/wp-content\\\/uploads\\\/2025\\\/12\\\/d55610176.jpg\",\"width\":604,\"height\":611},{\"@type\":\"BreadcrumbList\",\"@id\":\"https:\\\/\\\/easystar.ee\\\/toode\\\/hotelli-foon-1800-w-excel-tf-must-d55610176\\\/#breadcrumb\",\"itemListElement\":[{\"@type\":\"ListItem\",\"position\":1,\"name\":\"Home\",\"item\":\"https:\\\/\\\/easystar.ee\\\/ru\\\/\"},{\"@type\":\"ListItem\",\"position\":2,\"name\":\"Shop\",\"item\":\"https:\\\/\\\/easystar.ee\\\/tooted\\\/\"},{\"@type\":\"ListItem\",\"position\":3,\"name\":\"Hotelli f\u00f6\u00f6n 1800 W EXCEL TF must D55610176\"}]},{\"@type\":\"WebSite\",\"@id\":\"https:\\\/\\\/easystar.ee\\\/#website\",\"url\":\"https:\\\/\\\/easystar.ee\\\/\",\"name\":\"Easystar.ee\",\"description\":\"\",\"publisher\":{\"@id\":\"https:\\\/\\\/easystar.ee\\\/#organization\"},\"alternateName\":\"Keskkonnas\u00f5bralikud pehmepaberitooted teie kontorisse\",\"potentialAction\":[{\"@type\":\"SearchAction\",\"target\":{\"@type\":\"EntryPoint\",\"urlTemplate\":\"https:\\\/\\\/easystar.ee\\\/?s={search_term_string}\"},\"query-input\":{\"@type\":\"PropertyValueSpecification\",\"valueRequired\":true,\"valueName\":\"search_term_string\"}}],\"inLanguage\":\"en-US\"},{\"@type\":\"Organization\",\"@id\":\"https:\\\/\\\/easystar.ee\\\/#organization\",\"name\":\"Easy Star O\u00dc\",\"url\":\"https:\\\/\\\/easystar.ee\\\/\",\"logo\":{\"@type\":\"ImageObject\",\"inLanguage\":\"en-US\",\"@id\":\"https:\\\/\\\/easystar.ee\\\/#\\\/schema\\\/logo\\\/image\\\/\",\"url\":\"https:\\\/\\\/easystar.ee\\\/wp-content\\\/uploads\\\/2024\\\/03\\\/easystar-logo.svg\",\"contentUrl\":\"https:\\\/\\\/easystar.ee\\\/wp-content\\\/uploads\\\/2024\\\/03\\\/easystar-logo.svg\",\"width\":2000,\"height\":2000,\"caption\":\"Easy Star O\u00dc\"},\"image\":{\"@id\":\"https:\\\/\\\/easystar.ee\\\/#\\\/schema\\\/logo\\\/image\\\/\"}}]}<\/script>\n<!-- \/ Yoast SEO plugin. -->","yoast_head_json":{"title":"Hotelli f\u00f6\u00f6n 1800 W EXCEL TF must D55610176 &#8212; Easy Star O\u00dc","robots":{"index":"index","follow":"follow","max-snippet":"max-snippet:-1","max-image-preview":"max-image-preview:large","max-video-preview":"max-video-preview:-1"},"canonical":"https:\/\/easystar.ee\/toode\/hotelli-foon-1800-w-excel-tf-must-d55610176\/","og_locale":"en_US","og_type":"article","og_title":"Hotelli f\u00f6\u00f6n 1800 W EXCEL TF must D55610176 &#8212; Easy Star O\u00dc","og_description":"Korpuse materjal: ABS-plastik V\u00e4rvus: Must Maksimaalne v\u00f5imsus: 1800 W Aktiveerimismeetod: Nupp Juhtme pikkus: Kuni 190 cm Toitepinge: 220 - 240 V Voolusagedus : 50 - 60 Hz \u00dchendus elektriv\u00f5rguga: Pistikuga juhtme kaudu Kinnitusviis: Seinale kinnitatav, seinale kinnitatava kronsteini abil Lisafunktsioonid: \u00d5huvoolu juhtl\u00fcliti (2 seadistust); \u00f5hutemperatuuri juhtl\u00fcliti (3 seadistust) F\u00f6\u00f6ni m\u00f5\u00f5tmed: K\u00f5rgus 240 mm, laius 88 mm, s\u00fcgavus 260 mm F\u00f6\u00f6ni kaal: 0,354 kg (ilma toitejuhtme kaaluta) 1 karbi kaal: 0,71 kg Kogus lahtiselt karbis: 6 tk Lahtiselt karbi kaal: 4,9 kg Lahtiselt karbi maht: 0,042 m3 Sertifikaat: CE Kaitseklass: IP20 Ohutusfunktsioonid: Termokaitsel\u00fcliti","og_url":"https:\/\/easystar.ee\/toode\/hotelli-foon-1800-w-excel-tf-must-d55610176\/","og_site_name":"Easy Star O\u00dc","article_modified_time":"2025-12-09T01:30:07+00:00","og_image":[{"width":604,"height":611,"url":"https:\/\/easystar.ee\/wp-content\/uploads\/2025\/12\/d55610176.jpg","type":"image\/jpeg"}],"twitter_card":"summary_large_image","schema":{"@context":"https:\/\/schema.org","@graph":[{"@type":"WebPage","@id":"https:\/\/easystar.ee\/toode\/hotelli-foon-1800-w-excel-tf-must-d55610176\/","url":"https:\/\/easystar.ee\/toode\/hotelli-foon-1800-w-excel-tf-must-d55610176\/","name":"Hotelli f\u00f6\u00f6n 1800 W EXCEL TF must D55610176 &#8212; Easy Star O\u00dc","isPartOf":{"@id":"https:\/\/easystar.ee\/#website"},"primaryImageOfPage":{"@id":"https:\/\/easystar.ee\/toode\/hotelli-foon-1800-w-excel-tf-must-d55610176\/#primaryimage"},"image":{"@id":"https:\/\/easystar.ee\/toode\/hotelli-foon-1800-w-excel-tf-must-d55610176\/#primaryimage"},"thumbnailUrl":"https:\/\/easystar.ee\/wp-content\/uploads\/2025\/12\/d55610176.jpg","datePublished":"2025-12-05T01:30:11+00:00","dateModified":"2025-12-09T01:30:07+00:00","breadcrumb":{"@id":"https:\/\/easystar.ee\/toode\/hotelli-foon-1800-w-excel-tf-must-d55610176\/#breadcrumb"},"inLanguage":"en-US","potentialAction":[{"@type":"ReadAction","target":["https:\/\/easystar.ee\/toode\/hotelli-foon-1800-w-excel-tf-must-d55610176\/"]}]},{"@type":"ImageObject","inLanguage":"en-US","@id":"https:\/\/easystar.ee\/toode\/hotelli-foon-1800-w-excel-tf-must-d55610176\/#primaryimage","url":"https:\/\/easystar.ee\/wp-content\/uploads\/2025\/12\/d55610176.jpg","contentUrl":"https:\/\/easystar.ee\/wp-content\/uploads\/2025\/12\/d55610176.jpg","width":604,"height":611},{"@type":"BreadcrumbList","@id":"https:\/\/easystar.ee\/toode\/hotelli-foon-1800-w-excel-tf-must-d55610176\/#breadcrumb","itemListElement":[{"@type":"ListItem","position":1,"name":"Home","item":"https:\/\/easystar.ee\/ru\/"},{"@type":"ListItem","position":2,"name":"Shop","item":"https:\/\/easystar.ee\/tooted\/"},{"@type":"ListItem","position":3,"name":"Hotelli f\u00f6\u00f6n 1800 W EXCEL TF must D55610176"}]},{"@type":"WebSite","@id":"https:\/\/easystar.ee\/#website","url":"https:\/\/easystar.ee\/","name":"Easystar.ee","description":"","publisher":{"@id":"https:\/\/easystar.ee\/#organization"},"alternateName":"Keskkonnas\u00f5bralikud pehmepaberitooted teie kontorisse","potentialAction":[{"@type":"SearchAction","target":{"@type":"EntryPoint","urlTemplate":"https:\/\/easystar.ee\/?s={search_term_string}"},"query-input":{"@type":"PropertyValueSpecification","valueRequired":true,"valueName":"search_term_string"}}],"inLanguage":"en-US"},{"@type":"Organization","@id":"https:\/\/easystar.ee\/#organization","name":"Easy Star O\u00dc","url":"https:\/\/easystar.ee\/","logo":{"@type":"ImageObject","inLanguage":"en-US","@id":"https:\/\/easystar.ee\/#\/schema\/logo\/image\/","url":"https:\/\/easystar.ee\/wp-content\/uploads\/2024\/03\/easystar-logo.svg","contentUrl":"https:\/\/easystar.ee\/wp-content\/uploads\/2024\/03\/easystar-logo.svg","width":2000,"height":2000,"caption":"Easy Star O\u00dc"},"image":{"@id":"https:\/\/easystar.ee\/#\/schema\/logo\/image\/"}}]}},"_links":{"self":[{"href":"https:\/\/easystar.ee\/en\/wp-json\/wp\/v2\/product\/66834","targetHints":{"allow":["GET"]}}],"collection":[{"href":"https:\/\/easystar.ee\/en\/wp-json\/wp\/v2\/product"}],"about":[{"href":"https:\/\/easystar.ee\/en\/wp-json\/wp\/v2\/types\/product"}],"wp:featuredmedia":[{"embeddable":true,"href":"https:\/\/easystar.ee\/en\/wp-json\/wp\/v2\/media\/66875"}],"wp:attachment":[{"href":"https:\/\/easystar.ee\/en\/wp-json\/wp\/v2\/media?parent=66834"}],"wp:term":[{"taxonomy":"product_brand","embeddable":true,"href":"https:\/\/easystar.ee\/en\/wp-json\/wp\/v2\/product_brand?post=66834"},{"taxonomy":"product_cat","embeddable":true,"href":"https:\/\/easystar.ee\/en\/wp-json\/wp\/v2\/product_cat?post=66834"},{"taxonomy":"product_tag","embeddable":true,"href":"https:\/\/easystar.ee\/en\/wp-json\/wp\/v2\/product_tag?post=66834"}],"curies":[{"name":"wp","href":"https:\/\/api.w.org\/{rel}","templated":true}]}}