{"id":64088,"date":"2025-10-25T01:30:11","date_gmt":"2025-10-25T01:30:11","guid":{"rendered":"https:\/\/easystar.ee\/toode\/davos-siseprugikast-52l-taaskasutatud-materjalist-o30-x-73-cm-valge-kollane-dvs-00-ral1016\/"},"modified":"2025-12-12T01:30:03","modified_gmt":"2025-12-12T01:30:03","slug":"davos-siseprugikast-52l-taaskasutatud-materjalist-o30-x-73-cm-valge-kollane-dvs-00-ral1016","status":"publish","type":"product","link":"https:\/\/easystar.ee\/en\/toode\/davos-siseprugikast-52l-taaskasutatud-materjalist-o30-x-73-cm-valge-kollane-dvs-00-ral1016\/","title":{"rendered":"Davos sisepr\u00fcgikast 52L taaskasutatud materjalist \u00f830 x 73 cm Valge-kollane DVS\/00\/RAL1016"},"content":{"rendered":"","protected":false},"excerpt":{"rendered":"<p>Pr\u00fcgikast on valmistatud 1,2 mm lehtmetallist. Kallutatav kaas on pr\u00fcgikasti kere k\u00fclge kinnitatud kahe hinge abil. Koti hoidmiseks m\u00f5eldud r\u00f5ngas ripub kaane k\u00fcljes. Alus on pr\u00fcgikasti kere k\u00fclge keevitatud, \u00fchendades m\u00f5lemad elemendid sujuvalt. Alusel on drenaa\u017eiaugud. Aluse k\u00fclge on kinnitatud kummist klotsid, et kaitsta pinda, millel see asub. Materjale saab lihtsalt lahti v\u00f5tta ja taaskasutada. Tootel on kahe (2) aasta pikkune piiratud garantii. Ei kata: eba\u00f5iget kasutamist, halba k\u00e4sitsemist ega tahtlikku kahjustamist.<br \/>\nV\u00e4rvus: kast ise on valge RAL9003 + kaas toonitud: RAL3027 (punane), RAL5012 (sinine), RAL1016 (kollane), RAL6018 (roheline).<br \/>\nM\u00f5\u00f5dud: 30x30x73cm<br \/>\nMaht: 52L<br \/>\nKaal: 14kg<\/p>\n","protected":false},"featured_media":64080,"template":"","meta":{"_acf_changed":false},"product_brand":[],"product_cat":[1814,1928],"product_tag":[],"class_list":{"0":"post-64088","1":"product","2":"type-product","3":"status-publish","4":"has-post-thumbnail","6":"product_cat-dispensers","7":"product_cat-waste-sorting","9":"first","10":"instock","11":"taxable","12":"shipping-taxable","13":"purchasable","14":"product-type-simple"},"acf":[],"yoast_head":"<!-- This site is optimized with the Yoast SEO plugin v27.5 - https:\/\/yoast.com\/product\/yoast-seo-wordpress\/ -->\n<title>Davos sisepr\u00fcgikast 52L taaskasutatud materjalist \u00f830 x 73 cm Valge-kollane DVS\/00\/RAL1016 &#8212; Easy Star O\u00dc<\/title>\n<meta name=\"robots\" content=\"index, follow, max-snippet:-1, max-image-preview:large, max-video-preview:-1\" \/>\n<link rel=\"canonical\" href=\"https:\/\/easystar.ee\/toode\/davos-siseprugikast-52l-taaskasutatud-materjalist-o30-x-73-cm-valge-kollane-dvs-00-ral1016\/\" \/>\n<meta property=\"og:locale\" content=\"en_US\" \/>\n<meta property=\"og:type\" content=\"article\" \/>\n<meta property=\"og:title\" content=\"Davos sisepr\u00fcgikast 52L taaskasutatud materjalist \u00f830 x 73 cm Valge-kollane DVS\/00\/RAL1016 &#8212; Easy Star O\u00dc\" \/>\n<meta property=\"og:description\" content=\"Pr\u00fcgikast on valmistatud 1,2 mm lehtmetallist. Kallutatav kaas on pr\u00fcgikasti kere k\u00fclge kinnitatud kahe hinge abil. Koti hoidmiseks m\u00f5eldud r\u00f5ngas ripub kaane k\u00fcljes. Alus on pr\u00fcgikasti kere k\u00fclge keevitatud, \u00fchendades m\u00f5lemad elemendid sujuvalt. Alusel on drenaa\u017eiaugud. Aluse k\u00fclge on kinnitatud kummist klotsid, et kaitsta pinda, millel see asub. Materjale saab lihtsalt lahti v\u00f5tta ja taaskasutada. Tootel on kahe (2) aasta pikkune piiratud garantii. Ei kata: eba\u00f5iget kasutamist, halba k\u00e4sitsemist ega tahtlikku kahjustamist. V\u00e4rvus: kast ise on valge RAL9003 + kaas toonitud: RAL3027 (punane), RAL5012 (sinine), RAL1016 (kollane), RAL6018 (roheline). M\u00f5\u00f5dud: 30x30x73cm Maht: 52L Kaal: 14kg\" \/>\n<meta property=\"og:url\" content=\"https:\/\/easystar.ee\/toode\/davos-siseprugikast-52l-taaskasutatud-materjalist-o30-x-73-cm-valge-kollane-dvs-00-ral1016\/\" \/>\n<meta property=\"og:site_name\" content=\"Easy Star O\u00dc\" \/>\n<meta property=\"article:modified_time\" content=\"2025-12-12T01:30:03+00:00\" \/>\n<meta property=\"og:image\" content=\"https:\/\/easystar.ee\/wp-content\/uploads\/2025\/10\/dsv-01-2.jpg\" \/>\n\t<meta property=\"og:image:width\" content=\"1024\" \/>\n\t<meta property=\"og:image:height\" content=\"767\" \/>\n\t<meta property=\"og:image:type\" content=\"image\/jpeg\" \/>\n<meta name=\"twitter:card\" content=\"summary_large_image\" \/>\n<script type=\"application\/ld+json\" class=\"yoast-schema-graph\">{\"@context\":\"https:\\\/\\\/schema.org\",\"@graph\":[{\"@type\":\"WebPage\",\"@id\":\"https:\\\/\\\/easystar.ee\\\/toode\\\/davos-siseprugikast-52l-taaskasutatud-materjalist-o30-x-73-cm-valge-kollane-dvs-00-ral1016\\\/\",\"url\":\"https:\\\/\\\/easystar.ee\\\/toode\\\/davos-siseprugikast-52l-taaskasutatud-materjalist-o30-x-73-cm-valge-kollane-dvs-00-ral1016\\\/\",\"name\":\"Davos sisepr\u00fcgikast 52L taaskasutatud materjalist \u00f830 x 73 cm Valge-kollane DVS\\\/00\\\/RAL1016 &#8212; Easy Star O\u00dc\",\"isPartOf\":{\"@id\":\"https:\\\/\\\/easystar.ee\\\/#website\"},\"primaryImageOfPage\":{\"@id\":\"https:\\\/\\\/easystar.ee\\\/toode\\\/davos-siseprugikast-52l-taaskasutatud-materjalist-o30-x-73-cm-valge-kollane-dvs-00-ral1016\\\/#primaryimage\"},\"image\":{\"@id\":\"https:\\\/\\\/easystar.ee\\\/toode\\\/davos-siseprugikast-52l-taaskasutatud-materjalist-o30-x-73-cm-valge-kollane-dvs-00-ral1016\\\/#primaryimage\"},\"thumbnailUrl\":\"https:\\\/\\\/easystar.ee\\\/wp-content\\\/uploads\\\/2025\\\/10\\\/dsv-01-2.jpg\",\"datePublished\":\"2025-10-25T01:30:11+00:00\",\"dateModified\":\"2025-12-12T01:30:03+00:00\",\"breadcrumb\":{\"@id\":\"https:\\\/\\\/easystar.ee\\\/toode\\\/davos-siseprugikast-52l-taaskasutatud-materjalist-o30-x-73-cm-valge-kollane-dvs-00-ral1016\\\/#breadcrumb\"},\"inLanguage\":\"en-US\",\"potentialAction\":[{\"@type\":\"ReadAction\",\"target\":[\"https:\\\/\\\/easystar.ee\\\/toode\\\/davos-siseprugikast-52l-taaskasutatud-materjalist-o30-x-73-cm-valge-kollane-dvs-00-ral1016\\\/\"]}]},{\"@type\":\"ImageObject\",\"inLanguage\":\"en-US\",\"@id\":\"https:\\\/\\\/easystar.ee\\\/toode\\\/davos-siseprugikast-52l-taaskasutatud-materjalist-o30-x-73-cm-valge-kollane-dvs-00-ral1016\\\/#primaryimage\",\"url\":\"https:\\\/\\\/easystar.ee\\\/wp-content\\\/uploads\\\/2025\\\/10\\\/dsv-01-2.jpg\",\"contentUrl\":\"https:\\\/\\\/easystar.ee\\\/wp-content\\\/uploads\\\/2025\\\/10\\\/dsv-01-2.jpg\",\"width\":1024,\"height\":767},{\"@type\":\"BreadcrumbList\",\"@id\":\"https:\\\/\\\/easystar.ee\\\/toode\\\/davos-siseprugikast-52l-taaskasutatud-materjalist-o30-x-73-cm-valge-kollane-dvs-00-ral1016\\\/#breadcrumb\",\"itemListElement\":[{\"@type\":\"ListItem\",\"position\":1,\"name\":\"Home\",\"item\":\"https:\\\/\\\/easystar.ee\\\/ru\\\/\"},{\"@type\":\"ListItem\",\"position\":2,\"name\":\"Shop\",\"item\":\"https:\\\/\\\/easystar.ee\\\/tooted\\\/\"},{\"@type\":\"ListItem\",\"position\":3,\"name\":\"Davos sisepr\u00fcgikast 52L taaskasutatud materjalist \u00f830 x 73 cm Valge-kollane DVS\\\/00\\\/RAL1016\"}]},{\"@type\":\"WebSite\",\"@id\":\"https:\\\/\\\/easystar.ee\\\/#website\",\"url\":\"https:\\\/\\\/easystar.ee\\\/\",\"name\":\"Easystar.ee\",\"description\":\"\",\"publisher\":{\"@id\":\"https:\\\/\\\/easystar.ee\\\/#organization\"},\"alternateName\":\"Keskkonnas\u00f5bralikud pehmepaberitooted teie kontorisse\",\"potentialAction\":[{\"@type\":\"SearchAction\",\"target\":{\"@type\":\"EntryPoint\",\"urlTemplate\":\"https:\\\/\\\/easystar.ee\\\/?s={search_term_string}\"},\"query-input\":{\"@type\":\"PropertyValueSpecification\",\"valueRequired\":true,\"valueName\":\"search_term_string\"}}],\"inLanguage\":\"en-US\"},{\"@type\":\"Organization\",\"@id\":\"https:\\\/\\\/easystar.ee\\\/#organization\",\"name\":\"Easy Star O\u00dc\",\"url\":\"https:\\\/\\\/easystar.ee\\\/\",\"logo\":{\"@type\":\"ImageObject\",\"inLanguage\":\"en-US\",\"@id\":\"https:\\\/\\\/easystar.ee\\\/#\\\/schema\\\/logo\\\/image\\\/\",\"url\":\"https:\\\/\\\/easystar.ee\\\/wp-content\\\/uploads\\\/2024\\\/03\\\/easystar-logo.svg\",\"contentUrl\":\"https:\\\/\\\/easystar.ee\\\/wp-content\\\/uploads\\\/2024\\\/03\\\/easystar-logo.svg\",\"width\":2000,\"height\":2000,\"caption\":\"Easy Star O\u00dc\"},\"image\":{\"@id\":\"https:\\\/\\\/easystar.ee\\\/#\\\/schema\\\/logo\\\/image\\\/\"}}]}<\/script>\n<!-- \/ Yoast SEO plugin. -->","yoast_head_json":{"title":"Davos sisepr\u00fcgikast 52L taaskasutatud materjalist \u00f830 x 73 cm Valge-kollane DVS\/00\/RAL1016 &#8212; Easy Star O\u00dc","robots":{"index":"index","follow":"follow","max-snippet":"max-snippet:-1","max-image-preview":"max-image-preview:large","max-video-preview":"max-video-preview:-1"},"canonical":"https:\/\/easystar.ee\/toode\/davos-siseprugikast-52l-taaskasutatud-materjalist-o30-x-73-cm-valge-kollane-dvs-00-ral1016\/","og_locale":"en_US","og_type":"article","og_title":"Davos sisepr\u00fcgikast 52L taaskasutatud materjalist \u00f830 x 73 cm Valge-kollane DVS\/00\/RAL1016 &#8212; Easy Star O\u00dc","og_description":"Pr\u00fcgikast on valmistatud 1,2 mm lehtmetallist. Kallutatav kaas on pr\u00fcgikasti kere k\u00fclge kinnitatud kahe hinge abil. Koti hoidmiseks m\u00f5eldud r\u00f5ngas ripub kaane k\u00fcljes. Alus on pr\u00fcgikasti kere k\u00fclge keevitatud, \u00fchendades m\u00f5lemad elemendid sujuvalt. Alusel on drenaa\u017eiaugud. Aluse k\u00fclge on kinnitatud kummist klotsid, et kaitsta pinda, millel see asub. Materjale saab lihtsalt lahti v\u00f5tta ja taaskasutada. Tootel on kahe (2) aasta pikkune piiratud garantii. Ei kata: eba\u00f5iget kasutamist, halba k\u00e4sitsemist ega tahtlikku kahjustamist. V\u00e4rvus: kast ise on valge RAL9003 + kaas toonitud: RAL3027 (punane), RAL5012 (sinine), RAL1016 (kollane), RAL6018 (roheline). M\u00f5\u00f5dud: 30x30x73cm Maht: 52L Kaal: 14kg","og_url":"https:\/\/easystar.ee\/toode\/davos-siseprugikast-52l-taaskasutatud-materjalist-o30-x-73-cm-valge-kollane-dvs-00-ral1016\/","og_site_name":"Easy Star O\u00dc","article_modified_time":"2025-12-12T01:30:03+00:00","og_image":[{"width":1024,"height":767,"url":"https:\/\/easystar.ee\/wp-content\/uploads\/2025\/10\/dsv-01-2.jpg","type":"image\/jpeg"}],"twitter_card":"summary_large_image","schema":{"@context":"https:\/\/schema.org","@graph":[{"@type":"WebPage","@id":"https:\/\/easystar.ee\/toode\/davos-siseprugikast-52l-taaskasutatud-materjalist-o30-x-73-cm-valge-kollane-dvs-00-ral1016\/","url":"https:\/\/easystar.ee\/toode\/davos-siseprugikast-52l-taaskasutatud-materjalist-o30-x-73-cm-valge-kollane-dvs-00-ral1016\/","name":"Davos sisepr\u00fcgikast 52L taaskasutatud materjalist \u00f830 x 73 cm Valge-kollane DVS\/00\/RAL1016 &#8212; Easy Star O\u00dc","isPartOf":{"@id":"https:\/\/easystar.ee\/#website"},"primaryImageOfPage":{"@id":"https:\/\/easystar.ee\/toode\/davos-siseprugikast-52l-taaskasutatud-materjalist-o30-x-73-cm-valge-kollane-dvs-00-ral1016\/#primaryimage"},"image":{"@id":"https:\/\/easystar.ee\/toode\/davos-siseprugikast-52l-taaskasutatud-materjalist-o30-x-73-cm-valge-kollane-dvs-00-ral1016\/#primaryimage"},"thumbnailUrl":"https:\/\/easystar.ee\/wp-content\/uploads\/2025\/10\/dsv-01-2.jpg","datePublished":"2025-10-25T01:30:11+00:00","dateModified":"2025-12-12T01:30:03+00:00","breadcrumb":{"@id":"https:\/\/easystar.ee\/toode\/davos-siseprugikast-52l-taaskasutatud-materjalist-o30-x-73-cm-valge-kollane-dvs-00-ral1016\/#breadcrumb"},"inLanguage":"en-US","potentialAction":[{"@type":"ReadAction","target":["https:\/\/easystar.ee\/toode\/davos-siseprugikast-52l-taaskasutatud-materjalist-o30-x-73-cm-valge-kollane-dvs-00-ral1016\/"]}]},{"@type":"ImageObject","inLanguage":"en-US","@id":"https:\/\/easystar.ee\/toode\/davos-siseprugikast-52l-taaskasutatud-materjalist-o30-x-73-cm-valge-kollane-dvs-00-ral1016\/#primaryimage","url":"https:\/\/easystar.ee\/wp-content\/uploads\/2025\/10\/dsv-01-2.jpg","contentUrl":"https:\/\/easystar.ee\/wp-content\/uploads\/2025\/10\/dsv-01-2.jpg","width":1024,"height":767},{"@type":"BreadcrumbList","@id":"https:\/\/easystar.ee\/toode\/davos-siseprugikast-52l-taaskasutatud-materjalist-o30-x-73-cm-valge-kollane-dvs-00-ral1016\/#breadcrumb","itemListElement":[{"@type":"ListItem","position":1,"name":"Home","item":"https:\/\/easystar.ee\/ru\/"},{"@type":"ListItem","position":2,"name":"Shop","item":"https:\/\/easystar.ee\/tooted\/"},{"@type":"ListItem","position":3,"name":"Davos sisepr\u00fcgikast 52L taaskasutatud materjalist \u00f830 x 73 cm Valge-kollane DVS\/00\/RAL1016"}]},{"@type":"WebSite","@id":"https:\/\/easystar.ee\/#website","url":"https:\/\/easystar.ee\/","name":"Easystar.ee","description":"","publisher":{"@id":"https:\/\/easystar.ee\/#organization"},"alternateName":"Keskkonnas\u00f5bralikud pehmepaberitooted teie kontorisse","potentialAction":[{"@type":"SearchAction","target":{"@type":"EntryPoint","urlTemplate":"https:\/\/easystar.ee\/?s={search_term_string}"},"query-input":{"@type":"PropertyValueSpecification","valueRequired":true,"valueName":"search_term_string"}}],"inLanguage":"en-US"},{"@type":"Organization","@id":"https:\/\/easystar.ee\/#organization","name":"Easy Star O\u00dc","url":"https:\/\/easystar.ee\/","logo":{"@type":"ImageObject","inLanguage":"en-US","@id":"https:\/\/easystar.ee\/#\/schema\/logo\/image\/","url":"https:\/\/easystar.ee\/wp-content\/uploads\/2024\/03\/easystar-logo.svg","contentUrl":"https:\/\/easystar.ee\/wp-content\/uploads\/2024\/03\/easystar-logo.svg","width":2000,"height":2000,"caption":"Easy Star O\u00dc"},"image":{"@id":"https:\/\/easystar.ee\/#\/schema\/logo\/image\/"}}]}},"_links":{"self":[{"href":"https:\/\/easystar.ee\/en\/wp-json\/wp\/v2\/product\/64088","targetHints":{"allow":["GET"]}}],"collection":[{"href":"https:\/\/easystar.ee\/en\/wp-json\/wp\/v2\/product"}],"about":[{"href":"https:\/\/easystar.ee\/en\/wp-json\/wp\/v2\/types\/product"}],"wp:featuredmedia":[{"embeddable":true,"href":"https:\/\/easystar.ee\/en\/wp-json\/wp\/v2\/media\/64080"}],"wp:attachment":[{"href":"https:\/\/easystar.ee\/en\/wp-json\/wp\/v2\/media?parent=64088"}],"wp:term":[{"taxonomy":"product_brand","embeddable":true,"href":"https:\/\/easystar.ee\/en\/wp-json\/wp\/v2\/product_brand?post=64088"},{"taxonomy":"product_cat","embeddable":true,"href":"https:\/\/easystar.ee\/en\/wp-json\/wp\/v2\/product_cat?post=64088"},{"taxonomy":"product_tag","embeddable":true,"href":"https:\/\/easystar.ee\/en\/wp-json\/wp\/v2\/product_tag?post=64088"}],"curies":[{"name":"wp","href":"https:\/\/api.w.org\/{rel}","templated":true}]}}