{"id":64049,"date":"2025-10-24T01:30:03","date_gmt":"2025-10-24T01:30:03","guid":{"rendered":"https:\/\/easystar.ee\/toode\/erisan-pro-mild-ornatoimeline-vedelseep-disp-1l-k8091\/"},"modified":"2025-10-30T01:31:51","modified_gmt":"2025-10-30T01:31:51","slug":"erisan-pro-mild-ornatoimeline-vedelseep-disp-1l-k8091","status":"publish","type":"product","link":"https:\/\/easystar.ee\/en\/toode\/erisan-pro-mild-ornatoimeline-vedelseep-disp-1l-k8091\/","title":{"rendered":"Erisan Pro Mild \u00f5rnatoimeline vedelseep disp. 1L K8091"},"content":{"rendered":"","protected":false},"excerpt":{"rendered":"<p>Sagedaseks k\u00e4tepesuks ja du\u0161i all kasutamiseks, sh juuste pesemiseks. Toode sobib ka tundlikule nahale.<br \/>\nL\u00e4bipaistev v\u00e4rvitu l\u00f5hnatu vedelik. S\u00e4ilitada temperatuuril \u00fcle +5 \u00b0C.<br \/>\nToote pH: 5.5<br \/>\nKandke niiskele nahale, peske ja seej\u00e4rel loputage. Kuivatage nahk hoolikalt. Kasutage vajadusel juurde Erisan Protect kaitsvat k\u00e4tekreemi v\u00f5i Erisan Hydra niisutavat kreemi.<br \/>\nJuuste pesemisel tehke juuksed ja peanahk esmalt piisavalt sooja veega m\u00e4rjaks, seej\u00e4rel peske juukseid ja loputage hoolikalt. Eriti m\u00e4\u00e4rdunud v\u00f5i rasvaste juuste puhul korrake pesu. Vajadusel kasutage juuksepalsamit.<\/p>\n","protected":false},"featured_media":64041,"template":"","meta":{"_acf_changed":false},"product_brand":[],"product_cat":[1829,1830],"product_tag":[],"class_list":{"0":"post-64049","1":"product","2":"type-product","3":"status-publish","4":"has-post-thumbnail","6":"product_cat-cleaning-chemicals","7":"product_cat-soap","9":"first","10":"instock","11":"taxable","12":"shipping-taxable","13":"purchasable","14":"product-type-simple"},"acf":[],"yoast_head":"<!-- This site is optimized with the Yoast SEO plugin v27.3 - https:\/\/yoast.com\/product\/yoast-seo-wordpress\/ -->\n<title>Erisan Pro Mild \u00f5rnatoimeline vedelseep disp. 1L K8091 &#8212; Easy Star O\u00dc<\/title>\n<meta name=\"robots\" content=\"index, follow, max-snippet:-1, max-image-preview:large, max-video-preview:-1\" \/>\n<link rel=\"canonical\" href=\"https:\/\/easystar.ee\/en\/toode\/erisan-pro-mild-ornatoimeline-vedelseep-disp-1l-k8091\/\" \/>\n<meta property=\"og:locale\" content=\"en_US\" \/>\n<meta property=\"og:type\" content=\"article\" \/>\n<meta property=\"og:title\" content=\"Erisan Pro Mild \u00f5rnatoimeline vedelseep disp. 1L K8091 &#8212; Easy Star O\u00dc\" \/>\n<meta property=\"og:description\" content=\"Sagedaseks k\u00e4tepesuks ja du\u0161i all kasutamiseks, sh juuste pesemiseks. Toode sobib ka tundlikule nahale. L\u00e4bipaistev v\u00e4rvitu l\u00f5hnatu vedelik. S\u00e4ilitada temperatuuril \u00fcle +5 \u00b0C. Toote pH: 5.5 Kandke niiskele nahale, peske ja seej\u00e4rel loputage. Kuivatage nahk hoolikalt. Kasutage vajadusel juurde Erisan Protect kaitsvat k\u00e4tekreemi v\u00f5i Erisan Hydra niisutavat kreemi. Juuste pesemisel tehke juuksed ja peanahk esmalt piisavalt sooja veega m\u00e4rjaks, seej\u00e4rel peske juukseid ja loputage hoolikalt. Eriti m\u00e4\u00e4rdunud v\u00f5i rasvaste juuste puhul korrake pesu. Vajadusel kasutage juuksepalsamit.\" \/>\n<meta property=\"og:url\" content=\"https:\/\/easystar.ee\/en\/toode\/erisan-pro-mild-ornatoimeline-vedelseep-disp-1l-k8091\/\" \/>\n<meta property=\"og:site_name\" content=\"Easy Star O\u00dc\" \/>\n<meta property=\"article:modified_time\" content=\"2025-10-30T01:31:51+00:00\" \/>\n<meta property=\"og:image\" content=\"https:\/\/easystar.ee\/wp-content\/uploads\/2025\/10\/6417964080193.jpg\" \/>\n\t<meta property=\"og:image:width\" content=\"120\" \/>\n\t<meta property=\"og:image:height\" content=\"432\" \/>\n\t<meta property=\"og:image:type\" content=\"image\/jpeg\" \/>\n<meta name=\"twitter:card\" content=\"summary_large_image\" \/>\n<script type=\"application\/ld+json\" class=\"yoast-schema-graph\">{\"@context\":\"https:\\\/\\\/schema.org\",\"@graph\":[{\"@type\":\"WebPage\",\"@id\":\"https:\\\/\\\/easystar.ee\\\/en\\\/toode\\\/erisan-pro-mild-ornatoimeline-vedelseep-disp-1l-k8091\\\/\",\"url\":\"https:\\\/\\\/easystar.ee\\\/en\\\/toode\\\/erisan-pro-mild-ornatoimeline-vedelseep-disp-1l-k8091\\\/\",\"name\":\"Erisan Pro Mild \u00f5rnatoimeline vedelseep disp. 1L K8091 &#8212; Easy Star O\u00dc\",\"isPartOf\":{\"@id\":\"https:\\\/\\\/easystar.ee\\\/#website\"},\"primaryImageOfPage\":{\"@id\":\"https:\\\/\\\/easystar.ee\\\/en\\\/toode\\\/erisan-pro-mild-ornatoimeline-vedelseep-disp-1l-k8091\\\/#primaryimage\"},\"image\":{\"@id\":\"https:\\\/\\\/easystar.ee\\\/en\\\/toode\\\/erisan-pro-mild-ornatoimeline-vedelseep-disp-1l-k8091\\\/#primaryimage\"},\"thumbnailUrl\":\"https:\\\/\\\/easystar.ee\\\/wp-content\\\/uploads\\\/2025\\\/10\\\/6417964080193.jpg\",\"datePublished\":\"2025-10-24T01:30:03+00:00\",\"dateModified\":\"2025-10-30T01:31:51+00:00\",\"breadcrumb\":{\"@id\":\"https:\\\/\\\/easystar.ee\\\/en\\\/toode\\\/erisan-pro-mild-ornatoimeline-vedelseep-disp-1l-k8091\\\/#breadcrumb\"},\"inLanguage\":\"en-US\",\"potentialAction\":[{\"@type\":\"ReadAction\",\"target\":[\"https:\\\/\\\/easystar.ee\\\/en\\\/toode\\\/erisan-pro-mild-ornatoimeline-vedelseep-disp-1l-k8091\\\/\"]}]},{\"@type\":\"ImageObject\",\"inLanguage\":\"en-US\",\"@id\":\"https:\\\/\\\/easystar.ee\\\/en\\\/toode\\\/erisan-pro-mild-ornatoimeline-vedelseep-disp-1l-k8091\\\/#primaryimage\",\"url\":\"https:\\\/\\\/easystar.ee\\\/wp-content\\\/uploads\\\/2025\\\/10\\\/6417964080193.jpg\",\"contentUrl\":\"https:\\\/\\\/easystar.ee\\\/wp-content\\\/uploads\\\/2025\\\/10\\\/6417964080193.jpg\",\"width\":120,\"height\":432},{\"@type\":\"BreadcrumbList\",\"@id\":\"https:\\\/\\\/easystar.ee\\\/en\\\/toode\\\/erisan-pro-mild-ornatoimeline-vedelseep-disp-1l-k8091\\\/#breadcrumb\",\"itemListElement\":[{\"@type\":\"ListItem\",\"position\":1,\"name\":\"Home\",\"item\":\"https:\\\/\\\/easystar.ee\\\/ru\\\/\"},{\"@type\":\"ListItem\",\"position\":2,\"name\":\"Shop\",\"item\":\"https:\\\/\\\/easystar.ee\\\/tooted\\\/\"},{\"@type\":\"ListItem\",\"position\":3,\"name\":\"Erisan Pro Mild \u00f5rnatoimeline vedelseep disp. 1L K8091\"}]},{\"@type\":\"WebSite\",\"@id\":\"https:\\\/\\\/easystar.ee\\\/#website\",\"url\":\"https:\\\/\\\/easystar.ee\\\/\",\"name\":\"Easystar.ee\",\"description\":\"\",\"publisher\":{\"@id\":\"https:\\\/\\\/easystar.ee\\\/#organization\"},\"alternateName\":\"Keskkonnas\u00f5bralikud pehmepaberitooted teie kontorisse\",\"potentialAction\":[{\"@type\":\"SearchAction\",\"target\":{\"@type\":\"EntryPoint\",\"urlTemplate\":\"https:\\\/\\\/easystar.ee\\\/?s={search_term_string}\"},\"query-input\":{\"@type\":\"PropertyValueSpecification\",\"valueRequired\":true,\"valueName\":\"search_term_string\"}}],\"inLanguage\":\"en-US\"},{\"@type\":\"Organization\",\"@id\":\"https:\\\/\\\/easystar.ee\\\/#organization\",\"name\":\"Easy Star O\u00dc\",\"url\":\"https:\\\/\\\/easystar.ee\\\/\",\"logo\":{\"@type\":\"ImageObject\",\"inLanguage\":\"en-US\",\"@id\":\"https:\\\/\\\/easystar.ee\\\/#\\\/schema\\\/logo\\\/image\\\/\",\"url\":\"https:\\\/\\\/easystar.ee\\\/wp-content\\\/uploads\\\/2024\\\/03\\\/easystar-logo.svg\",\"contentUrl\":\"https:\\\/\\\/easystar.ee\\\/wp-content\\\/uploads\\\/2024\\\/03\\\/easystar-logo.svg\",\"width\":2000,\"height\":2000,\"caption\":\"Easy Star O\u00dc\"},\"image\":{\"@id\":\"https:\\\/\\\/easystar.ee\\\/#\\\/schema\\\/logo\\\/image\\\/\"}}]}<\/script>\n<!-- \/ Yoast SEO plugin. -->","yoast_head_json":{"title":"Erisan Pro Mild \u00f5rnatoimeline vedelseep disp. 1L K8091 &#8212; Easy Star O\u00dc","robots":{"index":"index","follow":"follow","max-snippet":"max-snippet:-1","max-image-preview":"max-image-preview:large","max-video-preview":"max-video-preview:-1"},"canonical":"https:\/\/easystar.ee\/en\/toode\/erisan-pro-mild-ornatoimeline-vedelseep-disp-1l-k8091\/","og_locale":"en_US","og_type":"article","og_title":"Erisan Pro Mild \u00f5rnatoimeline vedelseep disp. 1L K8091 &#8212; Easy Star O\u00dc","og_description":"Sagedaseks k\u00e4tepesuks ja du\u0161i all kasutamiseks, sh juuste pesemiseks. Toode sobib ka tundlikule nahale. L\u00e4bipaistev v\u00e4rvitu l\u00f5hnatu vedelik. S\u00e4ilitada temperatuuril \u00fcle +5 \u00b0C. Toote pH: 5.5 Kandke niiskele nahale, peske ja seej\u00e4rel loputage. Kuivatage nahk hoolikalt. Kasutage vajadusel juurde Erisan Protect kaitsvat k\u00e4tekreemi v\u00f5i Erisan Hydra niisutavat kreemi. Juuste pesemisel tehke juuksed ja peanahk esmalt piisavalt sooja veega m\u00e4rjaks, seej\u00e4rel peske juukseid ja loputage hoolikalt. Eriti m\u00e4\u00e4rdunud v\u00f5i rasvaste juuste puhul korrake pesu. Vajadusel kasutage juuksepalsamit.","og_url":"https:\/\/easystar.ee\/en\/toode\/erisan-pro-mild-ornatoimeline-vedelseep-disp-1l-k8091\/","og_site_name":"Easy Star O\u00dc","article_modified_time":"2025-10-30T01:31:51+00:00","og_image":[{"width":120,"height":432,"url":"https:\/\/easystar.ee\/wp-content\/uploads\/2025\/10\/6417964080193.jpg","type":"image\/jpeg"}],"twitter_card":"summary_large_image","schema":{"@context":"https:\/\/schema.org","@graph":[{"@type":"WebPage","@id":"https:\/\/easystar.ee\/en\/toode\/erisan-pro-mild-ornatoimeline-vedelseep-disp-1l-k8091\/","url":"https:\/\/easystar.ee\/en\/toode\/erisan-pro-mild-ornatoimeline-vedelseep-disp-1l-k8091\/","name":"Erisan Pro Mild \u00f5rnatoimeline vedelseep disp. 1L K8091 &#8212; Easy Star O\u00dc","isPartOf":{"@id":"https:\/\/easystar.ee\/#website"},"primaryImageOfPage":{"@id":"https:\/\/easystar.ee\/en\/toode\/erisan-pro-mild-ornatoimeline-vedelseep-disp-1l-k8091\/#primaryimage"},"image":{"@id":"https:\/\/easystar.ee\/en\/toode\/erisan-pro-mild-ornatoimeline-vedelseep-disp-1l-k8091\/#primaryimage"},"thumbnailUrl":"https:\/\/easystar.ee\/wp-content\/uploads\/2025\/10\/6417964080193.jpg","datePublished":"2025-10-24T01:30:03+00:00","dateModified":"2025-10-30T01:31:51+00:00","breadcrumb":{"@id":"https:\/\/easystar.ee\/en\/toode\/erisan-pro-mild-ornatoimeline-vedelseep-disp-1l-k8091\/#breadcrumb"},"inLanguage":"en-US","potentialAction":[{"@type":"ReadAction","target":["https:\/\/easystar.ee\/en\/toode\/erisan-pro-mild-ornatoimeline-vedelseep-disp-1l-k8091\/"]}]},{"@type":"ImageObject","inLanguage":"en-US","@id":"https:\/\/easystar.ee\/en\/toode\/erisan-pro-mild-ornatoimeline-vedelseep-disp-1l-k8091\/#primaryimage","url":"https:\/\/easystar.ee\/wp-content\/uploads\/2025\/10\/6417964080193.jpg","contentUrl":"https:\/\/easystar.ee\/wp-content\/uploads\/2025\/10\/6417964080193.jpg","width":120,"height":432},{"@type":"BreadcrumbList","@id":"https:\/\/easystar.ee\/en\/toode\/erisan-pro-mild-ornatoimeline-vedelseep-disp-1l-k8091\/#breadcrumb","itemListElement":[{"@type":"ListItem","position":1,"name":"Home","item":"https:\/\/easystar.ee\/ru\/"},{"@type":"ListItem","position":2,"name":"Shop","item":"https:\/\/easystar.ee\/tooted\/"},{"@type":"ListItem","position":3,"name":"Erisan Pro Mild \u00f5rnatoimeline vedelseep disp. 1L K8091"}]},{"@type":"WebSite","@id":"https:\/\/easystar.ee\/#website","url":"https:\/\/easystar.ee\/","name":"Easystar.ee","description":"","publisher":{"@id":"https:\/\/easystar.ee\/#organization"},"alternateName":"Keskkonnas\u00f5bralikud pehmepaberitooted teie kontorisse","potentialAction":[{"@type":"SearchAction","target":{"@type":"EntryPoint","urlTemplate":"https:\/\/easystar.ee\/?s={search_term_string}"},"query-input":{"@type":"PropertyValueSpecification","valueRequired":true,"valueName":"search_term_string"}}],"inLanguage":"en-US"},{"@type":"Organization","@id":"https:\/\/easystar.ee\/#organization","name":"Easy Star O\u00dc","url":"https:\/\/easystar.ee\/","logo":{"@type":"ImageObject","inLanguage":"en-US","@id":"https:\/\/easystar.ee\/#\/schema\/logo\/image\/","url":"https:\/\/easystar.ee\/wp-content\/uploads\/2024\/03\/easystar-logo.svg","contentUrl":"https:\/\/easystar.ee\/wp-content\/uploads\/2024\/03\/easystar-logo.svg","width":2000,"height":2000,"caption":"Easy Star O\u00dc"},"image":{"@id":"https:\/\/easystar.ee\/#\/schema\/logo\/image\/"}}]}},"_links":{"self":[{"href":"https:\/\/easystar.ee\/en\/wp-json\/wp\/v2\/product\/64049","targetHints":{"allow":["GET"]}}],"collection":[{"href":"https:\/\/easystar.ee\/en\/wp-json\/wp\/v2\/product"}],"about":[{"href":"https:\/\/easystar.ee\/en\/wp-json\/wp\/v2\/types\/product"}],"wp:featuredmedia":[{"embeddable":true,"href":"https:\/\/easystar.ee\/en\/wp-json\/wp\/v2\/media\/64041"}],"wp:attachment":[{"href":"https:\/\/easystar.ee\/en\/wp-json\/wp\/v2\/media?parent=64049"}],"wp:term":[{"taxonomy":"product_brand","embeddable":true,"href":"https:\/\/easystar.ee\/en\/wp-json\/wp\/v2\/product_brand?post=64049"},{"taxonomy":"product_cat","embeddable":true,"href":"https:\/\/easystar.ee\/en\/wp-json\/wp\/v2\/product_cat?post=64049"},{"taxonomy":"product_tag","embeddable":true,"href":"https:\/\/easystar.ee\/en\/wp-json\/wp\/v2\/product_tag?post=64049"}],"curies":[{"name":"wp","href":"https:\/\/api.w.org\/{rel}","templated":true}]}}