{"id":63985,"date":"2025-10-22T01:32:30","date_gmt":"2025-10-22T01:32:30","guid":{"rendered":"https:\/\/easystar.ee\/toode\/plastikust-vaadipump-200l-vaadile-vaadipumba-adapter-sinine-plastik-d53649\/"},"modified":"2025-10-30T02:03:08","modified_gmt":"2025-10-30T02:03:08","slug":"plastikust-vaadipump-200l-vaadile-vaadipumba-adapter-sinine-plastik-d53649","status":"publish","type":"product","link":"https:\/\/easystar.ee\/en\/toode\/plastikust-vaadipump-200l-vaadile-vaadipumba-adapter-sinine-plastik-d53649\/","title":{"rendered":"Plastikust vaadipump 200L vaadile + Vaadipumba adapter sinine plastik D53649"},"content":{"rendered":"","protected":false},"excerpt":{"rendered":"<p>Lihtne plastik k\u00e4ispump &#8211; liiga agressiivseid kemikaale \u00fcleliia pikalt ei pumpa, aga kasutatav.<br \/>\nSobib n\u00e4iteks leotusainele, klaasipesuvedelikule, jahutusvedelikule jms.<br \/>\nPumpadel tihekeere, mis plastvaatidele otse tavaliselt ei sobi. St. vaja on vahemuhvi (kuid ka seal on \u201cfolkloori\u201d)<br \/>\nKoosneb kahest osast:<br \/>\nPlastikust vaadipump + Vaadipumba adapter sinine plastik<\/p>\n","protected":false},"featured_media":63983,"template":"","meta":{"_acf_changed":false},"product_brand":[],"product_cat":[1814,1969],"product_tag":[],"class_list":{"0":"post-63985","1":"product","2":"type-product","3":"status-publish","4":"has-post-thumbnail","6":"product_cat-dispensers","7":"product_cat-dispensers-for-agricultural-cleaning-agents","9":"first","10":"outofstock","11":"taxable","12":"shipping-taxable","13":"purchasable","14":"product-type-simple"},"acf":[],"yoast_head":"<!-- This site is optimized with the Yoast SEO plugin v27.5 - https:\/\/yoast.com\/product\/yoast-seo-wordpress\/ -->\n<title>Plastikust vaadipump 200L vaadile + Vaadipumba adapter sinine plastik D53649 &#8212; Easy Star O\u00dc<\/title>\n<meta name=\"robots\" content=\"index, follow, max-snippet:-1, max-image-preview:large, max-video-preview:-1\" \/>\n<link rel=\"canonical\" href=\"https:\/\/easystar.ee\/en\/toode\/plastikust-vaadipump-200l-vaadile-vaadipumba-adapter-sinine-plastik-d53649\/\" \/>\n<meta property=\"og:locale\" content=\"en_US\" \/>\n<meta property=\"og:type\" content=\"article\" \/>\n<meta property=\"og:title\" content=\"Plastikust vaadipump 200L vaadile + Vaadipumba adapter sinine plastik D53649 &#8212; Easy Star O\u00dc\" \/>\n<meta property=\"og:description\" content=\"Lihtne plastik k\u00e4ispump - liiga agressiivseid kemikaale \u00fcleliia pikalt ei pumpa, aga kasutatav.  Sobib n\u00e4iteks leotusainele, klaasipesuvedelikule, jahutusvedelikule jms. Pumpadel tihekeere, mis plastvaatidele otse tavaliselt ei sobi. St. vaja on vahemuhvi (kuid ka seal on \u201cfolkloori\u201d) Koosneb kahest osast: Plastikust vaadipump + Vaadipumba adapter sinine plastik\" \/>\n<meta property=\"og:url\" content=\"https:\/\/easystar.ee\/en\/toode\/plastikust-vaadipump-200l-vaadile-vaadipumba-adapter-sinine-plastik-d53649\/\" \/>\n<meta property=\"og:site_name\" content=\"Easy Star O\u00dc\" \/>\n<meta property=\"article:modified_time\" content=\"2025-10-30T02:03:08+00:00\" \/>\n<meta property=\"og:image\" content=\"https:\/\/easystar.ee\/wp-content\/uploads\/2025\/10\/200l_vaadi_plastikpump.jpeg\" \/>\n\t<meta property=\"og:image:width\" content=\"418\" \/>\n\t<meta property=\"og:image:height\" content=\"640\" \/>\n\t<meta property=\"og:image:type\" content=\"image\/jpeg\" \/>\n<meta name=\"twitter:card\" content=\"summary_large_image\" \/>\n<script type=\"application\/ld+json\" class=\"yoast-schema-graph\">{\"@context\":\"https:\\\/\\\/schema.org\",\"@graph\":[{\"@type\":\"WebPage\",\"@id\":\"https:\\\/\\\/easystar.ee\\\/en\\\/toode\\\/plastikust-vaadipump-200l-vaadile-vaadipumba-adapter-sinine-plastik-d53649\\\/\",\"url\":\"https:\\\/\\\/easystar.ee\\\/en\\\/toode\\\/plastikust-vaadipump-200l-vaadile-vaadipumba-adapter-sinine-plastik-d53649\\\/\",\"name\":\"Plastikust vaadipump 200L vaadile + Vaadipumba adapter sinine plastik D53649 &#8212; Easy Star O\u00dc\",\"isPartOf\":{\"@id\":\"https:\\\/\\\/easystar.ee\\\/#website\"},\"primaryImageOfPage\":{\"@id\":\"https:\\\/\\\/easystar.ee\\\/en\\\/toode\\\/plastikust-vaadipump-200l-vaadile-vaadipumba-adapter-sinine-plastik-d53649\\\/#primaryimage\"},\"image\":{\"@id\":\"https:\\\/\\\/easystar.ee\\\/en\\\/toode\\\/plastikust-vaadipump-200l-vaadile-vaadipumba-adapter-sinine-plastik-d53649\\\/#primaryimage\"},\"thumbnailUrl\":\"https:\\\/\\\/easystar.ee\\\/wp-content\\\/uploads\\\/2025\\\/10\\\/200l_vaadi_plastikpump.jpeg\",\"datePublished\":\"2025-10-22T01:32:30+00:00\",\"dateModified\":\"2025-10-30T02:03:08+00:00\",\"breadcrumb\":{\"@id\":\"https:\\\/\\\/easystar.ee\\\/en\\\/toode\\\/plastikust-vaadipump-200l-vaadile-vaadipumba-adapter-sinine-plastik-d53649\\\/#breadcrumb\"},\"inLanguage\":\"en-US\",\"potentialAction\":[{\"@type\":\"ReadAction\",\"target\":[\"https:\\\/\\\/easystar.ee\\\/en\\\/toode\\\/plastikust-vaadipump-200l-vaadile-vaadipumba-adapter-sinine-plastik-d53649\\\/\"]}]},{\"@type\":\"ImageObject\",\"inLanguage\":\"en-US\",\"@id\":\"https:\\\/\\\/easystar.ee\\\/en\\\/toode\\\/plastikust-vaadipump-200l-vaadile-vaadipumba-adapter-sinine-plastik-d53649\\\/#primaryimage\",\"url\":\"https:\\\/\\\/easystar.ee\\\/wp-content\\\/uploads\\\/2025\\\/10\\\/200l_vaadi_plastikpump.jpeg\",\"contentUrl\":\"https:\\\/\\\/easystar.ee\\\/wp-content\\\/uploads\\\/2025\\\/10\\\/200l_vaadi_plastikpump.jpeg\",\"width\":418,\"height\":640},{\"@type\":\"BreadcrumbList\",\"@id\":\"https:\\\/\\\/easystar.ee\\\/en\\\/toode\\\/plastikust-vaadipump-200l-vaadile-vaadipumba-adapter-sinine-plastik-d53649\\\/#breadcrumb\",\"itemListElement\":[{\"@type\":\"ListItem\",\"position\":1,\"name\":\"Home\",\"item\":\"https:\\\/\\\/easystar.ee\\\/ru\\\/\"},{\"@type\":\"ListItem\",\"position\":2,\"name\":\"Shop\",\"item\":\"https:\\\/\\\/easystar.ee\\\/tooted\\\/\"},{\"@type\":\"ListItem\",\"position\":3,\"name\":\"Plastikust vaadipump 200L vaadile + Vaadipumba adapter sinine plastik D53649\"}]},{\"@type\":\"WebSite\",\"@id\":\"https:\\\/\\\/easystar.ee\\\/#website\",\"url\":\"https:\\\/\\\/easystar.ee\\\/\",\"name\":\"Easystar.ee\",\"description\":\"\",\"publisher\":{\"@id\":\"https:\\\/\\\/easystar.ee\\\/#organization\"},\"alternateName\":\"Keskkonnas\u00f5bralikud pehmepaberitooted teie kontorisse\",\"potentialAction\":[{\"@type\":\"SearchAction\",\"target\":{\"@type\":\"EntryPoint\",\"urlTemplate\":\"https:\\\/\\\/easystar.ee\\\/?s={search_term_string}\"},\"query-input\":{\"@type\":\"PropertyValueSpecification\",\"valueRequired\":true,\"valueName\":\"search_term_string\"}}],\"inLanguage\":\"en-US\"},{\"@type\":\"Organization\",\"@id\":\"https:\\\/\\\/easystar.ee\\\/#organization\",\"name\":\"Easy Star O\u00dc\",\"url\":\"https:\\\/\\\/easystar.ee\\\/\",\"logo\":{\"@type\":\"ImageObject\",\"inLanguage\":\"en-US\",\"@id\":\"https:\\\/\\\/easystar.ee\\\/#\\\/schema\\\/logo\\\/image\\\/\",\"url\":\"https:\\\/\\\/easystar.ee\\\/wp-content\\\/uploads\\\/2024\\\/03\\\/easystar-logo.svg\",\"contentUrl\":\"https:\\\/\\\/easystar.ee\\\/wp-content\\\/uploads\\\/2024\\\/03\\\/easystar-logo.svg\",\"width\":2000,\"height\":2000,\"caption\":\"Easy Star O\u00dc\"},\"image\":{\"@id\":\"https:\\\/\\\/easystar.ee\\\/#\\\/schema\\\/logo\\\/image\\\/\"}}]}<\/script>\n<!-- \/ Yoast SEO plugin. -->","yoast_head_json":{"title":"Plastikust vaadipump 200L vaadile + Vaadipumba adapter sinine plastik D53649 &#8212; Easy Star O\u00dc","robots":{"index":"index","follow":"follow","max-snippet":"max-snippet:-1","max-image-preview":"max-image-preview:large","max-video-preview":"max-video-preview:-1"},"canonical":"https:\/\/easystar.ee\/en\/toode\/plastikust-vaadipump-200l-vaadile-vaadipumba-adapter-sinine-plastik-d53649\/","og_locale":"en_US","og_type":"article","og_title":"Plastikust vaadipump 200L vaadile + Vaadipumba adapter sinine plastik D53649 &#8212; Easy Star O\u00dc","og_description":"Lihtne plastik k\u00e4ispump - liiga agressiivseid kemikaale \u00fcleliia pikalt ei pumpa, aga kasutatav.  Sobib n\u00e4iteks leotusainele, klaasipesuvedelikule, jahutusvedelikule jms. Pumpadel tihekeere, mis plastvaatidele otse tavaliselt ei sobi. St. vaja on vahemuhvi (kuid ka seal on \u201cfolkloori\u201d) Koosneb kahest osast: Plastikust vaadipump + Vaadipumba adapter sinine plastik","og_url":"https:\/\/easystar.ee\/en\/toode\/plastikust-vaadipump-200l-vaadile-vaadipumba-adapter-sinine-plastik-d53649\/","og_site_name":"Easy Star O\u00dc","article_modified_time":"2025-10-30T02:03:08+00:00","og_image":[{"width":418,"height":640,"url":"https:\/\/easystar.ee\/wp-content\/uploads\/2025\/10\/200l_vaadi_plastikpump.jpeg","type":"image\/jpeg"}],"twitter_card":"summary_large_image","schema":{"@context":"https:\/\/schema.org","@graph":[{"@type":"WebPage","@id":"https:\/\/easystar.ee\/en\/toode\/plastikust-vaadipump-200l-vaadile-vaadipumba-adapter-sinine-plastik-d53649\/","url":"https:\/\/easystar.ee\/en\/toode\/plastikust-vaadipump-200l-vaadile-vaadipumba-adapter-sinine-plastik-d53649\/","name":"Plastikust vaadipump 200L vaadile + Vaadipumba adapter sinine plastik D53649 &#8212; Easy Star O\u00dc","isPartOf":{"@id":"https:\/\/easystar.ee\/#website"},"primaryImageOfPage":{"@id":"https:\/\/easystar.ee\/en\/toode\/plastikust-vaadipump-200l-vaadile-vaadipumba-adapter-sinine-plastik-d53649\/#primaryimage"},"image":{"@id":"https:\/\/easystar.ee\/en\/toode\/plastikust-vaadipump-200l-vaadile-vaadipumba-adapter-sinine-plastik-d53649\/#primaryimage"},"thumbnailUrl":"https:\/\/easystar.ee\/wp-content\/uploads\/2025\/10\/200l_vaadi_plastikpump.jpeg","datePublished":"2025-10-22T01:32:30+00:00","dateModified":"2025-10-30T02:03:08+00:00","breadcrumb":{"@id":"https:\/\/easystar.ee\/en\/toode\/plastikust-vaadipump-200l-vaadile-vaadipumba-adapter-sinine-plastik-d53649\/#breadcrumb"},"inLanguage":"en-US","potentialAction":[{"@type":"ReadAction","target":["https:\/\/easystar.ee\/en\/toode\/plastikust-vaadipump-200l-vaadile-vaadipumba-adapter-sinine-plastik-d53649\/"]}]},{"@type":"ImageObject","inLanguage":"en-US","@id":"https:\/\/easystar.ee\/en\/toode\/plastikust-vaadipump-200l-vaadile-vaadipumba-adapter-sinine-plastik-d53649\/#primaryimage","url":"https:\/\/easystar.ee\/wp-content\/uploads\/2025\/10\/200l_vaadi_plastikpump.jpeg","contentUrl":"https:\/\/easystar.ee\/wp-content\/uploads\/2025\/10\/200l_vaadi_plastikpump.jpeg","width":418,"height":640},{"@type":"BreadcrumbList","@id":"https:\/\/easystar.ee\/en\/toode\/plastikust-vaadipump-200l-vaadile-vaadipumba-adapter-sinine-plastik-d53649\/#breadcrumb","itemListElement":[{"@type":"ListItem","position":1,"name":"Home","item":"https:\/\/easystar.ee\/ru\/"},{"@type":"ListItem","position":2,"name":"Shop","item":"https:\/\/easystar.ee\/tooted\/"},{"@type":"ListItem","position":3,"name":"Plastikust vaadipump 200L vaadile + Vaadipumba adapter sinine plastik D53649"}]},{"@type":"WebSite","@id":"https:\/\/easystar.ee\/#website","url":"https:\/\/easystar.ee\/","name":"Easystar.ee","description":"","publisher":{"@id":"https:\/\/easystar.ee\/#organization"},"alternateName":"Keskkonnas\u00f5bralikud pehmepaberitooted teie kontorisse","potentialAction":[{"@type":"SearchAction","target":{"@type":"EntryPoint","urlTemplate":"https:\/\/easystar.ee\/?s={search_term_string}"},"query-input":{"@type":"PropertyValueSpecification","valueRequired":true,"valueName":"search_term_string"}}],"inLanguage":"en-US"},{"@type":"Organization","@id":"https:\/\/easystar.ee\/#organization","name":"Easy Star O\u00dc","url":"https:\/\/easystar.ee\/","logo":{"@type":"ImageObject","inLanguage":"en-US","@id":"https:\/\/easystar.ee\/#\/schema\/logo\/image\/","url":"https:\/\/easystar.ee\/wp-content\/uploads\/2024\/03\/easystar-logo.svg","contentUrl":"https:\/\/easystar.ee\/wp-content\/uploads\/2024\/03\/easystar-logo.svg","width":2000,"height":2000,"caption":"Easy Star O\u00dc"},"image":{"@id":"https:\/\/easystar.ee\/#\/schema\/logo\/image\/"}}]}},"_links":{"self":[{"href":"https:\/\/easystar.ee\/en\/wp-json\/wp\/v2\/product\/63985","targetHints":{"allow":["GET"]}}],"collection":[{"href":"https:\/\/easystar.ee\/en\/wp-json\/wp\/v2\/product"}],"about":[{"href":"https:\/\/easystar.ee\/en\/wp-json\/wp\/v2\/types\/product"}],"wp:featuredmedia":[{"embeddable":true,"href":"https:\/\/easystar.ee\/en\/wp-json\/wp\/v2\/media\/63983"}],"wp:attachment":[{"href":"https:\/\/easystar.ee\/en\/wp-json\/wp\/v2\/media?parent=63985"}],"wp:term":[{"taxonomy":"product_brand","embeddable":true,"href":"https:\/\/easystar.ee\/en\/wp-json\/wp\/v2\/product_brand?post=63985"},{"taxonomy":"product_cat","embeddable":true,"href":"https:\/\/easystar.ee\/en\/wp-json\/wp\/v2\/product_cat?post=63985"},{"taxonomy":"product_tag","embeddable":true,"href":"https:\/\/easystar.ee\/en\/wp-json\/wp\/v2\/product_tag?post=63985"}],"curies":[{"name":"wp","href":"https:\/\/api.w.org\/{rel}","templated":true}]}}