{"id":63967,"date":"2025-10-22T01:32:03","date_gmt":"2025-10-22T01:32:03","guid":{"rendered":"https:\/\/easystar.ee\/toode\/vahupihustaja-vikan-14l-valge-veesuunaja-1-2-d93055\/"},"modified":"2026-04-21T01:30:06","modified_gmt":"2026-04-21T01:30:06","slug":"vahupihustaja-vikan-14l-valge-veesuunaja-1-2-d93055","status":"publish","type":"product","link":"https:\/\/easystar.ee\/en\/toode\/vahupihustaja-vikan-14l-valge-veesuunaja-1-2-d93055\/","title":{"rendered":"Vahupihustaja Vikan 1,4L valge + veesuunaja 1\/2&#8243; D93055"},"content":{"rendered":"","protected":false},"excerpt":{"rendered":"<p>V\u00e4rv: valge<br \/>\nMaterjal: Messing,Plastik<br \/>\nMaht 1,4L<br \/>\nLaius 19cm x k\u00f5rgus 17,5cm<br \/>\nPuhastage sanitaarruume ja v\u00e4ikeseid t\u00f6\u00f6tlemis ning tootmisruume ilma aerosoolideta, kandes vahu vahupesus\u00fcsteemi abil pindadele. Tagab j\u00e4rjepidevalt \u00f5ige aine doseeringu vastava d\u00fc\u00fcsi abil (0,4\u201310%). Konteineri v\u00e4rvikood h\u00f5lbustab kasutatava keemia tuvastamist.<br \/>\nSoovitatav on kasutada keemilise tagasijooksu eest kaitsmiseks liidest SafeOne (V9340), mis on heaks kiidetud vastavalt EN 1717 &#8211; aineklass 3.<\/p>\n","protected":false},"featured_media":63962,"template":"","meta":{"_acf_changed":false},"product_brand":[],"product_cat":[1814,1969],"product_tag":[],"class_list":{"0":"post-63967","1":"product","2":"type-product","3":"status-publish","4":"has-post-thumbnail","6":"product_cat-dispensers","7":"product_cat-dispensers-for-agricultural-cleaning-agents","9":"first","10":"outofstock","11":"taxable","12":"shipping-taxable","13":"purchasable","14":"product-type-simple"},"acf":[],"yoast_head":"<!-- This site is optimized with the Yoast SEO plugin v27.5 - https:\/\/yoast.com\/product\/yoast-seo-wordpress\/ -->\n<title>Vahupihustaja Vikan 1,4L valge + veesuunaja 1\/2&quot; D93055 &#8212; Easy Star O\u00dc<\/title>\n<meta name=\"robots\" content=\"index, follow, max-snippet:-1, max-image-preview:large, max-video-preview:-1\" \/>\n<link rel=\"canonical\" href=\"https:\/\/easystar.ee\/toode\/vahupihustaja-vikan-14l-valge-veesuunaja-1-2-d93055\/\" \/>\n<meta property=\"og:locale\" content=\"en_US\" \/>\n<meta property=\"og:type\" content=\"article\" \/>\n<meta property=\"og:title\" content=\"Vahupihustaja Vikan 1,4L valge + veesuunaja 1\/2&quot; D93055 &#8212; Easy Star O\u00dc\" \/>\n<meta property=\"og:description\" content=\"V\u00e4rv: valge Materjal: Messing,Plastik Maht 1,4L Laius 19cm x k\u00f5rgus 17,5cm Puhastage sanitaarruume ja v\u00e4ikeseid t\u00f6\u00f6tlemis ning tootmisruume ilma aerosoolideta, kandes vahu vahupesus\u00fcsteemi abil pindadele. Tagab j\u00e4rjepidevalt \u00f5ige aine doseeringu vastava d\u00fc\u00fcsi abil (0,4\u201310%). Konteineri v\u00e4rvikood h\u00f5lbustab kasutatava keemia tuvastamist. Soovitatav on kasutada keemilise tagasijooksu eest kaitsmiseks liidest SafeOne (V9340), mis on heaks kiidetud vastavalt EN 1717 - aineklass 3.\" \/>\n<meta property=\"og:url\" content=\"https:\/\/easystar.ee\/toode\/vahupihustaja-vikan-14l-valge-veesuunaja-1-2-d93055\/\" \/>\n<meta property=\"og:site_name\" content=\"Easy Star O\u00dc\" \/>\n<meta property=\"article:modified_time\" content=\"2026-04-21T01:30:06+00:00\" \/>\n<meta property=\"og:image\" content=\"https:\/\/easystar.ee\/wp-content\/uploads\/2025\/10\/5705020930553.jpg\" \/>\n\t<meta property=\"og:image:width\" content=\"683\" \/>\n\t<meta property=\"og:image:height\" content=\"513\" \/>\n\t<meta property=\"og:image:type\" content=\"image\/jpeg\" \/>\n<meta name=\"twitter:card\" content=\"summary_large_image\" \/>\n<script type=\"application\/ld+json\" class=\"yoast-schema-graph\">{\"@context\":\"https:\\\/\\\/schema.org\",\"@graph\":[{\"@type\":\"WebPage\",\"@id\":\"https:\\\/\\\/easystar.ee\\\/toode\\\/vahupihustaja-vikan-14l-valge-veesuunaja-1-2-d93055\\\/\",\"url\":\"https:\\\/\\\/easystar.ee\\\/toode\\\/vahupihustaja-vikan-14l-valge-veesuunaja-1-2-d93055\\\/\",\"name\":\"Vahupihustaja Vikan 1,4L valge + veesuunaja 1\\\/2\\\" D93055 &#8212; Easy Star O\u00dc\",\"isPartOf\":{\"@id\":\"https:\\\/\\\/easystar.ee\\\/#website\"},\"primaryImageOfPage\":{\"@id\":\"https:\\\/\\\/easystar.ee\\\/toode\\\/vahupihustaja-vikan-14l-valge-veesuunaja-1-2-d93055\\\/#primaryimage\"},\"image\":{\"@id\":\"https:\\\/\\\/easystar.ee\\\/toode\\\/vahupihustaja-vikan-14l-valge-veesuunaja-1-2-d93055\\\/#primaryimage\"},\"thumbnailUrl\":\"https:\\\/\\\/easystar.ee\\\/wp-content\\\/uploads\\\/2025\\\/10\\\/5705020930553.jpg\",\"datePublished\":\"2025-10-22T01:32:03+00:00\",\"dateModified\":\"2026-04-21T01:30:06+00:00\",\"breadcrumb\":{\"@id\":\"https:\\\/\\\/easystar.ee\\\/toode\\\/vahupihustaja-vikan-14l-valge-veesuunaja-1-2-d93055\\\/#breadcrumb\"},\"inLanguage\":\"en-US\",\"potentialAction\":[{\"@type\":\"ReadAction\",\"target\":[\"https:\\\/\\\/easystar.ee\\\/toode\\\/vahupihustaja-vikan-14l-valge-veesuunaja-1-2-d93055\\\/\"]}]},{\"@type\":\"ImageObject\",\"inLanguage\":\"en-US\",\"@id\":\"https:\\\/\\\/easystar.ee\\\/toode\\\/vahupihustaja-vikan-14l-valge-veesuunaja-1-2-d93055\\\/#primaryimage\",\"url\":\"https:\\\/\\\/easystar.ee\\\/wp-content\\\/uploads\\\/2025\\\/10\\\/5705020930553.jpg\",\"contentUrl\":\"https:\\\/\\\/easystar.ee\\\/wp-content\\\/uploads\\\/2025\\\/10\\\/5705020930553.jpg\",\"width\":683,\"height\":513},{\"@type\":\"BreadcrumbList\",\"@id\":\"https:\\\/\\\/easystar.ee\\\/toode\\\/vahupihustaja-vikan-14l-valge-veesuunaja-1-2-d93055\\\/#breadcrumb\",\"itemListElement\":[{\"@type\":\"ListItem\",\"position\":1,\"name\":\"Home\",\"item\":\"https:\\\/\\\/easystar.ee\\\/ru\\\/\"},{\"@type\":\"ListItem\",\"position\":2,\"name\":\"Shop\",\"item\":\"https:\\\/\\\/easystar.ee\\\/tooted\\\/\"},{\"@type\":\"ListItem\",\"position\":3,\"name\":\"Vahupihustaja Vikan 1,4L valge + veesuunaja 1\\\/2&#8243; D93055\"}]},{\"@type\":\"WebSite\",\"@id\":\"https:\\\/\\\/easystar.ee\\\/#website\",\"url\":\"https:\\\/\\\/easystar.ee\\\/\",\"name\":\"Easystar.ee\",\"description\":\"\",\"publisher\":{\"@id\":\"https:\\\/\\\/easystar.ee\\\/#organization\"},\"alternateName\":\"Keskkonnas\u00f5bralikud pehmepaberitooted teie kontorisse\",\"potentialAction\":[{\"@type\":\"SearchAction\",\"target\":{\"@type\":\"EntryPoint\",\"urlTemplate\":\"https:\\\/\\\/easystar.ee\\\/?s={search_term_string}\"},\"query-input\":{\"@type\":\"PropertyValueSpecification\",\"valueRequired\":true,\"valueName\":\"search_term_string\"}}],\"inLanguage\":\"en-US\"},{\"@type\":\"Organization\",\"@id\":\"https:\\\/\\\/easystar.ee\\\/#organization\",\"name\":\"Easy Star O\u00dc\",\"url\":\"https:\\\/\\\/easystar.ee\\\/\",\"logo\":{\"@type\":\"ImageObject\",\"inLanguage\":\"en-US\",\"@id\":\"https:\\\/\\\/easystar.ee\\\/#\\\/schema\\\/logo\\\/image\\\/\",\"url\":\"https:\\\/\\\/easystar.ee\\\/wp-content\\\/uploads\\\/2024\\\/03\\\/easystar-logo.svg\",\"contentUrl\":\"https:\\\/\\\/easystar.ee\\\/wp-content\\\/uploads\\\/2024\\\/03\\\/easystar-logo.svg\",\"width\":2000,\"height\":2000,\"caption\":\"Easy Star O\u00dc\"},\"image\":{\"@id\":\"https:\\\/\\\/easystar.ee\\\/#\\\/schema\\\/logo\\\/image\\\/\"}}]}<\/script>\n<!-- \/ Yoast SEO plugin. -->","yoast_head_json":{"title":"Vahupihustaja Vikan 1,4L valge + veesuunaja 1\/2\" D93055 &#8212; Easy Star O\u00dc","robots":{"index":"index","follow":"follow","max-snippet":"max-snippet:-1","max-image-preview":"max-image-preview:large","max-video-preview":"max-video-preview:-1"},"canonical":"https:\/\/easystar.ee\/toode\/vahupihustaja-vikan-14l-valge-veesuunaja-1-2-d93055\/","og_locale":"en_US","og_type":"article","og_title":"Vahupihustaja Vikan 1,4L valge + veesuunaja 1\/2\" D93055 &#8212; Easy Star O\u00dc","og_description":"V\u00e4rv: valge Materjal: Messing,Plastik Maht 1,4L Laius 19cm x k\u00f5rgus 17,5cm Puhastage sanitaarruume ja v\u00e4ikeseid t\u00f6\u00f6tlemis ning tootmisruume ilma aerosoolideta, kandes vahu vahupesus\u00fcsteemi abil pindadele. Tagab j\u00e4rjepidevalt \u00f5ige aine doseeringu vastava d\u00fc\u00fcsi abil (0,4\u201310%). Konteineri v\u00e4rvikood h\u00f5lbustab kasutatava keemia tuvastamist. Soovitatav on kasutada keemilise tagasijooksu eest kaitsmiseks liidest SafeOne (V9340), mis on heaks kiidetud vastavalt EN 1717 - aineklass 3.","og_url":"https:\/\/easystar.ee\/toode\/vahupihustaja-vikan-14l-valge-veesuunaja-1-2-d93055\/","og_site_name":"Easy Star O\u00dc","article_modified_time":"2026-04-21T01:30:06+00:00","og_image":[{"width":683,"height":513,"url":"https:\/\/easystar.ee\/wp-content\/uploads\/2025\/10\/5705020930553.jpg","type":"image\/jpeg"}],"twitter_card":"summary_large_image","schema":{"@context":"https:\/\/schema.org","@graph":[{"@type":"WebPage","@id":"https:\/\/easystar.ee\/toode\/vahupihustaja-vikan-14l-valge-veesuunaja-1-2-d93055\/","url":"https:\/\/easystar.ee\/toode\/vahupihustaja-vikan-14l-valge-veesuunaja-1-2-d93055\/","name":"Vahupihustaja Vikan 1,4L valge + veesuunaja 1\/2\" D93055 &#8212; Easy Star O\u00dc","isPartOf":{"@id":"https:\/\/easystar.ee\/#website"},"primaryImageOfPage":{"@id":"https:\/\/easystar.ee\/toode\/vahupihustaja-vikan-14l-valge-veesuunaja-1-2-d93055\/#primaryimage"},"image":{"@id":"https:\/\/easystar.ee\/toode\/vahupihustaja-vikan-14l-valge-veesuunaja-1-2-d93055\/#primaryimage"},"thumbnailUrl":"https:\/\/easystar.ee\/wp-content\/uploads\/2025\/10\/5705020930553.jpg","datePublished":"2025-10-22T01:32:03+00:00","dateModified":"2026-04-21T01:30:06+00:00","breadcrumb":{"@id":"https:\/\/easystar.ee\/toode\/vahupihustaja-vikan-14l-valge-veesuunaja-1-2-d93055\/#breadcrumb"},"inLanguage":"en-US","potentialAction":[{"@type":"ReadAction","target":["https:\/\/easystar.ee\/toode\/vahupihustaja-vikan-14l-valge-veesuunaja-1-2-d93055\/"]}]},{"@type":"ImageObject","inLanguage":"en-US","@id":"https:\/\/easystar.ee\/toode\/vahupihustaja-vikan-14l-valge-veesuunaja-1-2-d93055\/#primaryimage","url":"https:\/\/easystar.ee\/wp-content\/uploads\/2025\/10\/5705020930553.jpg","contentUrl":"https:\/\/easystar.ee\/wp-content\/uploads\/2025\/10\/5705020930553.jpg","width":683,"height":513},{"@type":"BreadcrumbList","@id":"https:\/\/easystar.ee\/toode\/vahupihustaja-vikan-14l-valge-veesuunaja-1-2-d93055\/#breadcrumb","itemListElement":[{"@type":"ListItem","position":1,"name":"Home","item":"https:\/\/easystar.ee\/ru\/"},{"@type":"ListItem","position":2,"name":"Shop","item":"https:\/\/easystar.ee\/tooted\/"},{"@type":"ListItem","position":3,"name":"Vahupihustaja Vikan 1,4L valge + veesuunaja 1\/2&#8243; D93055"}]},{"@type":"WebSite","@id":"https:\/\/easystar.ee\/#website","url":"https:\/\/easystar.ee\/","name":"Easystar.ee","description":"","publisher":{"@id":"https:\/\/easystar.ee\/#organization"},"alternateName":"Keskkonnas\u00f5bralikud pehmepaberitooted teie kontorisse","potentialAction":[{"@type":"SearchAction","target":{"@type":"EntryPoint","urlTemplate":"https:\/\/easystar.ee\/?s={search_term_string}"},"query-input":{"@type":"PropertyValueSpecification","valueRequired":true,"valueName":"search_term_string"}}],"inLanguage":"en-US"},{"@type":"Organization","@id":"https:\/\/easystar.ee\/#organization","name":"Easy Star O\u00dc","url":"https:\/\/easystar.ee\/","logo":{"@type":"ImageObject","inLanguage":"en-US","@id":"https:\/\/easystar.ee\/#\/schema\/logo\/image\/","url":"https:\/\/easystar.ee\/wp-content\/uploads\/2024\/03\/easystar-logo.svg","contentUrl":"https:\/\/easystar.ee\/wp-content\/uploads\/2024\/03\/easystar-logo.svg","width":2000,"height":2000,"caption":"Easy Star O\u00dc"},"image":{"@id":"https:\/\/easystar.ee\/#\/schema\/logo\/image\/"}}]}},"_links":{"self":[{"href":"https:\/\/easystar.ee\/en\/wp-json\/wp\/v2\/product\/63967","targetHints":{"allow":["GET"]}}],"collection":[{"href":"https:\/\/easystar.ee\/en\/wp-json\/wp\/v2\/product"}],"about":[{"href":"https:\/\/easystar.ee\/en\/wp-json\/wp\/v2\/types\/product"}],"wp:featuredmedia":[{"embeddable":true,"href":"https:\/\/easystar.ee\/en\/wp-json\/wp\/v2\/media\/63962"}],"wp:attachment":[{"href":"https:\/\/easystar.ee\/en\/wp-json\/wp\/v2\/media?parent=63967"}],"wp:term":[{"taxonomy":"product_brand","embeddable":true,"href":"https:\/\/easystar.ee\/en\/wp-json\/wp\/v2\/product_brand?post=63967"},{"taxonomy":"product_cat","embeddable":true,"href":"https:\/\/easystar.ee\/en\/wp-json\/wp\/v2\/product_cat?post=63967"},{"taxonomy":"product_tag","embeddable":true,"href":"https:\/\/easystar.ee\/en\/wp-json\/wp\/v2\/product_tag?post=63967"}],"curies":[{"name":"wp","href":"https:\/\/api.w.org\/{rel}","templated":true}]}}