{"id":63787,"date":"2025-10-18T01:31:58","date_gmt":"2025-10-18T01:31:58","guid":{"rendered":"https:\/\/easystar.ee\/toode\/only-hooks-seinanagi-must-d7060000101\/"},"modified":"2025-10-30T01:43:05","modified_gmt":"2025-10-30T01:43:05","slug":"only-hooks-seinanagi-must-d7060000101","status":"publish","type":"product","link":"https:\/\/easystar.ee\/en\/toode\/only-hooks-seinanagi-must-d7060000101\/","title":{"rendered":"Only Hooks seinanagi, must D7060000101"},"content":{"rendered":"","protected":false},"excerpt":{"rendered":"<p>Only Hooks seinanagi puhul on kaunilt \u00fchendatud praktilisus ja lakooniline disain. Minimalistlik seinanagi sobib nii esikusse, k\u00f6\u00f6ki kui ka magamistuppa. Only Hooks nagi on Rootsi disaineri Gustav Ros\u00e9ni stiilin\u00e4ide.<br \/>\nRootsis valmistatud seinanagi on pulberv\u00e4rvitud must, metallist.<br \/>\nL 60 cm   K 10 cm   S 4,5 cm<\/p>\n","protected":false},"featured_media":63785,"template":"","meta":{"_acf_changed":false},"product_brand":[],"product_cat":[1814,1958],"product_tag":[],"class_list":{"0":"post-63787","1":"product","2":"type-product","3":"status-publish","4":"has-post-thumbnail","6":"product_cat-dispensers","7":"product_cat-hooks","9":"first","10":"outofstock","11":"taxable","12":"shipping-taxable","13":"purchasable","14":"product-type-simple"},"acf":[],"yoast_head":"<!-- This site is optimized with the Yoast SEO plugin v27.5 - https:\/\/yoast.com\/product\/yoast-seo-wordpress\/ -->\n<title>Only Hooks seinanagi, must D7060000101 &#8212; Easy Star O\u00dc<\/title>\n<meta name=\"robots\" content=\"index, follow, max-snippet:-1, max-image-preview:large, max-video-preview:-1\" \/>\n<link rel=\"canonical\" href=\"https:\/\/easystar.ee\/en\/toode\/only-hooks-seinanagi-must-d7060000101\/\" \/>\n<meta property=\"og:locale\" content=\"en_US\" \/>\n<meta property=\"og:type\" content=\"article\" \/>\n<meta property=\"og:title\" content=\"Only Hooks seinanagi, must D7060000101 &#8212; Easy Star O\u00dc\" \/>\n<meta property=\"og:description\" content=\"Only Hooks seinanagi puhul on kaunilt \u00fchendatud praktilisus ja lakooniline disain. Minimalistlik seinanagi sobib nii esikusse, k\u00f6\u00f6ki kui ka magamistuppa. Only Hooks nagi on Rootsi disaineri Gustav Ros\u00e9ni stiilin\u00e4ide. Rootsis valmistatud seinanagi on pulberv\u00e4rvitud must, metallist. L 60 cm  K 10 cm  S 4,5 cm\" \/>\n<meta property=\"og:url\" content=\"https:\/\/easystar.ee\/en\/toode\/only-hooks-seinanagi-must-d7060000101\/\" \/>\n<meta property=\"og:site_name\" content=\"Easy Star O\u00dc\" \/>\n<meta property=\"article:modified_time\" content=\"2025-10-30T01:43:05+00:00\" \/>\n<meta property=\"og:image\" content=\"https:\/\/easystar.ee\/wp-content\/uploads\/2025\/10\/7060000101.jpg\" \/>\n\t<meta property=\"og:image:width\" content=\"583\" \/>\n\t<meta property=\"og:image:height\" content=\"169\" \/>\n\t<meta property=\"og:image:type\" content=\"image\/jpeg\" \/>\n<meta name=\"twitter:card\" content=\"summary_large_image\" \/>\n<script type=\"application\/ld+json\" class=\"yoast-schema-graph\">{\"@context\":\"https:\\\/\\\/schema.org\",\"@graph\":[{\"@type\":\"WebPage\",\"@id\":\"https:\\\/\\\/easystar.ee\\\/en\\\/toode\\\/only-hooks-seinanagi-must-d7060000101\\\/\",\"url\":\"https:\\\/\\\/easystar.ee\\\/en\\\/toode\\\/only-hooks-seinanagi-must-d7060000101\\\/\",\"name\":\"Only Hooks seinanagi, must D7060000101 &#8212; Easy Star O\u00dc\",\"isPartOf\":{\"@id\":\"https:\\\/\\\/easystar.ee\\\/#website\"},\"primaryImageOfPage\":{\"@id\":\"https:\\\/\\\/easystar.ee\\\/en\\\/toode\\\/only-hooks-seinanagi-must-d7060000101\\\/#primaryimage\"},\"image\":{\"@id\":\"https:\\\/\\\/easystar.ee\\\/en\\\/toode\\\/only-hooks-seinanagi-must-d7060000101\\\/#primaryimage\"},\"thumbnailUrl\":\"https:\\\/\\\/easystar.ee\\\/wp-content\\\/uploads\\\/2025\\\/10\\\/7060000101.jpg\",\"datePublished\":\"2025-10-18T01:31:58+00:00\",\"dateModified\":\"2025-10-30T01:43:05+00:00\",\"breadcrumb\":{\"@id\":\"https:\\\/\\\/easystar.ee\\\/en\\\/toode\\\/only-hooks-seinanagi-must-d7060000101\\\/#breadcrumb\"},\"inLanguage\":\"en-US\",\"potentialAction\":[{\"@type\":\"ReadAction\",\"target\":[\"https:\\\/\\\/easystar.ee\\\/en\\\/toode\\\/only-hooks-seinanagi-must-d7060000101\\\/\"]}]},{\"@type\":\"ImageObject\",\"inLanguage\":\"en-US\",\"@id\":\"https:\\\/\\\/easystar.ee\\\/en\\\/toode\\\/only-hooks-seinanagi-must-d7060000101\\\/#primaryimage\",\"url\":\"https:\\\/\\\/easystar.ee\\\/wp-content\\\/uploads\\\/2025\\\/10\\\/7060000101.jpg\",\"contentUrl\":\"https:\\\/\\\/easystar.ee\\\/wp-content\\\/uploads\\\/2025\\\/10\\\/7060000101.jpg\",\"width\":583,\"height\":169},{\"@type\":\"BreadcrumbList\",\"@id\":\"https:\\\/\\\/easystar.ee\\\/en\\\/toode\\\/only-hooks-seinanagi-must-d7060000101\\\/#breadcrumb\",\"itemListElement\":[{\"@type\":\"ListItem\",\"position\":1,\"name\":\"Home\",\"item\":\"https:\\\/\\\/easystar.ee\\\/ru\\\/\"},{\"@type\":\"ListItem\",\"position\":2,\"name\":\"Shop\",\"item\":\"https:\\\/\\\/easystar.ee\\\/tooted\\\/\"},{\"@type\":\"ListItem\",\"position\":3,\"name\":\"Only Hooks seinanagi, must D7060000101\"}]},{\"@type\":\"WebSite\",\"@id\":\"https:\\\/\\\/easystar.ee\\\/#website\",\"url\":\"https:\\\/\\\/easystar.ee\\\/\",\"name\":\"Easystar.ee\",\"description\":\"\",\"publisher\":{\"@id\":\"https:\\\/\\\/easystar.ee\\\/#organization\"},\"alternateName\":\"Keskkonnas\u00f5bralikud pehmepaberitooted teie kontorisse\",\"potentialAction\":[{\"@type\":\"SearchAction\",\"target\":{\"@type\":\"EntryPoint\",\"urlTemplate\":\"https:\\\/\\\/easystar.ee\\\/?s={search_term_string}\"},\"query-input\":{\"@type\":\"PropertyValueSpecification\",\"valueRequired\":true,\"valueName\":\"search_term_string\"}}],\"inLanguage\":\"en-US\"},{\"@type\":\"Organization\",\"@id\":\"https:\\\/\\\/easystar.ee\\\/#organization\",\"name\":\"Easy Star O\u00dc\",\"url\":\"https:\\\/\\\/easystar.ee\\\/\",\"logo\":{\"@type\":\"ImageObject\",\"inLanguage\":\"en-US\",\"@id\":\"https:\\\/\\\/easystar.ee\\\/#\\\/schema\\\/logo\\\/image\\\/\",\"url\":\"https:\\\/\\\/easystar.ee\\\/wp-content\\\/uploads\\\/2024\\\/03\\\/easystar-logo.svg\",\"contentUrl\":\"https:\\\/\\\/easystar.ee\\\/wp-content\\\/uploads\\\/2024\\\/03\\\/easystar-logo.svg\",\"width\":2000,\"height\":2000,\"caption\":\"Easy Star O\u00dc\"},\"image\":{\"@id\":\"https:\\\/\\\/easystar.ee\\\/#\\\/schema\\\/logo\\\/image\\\/\"}}]}<\/script>\n<!-- \/ Yoast SEO plugin. -->","yoast_head_json":{"title":"Only Hooks seinanagi, must D7060000101 &#8212; Easy Star O\u00dc","robots":{"index":"index","follow":"follow","max-snippet":"max-snippet:-1","max-image-preview":"max-image-preview:large","max-video-preview":"max-video-preview:-1"},"canonical":"https:\/\/easystar.ee\/en\/toode\/only-hooks-seinanagi-must-d7060000101\/","og_locale":"en_US","og_type":"article","og_title":"Only Hooks seinanagi, must D7060000101 &#8212; Easy Star O\u00dc","og_description":"Only Hooks seinanagi puhul on kaunilt \u00fchendatud praktilisus ja lakooniline disain. Minimalistlik seinanagi sobib nii esikusse, k\u00f6\u00f6ki kui ka magamistuppa. Only Hooks nagi on Rootsi disaineri Gustav Ros\u00e9ni stiilin\u00e4ide. Rootsis valmistatud seinanagi on pulberv\u00e4rvitud must, metallist. L 60 cm  K 10 cm  S 4,5 cm","og_url":"https:\/\/easystar.ee\/en\/toode\/only-hooks-seinanagi-must-d7060000101\/","og_site_name":"Easy Star O\u00dc","article_modified_time":"2025-10-30T01:43:05+00:00","og_image":[{"width":583,"height":169,"url":"https:\/\/easystar.ee\/wp-content\/uploads\/2025\/10\/7060000101.jpg","type":"image\/jpeg"}],"twitter_card":"summary_large_image","schema":{"@context":"https:\/\/schema.org","@graph":[{"@type":"WebPage","@id":"https:\/\/easystar.ee\/en\/toode\/only-hooks-seinanagi-must-d7060000101\/","url":"https:\/\/easystar.ee\/en\/toode\/only-hooks-seinanagi-must-d7060000101\/","name":"Only Hooks seinanagi, must D7060000101 &#8212; Easy Star O\u00dc","isPartOf":{"@id":"https:\/\/easystar.ee\/#website"},"primaryImageOfPage":{"@id":"https:\/\/easystar.ee\/en\/toode\/only-hooks-seinanagi-must-d7060000101\/#primaryimage"},"image":{"@id":"https:\/\/easystar.ee\/en\/toode\/only-hooks-seinanagi-must-d7060000101\/#primaryimage"},"thumbnailUrl":"https:\/\/easystar.ee\/wp-content\/uploads\/2025\/10\/7060000101.jpg","datePublished":"2025-10-18T01:31:58+00:00","dateModified":"2025-10-30T01:43:05+00:00","breadcrumb":{"@id":"https:\/\/easystar.ee\/en\/toode\/only-hooks-seinanagi-must-d7060000101\/#breadcrumb"},"inLanguage":"en-US","potentialAction":[{"@type":"ReadAction","target":["https:\/\/easystar.ee\/en\/toode\/only-hooks-seinanagi-must-d7060000101\/"]}]},{"@type":"ImageObject","inLanguage":"en-US","@id":"https:\/\/easystar.ee\/en\/toode\/only-hooks-seinanagi-must-d7060000101\/#primaryimage","url":"https:\/\/easystar.ee\/wp-content\/uploads\/2025\/10\/7060000101.jpg","contentUrl":"https:\/\/easystar.ee\/wp-content\/uploads\/2025\/10\/7060000101.jpg","width":583,"height":169},{"@type":"BreadcrumbList","@id":"https:\/\/easystar.ee\/en\/toode\/only-hooks-seinanagi-must-d7060000101\/#breadcrumb","itemListElement":[{"@type":"ListItem","position":1,"name":"Home","item":"https:\/\/easystar.ee\/ru\/"},{"@type":"ListItem","position":2,"name":"Shop","item":"https:\/\/easystar.ee\/tooted\/"},{"@type":"ListItem","position":3,"name":"Only Hooks seinanagi, must D7060000101"}]},{"@type":"WebSite","@id":"https:\/\/easystar.ee\/#website","url":"https:\/\/easystar.ee\/","name":"Easystar.ee","description":"","publisher":{"@id":"https:\/\/easystar.ee\/#organization"},"alternateName":"Keskkonnas\u00f5bralikud pehmepaberitooted teie kontorisse","potentialAction":[{"@type":"SearchAction","target":{"@type":"EntryPoint","urlTemplate":"https:\/\/easystar.ee\/?s={search_term_string}"},"query-input":{"@type":"PropertyValueSpecification","valueRequired":true,"valueName":"search_term_string"}}],"inLanguage":"en-US"},{"@type":"Organization","@id":"https:\/\/easystar.ee\/#organization","name":"Easy Star O\u00dc","url":"https:\/\/easystar.ee\/","logo":{"@type":"ImageObject","inLanguage":"en-US","@id":"https:\/\/easystar.ee\/#\/schema\/logo\/image\/","url":"https:\/\/easystar.ee\/wp-content\/uploads\/2024\/03\/easystar-logo.svg","contentUrl":"https:\/\/easystar.ee\/wp-content\/uploads\/2024\/03\/easystar-logo.svg","width":2000,"height":2000,"caption":"Easy Star O\u00dc"},"image":{"@id":"https:\/\/easystar.ee\/#\/schema\/logo\/image\/"}}]}},"_links":{"self":[{"href":"https:\/\/easystar.ee\/en\/wp-json\/wp\/v2\/product\/63787","targetHints":{"allow":["GET"]}}],"collection":[{"href":"https:\/\/easystar.ee\/en\/wp-json\/wp\/v2\/product"}],"about":[{"href":"https:\/\/easystar.ee\/en\/wp-json\/wp\/v2\/types\/product"}],"wp:featuredmedia":[{"embeddable":true,"href":"https:\/\/easystar.ee\/en\/wp-json\/wp\/v2\/media\/63785"}],"wp:attachment":[{"href":"https:\/\/easystar.ee\/en\/wp-json\/wp\/v2\/media?parent=63787"}],"wp:term":[{"taxonomy":"product_brand","embeddable":true,"href":"https:\/\/easystar.ee\/en\/wp-json\/wp\/v2\/product_brand?post=63787"},{"taxonomy":"product_cat","embeddable":true,"href":"https:\/\/easystar.ee\/en\/wp-json\/wp\/v2\/product_cat?post=63787"},{"taxonomy":"product_tag","embeddable":true,"href":"https:\/\/easystar.ee\/en\/wp-json\/wp\/v2\/product_tag?post=63787"}],"curies":[{"name":"wp","href":"https:\/\/api.w.org\/{rel}","templated":true}]}}