{"id":63668,"date":"2025-10-16T01:32:46","date_gmt":"2025-10-16T01:32:46","guid":{"rendered":"https:\/\/easystar.ee\/toode\/neutral-tukiseep-sensitive-skin-100g-24tk-kast-m328501\/"},"modified":"2025-10-30T02:04:36","modified_gmt":"2025-10-30T02:04:36","slug":"neutral-tukiseep-sensitive-skin-100g-24tk-kast-m328501","status":"publish","type":"product","link":"https:\/\/easystar.ee\/en\/toode\/neutral-tukiseep-sensitive-skin-100g-24tk-kast-m328501\/","title":{"rendered":"Neutral t\u00fckiseep Sensitive Skin 100g 24tk\/kast M328501"},"content":{"rendered":"","protected":false},"excerpt":{"rendered":"<p>Neutral on sari mahedaid tooteid, mis ei sisalda \u00fcleliigseid komponente. Neutral sarja tooted on valmistatud hoolikalt valitud komponentidest, et v\u00e4hendada allergia ning naha \u00fclitundlikkuse tekkimise ohtu. Ei sisalda l\u00f5hna ja v\u00e4rvaineid ega muid \u00fcleliigseid komponente. Ei sisalda s\u00e4ilitusaineid, mis toimivad hormoonidena (\u00f6strogeenina) ning v\u00f5ivad tekitada endokriins\u00fcsteemi h\u00e4ireid, mis omakorda p\u00f5hjustavad allergiat. V\u00e4lja t\u00f6\u00f6tatud koost\u00f6\u00f6s Taani Astma ja Allergialiiduga<br \/>\nOhutus: Ainult v\u00e4lispidiseks kasutamiseks. V\u00e4ltige silma sattumist, kui see juhtub loputage rohke veega.<\/p>\n","protected":false},"featured_media":63666,"template":"","meta":{"_acf_changed":false},"product_brand":[],"product_cat":[1829,1830],"product_tag":[],"class_list":{"0":"post-63668","1":"product","2":"type-product","3":"status-publish","4":"has-post-thumbnail","6":"product_cat-cleaning-chemicals","7":"product_cat-soap","9":"first","10":"instock","11":"taxable","12":"shipping-taxable","13":"purchasable","14":"product-type-simple"},"acf":[],"yoast_head":"<!-- This site is optimized with the Yoast SEO plugin v27.5 - https:\/\/yoast.com\/product\/yoast-seo-wordpress\/ -->\n<title>Neutral t\u00fckiseep Sensitive Skin 100g 24tk\/kast M328501 &#8212; Easy Star O\u00dc<\/title>\n<meta name=\"robots\" content=\"index, follow, max-snippet:-1, max-image-preview:large, max-video-preview:-1\" \/>\n<link rel=\"canonical\" href=\"https:\/\/easystar.ee\/en\/toode\/neutral-tukiseep-sensitive-skin-100g-24tk-kast-m328501\/\" \/>\n<meta property=\"og:locale\" content=\"en_US\" \/>\n<meta property=\"og:type\" content=\"article\" \/>\n<meta property=\"og:title\" content=\"Neutral t\u00fckiseep Sensitive Skin 100g 24tk\/kast M328501 &#8212; Easy Star O\u00dc\" \/>\n<meta property=\"og:description\" content=\"Neutral on sari mahedaid tooteid, mis ei sisalda \u00fcleliigseid komponente. Neutral sarja tooted on valmistatud hoolikalt valitud komponentidest, et v\u00e4hendada allergia ning naha \u00fclitundlikkuse tekkimise ohtu. Ei sisalda l\u00f5hna ja v\u00e4rvaineid ega muid \u00fcleliigseid komponente. Ei sisalda s\u00e4ilitusaineid, mis toimivad hormoonidena (\u00f6strogeenina) ning v\u00f5ivad tekitada endokriins\u00fcsteemi h\u00e4ireid, mis omakorda p\u00f5hjustavad allergiat. V\u00e4lja t\u00f6\u00f6tatud koost\u00f6\u00f6s Taani Astma ja Allergialiiduga Ohutus: Ainult v\u00e4lispidiseks kasutamiseks. V\u00e4ltige silma sattumist, kui see juhtub loputage rohke veega.\" \/>\n<meta property=\"og:url\" content=\"https:\/\/easystar.ee\/en\/toode\/neutral-tukiseep-sensitive-skin-100g-24tk-kast-m328501\/\" \/>\n<meta property=\"og:site_name\" content=\"Easy Star O\u00dc\" \/>\n<meta property=\"article:modified_time\" content=\"2025-10-30T02:04:36+00:00\" \/>\n<meta property=\"og:image\" content=\"https:\/\/easystar.ee\/wp-content\/uploads\/2025\/10\/8712561444439.jpg\" \/>\n\t<meta property=\"og:image:width\" content=\"757\" \/>\n\t<meta property=\"og:image:height\" content=\"431\" \/>\n\t<meta property=\"og:image:type\" content=\"image\/jpeg\" \/>\n<meta name=\"twitter:card\" content=\"summary_large_image\" \/>\n<script type=\"application\/ld+json\" class=\"yoast-schema-graph\">{\"@context\":\"https:\\\/\\\/schema.org\",\"@graph\":[{\"@type\":\"WebPage\",\"@id\":\"https:\\\/\\\/easystar.ee\\\/en\\\/toode\\\/neutral-tukiseep-sensitive-skin-100g-24tk-kast-m328501\\\/\",\"url\":\"https:\\\/\\\/easystar.ee\\\/en\\\/toode\\\/neutral-tukiseep-sensitive-skin-100g-24tk-kast-m328501\\\/\",\"name\":\"Neutral t\u00fckiseep Sensitive Skin 100g 24tk\\\/kast M328501 &#8212; Easy Star O\u00dc\",\"isPartOf\":{\"@id\":\"https:\\\/\\\/easystar.ee\\\/#website\"},\"primaryImageOfPage\":{\"@id\":\"https:\\\/\\\/easystar.ee\\\/en\\\/toode\\\/neutral-tukiseep-sensitive-skin-100g-24tk-kast-m328501\\\/#primaryimage\"},\"image\":{\"@id\":\"https:\\\/\\\/easystar.ee\\\/en\\\/toode\\\/neutral-tukiseep-sensitive-skin-100g-24tk-kast-m328501\\\/#primaryimage\"},\"thumbnailUrl\":\"https:\\\/\\\/easystar.ee\\\/wp-content\\\/uploads\\\/2025\\\/10\\\/8712561444439.jpg\",\"datePublished\":\"2025-10-16T01:32:46+00:00\",\"dateModified\":\"2025-10-30T02:04:36+00:00\",\"breadcrumb\":{\"@id\":\"https:\\\/\\\/easystar.ee\\\/en\\\/toode\\\/neutral-tukiseep-sensitive-skin-100g-24tk-kast-m328501\\\/#breadcrumb\"},\"inLanguage\":\"en-US\",\"potentialAction\":[{\"@type\":\"ReadAction\",\"target\":[\"https:\\\/\\\/easystar.ee\\\/en\\\/toode\\\/neutral-tukiseep-sensitive-skin-100g-24tk-kast-m328501\\\/\"]}]},{\"@type\":\"ImageObject\",\"inLanguage\":\"en-US\",\"@id\":\"https:\\\/\\\/easystar.ee\\\/en\\\/toode\\\/neutral-tukiseep-sensitive-skin-100g-24tk-kast-m328501\\\/#primaryimage\",\"url\":\"https:\\\/\\\/easystar.ee\\\/wp-content\\\/uploads\\\/2025\\\/10\\\/8712561444439.jpg\",\"contentUrl\":\"https:\\\/\\\/easystar.ee\\\/wp-content\\\/uploads\\\/2025\\\/10\\\/8712561444439.jpg\",\"width\":757,\"height\":431},{\"@type\":\"BreadcrumbList\",\"@id\":\"https:\\\/\\\/easystar.ee\\\/en\\\/toode\\\/neutral-tukiseep-sensitive-skin-100g-24tk-kast-m328501\\\/#breadcrumb\",\"itemListElement\":[{\"@type\":\"ListItem\",\"position\":1,\"name\":\"Home\",\"item\":\"https:\\\/\\\/easystar.ee\\\/ru\\\/\"},{\"@type\":\"ListItem\",\"position\":2,\"name\":\"Shop\",\"item\":\"https:\\\/\\\/easystar.ee\\\/tooted\\\/\"},{\"@type\":\"ListItem\",\"position\":3,\"name\":\"Neutral t\u00fckiseep Sensitive Skin 100g 24tk\\\/kast M328501\"}]},{\"@type\":\"WebSite\",\"@id\":\"https:\\\/\\\/easystar.ee\\\/#website\",\"url\":\"https:\\\/\\\/easystar.ee\\\/\",\"name\":\"Easystar.ee\",\"description\":\"\",\"publisher\":{\"@id\":\"https:\\\/\\\/easystar.ee\\\/#organization\"},\"alternateName\":\"Keskkonnas\u00f5bralikud pehmepaberitooted teie kontorisse\",\"potentialAction\":[{\"@type\":\"SearchAction\",\"target\":{\"@type\":\"EntryPoint\",\"urlTemplate\":\"https:\\\/\\\/easystar.ee\\\/?s={search_term_string}\"},\"query-input\":{\"@type\":\"PropertyValueSpecification\",\"valueRequired\":true,\"valueName\":\"search_term_string\"}}],\"inLanguage\":\"en-US\"},{\"@type\":\"Organization\",\"@id\":\"https:\\\/\\\/easystar.ee\\\/#organization\",\"name\":\"Easy Star O\u00dc\",\"url\":\"https:\\\/\\\/easystar.ee\\\/\",\"logo\":{\"@type\":\"ImageObject\",\"inLanguage\":\"en-US\",\"@id\":\"https:\\\/\\\/easystar.ee\\\/#\\\/schema\\\/logo\\\/image\\\/\",\"url\":\"https:\\\/\\\/easystar.ee\\\/wp-content\\\/uploads\\\/2024\\\/03\\\/easystar-logo.svg\",\"contentUrl\":\"https:\\\/\\\/easystar.ee\\\/wp-content\\\/uploads\\\/2024\\\/03\\\/easystar-logo.svg\",\"width\":2000,\"height\":2000,\"caption\":\"Easy Star O\u00dc\"},\"image\":{\"@id\":\"https:\\\/\\\/easystar.ee\\\/#\\\/schema\\\/logo\\\/image\\\/\"}}]}<\/script>\n<!-- \/ Yoast SEO plugin. -->","yoast_head_json":{"title":"Neutral t\u00fckiseep Sensitive Skin 100g 24tk\/kast M328501 &#8212; Easy Star O\u00dc","robots":{"index":"index","follow":"follow","max-snippet":"max-snippet:-1","max-image-preview":"max-image-preview:large","max-video-preview":"max-video-preview:-1"},"canonical":"https:\/\/easystar.ee\/en\/toode\/neutral-tukiseep-sensitive-skin-100g-24tk-kast-m328501\/","og_locale":"en_US","og_type":"article","og_title":"Neutral t\u00fckiseep Sensitive Skin 100g 24tk\/kast M328501 &#8212; Easy Star O\u00dc","og_description":"Neutral on sari mahedaid tooteid, mis ei sisalda \u00fcleliigseid komponente. Neutral sarja tooted on valmistatud hoolikalt valitud komponentidest, et v\u00e4hendada allergia ning naha \u00fclitundlikkuse tekkimise ohtu. Ei sisalda l\u00f5hna ja v\u00e4rvaineid ega muid \u00fcleliigseid komponente. Ei sisalda s\u00e4ilitusaineid, mis toimivad hormoonidena (\u00f6strogeenina) ning v\u00f5ivad tekitada endokriins\u00fcsteemi h\u00e4ireid, mis omakorda p\u00f5hjustavad allergiat. V\u00e4lja t\u00f6\u00f6tatud koost\u00f6\u00f6s Taani Astma ja Allergialiiduga Ohutus: Ainult v\u00e4lispidiseks kasutamiseks. V\u00e4ltige silma sattumist, kui see juhtub loputage rohke veega.","og_url":"https:\/\/easystar.ee\/en\/toode\/neutral-tukiseep-sensitive-skin-100g-24tk-kast-m328501\/","og_site_name":"Easy Star O\u00dc","article_modified_time":"2025-10-30T02:04:36+00:00","og_image":[{"width":757,"height":431,"url":"https:\/\/easystar.ee\/wp-content\/uploads\/2025\/10\/8712561444439.jpg","type":"image\/jpeg"}],"twitter_card":"summary_large_image","schema":{"@context":"https:\/\/schema.org","@graph":[{"@type":"WebPage","@id":"https:\/\/easystar.ee\/en\/toode\/neutral-tukiseep-sensitive-skin-100g-24tk-kast-m328501\/","url":"https:\/\/easystar.ee\/en\/toode\/neutral-tukiseep-sensitive-skin-100g-24tk-kast-m328501\/","name":"Neutral t\u00fckiseep Sensitive Skin 100g 24tk\/kast M328501 &#8212; Easy Star O\u00dc","isPartOf":{"@id":"https:\/\/easystar.ee\/#website"},"primaryImageOfPage":{"@id":"https:\/\/easystar.ee\/en\/toode\/neutral-tukiseep-sensitive-skin-100g-24tk-kast-m328501\/#primaryimage"},"image":{"@id":"https:\/\/easystar.ee\/en\/toode\/neutral-tukiseep-sensitive-skin-100g-24tk-kast-m328501\/#primaryimage"},"thumbnailUrl":"https:\/\/easystar.ee\/wp-content\/uploads\/2025\/10\/8712561444439.jpg","datePublished":"2025-10-16T01:32:46+00:00","dateModified":"2025-10-30T02:04:36+00:00","breadcrumb":{"@id":"https:\/\/easystar.ee\/en\/toode\/neutral-tukiseep-sensitive-skin-100g-24tk-kast-m328501\/#breadcrumb"},"inLanguage":"en-US","potentialAction":[{"@type":"ReadAction","target":["https:\/\/easystar.ee\/en\/toode\/neutral-tukiseep-sensitive-skin-100g-24tk-kast-m328501\/"]}]},{"@type":"ImageObject","inLanguage":"en-US","@id":"https:\/\/easystar.ee\/en\/toode\/neutral-tukiseep-sensitive-skin-100g-24tk-kast-m328501\/#primaryimage","url":"https:\/\/easystar.ee\/wp-content\/uploads\/2025\/10\/8712561444439.jpg","contentUrl":"https:\/\/easystar.ee\/wp-content\/uploads\/2025\/10\/8712561444439.jpg","width":757,"height":431},{"@type":"BreadcrumbList","@id":"https:\/\/easystar.ee\/en\/toode\/neutral-tukiseep-sensitive-skin-100g-24tk-kast-m328501\/#breadcrumb","itemListElement":[{"@type":"ListItem","position":1,"name":"Home","item":"https:\/\/easystar.ee\/ru\/"},{"@type":"ListItem","position":2,"name":"Shop","item":"https:\/\/easystar.ee\/tooted\/"},{"@type":"ListItem","position":3,"name":"Neutral t\u00fckiseep Sensitive Skin 100g 24tk\/kast M328501"}]},{"@type":"WebSite","@id":"https:\/\/easystar.ee\/#website","url":"https:\/\/easystar.ee\/","name":"Easystar.ee","description":"","publisher":{"@id":"https:\/\/easystar.ee\/#organization"},"alternateName":"Keskkonnas\u00f5bralikud pehmepaberitooted teie kontorisse","potentialAction":[{"@type":"SearchAction","target":{"@type":"EntryPoint","urlTemplate":"https:\/\/easystar.ee\/?s={search_term_string}"},"query-input":{"@type":"PropertyValueSpecification","valueRequired":true,"valueName":"search_term_string"}}],"inLanguage":"en-US"},{"@type":"Organization","@id":"https:\/\/easystar.ee\/#organization","name":"Easy Star O\u00dc","url":"https:\/\/easystar.ee\/","logo":{"@type":"ImageObject","inLanguage":"en-US","@id":"https:\/\/easystar.ee\/#\/schema\/logo\/image\/","url":"https:\/\/easystar.ee\/wp-content\/uploads\/2024\/03\/easystar-logo.svg","contentUrl":"https:\/\/easystar.ee\/wp-content\/uploads\/2024\/03\/easystar-logo.svg","width":2000,"height":2000,"caption":"Easy Star O\u00dc"},"image":{"@id":"https:\/\/easystar.ee\/#\/schema\/logo\/image\/"}}]}},"_links":{"self":[{"href":"https:\/\/easystar.ee\/en\/wp-json\/wp\/v2\/product\/63668","targetHints":{"allow":["GET"]}}],"collection":[{"href":"https:\/\/easystar.ee\/en\/wp-json\/wp\/v2\/product"}],"about":[{"href":"https:\/\/easystar.ee\/en\/wp-json\/wp\/v2\/types\/product"}],"wp:featuredmedia":[{"embeddable":true,"href":"https:\/\/easystar.ee\/en\/wp-json\/wp\/v2\/media\/63666"}],"wp:attachment":[{"href":"https:\/\/easystar.ee\/en\/wp-json\/wp\/v2\/media?parent=63668"}],"wp:term":[{"taxonomy":"product_brand","embeddable":true,"href":"https:\/\/easystar.ee\/en\/wp-json\/wp\/v2\/product_brand?post=63668"},{"taxonomy":"product_cat","embeddable":true,"href":"https:\/\/easystar.ee\/en\/wp-json\/wp\/v2\/product_cat?post=63668"},{"taxonomy":"product_tag","embeddable":true,"href":"https:\/\/easystar.ee\/en\/wp-json\/wp\/v2\/product_tag?post=63668"}],"curies":[{"name":"wp","href":"https:\/\/api.w.org\/{rel}","templated":true}]}}