{"id":62934,"date":"2025-09-18T01:30:05","date_gmt":"2025-09-18T01:30:05","guid":{"rendered":"https:\/\/easystar.ee\/toode\/kaetugi-500mm-fikseeritud-valge-metall-ds32uu5sswb\/"},"modified":"2025-10-30T02:05:32","modified_gmt":"2025-10-30T02:05:32","slug":"kaetugi-500mm-fikseeritud-valge-metall-ds32uu5sswb","status":"publish","type":"product","link":"https:\/\/easystar.ee\/en\/toode\/kaetugi-500mm-fikseeritud-valge-metall-ds32uu5sswb\/","title":{"rendered":"K\u00e4etugi 500mm fikseeritud valge metall DS32UU5SSWB"},"content":{"rendered":"","protected":false},"excerpt":{"rendered":"<p>Materjal: S\u00fcsinikteras<br \/>\nViimistlus: Valge epoks\u00fcv\u00e4rv<br \/>\nEpoks\u00fckatte paksus: 70\u00b5<br \/>\nK\u00e4sipuu kuju: Kaarjas<br \/>\nK\u00e4sipuu pikkus: 500 mm<br \/>\n\u00dcldm\u00f5\u00f5tmed: K\u00f5rgus 300 mm, pikkus 500 mm, s\u00fcgavus 100 mm<br \/>\nToru l\u00e4bim\u00f5\u00f5t: \u00d8 32<br \/>\nTerase paksus: 1,5 mm (toru), 3 mm (kronstein)<br \/>\nTeraselemendi \u00fchenduse t\u00fc\u00fcp: TIG-keevitus<br \/>\nMaksimaalne koormus: 120 kg<br \/>\nPaigaldus: 6 kruviga, seinale kinnitatav<br \/>\nKinnituskruvide aukude l\u00e4bim\u00f5\u00f5t: \u00d8 6,5<br \/>\nKruvid: 6 roostevabast terasest kruvi (5 mm x 60 mm)<br \/>\nPaisumiskorgid: 6 nailonist korki (8 mm x 50 mm)<br \/>\nKarbi m\u00f5\u00f5tmed 1 tk: K\u00f5rgus 340 mm, laius 550 mm, s\u00fcgavus 140 mm<br \/>\nK\u00e4sipuu kaal: 2,3 kg<br \/>\nKarbi kaal 1 tk: 2,5 kg<\/p>\n","protected":false},"featured_media":62929,"template":"","meta":{"_acf_changed":false},"product_brand":[],"product_cat":[1814,2016],"product_tag":[],"class_list":{"0":"post-62934","1":"product","2":"type-product","3":"status-publish","4":"has-post-thumbnail","6":"product_cat-dispensers","7":"product_cat-invatooted-ja-mahkimislauad-en","9":"first","10":"outofstock","11":"taxable","12":"shipping-taxable","13":"purchasable","14":"product-type-simple"},"acf":[],"yoast_head":"<!-- This site is optimized with the Yoast SEO plugin v27.5 - https:\/\/yoast.com\/product\/yoast-seo-wordpress\/ -->\n<title>K\u00e4etugi 500mm fikseeritud valge metall DS32UU5SSWB &#8212; Easy Star O\u00dc<\/title>\n<meta name=\"robots\" content=\"index, follow, max-snippet:-1, max-image-preview:large, max-video-preview:-1\" \/>\n<link rel=\"canonical\" href=\"https:\/\/easystar.ee\/en\/toode\/kaetugi-500mm-fikseeritud-valge-metall-ds32uu5sswb\/\" \/>\n<meta property=\"og:locale\" content=\"en_US\" \/>\n<meta property=\"og:type\" content=\"article\" \/>\n<meta property=\"og:title\" content=\"K\u00e4etugi 500mm fikseeritud valge metall DS32UU5SSWB &#8212; Easy Star O\u00dc\" \/>\n<meta property=\"og:description\" content=\"Materjal: S\u00fcsinikteras Viimistlus: Valge epoks\u00fcv\u00e4rv Epoks\u00fckatte paksus: 70\u00b5 K\u00e4sipuu kuju: Kaarjas K\u00e4sipuu pikkus: 500 mm \u00dcldm\u00f5\u00f5tmed: K\u00f5rgus 300 mm, pikkus 500 mm, s\u00fcgavus 100 mm Toru l\u00e4bim\u00f5\u00f5t: \u00d8 32 Terase paksus: 1,5 mm (toru), 3 mm (kronstein) Teraselemendi \u00fchenduse t\u00fc\u00fcp: TIG-keevitus Maksimaalne koormus: 120 kg Paigaldus: 6 kruviga, seinale kinnitatav Kinnituskruvide aukude l\u00e4bim\u00f5\u00f5t: \u00d8 6,5 Kruvid: 6 roostevabast terasest kruvi (5 mm x 60 mm) Paisumiskorgid: 6 nailonist korki (8 mm x 50 mm) Karbi m\u00f5\u00f5tmed 1 tk: K\u00f5rgus 340 mm, laius 550 mm, s\u00fcgavus 140 mm K\u00e4sipuu kaal: 2,3 kg Karbi kaal 1 tk: 2,5 kg\" \/>\n<meta property=\"og:url\" content=\"https:\/\/easystar.ee\/en\/toode\/kaetugi-500mm-fikseeritud-valge-metall-ds32uu5sswb\/\" \/>\n<meta property=\"og:site_name\" content=\"Easy Star O\u00dc\" \/>\n<meta property=\"article:modified_time\" content=\"2025-10-30T02:05:32+00:00\" \/>\n<meta property=\"og:image\" content=\"https:\/\/easystar.ee\/wp-content\/uploads\/2025\/09\/s32uu5sswb.jpg\" \/>\n\t<meta property=\"og:image:width\" content=\"761\" \/>\n\t<meta property=\"og:image:height\" content=\"498\" \/>\n\t<meta property=\"og:image:type\" content=\"image\/jpeg\" \/>\n<meta name=\"twitter:card\" content=\"summary_large_image\" \/>\n<script type=\"application\/ld+json\" class=\"yoast-schema-graph\">{\"@context\":\"https:\\\/\\\/schema.org\",\"@graph\":[{\"@type\":\"WebPage\",\"@id\":\"https:\\\/\\\/easystar.ee\\\/en\\\/toode\\\/kaetugi-500mm-fikseeritud-valge-metall-ds32uu5sswb\\\/\",\"url\":\"https:\\\/\\\/easystar.ee\\\/en\\\/toode\\\/kaetugi-500mm-fikseeritud-valge-metall-ds32uu5sswb\\\/\",\"name\":\"K\u00e4etugi 500mm fikseeritud valge metall DS32UU5SSWB &#8212; Easy Star O\u00dc\",\"isPartOf\":{\"@id\":\"https:\\\/\\\/easystar.ee\\\/#website\"},\"primaryImageOfPage\":{\"@id\":\"https:\\\/\\\/easystar.ee\\\/en\\\/toode\\\/kaetugi-500mm-fikseeritud-valge-metall-ds32uu5sswb\\\/#primaryimage\"},\"image\":{\"@id\":\"https:\\\/\\\/easystar.ee\\\/en\\\/toode\\\/kaetugi-500mm-fikseeritud-valge-metall-ds32uu5sswb\\\/#primaryimage\"},\"thumbnailUrl\":\"https:\\\/\\\/easystar.ee\\\/wp-content\\\/uploads\\\/2025\\\/09\\\/s32uu5sswb.jpg\",\"datePublished\":\"2025-09-18T01:30:05+00:00\",\"dateModified\":\"2025-10-30T02:05:32+00:00\",\"breadcrumb\":{\"@id\":\"https:\\\/\\\/easystar.ee\\\/en\\\/toode\\\/kaetugi-500mm-fikseeritud-valge-metall-ds32uu5sswb\\\/#breadcrumb\"},\"inLanguage\":\"en-US\",\"potentialAction\":[{\"@type\":\"ReadAction\",\"target\":[\"https:\\\/\\\/easystar.ee\\\/en\\\/toode\\\/kaetugi-500mm-fikseeritud-valge-metall-ds32uu5sswb\\\/\"]}]},{\"@type\":\"ImageObject\",\"inLanguage\":\"en-US\",\"@id\":\"https:\\\/\\\/easystar.ee\\\/en\\\/toode\\\/kaetugi-500mm-fikseeritud-valge-metall-ds32uu5sswb\\\/#primaryimage\",\"url\":\"https:\\\/\\\/easystar.ee\\\/wp-content\\\/uploads\\\/2025\\\/09\\\/s32uu5sswb.jpg\",\"contentUrl\":\"https:\\\/\\\/easystar.ee\\\/wp-content\\\/uploads\\\/2025\\\/09\\\/s32uu5sswb.jpg\",\"width\":761,\"height\":498},{\"@type\":\"BreadcrumbList\",\"@id\":\"https:\\\/\\\/easystar.ee\\\/en\\\/toode\\\/kaetugi-500mm-fikseeritud-valge-metall-ds32uu5sswb\\\/#breadcrumb\",\"itemListElement\":[{\"@type\":\"ListItem\",\"position\":1,\"name\":\"Home\",\"item\":\"https:\\\/\\\/easystar.ee\\\/ru\\\/\"},{\"@type\":\"ListItem\",\"position\":2,\"name\":\"Shop\",\"item\":\"https:\\\/\\\/easystar.ee\\\/tooted\\\/\"},{\"@type\":\"ListItem\",\"position\":3,\"name\":\"K\u00e4etugi 500mm fikseeritud valge metall DS32UU5SSWB\"}]},{\"@type\":\"WebSite\",\"@id\":\"https:\\\/\\\/easystar.ee\\\/#website\",\"url\":\"https:\\\/\\\/easystar.ee\\\/\",\"name\":\"Easystar.ee\",\"description\":\"\",\"publisher\":{\"@id\":\"https:\\\/\\\/easystar.ee\\\/#organization\"},\"alternateName\":\"Keskkonnas\u00f5bralikud pehmepaberitooted teie kontorisse\",\"potentialAction\":[{\"@type\":\"SearchAction\",\"target\":{\"@type\":\"EntryPoint\",\"urlTemplate\":\"https:\\\/\\\/easystar.ee\\\/?s={search_term_string}\"},\"query-input\":{\"@type\":\"PropertyValueSpecification\",\"valueRequired\":true,\"valueName\":\"search_term_string\"}}],\"inLanguage\":\"en-US\"},{\"@type\":\"Organization\",\"@id\":\"https:\\\/\\\/easystar.ee\\\/#organization\",\"name\":\"Easy Star O\u00dc\",\"url\":\"https:\\\/\\\/easystar.ee\\\/\",\"logo\":{\"@type\":\"ImageObject\",\"inLanguage\":\"en-US\",\"@id\":\"https:\\\/\\\/easystar.ee\\\/#\\\/schema\\\/logo\\\/image\\\/\",\"url\":\"https:\\\/\\\/easystar.ee\\\/wp-content\\\/uploads\\\/2024\\\/03\\\/easystar-logo.svg\",\"contentUrl\":\"https:\\\/\\\/easystar.ee\\\/wp-content\\\/uploads\\\/2024\\\/03\\\/easystar-logo.svg\",\"width\":2000,\"height\":2000,\"caption\":\"Easy Star O\u00dc\"},\"image\":{\"@id\":\"https:\\\/\\\/easystar.ee\\\/#\\\/schema\\\/logo\\\/image\\\/\"}}]}<\/script>\n<!-- \/ Yoast SEO plugin. -->","yoast_head_json":{"title":"K\u00e4etugi 500mm fikseeritud valge metall DS32UU5SSWB &#8212; Easy Star O\u00dc","robots":{"index":"index","follow":"follow","max-snippet":"max-snippet:-1","max-image-preview":"max-image-preview:large","max-video-preview":"max-video-preview:-1"},"canonical":"https:\/\/easystar.ee\/en\/toode\/kaetugi-500mm-fikseeritud-valge-metall-ds32uu5sswb\/","og_locale":"en_US","og_type":"article","og_title":"K\u00e4etugi 500mm fikseeritud valge metall DS32UU5SSWB &#8212; Easy Star O\u00dc","og_description":"Materjal: S\u00fcsinikteras Viimistlus: Valge epoks\u00fcv\u00e4rv Epoks\u00fckatte paksus: 70\u00b5 K\u00e4sipuu kuju: Kaarjas K\u00e4sipuu pikkus: 500 mm \u00dcldm\u00f5\u00f5tmed: K\u00f5rgus 300 mm, pikkus 500 mm, s\u00fcgavus 100 mm Toru l\u00e4bim\u00f5\u00f5t: \u00d8 32 Terase paksus: 1,5 mm (toru), 3 mm (kronstein) Teraselemendi \u00fchenduse t\u00fc\u00fcp: TIG-keevitus Maksimaalne koormus: 120 kg Paigaldus: 6 kruviga, seinale kinnitatav Kinnituskruvide aukude l\u00e4bim\u00f5\u00f5t: \u00d8 6,5 Kruvid: 6 roostevabast terasest kruvi (5 mm x 60 mm) Paisumiskorgid: 6 nailonist korki (8 mm x 50 mm) Karbi m\u00f5\u00f5tmed 1 tk: K\u00f5rgus 340 mm, laius 550 mm, s\u00fcgavus 140 mm K\u00e4sipuu kaal: 2,3 kg Karbi kaal 1 tk: 2,5 kg","og_url":"https:\/\/easystar.ee\/en\/toode\/kaetugi-500mm-fikseeritud-valge-metall-ds32uu5sswb\/","og_site_name":"Easy Star O\u00dc","article_modified_time":"2025-10-30T02:05:32+00:00","og_image":[{"width":761,"height":498,"url":"https:\/\/easystar.ee\/wp-content\/uploads\/2025\/09\/s32uu5sswb.jpg","type":"image\/jpeg"}],"twitter_card":"summary_large_image","schema":{"@context":"https:\/\/schema.org","@graph":[{"@type":"WebPage","@id":"https:\/\/easystar.ee\/en\/toode\/kaetugi-500mm-fikseeritud-valge-metall-ds32uu5sswb\/","url":"https:\/\/easystar.ee\/en\/toode\/kaetugi-500mm-fikseeritud-valge-metall-ds32uu5sswb\/","name":"K\u00e4etugi 500mm fikseeritud valge metall DS32UU5SSWB &#8212; Easy Star O\u00dc","isPartOf":{"@id":"https:\/\/easystar.ee\/#website"},"primaryImageOfPage":{"@id":"https:\/\/easystar.ee\/en\/toode\/kaetugi-500mm-fikseeritud-valge-metall-ds32uu5sswb\/#primaryimage"},"image":{"@id":"https:\/\/easystar.ee\/en\/toode\/kaetugi-500mm-fikseeritud-valge-metall-ds32uu5sswb\/#primaryimage"},"thumbnailUrl":"https:\/\/easystar.ee\/wp-content\/uploads\/2025\/09\/s32uu5sswb.jpg","datePublished":"2025-09-18T01:30:05+00:00","dateModified":"2025-10-30T02:05:32+00:00","breadcrumb":{"@id":"https:\/\/easystar.ee\/en\/toode\/kaetugi-500mm-fikseeritud-valge-metall-ds32uu5sswb\/#breadcrumb"},"inLanguage":"en-US","potentialAction":[{"@type":"ReadAction","target":["https:\/\/easystar.ee\/en\/toode\/kaetugi-500mm-fikseeritud-valge-metall-ds32uu5sswb\/"]}]},{"@type":"ImageObject","inLanguage":"en-US","@id":"https:\/\/easystar.ee\/en\/toode\/kaetugi-500mm-fikseeritud-valge-metall-ds32uu5sswb\/#primaryimage","url":"https:\/\/easystar.ee\/wp-content\/uploads\/2025\/09\/s32uu5sswb.jpg","contentUrl":"https:\/\/easystar.ee\/wp-content\/uploads\/2025\/09\/s32uu5sswb.jpg","width":761,"height":498},{"@type":"BreadcrumbList","@id":"https:\/\/easystar.ee\/en\/toode\/kaetugi-500mm-fikseeritud-valge-metall-ds32uu5sswb\/#breadcrumb","itemListElement":[{"@type":"ListItem","position":1,"name":"Home","item":"https:\/\/easystar.ee\/ru\/"},{"@type":"ListItem","position":2,"name":"Shop","item":"https:\/\/easystar.ee\/tooted\/"},{"@type":"ListItem","position":3,"name":"K\u00e4etugi 500mm fikseeritud valge metall DS32UU5SSWB"}]},{"@type":"WebSite","@id":"https:\/\/easystar.ee\/#website","url":"https:\/\/easystar.ee\/","name":"Easystar.ee","description":"","publisher":{"@id":"https:\/\/easystar.ee\/#organization"},"alternateName":"Keskkonnas\u00f5bralikud pehmepaberitooted teie kontorisse","potentialAction":[{"@type":"SearchAction","target":{"@type":"EntryPoint","urlTemplate":"https:\/\/easystar.ee\/?s={search_term_string}"},"query-input":{"@type":"PropertyValueSpecification","valueRequired":true,"valueName":"search_term_string"}}],"inLanguage":"en-US"},{"@type":"Organization","@id":"https:\/\/easystar.ee\/#organization","name":"Easy Star O\u00dc","url":"https:\/\/easystar.ee\/","logo":{"@type":"ImageObject","inLanguage":"en-US","@id":"https:\/\/easystar.ee\/#\/schema\/logo\/image\/","url":"https:\/\/easystar.ee\/wp-content\/uploads\/2024\/03\/easystar-logo.svg","contentUrl":"https:\/\/easystar.ee\/wp-content\/uploads\/2024\/03\/easystar-logo.svg","width":2000,"height":2000,"caption":"Easy Star O\u00dc"},"image":{"@id":"https:\/\/easystar.ee\/#\/schema\/logo\/image\/"}}]}},"_links":{"self":[{"href":"https:\/\/easystar.ee\/en\/wp-json\/wp\/v2\/product\/62934","targetHints":{"allow":["GET"]}}],"collection":[{"href":"https:\/\/easystar.ee\/en\/wp-json\/wp\/v2\/product"}],"about":[{"href":"https:\/\/easystar.ee\/en\/wp-json\/wp\/v2\/types\/product"}],"wp:featuredmedia":[{"embeddable":true,"href":"https:\/\/easystar.ee\/en\/wp-json\/wp\/v2\/media\/62929"}],"wp:attachment":[{"href":"https:\/\/easystar.ee\/en\/wp-json\/wp\/v2\/media?parent=62934"}],"wp:term":[{"taxonomy":"product_brand","embeddable":true,"href":"https:\/\/easystar.ee\/en\/wp-json\/wp\/v2\/product_brand?post=62934"},{"taxonomy":"product_cat","embeddable":true,"href":"https:\/\/easystar.ee\/en\/wp-json\/wp\/v2\/product_cat?post=62934"},{"taxonomy":"product_tag","embeddable":true,"href":"https:\/\/easystar.ee\/en\/wp-json\/wp\/v2\/product_tag?post=62934"}],"curies":[{"name":"wp","href":"https:\/\/api.w.org\/{rel}","templated":true}]}}