{"id":62714,"date":"2025-09-04T01:30:10","date_gmt":"2025-09-04T01:30:10","guid":{"rendered":"https:\/\/easystar.ee\/toode\/zone-rim-dusiriiul-22x11-4x9cm-must-d276836\/"},"modified":"2025-10-30T02:04:43","modified_gmt":"2025-10-30T02:04:43","slug":"zone-rim-dusiriiul-22x11-4x9cm-must-d276836","status":"publish","type":"product","link":"https:\/\/easystar.ee\/en\/toode\/zone-rim-dusiriiul-22x11-4x9cm-must-d276836\/","title":{"rendered":"Zone Rim du\u0161iriiul 22&#215;11.4x9cm must D276836"},"content":{"rendered":"","protected":false},"excerpt":{"rendered":"<p>Zone Denmarki Rim du\u0161i- ja vannitoariiul pakub teie du\u0161iruumis stiilset funktsionaalsust. S\u00fcgavat du\u0161iriiulit saab optimaalselt kasutada \u0161ampoonide ja muu sellise jaoks. Ka valamu k\u00f5rval pakub Zone Denmarki seinariiul piisavalt ruumi hambaharja, habemenuga, deodorandi ja meigi jaoks. Riiuli seinakinnitused on nutikalt peidetud, nii et tekib mulje, nagu riiul h\u00f5ljuks \u00f5hus. Riiuli puhastamine on t\u00e4nu p\u00f5hja eemaldamisele v\u00e4ga lihtne. Du\u0161iriiul on valmistatud pulberv\u00e4rvitud alumiiniumist.<br \/>\nRiiuli suurus 22 x 11,4 x 9 cm<br \/>\nToote spetsiifilised kasutusalad: Vannituba, \u0161ampoon, du\u0161\u0161<br \/>\nKaal: 500g<\/p>\n","protected":false},"featured_media":62712,"template":"","meta":{"_acf_changed":false},"product_brand":[],"product_cat":[1814,1961],"product_tag":[],"class_list":{"0":"post-62714","1":"product","2":"type-product","3":"status-publish","4":"has-post-thumbnail","6":"product_cat-dispensers","7":"product_cat-holders-and-racks","9":"first","10":"outofstock","11":"taxable","12":"shipping-taxable","13":"purchasable","14":"product-type-simple"},"acf":[],"yoast_head":"<!-- This site is optimized with the Yoast SEO plugin v27.5 - https:\/\/yoast.com\/product\/yoast-seo-wordpress\/ -->\n<title>Zone Rim du\u0161iriiul 22x11.4x9cm must D276836 &#8212; Easy Star O\u00dc<\/title>\n<meta name=\"robots\" content=\"index, follow, max-snippet:-1, max-image-preview:large, max-video-preview:-1\" \/>\n<link rel=\"canonical\" href=\"https:\/\/easystar.ee\/en\/toode\/zone-rim-dusiriiul-22x11-4x9cm-must-d276836\/\" \/>\n<meta property=\"og:locale\" content=\"en_US\" \/>\n<meta property=\"og:type\" content=\"article\" \/>\n<meta property=\"og:title\" content=\"Zone Rim du\u0161iriiul 22x11.4x9cm must D276836 &#8212; Easy Star O\u00dc\" \/>\n<meta property=\"og:description\" content=\"Zone Denmarki Rim du\u0161i- ja vannitoariiul pakub teie du\u0161iruumis stiilset funktsionaalsust. S\u00fcgavat du\u0161iriiulit saab optimaalselt kasutada \u0161ampoonide ja muu sellise jaoks. Ka valamu k\u00f5rval pakub Zone Denmarki seinariiul piisavalt ruumi hambaharja, habemenuga, deodorandi ja meigi jaoks. Riiuli seinakinnitused on nutikalt peidetud, nii et tekib mulje, nagu riiul h\u00f5ljuks \u00f5hus. Riiuli puhastamine on t\u00e4nu p\u00f5hja eemaldamisele v\u00e4ga lihtne. Du\u0161iriiul on valmistatud pulberv\u00e4rvitud alumiiniumist. Riiuli suurus 22 x 11,4 x 9 cm Toote spetsiifilised kasutusalad: Vannituba, \u0161ampoon, du\u0161\u0161 Kaal: 500g\" \/>\n<meta property=\"og:url\" content=\"https:\/\/easystar.ee\/en\/toode\/zone-rim-dusiriiul-22x11-4x9cm-must-d276836\/\" \/>\n<meta property=\"og:site_name\" content=\"Easy Star O\u00dc\" \/>\n<meta property=\"article:modified_time\" content=\"2025-10-30T02:04:43+00:00\" \/>\n<meta property=\"og:image\" content=\"https:\/\/easystar.ee\/wp-content\/uploads\/2025\/09\/zone_rim_dus__iriiul_22x114x9cm_must.jpg\" \/>\n\t<meta property=\"og:image:width\" content=\"956\" \/>\n\t<meta property=\"og:image:height\" content=\"637\" \/>\n\t<meta property=\"og:image:type\" content=\"image\/jpeg\" \/>\n<meta name=\"twitter:card\" content=\"summary_large_image\" \/>\n<script type=\"application\/ld+json\" class=\"yoast-schema-graph\">{\"@context\":\"https:\\\/\\\/schema.org\",\"@graph\":[{\"@type\":\"WebPage\",\"@id\":\"https:\\\/\\\/easystar.ee\\\/en\\\/toode\\\/zone-rim-dusiriiul-22x11-4x9cm-must-d276836\\\/\",\"url\":\"https:\\\/\\\/easystar.ee\\\/en\\\/toode\\\/zone-rim-dusiriiul-22x11-4x9cm-must-d276836\\\/\",\"name\":\"Zone Rim du\u0161iriiul 22x11.4x9cm must D276836 &#8212; Easy Star O\u00dc\",\"isPartOf\":{\"@id\":\"https:\\\/\\\/easystar.ee\\\/#website\"},\"primaryImageOfPage\":{\"@id\":\"https:\\\/\\\/easystar.ee\\\/en\\\/toode\\\/zone-rim-dusiriiul-22x11-4x9cm-must-d276836\\\/#primaryimage\"},\"image\":{\"@id\":\"https:\\\/\\\/easystar.ee\\\/en\\\/toode\\\/zone-rim-dusiriiul-22x11-4x9cm-must-d276836\\\/#primaryimage\"},\"thumbnailUrl\":\"https:\\\/\\\/easystar.ee\\\/wp-content\\\/uploads\\\/2025\\\/09\\\/zone_rim_dus__iriiul_22x114x9cm_must.jpg\",\"datePublished\":\"2025-09-04T01:30:10+00:00\",\"dateModified\":\"2025-10-30T02:04:43+00:00\",\"breadcrumb\":{\"@id\":\"https:\\\/\\\/easystar.ee\\\/en\\\/toode\\\/zone-rim-dusiriiul-22x11-4x9cm-must-d276836\\\/#breadcrumb\"},\"inLanguage\":\"en-US\",\"potentialAction\":[{\"@type\":\"ReadAction\",\"target\":[\"https:\\\/\\\/easystar.ee\\\/en\\\/toode\\\/zone-rim-dusiriiul-22x11-4x9cm-must-d276836\\\/\"]}]},{\"@type\":\"ImageObject\",\"inLanguage\":\"en-US\",\"@id\":\"https:\\\/\\\/easystar.ee\\\/en\\\/toode\\\/zone-rim-dusiriiul-22x11-4x9cm-must-d276836\\\/#primaryimage\",\"url\":\"https:\\\/\\\/easystar.ee\\\/wp-content\\\/uploads\\\/2025\\\/09\\\/zone_rim_dus__iriiul_22x114x9cm_must.jpg\",\"contentUrl\":\"https:\\\/\\\/easystar.ee\\\/wp-content\\\/uploads\\\/2025\\\/09\\\/zone_rim_dus__iriiul_22x114x9cm_must.jpg\",\"width\":956,\"height\":637},{\"@type\":\"BreadcrumbList\",\"@id\":\"https:\\\/\\\/easystar.ee\\\/en\\\/toode\\\/zone-rim-dusiriiul-22x11-4x9cm-must-d276836\\\/#breadcrumb\",\"itemListElement\":[{\"@type\":\"ListItem\",\"position\":1,\"name\":\"Home\",\"item\":\"https:\\\/\\\/easystar.ee\\\/ru\\\/\"},{\"@type\":\"ListItem\",\"position\":2,\"name\":\"Shop\",\"item\":\"https:\\\/\\\/easystar.ee\\\/tooted\\\/\"},{\"@type\":\"ListItem\",\"position\":3,\"name\":\"Zone Rim du\u0161iriiul 22&#215;11.4x9cm must D276836\"}]},{\"@type\":\"WebSite\",\"@id\":\"https:\\\/\\\/easystar.ee\\\/#website\",\"url\":\"https:\\\/\\\/easystar.ee\\\/\",\"name\":\"Easystar.ee\",\"description\":\"\",\"publisher\":{\"@id\":\"https:\\\/\\\/easystar.ee\\\/#organization\"},\"alternateName\":\"Keskkonnas\u00f5bralikud pehmepaberitooted teie kontorisse\",\"potentialAction\":[{\"@type\":\"SearchAction\",\"target\":{\"@type\":\"EntryPoint\",\"urlTemplate\":\"https:\\\/\\\/easystar.ee\\\/?s={search_term_string}\"},\"query-input\":{\"@type\":\"PropertyValueSpecification\",\"valueRequired\":true,\"valueName\":\"search_term_string\"}}],\"inLanguage\":\"en-US\"},{\"@type\":\"Organization\",\"@id\":\"https:\\\/\\\/easystar.ee\\\/#organization\",\"name\":\"Easy Star O\u00dc\",\"url\":\"https:\\\/\\\/easystar.ee\\\/\",\"logo\":{\"@type\":\"ImageObject\",\"inLanguage\":\"en-US\",\"@id\":\"https:\\\/\\\/easystar.ee\\\/#\\\/schema\\\/logo\\\/image\\\/\",\"url\":\"https:\\\/\\\/easystar.ee\\\/wp-content\\\/uploads\\\/2024\\\/03\\\/easystar-logo.svg\",\"contentUrl\":\"https:\\\/\\\/easystar.ee\\\/wp-content\\\/uploads\\\/2024\\\/03\\\/easystar-logo.svg\",\"width\":2000,\"height\":2000,\"caption\":\"Easy Star O\u00dc\"},\"image\":{\"@id\":\"https:\\\/\\\/easystar.ee\\\/#\\\/schema\\\/logo\\\/image\\\/\"}}]}<\/script>\n<!-- \/ Yoast SEO plugin. -->","yoast_head_json":{"title":"Zone Rim du\u0161iriiul 22x11.4x9cm must D276836 &#8212; Easy Star O\u00dc","robots":{"index":"index","follow":"follow","max-snippet":"max-snippet:-1","max-image-preview":"max-image-preview:large","max-video-preview":"max-video-preview:-1"},"canonical":"https:\/\/easystar.ee\/en\/toode\/zone-rim-dusiriiul-22x11-4x9cm-must-d276836\/","og_locale":"en_US","og_type":"article","og_title":"Zone Rim du\u0161iriiul 22x11.4x9cm must D276836 &#8212; Easy Star O\u00dc","og_description":"Zone Denmarki Rim du\u0161i- ja vannitoariiul pakub teie du\u0161iruumis stiilset funktsionaalsust. S\u00fcgavat du\u0161iriiulit saab optimaalselt kasutada \u0161ampoonide ja muu sellise jaoks. Ka valamu k\u00f5rval pakub Zone Denmarki seinariiul piisavalt ruumi hambaharja, habemenuga, deodorandi ja meigi jaoks. Riiuli seinakinnitused on nutikalt peidetud, nii et tekib mulje, nagu riiul h\u00f5ljuks \u00f5hus. Riiuli puhastamine on t\u00e4nu p\u00f5hja eemaldamisele v\u00e4ga lihtne. Du\u0161iriiul on valmistatud pulberv\u00e4rvitud alumiiniumist. Riiuli suurus 22 x 11,4 x 9 cm Toote spetsiifilised kasutusalad: Vannituba, \u0161ampoon, du\u0161\u0161 Kaal: 500g","og_url":"https:\/\/easystar.ee\/en\/toode\/zone-rim-dusiriiul-22x11-4x9cm-must-d276836\/","og_site_name":"Easy Star O\u00dc","article_modified_time":"2025-10-30T02:04:43+00:00","og_image":[{"width":956,"height":637,"url":"https:\/\/easystar.ee\/wp-content\/uploads\/2025\/09\/zone_rim_dus__iriiul_22x114x9cm_must.jpg","type":"image\/jpeg"}],"twitter_card":"summary_large_image","schema":{"@context":"https:\/\/schema.org","@graph":[{"@type":"WebPage","@id":"https:\/\/easystar.ee\/en\/toode\/zone-rim-dusiriiul-22x11-4x9cm-must-d276836\/","url":"https:\/\/easystar.ee\/en\/toode\/zone-rim-dusiriiul-22x11-4x9cm-must-d276836\/","name":"Zone Rim du\u0161iriiul 22x11.4x9cm must D276836 &#8212; Easy Star O\u00dc","isPartOf":{"@id":"https:\/\/easystar.ee\/#website"},"primaryImageOfPage":{"@id":"https:\/\/easystar.ee\/en\/toode\/zone-rim-dusiriiul-22x11-4x9cm-must-d276836\/#primaryimage"},"image":{"@id":"https:\/\/easystar.ee\/en\/toode\/zone-rim-dusiriiul-22x11-4x9cm-must-d276836\/#primaryimage"},"thumbnailUrl":"https:\/\/easystar.ee\/wp-content\/uploads\/2025\/09\/zone_rim_dus__iriiul_22x114x9cm_must.jpg","datePublished":"2025-09-04T01:30:10+00:00","dateModified":"2025-10-30T02:04:43+00:00","breadcrumb":{"@id":"https:\/\/easystar.ee\/en\/toode\/zone-rim-dusiriiul-22x11-4x9cm-must-d276836\/#breadcrumb"},"inLanguage":"en-US","potentialAction":[{"@type":"ReadAction","target":["https:\/\/easystar.ee\/en\/toode\/zone-rim-dusiriiul-22x11-4x9cm-must-d276836\/"]}]},{"@type":"ImageObject","inLanguage":"en-US","@id":"https:\/\/easystar.ee\/en\/toode\/zone-rim-dusiriiul-22x11-4x9cm-must-d276836\/#primaryimage","url":"https:\/\/easystar.ee\/wp-content\/uploads\/2025\/09\/zone_rim_dus__iriiul_22x114x9cm_must.jpg","contentUrl":"https:\/\/easystar.ee\/wp-content\/uploads\/2025\/09\/zone_rim_dus__iriiul_22x114x9cm_must.jpg","width":956,"height":637},{"@type":"BreadcrumbList","@id":"https:\/\/easystar.ee\/en\/toode\/zone-rim-dusiriiul-22x11-4x9cm-must-d276836\/#breadcrumb","itemListElement":[{"@type":"ListItem","position":1,"name":"Home","item":"https:\/\/easystar.ee\/ru\/"},{"@type":"ListItem","position":2,"name":"Shop","item":"https:\/\/easystar.ee\/tooted\/"},{"@type":"ListItem","position":3,"name":"Zone Rim du\u0161iriiul 22&#215;11.4x9cm must D276836"}]},{"@type":"WebSite","@id":"https:\/\/easystar.ee\/#website","url":"https:\/\/easystar.ee\/","name":"Easystar.ee","description":"","publisher":{"@id":"https:\/\/easystar.ee\/#organization"},"alternateName":"Keskkonnas\u00f5bralikud pehmepaberitooted teie kontorisse","potentialAction":[{"@type":"SearchAction","target":{"@type":"EntryPoint","urlTemplate":"https:\/\/easystar.ee\/?s={search_term_string}"},"query-input":{"@type":"PropertyValueSpecification","valueRequired":true,"valueName":"search_term_string"}}],"inLanguage":"en-US"},{"@type":"Organization","@id":"https:\/\/easystar.ee\/#organization","name":"Easy Star O\u00dc","url":"https:\/\/easystar.ee\/","logo":{"@type":"ImageObject","inLanguage":"en-US","@id":"https:\/\/easystar.ee\/#\/schema\/logo\/image\/","url":"https:\/\/easystar.ee\/wp-content\/uploads\/2024\/03\/easystar-logo.svg","contentUrl":"https:\/\/easystar.ee\/wp-content\/uploads\/2024\/03\/easystar-logo.svg","width":2000,"height":2000,"caption":"Easy Star O\u00dc"},"image":{"@id":"https:\/\/easystar.ee\/#\/schema\/logo\/image\/"}}]}},"_links":{"self":[{"href":"https:\/\/easystar.ee\/en\/wp-json\/wp\/v2\/product\/62714","targetHints":{"allow":["GET"]}}],"collection":[{"href":"https:\/\/easystar.ee\/en\/wp-json\/wp\/v2\/product"}],"about":[{"href":"https:\/\/easystar.ee\/en\/wp-json\/wp\/v2\/types\/product"}],"wp:featuredmedia":[{"embeddable":true,"href":"https:\/\/easystar.ee\/en\/wp-json\/wp\/v2\/media\/62712"}],"wp:attachment":[{"href":"https:\/\/easystar.ee\/en\/wp-json\/wp\/v2\/media?parent=62714"}],"wp:term":[{"taxonomy":"product_brand","embeddable":true,"href":"https:\/\/easystar.ee\/en\/wp-json\/wp\/v2\/product_brand?post=62714"},{"taxonomy":"product_cat","embeddable":true,"href":"https:\/\/easystar.ee\/en\/wp-json\/wp\/v2\/product_cat?post=62714"},{"taxonomy":"product_tag","embeddable":true,"href":"https:\/\/easystar.ee\/en\/wp-json\/wp\/v2\/product_tag?post=62714"}],"curies":[{"name":"wp","href":"https:\/\/api.w.org\/{rel}","templated":true}]}}